{"id":82326,"date":"2026-03-12T12:45:17","date_gmt":"2026-03-12T10:45:17","guid":{"rendered":"https:\/\/shop.torricantine.com\/?post_type=product&#038;p=82326"},"modified":"2026-03-12T12:44:20","modified_gmt":"2026-03-12T10:44:20","slug":"die-besten-rotweine-10-flaschen-paket","status":"publish","type":"product","link":"https:\/\/shop.torricantine.com\/de\/produkt\/die-besten-rotweine-10-flaschen-paket\/","title":{"rendered":"Die besten Rotweine \u2013 10-Flaschen-Paket"},"content":{"rendered":"<p data-start=\"4682\" data-end=\"5052\">Entdecken Sie das Bundle <strong data-start=\"4733\" data-end=\"4768\">Die besten Rotweine in Flaschen<\/strong> von Torri Cantine, eine exklusive Auswahl f\u00fcr alle, die hochwertige italienische Rotweine f\u00fcr besondere Anl\u00e4sse suchen. Dieses Angebot eignet sich ideal f\u00fcr <strong data-start=\"4926\" data-end=\"4936\">Ostern<\/strong>, Familienessen, den <strong data-start=\"4957\" data-end=\"4969\">Vatertag<\/strong> oder um sich mit charaktervollen Rotweinen zu einem attraktiven Preis einzudecken.<\/p>\n<p data-start=\"5054\" data-end=\"5470\">Das Bundle enth\u00e4lt 10 sorgf\u00e4ltig ausgew\u00e4hlte Flaschen: <strong data-start=\"5109\" data-end=\"5127\">Sottovento DOC<\/strong>, <strong data-start=\"5129\" data-end=\"5155\">Sottovento DOC Riserva<\/strong>, <strong data-start=\"5157\" data-end=\"5171\">Bak\u00e1n DOCG<\/strong>, <strong data-start=\"5173\" data-end=\"5187\">Turan DOCG<\/strong>, <strong data-start=\"5189\" data-end=\"5211\">Turan DOCG Riserva<\/strong>, <strong data-start=\"5213\" data-end=\"5240\">Rosarubra Montepulciano<\/strong> und <strong data-start=\"5245\" data-end=\"5259\">Intimo IGT<\/strong>. Im Mittelpunkt steht der <strong data-start=\"5286\" data-end=\"5317\">Montepulciano d\u2019Abruzzo DOC<\/strong>, einer der bekanntesten Rotweine aus Italien, erg\u00e4nzt durch strukturierte, intensive und authentische Weine sowie die besondere Note von <strong data-start=\"5455\" data-end=\"5469\">Intimo IGT<\/strong>.<\/p>\n<p data-start=\"5472\" data-end=\"5851\">Dieses <strong data-start=\"5479\" data-end=\"5509\">Rotwein-Bundle in Flaschen<\/strong> ist ideal f\u00fcr alle, die eine vielseitige Auswahl an <strong data-start=\"5562\" data-end=\"5592\">Rotweinen aus den Abruzzen<\/strong>suchen. Es passt hervorragend zu Braten, kr\u00e4ftigen Pastagerichten, festlichen Men\u00fcs und geselligen Anl\u00e4ssen. Gleichzeitig ist es eine praktische M\u00f6glichkeit, <strong data-start=\"5751\" data-end=\"5778\">Montepulciano d\u2019Abruzzo<\/strong>, <strong data-start=\"5780\" data-end=\"5816\">DOC-, DOCG- und IGT-Weine online<\/strong> in einem einzigen Paket zu kaufen.<\/p>\n<p data-start=\"5853\" data-end=\"5972\">Der Gesamtwert der Auswahl betr\u00e4gt <strong data-start=\"5888\" data-end=\"5897\">212 \u20ac<\/strong>, das Bundle ist jedoch aktuell zum Sonderpreis von <strong data-start=\"5949\" data-end=\"5960\">79,90 \u20ac<\/strong> erh\u00e4ltlich.<\/p>\n","protected":false},"excerpt":{"rendered":"<p>Entdecken Sie das Bundle Die besten Rotweine in Flaschen von Torri Cantine, eine exklusive Auswahl f\u00fcr alle, die hochwertige italienische Rotweine f\u00fcr besondere Anl\u00e4sse suchen. Dieses Angebot eignet sich ideal f\u00fcr Ostern, Familienessen, den Vatertag oder um sich mit charaktervollen Rotweinen zu einem attraktiven Preis einzudecken. Das Bundle enth\u00e4lt 10 sorgf\u00e4ltig ausgew\u00e4hlte Flaschen: Sottovento DOC, [&#8230;]\n","protected":false},"featured_media":82323,"comment_status":"closed","ping_status":"closed","template":"","meta":[],"product_brand":[],"product_cat":[176,174,177],"product_tag":[],"class_list":{"0":"post-82326","1":"product","2":"type-product","3":"status-publish","4":"has-post-thumbnail","6":"product_cat-aktionen","7":"product_cat-angebote","8":"product_cat-rotweine","10":"first","11":"instock","12":"sale","13":"virtual","14":"taxable","15":"purchasable","16":"product-type-bundle"},"bundled_by":[],"bundle_stock_status":"instock","bundle_stock_quantity":"","bundle_virtual":false,"bundle_layout":"default","bundle_add_to_cart_form_location":"default","bundle_editable_in_cart":false,"bundle_sold_individually_context":"product","bundle_item_grouping":"parent","bundle_min_size":10,"bundle_max_size":10,"bundle_price":{"price":{"min":{"incl_tax":"79.9","excl_tax":"79.9"},"max":{"incl_tax":"79.9","excl_tax":"79.9"}},"regular_price":{"min":{"incl_tax":"212","excl_tax":"212"},"max":{"incl_tax":"212","excl_tax":"212"}}},"bundled_items":[{"bundled_item_id":762,"product_id":26132,"menu_order":0,"quantity_min":1,"quantity_max":1,"quantity_default":1,"priced_individually":false,"shipped_individually":false,"override_title":false,"title":"Sottovento Montepulciano d\u2019Abruzzo DOC Bio-Rotwein 0,75L","override_description":true,"description":"","optional":false,"hide_thumbnail":false,"discount":"","override_variations":false,"allowed_variations":[""],"override_default_variation_attributes":false,"default_variation_attributes":[],"single_product_visibility":"visible","cart_visibility":"hidden","order_visibility":"visible","single_product_price_visibility":"visible","cart_price_visibility":"visible","order_price_visibility":"visible","stock_status":"in_stock"},{"bundled_item_id":763,"product_id":40914,"menu_order":1,"quantity_min":1,"quantity_max":1,"quantity_default":1,"priced_individually":false,"shipped_individually":false,"override_title":false,"title":"Torri Montepulciano d&rsquo;Abruzzo DOC Sottovento R\u00e9serve 0,75L Rotwein","override_description":true,"description":"","optional":false,"hide_thumbnail":false,"discount":"","override_variations":false,"allowed_variations":[""],"override_default_variation_attributes":false,"default_variation_attributes":[],"single_product_visibility":"visible","cart_visibility":"hidden","order_visibility":"visible","single_product_price_visibility":"visible","cart_price_visibility":"visible","order_price_visibility":"visible","stock_status":"in_stock"},{"bundled_item_id":764,"product_id":68752,"menu_order":2,"quantity_min":2,"quantity_max":2,"quantity_default":2,"priced_individually":false,"shipped_individually":false,"override_title":false,"title":"Torri Bak\u00e1n Montepulciano D&rsquo;Abruzzo DOCG 0,75L","override_description":true,"description":"","optional":false,"hide_thumbnail":false,"discount":"","override_variations":false,"allowed_variations":[""],"override_default_variation_attributes":false,"default_variation_attributes":[],"single_product_visibility":"visible","cart_visibility":"hidden","order_visibility":"visible","single_product_price_visibility":"visible","cart_price_visibility":"visible","order_price_visibility":"visible","stock_status":"in_stock"},{"bundled_item_id":765,"product_id":26019,"menu_order":3,"quantity_min":1,"quantity_max":1,"quantity_default":1,"priced_individually":false,"shipped_individually":false,"override_title":false,"title":"Turan Montepulciano d&rsquo;Abruzzo DOCG 0,75L Rotwein","override_description":true,"description":"","optional":false,"hide_thumbnail":false,"discount":"","override_variations":false,"allowed_variations":[""],"override_default_variation_attributes":false,"default_variation_attributes":[],"single_product_visibility":"visible","cart_visibility":"hidden","order_visibility":"visible","single_product_price_visibility":"visible","cart_price_visibility":"visible","order_price_visibility":"visible","stock_status":"in_stock"},{"bundled_item_id":766,"product_id":26021,"menu_order":4,"quantity_min":2,"quantity_max":2,"quantity_default":2,"priced_individually":false,"shipped_individually":false,"override_title":false,"title":"Turan Montepulciano d\u2019Abruzzo DOCG R\u00c9SERVE 0,75L Rotwein","override_description":true,"description":"","optional":false,"hide_thumbnail":false,"discount":"","override_variations":false,"allowed_variations":[""],"override_default_variation_attributes":false,"default_variation_attributes":[],"single_product_visibility":"visible","cart_visibility":"hidden","order_visibility":"visible","single_product_price_visibility":"visible","cart_price_visibility":"visible","order_price_visibility":"visible","stock_status":"in_stock"},{"bundled_item_id":767,"product_id":26103,"menu_order":5,"quantity_min":2,"quantity_max":2,"quantity_default":2,"priced_individually":false,"shipped_individually":false,"override_title":false,"title":"Rosarubra Montepulciano d\u2019Abruzzo DOC 0,75L Rotwein","override_description":true,"description":"","optional":false,"hide_thumbnail":false,"discount":"","override_variations":false,"allowed_variations":[""],"override_default_variation_attributes":false,"default_variation_attributes":[],"single_product_visibility":"visible","cart_visibility":"hidden","order_visibility":"visible","single_product_price_visibility":"visible","cart_price_visibility":"visible","order_price_visibility":"visible","stock_status":"in_stock"},{"bundled_item_id":768,"product_id":26125,"menu_order":6,"quantity_min":1,"quantity_max":1,"quantity_default":1,"priced_individually":false,"shipped_individually":false,"override_title":false,"title":"Intimo IGT Colline Pescaresi 0,75L Rotwein","override_description":true,"description":"","optional":false,"hide_thumbnail":false,"discount":"","override_variations":false,"allowed_variations":[""],"override_default_variation_attributes":false,"default_variation_attributes":[],"single_product_visibility":"visible","cart_visibility":"hidden","order_visibility":"visible","single_product_price_visibility":"visible","cart_price_visibility":"visible","order_price_visibility":"visible","stock_status":"in_stock"}],"bundle_sell_ids":[],"yoast_head":"<!-- This site is optimized with the Yoast SEO plugin v27.5 - https:\/\/yoast.com\/product\/yoast-seo-wordpress\/ -->\n<title>Die besten Rotweine \u2013 10-Flaschen-Paket - Torri Cantine Store COM<\/title>\n<meta name=\"robots\" content=\"index, follow, max-snippet:-1, max-image-preview:large, max-video-preview:-1\" \/>\n<link rel=\"canonical\" href=\"https:\/\/shop.torricantine.com\/de\/produkt\/die-besten-rotweine-10-flaschen-paket\/\" \/>\n<meta property=\"og:locale\" content=\"de_DE\" \/>\n<meta property=\"og:type\" content=\"article\" \/>\n<meta property=\"og:title\" content=\"Die besten Rotweine \u2013 10-Flaschen-Paket - Torri Cantine Store COM\" \/>\n<meta property=\"og:description\" content=\"Entdecken Sie das Bundle Die besten Rotweine in Flaschen von Torri Cantine, eine exklusive Auswahl f\u00fcr alle, die hochwertige italienische Rotweine f\u00fcr besondere Anl\u00e4sse suchen. Dieses Angebot eignet sich ideal f\u00fcr Ostern, Familienessen, den Vatertag oder um sich mit charaktervollen Rotweinen zu einem attraktiven Preis einzudecken. Das Bundle enth\u00e4lt 10 sorgf\u00e4ltig ausgew\u00e4hlte Flaschen: Sottovento DOC, [...]\" \/>\n<meta property=\"og:url\" content=\"https:\/\/shop.torricantine.com\/de\/produkt\/die-besten-rotweine-10-flaschen-paket\/\" \/>\n<meta property=\"og:site_name\" content=\"Torri Cantine Store COM\" \/>\n<meta property=\"og:image\" content=\"https:\/\/shop.torricantine.com\/wp-content\/uploads\/2026\/03\/bundle-10-bottiglie-rossi-festa-del-papa.png\" \/>\n\t<meta property=\"og:image:width\" content=\"596\" \/>\n\t<meta property=\"og:image:height\" content=\"800\" \/>\n\t<meta property=\"og:image:type\" content=\"image\/png\" \/>\n<meta name=\"twitter:card\" content=\"summary_large_image\" \/>\n<meta name=\"twitter:label1\" content=\"Gesch\u00e4tzte Lesezeit\" \/>\n\t<meta name=\"twitter:data1\" content=\"2\u00a0Minuten\" \/>\n<script type=\"application\/ld+json\" class=\"yoast-schema-graph\">{\"@context\":\"https:\\\/\\\/schema.org\",\"@graph\":[{\"@type\":\"WebPage\",\"@id\":\"https:\\\/\\\/shop.torricantine.com\\\/de\\\/produkt\\\/die-besten-rotweine-10-flaschen-paket\\\/\",\"url\":\"https:\\\/\\\/shop.torricantine.com\\\/de\\\/produkt\\\/die-besten-rotweine-10-flaschen-paket\\\/\",\"name\":\"Die besten Rotweine \u2013 10-Flaschen-Paket - Torri Cantine Store COM\",\"isPartOf\":{\"@id\":\"https:\\\/\\\/shop.torricantine.com\\\/de\\\/#website\"},\"primaryImageOfPage\":{\"@id\":\"https:\\\/\\\/shop.torricantine.com\\\/de\\\/produkt\\\/die-besten-rotweine-10-flaschen-paket\\\/#primaryimage\"},\"image\":{\"@id\":\"https:\\\/\\\/shop.torricantine.com\\\/de\\\/produkt\\\/die-besten-rotweine-10-flaschen-paket\\\/#primaryimage\"},\"thumbnailUrl\":\"https:\\\/\\\/shop.torricantine.com\\\/wp-content\\\/uploads\\\/2026\\\/03\\\/bundle-10-bottiglie-rossi-festa-del-papa.png\",\"datePublished\":\"2026-03-12T10:45:17+00:00\",\"breadcrumb\":{\"@id\":\"https:\\\/\\\/shop.torricantine.com\\\/de\\\/produkt\\\/die-besten-rotweine-10-flaschen-paket\\\/#breadcrumb\"},\"inLanguage\":\"de\",\"potentialAction\":[{\"@type\":\"ReadAction\",\"target\":[\"https:\\\/\\\/shop.torricantine.com\\\/de\\\/produkt\\\/die-besten-rotweine-10-flaschen-paket\\\/\"]}]},{\"@type\":\"ImageObject\",\"inLanguage\":\"de\",\"@id\":\"https:\\\/\\\/shop.torricantine.com\\\/de\\\/produkt\\\/die-besten-rotweine-10-flaschen-paket\\\/#primaryimage\",\"url\":\"https:\\\/\\\/shop.torricantine.com\\\/wp-content\\\/uploads\\\/2026\\\/03\\\/bundle-10-bottiglie-rossi-festa-del-papa.png\",\"contentUrl\":\"https:\\\/\\\/shop.torricantine.com\\\/wp-content\\\/uploads\\\/2026\\\/03\\\/bundle-10-bottiglie-rossi-festa-del-papa.png\",\"width\":596,\"height\":800},{\"@type\":\"BreadcrumbList\",\"@id\":\"https:\\\/\\\/shop.torricantine.com\\\/de\\\/produkt\\\/die-besten-rotweine-10-flaschen-paket\\\/#breadcrumb\",\"itemListElement\":[{\"@type\":\"ListItem\",\"position\":1,\"name\":\"Home\",\"item\":\"https:\\\/\\\/shop.torricantine.com\\\/de\\\/\"},{\"@type\":\"ListItem\",\"position\":2,\"name\":\"Shop\",\"item\":\"https:\\\/\\\/shop.torricantine.com\\\/de\\\/shop\\\/\"},{\"@type\":\"ListItem\",\"position\":3,\"name\":\"Die besten Rotweine \u2013 10-Flaschen-Paket\"}]},{\"@type\":\"WebSite\",\"@id\":\"https:\\\/\\\/shop.torricantine.com\\\/de\\\/#website\",\"url\":\"https:\\\/\\\/shop.torricantine.com\\\/de\\\/\",\"name\":\"Torri Cantine Store COM\",\"description\":\"Online store of our winery in Italy\",\"publisher\":{\"@id\":\"https:\\\/\\\/shop.torricantine.com\\\/de\\\/#organization\"},\"potentialAction\":[{\"@type\":\"SearchAction\",\"target\":{\"@type\":\"EntryPoint\",\"urlTemplate\":\"https:\\\/\\\/shop.torricantine.com\\\/de\\\/?s={search_term_string}\"},\"query-input\":{\"@type\":\"PropertyValueSpecification\",\"valueRequired\":true,\"valueName\":\"search_term_string\"}}],\"inLanguage\":\"de\"},{\"@type\":\"Organization\",\"@id\":\"https:\\\/\\\/shop.torricantine.com\\\/de\\\/#organization\",\"name\":\"Torri Cantine\",\"url\":\"https:\\\/\\\/shop.torricantine.com\\\/de\\\/\",\"logo\":{\"@type\":\"ImageObject\",\"inLanguage\":\"de\",\"@id\":\"https:\\\/\\\/shop.torricantine.com\\\/de\\\/#\\\/schema\\\/logo\\\/image\\\/\",\"url\":\"https:\\\/\\\/shop.torricantine.com\\\/wp-content\\\/uploads\\\/2020\\\/04\\\/torri-store-logo_text.png\",\"contentUrl\":\"https:\\\/\\\/shop.torricantine.com\\\/wp-content\\\/uploads\\\/2020\\\/04\\\/torri-store-logo_text.png\",\"width\":289,\"height\":361,\"caption\":\"Torri Cantine\"},\"image\":{\"@id\":\"https:\\\/\\\/shop.torricantine.com\\\/de\\\/#\\\/schema\\\/logo\\\/image\\\/\"}}]}<\/script>\n<!-- \/ Yoast SEO plugin. -->","yoast_head_json":{"title":"Die besten Rotweine \u2013 10-Flaschen-Paket - Torri Cantine Store COM","robots":{"index":"index","follow":"follow","max-snippet":"max-snippet:-1","max-image-preview":"max-image-preview:large","max-video-preview":"max-video-preview:-1"},"canonical":"https:\/\/shop.torricantine.com\/de\/produkt\/die-besten-rotweine-10-flaschen-paket\/","og_locale":"de_DE","og_type":"article","og_title":"Die besten Rotweine \u2013 10-Flaschen-Paket - Torri Cantine Store COM","og_description":"Entdecken Sie das Bundle Die besten Rotweine in Flaschen von Torri Cantine, eine exklusive Auswahl f\u00fcr alle, die hochwertige italienische Rotweine f\u00fcr besondere Anl\u00e4sse suchen. Dieses Angebot eignet sich ideal f\u00fcr Ostern, Familienessen, den Vatertag oder um sich mit charaktervollen Rotweinen zu einem attraktiven Preis einzudecken. Das Bundle enth\u00e4lt 10 sorgf\u00e4ltig ausgew\u00e4hlte Flaschen: Sottovento DOC, [...]","og_url":"https:\/\/shop.torricantine.com\/de\/produkt\/die-besten-rotweine-10-flaschen-paket\/","og_site_name":"Torri Cantine Store COM","og_image":[{"width":596,"height":800,"url":"https:\/\/shop.torricantine.com\/wp-content\/uploads\/2026\/03\/bundle-10-bottiglie-rossi-festa-del-papa.png","type":"image\/png"}],"twitter_card":"summary_large_image","twitter_misc":{"Gesch\u00e4tzte Lesezeit":"2\u00a0Minuten"},"schema":{"@context":"https:\/\/schema.org","@graph":[{"@type":"WebPage","@id":"https:\/\/shop.torricantine.com\/de\/produkt\/die-besten-rotweine-10-flaschen-paket\/","url":"https:\/\/shop.torricantine.com\/de\/produkt\/die-besten-rotweine-10-flaschen-paket\/","name":"Die besten Rotweine \u2013 10-Flaschen-Paket - Torri Cantine Store COM","isPartOf":{"@id":"https:\/\/shop.torricantine.com\/de\/#website"},"primaryImageOfPage":{"@id":"https:\/\/shop.torricantine.com\/de\/produkt\/die-besten-rotweine-10-flaschen-paket\/#primaryimage"},"image":{"@id":"https:\/\/shop.torricantine.com\/de\/produkt\/die-besten-rotweine-10-flaschen-paket\/#primaryimage"},"thumbnailUrl":"https:\/\/shop.torricantine.com\/wp-content\/uploads\/2026\/03\/bundle-10-bottiglie-rossi-festa-del-papa.png","datePublished":"2026-03-12T10:45:17+00:00","breadcrumb":{"@id":"https:\/\/shop.torricantine.com\/de\/produkt\/die-besten-rotweine-10-flaschen-paket\/#breadcrumb"},"inLanguage":"de","potentialAction":[{"@type":"ReadAction","target":["https:\/\/shop.torricantine.com\/de\/produkt\/die-besten-rotweine-10-flaschen-paket\/"]}]},{"@type":"ImageObject","inLanguage":"de","@id":"https:\/\/shop.torricantine.com\/de\/produkt\/die-besten-rotweine-10-flaschen-paket\/#primaryimage","url":"https:\/\/shop.torricantine.com\/wp-content\/uploads\/2026\/03\/bundle-10-bottiglie-rossi-festa-del-papa.png","contentUrl":"https:\/\/shop.torricantine.com\/wp-content\/uploads\/2026\/03\/bundle-10-bottiglie-rossi-festa-del-papa.png","width":596,"height":800},{"@type":"BreadcrumbList","@id":"https:\/\/shop.torricantine.com\/de\/produkt\/die-besten-rotweine-10-flaschen-paket\/#breadcrumb","itemListElement":[{"@type":"ListItem","position":1,"name":"Home","item":"https:\/\/shop.torricantine.com\/de\/"},{"@type":"ListItem","position":2,"name":"Shop","item":"https:\/\/shop.torricantine.com\/de\/shop\/"},{"@type":"ListItem","position":3,"name":"Die besten Rotweine \u2013 10-Flaschen-Paket"}]},{"@type":"WebSite","@id":"https:\/\/shop.torricantine.com\/de\/#website","url":"https:\/\/shop.torricantine.com\/de\/","name":"Torri Cantine Store COM","description":"Online store of our winery in Italy","publisher":{"@id":"https:\/\/shop.torricantine.com\/de\/#organization"},"potentialAction":[{"@type":"SearchAction","target":{"@type":"EntryPoint","urlTemplate":"https:\/\/shop.torricantine.com\/de\/?s={search_term_string}"},"query-input":{"@type":"PropertyValueSpecification","valueRequired":true,"valueName":"search_term_string"}}],"inLanguage":"de"},{"@type":"Organization","@id":"https:\/\/shop.torricantine.com\/de\/#organization","name":"Torri Cantine","url":"https:\/\/shop.torricantine.com\/de\/","logo":{"@type":"ImageObject","inLanguage":"de","@id":"https:\/\/shop.torricantine.com\/de\/#\/schema\/logo\/image\/","url":"https:\/\/shop.torricantine.com\/wp-content\/uploads\/2020\/04\/torri-store-logo_text.png","contentUrl":"https:\/\/shop.torricantine.com\/wp-content\/uploads\/2020\/04\/torri-store-logo_text.png","width":289,"height":361,"caption":"Torri Cantine"},"image":{"@id":"https:\/\/shop.torricantine.com\/de\/#\/schema\/logo\/image\/"}}]}},"_links":{"self":[{"href":"https:\/\/shop.torricantine.com\/de\/wp-json\/wp\/v2\/product\/82326","targetHints":{"allow":["GET"]}}],"collection":[{"href":"https:\/\/shop.torricantine.com\/de\/wp-json\/wp\/v2\/product"}],"about":[{"href":"https:\/\/shop.torricantine.com\/de\/wp-json\/wp\/v2\/types\/product"}],"replies":[{"embeddable":true,"href":"https:\/\/shop.torricantine.com\/de\/wp-json\/wp\/v2\/comments?post=82326"}],"wp:featuredmedia":[{"embeddable":true,"href":"https:\/\/shop.torricantine.com\/de\/wp-json\/wp\/v2\/media\/82323"}],"wp:attachment":[{"href":"https:\/\/shop.torricantine.com\/de\/wp-json\/wp\/v2\/media?parent=82326"}],"wp:term":[{"taxonomy":"product_brand","embeddable":true,"href":"https:\/\/shop.torricantine.com\/de\/wp-json\/wp\/v2\/product_brand?post=82326"},{"taxonomy":"product_cat","embeddable":true,"href":"https:\/\/shop.torricantine.com\/de\/wp-json\/wp\/v2\/product_cat?post=82326"},{"taxonomy":"product_tag","embeddable":true,"href":"https:\/\/shop.torricantine.com\/de\/wp-json\/wp\/v2\/product_tag?post=82326"}],"curies":[{"name":"wp","href":"https:\/\/api.w.org\/{rel}","templated":true}]}}