{"id":80493,"date":"2025-11-28T16:54:55","date_gmt":"2025-11-28T14:54:55","guid":{"rendered":"https:\/\/shop.torricantine.com\/product\/super-bakan-55-gratisflaschen\/"},"modified":"2026-01-14T10:47:27","modified_gmt":"2026-01-14T08:47:27","slug":"super-bakan-55-gratisflaschen","status":"publish","type":"product","link":"https:\/\/shop.torricantine.com\/de\/produkt\/super-bakan-55-gratisflaschen\/","title":{"rendered":"Super Bak\u00e1n 5+5 Gratisflaschen"},"content":{"rendered":"<p>Nur f\u00fcr wenige Tage: Nutzen Sie das speziell f\u00fcr Sie entwickelte Flash-Angebot.<\/p>\n<p>W\u00e4hlen Sie 10 Flaschen aus den verschiedenen verf\u00fcgbaren Sorten der Bio-Linie Bak\u00e1n und bezahlen Sie nur 5!<\/p>\n<p>W\u00e4hlen Sie frei aus:<\/p>\n<p>Torri Bak\u00e1n Cerasuolo d\u2019Abruzzo DOC 0,75 L<br \/>\nTorri Bak\u00e1n Trebbiano d\u2019Abruzzo DOC 0,75 L<br \/>\nTorri Bak\u00e1n Passerina DOC Abruzzo 0,75 L<br \/>\nTorri Bak\u00e1n Pecorino DOC Abruzzo 0,75 L<br \/>\nTorri Bak\u00e1n Montepulciano d\u2019Abruzzo DOC Riserva 0,75 L<\/p>\n<p>Aktion g\u00fcltig, solange der Vorrat reicht.<\/p>\n<p>AUF DIESES PAKET K\u00d6NNEN KEINE RABATTCODES ODER DER TREUEPUNKTERABATT ANGEWENDET WERDEN.<\/p>\n","protected":false},"excerpt":{"rendered":"<p>Nur f\u00fcr wenige Tage: Nutzen Sie das speziell f\u00fcr Sie entwickelte Flash-Angebot. W\u00e4hlen Sie 10 Flaschen aus den verschiedenen verf\u00fcgbaren Sorten der Bio-Linie Bak\u00e1n und bezahlen Sie nur 5! W\u00e4hlen Sie frei aus: Torri Bak\u00e1n Cerasuolo d\u2019Abruzzo DOC 0,75 L Torri Bak\u00e1n Trebbiano d\u2019Abruzzo DOC 0,75 L Torri Bak\u00e1n Passerina DOC Abruzzo 0,75 L Torri [&#8230;]\n","protected":false},"featured_media":80489,"comment_status":"closed","ping_status":"closed","template":"","meta":[],"product_brand":[],"product_cat":[476],"product_tag":[],"class_list":{"0":"post-80493","1":"product","2":"type-product","3":"status-publish","4":"has-post-thumbnail","6":"product_cat-bakan-de","8":"first","9":"instock","10":"sale","11":"virtual","12":"taxable","13":"purchasable","14":"product-type-bundle"},"bundled_by":[],"bundle_stock_status":"instock","bundle_stock_quantity":"","bundle_virtual":false,"bundle_layout":"default","bundle_add_to_cart_form_location":"default","bundle_editable_in_cart":false,"bundle_sold_individually_context":"product","bundle_item_grouping":"parent","bundle_min_size":10,"bundle_max_size":10,"bundle_price":{"price":{"min":{"incl_tax":"59.5","excl_tax":"59.5"},"max":{"incl_tax":"59.5","excl_tax":"59.5"}},"regular_price":{"min":{"incl_tax":"126.2","excl_tax":"126.2"},"max":{"incl_tax":"126.2","excl_tax":"126.2"}}},"bundled_items":[{"bundled_item_id":700,"product_id":68752,"menu_order":0,"quantity_min":0,"quantity_max":10,"quantity_default":0,"priced_individually":false,"shipped_individually":false,"override_title":false,"title":"Torri Bak\u00e1n Montepulciano D&rsquo;Abruzzo DOCG 0,75L","override_description":true,"description":"","optional":false,"hide_thumbnail":false,"discount":"","override_variations":false,"allowed_variations":[""],"override_default_variation_attributes":false,"default_variation_attributes":[],"single_product_visibility":"visible","cart_visibility":"hidden","order_visibility":"visible","single_product_price_visibility":"visible","cart_price_visibility":"visible","order_price_visibility":"visible","stock_status":"in_stock"},{"bundled_item_id":701,"product_id":68754,"menu_order":1,"quantity_min":0,"quantity_max":10,"quantity_default":0,"priced_individually":false,"shipped_individually":false,"override_title":false,"title":"Torri Bak\u00e1n Cerasuolo D&rsquo;Abruzzo DOC 0,75L","override_description":true,"description":"","optional":false,"hide_thumbnail":false,"discount":"","override_variations":false,"allowed_variations":[""],"override_default_variation_attributes":false,"default_variation_attributes":[],"single_product_visibility":"visible","cart_visibility":"hidden","order_visibility":"visible","single_product_price_visibility":"visible","cart_price_visibility":"visible","order_price_visibility":"visible","stock_status":"in_stock"},{"bundled_item_id":702,"product_id":68755,"menu_order":2,"quantity_min":0,"quantity_max":10,"quantity_default":0,"priced_individually":false,"shipped_individually":false,"override_title":false,"title":"Torri Bak\u00e1n Montepulciano D&rsquo;Abruzzo DOC Riserva 0,75L","override_description":true,"description":"","optional":false,"hide_thumbnail":false,"discount":"","override_variations":false,"allowed_variations":[""],"override_default_variation_attributes":false,"default_variation_attributes":[],"single_product_visibility":"visible","cart_visibility":"hidden","order_visibility":"visible","single_product_price_visibility":"visible","cart_price_visibility":"visible","order_price_visibility":"visible","stock_status":"in_stock"},{"bundled_item_id":703,"product_id":68759,"menu_order":3,"quantity_min":0,"quantity_max":10,"quantity_default":0,"priced_individually":false,"shipped_individually":false,"override_title":false,"title":"Torri Bak\u00e1n Trebbiano D&rsquo;Abruzzo DOC 0,75L","override_description":true,"description":"","optional":false,"hide_thumbnail":false,"discount":"","override_variations":false,"allowed_variations":[""],"override_default_variation_attributes":false,"default_variation_attributes":[],"single_product_visibility":"visible","cart_visibility":"hidden","order_visibility":"visible","single_product_price_visibility":"visible","cart_price_visibility":"visible","order_price_visibility":"visible","stock_status":"in_stock"},{"bundled_item_id":704,"product_id":68760,"menu_order":4,"quantity_min":0,"quantity_max":10,"quantity_default":0,"priced_individually":false,"shipped_individually":false,"override_title":false,"title":"Torri Bak\u00e1n Passerina DOC Abruzzo 0,75L","override_description":true,"description":"","optional":false,"hide_thumbnail":false,"discount":"","override_variations":false,"allowed_variations":[""],"override_default_variation_attributes":false,"default_variation_attributes":[],"single_product_visibility":"visible","cart_visibility":"hidden","order_visibility":"visible","single_product_price_visibility":"visible","cart_price_visibility":"visible","order_price_visibility":"visible","stock_status":"in_stock"},{"bundled_item_id":705,"product_id":68763,"menu_order":5,"quantity_min":0,"quantity_max":10,"quantity_default":0,"priced_individually":false,"shipped_individually":false,"override_title":false,"title":"Torri Bak\u00e1n Pecorino Abruzzo DOC 0,75L","override_description":true,"description":"","optional":false,"hide_thumbnail":false,"discount":"","override_variations":false,"allowed_variations":[""],"override_default_variation_attributes":false,"default_variation_attributes":[],"single_product_visibility":"visible","cart_visibility":"hidden","order_visibility":"visible","single_product_price_visibility":"visible","cart_price_visibility":"visible","order_price_visibility":"visible","stock_status":"in_stock"}],"bundle_sell_ids":[],"yoast_head":"<!-- This site is optimized with the Yoast SEO plugin v27.5 - https:\/\/yoast.com\/product\/yoast-seo-wordpress\/ -->\n<title>Super Bak\u00e1n 5+5 Gratisflaschen - Torri Cantine Store COM<\/title>\n<meta name=\"robots\" content=\"index, follow, max-snippet:-1, max-image-preview:large, max-video-preview:-1\" \/>\n<link rel=\"canonical\" href=\"https:\/\/shop.torricantine.com\/de\/produkt\/super-bakan-55-gratisflaschen\/\" \/>\n<meta property=\"og:locale\" content=\"de_DE\" \/>\n<meta property=\"og:type\" content=\"article\" \/>\n<meta property=\"og:title\" content=\"Super Bak\u00e1n 5+5 Gratisflaschen - Torri Cantine Store COM\" \/>\n<meta property=\"og:description\" content=\"Nur f\u00fcr wenige Tage: Nutzen Sie das speziell f\u00fcr Sie entwickelte Flash-Angebot. W\u00e4hlen Sie 10 Flaschen aus den verschiedenen verf\u00fcgbaren Sorten der Bio-Linie Bak\u00e1n und bezahlen Sie nur 5! W\u00e4hlen Sie frei aus: Torri Bak\u00e1n Cerasuolo d\u2019Abruzzo DOC 0,75 L Torri Bak\u00e1n Trebbiano d\u2019Abruzzo DOC 0,75 L Torri Bak\u00e1n Passerina DOC Abruzzo 0,75 L Torri [...]\" \/>\n<meta property=\"og:url\" content=\"https:\/\/shop.torricantine.com\/de\/produkt\/super-bakan-55-gratisflaschen\/\" \/>\n<meta property=\"og:site_name\" content=\"Torri Cantine Store COM\" \/>\n<meta property=\"article:modified_time\" content=\"2026-01-14T08:47:27+00:00\" \/>\n<meta property=\"og:image\" content=\"https:\/\/shop.torricantine.com\/wp-content\/uploads\/2025\/11\/55_Bakan.png\" \/>\n\t<meta property=\"og:image:width\" content=\"613\" \/>\n\t<meta property=\"og:image:height\" content=\"800\" \/>\n\t<meta property=\"og:image:type\" content=\"image\/png\" \/>\n<meta name=\"twitter:card\" content=\"summary_large_image\" \/>\n<meta name=\"twitter:label1\" content=\"Gesch\u00e4tzte Lesezeit\" \/>\n\t<meta name=\"twitter:data1\" content=\"1\u00a0Minute\" \/>\n<script type=\"application\/ld+json\" class=\"yoast-schema-graph\">{\"@context\":\"https:\\\/\\\/schema.org\",\"@graph\":[{\"@type\":\"WebPage\",\"@id\":\"https:\\\/\\\/shop.torricantine.com\\\/de\\\/produkt\\\/super-bakan-55-gratisflaschen\\\/\",\"url\":\"https:\\\/\\\/shop.torricantine.com\\\/de\\\/produkt\\\/super-bakan-55-gratisflaschen\\\/\",\"name\":\"Super Bak\u00e1n 5+5 Gratisflaschen - Torri Cantine Store COM\",\"isPartOf\":{\"@id\":\"https:\\\/\\\/shop.torricantine.com\\\/de\\\/#website\"},\"primaryImageOfPage\":{\"@id\":\"https:\\\/\\\/shop.torricantine.com\\\/de\\\/produkt\\\/super-bakan-55-gratisflaschen\\\/#primaryimage\"},\"image\":{\"@id\":\"https:\\\/\\\/shop.torricantine.com\\\/de\\\/produkt\\\/super-bakan-55-gratisflaschen\\\/#primaryimage\"},\"thumbnailUrl\":\"https:\\\/\\\/shop.torricantine.com\\\/wp-content\\\/uploads\\\/2025\\\/11\\\/55_Bakan.png\",\"datePublished\":\"2025-11-28T14:54:55+00:00\",\"dateModified\":\"2026-01-14T08:47:27+00:00\",\"breadcrumb\":{\"@id\":\"https:\\\/\\\/shop.torricantine.com\\\/de\\\/produkt\\\/super-bakan-55-gratisflaschen\\\/#breadcrumb\"},\"inLanguage\":\"de\",\"potentialAction\":[{\"@type\":\"ReadAction\",\"target\":[\"https:\\\/\\\/shop.torricantine.com\\\/de\\\/produkt\\\/super-bakan-55-gratisflaschen\\\/\"]}]},{\"@type\":\"ImageObject\",\"inLanguage\":\"de\",\"@id\":\"https:\\\/\\\/shop.torricantine.com\\\/de\\\/produkt\\\/super-bakan-55-gratisflaschen\\\/#primaryimage\",\"url\":\"https:\\\/\\\/shop.torricantine.com\\\/wp-content\\\/uploads\\\/2025\\\/11\\\/55_Bakan.png\",\"contentUrl\":\"https:\\\/\\\/shop.torricantine.com\\\/wp-content\\\/uploads\\\/2025\\\/11\\\/55_Bakan.png\",\"width\":613,\"height\":800},{\"@type\":\"BreadcrumbList\",\"@id\":\"https:\\\/\\\/shop.torricantine.com\\\/de\\\/produkt\\\/super-bakan-55-gratisflaschen\\\/#breadcrumb\",\"itemListElement\":[{\"@type\":\"ListItem\",\"position\":1,\"name\":\"Home\",\"item\":\"https:\\\/\\\/shop.torricantine.com\\\/de\\\/\"},{\"@type\":\"ListItem\",\"position\":2,\"name\":\"Shop\",\"item\":\"https:\\\/\\\/shop.torricantine.com\\\/de\\\/shop\\\/\"},{\"@type\":\"ListItem\",\"position\":3,\"name\":\"Super Bak\u00e1n 5+5 Gratisflaschen\"}]},{\"@type\":\"WebSite\",\"@id\":\"https:\\\/\\\/shop.torricantine.com\\\/de\\\/#website\",\"url\":\"https:\\\/\\\/shop.torricantine.com\\\/de\\\/\",\"name\":\"Torri Cantine Store COM\",\"description\":\"Online store of our winery in Italy\",\"publisher\":{\"@id\":\"https:\\\/\\\/shop.torricantine.com\\\/de\\\/#organization\"},\"potentialAction\":[{\"@type\":\"SearchAction\",\"target\":{\"@type\":\"EntryPoint\",\"urlTemplate\":\"https:\\\/\\\/shop.torricantine.com\\\/de\\\/?s={search_term_string}\"},\"query-input\":{\"@type\":\"PropertyValueSpecification\",\"valueRequired\":true,\"valueName\":\"search_term_string\"}}],\"inLanguage\":\"de\"},{\"@type\":\"Organization\",\"@id\":\"https:\\\/\\\/shop.torricantine.com\\\/de\\\/#organization\",\"name\":\"Torri Cantine\",\"url\":\"https:\\\/\\\/shop.torricantine.com\\\/de\\\/\",\"logo\":{\"@type\":\"ImageObject\",\"inLanguage\":\"de\",\"@id\":\"https:\\\/\\\/shop.torricantine.com\\\/de\\\/#\\\/schema\\\/logo\\\/image\\\/\",\"url\":\"https:\\\/\\\/shop.torricantine.com\\\/wp-content\\\/uploads\\\/2020\\\/04\\\/torri-store-logo_text.png\",\"contentUrl\":\"https:\\\/\\\/shop.torricantine.com\\\/wp-content\\\/uploads\\\/2020\\\/04\\\/torri-store-logo_text.png\",\"width\":289,\"height\":361,\"caption\":\"Torri Cantine\"},\"image\":{\"@id\":\"https:\\\/\\\/shop.torricantine.com\\\/de\\\/#\\\/schema\\\/logo\\\/image\\\/\"}}]}<\/script>\n<!-- \/ Yoast SEO plugin. -->","yoast_head_json":{"title":"Super Bak\u00e1n 5+5 Gratisflaschen - Torri Cantine Store COM","robots":{"index":"index","follow":"follow","max-snippet":"max-snippet:-1","max-image-preview":"max-image-preview:large","max-video-preview":"max-video-preview:-1"},"canonical":"https:\/\/shop.torricantine.com\/de\/produkt\/super-bakan-55-gratisflaschen\/","og_locale":"de_DE","og_type":"article","og_title":"Super Bak\u00e1n 5+5 Gratisflaschen - Torri Cantine Store COM","og_description":"Nur f\u00fcr wenige Tage: Nutzen Sie das speziell f\u00fcr Sie entwickelte Flash-Angebot. W\u00e4hlen Sie 10 Flaschen aus den verschiedenen verf\u00fcgbaren Sorten der Bio-Linie Bak\u00e1n und bezahlen Sie nur 5! W\u00e4hlen Sie frei aus: Torri Bak\u00e1n Cerasuolo d\u2019Abruzzo DOC 0,75 L Torri Bak\u00e1n Trebbiano d\u2019Abruzzo DOC 0,75 L Torri Bak\u00e1n Passerina DOC Abruzzo 0,75 L Torri [...]","og_url":"https:\/\/shop.torricantine.com\/de\/produkt\/super-bakan-55-gratisflaschen\/","og_site_name":"Torri Cantine Store COM","article_modified_time":"2026-01-14T08:47:27+00:00","og_image":[{"width":613,"height":800,"url":"https:\/\/shop.torricantine.com\/wp-content\/uploads\/2025\/11\/55_Bakan.png","type":"image\/png"}],"twitter_card":"summary_large_image","twitter_misc":{"Gesch\u00e4tzte Lesezeit":"1\u00a0Minute"},"schema":{"@context":"https:\/\/schema.org","@graph":[{"@type":"WebPage","@id":"https:\/\/shop.torricantine.com\/de\/produkt\/super-bakan-55-gratisflaschen\/","url":"https:\/\/shop.torricantine.com\/de\/produkt\/super-bakan-55-gratisflaschen\/","name":"Super Bak\u00e1n 5+5 Gratisflaschen - Torri Cantine Store COM","isPartOf":{"@id":"https:\/\/shop.torricantine.com\/de\/#website"},"primaryImageOfPage":{"@id":"https:\/\/shop.torricantine.com\/de\/produkt\/super-bakan-55-gratisflaschen\/#primaryimage"},"image":{"@id":"https:\/\/shop.torricantine.com\/de\/produkt\/super-bakan-55-gratisflaschen\/#primaryimage"},"thumbnailUrl":"https:\/\/shop.torricantine.com\/wp-content\/uploads\/2025\/11\/55_Bakan.png","datePublished":"2025-11-28T14:54:55+00:00","dateModified":"2026-01-14T08:47:27+00:00","breadcrumb":{"@id":"https:\/\/shop.torricantine.com\/de\/produkt\/super-bakan-55-gratisflaschen\/#breadcrumb"},"inLanguage":"de","potentialAction":[{"@type":"ReadAction","target":["https:\/\/shop.torricantine.com\/de\/produkt\/super-bakan-55-gratisflaschen\/"]}]},{"@type":"ImageObject","inLanguage":"de","@id":"https:\/\/shop.torricantine.com\/de\/produkt\/super-bakan-55-gratisflaschen\/#primaryimage","url":"https:\/\/shop.torricantine.com\/wp-content\/uploads\/2025\/11\/55_Bakan.png","contentUrl":"https:\/\/shop.torricantine.com\/wp-content\/uploads\/2025\/11\/55_Bakan.png","width":613,"height":800},{"@type":"BreadcrumbList","@id":"https:\/\/shop.torricantine.com\/de\/produkt\/super-bakan-55-gratisflaschen\/#breadcrumb","itemListElement":[{"@type":"ListItem","position":1,"name":"Home","item":"https:\/\/shop.torricantine.com\/de\/"},{"@type":"ListItem","position":2,"name":"Shop","item":"https:\/\/shop.torricantine.com\/de\/shop\/"},{"@type":"ListItem","position":3,"name":"Super Bak\u00e1n 5+5 Gratisflaschen"}]},{"@type":"WebSite","@id":"https:\/\/shop.torricantine.com\/de\/#website","url":"https:\/\/shop.torricantine.com\/de\/","name":"Torri Cantine Store COM","description":"Online store of our winery in Italy","publisher":{"@id":"https:\/\/shop.torricantine.com\/de\/#organization"},"potentialAction":[{"@type":"SearchAction","target":{"@type":"EntryPoint","urlTemplate":"https:\/\/shop.torricantine.com\/de\/?s={search_term_string}"},"query-input":{"@type":"PropertyValueSpecification","valueRequired":true,"valueName":"search_term_string"}}],"inLanguage":"de"},{"@type":"Organization","@id":"https:\/\/shop.torricantine.com\/de\/#organization","name":"Torri Cantine","url":"https:\/\/shop.torricantine.com\/de\/","logo":{"@type":"ImageObject","inLanguage":"de","@id":"https:\/\/shop.torricantine.com\/de\/#\/schema\/logo\/image\/","url":"https:\/\/shop.torricantine.com\/wp-content\/uploads\/2020\/04\/torri-store-logo_text.png","contentUrl":"https:\/\/shop.torricantine.com\/wp-content\/uploads\/2020\/04\/torri-store-logo_text.png","width":289,"height":361,"caption":"Torri Cantine"},"image":{"@id":"https:\/\/shop.torricantine.com\/de\/#\/schema\/logo\/image\/"}}]}},"_links":{"self":[{"href":"https:\/\/shop.torricantine.com\/de\/wp-json\/wp\/v2\/product\/80493","targetHints":{"allow":["GET"]}}],"collection":[{"href":"https:\/\/shop.torricantine.com\/de\/wp-json\/wp\/v2\/product"}],"about":[{"href":"https:\/\/shop.torricantine.com\/de\/wp-json\/wp\/v2\/types\/product"}],"replies":[{"embeddable":true,"href":"https:\/\/shop.torricantine.com\/de\/wp-json\/wp\/v2\/comments?post=80493"}],"wp:featuredmedia":[{"embeddable":true,"href":"https:\/\/shop.torricantine.com\/de\/wp-json\/wp\/v2\/media\/80489"}],"wp:attachment":[{"href":"https:\/\/shop.torricantine.com\/de\/wp-json\/wp\/v2\/media?parent=80493"}],"wp:term":[{"taxonomy":"product_brand","embeddable":true,"href":"https:\/\/shop.torricantine.com\/de\/wp-json\/wp\/v2\/product_brand?post=80493"},{"taxonomy":"product_cat","embeddable":true,"href":"https:\/\/shop.torricantine.com\/de\/wp-json\/wp\/v2\/product_cat?post=80493"},{"taxonomy":"product_tag","embeddable":true,"href":"https:\/\/shop.torricantine.com\/de\/wp-json\/wp\/v2\/product_tag?post=80493"}],"curies":[{"name":"wp","href":"https:\/\/api.w.org\/{rel}","templated":true}]}}