{"id":79898,"date":"2025-11-06T17:30:00","date_gmt":"2025-11-06T15:30:00","guid":{"rendered":"https:\/\/shop.torricantine.com\/?post_type=product&#038;p=79898"},"modified":"2025-11-06T17:36:30","modified_gmt":"2025-11-06T15:36:30","slug":"geschenkbox-fuer-1-flasche-rosarubra-x-musante","status":"publish","type":"product","link":"https:\/\/shop.torricantine.com\/de\/produkt\/geschenkbox-fuer-1-flasche-rosarubra-x-musante\/","title":{"rendered":"Geschenkbox f\u00fcr 1 Flasche Rosarubra x Musante."},"content":{"rendered":"","protected":false},"excerpt":{"rendered":"<p>Die neue Weinkollektion von Rosarubra ist nicht nur ein Triumph des Geschmacks, sondern auch der \u00c4sthetik. Die Zusammenarbeit mit dem renommierten K\u00fcnstler Francesco Musante hat zur Schaffung einer exklusiven Verpackung gef\u00fchrt, die sich in ein wahres Kunstwerk verwandelt.<\/p>\n<p>Jede Verpackung, erh\u00e4ltlich f\u00fcr eine, zwei oder drei Flaschen, wurde bis ins kleinste Detail gestaltet. Die von Musante signierten Etiketten spiegeln seine einzigartige k\u00fcnstlerische Vision wider und bereichern jede Flasche mit Farbakzenten, Poesie und Tr\u00e4umen. Doch nicht nur das Etikett beeindruckt \u2013 auch die Schachteln tragen die unverwechselbare Handschrift des K\u00fcnstlers. Die lebendigen Zeichnungen und eindrucksvollen Illustrationen machen jede Verpackung zu einem eigenst\u00e4ndigen Kunstwerk und jede Flasche zu einem besonderen Geschenk.<\/p>\n<p>Das anspruchsvolle Design und die Liebe zum Detail machen diese Verpackung zur idealen Wahl f\u00fcr Geschenke. Eine Flasche aus der Rosarubra-Kollektion zu verschenken bedeutet nicht nur, einen Wein von h\u00f6chster Qualit\u00e4t zu \u00fcberreichen, sondern auch eine Geste raffinierter Eleganz und Wertsch\u00e4tzung f\u00fcr die Kunst. Ein Geschenk, das sowohl den Gaumen als auch die Seele ber\u00fchrt.<\/p>\n","protected":false},"featured_media":79887,"comment_status":"closed","ping_status":"closed","template":"","meta":[],"product_brand":[],"product_cat":[491],"product_tag":[],"class_list":{"0":"post-79898","1":"product","2":"type-product","3":"status-publish","4":"has-post-thumbnail","6":"product_cat-francesco-musante-x-rosarubra","8":"first","9":"instock","10":"sale","11":"taxable","12":"shipping-taxable","13":"purchasable","14":"product-type-simple"},"bundled_by":[],"bundle_stock_status":"instock","bundle_stock_quantity":null,"bundle_virtual":false,"bundle_layout":"","bundle_add_to_cart_form_location":"","bundle_editable_in_cart":false,"bundle_sold_individually_context":"","bundle_item_grouping":"","bundle_min_size":"","bundle_max_size":"","bundle_price":[],"bundled_items":[],"bundle_sell_ids":[],"yoast_head":"<!-- This site is optimized with the Yoast SEO plugin v27.5 - https:\/\/yoast.com\/product\/yoast-seo-wordpress\/ -->\n<title>Geschenkbox f\u00fcr 1 Flasche Rosarubra x Musante. - Torri Cantine Store COM<\/title>\n<meta name=\"robots\" content=\"index, follow, max-snippet:-1, max-image-preview:large, max-video-preview:-1\" \/>\n<link rel=\"canonical\" href=\"https:\/\/shop.torricantine.com\/de\/produkt\/geschenkbox-fuer-1-flasche-rosarubra-x-musante\/\" \/>\n<meta property=\"og:locale\" content=\"de_DE\" \/>\n<meta property=\"og:type\" content=\"article\" \/>\n<meta property=\"og:title\" content=\"Geschenkbox f\u00fcr 1 Flasche Rosarubra x Musante. - Torri Cantine Store COM\" \/>\n<meta property=\"og:description\" content=\"Die neue Weinkollektion von Rosarubra ist nicht nur ein Triumph des Geschmacks, sondern auch der \u00c4sthetik. Die Zusammenarbeit mit dem renommierten K\u00fcnstler Francesco Musante hat zur Schaffung einer exklusiven Verpackung gef\u00fchrt, die sich in ein wahres Kunstwerk verwandelt.  Jede Verpackung, erh\u00e4ltlich f\u00fcr eine, zwei oder drei Flaschen, wurde bis ins kleinste Detail gestaltet. Die von Musante signierten Etiketten spiegeln seine einzigartige k\u00fcnstlerische Vision wider und bereichern jede Flasche mit Farbakzenten, Poesie und Tr\u00e4umen. Doch nicht nur das Etikett beeindruckt \u2013 auch die Schachteln tragen die unverwechselbare Handschrift des K\u00fcnstlers. Die lebendigen Zeichnungen und eindrucksvollen Illustrationen machen jede Verpackung zu einem eigenst\u00e4ndigen Kunstwerk und jede Flasche zu einem besonderen Geschenk.  Das anspruchsvolle Design und die Liebe zum Detail machen diese Verpackung zur idealen Wahl f\u00fcr Geschenke. Eine Flasche aus der Rosarubra-Kollektion zu verschenken bedeutet nicht nur, einen Wein von h\u00f6chster Qualit\u00e4t zu \u00fcberreichen, sondern auch eine Geste raffinierter Eleganz und Wertsch\u00e4tzung f\u00fcr die Kunst. Ein Geschenk, das sowohl den Gaumen als auch die Seele ber\u00fchrt.\" \/>\n<meta property=\"og:url\" content=\"https:\/\/shop.torricantine.com\/de\/produkt\/geschenkbox-fuer-1-flasche-rosarubra-x-musante\/\" \/>\n<meta property=\"og:site_name\" content=\"Torri Cantine Store COM\" \/>\n<meta property=\"article:modified_time\" content=\"2025-11-06T15:36:30+00:00\" \/>\n<meta property=\"og:image\" content=\"https:\/\/shop.torricantine.com\/wp-content\/uploads\/2025\/11\/MUSANTE_1-packaging-3.png\" \/>\n\t<meta property=\"og:image:width\" content=\"349\" \/>\n\t<meta property=\"og:image:height\" content=\"799\" \/>\n\t<meta property=\"og:image:type\" content=\"image\/png\" \/>\n<meta name=\"twitter:card\" content=\"summary_large_image\" \/>\n<script type=\"application\/ld+json\" class=\"yoast-schema-graph\">{\"@context\":\"https:\\\/\\\/schema.org\",\"@graph\":[{\"@type\":\"WebPage\",\"@id\":\"https:\\\/\\\/shop.torricantine.com\\\/de\\\/produkt\\\/geschenkbox-fuer-1-flasche-rosarubra-x-musante\\\/\",\"url\":\"https:\\\/\\\/shop.torricantine.com\\\/de\\\/produkt\\\/geschenkbox-fuer-1-flasche-rosarubra-x-musante\\\/\",\"name\":\"Geschenkbox f\u00fcr 1 Flasche Rosarubra x Musante. - Torri Cantine Store COM\",\"isPartOf\":{\"@id\":\"https:\\\/\\\/shop.torricantine.com\\\/de\\\/#website\"},\"primaryImageOfPage\":{\"@id\":\"https:\\\/\\\/shop.torricantine.com\\\/de\\\/produkt\\\/geschenkbox-fuer-1-flasche-rosarubra-x-musante\\\/#primaryimage\"},\"image\":{\"@id\":\"https:\\\/\\\/shop.torricantine.com\\\/de\\\/produkt\\\/geschenkbox-fuer-1-flasche-rosarubra-x-musante\\\/#primaryimage\"},\"thumbnailUrl\":\"https:\\\/\\\/shop.torricantine.com\\\/wp-content\\\/uploads\\\/2025\\\/11\\\/MUSANTE_1-packaging-3.png\",\"datePublished\":\"2025-11-06T15:30:00+00:00\",\"dateModified\":\"2025-11-06T15:36:30+00:00\",\"breadcrumb\":{\"@id\":\"https:\\\/\\\/shop.torricantine.com\\\/de\\\/produkt\\\/geschenkbox-fuer-1-flasche-rosarubra-x-musante\\\/#breadcrumb\"},\"inLanguage\":\"de\",\"potentialAction\":[{\"@type\":\"ReadAction\",\"target\":[\"https:\\\/\\\/shop.torricantine.com\\\/de\\\/produkt\\\/geschenkbox-fuer-1-flasche-rosarubra-x-musante\\\/\"]}]},{\"@type\":\"ImageObject\",\"inLanguage\":\"de\",\"@id\":\"https:\\\/\\\/shop.torricantine.com\\\/de\\\/produkt\\\/geschenkbox-fuer-1-flasche-rosarubra-x-musante\\\/#primaryimage\",\"url\":\"https:\\\/\\\/shop.torricantine.com\\\/wp-content\\\/uploads\\\/2025\\\/11\\\/MUSANTE_1-packaging-3.png\",\"contentUrl\":\"https:\\\/\\\/shop.torricantine.com\\\/wp-content\\\/uploads\\\/2025\\\/11\\\/MUSANTE_1-packaging-3.png\",\"width\":349,\"height\":799},{\"@type\":\"BreadcrumbList\",\"@id\":\"https:\\\/\\\/shop.torricantine.com\\\/de\\\/produkt\\\/geschenkbox-fuer-1-flasche-rosarubra-x-musante\\\/#breadcrumb\",\"itemListElement\":[{\"@type\":\"ListItem\",\"position\":1,\"name\":\"Home\",\"item\":\"https:\\\/\\\/shop.torricantine.com\\\/de\\\/\"},{\"@type\":\"ListItem\",\"position\":2,\"name\":\"Shop\",\"item\":\"https:\\\/\\\/shop.torricantine.com\\\/de\\\/shop\\\/\"},{\"@type\":\"ListItem\",\"position\":3,\"name\":\"Geschenkbox f\u00fcr 1 Flasche Rosarubra x Musante.\"}]},{\"@type\":\"WebSite\",\"@id\":\"https:\\\/\\\/shop.torricantine.com\\\/de\\\/#website\",\"url\":\"https:\\\/\\\/shop.torricantine.com\\\/de\\\/\",\"name\":\"Torri Cantine Store COM\",\"description\":\"Online store of our winery in Italy\",\"publisher\":{\"@id\":\"https:\\\/\\\/shop.torricantine.com\\\/de\\\/#organization\"},\"potentialAction\":[{\"@type\":\"SearchAction\",\"target\":{\"@type\":\"EntryPoint\",\"urlTemplate\":\"https:\\\/\\\/shop.torricantine.com\\\/de\\\/?s={search_term_string}\"},\"query-input\":{\"@type\":\"PropertyValueSpecification\",\"valueRequired\":true,\"valueName\":\"search_term_string\"}}],\"inLanguage\":\"de\"},{\"@type\":\"Organization\",\"@id\":\"https:\\\/\\\/shop.torricantine.com\\\/de\\\/#organization\",\"name\":\"Torri Cantine\",\"url\":\"https:\\\/\\\/shop.torricantine.com\\\/de\\\/\",\"logo\":{\"@type\":\"ImageObject\",\"inLanguage\":\"de\",\"@id\":\"https:\\\/\\\/shop.torricantine.com\\\/de\\\/#\\\/schema\\\/logo\\\/image\\\/\",\"url\":\"https:\\\/\\\/shop.torricantine.com\\\/wp-content\\\/uploads\\\/2020\\\/04\\\/torri-store-logo_text.png\",\"contentUrl\":\"https:\\\/\\\/shop.torricantine.com\\\/wp-content\\\/uploads\\\/2020\\\/04\\\/torri-store-logo_text.png\",\"width\":289,\"height\":361,\"caption\":\"Torri Cantine\"},\"image\":{\"@id\":\"https:\\\/\\\/shop.torricantine.com\\\/de\\\/#\\\/schema\\\/logo\\\/image\\\/\"}}]}<\/script>\n<!-- \/ Yoast SEO plugin. -->","yoast_head_json":{"title":"Geschenkbox f\u00fcr 1 Flasche Rosarubra x Musante. - Torri Cantine Store COM","robots":{"index":"index","follow":"follow","max-snippet":"max-snippet:-1","max-image-preview":"max-image-preview:large","max-video-preview":"max-video-preview:-1"},"canonical":"https:\/\/shop.torricantine.com\/de\/produkt\/geschenkbox-fuer-1-flasche-rosarubra-x-musante\/","og_locale":"de_DE","og_type":"article","og_title":"Geschenkbox f\u00fcr 1 Flasche Rosarubra x Musante. - Torri Cantine Store COM","og_description":"Die neue Weinkollektion von Rosarubra ist nicht nur ein Triumph des Geschmacks, sondern auch der \u00c4sthetik. Die Zusammenarbeit mit dem renommierten K\u00fcnstler Francesco Musante hat zur Schaffung einer exklusiven Verpackung gef\u00fchrt, die sich in ein wahres Kunstwerk verwandelt.  Jede Verpackung, erh\u00e4ltlich f\u00fcr eine, zwei oder drei Flaschen, wurde bis ins kleinste Detail gestaltet. Die von Musante signierten Etiketten spiegeln seine einzigartige k\u00fcnstlerische Vision wider und bereichern jede Flasche mit Farbakzenten, Poesie und Tr\u00e4umen. Doch nicht nur das Etikett beeindruckt \u2013 auch die Schachteln tragen die unverwechselbare Handschrift des K\u00fcnstlers. Die lebendigen Zeichnungen und eindrucksvollen Illustrationen machen jede Verpackung zu einem eigenst\u00e4ndigen Kunstwerk und jede Flasche zu einem besonderen Geschenk.  Das anspruchsvolle Design und die Liebe zum Detail machen diese Verpackung zur idealen Wahl f\u00fcr Geschenke. Eine Flasche aus der Rosarubra-Kollektion zu verschenken bedeutet nicht nur, einen Wein von h\u00f6chster Qualit\u00e4t zu \u00fcberreichen, sondern auch eine Geste raffinierter Eleganz und Wertsch\u00e4tzung f\u00fcr die Kunst. Ein Geschenk, das sowohl den Gaumen als auch die Seele ber\u00fchrt.","og_url":"https:\/\/shop.torricantine.com\/de\/produkt\/geschenkbox-fuer-1-flasche-rosarubra-x-musante\/","og_site_name":"Torri Cantine Store COM","article_modified_time":"2025-11-06T15:36:30+00:00","og_image":[{"width":349,"height":799,"url":"https:\/\/shop.torricantine.com\/wp-content\/uploads\/2025\/11\/MUSANTE_1-packaging-3.png","type":"image\/png"}],"twitter_card":"summary_large_image","schema":{"@context":"https:\/\/schema.org","@graph":[{"@type":"WebPage","@id":"https:\/\/shop.torricantine.com\/de\/produkt\/geschenkbox-fuer-1-flasche-rosarubra-x-musante\/","url":"https:\/\/shop.torricantine.com\/de\/produkt\/geschenkbox-fuer-1-flasche-rosarubra-x-musante\/","name":"Geschenkbox f\u00fcr 1 Flasche Rosarubra x Musante. - Torri Cantine Store COM","isPartOf":{"@id":"https:\/\/shop.torricantine.com\/de\/#website"},"primaryImageOfPage":{"@id":"https:\/\/shop.torricantine.com\/de\/produkt\/geschenkbox-fuer-1-flasche-rosarubra-x-musante\/#primaryimage"},"image":{"@id":"https:\/\/shop.torricantine.com\/de\/produkt\/geschenkbox-fuer-1-flasche-rosarubra-x-musante\/#primaryimage"},"thumbnailUrl":"https:\/\/shop.torricantine.com\/wp-content\/uploads\/2025\/11\/MUSANTE_1-packaging-3.png","datePublished":"2025-11-06T15:30:00+00:00","dateModified":"2025-11-06T15:36:30+00:00","breadcrumb":{"@id":"https:\/\/shop.torricantine.com\/de\/produkt\/geschenkbox-fuer-1-flasche-rosarubra-x-musante\/#breadcrumb"},"inLanguage":"de","potentialAction":[{"@type":"ReadAction","target":["https:\/\/shop.torricantine.com\/de\/produkt\/geschenkbox-fuer-1-flasche-rosarubra-x-musante\/"]}]},{"@type":"ImageObject","inLanguage":"de","@id":"https:\/\/shop.torricantine.com\/de\/produkt\/geschenkbox-fuer-1-flasche-rosarubra-x-musante\/#primaryimage","url":"https:\/\/shop.torricantine.com\/wp-content\/uploads\/2025\/11\/MUSANTE_1-packaging-3.png","contentUrl":"https:\/\/shop.torricantine.com\/wp-content\/uploads\/2025\/11\/MUSANTE_1-packaging-3.png","width":349,"height":799},{"@type":"BreadcrumbList","@id":"https:\/\/shop.torricantine.com\/de\/produkt\/geschenkbox-fuer-1-flasche-rosarubra-x-musante\/#breadcrumb","itemListElement":[{"@type":"ListItem","position":1,"name":"Home","item":"https:\/\/shop.torricantine.com\/de\/"},{"@type":"ListItem","position":2,"name":"Shop","item":"https:\/\/shop.torricantine.com\/de\/shop\/"},{"@type":"ListItem","position":3,"name":"Geschenkbox f\u00fcr 1 Flasche Rosarubra x Musante."}]},{"@type":"WebSite","@id":"https:\/\/shop.torricantine.com\/de\/#website","url":"https:\/\/shop.torricantine.com\/de\/","name":"Torri Cantine Store COM","description":"Online store of our winery in Italy","publisher":{"@id":"https:\/\/shop.torricantine.com\/de\/#organization"},"potentialAction":[{"@type":"SearchAction","target":{"@type":"EntryPoint","urlTemplate":"https:\/\/shop.torricantine.com\/de\/?s={search_term_string}"},"query-input":{"@type":"PropertyValueSpecification","valueRequired":true,"valueName":"search_term_string"}}],"inLanguage":"de"},{"@type":"Organization","@id":"https:\/\/shop.torricantine.com\/de\/#organization","name":"Torri Cantine","url":"https:\/\/shop.torricantine.com\/de\/","logo":{"@type":"ImageObject","inLanguage":"de","@id":"https:\/\/shop.torricantine.com\/de\/#\/schema\/logo\/image\/","url":"https:\/\/shop.torricantine.com\/wp-content\/uploads\/2020\/04\/torri-store-logo_text.png","contentUrl":"https:\/\/shop.torricantine.com\/wp-content\/uploads\/2020\/04\/torri-store-logo_text.png","width":289,"height":361,"caption":"Torri Cantine"},"image":{"@id":"https:\/\/shop.torricantine.com\/de\/#\/schema\/logo\/image\/"}}]}},"_links":{"self":[{"href":"https:\/\/shop.torricantine.com\/de\/wp-json\/wp\/v2\/product\/79898","targetHints":{"allow":["GET"]}}],"collection":[{"href":"https:\/\/shop.torricantine.com\/de\/wp-json\/wp\/v2\/product"}],"about":[{"href":"https:\/\/shop.torricantine.com\/de\/wp-json\/wp\/v2\/types\/product"}],"replies":[{"embeddable":true,"href":"https:\/\/shop.torricantine.com\/de\/wp-json\/wp\/v2\/comments?post=79898"}],"wp:featuredmedia":[{"embeddable":true,"href":"https:\/\/shop.torricantine.com\/de\/wp-json\/wp\/v2\/media\/79887"}],"wp:attachment":[{"href":"https:\/\/shop.torricantine.com\/de\/wp-json\/wp\/v2\/media?parent=79898"}],"wp:term":[{"taxonomy":"product_brand","embeddable":true,"href":"https:\/\/shop.torricantine.com\/de\/wp-json\/wp\/v2\/product_brand?post=79898"},{"taxonomy":"product_cat","embeddable":true,"href":"https:\/\/shop.torricantine.com\/de\/wp-json\/wp\/v2\/product_cat?post=79898"},{"taxonomy":"product_tag","embeddable":true,"href":"https:\/\/shop.torricantine.com\/de\/wp-json\/wp\/v2\/product_tag?post=79898"}],"curies":[{"name":"wp","href":"https:\/\/api.w.org\/{rel}","templated":true}]}}