{"id":79863,"date":"2025-11-06T17:25:17","date_gmt":"2025-11-06T15:25:17","guid":{"rendered":"https:\/\/shop.torricantine.com\/?post_type=product&#038;p=79863"},"modified":"2025-11-06T17:32:58","modified_gmt":"2025-11-06T15:32:58","slug":"musante-x-rosarubra-pecorino-abruzzo-doc-0-75l","status":"publish","type":"product","link":"https:\/\/shop.torricantine.com\/de\/produkt\/musante-x-rosarubra-pecorino-abruzzo-doc-0-75l\/","title":{"rendered":"Musante x Rosarubra &#8211; Pecorino Abruzzo DOC 0.75L"},"content":{"rendered":"<h2><strong>Francesco Musante x Rosarubra \u2013 Pecorino \u2013 Abruzzo DOC \u2013 14%<\/strong><\/h2>\n<p><strong>Sinneseindr\u00fccke<\/strong><\/p>\n<p><strong>Farbe<\/strong>: Ein kr\u00e4ftiges Strohgelb mit verf\u00fchrerischen goldenen Reflexen und ausgezeichneter Konsistenz.<br \/>\n<strong>Geruch<\/strong>: Gute aromatische Intensit\u00e4t, typisch und regional gepr\u00e4gt, mit Aromen von reifen Fr\u00fcchten wie Pfirsich, Mispel und Aprikose, dazu mineralische und krautige Noten sowie gemischte Kr\u00e4uter wie Thymian und Majoran.<br \/>\n<strong>Geschmack<\/strong>: Am Gaumen trocken, mit ausgezeichneter Frische und W\u00fcrze, gut ausbalanciert durch sp\u00fcrbare W\u00e4rme und angenehme Weichheit. Gute Geschmacksl\u00e4nge im Einklang mit den Aromen, leicht perlende Note und ein angenehmer mandelartiger Abgang.<\/p>\n<p><strong>Weinlese<\/strong>:<br \/>\nDie unber\u00fchrte Oase Rosarubra, eingebettet zwischen Meer und den Bergen der Abruzzen und umgeben von jahrhundertealten B\u00e4umen, profitiert von einem gro\u00dfartigen Temperaturunterschied durch ihre Lage auf 300 bis 500 Metern H\u00f6he. Ein Gebiet, das vollst\u00e4ndig von der Natur kontrolliert wird, frei von menschlichen Eingriffen.  <\/p>\n<p>Eine au\u00dfergew\u00f6hnliche, symbiotische Landwirtschaft, die die Mikrobiologie des Bodens und der Pflanzen respektiert, die Eigenproduktion f\u00f6rdert und einheimische Mykorrhizen nutzt, welche die Mikroorganismen des Bodens bereichern, das gesunde Wachstum der Reben f\u00f6rdern und die genetische Identit\u00e4t unseres Terroirs bewahren.  <\/p>\n<p>In diesem mittelschweren Boden w\u00e4chst der nach Guyot erzogene Weinberg dieser wertvollen, seltenen Linie, aus dem ein reiner Wein aus 100 % Pecorino-Trauben entsteht. Er genie\u00dft eine hervorragende Lage und zeichnet sich durch eine sehr hohe Pflanzdichte von \u00fcber 6000 Rebst\u00f6cken pro Hektar bei minimalen Ertr\u00e4gen von etwa 1,15 kg pro Rebstock aus.  <\/p>\n<p>W\u00e4hrend der manuellen Septemberernte werden nur die besten Trauben ausgew\u00e4hlt \u2013 das wertvolle Ergebnis dieser biodynamischen, organischen, regenerativen und nachhaltigen Landwirtschaft, die den vollen Respekt gegen\u00fcber Umwelt und \u00d6kosystem gew\u00e4hrleistet und die wahre Typizit\u00e4t des Terroirs zum Ausdruck bringt.  <\/p>\n<p><strong>Vinifikation:<\/strong><br \/>\nVinifikation in temperaturgesteuerten Stahltanks mit leicht \u00fcberreifen Trauben, gefolgt von malolaktischer G\u00e4rung und anschlie\u00dfender Reifung, ebenfalls im Stahl. Die Abf\u00fcllung erfolgt unter v\u00f6lliger Abwesenheit von Sauerstoff, gefolgt von einer abschlie\u00dfenden Reifezeit.  <\/p>\n<p><strong>Speiseempfehlung \u2013 Unser Pecorino:<\/strong><br \/>\nEin seltener, eleganter und langlebiger Wein, dieser Pecorino ist eine Freude, im Keller zu lagern, da er im Laufe der Jahre positiv \u00fcberrascht.  <\/p>\n<p>F\u00fcr diejenigen, die ihn sofort genie\u00dfen m\u00f6chten, empfehlen wir, ihn bei 8\u201310 \u00b0C in einem Wei\u00dfweinglas zu servieren, das seine Aromen und Geschmacksnoten optimal zur Geltung bringt. Ideal zu Aperitifs, Vorspeisen, Fischgerichten, vegetarischen Speisen, wei\u00dfem Fleisch sowie frischen oder halbgereiften K\u00e4sesorten. Denken Sie an eine Makrelen-Terrine, Wolfsbarschfilets in Weizenkruste, Pilz-Scaloppine, Tr\u00fcffelfasan oder einen jungen gepressten Asiago-K\u00e4se.<\/p>\n","protected":false},"excerpt":{"rendered":"<p>Francesco Musante x Rosarubra \u2013 Pecorino \u2013 Abruzzo DOC \u2013 14% Sinneseindr\u00fccke Farbe: Ein kr\u00e4ftiges Strohgelb mit verf\u00fchrerischen goldenen Reflexen und ausgezeichneter Konsistenz. Geruch: Gute aromatische Intensit\u00e4t, typisch und regional gepr\u00e4gt, mit Aromen von reifen Fr\u00fcchten wie Pfirsich, Mispel und Aprikose, dazu mineralische und krautige Noten sowie gemischte Kr\u00e4uter wie Thymian und Majoran. Geschmack: Am [&#8230;]\n","protected":false},"featured_media":79861,"comment_status":"open","ping_status":"closed","template":"","meta":[],"product_brand":[],"product_cat":[439,491,188],"product_tag":[],"class_list":{"0":"post-79863","1":"product","2":"type-product","3":"status-publish","4":"has-post-thumbnail","6":"product_cat-flaschen","7":"product_cat-francesco-musante-x-rosarubra","8":"product_cat-rosarubra-de","9":"product_shipping_class-bottiglie","11":"first","12":"instock","13":"sale","14":"taxable","15":"shipping-taxable","16":"purchasable","17":"product-type-simple"},"bundled_by":[],"bundle_stock_status":"instock","bundle_stock_quantity":null,"bundle_virtual":false,"bundle_layout":"","bundle_add_to_cart_form_location":"","bundle_editable_in_cart":false,"bundle_sold_individually_context":"","bundle_item_grouping":"","bundle_min_size":"","bundle_max_size":"","bundle_price":[],"bundled_items":[],"bundle_sell_ids":[],"yoast_head":"<!-- This site is optimized with the Yoast SEO plugin v27.5 - https:\/\/yoast.com\/product\/yoast-seo-wordpress\/ -->\n<title>Musante x Rosarubra - Pecorino Abruzzo DOC 0.75L - Torri Cantine Store COM<\/title>\n<meta name=\"robots\" content=\"index, follow, max-snippet:-1, max-image-preview:large, max-video-preview:-1\" \/>\n<link rel=\"canonical\" href=\"https:\/\/shop.torricantine.com\/de\/produkt\/musante-x-rosarubra-pecorino-abruzzo-doc-0-75l\/\" \/>\n<meta property=\"og:locale\" content=\"de_DE\" \/>\n<meta property=\"og:type\" content=\"article\" \/>\n<meta property=\"og:title\" content=\"Musante x Rosarubra - Pecorino Abruzzo DOC 0.75L - Torri Cantine Store COM\" \/>\n<meta property=\"og:description\" content=\"Francesco Musante x Rosarubra \u2013 Pecorino \u2013 Abruzzo DOC \u2013 14% Sinneseindr\u00fccke Farbe: Ein kr\u00e4ftiges Strohgelb mit verf\u00fchrerischen goldenen Reflexen und ausgezeichneter Konsistenz. Geruch: Gute aromatische Intensit\u00e4t, typisch und regional gepr\u00e4gt, mit Aromen von reifen Fr\u00fcchten wie Pfirsich, Mispel und Aprikose, dazu mineralische und krautige Noten sowie gemischte Kr\u00e4uter wie Thymian und Majoran. Geschmack: Am [...]\" \/>\n<meta property=\"og:url\" content=\"https:\/\/shop.torricantine.com\/de\/produkt\/musante-x-rosarubra-pecorino-abruzzo-doc-0-75l\/\" \/>\n<meta property=\"og:site_name\" content=\"Torri Cantine Store COM\" \/>\n<meta property=\"article:modified_time\" content=\"2025-11-06T15:32:58+00:00\" \/>\n<meta property=\"og:image\" content=\"https:\/\/shop.torricantine.com\/wp-content\/uploads\/2025\/11\/MUSANTE_pecorino-F-3.png\" \/>\n\t<meta property=\"og:image:width\" content=\"259\" \/>\n\t<meta property=\"og:image:height\" content=\"799\" \/>\n\t<meta property=\"og:image:type\" content=\"image\/png\" \/>\n<meta name=\"twitter:card\" content=\"summary_large_image\" \/>\n<meta name=\"twitter:label1\" content=\"Gesch\u00e4tzte Lesezeit\" \/>\n\t<meta name=\"twitter:data1\" content=\"2\u00a0Minuten\" \/>\n<script type=\"application\/ld+json\" class=\"yoast-schema-graph\">{\"@context\":\"https:\\\/\\\/schema.org\",\"@graph\":[{\"@type\":\"WebPage\",\"@id\":\"https:\\\/\\\/shop.torricantine.com\\\/de\\\/produkt\\\/musante-x-rosarubra-pecorino-abruzzo-doc-0-75l\\\/\",\"url\":\"https:\\\/\\\/shop.torricantine.com\\\/de\\\/produkt\\\/musante-x-rosarubra-pecorino-abruzzo-doc-0-75l\\\/\",\"name\":\"Musante x Rosarubra - Pecorino Abruzzo DOC 0.75L - Torri Cantine Store COM\",\"isPartOf\":{\"@id\":\"https:\\\/\\\/shop.torricantine.com\\\/de\\\/#website\"},\"primaryImageOfPage\":{\"@id\":\"https:\\\/\\\/shop.torricantine.com\\\/de\\\/produkt\\\/musante-x-rosarubra-pecorino-abruzzo-doc-0-75l\\\/#primaryimage\"},\"image\":{\"@id\":\"https:\\\/\\\/shop.torricantine.com\\\/de\\\/produkt\\\/musante-x-rosarubra-pecorino-abruzzo-doc-0-75l\\\/#primaryimage\"},\"thumbnailUrl\":\"https:\\\/\\\/shop.torricantine.com\\\/wp-content\\\/uploads\\\/2025\\\/11\\\/MUSANTE_pecorino-F-3.png\",\"datePublished\":\"2025-11-06T15:25:17+00:00\",\"dateModified\":\"2025-11-06T15:32:58+00:00\",\"breadcrumb\":{\"@id\":\"https:\\\/\\\/shop.torricantine.com\\\/de\\\/produkt\\\/musante-x-rosarubra-pecorino-abruzzo-doc-0-75l\\\/#breadcrumb\"},\"inLanguage\":\"de\",\"potentialAction\":[{\"@type\":\"ReadAction\",\"target\":[\"https:\\\/\\\/shop.torricantine.com\\\/de\\\/produkt\\\/musante-x-rosarubra-pecorino-abruzzo-doc-0-75l\\\/\"]}]},{\"@type\":\"ImageObject\",\"inLanguage\":\"de\",\"@id\":\"https:\\\/\\\/shop.torricantine.com\\\/de\\\/produkt\\\/musante-x-rosarubra-pecorino-abruzzo-doc-0-75l\\\/#primaryimage\",\"url\":\"https:\\\/\\\/shop.torricantine.com\\\/wp-content\\\/uploads\\\/2025\\\/11\\\/MUSANTE_pecorino-F-3.png\",\"contentUrl\":\"https:\\\/\\\/shop.torricantine.com\\\/wp-content\\\/uploads\\\/2025\\\/11\\\/MUSANTE_pecorino-F-3.png\",\"width\":259,\"height\":799},{\"@type\":\"BreadcrumbList\",\"@id\":\"https:\\\/\\\/shop.torricantine.com\\\/de\\\/produkt\\\/musante-x-rosarubra-pecorino-abruzzo-doc-0-75l\\\/#breadcrumb\",\"itemListElement\":[{\"@type\":\"ListItem\",\"position\":1,\"name\":\"Home\",\"item\":\"https:\\\/\\\/shop.torricantine.com\\\/de\\\/\"},{\"@type\":\"ListItem\",\"position\":2,\"name\":\"Shop\",\"item\":\"https:\\\/\\\/shop.torricantine.com\\\/de\\\/shop\\\/\"},{\"@type\":\"ListItem\",\"position\":3,\"name\":\"Musante x Rosarubra &#8211; Pecorino Abruzzo DOC 0.75L\"}]},{\"@type\":\"WebSite\",\"@id\":\"https:\\\/\\\/shop.torricantine.com\\\/de\\\/#website\",\"url\":\"https:\\\/\\\/shop.torricantine.com\\\/de\\\/\",\"name\":\"Torri Cantine Store COM\",\"description\":\"Online store of our winery in Italy\",\"publisher\":{\"@id\":\"https:\\\/\\\/shop.torricantine.com\\\/de\\\/#organization\"},\"potentialAction\":[{\"@type\":\"SearchAction\",\"target\":{\"@type\":\"EntryPoint\",\"urlTemplate\":\"https:\\\/\\\/shop.torricantine.com\\\/de\\\/?s={search_term_string}\"},\"query-input\":{\"@type\":\"PropertyValueSpecification\",\"valueRequired\":true,\"valueName\":\"search_term_string\"}}],\"inLanguage\":\"de\"},{\"@type\":\"Organization\",\"@id\":\"https:\\\/\\\/shop.torricantine.com\\\/de\\\/#organization\",\"name\":\"Torri Cantine\",\"url\":\"https:\\\/\\\/shop.torricantine.com\\\/de\\\/\",\"logo\":{\"@type\":\"ImageObject\",\"inLanguage\":\"de\",\"@id\":\"https:\\\/\\\/shop.torricantine.com\\\/de\\\/#\\\/schema\\\/logo\\\/image\\\/\",\"url\":\"https:\\\/\\\/shop.torricantine.com\\\/wp-content\\\/uploads\\\/2020\\\/04\\\/torri-store-logo_text.png\",\"contentUrl\":\"https:\\\/\\\/shop.torricantine.com\\\/wp-content\\\/uploads\\\/2020\\\/04\\\/torri-store-logo_text.png\",\"width\":289,\"height\":361,\"caption\":\"Torri Cantine\"},\"image\":{\"@id\":\"https:\\\/\\\/shop.torricantine.com\\\/de\\\/#\\\/schema\\\/logo\\\/image\\\/\"}}]}<\/script>\n<!-- \/ Yoast SEO plugin. -->","yoast_head_json":{"title":"Musante x Rosarubra - Pecorino Abruzzo DOC 0.75L - Torri Cantine Store COM","robots":{"index":"index","follow":"follow","max-snippet":"max-snippet:-1","max-image-preview":"max-image-preview:large","max-video-preview":"max-video-preview:-1"},"canonical":"https:\/\/shop.torricantine.com\/de\/produkt\/musante-x-rosarubra-pecorino-abruzzo-doc-0-75l\/","og_locale":"de_DE","og_type":"article","og_title":"Musante x Rosarubra - Pecorino Abruzzo DOC 0.75L - Torri Cantine Store COM","og_description":"Francesco Musante x Rosarubra \u2013 Pecorino \u2013 Abruzzo DOC \u2013 14% Sinneseindr\u00fccke Farbe: Ein kr\u00e4ftiges Strohgelb mit verf\u00fchrerischen goldenen Reflexen und ausgezeichneter Konsistenz. Geruch: Gute aromatische Intensit\u00e4t, typisch und regional gepr\u00e4gt, mit Aromen von reifen Fr\u00fcchten wie Pfirsich, Mispel und Aprikose, dazu mineralische und krautige Noten sowie gemischte Kr\u00e4uter wie Thymian und Majoran. Geschmack: Am [...]","og_url":"https:\/\/shop.torricantine.com\/de\/produkt\/musante-x-rosarubra-pecorino-abruzzo-doc-0-75l\/","og_site_name":"Torri Cantine Store COM","article_modified_time":"2025-11-06T15:32:58+00:00","og_image":[{"width":259,"height":799,"url":"https:\/\/shop.torricantine.com\/wp-content\/uploads\/2025\/11\/MUSANTE_pecorino-F-3.png","type":"image\/png"}],"twitter_card":"summary_large_image","twitter_misc":{"Gesch\u00e4tzte Lesezeit":"2\u00a0Minuten"},"schema":{"@context":"https:\/\/schema.org","@graph":[{"@type":"WebPage","@id":"https:\/\/shop.torricantine.com\/de\/produkt\/musante-x-rosarubra-pecorino-abruzzo-doc-0-75l\/","url":"https:\/\/shop.torricantine.com\/de\/produkt\/musante-x-rosarubra-pecorino-abruzzo-doc-0-75l\/","name":"Musante x Rosarubra - Pecorino Abruzzo DOC 0.75L - Torri Cantine Store COM","isPartOf":{"@id":"https:\/\/shop.torricantine.com\/de\/#website"},"primaryImageOfPage":{"@id":"https:\/\/shop.torricantine.com\/de\/produkt\/musante-x-rosarubra-pecorino-abruzzo-doc-0-75l\/#primaryimage"},"image":{"@id":"https:\/\/shop.torricantine.com\/de\/produkt\/musante-x-rosarubra-pecorino-abruzzo-doc-0-75l\/#primaryimage"},"thumbnailUrl":"https:\/\/shop.torricantine.com\/wp-content\/uploads\/2025\/11\/MUSANTE_pecorino-F-3.png","datePublished":"2025-11-06T15:25:17+00:00","dateModified":"2025-11-06T15:32:58+00:00","breadcrumb":{"@id":"https:\/\/shop.torricantine.com\/de\/produkt\/musante-x-rosarubra-pecorino-abruzzo-doc-0-75l\/#breadcrumb"},"inLanguage":"de","potentialAction":[{"@type":"ReadAction","target":["https:\/\/shop.torricantine.com\/de\/produkt\/musante-x-rosarubra-pecorino-abruzzo-doc-0-75l\/"]}]},{"@type":"ImageObject","inLanguage":"de","@id":"https:\/\/shop.torricantine.com\/de\/produkt\/musante-x-rosarubra-pecorino-abruzzo-doc-0-75l\/#primaryimage","url":"https:\/\/shop.torricantine.com\/wp-content\/uploads\/2025\/11\/MUSANTE_pecorino-F-3.png","contentUrl":"https:\/\/shop.torricantine.com\/wp-content\/uploads\/2025\/11\/MUSANTE_pecorino-F-3.png","width":259,"height":799},{"@type":"BreadcrumbList","@id":"https:\/\/shop.torricantine.com\/de\/produkt\/musante-x-rosarubra-pecorino-abruzzo-doc-0-75l\/#breadcrumb","itemListElement":[{"@type":"ListItem","position":1,"name":"Home","item":"https:\/\/shop.torricantine.com\/de\/"},{"@type":"ListItem","position":2,"name":"Shop","item":"https:\/\/shop.torricantine.com\/de\/shop\/"},{"@type":"ListItem","position":3,"name":"Musante x Rosarubra &#8211; Pecorino Abruzzo DOC 0.75L"}]},{"@type":"WebSite","@id":"https:\/\/shop.torricantine.com\/de\/#website","url":"https:\/\/shop.torricantine.com\/de\/","name":"Torri Cantine Store COM","description":"Online store of our winery in Italy","publisher":{"@id":"https:\/\/shop.torricantine.com\/de\/#organization"},"potentialAction":[{"@type":"SearchAction","target":{"@type":"EntryPoint","urlTemplate":"https:\/\/shop.torricantine.com\/de\/?s={search_term_string}"},"query-input":{"@type":"PropertyValueSpecification","valueRequired":true,"valueName":"search_term_string"}}],"inLanguage":"de"},{"@type":"Organization","@id":"https:\/\/shop.torricantine.com\/de\/#organization","name":"Torri Cantine","url":"https:\/\/shop.torricantine.com\/de\/","logo":{"@type":"ImageObject","inLanguage":"de","@id":"https:\/\/shop.torricantine.com\/de\/#\/schema\/logo\/image\/","url":"https:\/\/shop.torricantine.com\/wp-content\/uploads\/2020\/04\/torri-store-logo_text.png","contentUrl":"https:\/\/shop.torricantine.com\/wp-content\/uploads\/2020\/04\/torri-store-logo_text.png","width":289,"height":361,"caption":"Torri Cantine"},"image":{"@id":"https:\/\/shop.torricantine.com\/de\/#\/schema\/logo\/image\/"}}]}},"_links":{"self":[{"href":"https:\/\/shop.torricantine.com\/de\/wp-json\/wp\/v2\/product\/79863","targetHints":{"allow":["GET"]}}],"collection":[{"href":"https:\/\/shop.torricantine.com\/de\/wp-json\/wp\/v2\/product"}],"about":[{"href":"https:\/\/shop.torricantine.com\/de\/wp-json\/wp\/v2\/types\/product"}],"replies":[{"embeddable":true,"href":"https:\/\/shop.torricantine.com\/de\/wp-json\/wp\/v2\/comments?post=79863"}],"wp:featuredmedia":[{"embeddable":true,"href":"https:\/\/shop.torricantine.com\/de\/wp-json\/wp\/v2\/media\/79861"}],"wp:attachment":[{"href":"https:\/\/shop.torricantine.com\/de\/wp-json\/wp\/v2\/media?parent=79863"}],"wp:term":[{"taxonomy":"product_brand","embeddable":true,"href":"https:\/\/shop.torricantine.com\/de\/wp-json\/wp\/v2\/product_brand?post=79863"},{"taxonomy":"product_cat","embeddable":true,"href":"https:\/\/shop.torricantine.com\/de\/wp-json\/wp\/v2\/product_cat?post=79863"},{"taxonomy":"product_tag","embeddable":true,"href":"https:\/\/shop.torricantine.com\/de\/wp-json\/wp\/v2\/product_tag?post=79863"}],"curies":[{"name":"wp","href":"https:\/\/api.w.org\/{rel}","templated":true}]}}