{"id":79851,"date":"2025-11-06T17:23:47","date_gmt":"2025-11-06T15:23:47","guid":{"rendered":"https:\/\/shop.torricantine.com\/?post_type=product&#038;p=79851"},"modified":"2025-11-06T17:33:56","modified_gmt":"2025-11-06T15:33:56","slug":"musante-x-rosarubra-montepulciano-dabruzzo-doc-riserva-075l","status":"publish","type":"product","link":"https:\/\/shop.torricantine.com\/de\/produkt\/musante-x-rosarubra-montepulciano-dabruzzo-doc-riserva-075l\/","title":{"rendered":"Musante x Rosarubra \u2013 Montepulciano d\u2019Abruzzo DOC Riserva 0,75L"},"content":{"rendered":"<h2><strong>Francesco Musante x Rosarubra \u2013 <\/strong><strong>Montepulciano d\u2019Abruzzo<\/strong><strong> DOC Riserva \u2013 14,5%<\/strong><\/h2>\n<p><strong>Sinneseindr\u00fccke<\/strong><\/p>\n<p><strong>Farbe<\/strong>: Ein fast schwarzes Rot, kompakt, undurchdringlich und mit ausgezeichneter Konsistenz.<br \/>\n<strong>Geruch<\/strong>: Intensiv und komplex, mit Noten von reifer Kirsche, getrockneten Rosen, roter Fruchtmarmelade sowie Ankl\u00e4ngen von trockenem Heu und s\u00fc\u00dfen, vanilligen Gew\u00fcrzen.<br \/>\n<strong>Geschmack<\/strong>: Am Gaumen trocken, mit sch\u00f6ner S\u00e4ure und W\u00fcrze, und kr\u00e4ftigen Tanninen, die durch W\u00e4rme und ausgleichende Weichheit abgerundet werden.<\/p>\n<p>Kirsche und Sauerkirsche in Lik\u00f6r, ger\u00f6steter Tabak, Lakritze und ein zarter Hauch von Eisen mit Noten von trockenem Heu und Vanille. Langer, anhaltender Abgang mit roter Fruchtmarmelade und Gew\u00fcrzen.<\/p>\n<p><strong>Weinlese<\/strong>:<br \/>\nDie unber\u00fchrte Oase Rosarubra, eingebettet zwischen Meer und den Bergen der Abruzzen und umgeben von jahrhundertealten B\u00e4umen, profitiert von einem gro\u00dfartigen Temperaturunterschied durch ihre Lage auf 300 bis 500 Metern H\u00f6he. Ein Gebiet, das vollst\u00e4ndig von der Natur kontrolliert wird, frei von menschlichen Eingriffen.<\/p>\n<p>Eine au\u00dfergew\u00f6hnliche symbiotische Landwirtschaft, die die Mikrobiologie des Bodens und der Pflanzen respektiert, die Selbstproduktion f\u00f6rdert und einheimische Mykorrhizen verwendet, welche die Mikroorganismen des Bodens bereichern, das gesunde Wachstum der Reben st\u00e4rken und die Genetik unseres Terroirs bewahren.<\/p>\n<p>In diesem mittelschweren Boden wachsen die nach Guyot-, Kordon- und Abruzzen-Pergola-System erzogenen Reben dieser kostbaren, seltenen Linie, aus denen ein reinsortiger Wein aus 100 % Montepulciano d\u2019Abruzzo-Trauben entsteht. Die Reben genie\u00dfen eine hervorragende Lage und eine sehr hohe Pflanzdichte von \u00fcber 5000 St\u00f6cken pro Hektar, bei minimalen Ertr\u00e4gen von etwa 1,2 kg pro Rebstock.<\/p>\n<p>W\u00e4hrend der manuellen Oktoberernte werden nur die besten Trauben ausgew\u00e4hlt \u2013 das kostbare Ergebnis dieser biodynamischen, organischen, regenerativen und nachhaltigen Landwirtschaft, die den vollen Respekt gegen\u00fcber Umwelt und \u00d6kosystem gew\u00e4hrleistet und die wahre Typizit\u00e4t des Terroirs zum Ausdruck bringt.<\/p>\n<p><strong>Vinifikation:<\/strong><br \/>\nVinifikation in 10-hl-Slawonien-Eichenf\u00e4ssern, gefolgt von malolaktischer G\u00e4rung und weiterer Reifung in 300-Liter-Eichenf\u00e4ssern. Abgef\u00fcllt in v\u00f6lliger Abwesenheit von Sauerstoff, mit abschlie\u00dfender Reifezeit.<\/p>\n<p><strong>Speiseempfehlung <\/strong><strong>Montepulciano d\u2019Abruzzo DOC:<\/strong><br \/>\nEin seltener, anspruchsvoller und langlebiger Wein \u2013 dieser Montepulciano d\u2019Abruzzo DOC ist eine Freude, im Keller zu lagern, da er sich mit der Zeit positiv entwickelt.<\/p>\n<p>F\u00fcr diejenigen, die ihn sofort genie\u00dfen m\u00f6chten, empfehlen wir, den Wein bei 16\u201318 \u00b0C in einem gro\u00dfen Glas mit weitem Rand zu servieren und ihn etwas vor dem Servieren zu \u00f6ffnen, damit er sich voll entfalten kann.<\/p>\n<p>Perfekt zu jeder Gelegenheit \u2013 allein oder in Gesellschaft \u2013 besonders zu strukturierten und w\u00fcrzigen Gerichten: Aperitifs, Vorspeisen, vegetarische Gerichte, rotes Fleisch und mittel- bis langgereifte K\u00e4sesorten. Denken Sie an Schinkenwindbeutel, Pappardelle mit Wildschweinragout, Parmesanrisotto, Steak mit schwarzem Pfeffer, gegrilltes Rinderfilet oder gereiften Pecorino aus den Abruzzen.<\/p>\n","protected":false},"excerpt":{"rendered":"<p>Francesco Musante x Rosarubra \u2013 Montepulciano d\u2019Abruzzo DOC Riserva \u2013 14,5% Sinneseindr\u00fccke Farbe: Ein fast schwarzes Rot, kompakt, undurchdringlich und mit ausgezeichneter Konsistenz. Geruch: Intensiv und komplex, mit Noten von reifer Kirsche, getrockneten Rosen, roter Fruchtmarmelade sowie Ankl\u00e4ngen von trockenem Heu und s\u00fc\u00dfen, vanilligen Gew\u00fcrzen. Geschmack: Am Gaumen trocken, mit sch\u00f6ner S\u00e4ure und W\u00fcrze, und [&#8230;]\n","protected":false},"featured_media":79835,"comment_status":"closed","ping_status":"closed","template":"","meta":[],"product_brand":[],"product_cat":[439,491,188],"product_tag":[],"class_list":{"0":"post-79851","1":"product","2":"type-product","3":"status-publish","4":"has-post-thumbnail","6":"product_cat-flaschen","7":"product_cat-francesco-musante-x-rosarubra","8":"product_cat-rosarubra-de","9":"product_shipping_class-bottiglie","11":"first","12":"instock","13":"sale","14":"taxable","15":"shipping-taxable","16":"purchasable","17":"product-type-simple"},"bundled_by":[],"bundle_stock_status":"instock","bundle_stock_quantity":null,"bundle_virtual":false,"bundle_layout":"","bundle_add_to_cart_form_location":"","bundle_editable_in_cart":false,"bundle_sold_individually_context":"","bundle_item_grouping":"","bundle_min_size":"","bundle_max_size":"","bundle_price":[],"bundled_items":[],"bundle_sell_ids":[],"yoast_head":"<!-- This site is optimized with the Yoast SEO plugin v27.5 - https:\/\/yoast.com\/product\/yoast-seo-wordpress\/ -->\n<title>Musante x Rosarubra \u2013 Montepulciano d\u2019Abruzzo DOC Riserva 0,75L - Torri Cantine Store COM<\/title>\n<meta name=\"robots\" content=\"index, follow, max-snippet:-1, max-image-preview:large, max-video-preview:-1\" \/>\n<link rel=\"canonical\" href=\"https:\/\/shop.torricantine.com\/de\/produkt\/musante-x-rosarubra-montepulciano-dabruzzo-doc-riserva-075l\/\" \/>\n<meta property=\"og:locale\" content=\"de_DE\" \/>\n<meta property=\"og:type\" content=\"article\" \/>\n<meta property=\"og:title\" content=\"Musante x Rosarubra \u2013 Montepulciano d\u2019Abruzzo DOC Riserva 0,75L - Torri Cantine Store COM\" \/>\n<meta property=\"og:description\" content=\"Francesco Musante x Rosarubra \u2013 Montepulciano d\u2019Abruzzo DOC Riserva \u2013 14,5% Sinneseindr\u00fccke Farbe: Ein fast schwarzes Rot, kompakt, undurchdringlich und mit ausgezeichneter Konsistenz. Geruch: Intensiv und komplex, mit Noten von reifer Kirsche, getrockneten Rosen, roter Fruchtmarmelade sowie Ankl\u00e4ngen von trockenem Heu und s\u00fc\u00dfen, vanilligen Gew\u00fcrzen. Geschmack: Am Gaumen trocken, mit sch\u00f6ner S\u00e4ure und W\u00fcrze, und [...]\" \/>\n<meta property=\"og:url\" content=\"https:\/\/shop.torricantine.com\/de\/produkt\/musante-x-rosarubra-montepulciano-dabruzzo-doc-riserva-075l\/\" \/>\n<meta property=\"og:site_name\" content=\"Torri Cantine Store COM\" \/>\n<meta property=\"article:modified_time\" content=\"2025-11-06T15:33:56+00:00\" \/>\n<meta property=\"og:image\" content=\"https:\/\/shop.torricantine.com\/wp-content\/uploads\/2025\/11\/MUSANTE_mda-blu-F-1.png\" \/>\n\t<meta property=\"og:image:width\" content=\"249\" \/>\n\t<meta property=\"og:image:height\" content=\"800\" \/>\n\t<meta property=\"og:image:type\" content=\"image\/png\" \/>\n<meta name=\"twitter:card\" content=\"summary_large_image\" \/>\n<meta name=\"twitter:label1\" content=\"Gesch\u00e4tzte Lesezeit\" \/>\n\t<meta name=\"twitter:data1\" content=\"2\u00a0Minuten\" \/>\n<script type=\"application\/ld+json\" class=\"yoast-schema-graph\">{\"@context\":\"https:\\\/\\\/schema.org\",\"@graph\":[{\"@type\":\"WebPage\",\"@id\":\"https:\\\/\\\/shop.torricantine.com\\\/de\\\/produkt\\\/musante-x-rosarubra-montepulciano-dabruzzo-doc-riserva-075l\\\/\",\"url\":\"https:\\\/\\\/shop.torricantine.com\\\/de\\\/produkt\\\/musante-x-rosarubra-montepulciano-dabruzzo-doc-riserva-075l\\\/\",\"name\":\"Musante x Rosarubra \u2013 Montepulciano d\u2019Abruzzo DOC Riserva 0,75L - Torri Cantine Store COM\",\"isPartOf\":{\"@id\":\"https:\\\/\\\/shop.torricantine.com\\\/de\\\/#website\"},\"primaryImageOfPage\":{\"@id\":\"https:\\\/\\\/shop.torricantine.com\\\/de\\\/produkt\\\/musante-x-rosarubra-montepulciano-dabruzzo-doc-riserva-075l\\\/#primaryimage\"},\"image\":{\"@id\":\"https:\\\/\\\/shop.torricantine.com\\\/de\\\/produkt\\\/musante-x-rosarubra-montepulciano-dabruzzo-doc-riserva-075l\\\/#primaryimage\"},\"thumbnailUrl\":\"https:\\\/\\\/shop.torricantine.com\\\/wp-content\\\/uploads\\\/2025\\\/11\\\/MUSANTE_mda-blu-F-1.png\",\"datePublished\":\"2025-11-06T15:23:47+00:00\",\"dateModified\":\"2025-11-06T15:33:56+00:00\",\"breadcrumb\":{\"@id\":\"https:\\\/\\\/shop.torricantine.com\\\/de\\\/produkt\\\/musante-x-rosarubra-montepulciano-dabruzzo-doc-riserva-075l\\\/#breadcrumb\"},\"inLanguage\":\"de\",\"potentialAction\":[{\"@type\":\"ReadAction\",\"target\":[\"https:\\\/\\\/shop.torricantine.com\\\/de\\\/produkt\\\/musante-x-rosarubra-montepulciano-dabruzzo-doc-riserva-075l\\\/\"]}]},{\"@type\":\"ImageObject\",\"inLanguage\":\"de\",\"@id\":\"https:\\\/\\\/shop.torricantine.com\\\/de\\\/produkt\\\/musante-x-rosarubra-montepulciano-dabruzzo-doc-riserva-075l\\\/#primaryimage\",\"url\":\"https:\\\/\\\/shop.torricantine.com\\\/wp-content\\\/uploads\\\/2025\\\/11\\\/MUSANTE_mda-blu-F-1.png\",\"contentUrl\":\"https:\\\/\\\/shop.torricantine.com\\\/wp-content\\\/uploads\\\/2025\\\/11\\\/MUSANTE_mda-blu-F-1.png\",\"width\":249,\"height\":800},{\"@type\":\"BreadcrumbList\",\"@id\":\"https:\\\/\\\/shop.torricantine.com\\\/de\\\/produkt\\\/musante-x-rosarubra-montepulciano-dabruzzo-doc-riserva-075l\\\/#breadcrumb\",\"itemListElement\":[{\"@type\":\"ListItem\",\"position\":1,\"name\":\"Home\",\"item\":\"https:\\\/\\\/shop.torricantine.com\\\/de\\\/\"},{\"@type\":\"ListItem\",\"position\":2,\"name\":\"Shop\",\"item\":\"https:\\\/\\\/shop.torricantine.com\\\/de\\\/shop\\\/\"},{\"@type\":\"ListItem\",\"position\":3,\"name\":\"Musante x Rosarubra \u2013 Montepulciano d\u2019Abruzzo DOC Riserva 0,75L\"}]},{\"@type\":\"WebSite\",\"@id\":\"https:\\\/\\\/shop.torricantine.com\\\/de\\\/#website\",\"url\":\"https:\\\/\\\/shop.torricantine.com\\\/de\\\/\",\"name\":\"Torri Cantine Store COM\",\"description\":\"Online store of our winery in Italy\",\"publisher\":{\"@id\":\"https:\\\/\\\/shop.torricantine.com\\\/de\\\/#organization\"},\"potentialAction\":[{\"@type\":\"SearchAction\",\"target\":{\"@type\":\"EntryPoint\",\"urlTemplate\":\"https:\\\/\\\/shop.torricantine.com\\\/de\\\/?s={search_term_string}\"},\"query-input\":{\"@type\":\"PropertyValueSpecification\",\"valueRequired\":true,\"valueName\":\"search_term_string\"}}],\"inLanguage\":\"de\"},{\"@type\":\"Organization\",\"@id\":\"https:\\\/\\\/shop.torricantine.com\\\/de\\\/#organization\",\"name\":\"Torri Cantine\",\"url\":\"https:\\\/\\\/shop.torricantine.com\\\/de\\\/\",\"logo\":{\"@type\":\"ImageObject\",\"inLanguage\":\"de\",\"@id\":\"https:\\\/\\\/shop.torricantine.com\\\/de\\\/#\\\/schema\\\/logo\\\/image\\\/\",\"url\":\"https:\\\/\\\/shop.torricantine.com\\\/wp-content\\\/uploads\\\/2020\\\/04\\\/torri-store-logo_text.png\",\"contentUrl\":\"https:\\\/\\\/shop.torricantine.com\\\/wp-content\\\/uploads\\\/2020\\\/04\\\/torri-store-logo_text.png\",\"width\":289,\"height\":361,\"caption\":\"Torri Cantine\"},\"image\":{\"@id\":\"https:\\\/\\\/shop.torricantine.com\\\/de\\\/#\\\/schema\\\/logo\\\/image\\\/\"}}]}<\/script>\n<!-- \/ Yoast SEO plugin. -->","yoast_head_json":{"title":"Musante x Rosarubra \u2013 Montepulciano d\u2019Abruzzo DOC Riserva 0,75L - Torri Cantine Store COM","robots":{"index":"index","follow":"follow","max-snippet":"max-snippet:-1","max-image-preview":"max-image-preview:large","max-video-preview":"max-video-preview:-1"},"canonical":"https:\/\/shop.torricantine.com\/de\/produkt\/musante-x-rosarubra-montepulciano-dabruzzo-doc-riserva-075l\/","og_locale":"de_DE","og_type":"article","og_title":"Musante x Rosarubra \u2013 Montepulciano d\u2019Abruzzo DOC Riserva 0,75L - Torri Cantine Store COM","og_description":"Francesco Musante x Rosarubra \u2013 Montepulciano d\u2019Abruzzo DOC Riserva \u2013 14,5% Sinneseindr\u00fccke Farbe: Ein fast schwarzes Rot, kompakt, undurchdringlich und mit ausgezeichneter Konsistenz. Geruch: Intensiv und komplex, mit Noten von reifer Kirsche, getrockneten Rosen, roter Fruchtmarmelade sowie Ankl\u00e4ngen von trockenem Heu und s\u00fc\u00dfen, vanilligen Gew\u00fcrzen. Geschmack: Am Gaumen trocken, mit sch\u00f6ner S\u00e4ure und W\u00fcrze, und [...]","og_url":"https:\/\/shop.torricantine.com\/de\/produkt\/musante-x-rosarubra-montepulciano-dabruzzo-doc-riserva-075l\/","og_site_name":"Torri Cantine Store COM","article_modified_time":"2025-11-06T15:33:56+00:00","og_image":[{"width":249,"height":800,"url":"https:\/\/shop.torricantine.com\/wp-content\/uploads\/2025\/11\/MUSANTE_mda-blu-F-1.png","type":"image\/png"}],"twitter_card":"summary_large_image","twitter_misc":{"Gesch\u00e4tzte Lesezeit":"2\u00a0Minuten"},"schema":{"@context":"https:\/\/schema.org","@graph":[{"@type":"WebPage","@id":"https:\/\/shop.torricantine.com\/de\/produkt\/musante-x-rosarubra-montepulciano-dabruzzo-doc-riserva-075l\/","url":"https:\/\/shop.torricantine.com\/de\/produkt\/musante-x-rosarubra-montepulciano-dabruzzo-doc-riserva-075l\/","name":"Musante x Rosarubra \u2013 Montepulciano d\u2019Abruzzo DOC Riserva 0,75L - Torri Cantine Store COM","isPartOf":{"@id":"https:\/\/shop.torricantine.com\/de\/#website"},"primaryImageOfPage":{"@id":"https:\/\/shop.torricantine.com\/de\/produkt\/musante-x-rosarubra-montepulciano-dabruzzo-doc-riserva-075l\/#primaryimage"},"image":{"@id":"https:\/\/shop.torricantine.com\/de\/produkt\/musante-x-rosarubra-montepulciano-dabruzzo-doc-riserva-075l\/#primaryimage"},"thumbnailUrl":"https:\/\/shop.torricantine.com\/wp-content\/uploads\/2025\/11\/MUSANTE_mda-blu-F-1.png","datePublished":"2025-11-06T15:23:47+00:00","dateModified":"2025-11-06T15:33:56+00:00","breadcrumb":{"@id":"https:\/\/shop.torricantine.com\/de\/produkt\/musante-x-rosarubra-montepulciano-dabruzzo-doc-riserva-075l\/#breadcrumb"},"inLanguage":"de","potentialAction":[{"@type":"ReadAction","target":["https:\/\/shop.torricantine.com\/de\/produkt\/musante-x-rosarubra-montepulciano-dabruzzo-doc-riserva-075l\/"]}]},{"@type":"ImageObject","inLanguage":"de","@id":"https:\/\/shop.torricantine.com\/de\/produkt\/musante-x-rosarubra-montepulciano-dabruzzo-doc-riserva-075l\/#primaryimage","url":"https:\/\/shop.torricantine.com\/wp-content\/uploads\/2025\/11\/MUSANTE_mda-blu-F-1.png","contentUrl":"https:\/\/shop.torricantine.com\/wp-content\/uploads\/2025\/11\/MUSANTE_mda-blu-F-1.png","width":249,"height":800},{"@type":"BreadcrumbList","@id":"https:\/\/shop.torricantine.com\/de\/produkt\/musante-x-rosarubra-montepulciano-dabruzzo-doc-riserva-075l\/#breadcrumb","itemListElement":[{"@type":"ListItem","position":1,"name":"Home","item":"https:\/\/shop.torricantine.com\/de\/"},{"@type":"ListItem","position":2,"name":"Shop","item":"https:\/\/shop.torricantine.com\/de\/shop\/"},{"@type":"ListItem","position":3,"name":"Musante x Rosarubra \u2013 Montepulciano d\u2019Abruzzo DOC Riserva 0,75L"}]},{"@type":"WebSite","@id":"https:\/\/shop.torricantine.com\/de\/#website","url":"https:\/\/shop.torricantine.com\/de\/","name":"Torri Cantine Store COM","description":"Online store of our winery in Italy","publisher":{"@id":"https:\/\/shop.torricantine.com\/de\/#organization"},"potentialAction":[{"@type":"SearchAction","target":{"@type":"EntryPoint","urlTemplate":"https:\/\/shop.torricantine.com\/de\/?s={search_term_string}"},"query-input":{"@type":"PropertyValueSpecification","valueRequired":true,"valueName":"search_term_string"}}],"inLanguage":"de"},{"@type":"Organization","@id":"https:\/\/shop.torricantine.com\/de\/#organization","name":"Torri Cantine","url":"https:\/\/shop.torricantine.com\/de\/","logo":{"@type":"ImageObject","inLanguage":"de","@id":"https:\/\/shop.torricantine.com\/de\/#\/schema\/logo\/image\/","url":"https:\/\/shop.torricantine.com\/wp-content\/uploads\/2020\/04\/torri-store-logo_text.png","contentUrl":"https:\/\/shop.torricantine.com\/wp-content\/uploads\/2020\/04\/torri-store-logo_text.png","width":289,"height":361,"caption":"Torri Cantine"},"image":{"@id":"https:\/\/shop.torricantine.com\/de\/#\/schema\/logo\/image\/"}}]}},"_links":{"self":[{"href":"https:\/\/shop.torricantine.com\/de\/wp-json\/wp\/v2\/product\/79851","targetHints":{"allow":["GET"]}}],"collection":[{"href":"https:\/\/shop.torricantine.com\/de\/wp-json\/wp\/v2\/product"}],"about":[{"href":"https:\/\/shop.torricantine.com\/de\/wp-json\/wp\/v2\/types\/product"}],"replies":[{"embeddable":true,"href":"https:\/\/shop.torricantine.com\/de\/wp-json\/wp\/v2\/comments?post=79851"}],"wp:featuredmedia":[{"embeddable":true,"href":"https:\/\/shop.torricantine.com\/de\/wp-json\/wp\/v2\/media\/79835"}],"wp:attachment":[{"href":"https:\/\/shop.torricantine.com\/de\/wp-json\/wp\/v2\/media?parent=79851"}],"wp:term":[{"taxonomy":"product_brand","embeddable":true,"href":"https:\/\/shop.torricantine.com\/de\/wp-json\/wp\/v2\/product_brand?post=79851"},{"taxonomy":"product_cat","embeddable":true,"href":"https:\/\/shop.torricantine.com\/de\/wp-json\/wp\/v2\/product_cat?post=79851"},{"taxonomy":"product_tag","embeddable":true,"href":"https:\/\/shop.torricantine.com\/de\/wp-json\/wp\/v2\/product_tag?post=79851"}],"curies":[{"name":"wp","href":"https:\/\/api.w.org\/{rel}","templated":true}]}}