{"id":77926,"date":"2025-08-26T12:11:50","date_gmt":"2025-08-26T10:11:50","guid":{"rendered":"https:\/\/shop.torricantine.com\/?post_type=product&#038;p=77926"},"modified":"2026-01-12T16:33:17","modified_gmt":"2026-01-12T14:33:17","slug":"5l-bag-in-box-rotwein-aus-getrockneten-trauben","status":"publish","type":"product","link":"https:\/\/shop.torricantine.com\/de\/produkt\/5l-bag-in-box-rotwein-aus-getrockneten-trauben\/","title":{"rendered":"5L Bag in Box Rotwein aus Getrockneten Trauben"},"content":{"rendered":"<h1 data-start=\"4518\" data-end=\"4582\"><strong>Rotwein aus getrockneten Trauben im Bag-in-Box \u2013 Torri Cantine<\/strong><\/h1>\n<p data-start=\"4584\" data-end=\"5346\"><strong>Sensorische Noten<\/strong><br data-start=\"4601\" data-end=\"4604\" \/><strong>Farbe:<\/strong> Intensives Rubinrot mit feinen violetten Reflexen, das durch das Trocknen der Trauben eine besondere Tiefe zeigt.<br data-start=\"4724\" data-end=\"4727\" \/><strong>Nase:<\/strong> Ein reiches Bouquet von sehr reifen roten Fr\u00fcchten, Sauerkirschen, Brombeeren, Pflaumen, dazu intensive, leicht welkende florale Noten von Veilchen, Nelken und Rosen sowie ein Hauch von s\u00fc\u00dfen Gew\u00fcrzen, Kakao und Tabak.<br data-start=\"4951\" data-end=\"4954\" \/><strong>Geschmack:<\/strong> Am Gaumen kehren die Eindr\u00fccke der Nase getreu zur\u00fcck. Der Schluck zeigt Konfit\u00fcrenoten, eingebettet in einen vollen, schmeichelnden K\u00f6rper. Die fein integrierten Tannine stehen in Wechselspiel mit einer lebendigen S\u00e4ure und werden von einer schmeichelnden W\u00e4rme und einer seidigen Weichheit ausbalanciert, was in einen lieblichen, besonders langen und anhaltenden Abgang m\u00fcndet.<\/p>\n<p data-start=\"5348\" data-end=\"6163\"><strong>Lese<\/strong><br data-start=\"5352\" data-end=\"5355\" \/>Der Wein entsteht in einem der besten Anbaugebiete der Abruzzen, aus einem Weinberg in Pergola Abruzzese-Erziehung, auf einer idealen H\u00f6he mit ausgepr\u00e4gter Tag-Nacht-Temperaturschwankung und hervorragender Exposition.<br data-start=\"5572\" data-end=\"5575\" \/>Es handelt sich um einen Rotwein aus getrockneten Trauben, der mit der Technik des \u201etaglio reciso\u201c erzeugt wird: Dabei wird die Traube teilweise eingeschnitten, bleibt jedoch an der Rebe h\u00e4ngen und erh\u00e4lt keinen Saftstrom mehr, wodurch der Trocknungsprozess unmittelbar beginnt. Es folgt eine durch Sonne und Wind verursachte Dehydration \u00fcber mindestens 10 Tage, mit hoher Konzentration von Zucker, Aromen und Trockenextrakt. Anschlie\u00dfend erfolgt eine manuelle Lese im Oktober aus zertifiziert biologischem Anbau, die h\u00f6chste Gesundheit der Trauben und des sp\u00e4teren Weins gew\u00e4hrleistet.<\/p>\n<p data-start=\"6165\" data-end=\"6406\"><strong>Vinifikation<\/strong><br data-start=\"6177\" data-end=\"6180\" \/>Die Vinifikation erfolgt in temperaturgeregelten Edelstahltanks, gefolgt von der malolaktischen G\u00e4rung und einem anschlie\u00dfenden Ausbau von 2 Monaten in Betontanks, bevor in v\u00f6lliger Abwesenheit von Sauerstoff abgef\u00fcllt wird.<\/p>\n<p data-start=\"6408\" data-end=\"6880\"><strong>Speiseempfehlung<\/strong><br data-start=\"6424\" data-end=\"6427\" \/>Bei 14\u201316 \u00b0C serviert, ist er f\u00fcr viele Gelegenheiten geeignet und begeistert alle Liebhaber von Rotwein, insbesondere in Kombination mit kr\u00e4ftigen, geschmacksintensiven Gerichten: Aperitifs, Vorspeisen, erste G\u00e4nge, vegetarische Gerichte, rotes Fleisch und mittel- bis langgereifte K\u00e4sesorten.<br data-start=\"6721\" data-end=\"6724\" \/>Man denkt an Wildgerichte, Porchetta vom Schwein, Auberginen-Parmigiana, Hartk\u00e4se mit feinen Konfit\u00fcren, aber auch an Schokoladendesserts oder Beerenkuchen.<\/p>\n","protected":false},"excerpt":{"rendered":"<p>Rotwein aus getrockneten Trauben im Bag-in-Box \u2013 Torri Cantine Sensorische NotenFarbe: Intensives Rubinrot mit feinen violetten Reflexen, das durch das Trocknen der Trauben eine besondere Tiefe zeigt.Nase: Ein reiches Bouquet von sehr reifen roten Fr\u00fcchten, Sauerkirschen, Brombeeren, Pflaumen, dazu intensive, leicht welkende florale Noten von Veilchen, Nelken und Rosen sowie ein Hauch von s\u00fc\u00dfen Gew\u00fcrzen, [&#8230;]\n","protected":false},"featured_media":77919,"comment_status":"closed","ping_status":"closed","template":"","meta":[],"product_brand":[],"product_cat":[178,177,175],"product_tag":[482],"class_list":{"0":"post-77926","1":"product","2":"type-product","3":"status-publish","4":"has-post-thumbnail","6":"product_cat-bag-in-box-weine","7":"product_cat-rotweine","8":"product_cat-torri-cantine-de","9":"product_tag-newbib-de","10":"product_shipping_class-bib-5","12":"first","13":"instock","14":"sale","15":"taxable","16":"shipping-taxable","17":"purchasable","18":"product-type-simple"},"bundled_by":["29494"],"bundle_stock_status":"instock","bundle_stock_quantity":null,"bundle_virtual":false,"bundle_layout":"","bundle_add_to_cart_form_location":"","bundle_editable_in_cart":false,"bundle_sold_individually_context":"","bundle_item_grouping":"","bundle_min_size":"","bundle_max_size":"","bundle_price":[],"bundled_items":[],"bundle_sell_ids":[],"yoast_head":"<!-- This site is optimized with the Yoast SEO plugin v27.5 - https:\/\/yoast.com\/product\/yoast-seo-wordpress\/ -->\n<title>5L Bag in Box Rotwein aus Getrockneten Trauben - Torri Cantine Store COM<\/title>\n<meta name=\"robots\" content=\"index, follow, max-snippet:-1, max-image-preview:large, max-video-preview:-1\" \/>\n<link rel=\"canonical\" href=\"https:\/\/shop.torricantine.com\/de\/produkt\/5l-bag-in-box-rotwein-aus-getrockneten-trauben\/\" \/>\n<meta property=\"og:locale\" content=\"de_DE\" \/>\n<meta property=\"og:type\" content=\"article\" \/>\n<meta property=\"og:title\" content=\"5L Bag in Box Rotwein aus Getrockneten Trauben - Torri Cantine Store COM\" \/>\n<meta property=\"og:description\" content=\"Rotwein aus getrockneten Trauben im Bag-in-Box \u2013 Torri Cantine Sensorische NotenFarbe: Intensives Rubinrot mit feinen violetten Reflexen, das durch das Trocknen der Trauben eine besondere Tiefe zeigt.Nase: Ein reiches Bouquet von sehr reifen roten Fr\u00fcchten, Sauerkirschen, Brombeeren, Pflaumen, dazu intensive, leicht welkende florale Noten von Veilchen, Nelken und Rosen sowie ein Hauch von s\u00fc\u00dfen Gew\u00fcrzen, [...]\" \/>\n<meta property=\"og:url\" content=\"https:\/\/shop.torricantine.com\/de\/produkt\/5l-bag-in-box-rotwein-aus-getrockneten-trauben\/\" \/>\n<meta property=\"og:site_name\" content=\"Torri Cantine Store COM\" \/>\n<meta property=\"article:modified_time\" content=\"2026-01-12T14:33:17+00:00\" \/>\n<meta property=\"og:image\" content=\"https:\/\/shop.torricantine.com\/wp-content\/uploads\/2025\/08\/BIB-Vino-da-uve-appassite-IMG-Prodotto-Shop-1.png\" \/>\n\t<meta property=\"og:image:width\" content=\"598\" \/>\n\t<meta property=\"og:image:height\" content=\"800\" \/>\n\t<meta property=\"og:image:type\" content=\"image\/png\" \/>\n<meta name=\"twitter:card\" content=\"summary_large_image\" \/>\n<meta name=\"twitter:label1\" content=\"Gesch\u00e4tzte Lesezeit\" \/>\n\t<meta name=\"twitter:data1\" content=\"1\u00a0Minute\" \/>\n<script type=\"application\/ld+json\" class=\"yoast-schema-graph\">{\"@context\":\"https:\\\/\\\/schema.org\",\"@graph\":[{\"@type\":\"WebPage\",\"@id\":\"https:\\\/\\\/shop.torricantine.com\\\/de\\\/produkt\\\/5l-bag-in-box-rotwein-aus-getrockneten-trauben\\\/\",\"url\":\"https:\\\/\\\/shop.torricantine.com\\\/de\\\/produkt\\\/5l-bag-in-box-rotwein-aus-getrockneten-trauben\\\/\",\"name\":\"5L Bag in Box Rotwein aus Getrockneten Trauben - Torri Cantine Store COM\",\"isPartOf\":{\"@id\":\"https:\\\/\\\/shop.torricantine.com\\\/de\\\/#website\"},\"primaryImageOfPage\":{\"@id\":\"https:\\\/\\\/shop.torricantine.com\\\/de\\\/produkt\\\/5l-bag-in-box-rotwein-aus-getrockneten-trauben\\\/#primaryimage\"},\"image\":{\"@id\":\"https:\\\/\\\/shop.torricantine.com\\\/de\\\/produkt\\\/5l-bag-in-box-rotwein-aus-getrockneten-trauben\\\/#primaryimage\"},\"thumbnailUrl\":\"https:\\\/\\\/shop.torricantine.com\\\/wp-content\\\/uploads\\\/2025\\\/08\\\/BIB-Vino-da-uve-appassite-IMG-Prodotto-Shop-1.png\",\"datePublished\":\"2025-08-26T10:11:50+00:00\",\"dateModified\":\"2026-01-12T14:33:17+00:00\",\"breadcrumb\":{\"@id\":\"https:\\\/\\\/shop.torricantine.com\\\/de\\\/produkt\\\/5l-bag-in-box-rotwein-aus-getrockneten-trauben\\\/#breadcrumb\"},\"inLanguage\":\"de\",\"potentialAction\":[{\"@type\":\"ReadAction\",\"target\":[\"https:\\\/\\\/shop.torricantine.com\\\/de\\\/produkt\\\/5l-bag-in-box-rotwein-aus-getrockneten-trauben\\\/\"]}]},{\"@type\":\"ImageObject\",\"inLanguage\":\"de\",\"@id\":\"https:\\\/\\\/shop.torricantine.com\\\/de\\\/produkt\\\/5l-bag-in-box-rotwein-aus-getrockneten-trauben\\\/#primaryimage\",\"url\":\"https:\\\/\\\/shop.torricantine.com\\\/wp-content\\\/uploads\\\/2025\\\/08\\\/BIB-Vino-da-uve-appassite-IMG-Prodotto-Shop-1.png\",\"contentUrl\":\"https:\\\/\\\/shop.torricantine.com\\\/wp-content\\\/uploads\\\/2025\\\/08\\\/BIB-Vino-da-uve-appassite-IMG-Prodotto-Shop-1.png\",\"width\":598,\"height\":800},{\"@type\":\"BreadcrumbList\",\"@id\":\"https:\\\/\\\/shop.torricantine.com\\\/de\\\/produkt\\\/5l-bag-in-box-rotwein-aus-getrockneten-trauben\\\/#breadcrumb\",\"itemListElement\":[{\"@type\":\"ListItem\",\"position\":1,\"name\":\"Home\",\"item\":\"https:\\\/\\\/shop.torricantine.com\\\/de\\\/\"},{\"@type\":\"ListItem\",\"position\":2,\"name\":\"Shop\",\"item\":\"https:\\\/\\\/shop.torricantine.com\\\/de\\\/shop\\\/\"},{\"@type\":\"ListItem\",\"position\":3,\"name\":\"5L Bag in Box Rotwein aus Getrockneten Trauben\"}]},{\"@type\":\"WebSite\",\"@id\":\"https:\\\/\\\/shop.torricantine.com\\\/de\\\/#website\",\"url\":\"https:\\\/\\\/shop.torricantine.com\\\/de\\\/\",\"name\":\"Torri Cantine Store COM\",\"description\":\"Online store of our winery in Italy\",\"publisher\":{\"@id\":\"https:\\\/\\\/shop.torricantine.com\\\/de\\\/#organization\"},\"potentialAction\":[{\"@type\":\"SearchAction\",\"target\":{\"@type\":\"EntryPoint\",\"urlTemplate\":\"https:\\\/\\\/shop.torricantine.com\\\/de\\\/?s={search_term_string}\"},\"query-input\":{\"@type\":\"PropertyValueSpecification\",\"valueRequired\":true,\"valueName\":\"search_term_string\"}}],\"inLanguage\":\"de\"},{\"@type\":\"Organization\",\"@id\":\"https:\\\/\\\/shop.torricantine.com\\\/de\\\/#organization\",\"name\":\"Torri Cantine\",\"url\":\"https:\\\/\\\/shop.torricantine.com\\\/de\\\/\",\"logo\":{\"@type\":\"ImageObject\",\"inLanguage\":\"de\",\"@id\":\"https:\\\/\\\/shop.torricantine.com\\\/de\\\/#\\\/schema\\\/logo\\\/image\\\/\",\"url\":\"https:\\\/\\\/shop.torricantine.com\\\/wp-content\\\/uploads\\\/2020\\\/04\\\/torri-store-logo_text.png\",\"contentUrl\":\"https:\\\/\\\/shop.torricantine.com\\\/wp-content\\\/uploads\\\/2020\\\/04\\\/torri-store-logo_text.png\",\"width\":289,\"height\":361,\"caption\":\"Torri Cantine\"},\"image\":{\"@id\":\"https:\\\/\\\/shop.torricantine.com\\\/de\\\/#\\\/schema\\\/logo\\\/image\\\/\"}}]}<\/script>\n<!-- \/ Yoast SEO plugin. -->","yoast_head_json":{"title":"5L Bag in Box Rotwein aus Getrockneten Trauben - Torri Cantine Store COM","robots":{"index":"index","follow":"follow","max-snippet":"max-snippet:-1","max-image-preview":"max-image-preview:large","max-video-preview":"max-video-preview:-1"},"canonical":"https:\/\/shop.torricantine.com\/de\/produkt\/5l-bag-in-box-rotwein-aus-getrockneten-trauben\/","og_locale":"de_DE","og_type":"article","og_title":"5L Bag in Box Rotwein aus Getrockneten Trauben - Torri Cantine Store COM","og_description":"Rotwein aus getrockneten Trauben im Bag-in-Box \u2013 Torri Cantine Sensorische NotenFarbe: Intensives Rubinrot mit feinen violetten Reflexen, das durch das Trocknen der Trauben eine besondere Tiefe zeigt.Nase: Ein reiches Bouquet von sehr reifen roten Fr\u00fcchten, Sauerkirschen, Brombeeren, Pflaumen, dazu intensive, leicht welkende florale Noten von Veilchen, Nelken und Rosen sowie ein Hauch von s\u00fc\u00dfen Gew\u00fcrzen, [...]","og_url":"https:\/\/shop.torricantine.com\/de\/produkt\/5l-bag-in-box-rotwein-aus-getrockneten-trauben\/","og_site_name":"Torri Cantine Store COM","article_modified_time":"2026-01-12T14:33:17+00:00","og_image":[{"width":598,"height":800,"url":"https:\/\/shop.torricantine.com\/wp-content\/uploads\/2025\/08\/BIB-Vino-da-uve-appassite-IMG-Prodotto-Shop-1.png","type":"image\/png"}],"twitter_card":"summary_large_image","twitter_misc":{"Gesch\u00e4tzte Lesezeit":"1\u00a0Minute"},"schema":{"@context":"https:\/\/schema.org","@graph":[{"@type":"WebPage","@id":"https:\/\/shop.torricantine.com\/de\/produkt\/5l-bag-in-box-rotwein-aus-getrockneten-trauben\/","url":"https:\/\/shop.torricantine.com\/de\/produkt\/5l-bag-in-box-rotwein-aus-getrockneten-trauben\/","name":"5L Bag in Box Rotwein aus Getrockneten Trauben - Torri Cantine Store COM","isPartOf":{"@id":"https:\/\/shop.torricantine.com\/de\/#website"},"primaryImageOfPage":{"@id":"https:\/\/shop.torricantine.com\/de\/produkt\/5l-bag-in-box-rotwein-aus-getrockneten-trauben\/#primaryimage"},"image":{"@id":"https:\/\/shop.torricantine.com\/de\/produkt\/5l-bag-in-box-rotwein-aus-getrockneten-trauben\/#primaryimage"},"thumbnailUrl":"https:\/\/shop.torricantine.com\/wp-content\/uploads\/2025\/08\/BIB-Vino-da-uve-appassite-IMG-Prodotto-Shop-1.png","datePublished":"2025-08-26T10:11:50+00:00","dateModified":"2026-01-12T14:33:17+00:00","breadcrumb":{"@id":"https:\/\/shop.torricantine.com\/de\/produkt\/5l-bag-in-box-rotwein-aus-getrockneten-trauben\/#breadcrumb"},"inLanguage":"de","potentialAction":[{"@type":"ReadAction","target":["https:\/\/shop.torricantine.com\/de\/produkt\/5l-bag-in-box-rotwein-aus-getrockneten-trauben\/"]}]},{"@type":"ImageObject","inLanguage":"de","@id":"https:\/\/shop.torricantine.com\/de\/produkt\/5l-bag-in-box-rotwein-aus-getrockneten-trauben\/#primaryimage","url":"https:\/\/shop.torricantine.com\/wp-content\/uploads\/2025\/08\/BIB-Vino-da-uve-appassite-IMG-Prodotto-Shop-1.png","contentUrl":"https:\/\/shop.torricantine.com\/wp-content\/uploads\/2025\/08\/BIB-Vino-da-uve-appassite-IMG-Prodotto-Shop-1.png","width":598,"height":800},{"@type":"BreadcrumbList","@id":"https:\/\/shop.torricantine.com\/de\/produkt\/5l-bag-in-box-rotwein-aus-getrockneten-trauben\/#breadcrumb","itemListElement":[{"@type":"ListItem","position":1,"name":"Home","item":"https:\/\/shop.torricantine.com\/de\/"},{"@type":"ListItem","position":2,"name":"Shop","item":"https:\/\/shop.torricantine.com\/de\/shop\/"},{"@type":"ListItem","position":3,"name":"5L Bag in Box Rotwein aus Getrockneten Trauben"}]},{"@type":"WebSite","@id":"https:\/\/shop.torricantine.com\/de\/#website","url":"https:\/\/shop.torricantine.com\/de\/","name":"Torri Cantine Store COM","description":"Online store of our winery in Italy","publisher":{"@id":"https:\/\/shop.torricantine.com\/de\/#organization"},"potentialAction":[{"@type":"SearchAction","target":{"@type":"EntryPoint","urlTemplate":"https:\/\/shop.torricantine.com\/de\/?s={search_term_string}"},"query-input":{"@type":"PropertyValueSpecification","valueRequired":true,"valueName":"search_term_string"}}],"inLanguage":"de"},{"@type":"Organization","@id":"https:\/\/shop.torricantine.com\/de\/#organization","name":"Torri Cantine","url":"https:\/\/shop.torricantine.com\/de\/","logo":{"@type":"ImageObject","inLanguage":"de","@id":"https:\/\/shop.torricantine.com\/de\/#\/schema\/logo\/image\/","url":"https:\/\/shop.torricantine.com\/wp-content\/uploads\/2020\/04\/torri-store-logo_text.png","contentUrl":"https:\/\/shop.torricantine.com\/wp-content\/uploads\/2020\/04\/torri-store-logo_text.png","width":289,"height":361,"caption":"Torri Cantine"},"image":{"@id":"https:\/\/shop.torricantine.com\/de\/#\/schema\/logo\/image\/"}}]}},"_links":{"self":[{"href":"https:\/\/shop.torricantine.com\/de\/wp-json\/wp\/v2\/product\/77926","targetHints":{"allow":["GET"]}}],"collection":[{"href":"https:\/\/shop.torricantine.com\/de\/wp-json\/wp\/v2\/product"}],"about":[{"href":"https:\/\/shop.torricantine.com\/de\/wp-json\/wp\/v2\/types\/product"}],"replies":[{"embeddable":true,"href":"https:\/\/shop.torricantine.com\/de\/wp-json\/wp\/v2\/comments?post=77926"}],"wp:featuredmedia":[{"embeddable":true,"href":"https:\/\/shop.torricantine.com\/de\/wp-json\/wp\/v2\/media\/77919"}],"wp:attachment":[{"href":"https:\/\/shop.torricantine.com\/de\/wp-json\/wp\/v2\/media?parent=77926"}],"wp:term":[{"taxonomy":"product_brand","embeddable":true,"href":"https:\/\/shop.torricantine.com\/de\/wp-json\/wp\/v2\/product_brand?post=77926"},{"taxonomy":"product_cat","embeddable":true,"href":"https:\/\/shop.torricantine.com\/de\/wp-json\/wp\/v2\/product_cat?post=77926"},{"taxonomy":"product_tag","embeddable":true,"href":"https:\/\/shop.torricantine.com\/de\/wp-json\/wp\/v2\/product_tag?post=77926"}],"curies":[{"name":"wp","href":"https:\/\/api.w.org\/{rel}","templated":true}]}}