{"id":68767,"date":"2024-05-14T11:37:03","date_gmt":"2024-05-14T09:37:03","guid":{"rendered":"https:\/\/shop.torricantine.com\/product\/special-promo-1x-bakan-montepulciano-dabruzzo-docg-1x-bakan-pecorino-abruzzo-doc\/"},"modified":"2026-01-14T10:56:25","modified_gmt":"2026-01-14T08:56:25","slug":"special-promo-2x-bakan-montepulciano-dabruzzo-docg-1x-bakan-pecorino-abruzzo-doc","status":"publish","type":"product","link":"https:\/\/shop.torricantine.com\/de\/produkt\/special-promo-2x-bakan-montepulciano-dabruzzo-docg-1x-bakan-pecorino-abruzzo-doc\/","title":{"rendered":"Special Promo: 2x Bak\u00e1n Montepulciano D\u2019Abruzzo DOCG + 1x Bak\u00e1n Pecorino Abruzzo DOC"},"content":{"rendered":"<h1>Bak\u00e1n Montepulciano d\u2019Abruzzo DOCG Torri<\/h1>\n<p><strong>Sensorische Notizen<\/strong><br \/>\n<strong>Farbe<\/strong>: Intensives Rubinrot mit zarten violetten Nuancen und guter Konsistenz.<br \/>\n<strong>Nase<\/strong>: In der Nase entfaltet er florale und fruchtige Noten mit Aromen von Veilchen, Rose, reifer Brombeere und Pflaume.<br \/>\n<strong>Geschmack<\/strong>: Im Mund ist er intensiv und offenbart Empfindungen, die mit der Nase \u00fcbereinstimmen: Kirschmarmelade, Kakao und Kaffee, unterst\u00fctzt von verf\u00fchrerischer W\u00e4rme und S\u00fc\u00dfe, gut ausbalanciert mit Frische und samtigen Tanninen, ein langes und mineralisches Finish.<\/p>\n<h2>Bak\u00e1n Pecorino Abruzzo DOC Torri<\/h2>\n<p><strong>Sensorische Notizen<\/strong><br \/>\n<strong>Farbe<\/strong>: Im Glas leuchtend strohgelb mit goldenen Nuancen, die durch ihre Brillanz faszinieren.<br \/>\n<strong>Nase<\/strong>: Eine ausgezeichnete olfaktorische Intensit\u00e4t offenbart frische florale und fruchtige Aromen, mit vegetalen Noten von frisch geschnittenem Gras. Zitrusfr\u00fcchte, Aprikose, Salbei, Limette und sogar einige tropische Fr\u00fcchte sind wahrnehmbar.<br \/>\n<strong>Geschmack<\/strong>: Im Mund entsteht eine angenehm warme und attraktive Struktur, verst\u00e4rkt durch bei\u00dfende S\u00e4ure und exzentrische Salzigkeit im Gegensatz zueinander, die sich ausgleichen. Das Geschmackserlebnis steht im perfekten Einklang mit der Nase und betont ein angenehmes und anhaltendes mineralisches Finish.<\/p>\n","protected":false},"excerpt":{"rendered":"<p>Bak\u00e1n Montepulciano d\u2019Abruzzo DOCG Torri Sensorische Notizen Farbe: Intensives Rubinrot mit zarten violetten Nuancen und guter Konsistenz. Nase: In der Nase entfaltet er florale und fruchtige Noten mit Aromen von Veilchen, Rose, reifer Brombeere und Pflaume. Geschmack: Im Mund ist er intensiv und offenbart Empfindungen, die mit der Nase \u00fcbereinstimmen: Kirschmarmelade, Kakao und Kaffee, unterst\u00fctzt [&#8230;]\n","protected":false},"featured_media":68676,"comment_status":"closed","ping_status":"closed","template":"","meta":[],"product_brand":[],"product_cat":[175],"product_tag":[],"class_list":{"0":"post-68767","1":"product","2":"type-product","3":"status-publish","4":"has-post-thumbnail","6":"product_cat-torri-cantine-de","8":"first","9":"instock","10":"virtual","11":"sold-individually","12":"taxable","13":"purchasable","14":"product-type-bundle"},"bundled_by":[],"bundle_stock_status":"instock","bundle_stock_quantity":"","bundle_virtual":false,"bundle_layout":"default","bundle_add_to_cart_form_location":"default","bundle_editable_in_cart":false,"bundle_sold_individually_context":"product","bundle_item_grouping":"parent","bundle_min_size":3,"bundle_max_size":3,"bundle_price":{"price":{"min":{"incl_tax":"40.5","excl_tax":"40.5"},"max":{"incl_tax":"40.5","excl_tax":"40.5"}},"regular_price":{"min":{"incl_tax":"40.5","excl_tax":"40.5"},"max":{"incl_tax":"40.5","excl_tax":"40.5"}}},"bundled_items":[{"bundled_item_id":543,"product_id":68752,"menu_order":0,"quantity_min":2,"quantity_max":2,"quantity_default":2,"priced_individually":false,"shipped_individually":false,"override_title":false,"title":"Torri Bak\u00e1n Montepulciano D&#8217;Abruzzo DOCG 0,75L","override_description":true,"description":"","optional":false,"hide_thumbnail":false,"discount":"","override_variations":false,"allowed_variations":[""],"override_default_variation_attributes":false,"default_variation_attributes":[],"single_product_visibility":"visible","cart_visibility":"hidden","order_visibility":"visible","single_product_price_visibility":"visible","cart_price_visibility":"visible","order_price_visibility":"visible","stock_status":"in_stock"},{"bundled_item_id":544,"product_id":68763,"menu_order":1,"quantity_min":1,"quantity_max":1,"quantity_default":1,"priced_individually":false,"shipped_individually":false,"override_title":false,"title":"Torri Bak\u00e1n Pecorino Abruzzo DOC 0,75L","override_description":true,"description":"","optional":false,"hide_thumbnail":false,"discount":"","override_variations":false,"allowed_variations":[""],"override_default_variation_attributes":false,"default_variation_attributes":[],"single_product_visibility":"visible","cart_visibility":"hidden","order_visibility":"visible","single_product_price_visibility":"visible","cart_price_visibility":"visible","order_price_visibility":"visible","stock_status":"in_stock"}],"bundle_sell_ids":[],"yoast_head":"<!-- This site is optimized with the Yoast SEO plugin v27.4 - https:\/\/yoast.com\/product\/yoast-seo-wordpress\/ -->\n<title>Special Promo: 2x Bak\u00e1n Montepulciano D\u2019Abruzzo DOCG + 1x Bak\u00e1n Pecorino Abruzzo DOC - Torri Cantine Store COM<\/title>\n<meta name=\"robots\" content=\"index, follow, max-snippet:-1, max-image-preview:large, max-video-preview:-1\" \/>\n<link rel=\"canonical\" href=\"https:\/\/shop.torricantine.com\/de\/produkt\/special-promo-2x-bakan-montepulciano-dabruzzo-docg-1x-bakan-pecorino-abruzzo-doc\/\" \/>\n<meta property=\"og:locale\" content=\"de_DE\" \/>\n<meta property=\"og:type\" content=\"article\" \/>\n<meta property=\"og:title\" content=\"Special Promo: 2x Bak\u00e1n Montepulciano D\u2019Abruzzo DOCG + 1x Bak\u00e1n Pecorino Abruzzo DOC - Torri Cantine Store COM\" \/>\n<meta property=\"og:description\" content=\"Bak\u00e1n Montepulciano d\u2019Abruzzo DOCG Torri Sensorische Notizen Farbe: Intensives Rubinrot mit zarten violetten Nuancen und guter Konsistenz. Nase: In der Nase entfaltet er florale und fruchtige Noten mit Aromen von Veilchen, Rose, reifer Brombeere und Pflaume. Geschmack: Im Mund ist er intensiv und offenbart Empfindungen, die mit der Nase \u00fcbereinstimmen: Kirschmarmelade, Kakao und Kaffee, unterst\u00fctzt [...]\" \/>\n<meta property=\"og:url\" content=\"https:\/\/shop.torricantine.com\/de\/produkt\/special-promo-2x-bakan-montepulciano-dabruzzo-docg-1x-bakan-pecorino-abruzzo-doc\/\" \/>\n<meta property=\"og:site_name\" content=\"Torri Cantine Store COM\" \/>\n<meta property=\"article:modified_time\" content=\"2026-01-14T08:56:25+00:00\" \/>\n<meta property=\"og:image\" content=\"https:\/\/shop.torricantine.com\/wp-content\/uploads\/2024\/05\/landing_3xBakan1.png\" \/>\n\t<meta property=\"og:image:width\" content=\"615\" \/>\n\t<meta property=\"og:image:height\" content=\"800\" \/>\n\t<meta property=\"og:image:type\" content=\"image\/png\" \/>\n<meta name=\"twitter:card\" content=\"summary_large_image\" \/>\n<meta name=\"twitter:label1\" content=\"Gesch\u00e4tzte Lesezeit\" \/>\n\t<meta name=\"twitter:data1\" content=\"1\u00a0Minute\" \/>\n<script type=\"application\/ld+json\" class=\"yoast-schema-graph\">{\"@context\":\"https:\\\/\\\/schema.org\",\"@graph\":[{\"@type\":\"WebPage\",\"@id\":\"https:\\\/\\\/shop.torricantine.com\\\/de\\\/produkt\\\/special-promo-2x-bakan-montepulciano-dabruzzo-docg-1x-bakan-pecorino-abruzzo-doc\\\/\",\"url\":\"https:\\\/\\\/shop.torricantine.com\\\/de\\\/produkt\\\/special-promo-2x-bakan-montepulciano-dabruzzo-docg-1x-bakan-pecorino-abruzzo-doc\\\/\",\"name\":\"Special Promo: 2x Bak\u00e1n Montepulciano D\u2019Abruzzo DOCG + 1x Bak\u00e1n Pecorino Abruzzo DOC - Torri Cantine Store COM\",\"isPartOf\":{\"@id\":\"https:\\\/\\\/shop.torricantine.com\\\/de\\\/#website\"},\"primaryImageOfPage\":{\"@id\":\"https:\\\/\\\/shop.torricantine.com\\\/de\\\/produkt\\\/special-promo-2x-bakan-montepulciano-dabruzzo-docg-1x-bakan-pecorino-abruzzo-doc\\\/#primaryimage\"},\"image\":{\"@id\":\"https:\\\/\\\/shop.torricantine.com\\\/de\\\/produkt\\\/special-promo-2x-bakan-montepulciano-dabruzzo-docg-1x-bakan-pecorino-abruzzo-doc\\\/#primaryimage\"},\"thumbnailUrl\":\"https:\\\/\\\/shop.torricantine.com\\\/wp-content\\\/uploads\\\/2024\\\/05\\\/landing_3xBakan1.png\",\"datePublished\":\"2024-05-14T09:37:03+00:00\",\"dateModified\":\"2026-01-14T08:56:25+00:00\",\"breadcrumb\":{\"@id\":\"https:\\\/\\\/shop.torricantine.com\\\/de\\\/produkt\\\/special-promo-2x-bakan-montepulciano-dabruzzo-docg-1x-bakan-pecorino-abruzzo-doc\\\/#breadcrumb\"},\"inLanguage\":\"de\",\"potentialAction\":[{\"@type\":\"ReadAction\",\"target\":[\"https:\\\/\\\/shop.torricantine.com\\\/de\\\/produkt\\\/special-promo-2x-bakan-montepulciano-dabruzzo-docg-1x-bakan-pecorino-abruzzo-doc\\\/\"]}]},{\"@type\":\"ImageObject\",\"inLanguage\":\"de\",\"@id\":\"https:\\\/\\\/shop.torricantine.com\\\/de\\\/produkt\\\/special-promo-2x-bakan-montepulciano-dabruzzo-docg-1x-bakan-pecorino-abruzzo-doc\\\/#primaryimage\",\"url\":\"https:\\\/\\\/shop.torricantine.com\\\/wp-content\\\/uploads\\\/2024\\\/05\\\/landing_3xBakan1.png\",\"contentUrl\":\"https:\\\/\\\/shop.torricantine.com\\\/wp-content\\\/uploads\\\/2024\\\/05\\\/landing_3xBakan1.png\",\"width\":615,\"height\":800},{\"@type\":\"BreadcrumbList\",\"@id\":\"https:\\\/\\\/shop.torricantine.com\\\/de\\\/produkt\\\/special-promo-2x-bakan-montepulciano-dabruzzo-docg-1x-bakan-pecorino-abruzzo-doc\\\/#breadcrumb\",\"itemListElement\":[{\"@type\":\"ListItem\",\"position\":1,\"name\":\"Home\",\"item\":\"https:\\\/\\\/shop.torricantine.com\\\/de\\\/\"},{\"@type\":\"ListItem\",\"position\":2,\"name\":\"Shop\",\"item\":\"https:\\\/\\\/shop.torricantine.com\\\/de\\\/shop\\\/\"},{\"@type\":\"ListItem\",\"position\":3,\"name\":\"Special Promo: 2x Bak\u00e1n Montepulciano D\u2019Abruzzo DOCG + 1x Bak\u00e1n Pecorino Abruzzo DOC\"}]},{\"@type\":\"WebSite\",\"@id\":\"https:\\\/\\\/shop.torricantine.com\\\/de\\\/#website\",\"url\":\"https:\\\/\\\/shop.torricantine.com\\\/de\\\/\",\"name\":\"Torri Cantine Store COM\",\"description\":\"Online store of our winery in Italy\",\"publisher\":{\"@id\":\"https:\\\/\\\/shop.torricantine.com\\\/de\\\/#organization\"},\"potentialAction\":[{\"@type\":\"SearchAction\",\"target\":{\"@type\":\"EntryPoint\",\"urlTemplate\":\"https:\\\/\\\/shop.torricantine.com\\\/de\\\/?s={search_term_string}\"},\"query-input\":{\"@type\":\"PropertyValueSpecification\",\"valueRequired\":true,\"valueName\":\"search_term_string\"}}],\"inLanguage\":\"de\"},{\"@type\":\"Organization\",\"@id\":\"https:\\\/\\\/shop.torricantine.com\\\/de\\\/#organization\",\"name\":\"Torri Cantine\",\"url\":\"https:\\\/\\\/shop.torricantine.com\\\/de\\\/\",\"logo\":{\"@type\":\"ImageObject\",\"inLanguage\":\"de\",\"@id\":\"https:\\\/\\\/shop.torricantine.com\\\/de\\\/#\\\/schema\\\/logo\\\/image\\\/\",\"url\":\"https:\\\/\\\/shop.torricantine.com\\\/wp-content\\\/uploads\\\/2020\\\/04\\\/torri-store-logo_text.png\",\"contentUrl\":\"https:\\\/\\\/shop.torricantine.com\\\/wp-content\\\/uploads\\\/2020\\\/04\\\/torri-store-logo_text.png\",\"width\":289,\"height\":361,\"caption\":\"Torri Cantine\"},\"image\":{\"@id\":\"https:\\\/\\\/shop.torricantine.com\\\/de\\\/#\\\/schema\\\/logo\\\/image\\\/\"}}]}<\/script>\n<!-- \/ Yoast SEO plugin. -->","yoast_head_json":{"title":"Special Promo: 2x Bak\u00e1n Montepulciano D\u2019Abruzzo DOCG + 1x Bak\u00e1n Pecorino Abruzzo DOC - Torri Cantine Store COM","robots":{"index":"index","follow":"follow","max-snippet":"max-snippet:-1","max-image-preview":"max-image-preview:large","max-video-preview":"max-video-preview:-1"},"canonical":"https:\/\/shop.torricantine.com\/de\/produkt\/special-promo-2x-bakan-montepulciano-dabruzzo-docg-1x-bakan-pecorino-abruzzo-doc\/","og_locale":"de_DE","og_type":"article","og_title":"Special Promo: 2x Bak\u00e1n Montepulciano D\u2019Abruzzo DOCG + 1x Bak\u00e1n Pecorino Abruzzo DOC - Torri Cantine Store COM","og_description":"Bak\u00e1n Montepulciano d\u2019Abruzzo DOCG Torri Sensorische Notizen Farbe: Intensives Rubinrot mit zarten violetten Nuancen und guter Konsistenz. Nase: In der Nase entfaltet er florale und fruchtige Noten mit Aromen von Veilchen, Rose, reifer Brombeere und Pflaume. Geschmack: Im Mund ist er intensiv und offenbart Empfindungen, die mit der Nase \u00fcbereinstimmen: Kirschmarmelade, Kakao und Kaffee, unterst\u00fctzt [...]","og_url":"https:\/\/shop.torricantine.com\/de\/produkt\/special-promo-2x-bakan-montepulciano-dabruzzo-docg-1x-bakan-pecorino-abruzzo-doc\/","og_site_name":"Torri Cantine Store COM","article_modified_time":"2026-01-14T08:56:25+00:00","og_image":[{"width":615,"height":800,"url":"https:\/\/shop.torricantine.com\/wp-content\/uploads\/2024\/05\/landing_3xBakan1.png","type":"image\/png"}],"twitter_card":"summary_large_image","twitter_misc":{"Gesch\u00e4tzte Lesezeit":"1\u00a0Minute"},"schema":{"@context":"https:\/\/schema.org","@graph":[{"@type":"WebPage","@id":"https:\/\/shop.torricantine.com\/de\/produkt\/special-promo-2x-bakan-montepulciano-dabruzzo-docg-1x-bakan-pecorino-abruzzo-doc\/","url":"https:\/\/shop.torricantine.com\/de\/produkt\/special-promo-2x-bakan-montepulciano-dabruzzo-docg-1x-bakan-pecorino-abruzzo-doc\/","name":"Special Promo: 2x Bak\u00e1n Montepulciano D\u2019Abruzzo DOCG + 1x Bak\u00e1n Pecorino Abruzzo DOC - Torri Cantine Store COM","isPartOf":{"@id":"https:\/\/shop.torricantine.com\/de\/#website"},"primaryImageOfPage":{"@id":"https:\/\/shop.torricantine.com\/de\/produkt\/special-promo-2x-bakan-montepulciano-dabruzzo-docg-1x-bakan-pecorino-abruzzo-doc\/#primaryimage"},"image":{"@id":"https:\/\/shop.torricantine.com\/de\/produkt\/special-promo-2x-bakan-montepulciano-dabruzzo-docg-1x-bakan-pecorino-abruzzo-doc\/#primaryimage"},"thumbnailUrl":"https:\/\/shop.torricantine.com\/wp-content\/uploads\/2024\/05\/landing_3xBakan1.png","datePublished":"2024-05-14T09:37:03+00:00","dateModified":"2026-01-14T08:56:25+00:00","breadcrumb":{"@id":"https:\/\/shop.torricantine.com\/de\/produkt\/special-promo-2x-bakan-montepulciano-dabruzzo-docg-1x-bakan-pecorino-abruzzo-doc\/#breadcrumb"},"inLanguage":"de","potentialAction":[{"@type":"ReadAction","target":["https:\/\/shop.torricantine.com\/de\/produkt\/special-promo-2x-bakan-montepulciano-dabruzzo-docg-1x-bakan-pecorino-abruzzo-doc\/"]}]},{"@type":"ImageObject","inLanguage":"de","@id":"https:\/\/shop.torricantine.com\/de\/produkt\/special-promo-2x-bakan-montepulciano-dabruzzo-docg-1x-bakan-pecorino-abruzzo-doc\/#primaryimage","url":"https:\/\/shop.torricantine.com\/wp-content\/uploads\/2024\/05\/landing_3xBakan1.png","contentUrl":"https:\/\/shop.torricantine.com\/wp-content\/uploads\/2024\/05\/landing_3xBakan1.png","width":615,"height":800},{"@type":"BreadcrumbList","@id":"https:\/\/shop.torricantine.com\/de\/produkt\/special-promo-2x-bakan-montepulciano-dabruzzo-docg-1x-bakan-pecorino-abruzzo-doc\/#breadcrumb","itemListElement":[{"@type":"ListItem","position":1,"name":"Home","item":"https:\/\/shop.torricantine.com\/de\/"},{"@type":"ListItem","position":2,"name":"Shop","item":"https:\/\/shop.torricantine.com\/de\/shop\/"},{"@type":"ListItem","position":3,"name":"Special Promo: 2x Bak\u00e1n Montepulciano D\u2019Abruzzo DOCG + 1x Bak\u00e1n Pecorino Abruzzo DOC"}]},{"@type":"WebSite","@id":"https:\/\/shop.torricantine.com\/de\/#website","url":"https:\/\/shop.torricantine.com\/de\/","name":"Torri Cantine Store COM","description":"Online store of our winery in Italy","publisher":{"@id":"https:\/\/shop.torricantine.com\/de\/#organization"},"potentialAction":[{"@type":"SearchAction","target":{"@type":"EntryPoint","urlTemplate":"https:\/\/shop.torricantine.com\/de\/?s={search_term_string}"},"query-input":{"@type":"PropertyValueSpecification","valueRequired":true,"valueName":"search_term_string"}}],"inLanguage":"de"},{"@type":"Organization","@id":"https:\/\/shop.torricantine.com\/de\/#organization","name":"Torri Cantine","url":"https:\/\/shop.torricantine.com\/de\/","logo":{"@type":"ImageObject","inLanguage":"de","@id":"https:\/\/shop.torricantine.com\/de\/#\/schema\/logo\/image\/","url":"https:\/\/shop.torricantine.com\/wp-content\/uploads\/2020\/04\/torri-store-logo_text.png","contentUrl":"https:\/\/shop.torricantine.com\/wp-content\/uploads\/2020\/04\/torri-store-logo_text.png","width":289,"height":361,"caption":"Torri Cantine"},"image":{"@id":"https:\/\/shop.torricantine.com\/de\/#\/schema\/logo\/image\/"}}]}},"_links":{"self":[{"href":"https:\/\/shop.torricantine.com\/de\/wp-json\/wp\/v2\/product\/68767","targetHints":{"allow":["GET"]}}],"collection":[{"href":"https:\/\/shop.torricantine.com\/de\/wp-json\/wp\/v2\/product"}],"about":[{"href":"https:\/\/shop.torricantine.com\/de\/wp-json\/wp\/v2\/types\/product"}],"replies":[{"embeddable":true,"href":"https:\/\/shop.torricantine.com\/de\/wp-json\/wp\/v2\/comments?post=68767"}],"wp:featuredmedia":[{"embeddable":true,"href":"https:\/\/shop.torricantine.com\/de\/wp-json\/wp\/v2\/media\/68676"}],"wp:attachment":[{"href":"https:\/\/shop.torricantine.com\/de\/wp-json\/wp\/v2\/media?parent=68767"}],"wp:term":[{"taxonomy":"product_brand","embeddable":true,"href":"https:\/\/shop.torricantine.com\/de\/wp-json\/wp\/v2\/product_brand?post=68767"},{"taxonomy":"product_cat","embeddable":true,"href":"https:\/\/shop.torricantine.com\/de\/wp-json\/wp\/v2\/product_cat?post=68767"},{"taxonomy":"product_tag","embeddable":true,"href":"https:\/\/shop.torricantine.com\/de\/wp-json\/wp\/v2\/product_tag?post=68767"}],"curies":[{"name":"wp","href":"https:\/\/api.w.org\/{rel}","templated":true}]}}