{"id":68763,"date":"2024-05-14T10:43:14","date_gmt":"2024-05-14T08:43:14","guid":{"rendered":"https:\/\/shop.torricantine.com\/product\/torri-bakan-pecorino-abruzzo-doc-075l\/"},"modified":"2025-07-21T00:00:16","modified_gmt":"2025-07-20T22:00:16","slug":"torri-bakan-pecorino-abruzzo-doc-075l","status":"publish","type":"product","link":"https:\/\/shop.torricantine.com\/de\/produkt\/torri-bakan-pecorino-abruzzo-doc-075l\/","title":{"rendered":"Torri Bak\u00e1n Pecorino Abruzzo DOC 0,75L"},"content":{"rendered":"<h2>Bak\u00e1n Pecorino Abruzzo DOC Torri<\/h2>\n<p><strong>Sensorische Notizen<\/strong><br \/>\n<strong>Farbe<\/strong>: Im Glas ein leuchtendes Strohgelb mit goldenen Nuancen, das durch seine Brillanz besticht.<br \/>\n<strong>Nase<\/strong>: Eine ausgezeichnete olfaktorische Intensit\u00e4t offenbart frische florale und fruchtige Aromen mit gr\u00fcnen Noten von frisch geschnittenem Gras. Es sind Zitrusfr\u00fcchte, Aprikose, Salbei, Linde und sogar einige tropische Fr\u00fcchte zu erkennen.<br \/>\n<strong>Geschmack<\/strong>: Im Mund zeigt sich eine angenehm warme und attraktive Struktur, verst\u00e4rkt durch eine bei\u00dfende S\u00e4ure und eine exzentrische Salzigkeit im Gegensatz, die sich ausgleichen. Die Verkostung harmoniert perfekt mit der Nase und betont einen angenehmen und anhaltenden mineralischen Abgang.<\/p>\n<p><strong>Weinlese<\/strong><br \/>\nEr stammt aus einer der renommiertesten Regionen von Abruzzen, von einem alten, pergola-bewachsenen Weinberg in idealer H\u00f6he, der eine beeindruckende Temperaturamplitude und eine wundervolle Exposition gew\u00e4hrleistet.<\/p>\n<p>Ein Pecorino, der aus einer Ernte der ersten Dekade des Septembers stammt, streng manuell durchgef\u00fchrt im Rahmen einer zertifizierten biologischen Landwirtschaft, die gr\u00f6\u00dften Respekt f\u00fcr die Umwelt garantiert.<\/p>\n<p><strong>Weinherstellung<\/strong><br \/>\nEine Vinifizierung in thermo-konditionierten Stahltanks, gefolgt von einer Reifung von 4 Monaten in Zementtanks, bevor er unter vollst\u00e4ndiger Abwesenheit von Sauerstoff abgef\u00fcllt wird.<\/p>\n<p><strong>Speisen-Wein-Paarungen mit unserem Bak\u00e1n Pecorino Abruzzo DOC Wein<\/strong><br \/>\nEin Wein, der bei einer Temperatur zwischen 6 und 8 Grad Celsius mit Vorspeisen, Fischgerichten, vegetarischen Gerichten, wei\u00dfem Fleisch und frischen oder mittelgereiften K\u00e4sesorten serviert werden sollte.<br \/>\nDenken Sie an Fisch-Crudit\u00e9 oder Meeresfr\u00fcchte-Spie\u00dfe, Tagliolini mit Venusmuscheln und Steinpilzen, Bavette mit Pesto, Kartoffeln und gr\u00fcnen Bohnen, gebratenes Huhn oder einen sch\u00f6nen gemischten abruzzesischen Caciotta-K\u00e4se.<\/p>\n<p><strong>INTERNATIONALE AUSZEICHNUNGEN<\/strong><\/p>\n<div id=\"fluid\">\n<table class=\"table\" border=\"0\" width=\"100%\" cellspacing=\"0\" cellpadding=\"0\">\n<tbody>\n<tr>\n<td><img loading=\"lazy\" decoding=\"async\" src=\"\/wp-content\/uploads\/2020\/07\/san-francisco-international-wine-competition-gold-medal.png\" alt=\"san-francisco-international-wine-competition-gold-medal\" width=\"115\" height=\"86\" \/><\/td>\n<td><img loading=\"lazy\" decoding=\"async\" src=\"\/wp-content\/uploads\/2020\/07\/sommelier-wine-awards-gold-medal-1.png\" alt=\"sommelier-wine-awards-gold-medal\" width=\"115\" height=\"86\" \/><\/td>\n<td><img loading=\"lazy\" decoding=\"async\" src=\"\/wp-content\/uploads\/2020\/07\/mundus-vini-silver-medal.png\" alt=\"mundus-vini-silver-medal\" width=\"115\" height=\"86\" \/><\/td>\n<td><img loading=\"lazy\" decoding=\"async\" src=\"\/wp-content\/uploads\/2020\/07\/intenational-wine-and-spirit-competiotion-silver-medal.png\" alt=\"intenational-wine-and-spirit-competitionon-silver-medal\" width=\"115\" height=\"86\" \/><\/td>\n<td><img loading=\"lazy\" decoding=\"async\" src=\"\/wp-content\/uploads\/2020\/07\/concours-mondial-bruxelles-silver-medal-01.png\" alt=\"concours-mondial-bruxelles-silver-medal\" width=\"115\" height=\"86\" \/><\/td>\n<td><img loading=\"lazy\" decoding=\"async\" src=\"\/wp-content\/uploads\/2020\/07\/decanter-world-wine-awards-bronze-medal.png\" alt=\"decanter-world-wine-awards-bronze-medal\" width=\"115\" height=\"86\" \/><\/td>\n<td><img loading=\"lazy\" decoding=\"async\" src=\"\/wp-content\/uploads\/2020\/07\/international-wine-challange-bronze-medal.png\" alt=\"international-wine-challange-bronze-meda\" width=\"115\" height=\"86\" \/><\/td>\n<\/tr>\n<\/tbody>\n<\/table>\n<\/div>\n","protected":false},"excerpt":{"rendered":"<p>Bak\u00e1n Pecorino Abruzzo DOC Torri Sensorische Notizen Farbe: Im Glas ein leuchtendes Strohgelb mit goldenen Nuancen, das durch seine Brillanz besticht. Nase: Eine ausgezeichnete olfaktorische Intensit\u00e4t offenbart frische florale und fruchtige Aromen mit gr\u00fcnen Noten von frisch geschnittenem Gras. Es sind Zitrusfr\u00fcchte, Aprikose, Salbei, Linde und sogar einige tropische Fr\u00fcchte zu erkennen. Geschmack: Im Mund [&#8230;]\n","protected":false},"featured_media":68737,"comment_status":"open","ping_status":"closed","template":"","meta":[],"product_brand":[],"product_cat":[476,173,175,179],"product_tag":[],"class_list":{"0":"post-68763","1":"product","2":"type-product","3":"status-publish","4":"has-post-thumbnail","6":"product_cat-bakan-de","7":"product_cat-biologische","8":"product_cat-torri-cantine-de","9":"product_cat-weissweine","10":"product_shipping_class-bottiglie","12":"first","13":"instock","14":"taxable","15":"shipping-taxable","16":"purchasable","17":"product-type-simple"},"bundled_by":["68767","80493"],"bundle_stock_status":"instock","bundle_stock_quantity":null,"bundle_virtual":false,"bundle_layout":"","bundle_add_to_cart_form_location":"","bundle_editable_in_cart":false,"bundle_sold_individually_context":"","bundle_item_grouping":"","bundle_min_size":"","bundle_max_size":"","bundle_price":[],"bundled_items":[],"bundle_sell_ids":[],"yoast_head":"<!-- This site is optimized with the Yoast SEO plugin v27.5 - https:\/\/yoast.com\/product\/yoast-seo-wordpress\/ -->\n<title>Torri Bak\u00e1n Pecorino Abruzzo DOC 0,75L - Torri Cantine Store COM<\/title>\n<meta name=\"robots\" content=\"index, follow, max-snippet:-1, max-image-preview:large, max-video-preview:-1\" \/>\n<link rel=\"canonical\" href=\"https:\/\/shop.torricantine.com\/de\/produkt\/torri-bakan-pecorino-abruzzo-doc-075l\/\" \/>\n<meta property=\"og:locale\" content=\"de_DE\" \/>\n<meta property=\"og:type\" content=\"article\" \/>\n<meta property=\"og:title\" content=\"Torri Bak\u00e1n Pecorino Abruzzo DOC 0,75L - Torri Cantine Store COM\" \/>\n<meta property=\"og:description\" content=\"Bak\u00e1n Pecorino Abruzzo DOC Torri Sensorische Notizen Farbe: Im Glas ein leuchtendes Strohgelb mit goldenen Nuancen, das durch seine Brillanz besticht. Nase: Eine ausgezeichnete olfaktorische Intensit\u00e4t offenbart frische florale und fruchtige Aromen mit gr\u00fcnen Noten von frisch geschnittenem Gras. Es sind Zitrusfr\u00fcchte, Aprikose, Salbei, Linde und sogar einige tropische Fr\u00fcchte zu erkennen. Geschmack: Im Mund [...]\" \/>\n<meta property=\"og:url\" content=\"https:\/\/shop.torricantine.com\/de\/produkt\/torri-bakan-pecorino-abruzzo-doc-075l\/\" \/>\n<meta property=\"og:site_name\" content=\"Torri Cantine Store COM\" \/>\n<meta property=\"article:modified_time\" content=\"2025-07-20T22:00:16+00:00\" \/>\n<meta property=\"og:image\" content=\"https:\/\/shop.torricantine.com\/wp-content\/uploads\/2024\/05\/BAKAN_pecorino-1.png\" \/>\n\t<meta property=\"og:image:width\" content=\"222\" \/>\n\t<meta property=\"og:image:height\" content=\"799\" \/>\n\t<meta property=\"og:image:type\" content=\"image\/png\" \/>\n<meta name=\"twitter:card\" content=\"summary_large_image\" \/>\n<meta name=\"twitter:label1\" content=\"Gesch\u00e4tzte Lesezeit\" \/>\n\t<meta name=\"twitter:data1\" content=\"3\u00a0Minuten\" \/>\n<script type=\"application\/ld+json\" class=\"yoast-schema-graph\">{\"@context\":\"https:\\\/\\\/schema.org\",\"@graph\":[{\"@type\":\"WebPage\",\"@id\":\"https:\\\/\\\/shop.torricantine.com\\\/de\\\/produkt\\\/torri-bakan-pecorino-abruzzo-doc-075l\\\/\",\"url\":\"https:\\\/\\\/shop.torricantine.com\\\/de\\\/produkt\\\/torri-bakan-pecorino-abruzzo-doc-075l\\\/\",\"name\":\"Torri Bak\u00e1n Pecorino Abruzzo DOC 0,75L - Torri Cantine Store COM\",\"isPartOf\":{\"@id\":\"https:\\\/\\\/shop.torricantine.com\\\/de\\\/#website\"},\"primaryImageOfPage\":{\"@id\":\"https:\\\/\\\/shop.torricantine.com\\\/de\\\/produkt\\\/torri-bakan-pecorino-abruzzo-doc-075l\\\/#primaryimage\"},\"image\":{\"@id\":\"https:\\\/\\\/shop.torricantine.com\\\/de\\\/produkt\\\/torri-bakan-pecorino-abruzzo-doc-075l\\\/#primaryimage\"},\"thumbnailUrl\":\"https:\\\/\\\/shop.torricantine.com\\\/wp-content\\\/uploads\\\/2024\\\/05\\\/BAKAN_pecorino-1.png\",\"datePublished\":\"2024-05-14T08:43:14+00:00\",\"dateModified\":\"2025-07-20T22:00:16+00:00\",\"breadcrumb\":{\"@id\":\"https:\\\/\\\/shop.torricantine.com\\\/de\\\/produkt\\\/torri-bakan-pecorino-abruzzo-doc-075l\\\/#breadcrumb\"},\"inLanguage\":\"de\",\"potentialAction\":[{\"@type\":\"ReadAction\",\"target\":[\"https:\\\/\\\/shop.torricantine.com\\\/de\\\/produkt\\\/torri-bakan-pecorino-abruzzo-doc-075l\\\/\"]}]},{\"@type\":\"ImageObject\",\"inLanguage\":\"de\",\"@id\":\"https:\\\/\\\/shop.torricantine.com\\\/de\\\/produkt\\\/torri-bakan-pecorino-abruzzo-doc-075l\\\/#primaryimage\",\"url\":\"https:\\\/\\\/shop.torricantine.com\\\/wp-content\\\/uploads\\\/2024\\\/05\\\/BAKAN_pecorino-1.png\",\"contentUrl\":\"https:\\\/\\\/shop.torricantine.com\\\/wp-content\\\/uploads\\\/2024\\\/05\\\/BAKAN_pecorino-1.png\",\"width\":222,\"height\":799},{\"@type\":\"BreadcrumbList\",\"@id\":\"https:\\\/\\\/shop.torricantine.com\\\/de\\\/produkt\\\/torri-bakan-pecorino-abruzzo-doc-075l\\\/#breadcrumb\",\"itemListElement\":[{\"@type\":\"ListItem\",\"position\":1,\"name\":\"Home\",\"item\":\"https:\\\/\\\/shop.torricantine.com\\\/de\\\/\"},{\"@type\":\"ListItem\",\"position\":2,\"name\":\"Shop\",\"item\":\"https:\\\/\\\/shop.torricantine.com\\\/de\\\/shop\\\/\"},{\"@type\":\"ListItem\",\"position\":3,\"name\":\"Torri Bak\u00e1n Pecorino Abruzzo DOC 0,75L\"}]},{\"@type\":\"WebSite\",\"@id\":\"https:\\\/\\\/shop.torricantine.com\\\/de\\\/#website\",\"url\":\"https:\\\/\\\/shop.torricantine.com\\\/de\\\/\",\"name\":\"Torri Cantine Store COM\",\"description\":\"Online store of our winery in Italy\",\"publisher\":{\"@id\":\"https:\\\/\\\/shop.torricantine.com\\\/de\\\/#organization\"},\"potentialAction\":[{\"@type\":\"SearchAction\",\"target\":{\"@type\":\"EntryPoint\",\"urlTemplate\":\"https:\\\/\\\/shop.torricantine.com\\\/de\\\/?s={search_term_string}\"},\"query-input\":{\"@type\":\"PropertyValueSpecification\",\"valueRequired\":true,\"valueName\":\"search_term_string\"}}],\"inLanguage\":\"de\"},{\"@type\":\"Organization\",\"@id\":\"https:\\\/\\\/shop.torricantine.com\\\/de\\\/#organization\",\"name\":\"Torri Cantine\",\"url\":\"https:\\\/\\\/shop.torricantine.com\\\/de\\\/\",\"logo\":{\"@type\":\"ImageObject\",\"inLanguage\":\"de\",\"@id\":\"https:\\\/\\\/shop.torricantine.com\\\/de\\\/#\\\/schema\\\/logo\\\/image\\\/\",\"url\":\"https:\\\/\\\/shop.torricantine.com\\\/wp-content\\\/uploads\\\/2020\\\/04\\\/torri-store-logo_text.png\",\"contentUrl\":\"https:\\\/\\\/shop.torricantine.com\\\/wp-content\\\/uploads\\\/2020\\\/04\\\/torri-store-logo_text.png\",\"width\":289,\"height\":361,\"caption\":\"Torri Cantine\"},\"image\":{\"@id\":\"https:\\\/\\\/shop.torricantine.com\\\/de\\\/#\\\/schema\\\/logo\\\/image\\\/\"}}]}<\/script>\n<!-- \/ Yoast SEO plugin. -->","yoast_head_json":{"title":"Torri Bak\u00e1n Pecorino Abruzzo DOC 0,75L - Torri Cantine Store COM","robots":{"index":"index","follow":"follow","max-snippet":"max-snippet:-1","max-image-preview":"max-image-preview:large","max-video-preview":"max-video-preview:-1"},"canonical":"https:\/\/shop.torricantine.com\/de\/produkt\/torri-bakan-pecorino-abruzzo-doc-075l\/","og_locale":"de_DE","og_type":"article","og_title":"Torri Bak\u00e1n Pecorino Abruzzo DOC 0,75L - Torri Cantine Store COM","og_description":"Bak\u00e1n Pecorino Abruzzo DOC Torri Sensorische Notizen Farbe: Im Glas ein leuchtendes Strohgelb mit goldenen Nuancen, das durch seine Brillanz besticht. Nase: Eine ausgezeichnete olfaktorische Intensit\u00e4t offenbart frische florale und fruchtige Aromen mit gr\u00fcnen Noten von frisch geschnittenem Gras. Es sind Zitrusfr\u00fcchte, Aprikose, Salbei, Linde und sogar einige tropische Fr\u00fcchte zu erkennen. Geschmack: Im Mund [...]","og_url":"https:\/\/shop.torricantine.com\/de\/produkt\/torri-bakan-pecorino-abruzzo-doc-075l\/","og_site_name":"Torri Cantine Store COM","article_modified_time":"2025-07-20T22:00:16+00:00","og_image":[{"width":222,"height":799,"url":"https:\/\/shop.torricantine.com\/wp-content\/uploads\/2024\/05\/BAKAN_pecorino-1.png","type":"image\/png"}],"twitter_card":"summary_large_image","twitter_misc":{"Gesch\u00e4tzte Lesezeit":"3\u00a0Minuten"},"schema":{"@context":"https:\/\/schema.org","@graph":[{"@type":"WebPage","@id":"https:\/\/shop.torricantine.com\/de\/produkt\/torri-bakan-pecorino-abruzzo-doc-075l\/","url":"https:\/\/shop.torricantine.com\/de\/produkt\/torri-bakan-pecorino-abruzzo-doc-075l\/","name":"Torri Bak\u00e1n Pecorino Abruzzo DOC 0,75L - Torri Cantine Store COM","isPartOf":{"@id":"https:\/\/shop.torricantine.com\/de\/#website"},"primaryImageOfPage":{"@id":"https:\/\/shop.torricantine.com\/de\/produkt\/torri-bakan-pecorino-abruzzo-doc-075l\/#primaryimage"},"image":{"@id":"https:\/\/shop.torricantine.com\/de\/produkt\/torri-bakan-pecorino-abruzzo-doc-075l\/#primaryimage"},"thumbnailUrl":"https:\/\/shop.torricantine.com\/wp-content\/uploads\/2024\/05\/BAKAN_pecorino-1.png","datePublished":"2024-05-14T08:43:14+00:00","dateModified":"2025-07-20T22:00:16+00:00","breadcrumb":{"@id":"https:\/\/shop.torricantine.com\/de\/produkt\/torri-bakan-pecorino-abruzzo-doc-075l\/#breadcrumb"},"inLanguage":"de","potentialAction":[{"@type":"ReadAction","target":["https:\/\/shop.torricantine.com\/de\/produkt\/torri-bakan-pecorino-abruzzo-doc-075l\/"]}]},{"@type":"ImageObject","inLanguage":"de","@id":"https:\/\/shop.torricantine.com\/de\/produkt\/torri-bakan-pecorino-abruzzo-doc-075l\/#primaryimage","url":"https:\/\/shop.torricantine.com\/wp-content\/uploads\/2024\/05\/BAKAN_pecorino-1.png","contentUrl":"https:\/\/shop.torricantine.com\/wp-content\/uploads\/2024\/05\/BAKAN_pecorino-1.png","width":222,"height":799},{"@type":"BreadcrumbList","@id":"https:\/\/shop.torricantine.com\/de\/produkt\/torri-bakan-pecorino-abruzzo-doc-075l\/#breadcrumb","itemListElement":[{"@type":"ListItem","position":1,"name":"Home","item":"https:\/\/shop.torricantine.com\/de\/"},{"@type":"ListItem","position":2,"name":"Shop","item":"https:\/\/shop.torricantine.com\/de\/shop\/"},{"@type":"ListItem","position":3,"name":"Torri Bak\u00e1n Pecorino Abruzzo DOC 0,75L"}]},{"@type":"WebSite","@id":"https:\/\/shop.torricantine.com\/de\/#website","url":"https:\/\/shop.torricantine.com\/de\/","name":"Torri Cantine Store COM","description":"Online store of our winery in Italy","publisher":{"@id":"https:\/\/shop.torricantine.com\/de\/#organization"},"potentialAction":[{"@type":"SearchAction","target":{"@type":"EntryPoint","urlTemplate":"https:\/\/shop.torricantine.com\/de\/?s={search_term_string}"},"query-input":{"@type":"PropertyValueSpecification","valueRequired":true,"valueName":"search_term_string"}}],"inLanguage":"de"},{"@type":"Organization","@id":"https:\/\/shop.torricantine.com\/de\/#organization","name":"Torri Cantine","url":"https:\/\/shop.torricantine.com\/de\/","logo":{"@type":"ImageObject","inLanguage":"de","@id":"https:\/\/shop.torricantine.com\/de\/#\/schema\/logo\/image\/","url":"https:\/\/shop.torricantine.com\/wp-content\/uploads\/2020\/04\/torri-store-logo_text.png","contentUrl":"https:\/\/shop.torricantine.com\/wp-content\/uploads\/2020\/04\/torri-store-logo_text.png","width":289,"height":361,"caption":"Torri Cantine"},"image":{"@id":"https:\/\/shop.torricantine.com\/de\/#\/schema\/logo\/image\/"}}]}},"_links":{"self":[{"href":"https:\/\/shop.torricantine.com\/de\/wp-json\/wp\/v2\/product\/68763","targetHints":{"allow":["GET"]}}],"collection":[{"href":"https:\/\/shop.torricantine.com\/de\/wp-json\/wp\/v2\/product"}],"about":[{"href":"https:\/\/shop.torricantine.com\/de\/wp-json\/wp\/v2\/types\/product"}],"replies":[{"embeddable":true,"href":"https:\/\/shop.torricantine.com\/de\/wp-json\/wp\/v2\/comments?post=68763"}],"wp:featuredmedia":[{"embeddable":true,"href":"https:\/\/shop.torricantine.com\/de\/wp-json\/wp\/v2\/media\/68737"}],"wp:attachment":[{"href":"https:\/\/shop.torricantine.com\/de\/wp-json\/wp\/v2\/media?parent=68763"}],"wp:term":[{"taxonomy":"product_brand","embeddable":true,"href":"https:\/\/shop.torricantine.com\/de\/wp-json\/wp\/v2\/product_brand?post=68763"},{"taxonomy":"product_cat","embeddable":true,"href":"https:\/\/shop.torricantine.com\/de\/wp-json\/wp\/v2\/product_cat?post=68763"},{"taxonomy":"product_tag","embeddable":true,"href":"https:\/\/shop.torricantine.com\/de\/wp-json\/wp\/v2\/product_tag?post=68763"}],"curies":[{"name":"wp","href":"https:\/\/api.w.org\/{rel}","templated":true}]}}