{"id":68759,"date":"2024-05-14T10:42:23","date_gmt":"2024-05-14T08:42:23","guid":{"rendered":"https:\/\/shop.torricantine.com\/product\/torri-bakan-trebbiano-dabruzzo-doc-075l\/"},"modified":"2025-07-21T00:00:16","modified_gmt":"2025-07-20T22:00:16","slug":"torri-bakan-trebbiano-dabruzzo-doc-075l","status":"publish","type":"product","link":"https:\/\/shop.torricantine.com\/de\/produkt\/torri-bakan-trebbiano-dabruzzo-doc-075l\/","title":{"rendered":"Torri Bak\u00e1n Trebbiano D&#8217;Abruzzo DOC 0,75L"},"content":{"rendered":"<h1><strong>Bak\u00e1n Trebbiano DOC Torri<\/strong><\/h1>\n<p><strong>Sensorische Noten<\/strong><br \/>\n<strong>Farbe<\/strong>: Ein lebhaftes und intensives Strohgelb mit goldenen Reflexen.<br \/>\n<strong>Nase<\/strong>: In der Nase sind delikate und anhaltende florale und fruchtige Noten von Zitrusfr\u00fcchten, Akazien und Birnen zu erkennen.<br \/>\n<strong>Geschmack<\/strong>: Am Gaumen ein kr\u00e4ftiger Auftakt, perfekt harmonierend mit den Aromen, gekennzeichnet durch eine Frische, die nur durch eine zarte, ausgleichende S\u00fc\u00dfe gemildert wird. Ein anhaltend mineralisches Finish, das die Herkunft aus einem renommierten Terroir best\u00e4tigt.<\/p>\n<p><strong>Ernte<\/strong><br \/>\nEr stammt aus einem der renommiertesten Gebiete in den Abruzzen, aus einem alten, im Pergola-System bewirtschafteten Weinberg in idealer H\u00f6henlage, der eine ausgezeichnete thermische Amplitude und eine herrliche Exposition gew\u00e4hrleistet.<\/p>\n<p>Ein Trebbiano d&#8217;Abruzzo DOC, der aus einer Mitte September rigoros von Hand gelesenen Ernte stammt, im Rahmen eines zertifizierten biologischen Anbaus, der h\u00f6chsten Umweltrespekt garantiert.<\/p>\n<p><strong>Vinifizierung<\/strong><br \/>\nDie Vinifizierung erfolgt in speziellen Zementtanks, gefolgt von einer 4-monatigen Reifung, ebenfalls in Zement, bevor er unter v\u00f6lligem Sauerstoffausschluss in Flaschen abgef\u00fcllt wird.<\/p>\n<p><strong>Weinkombinationen mit unserem Bak\u00e1n Trebbiano d&#8217;Abruzzo DOC<\/strong><br \/>\nEin Wein, der bei einer Temperatur von 6 bis maximal 8 Grad serviert werden sollte, passt gut zu Aperitifs, Vorspeisen, Fischgerichten, vegetarischen Gerichten, wei\u00dfem Fleisch und leicht gereiften K\u00e4sesorten. Wir empfehlen ihn zu Thunfischtatar, Paccheri mit Rucola und Garnelen, H\u00fchnchen mit Paprika, aber auch zu einem einfachen Caprese-Salat.<\/p>\n","protected":false},"excerpt":{"rendered":"<p>Bak\u00e1n Trebbiano DOC Torri Sensorische Noten Farbe: Ein lebhaftes und intensives Strohgelb mit goldenen Reflexen. Nase: In der Nase sind delikate und anhaltende florale und fruchtige Noten von Zitrusfr\u00fcchten, Akazien und Birnen zu erkennen. Geschmack: Am Gaumen ein kr\u00e4ftiger Auftakt, perfekt harmonierend mit den Aromen, gekennzeichnet durch eine Frische, die nur durch eine zarte, ausgleichende [&#8230;]\n","protected":false},"featured_media":68715,"comment_status":"open","ping_status":"closed","template":"","meta":[],"product_brand":[],"product_cat":[476,173,175,179],"product_tag":[],"class_list":{"0":"post-68759","1":"product","2":"type-product","3":"status-publish","4":"has-post-thumbnail","6":"product_cat-bakan-de","7":"product_cat-biologische","8":"product_cat-torri-cantine-de","9":"product_cat-weissweine","10":"product_shipping_class-bottiglie","12":"first","13":"instock","14":"taxable","15":"shipping-taxable","16":"purchasable","17":"product-type-simple"},"bundled_by":["80493"],"bundle_stock_status":"instock","bundle_stock_quantity":null,"bundle_virtual":false,"bundle_layout":"","bundle_add_to_cart_form_location":"","bundle_editable_in_cart":false,"bundle_sold_individually_context":"","bundle_item_grouping":"","bundle_min_size":"","bundle_max_size":"","bundle_price":[],"bundled_items":[],"bundle_sell_ids":[],"yoast_head":"<!-- This site is optimized with the Yoast SEO plugin v27.5 - https:\/\/yoast.com\/product\/yoast-seo-wordpress\/ -->\n<title>Torri Bak\u00e1n Trebbiano D&#039;Abruzzo DOC 0,75L - Torri Cantine Store COM<\/title>\n<meta name=\"robots\" content=\"index, follow, max-snippet:-1, max-image-preview:large, max-video-preview:-1\" \/>\n<link rel=\"canonical\" href=\"https:\/\/shop.torricantine.com\/de\/produkt\/torri-bakan-trebbiano-dabruzzo-doc-075l\/\" \/>\n<meta property=\"og:locale\" content=\"de_DE\" \/>\n<meta property=\"og:type\" content=\"article\" \/>\n<meta property=\"og:title\" content=\"Torri Bak\u00e1n Trebbiano D&#039;Abruzzo DOC 0,75L - Torri Cantine Store COM\" \/>\n<meta property=\"og:description\" content=\"Bak\u00e1n Trebbiano DOC Torri Sensorische Noten Farbe: Ein lebhaftes und intensives Strohgelb mit goldenen Reflexen. Nase: In der Nase sind delikate und anhaltende florale und fruchtige Noten von Zitrusfr\u00fcchten, Akazien und Birnen zu erkennen. Geschmack: Am Gaumen ein kr\u00e4ftiger Auftakt, perfekt harmonierend mit den Aromen, gekennzeichnet durch eine Frische, die nur durch eine zarte, ausgleichende [...]\" \/>\n<meta property=\"og:url\" content=\"https:\/\/shop.torricantine.com\/de\/produkt\/torri-bakan-trebbiano-dabruzzo-doc-075l\/\" \/>\n<meta property=\"og:site_name\" content=\"Torri Cantine Store COM\" \/>\n<meta property=\"article:modified_time\" content=\"2025-07-20T22:00:16+00:00\" \/>\n<meta property=\"og:image\" content=\"https:\/\/shop.torricantine.com\/wp-content\/uploads\/2024\/05\/BAKAN_trebbiano-1.png\" \/>\n\t<meta property=\"og:image:width\" content=\"223\" \/>\n\t<meta property=\"og:image:height\" content=\"800\" \/>\n\t<meta property=\"og:image:type\" content=\"image\/png\" \/>\n<meta name=\"twitter:card\" content=\"summary_large_image\" \/>\n<meta name=\"twitter:label1\" content=\"Gesch\u00e4tzte Lesezeit\" \/>\n\t<meta name=\"twitter:data1\" content=\"2\u00a0Minuten\" \/>\n<script type=\"application\/ld+json\" class=\"yoast-schema-graph\">{\"@context\":\"https:\\\/\\\/schema.org\",\"@graph\":[{\"@type\":\"WebPage\",\"@id\":\"https:\\\/\\\/shop.torricantine.com\\\/de\\\/produkt\\\/torri-bakan-trebbiano-dabruzzo-doc-075l\\\/\",\"url\":\"https:\\\/\\\/shop.torricantine.com\\\/de\\\/produkt\\\/torri-bakan-trebbiano-dabruzzo-doc-075l\\\/\",\"name\":\"Torri Bak\u00e1n Trebbiano D'Abruzzo DOC 0,75L - Torri Cantine Store COM\",\"isPartOf\":{\"@id\":\"https:\\\/\\\/shop.torricantine.com\\\/de\\\/#website\"},\"primaryImageOfPage\":{\"@id\":\"https:\\\/\\\/shop.torricantine.com\\\/de\\\/produkt\\\/torri-bakan-trebbiano-dabruzzo-doc-075l\\\/#primaryimage\"},\"image\":{\"@id\":\"https:\\\/\\\/shop.torricantine.com\\\/de\\\/produkt\\\/torri-bakan-trebbiano-dabruzzo-doc-075l\\\/#primaryimage\"},\"thumbnailUrl\":\"https:\\\/\\\/shop.torricantine.com\\\/wp-content\\\/uploads\\\/2024\\\/05\\\/BAKAN_trebbiano-1.png\",\"datePublished\":\"2024-05-14T08:42:23+00:00\",\"dateModified\":\"2025-07-20T22:00:16+00:00\",\"breadcrumb\":{\"@id\":\"https:\\\/\\\/shop.torricantine.com\\\/de\\\/produkt\\\/torri-bakan-trebbiano-dabruzzo-doc-075l\\\/#breadcrumb\"},\"inLanguage\":\"de\",\"potentialAction\":[{\"@type\":\"ReadAction\",\"target\":[\"https:\\\/\\\/shop.torricantine.com\\\/de\\\/produkt\\\/torri-bakan-trebbiano-dabruzzo-doc-075l\\\/\"]}]},{\"@type\":\"ImageObject\",\"inLanguage\":\"de\",\"@id\":\"https:\\\/\\\/shop.torricantine.com\\\/de\\\/produkt\\\/torri-bakan-trebbiano-dabruzzo-doc-075l\\\/#primaryimage\",\"url\":\"https:\\\/\\\/shop.torricantine.com\\\/wp-content\\\/uploads\\\/2024\\\/05\\\/BAKAN_trebbiano-1.png\",\"contentUrl\":\"https:\\\/\\\/shop.torricantine.com\\\/wp-content\\\/uploads\\\/2024\\\/05\\\/BAKAN_trebbiano-1.png\",\"width\":223,\"height\":800},{\"@type\":\"BreadcrumbList\",\"@id\":\"https:\\\/\\\/shop.torricantine.com\\\/de\\\/produkt\\\/torri-bakan-trebbiano-dabruzzo-doc-075l\\\/#breadcrumb\",\"itemListElement\":[{\"@type\":\"ListItem\",\"position\":1,\"name\":\"Home\",\"item\":\"https:\\\/\\\/shop.torricantine.com\\\/de\\\/\"},{\"@type\":\"ListItem\",\"position\":2,\"name\":\"Shop\",\"item\":\"https:\\\/\\\/shop.torricantine.com\\\/de\\\/shop\\\/\"},{\"@type\":\"ListItem\",\"position\":3,\"name\":\"Torri Bak\u00e1n Trebbiano D&rsquo;Abruzzo DOC 0,75L\"}]},{\"@type\":\"WebSite\",\"@id\":\"https:\\\/\\\/shop.torricantine.com\\\/de\\\/#website\",\"url\":\"https:\\\/\\\/shop.torricantine.com\\\/de\\\/\",\"name\":\"Torri Cantine Store COM\",\"description\":\"Online store of our winery in Italy\",\"publisher\":{\"@id\":\"https:\\\/\\\/shop.torricantine.com\\\/de\\\/#organization\"},\"potentialAction\":[{\"@type\":\"SearchAction\",\"target\":{\"@type\":\"EntryPoint\",\"urlTemplate\":\"https:\\\/\\\/shop.torricantine.com\\\/de\\\/?s={search_term_string}\"},\"query-input\":{\"@type\":\"PropertyValueSpecification\",\"valueRequired\":true,\"valueName\":\"search_term_string\"}}],\"inLanguage\":\"de\"},{\"@type\":\"Organization\",\"@id\":\"https:\\\/\\\/shop.torricantine.com\\\/de\\\/#organization\",\"name\":\"Torri Cantine\",\"url\":\"https:\\\/\\\/shop.torricantine.com\\\/de\\\/\",\"logo\":{\"@type\":\"ImageObject\",\"inLanguage\":\"de\",\"@id\":\"https:\\\/\\\/shop.torricantine.com\\\/de\\\/#\\\/schema\\\/logo\\\/image\\\/\",\"url\":\"https:\\\/\\\/shop.torricantine.com\\\/wp-content\\\/uploads\\\/2020\\\/04\\\/torri-store-logo_text.png\",\"contentUrl\":\"https:\\\/\\\/shop.torricantine.com\\\/wp-content\\\/uploads\\\/2020\\\/04\\\/torri-store-logo_text.png\",\"width\":289,\"height\":361,\"caption\":\"Torri Cantine\"},\"image\":{\"@id\":\"https:\\\/\\\/shop.torricantine.com\\\/de\\\/#\\\/schema\\\/logo\\\/image\\\/\"}}]}<\/script>\n<!-- \/ Yoast SEO plugin. -->","yoast_head_json":{"title":"Torri Bak\u00e1n Trebbiano D'Abruzzo DOC 0,75L - Torri Cantine Store COM","robots":{"index":"index","follow":"follow","max-snippet":"max-snippet:-1","max-image-preview":"max-image-preview:large","max-video-preview":"max-video-preview:-1"},"canonical":"https:\/\/shop.torricantine.com\/de\/produkt\/torri-bakan-trebbiano-dabruzzo-doc-075l\/","og_locale":"de_DE","og_type":"article","og_title":"Torri Bak\u00e1n Trebbiano D'Abruzzo DOC 0,75L - Torri Cantine Store COM","og_description":"Bak\u00e1n Trebbiano DOC Torri Sensorische Noten Farbe: Ein lebhaftes und intensives Strohgelb mit goldenen Reflexen. Nase: In der Nase sind delikate und anhaltende florale und fruchtige Noten von Zitrusfr\u00fcchten, Akazien und Birnen zu erkennen. Geschmack: Am Gaumen ein kr\u00e4ftiger Auftakt, perfekt harmonierend mit den Aromen, gekennzeichnet durch eine Frische, die nur durch eine zarte, ausgleichende [...]","og_url":"https:\/\/shop.torricantine.com\/de\/produkt\/torri-bakan-trebbiano-dabruzzo-doc-075l\/","og_site_name":"Torri Cantine Store COM","article_modified_time":"2025-07-20T22:00:16+00:00","og_image":[{"width":223,"height":800,"url":"https:\/\/shop.torricantine.com\/wp-content\/uploads\/2024\/05\/BAKAN_trebbiano-1.png","type":"image\/png"}],"twitter_card":"summary_large_image","twitter_misc":{"Gesch\u00e4tzte Lesezeit":"2\u00a0Minuten"},"schema":{"@context":"https:\/\/schema.org","@graph":[{"@type":"WebPage","@id":"https:\/\/shop.torricantine.com\/de\/produkt\/torri-bakan-trebbiano-dabruzzo-doc-075l\/","url":"https:\/\/shop.torricantine.com\/de\/produkt\/torri-bakan-trebbiano-dabruzzo-doc-075l\/","name":"Torri Bak\u00e1n Trebbiano D'Abruzzo DOC 0,75L - Torri Cantine Store COM","isPartOf":{"@id":"https:\/\/shop.torricantine.com\/de\/#website"},"primaryImageOfPage":{"@id":"https:\/\/shop.torricantine.com\/de\/produkt\/torri-bakan-trebbiano-dabruzzo-doc-075l\/#primaryimage"},"image":{"@id":"https:\/\/shop.torricantine.com\/de\/produkt\/torri-bakan-trebbiano-dabruzzo-doc-075l\/#primaryimage"},"thumbnailUrl":"https:\/\/shop.torricantine.com\/wp-content\/uploads\/2024\/05\/BAKAN_trebbiano-1.png","datePublished":"2024-05-14T08:42:23+00:00","dateModified":"2025-07-20T22:00:16+00:00","breadcrumb":{"@id":"https:\/\/shop.torricantine.com\/de\/produkt\/torri-bakan-trebbiano-dabruzzo-doc-075l\/#breadcrumb"},"inLanguage":"de","potentialAction":[{"@type":"ReadAction","target":["https:\/\/shop.torricantine.com\/de\/produkt\/torri-bakan-trebbiano-dabruzzo-doc-075l\/"]}]},{"@type":"ImageObject","inLanguage":"de","@id":"https:\/\/shop.torricantine.com\/de\/produkt\/torri-bakan-trebbiano-dabruzzo-doc-075l\/#primaryimage","url":"https:\/\/shop.torricantine.com\/wp-content\/uploads\/2024\/05\/BAKAN_trebbiano-1.png","contentUrl":"https:\/\/shop.torricantine.com\/wp-content\/uploads\/2024\/05\/BAKAN_trebbiano-1.png","width":223,"height":800},{"@type":"BreadcrumbList","@id":"https:\/\/shop.torricantine.com\/de\/produkt\/torri-bakan-trebbiano-dabruzzo-doc-075l\/#breadcrumb","itemListElement":[{"@type":"ListItem","position":1,"name":"Home","item":"https:\/\/shop.torricantine.com\/de\/"},{"@type":"ListItem","position":2,"name":"Shop","item":"https:\/\/shop.torricantine.com\/de\/shop\/"},{"@type":"ListItem","position":3,"name":"Torri Bak\u00e1n Trebbiano D&rsquo;Abruzzo DOC 0,75L"}]},{"@type":"WebSite","@id":"https:\/\/shop.torricantine.com\/de\/#website","url":"https:\/\/shop.torricantine.com\/de\/","name":"Torri Cantine Store COM","description":"Online store of our winery in Italy","publisher":{"@id":"https:\/\/shop.torricantine.com\/de\/#organization"},"potentialAction":[{"@type":"SearchAction","target":{"@type":"EntryPoint","urlTemplate":"https:\/\/shop.torricantine.com\/de\/?s={search_term_string}"},"query-input":{"@type":"PropertyValueSpecification","valueRequired":true,"valueName":"search_term_string"}}],"inLanguage":"de"},{"@type":"Organization","@id":"https:\/\/shop.torricantine.com\/de\/#organization","name":"Torri Cantine","url":"https:\/\/shop.torricantine.com\/de\/","logo":{"@type":"ImageObject","inLanguage":"de","@id":"https:\/\/shop.torricantine.com\/de\/#\/schema\/logo\/image\/","url":"https:\/\/shop.torricantine.com\/wp-content\/uploads\/2020\/04\/torri-store-logo_text.png","contentUrl":"https:\/\/shop.torricantine.com\/wp-content\/uploads\/2020\/04\/torri-store-logo_text.png","width":289,"height":361,"caption":"Torri Cantine"},"image":{"@id":"https:\/\/shop.torricantine.com\/de\/#\/schema\/logo\/image\/"}}]}},"_links":{"self":[{"href":"https:\/\/shop.torricantine.com\/de\/wp-json\/wp\/v2\/product\/68759","targetHints":{"allow":["GET"]}}],"collection":[{"href":"https:\/\/shop.torricantine.com\/de\/wp-json\/wp\/v2\/product"}],"about":[{"href":"https:\/\/shop.torricantine.com\/de\/wp-json\/wp\/v2\/types\/product"}],"replies":[{"embeddable":true,"href":"https:\/\/shop.torricantine.com\/de\/wp-json\/wp\/v2\/comments?post=68759"}],"wp:featuredmedia":[{"embeddable":true,"href":"https:\/\/shop.torricantine.com\/de\/wp-json\/wp\/v2\/media\/68715"}],"wp:attachment":[{"href":"https:\/\/shop.torricantine.com\/de\/wp-json\/wp\/v2\/media?parent=68759"}],"wp:term":[{"taxonomy":"product_brand","embeddable":true,"href":"https:\/\/shop.torricantine.com\/de\/wp-json\/wp\/v2\/product_brand?post=68759"},{"taxonomy":"product_cat","embeddable":true,"href":"https:\/\/shop.torricantine.com\/de\/wp-json\/wp\/v2\/product_cat?post=68759"},{"taxonomy":"product_tag","embeddable":true,"href":"https:\/\/shop.torricantine.com\/de\/wp-json\/wp\/v2\/product_tag?post=68759"}],"curies":[{"name":"wp","href":"https:\/\/api.w.org\/{rel}","templated":true}]}}