{"id":68755,"date":"2024-05-14T10:42:37","date_gmt":"2024-05-14T08:42:37","guid":{"rendered":"https:\/\/shop.torricantine.com\/product\/torri-bakan-montepulciano-dabruzzo-doc-riserva-075l\/"},"modified":"2025-05-19T00:00:08","modified_gmt":"2025-05-18T22:00:08","slug":"torri-bakan-montepulciano-dabruzzo-doc-riserva-075l","status":"publish","type":"product","link":"https:\/\/shop.torricantine.com\/de\/produkt\/torri-bakan-montepulciano-dabruzzo-doc-riserva-075l\/","title":{"rendered":"Torri Bak\u00e1n Montepulciano D&#8217;Abruzzo DOC Riserva 0,75L"},"content":{"rendered":"<h1><strong>Bak\u00e1n Montepulciano d&#8217;Abruzzo DOC Riserva Torri<\/strong><\/h1>\n<p><strong>Sensorische Noten<\/strong><br \/>\n<strong>Farbe<\/strong>: Ein undurchdringliches Rubinrot, versch\u00f6nert durch einen zarten Granatfarbton.<br \/>\n<strong>Nase<\/strong>: In einem vielf\u00e4ltigen und intensiven olfaktorischen Bild heben sich Aromen von reifen Brombeeren, Kirschen und Brombeeren hervor, mit zarten Noten von Unterholz im Abgang.<br \/>\n<strong>Geschmack<\/strong>: Der Geschmack ist sanft und elegant, mit Noten von Kirschen, Kirschen, Waldfr\u00fcchten, begleitet von einer sch\u00f6nen Frische und seidigen Tanninen im Mund, die perfekt durch eine W\u00e4rme und S\u00fc\u00dfe ausbalanciert sind, die den angenehmen Genuss nicht st\u00f6ren. Ein anhaltendes, w\u00fcrziges und angenehm bitteres Finish.<\/p>\n<p><strong>Weinlese<\/strong><br \/>\nEr stammt aus einer der renommiertesten Gegenden in Abruzzen, aus einem alten Pergola-Weinberg in idealer H\u00f6henlage, der eine beeindruckende Temperaturamplitude und eine gro\u00dfartige Exposition garantiert.<\/p>\n<p>Ein Montepulciano d&#8217;Abruzzo DOC, der aus einer Weinlese Mitte Oktober stammt, streng von Hand gelesen, im Rahmen zertifizierter biologischer Landwirtschaft, die gr\u00f6\u00dften Respekt f\u00fcr die Umwelt gew\u00e4hrleistet.<\/p>\n<p><strong>Weinherstellung<\/strong><br \/>\nEine Weinherstellung in thermo-konditionierten Stahltanks, gefolgt von einer malolaktischen G\u00e4rung, einer 6-monatigen Lagerung in Zementtanks und anschlie\u00dfend 12 Monaten in Barriques, bevor er unter v\u00f6lligem Sauerstoffausschluss abgef\u00fcllt und weitere 6 Monate gelagert wird.<\/p>\n<p><strong>Wein- und Speisenpaarung mit unserem Montepulciano d&#8217;Abruzzo DOC Riserva Bak\u00e1n<\/strong><br \/>\nEr braucht Zeit, um sich zu entfalten, daher empfehlen wir, ihn vor dem Genuss zu \u00f6ffnen, bei einer Temperatur zwischen 16 und 18 Grad, in einem gro\u00dfz\u00fcgigen Glas mit breitem Rand.<\/p>\n<p>Hervorragend zu gut strukturierten und schmackhaften Gerichten: Aperitifs, Vorspeisen, Pastagerichte, vegetarische Gerichte, rotes Fleisch und mittel- bis langgereifte K\u00e4sesorten. Wurstwaren, Pappardelle mit Bolognese-Sauce, Garganelli mit Walnuss- und Sellerie-Sauce, gef\u00fcllte Rinderrouladen oder ein gut gereifter Pecorino aus Castel del Monte.<\/p>\n<p><strong>Internationale Auszeichnungen<\/strong><\/p>\n<div id=\"fluid\">\n<table class=\"table\" border=\"0\" width=\"100%\" cellspacing=\"0\" cellpadding=\"0\">\n<tbody>\n<tr>\n<td><img loading=\"lazy\" decoding=\"async\" src=\"\/wp-content\/uploads\/2020\/07\/mundus-vini-gold-medal-01.png\" alt=\"mundus-vini-gold-medal\" width=\"115\" height=\"86\" \/><\/td>\n<td><img loading=\"lazy\" decoding=\"async\" src=\"\/wp-content\/uploads\/2020\/07\/challenge-du-vin-gold-medal-01.png\" alt=\"challenge-du-vin-gold-medal\" width=\"115\" height=\"86\" \/><\/td>\n<td><img loading=\"lazy\" decoding=\"async\" src=\"\/wp-content\/uploads\/2020\/07\/concours-mondial-bruxelles-silver-medal-01.png\" alt=\"concours-mondial-bruxelles-silver-medal\" width=\"115\" height=\"86\" \/><\/td>\n<td><img loading=\"lazy\" decoding=\"async\" src=\"\/wp-content\/uploads\/2020\/07\/mundus-vini-silver-medal.png\" alt=\"mundus-vini-silver-medal\" width=\"115\" height=\"86\" \/><\/td>\n<td><img loading=\"lazy\" decoding=\"async\" src=\"\/wp-content\/uploads\/2020\/07\/challenge-international-du-vin-silver-medal.png\" alt=\"challenge-international-du-vin-silver-medal\" width=\"115\" height=\"86\" \/><\/td>\n<td><img loading=\"lazy\" decoding=\"async\" src=\"\/wp-content\/uploads\/2020\/07\/sommelier-wine-awards-silver-medal-01.png\" alt=\"sommelier-wine-awards-silver-medal\" width=\"115\" height=\"86\" \/><\/td>\n<td><img loading=\"lazy\" decoding=\"async\" src=\"\/wp-content\/uploads\/2020\/07\/intenational-wine-and-spirit-competiotion-silver-medal.png\" alt=\"intenational-wine-and-spirit-competiotion-silver-medal\" width=\"115\" height=\"86\" \/><\/td>\n<td><img loading=\"lazy\" decoding=\"async\" src=\"\/wp-content\/uploads\/2020\/07\/decanter-world-wine-awards-commended-2019.png\" alt=\"decanter-world-wine-awards-commended-2019\" width=\"115\" height=\"86\" \/><\/td>\n<\/tr>\n<\/tbody>\n<\/table>\n<\/div>\n","protected":false},"excerpt":{"rendered":"<p>Bak\u00e1n Montepulciano d&#8217;Abruzzo DOC Riserva Torri Sensorische Noten Farbe: Ein undurchdringliches Rubinrot, versch\u00f6nert durch einen zarten Granatfarbton. Nase: In einem vielf\u00e4ltigen und intensiven olfaktorischen Bild heben sich Aromen von reifen Brombeeren, Kirschen und Brombeeren hervor, mit zarten Noten von Unterholz im Abgang. Geschmack: Der Geschmack ist sanft und elegant, mit Noten von Kirschen, Kirschen, Waldfr\u00fcchten, [&#8230;]\n","protected":false},"featured_media":68705,"comment_status":"open","ping_status":"closed","template":"","meta":[],"product_brand":[],"product_cat":[476,173,175],"product_tag":[],"class_list":{"0":"post-68755","1":"product","2":"type-product","3":"status-publish","4":"has-post-thumbnail","6":"product_cat-bakan-de","7":"product_cat-biologische","8":"product_cat-torri-cantine-de","9":"product_shipping_class-bottiglie","11":"first","12":"instock","13":"taxable","14":"shipping-taxable","15":"purchasable","16":"product-type-simple"},"bundled_by":["74483","80493"],"bundle_stock_status":"instock","bundle_stock_quantity":null,"bundle_virtual":false,"bundle_layout":"","bundle_add_to_cart_form_location":"","bundle_editable_in_cart":false,"bundle_sold_individually_context":"","bundle_item_grouping":"","bundle_min_size":"","bundle_max_size":"","bundle_price":[],"bundled_items":[],"bundle_sell_ids":[],"yoast_head":"<!-- This site is optimized with the Yoast SEO plugin v27.4 - https:\/\/yoast.com\/product\/yoast-seo-wordpress\/ -->\n<title>Torri Bak\u00e1n Montepulciano D&#039;Abruzzo DOC Riserva 0,75L - Torri Cantine Store COM<\/title>\n<meta name=\"robots\" content=\"index, follow, max-snippet:-1, max-image-preview:large, max-video-preview:-1\" \/>\n<link rel=\"canonical\" href=\"https:\/\/shop.torricantine.com\/de\/produkt\/torri-bakan-montepulciano-dabruzzo-doc-riserva-075l\/\" \/>\n<meta property=\"og:locale\" content=\"de_DE\" \/>\n<meta property=\"og:type\" content=\"article\" \/>\n<meta property=\"og:title\" content=\"Torri Bak\u00e1n Montepulciano D&#039;Abruzzo DOC Riserva 0,75L - Torri Cantine Store COM\" \/>\n<meta property=\"og:description\" content=\"Bak\u00e1n Montepulciano d&#8217;Abruzzo DOC Riserva Torri Sensorische Noten Farbe: Ein undurchdringliches Rubinrot, versch\u00f6nert durch einen zarten Granatfarbton. Nase: In einem vielf\u00e4ltigen und intensiven olfaktorischen Bild heben sich Aromen von reifen Brombeeren, Kirschen und Brombeeren hervor, mit zarten Noten von Unterholz im Abgang. Geschmack: Der Geschmack ist sanft und elegant, mit Noten von Kirschen, Kirschen, Waldfr\u00fcchten, [...]\" \/>\n<meta property=\"og:url\" content=\"https:\/\/shop.torricantine.com\/de\/produkt\/torri-bakan-montepulciano-dabruzzo-doc-riserva-075l\/\" \/>\n<meta property=\"og:site_name\" content=\"Torri Cantine Store COM\" \/>\n<meta property=\"article:modified_time\" content=\"2025-05-18T22:00:08+00:00\" \/>\n<meta property=\"og:image\" content=\"https:\/\/shop.torricantine.com\/wp-content\/uploads\/2024\/05\/BAKAN_mda-riserva-1.png\" \/>\n\t<meta property=\"og:image:width\" content=\"227\" \/>\n\t<meta property=\"og:image:height\" content=\"799\" \/>\n\t<meta property=\"og:image:type\" content=\"image\/png\" \/>\n<meta name=\"twitter:card\" content=\"summary_large_image\" \/>\n<meta name=\"twitter:label1\" content=\"Gesch\u00e4tzte Lesezeit\" \/>\n\t<meta name=\"twitter:data1\" content=\"3\u00a0Minuten\" \/>\n<script type=\"application\/ld+json\" class=\"yoast-schema-graph\">{\"@context\":\"https:\\\/\\\/schema.org\",\"@graph\":[{\"@type\":\"WebPage\",\"@id\":\"https:\\\/\\\/shop.torricantine.com\\\/de\\\/produkt\\\/torri-bakan-montepulciano-dabruzzo-doc-riserva-075l\\\/\",\"url\":\"https:\\\/\\\/shop.torricantine.com\\\/de\\\/produkt\\\/torri-bakan-montepulciano-dabruzzo-doc-riserva-075l\\\/\",\"name\":\"Torri Bak\u00e1n Montepulciano D'Abruzzo DOC Riserva 0,75L - Torri Cantine Store COM\",\"isPartOf\":{\"@id\":\"https:\\\/\\\/shop.torricantine.com\\\/de\\\/#website\"},\"primaryImageOfPage\":{\"@id\":\"https:\\\/\\\/shop.torricantine.com\\\/de\\\/produkt\\\/torri-bakan-montepulciano-dabruzzo-doc-riserva-075l\\\/#primaryimage\"},\"image\":{\"@id\":\"https:\\\/\\\/shop.torricantine.com\\\/de\\\/produkt\\\/torri-bakan-montepulciano-dabruzzo-doc-riserva-075l\\\/#primaryimage\"},\"thumbnailUrl\":\"https:\\\/\\\/shop.torricantine.com\\\/wp-content\\\/uploads\\\/2024\\\/05\\\/BAKAN_mda-riserva-1.png\",\"datePublished\":\"2024-05-14T08:42:37+00:00\",\"dateModified\":\"2025-05-18T22:00:08+00:00\",\"breadcrumb\":{\"@id\":\"https:\\\/\\\/shop.torricantine.com\\\/de\\\/produkt\\\/torri-bakan-montepulciano-dabruzzo-doc-riserva-075l\\\/#breadcrumb\"},\"inLanguage\":\"de\",\"potentialAction\":[{\"@type\":\"ReadAction\",\"target\":[\"https:\\\/\\\/shop.torricantine.com\\\/de\\\/produkt\\\/torri-bakan-montepulciano-dabruzzo-doc-riserva-075l\\\/\"]}]},{\"@type\":\"ImageObject\",\"inLanguage\":\"de\",\"@id\":\"https:\\\/\\\/shop.torricantine.com\\\/de\\\/produkt\\\/torri-bakan-montepulciano-dabruzzo-doc-riserva-075l\\\/#primaryimage\",\"url\":\"https:\\\/\\\/shop.torricantine.com\\\/wp-content\\\/uploads\\\/2024\\\/05\\\/BAKAN_mda-riserva-1.png\",\"contentUrl\":\"https:\\\/\\\/shop.torricantine.com\\\/wp-content\\\/uploads\\\/2024\\\/05\\\/BAKAN_mda-riserva-1.png\",\"width\":227,\"height\":799},{\"@type\":\"BreadcrumbList\",\"@id\":\"https:\\\/\\\/shop.torricantine.com\\\/de\\\/produkt\\\/torri-bakan-montepulciano-dabruzzo-doc-riserva-075l\\\/#breadcrumb\",\"itemListElement\":[{\"@type\":\"ListItem\",\"position\":1,\"name\":\"Home\",\"item\":\"https:\\\/\\\/shop.torricantine.com\\\/de\\\/\"},{\"@type\":\"ListItem\",\"position\":2,\"name\":\"Shop\",\"item\":\"https:\\\/\\\/shop.torricantine.com\\\/de\\\/shop\\\/\"},{\"@type\":\"ListItem\",\"position\":3,\"name\":\"Torri Bak\u00e1n Montepulciano D&#8217;Abruzzo DOC Riserva 0,75L\"}]},{\"@type\":\"WebSite\",\"@id\":\"https:\\\/\\\/shop.torricantine.com\\\/de\\\/#website\",\"url\":\"https:\\\/\\\/shop.torricantine.com\\\/de\\\/\",\"name\":\"Torri Cantine Store COM\",\"description\":\"Online store of our winery in Italy\",\"publisher\":{\"@id\":\"https:\\\/\\\/shop.torricantine.com\\\/de\\\/#organization\"},\"potentialAction\":[{\"@type\":\"SearchAction\",\"target\":{\"@type\":\"EntryPoint\",\"urlTemplate\":\"https:\\\/\\\/shop.torricantine.com\\\/de\\\/?s={search_term_string}\"},\"query-input\":{\"@type\":\"PropertyValueSpecification\",\"valueRequired\":true,\"valueName\":\"search_term_string\"}}],\"inLanguage\":\"de\"},{\"@type\":\"Organization\",\"@id\":\"https:\\\/\\\/shop.torricantine.com\\\/de\\\/#organization\",\"name\":\"Torri Cantine\",\"url\":\"https:\\\/\\\/shop.torricantine.com\\\/de\\\/\",\"logo\":{\"@type\":\"ImageObject\",\"inLanguage\":\"de\",\"@id\":\"https:\\\/\\\/shop.torricantine.com\\\/de\\\/#\\\/schema\\\/logo\\\/image\\\/\",\"url\":\"https:\\\/\\\/shop.torricantine.com\\\/wp-content\\\/uploads\\\/2020\\\/04\\\/torri-store-logo_text.png\",\"contentUrl\":\"https:\\\/\\\/shop.torricantine.com\\\/wp-content\\\/uploads\\\/2020\\\/04\\\/torri-store-logo_text.png\",\"width\":289,\"height\":361,\"caption\":\"Torri Cantine\"},\"image\":{\"@id\":\"https:\\\/\\\/shop.torricantine.com\\\/de\\\/#\\\/schema\\\/logo\\\/image\\\/\"}}]}<\/script>\n<!-- \/ Yoast SEO plugin. -->","yoast_head_json":{"title":"Torri Bak\u00e1n Montepulciano D'Abruzzo DOC Riserva 0,75L - Torri Cantine Store COM","robots":{"index":"index","follow":"follow","max-snippet":"max-snippet:-1","max-image-preview":"max-image-preview:large","max-video-preview":"max-video-preview:-1"},"canonical":"https:\/\/shop.torricantine.com\/de\/produkt\/torri-bakan-montepulciano-dabruzzo-doc-riserva-075l\/","og_locale":"de_DE","og_type":"article","og_title":"Torri Bak\u00e1n Montepulciano D'Abruzzo DOC Riserva 0,75L - Torri Cantine Store COM","og_description":"Bak\u00e1n Montepulciano d&#8217;Abruzzo DOC Riserva Torri Sensorische Noten Farbe: Ein undurchdringliches Rubinrot, versch\u00f6nert durch einen zarten Granatfarbton. Nase: In einem vielf\u00e4ltigen und intensiven olfaktorischen Bild heben sich Aromen von reifen Brombeeren, Kirschen und Brombeeren hervor, mit zarten Noten von Unterholz im Abgang. Geschmack: Der Geschmack ist sanft und elegant, mit Noten von Kirschen, Kirschen, Waldfr\u00fcchten, [...]","og_url":"https:\/\/shop.torricantine.com\/de\/produkt\/torri-bakan-montepulciano-dabruzzo-doc-riserva-075l\/","og_site_name":"Torri Cantine Store COM","article_modified_time":"2025-05-18T22:00:08+00:00","og_image":[{"width":227,"height":799,"url":"https:\/\/shop.torricantine.com\/wp-content\/uploads\/2024\/05\/BAKAN_mda-riserva-1.png","type":"image\/png"}],"twitter_card":"summary_large_image","twitter_misc":{"Gesch\u00e4tzte Lesezeit":"3\u00a0Minuten"},"schema":{"@context":"https:\/\/schema.org","@graph":[{"@type":"WebPage","@id":"https:\/\/shop.torricantine.com\/de\/produkt\/torri-bakan-montepulciano-dabruzzo-doc-riserva-075l\/","url":"https:\/\/shop.torricantine.com\/de\/produkt\/torri-bakan-montepulciano-dabruzzo-doc-riserva-075l\/","name":"Torri Bak\u00e1n Montepulciano D'Abruzzo DOC Riserva 0,75L - Torri Cantine Store COM","isPartOf":{"@id":"https:\/\/shop.torricantine.com\/de\/#website"},"primaryImageOfPage":{"@id":"https:\/\/shop.torricantine.com\/de\/produkt\/torri-bakan-montepulciano-dabruzzo-doc-riserva-075l\/#primaryimage"},"image":{"@id":"https:\/\/shop.torricantine.com\/de\/produkt\/torri-bakan-montepulciano-dabruzzo-doc-riserva-075l\/#primaryimage"},"thumbnailUrl":"https:\/\/shop.torricantine.com\/wp-content\/uploads\/2024\/05\/BAKAN_mda-riserva-1.png","datePublished":"2024-05-14T08:42:37+00:00","dateModified":"2025-05-18T22:00:08+00:00","breadcrumb":{"@id":"https:\/\/shop.torricantine.com\/de\/produkt\/torri-bakan-montepulciano-dabruzzo-doc-riserva-075l\/#breadcrumb"},"inLanguage":"de","potentialAction":[{"@type":"ReadAction","target":["https:\/\/shop.torricantine.com\/de\/produkt\/torri-bakan-montepulciano-dabruzzo-doc-riserva-075l\/"]}]},{"@type":"ImageObject","inLanguage":"de","@id":"https:\/\/shop.torricantine.com\/de\/produkt\/torri-bakan-montepulciano-dabruzzo-doc-riserva-075l\/#primaryimage","url":"https:\/\/shop.torricantine.com\/wp-content\/uploads\/2024\/05\/BAKAN_mda-riserva-1.png","contentUrl":"https:\/\/shop.torricantine.com\/wp-content\/uploads\/2024\/05\/BAKAN_mda-riserva-1.png","width":227,"height":799},{"@type":"BreadcrumbList","@id":"https:\/\/shop.torricantine.com\/de\/produkt\/torri-bakan-montepulciano-dabruzzo-doc-riserva-075l\/#breadcrumb","itemListElement":[{"@type":"ListItem","position":1,"name":"Home","item":"https:\/\/shop.torricantine.com\/de\/"},{"@type":"ListItem","position":2,"name":"Shop","item":"https:\/\/shop.torricantine.com\/de\/shop\/"},{"@type":"ListItem","position":3,"name":"Torri Bak\u00e1n Montepulciano D&#8217;Abruzzo DOC Riserva 0,75L"}]},{"@type":"WebSite","@id":"https:\/\/shop.torricantine.com\/de\/#website","url":"https:\/\/shop.torricantine.com\/de\/","name":"Torri Cantine Store COM","description":"Online store of our winery in Italy","publisher":{"@id":"https:\/\/shop.torricantine.com\/de\/#organization"},"potentialAction":[{"@type":"SearchAction","target":{"@type":"EntryPoint","urlTemplate":"https:\/\/shop.torricantine.com\/de\/?s={search_term_string}"},"query-input":{"@type":"PropertyValueSpecification","valueRequired":true,"valueName":"search_term_string"}}],"inLanguage":"de"},{"@type":"Organization","@id":"https:\/\/shop.torricantine.com\/de\/#organization","name":"Torri Cantine","url":"https:\/\/shop.torricantine.com\/de\/","logo":{"@type":"ImageObject","inLanguage":"de","@id":"https:\/\/shop.torricantine.com\/de\/#\/schema\/logo\/image\/","url":"https:\/\/shop.torricantine.com\/wp-content\/uploads\/2020\/04\/torri-store-logo_text.png","contentUrl":"https:\/\/shop.torricantine.com\/wp-content\/uploads\/2020\/04\/torri-store-logo_text.png","width":289,"height":361,"caption":"Torri Cantine"},"image":{"@id":"https:\/\/shop.torricantine.com\/de\/#\/schema\/logo\/image\/"}}]}},"_links":{"self":[{"href":"https:\/\/shop.torricantine.com\/de\/wp-json\/wp\/v2\/product\/68755","targetHints":{"allow":["GET"]}}],"collection":[{"href":"https:\/\/shop.torricantine.com\/de\/wp-json\/wp\/v2\/product"}],"about":[{"href":"https:\/\/shop.torricantine.com\/de\/wp-json\/wp\/v2\/types\/product"}],"replies":[{"embeddable":true,"href":"https:\/\/shop.torricantine.com\/de\/wp-json\/wp\/v2\/comments?post=68755"}],"wp:featuredmedia":[{"embeddable":true,"href":"https:\/\/shop.torricantine.com\/de\/wp-json\/wp\/v2\/media\/68705"}],"wp:attachment":[{"href":"https:\/\/shop.torricantine.com\/de\/wp-json\/wp\/v2\/media?parent=68755"}],"wp:term":[{"taxonomy":"product_brand","embeddable":true,"href":"https:\/\/shop.torricantine.com\/de\/wp-json\/wp\/v2\/product_brand?post=68755"},{"taxonomy":"product_cat","embeddable":true,"href":"https:\/\/shop.torricantine.com\/de\/wp-json\/wp\/v2\/product_cat?post=68755"},{"taxonomy":"product_tag","embeddable":true,"href":"https:\/\/shop.torricantine.com\/de\/wp-json\/wp\/v2\/product_tag?post=68755"}],"curies":[{"name":"wp","href":"https:\/\/api.w.org\/{rel}","templated":true}]}}