{"id":68754,"date":"2024-05-14T10:42:12","date_gmt":"2024-05-14T08:42:12","guid":{"rendered":"https:\/\/shop.torricantine.com\/product\/torri-bakan-cerasuolo-dabruzzo-doc-075l\/"},"modified":"2025-08-29T10:16:14","modified_gmt":"2025-08-29T08:16:14","slug":"torri-bakan-cerasuolo-dabruzzo-doc-075l","status":"publish","type":"product","link":"https:\/\/shop.torricantine.com\/de\/produkt\/torri-bakan-cerasuolo-dabruzzo-doc-075l\/","title":{"rendered":"Torri Bak\u00e1n Cerasuolo D&#8217;Abruzzo DOC 0,75L"},"content":{"rendered":"<h1><strong>Bak\u00e1n Cerasuolo d&#8217;Abruzzo DOC Torri<\/strong><\/h1>\n<h3>Sensorische Noten<\/h3>\n<p><strong>Farbe<\/strong>: Ein sehr lebhaftes Kirschrosa mit einer interessanten Textur.<br \/>\n<strong>Nase<\/strong>: Intensive florale und fruchtige Aromen von Geranien, Nelken, Kirschen und Himbeeren.<br \/>\n<strong>Geschmack<\/strong>: Ein trockener, k\u00f6stlicher Schluck mit sch\u00f6ner Frische und einer zarten Salzigkeit, die perfekt mit einer moderaten W\u00e4rme und einer raffinierten S\u00fc\u00dfe im Gleichgewicht steht.<br \/>\nDer Geschmack, perfekt abgestimmt auf die Nase, f\u00fcgt Nuancen von Erdbeeren und Blaubeeren hinzu, die auf ein langes und delikates mineralisches Finish hindeuten.<\/p>\n<p><strong>Weinlese<\/strong><br \/>\nEr stammt aus einer der renommiertesten Gegenden in Abruzzen, aus einem alten Pergola-Weinberg in idealer H\u00f6henlage, der eine beeindruckende Temperaturamplitude und eine gro\u00dfartige Exposition garantiert.<br \/>\nEin Cerasuolo, der aus einer Weinlese der dritten Septemberdekade stammt, streng von Hand gelesen, im Rahmen zertifizierter biologischer Landwirtschaft, die gr\u00f6\u00dften Respekt f\u00fcr die Umwelt gew\u00e4hrleistet.<\/p>\n<p><strong>Weinherstellung<\/strong><br \/>\nEine Wei\u00dfweinherstellung in thermo-konditionierten Stahltanks, gefolgt von der notwendigen Ruhezeit auf den Schalen, wird durch eine 4-monatige Reifung in Zementtanks durchgef\u00fchrt, bevor der Wein unter v\u00f6lligem Sauerstoffausschluss abgef\u00fcllt wird.<\/p>\n<p><strong>Wein- und Speisenpaarung mit unserem Bak\u00e1n Cerasuolo d&#8217;Abruzzo DOC Wein<\/strong><br \/>\nRos\u00e9wein hat im Allgemeinen die au\u00dfergew\u00f6hnliche Eigenschaft, zu fast allen Gerichten zu passen, und kann sicherlich zu jeder Gelegenheit genossen werden. Gut gek\u00fchlt serviert, passt er zu Aperitifs, Vorspeisen, Fischgerichten, vegetarischen Gerichten, wei\u00dfem und rotem Fleisch, frischen oder mittelgereiften K\u00e4sesorten.<br \/>\nDenken Sie an Lachs-Penne, Cacio e Pepe, Gerste mit Zucchini, H\u00fchnchen mit Cashewn\u00fcssen oder eine sch\u00f6ne Burrata mit &#8222;Herz der Rinder&#8220; Tomaten aus Abruzzen und extra nativem Oliven\u00f6l.<\/p>\n","protected":false},"excerpt":{"rendered":"<p>Bak\u00e1n Cerasuolo d&#8217;Abruzzo DOC Torri Sensorische Noten Farbe: Ein sehr lebhaftes Kirschrosa mit einer interessanten Textur. Nase: Intensive florale und fruchtige Aromen von Geranien, Nelken, Kirschen und Himbeeren. Geschmack: Ein trockener, k\u00f6stlicher Schluck mit sch\u00f6ner Frische und einer zarten Salzigkeit, die perfekt mit einer moderaten W\u00e4rme und einer raffinierten S\u00fc\u00dfe im Gleichgewicht steht. Der Geschmack, [&#8230;]\n","protected":false},"featured_media":68695,"comment_status":"open","ping_status":"closed","template":"","meta":[],"product_brand":[],"product_cat":[476,173,184,175],"product_tag":[],"class_list":{"0":"post-68754","1":"product","2":"type-product","3":"status-publish","4":"has-post-thumbnail","6":"product_cat-bakan-de","7":"product_cat-biologische","8":"product_cat-rosewein","9":"product_cat-torri-cantine-de","10":"product_shipping_class-bottiglie","12":"first","13":"instock","14":"taxable","15":"shipping-taxable","16":"purchasable","17":"product-type-simple"},"bundled_by":["80493"],"bundle_stock_status":"instock","bundle_stock_quantity":null,"bundle_virtual":false,"bundle_layout":"","bundle_add_to_cart_form_location":"","bundle_editable_in_cart":false,"bundle_sold_individually_context":"","bundle_item_grouping":"","bundle_min_size":"","bundle_max_size":"","bundle_price":[],"bundled_items":[],"bundle_sell_ids":[],"yoast_head":"<!-- This site is optimized with the Yoast SEO plugin v27.5 - https:\/\/yoast.com\/product\/yoast-seo-wordpress\/ -->\n<title>Torri Bak\u00e1n Cerasuolo D&#039;Abruzzo DOC 0,75L - Torri Cantine Store COM<\/title>\n<meta name=\"robots\" content=\"index, follow, max-snippet:-1, max-image-preview:large, max-video-preview:-1\" \/>\n<link rel=\"canonical\" href=\"https:\/\/shop.torricantine.com\/de\/produkt\/torri-bakan-cerasuolo-dabruzzo-doc-075l\/\" \/>\n<meta property=\"og:locale\" content=\"de_DE\" \/>\n<meta property=\"og:type\" content=\"article\" \/>\n<meta property=\"og:title\" content=\"Torri Bak\u00e1n Cerasuolo D&#039;Abruzzo DOC 0,75L - Torri Cantine Store COM\" \/>\n<meta property=\"og:description\" content=\"Bak\u00e1n Cerasuolo d&#8217;Abruzzo DOC Torri Sensorische Noten Farbe: Ein sehr lebhaftes Kirschrosa mit einer interessanten Textur. Nase: Intensive florale und fruchtige Aromen von Geranien, Nelken, Kirschen und Himbeeren. Geschmack: Ein trockener, k\u00f6stlicher Schluck mit sch\u00f6ner Frische und einer zarten Salzigkeit, die perfekt mit einer moderaten W\u00e4rme und einer raffinierten S\u00fc\u00dfe im Gleichgewicht steht. Der Geschmack, [...]\" \/>\n<meta property=\"og:url\" content=\"https:\/\/shop.torricantine.com\/de\/produkt\/torri-bakan-cerasuolo-dabruzzo-doc-075l\/\" \/>\n<meta property=\"og:site_name\" content=\"Torri Cantine Store COM\" \/>\n<meta property=\"article:modified_time\" content=\"2025-08-29T08:16:14+00:00\" \/>\n<meta property=\"og:image\" content=\"https:\/\/shop.torricantine.com\/wp-content\/uploads\/2024\/05\/BAKAN_cerasuolo-1.png\" \/>\n\t<meta property=\"og:image:width\" content=\"223\" \/>\n\t<meta property=\"og:image:height\" content=\"799\" \/>\n\t<meta property=\"og:image:type\" content=\"image\/png\" \/>\n<meta name=\"twitter:card\" content=\"summary_large_image\" \/>\n<meta name=\"twitter:label1\" content=\"Gesch\u00e4tzte Lesezeit\" \/>\n\t<meta name=\"twitter:data1\" content=\"2\u00a0Minuten\" \/>\n<script type=\"application\/ld+json\" class=\"yoast-schema-graph\">{\"@context\":\"https:\\\/\\\/schema.org\",\"@graph\":[{\"@type\":\"WebPage\",\"@id\":\"https:\\\/\\\/shop.torricantine.com\\\/de\\\/produkt\\\/torri-bakan-cerasuolo-dabruzzo-doc-075l\\\/\",\"url\":\"https:\\\/\\\/shop.torricantine.com\\\/de\\\/produkt\\\/torri-bakan-cerasuolo-dabruzzo-doc-075l\\\/\",\"name\":\"Torri Bak\u00e1n Cerasuolo D'Abruzzo DOC 0,75L - Torri Cantine Store COM\",\"isPartOf\":{\"@id\":\"https:\\\/\\\/shop.torricantine.com\\\/de\\\/#website\"},\"primaryImageOfPage\":{\"@id\":\"https:\\\/\\\/shop.torricantine.com\\\/de\\\/produkt\\\/torri-bakan-cerasuolo-dabruzzo-doc-075l\\\/#primaryimage\"},\"image\":{\"@id\":\"https:\\\/\\\/shop.torricantine.com\\\/de\\\/produkt\\\/torri-bakan-cerasuolo-dabruzzo-doc-075l\\\/#primaryimage\"},\"thumbnailUrl\":\"https:\\\/\\\/shop.torricantine.com\\\/wp-content\\\/uploads\\\/2024\\\/05\\\/BAKAN_cerasuolo-1.png\",\"datePublished\":\"2024-05-14T08:42:12+00:00\",\"dateModified\":\"2025-08-29T08:16:14+00:00\",\"breadcrumb\":{\"@id\":\"https:\\\/\\\/shop.torricantine.com\\\/de\\\/produkt\\\/torri-bakan-cerasuolo-dabruzzo-doc-075l\\\/#breadcrumb\"},\"inLanguage\":\"de\",\"potentialAction\":[{\"@type\":\"ReadAction\",\"target\":[\"https:\\\/\\\/shop.torricantine.com\\\/de\\\/produkt\\\/torri-bakan-cerasuolo-dabruzzo-doc-075l\\\/\"]}]},{\"@type\":\"ImageObject\",\"inLanguage\":\"de\",\"@id\":\"https:\\\/\\\/shop.torricantine.com\\\/de\\\/produkt\\\/torri-bakan-cerasuolo-dabruzzo-doc-075l\\\/#primaryimage\",\"url\":\"https:\\\/\\\/shop.torricantine.com\\\/wp-content\\\/uploads\\\/2024\\\/05\\\/BAKAN_cerasuolo-1.png\",\"contentUrl\":\"https:\\\/\\\/shop.torricantine.com\\\/wp-content\\\/uploads\\\/2024\\\/05\\\/BAKAN_cerasuolo-1.png\",\"width\":223,\"height\":799},{\"@type\":\"BreadcrumbList\",\"@id\":\"https:\\\/\\\/shop.torricantine.com\\\/de\\\/produkt\\\/torri-bakan-cerasuolo-dabruzzo-doc-075l\\\/#breadcrumb\",\"itemListElement\":[{\"@type\":\"ListItem\",\"position\":1,\"name\":\"Home\",\"item\":\"https:\\\/\\\/shop.torricantine.com\\\/de\\\/\"},{\"@type\":\"ListItem\",\"position\":2,\"name\":\"Shop\",\"item\":\"https:\\\/\\\/shop.torricantine.com\\\/de\\\/shop\\\/\"},{\"@type\":\"ListItem\",\"position\":3,\"name\":\"Torri Bak\u00e1n Cerasuolo D&rsquo;Abruzzo DOC 0,75L\"}]},{\"@type\":\"WebSite\",\"@id\":\"https:\\\/\\\/shop.torricantine.com\\\/de\\\/#website\",\"url\":\"https:\\\/\\\/shop.torricantine.com\\\/de\\\/\",\"name\":\"Torri Cantine Store COM\",\"description\":\"Online store of our winery in Italy\",\"publisher\":{\"@id\":\"https:\\\/\\\/shop.torricantine.com\\\/de\\\/#organization\"},\"potentialAction\":[{\"@type\":\"SearchAction\",\"target\":{\"@type\":\"EntryPoint\",\"urlTemplate\":\"https:\\\/\\\/shop.torricantine.com\\\/de\\\/?s={search_term_string}\"},\"query-input\":{\"@type\":\"PropertyValueSpecification\",\"valueRequired\":true,\"valueName\":\"search_term_string\"}}],\"inLanguage\":\"de\"},{\"@type\":\"Organization\",\"@id\":\"https:\\\/\\\/shop.torricantine.com\\\/de\\\/#organization\",\"name\":\"Torri Cantine\",\"url\":\"https:\\\/\\\/shop.torricantine.com\\\/de\\\/\",\"logo\":{\"@type\":\"ImageObject\",\"inLanguage\":\"de\",\"@id\":\"https:\\\/\\\/shop.torricantine.com\\\/de\\\/#\\\/schema\\\/logo\\\/image\\\/\",\"url\":\"https:\\\/\\\/shop.torricantine.com\\\/wp-content\\\/uploads\\\/2020\\\/04\\\/torri-store-logo_text.png\",\"contentUrl\":\"https:\\\/\\\/shop.torricantine.com\\\/wp-content\\\/uploads\\\/2020\\\/04\\\/torri-store-logo_text.png\",\"width\":289,\"height\":361,\"caption\":\"Torri Cantine\"},\"image\":{\"@id\":\"https:\\\/\\\/shop.torricantine.com\\\/de\\\/#\\\/schema\\\/logo\\\/image\\\/\"}}]}<\/script>\n<!-- \/ Yoast SEO plugin. -->","yoast_head_json":{"title":"Torri Bak\u00e1n Cerasuolo D'Abruzzo DOC 0,75L - Torri Cantine Store COM","robots":{"index":"index","follow":"follow","max-snippet":"max-snippet:-1","max-image-preview":"max-image-preview:large","max-video-preview":"max-video-preview:-1"},"canonical":"https:\/\/shop.torricantine.com\/de\/produkt\/torri-bakan-cerasuolo-dabruzzo-doc-075l\/","og_locale":"de_DE","og_type":"article","og_title":"Torri Bak\u00e1n Cerasuolo D'Abruzzo DOC 0,75L - Torri Cantine Store COM","og_description":"Bak\u00e1n Cerasuolo d&#8217;Abruzzo DOC Torri Sensorische Noten Farbe: Ein sehr lebhaftes Kirschrosa mit einer interessanten Textur. Nase: Intensive florale und fruchtige Aromen von Geranien, Nelken, Kirschen und Himbeeren. Geschmack: Ein trockener, k\u00f6stlicher Schluck mit sch\u00f6ner Frische und einer zarten Salzigkeit, die perfekt mit einer moderaten W\u00e4rme und einer raffinierten S\u00fc\u00dfe im Gleichgewicht steht. Der Geschmack, [...]","og_url":"https:\/\/shop.torricantine.com\/de\/produkt\/torri-bakan-cerasuolo-dabruzzo-doc-075l\/","og_site_name":"Torri Cantine Store COM","article_modified_time":"2025-08-29T08:16:14+00:00","og_image":[{"width":223,"height":799,"url":"https:\/\/shop.torricantine.com\/wp-content\/uploads\/2024\/05\/BAKAN_cerasuolo-1.png","type":"image\/png"}],"twitter_card":"summary_large_image","twitter_misc":{"Gesch\u00e4tzte Lesezeit":"2\u00a0Minuten"},"schema":{"@context":"https:\/\/schema.org","@graph":[{"@type":"WebPage","@id":"https:\/\/shop.torricantine.com\/de\/produkt\/torri-bakan-cerasuolo-dabruzzo-doc-075l\/","url":"https:\/\/shop.torricantine.com\/de\/produkt\/torri-bakan-cerasuolo-dabruzzo-doc-075l\/","name":"Torri Bak\u00e1n Cerasuolo D'Abruzzo DOC 0,75L - Torri Cantine Store COM","isPartOf":{"@id":"https:\/\/shop.torricantine.com\/de\/#website"},"primaryImageOfPage":{"@id":"https:\/\/shop.torricantine.com\/de\/produkt\/torri-bakan-cerasuolo-dabruzzo-doc-075l\/#primaryimage"},"image":{"@id":"https:\/\/shop.torricantine.com\/de\/produkt\/torri-bakan-cerasuolo-dabruzzo-doc-075l\/#primaryimage"},"thumbnailUrl":"https:\/\/shop.torricantine.com\/wp-content\/uploads\/2024\/05\/BAKAN_cerasuolo-1.png","datePublished":"2024-05-14T08:42:12+00:00","dateModified":"2025-08-29T08:16:14+00:00","breadcrumb":{"@id":"https:\/\/shop.torricantine.com\/de\/produkt\/torri-bakan-cerasuolo-dabruzzo-doc-075l\/#breadcrumb"},"inLanguage":"de","potentialAction":[{"@type":"ReadAction","target":["https:\/\/shop.torricantine.com\/de\/produkt\/torri-bakan-cerasuolo-dabruzzo-doc-075l\/"]}]},{"@type":"ImageObject","inLanguage":"de","@id":"https:\/\/shop.torricantine.com\/de\/produkt\/torri-bakan-cerasuolo-dabruzzo-doc-075l\/#primaryimage","url":"https:\/\/shop.torricantine.com\/wp-content\/uploads\/2024\/05\/BAKAN_cerasuolo-1.png","contentUrl":"https:\/\/shop.torricantine.com\/wp-content\/uploads\/2024\/05\/BAKAN_cerasuolo-1.png","width":223,"height":799},{"@type":"BreadcrumbList","@id":"https:\/\/shop.torricantine.com\/de\/produkt\/torri-bakan-cerasuolo-dabruzzo-doc-075l\/#breadcrumb","itemListElement":[{"@type":"ListItem","position":1,"name":"Home","item":"https:\/\/shop.torricantine.com\/de\/"},{"@type":"ListItem","position":2,"name":"Shop","item":"https:\/\/shop.torricantine.com\/de\/shop\/"},{"@type":"ListItem","position":3,"name":"Torri Bak\u00e1n Cerasuolo D&rsquo;Abruzzo DOC 0,75L"}]},{"@type":"WebSite","@id":"https:\/\/shop.torricantine.com\/de\/#website","url":"https:\/\/shop.torricantine.com\/de\/","name":"Torri Cantine Store COM","description":"Online store of our winery in Italy","publisher":{"@id":"https:\/\/shop.torricantine.com\/de\/#organization"},"potentialAction":[{"@type":"SearchAction","target":{"@type":"EntryPoint","urlTemplate":"https:\/\/shop.torricantine.com\/de\/?s={search_term_string}"},"query-input":{"@type":"PropertyValueSpecification","valueRequired":true,"valueName":"search_term_string"}}],"inLanguage":"de"},{"@type":"Organization","@id":"https:\/\/shop.torricantine.com\/de\/#organization","name":"Torri Cantine","url":"https:\/\/shop.torricantine.com\/de\/","logo":{"@type":"ImageObject","inLanguage":"de","@id":"https:\/\/shop.torricantine.com\/de\/#\/schema\/logo\/image\/","url":"https:\/\/shop.torricantine.com\/wp-content\/uploads\/2020\/04\/torri-store-logo_text.png","contentUrl":"https:\/\/shop.torricantine.com\/wp-content\/uploads\/2020\/04\/torri-store-logo_text.png","width":289,"height":361,"caption":"Torri Cantine"},"image":{"@id":"https:\/\/shop.torricantine.com\/de\/#\/schema\/logo\/image\/"}}]}},"_links":{"self":[{"href":"https:\/\/shop.torricantine.com\/de\/wp-json\/wp\/v2\/product\/68754","targetHints":{"allow":["GET"]}}],"collection":[{"href":"https:\/\/shop.torricantine.com\/de\/wp-json\/wp\/v2\/product"}],"about":[{"href":"https:\/\/shop.torricantine.com\/de\/wp-json\/wp\/v2\/types\/product"}],"replies":[{"embeddable":true,"href":"https:\/\/shop.torricantine.com\/de\/wp-json\/wp\/v2\/comments?post=68754"}],"wp:featuredmedia":[{"embeddable":true,"href":"https:\/\/shop.torricantine.com\/de\/wp-json\/wp\/v2\/media\/68695"}],"wp:attachment":[{"href":"https:\/\/shop.torricantine.com\/de\/wp-json\/wp\/v2\/media?parent=68754"}],"wp:term":[{"taxonomy":"product_brand","embeddable":true,"href":"https:\/\/shop.torricantine.com\/de\/wp-json\/wp\/v2\/product_brand?post=68754"},{"taxonomy":"product_cat","embeddable":true,"href":"https:\/\/shop.torricantine.com\/de\/wp-json\/wp\/v2\/product_cat?post=68754"},{"taxonomy":"product_tag","embeddable":true,"href":"https:\/\/shop.torricantine.com\/de\/wp-json\/wp\/v2\/product_tag?post=68754"}],"curies":[{"name":"wp","href":"https:\/\/api.w.org\/{rel}","templated":true}]}}