{"id":68752,"date":"2024-05-14T10:42:46","date_gmt":"2024-05-14T08:42:46","guid":{"rendered":"https:\/\/shop.torricantine.com\/product\/torri-bakan-montepulciano-dabruzzo-docg-075l\/"},"modified":"2025-05-19T00:00:07","modified_gmt":"2025-05-18T22:00:07","slug":"torri-bakan-montepulciano-dabruzzo-docg-075l","status":"publish","type":"product","link":"https:\/\/shop.torricantine.com\/de\/produkt\/torri-bakan-montepulciano-dabruzzo-docg-075l\/","title":{"rendered":"Torri Bak\u00e1n Montepulciano D&#8217;Abruzzo DOCG 0,75L"},"content":{"rendered":"<h1>Bak\u00e1n Montepulciano d&#8217;Abruzzo DOCG Torri<\/h1>\n<p><strong>Sensorische Notizen<\/strong><br \/>\n<strong>Farbe<\/strong>: Intensives Rubinrot mit zarten violetten Nuancen und guter Konsistenz.<br \/>\n<strong>Nase<\/strong>: In der Nase entfaltet er florale und fruchtige Noten mit Aromen von Veilchen, Rose, reifer Brombeere und Pflaume.<br \/>\n<strong>Geschmack<\/strong>: Im Mund ist er intensiv und zeigt konsistente Empfindungen, die mit der Nase \u00fcbereinstimmen, von Kirschkonfit\u00fcre, Kakao und Kaffee, unterst\u00fctzt von einer verf\u00fchrerischen W\u00e4rme und S\u00fc\u00dfe, die gut mit Frische und samtigen Tanninen verbunden sind, mit einem langen und mineralischen Abgang.<\/p>\n<p><strong>Weinlese<\/strong><br \/>\nEr stammt aus einem der renommiertesten Gebiete in Abruzzen, aus einem alten, auf Pergolen angebauten Weinberg, in idealer H\u00f6henlage, der eine beeindruckende Temperaturamplitude und eine wundervolle Exposition gew\u00e4hrleistet.<\/p>\n<p>Ein Montepulciano d&#8217;Abruzzo DOCG, der aus einer Mitte Oktober streng von Hand gelesenen Ernte stammt, die im Rahmen eines zertifizierten biologischen Anbaus erfolgte, um gr\u00f6\u00dften Umweltrespekt zu gew\u00e4hrleisten.<\/p>\n<p><strong=Vinifizierung<\/strong><br \/>\nEine Vinifizierung in thermo-konditionierten Stahltanks, gefolgt von einer malolaktischen G\u00e4rung und einer anschlie\u00dfenden 6-monatigen Reifung in Zementtanks und zus\u00e4tzlichen 18 Monaten in gro\u00dfen F\u00e4ssern von 50 hl, bevor er unter v\u00f6lligem Sauerstoffausschluss abgef\u00fcllt und weitere 6 Monate gelagert wird.<\/p>\n<p><strong>Speisen- und Weinpaarung mit unserem Bak\u00e1n Montepulciano d&#8217;Abruzzo DOCG<\/strong><br \/>\nEr braucht Zeit, um sich zu entfalten, daher empfehlen wir, ihn vor dem Servieren f\u00fcr kurze Zeit zu \u00f6ffnen, bei einer Temperatur zwischen 16 und 18 Grad, in einem gro\u00dfz\u00fcgigen Glas mit breitem Rand.<br \/>\nAusgezeichnet zu gut strukturierten und schmackhaften Gerichten: Aperitifs, Vorspeisen, ersten G\u00e4ngen, vegetarischen Gerichten, rotem Fleisch und mittel- bis langgereiften K\u00e4sesorten. Ein italienischer Vorspeisenteller, Spaghetti Carbonara, gegrillte Lammkeule, Leberomelett oder gereifter abruzzesischer Pecorino.<\/p>\n<p><strong>Internationale Auszeichnungen<\/strong><\/p>\n<div id=\"fluid\">\n<table class=\"table\" border=\"0\" width=\"100%\" cellspacing=\"0\" cellpadding=\"0\">\n<tbody>\n<tr>\n<td><img loading=\"lazy\" decoding=\"async\" src=\"\/wp-content\/uploads\/2020\/07\/decanter-world-wine-awards-bronze-medal.png\" alt=\"decanter-world-wine-awards-bronze-medal\" width=\"115\" height=\"86\" \/><\/td>\n<\/tr>\n<\/tbody>\n<\/table>\n<\/div>\n","protected":false},"excerpt":{"rendered":"<p>Bak\u00e1n Montepulciano d&#8217;Abruzzo DOCG Torri Sensorische Notizen Farbe: Intensives Rubinrot mit zarten violetten Nuancen und guter Konsistenz. Nase: In der Nase entfaltet er florale und fruchtige Noten mit Aromen von Veilchen, Rose, reifer Brombeere und Pflaume. Geschmack: Im Mund ist er intensiv und zeigt konsistente Empfindungen, die mit der Nase \u00fcbereinstimmen, von Kirschkonfit\u00fcre, Kakao und [&#8230;]\n","protected":false},"featured_media":68682,"comment_status":"open","ping_status":"closed","template":"","meta":[],"product_brand":[],"product_cat":[476,173,175],"product_tag":[],"class_list":{"0":"post-68752","1":"product","2":"type-product","3":"status-publish","4":"has-post-thumbnail","6":"product_cat-bakan-de","7":"product_cat-biologische","8":"product_cat-torri-cantine-de","9":"product_shipping_class-bottiglie","11":"first","12":"instock","13":"taxable","14":"shipping-taxable","15":"purchasable","16":"product-type-simple"},"bundled_by":["68767","74483","80493","82326"],"bundle_stock_status":"instock","bundle_stock_quantity":null,"bundle_virtual":false,"bundle_layout":"","bundle_add_to_cart_form_location":"","bundle_editable_in_cart":false,"bundle_sold_individually_context":"","bundle_item_grouping":"","bundle_min_size":"","bundle_max_size":"","bundle_price":[],"bundled_items":[],"bundle_sell_ids":[],"yoast_head":"<!-- This site is optimized with the Yoast SEO plugin v27.5 - https:\/\/yoast.com\/product\/yoast-seo-wordpress\/ -->\n<title>Torri Bak\u00e1n Montepulciano D&#039;Abruzzo DOCG 0,75L - Torri Cantine Store COM<\/title>\n<meta name=\"robots\" content=\"index, follow, max-snippet:-1, max-image-preview:large, max-video-preview:-1\" \/>\n<link rel=\"canonical\" href=\"https:\/\/shop.torricantine.com\/de\/produkt\/torri-bakan-montepulciano-dabruzzo-docg-075l\/\" \/>\n<meta property=\"og:locale\" content=\"de_DE\" \/>\n<meta property=\"og:type\" content=\"article\" \/>\n<meta property=\"og:title\" content=\"Torri Bak\u00e1n Montepulciano D&#039;Abruzzo DOCG 0,75L - Torri Cantine Store COM\" \/>\n<meta property=\"og:description\" content=\"Bak\u00e1n Montepulciano d&#8217;Abruzzo DOCG Torri Sensorische Notizen Farbe: Intensives Rubinrot mit zarten violetten Nuancen und guter Konsistenz. Nase: In der Nase entfaltet er florale und fruchtige Noten mit Aromen von Veilchen, Rose, reifer Brombeere und Pflaume. Geschmack: Im Mund ist er intensiv und zeigt konsistente Empfindungen, die mit der Nase \u00fcbereinstimmen, von Kirschkonfit\u00fcre, Kakao und [...]\" \/>\n<meta property=\"og:url\" content=\"https:\/\/shop.torricantine.com\/de\/produkt\/torri-bakan-montepulciano-dabruzzo-docg-075l\/\" \/>\n<meta property=\"og:site_name\" content=\"Torri Cantine Store COM\" \/>\n<meta property=\"article:modified_time\" content=\"2025-05-18T22:00:07+00:00\" \/>\n<meta property=\"og:image\" content=\"https:\/\/shop.torricantine.com\/wp-content\/uploads\/2024\/05\/BAKAN_mda-docg-1.png\" \/>\n\t<meta property=\"og:image:width\" content=\"226\" \/>\n\t<meta property=\"og:image:height\" content=\"800\" \/>\n\t<meta property=\"og:image:type\" content=\"image\/png\" \/>\n<meta name=\"twitter:card\" content=\"summary_large_image\" \/>\n<meta name=\"twitter:label1\" content=\"Gesch\u00e4tzte Lesezeit\" \/>\n\t<meta name=\"twitter:data1\" content=\"2\u00a0Minuten\" \/>\n<script type=\"application\/ld+json\" class=\"yoast-schema-graph\">{\"@context\":\"https:\\\/\\\/schema.org\",\"@graph\":[{\"@type\":\"WebPage\",\"@id\":\"https:\\\/\\\/shop.torricantine.com\\\/de\\\/produkt\\\/torri-bakan-montepulciano-dabruzzo-docg-075l\\\/\",\"url\":\"https:\\\/\\\/shop.torricantine.com\\\/de\\\/produkt\\\/torri-bakan-montepulciano-dabruzzo-docg-075l\\\/\",\"name\":\"Torri Bak\u00e1n Montepulciano D'Abruzzo DOCG 0,75L - Torri Cantine Store COM\",\"isPartOf\":{\"@id\":\"https:\\\/\\\/shop.torricantine.com\\\/de\\\/#website\"},\"primaryImageOfPage\":{\"@id\":\"https:\\\/\\\/shop.torricantine.com\\\/de\\\/produkt\\\/torri-bakan-montepulciano-dabruzzo-docg-075l\\\/#primaryimage\"},\"image\":{\"@id\":\"https:\\\/\\\/shop.torricantine.com\\\/de\\\/produkt\\\/torri-bakan-montepulciano-dabruzzo-docg-075l\\\/#primaryimage\"},\"thumbnailUrl\":\"https:\\\/\\\/shop.torricantine.com\\\/wp-content\\\/uploads\\\/2024\\\/05\\\/BAKAN_mda-docg-1.png\",\"datePublished\":\"2024-05-14T08:42:46+00:00\",\"dateModified\":\"2025-05-18T22:00:07+00:00\",\"breadcrumb\":{\"@id\":\"https:\\\/\\\/shop.torricantine.com\\\/de\\\/produkt\\\/torri-bakan-montepulciano-dabruzzo-docg-075l\\\/#breadcrumb\"},\"inLanguage\":\"de\",\"potentialAction\":[{\"@type\":\"ReadAction\",\"target\":[\"https:\\\/\\\/shop.torricantine.com\\\/de\\\/produkt\\\/torri-bakan-montepulciano-dabruzzo-docg-075l\\\/\"]}]},{\"@type\":\"ImageObject\",\"inLanguage\":\"de\",\"@id\":\"https:\\\/\\\/shop.torricantine.com\\\/de\\\/produkt\\\/torri-bakan-montepulciano-dabruzzo-docg-075l\\\/#primaryimage\",\"url\":\"https:\\\/\\\/shop.torricantine.com\\\/wp-content\\\/uploads\\\/2024\\\/05\\\/BAKAN_mda-docg-1.png\",\"contentUrl\":\"https:\\\/\\\/shop.torricantine.com\\\/wp-content\\\/uploads\\\/2024\\\/05\\\/BAKAN_mda-docg-1.png\",\"width\":226,\"height\":800},{\"@type\":\"BreadcrumbList\",\"@id\":\"https:\\\/\\\/shop.torricantine.com\\\/de\\\/produkt\\\/torri-bakan-montepulciano-dabruzzo-docg-075l\\\/#breadcrumb\",\"itemListElement\":[{\"@type\":\"ListItem\",\"position\":1,\"name\":\"Home\",\"item\":\"https:\\\/\\\/shop.torricantine.com\\\/de\\\/\"},{\"@type\":\"ListItem\",\"position\":2,\"name\":\"Shop\",\"item\":\"https:\\\/\\\/shop.torricantine.com\\\/de\\\/shop\\\/\"},{\"@type\":\"ListItem\",\"position\":3,\"name\":\"Torri Bak\u00e1n Montepulciano D&#8217;Abruzzo DOCG 0,75L\"}]},{\"@type\":\"WebSite\",\"@id\":\"https:\\\/\\\/shop.torricantine.com\\\/de\\\/#website\",\"url\":\"https:\\\/\\\/shop.torricantine.com\\\/de\\\/\",\"name\":\"Torri Cantine Store COM\",\"description\":\"Online store of our winery in Italy\",\"publisher\":{\"@id\":\"https:\\\/\\\/shop.torricantine.com\\\/de\\\/#organization\"},\"potentialAction\":[{\"@type\":\"SearchAction\",\"target\":{\"@type\":\"EntryPoint\",\"urlTemplate\":\"https:\\\/\\\/shop.torricantine.com\\\/de\\\/?s={search_term_string}\"},\"query-input\":{\"@type\":\"PropertyValueSpecification\",\"valueRequired\":true,\"valueName\":\"search_term_string\"}}],\"inLanguage\":\"de\"},{\"@type\":\"Organization\",\"@id\":\"https:\\\/\\\/shop.torricantine.com\\\/de\\\/#organization\",\"name\":\"Torri Cantine\",\"url\":\"https:\\\/\\\/shop.torricantine.com\\\/de\\\/\",\"logo\":{\"@type\":\"ImageObject\",\"inLanguage\":\"de\",\"@id\":\"https:\\\/\\\/shop.torricantine.com\\\/de\\\/#\\\/schema\\\/logo\\\/image\\\/\",\"url\":\"https:\\\/\\\/shop.torricantine.com\\\/wp-content\\\/uploads\\\/2020\\\/04\\\/torri-store-logo_text.png\",\"contentUrl\":\"https:\\\/\\\/shop.torricantine.com\\\/wp-content\\\/uploads\\\/2020\\\/04\\\/torri-store-logo_text.png\",\"width\":289,\"height\":361,\"caption\":\"Torri Cantine\"},\"image\":{\"@id\":\"https:\\\/\\\/shop.torricantine.com\\\/de\\\/#\\\/schema\\\/logo\\\/image\\\/\"}}]}<\/script>\n<!-- \/ Yoast SEO plugin. -->","yoast_head_json":{"title":"Torri Bak\u00e1n Montepulciano D'Abruzzo DOCG 0,75L - Torri Cantine Store COM","robots":{"index":"index","follow":"follow","max-snippet":"max-snippet:-1","max-image-preview":"max-image-preview:large","max-video-preview":"max-video-preview:-1"},"canonical":"https:\/\/shop.torricantine.com\/de\/produkt\/torri-bakan-montepulciano-dabruzzo-docg-075l\/","og_locale":"de_DE","og_type":"article","og_title":"Torri Bak\u00e1n Montepulciano D'Abruzzo DOCG 0,75L - Torri Cantine Store COM","og_description":"Bak\u00e1n Montepulciano d&#8217;Abruzzo DOCG Torri Sensorische Notizen Farbe: Intensives Rubinrot mit zarten violetten Nuancen und guter Konsistenz. Nase: In der Nase entfaltet er florale und fruchtige Noten mit Aromen von Veilchen, Rose, reifer Brombeere und Pflaume. Geschmack: Im Mund ist er intensiv und zeigt konsistente Empfindungen, die mit der Nase \u00fcbereinstimmen, von Kirschkonfit\u00fcre, Kakao und [...]","og_url":"https:\/\/shop.torricantine.com\/de\/produkt\/torri-bakan-montepulciano-dabruzzo-docg-075l\/","og_site_name":"Torri Cantine Store COM","article_modified_time":"2025-05-18T22:00:07+00:00","og_image":[{"width":226,"height":800,"url":"https:\/\/shop.torricantine.com\/wp-content\/uploads\/2024\/05\/BAKAN_mda-docg-1.png","type":"image\/png"}],"twitter_card":"summary_large_image","twitter_misc":{"Gesch\u00e4tzte Lesezeit":"2\u00a0Minuten"},"schema":{"@context":"https:\/\/schema.org","@graph":[{"@type":"WebPage","@id":"https:\/\/shop.torricantine.com\/de\/produkt\/torri-bakan-montepulciano-dabruzzo-docg-075l\/","url":"https:\/\/shop.torricantine.com\/de\/produkt\/torri-bakan-montepulciano-dabruzzo-docg-075l\/","name":"Torri Bak\u00e1n Montepulciano D'Abruzzo DOCG 0,75L - Torri Cantine Store COM","isPartOf":{"@id":"https:\/\/shop.torricantine.com\/de\/#website"},"primaryImageOfPage":{"@id":"https:\/\/shop.torricantine.com\/de\/produkt\/torri-bakan-montepulciano-dabruzzo-docg-075l\/#primaryimage"},"image":{"@id":"https:\/\/shop.torricantine.com\/de\/produkt\/torri-bakan-montepulciano-dabruzzo-docg-075l\/#primaryimage"},"thumbnailUrl":"https:\/\/shop.torricantine.com\/wp-content\/uploads\/2024\/05\/BAKAN_mda-docg-1.png","datePublished":"2024-05-14T08:42:46+00:00","dateModified":"2025-05-18T22:00:07+00:00","breadcrumb":{"@id":"https:\/\/shop.torricantine.com\/de\/produkt\/torri-bakan-montepulciano-dabruzzo-docg-075l\/#breadcrumb"},"inLanguage":"de","potentialAction":[{"@type":"ReadAction","target":["https:\/\/shop.torricantine.com\/de\/produkt\/torri-bakan-montepulciano-dabruzzo-docg-075l\/"]}]},{"@type":"ImageObject","inLanguage":"de","@id":"https:\/\/shop.torricantine.com\/de\/produkt\/torri-bakan-montepulciano-dabruzzo-docg-075l\/#primaryimage","url":"https:\/\/shop.torricantine.com\/wp-content\/uploads\/2024\/05\/BAKAN_mda-docg-1.png","contentUrl":"https:\/\/shop.torricantine.com\/wp-content\/uploads\/2024\/05\/BAKAN_mda-docg-1.png","width":226,"height":800},{"@type":"BreadcrumbList","@id":"https:\/\/shop.torricantine.com\/de\/produkt\/torri-bakan-montepulciano-dabruzzo-docg-075l\/#breadcrumb","itemListElement":[{"@type":"ListItem","position":1,"name":"Home","item":"https:\/\/shop.torricantine.com\/de\/"},{"@type":"ListItem","position":2,"name":"Shop","item":"https:\/\/shop.torricantine.com\/de\/shop\/"},{"@type":"ListItem","position":3,"name":"Torri Bak\u00e1n Montepulciano D&#8217;Abruzzo DOCG 0,75L"}]},{"@type":"WebSite","@id":"https:\/\/shop.torricantine.com\/de\/#website","url":"https:\/\/shop.torricantine.com\/de\/","name":"Torri Cantine Store COM","description":"Online store of our winery in Italy","publisher":{"@id":"https:\/\/shop.torricantine.com\/de\/#organization"},"potentialAction":[{"@type":"SearchAction","target":{"@type":"EntryPoint","urlTemplate":"https:\/\/shop.torricantine.com\/de\/?s={search_term_string}"},"query-input":{"@type":"PropertyValueSpecification","valueRequired":true,"valueName":"search_term_string"}}],"inLanguage":"de"},{"@type":"Organization","@id":"https:\/\/shop.torricantine.com\/de\/#organization","name":"Torri Cantine","url":"https:\/\/shop.torricantine.com\/de\/","logo":{"@type":"ImageObject","inLanguage":"de","@id":"https:\/\/shop.torricantine.com\/de\/#\/schema\/logo\/image\/","url":"https:\/\/shop.torricantine.com\/wp-content\/uploads\/2020\/04\/torri-store-logo_text.png","contentUrl":"https:\/\/shop.torricantine.com\/wp-content\/uploads\/2020\/04\/torri-store-logo_text.png","width":289,"height":361,"caption":"Torri Cantine"},"image":{"@id":"https:\/\/shop.torricantine.com\/de\/#\/schema\/logo\/image\/"}}]}},"_links":{"self":[{"href":"https:\/\/shop.torricantine.com\/de\/wp-json\/wp\/v2\/product\/68752","targetHints":{"allow":["GET"]}}],"collection":[{"href":"https:\/\/shop.torricantine.com\/de\/wp-json\/wp\/v2\/product"}],"about":[{"href":"https:\/\/shop.torricantine.com\/de\/wp-json\/wp\/v2\/types\/product"}],"replies":[{"embeddable":true,"href":"https:\/\/shop.torricantine.com\/de\/wp-json\/wp\/v2\/comments?post=68752"}],"wp:featuredmedia":[{"embeddable":true,"href":"https:\/\/shop.torricantine.com\/de\/wp-json\/wp\/v2\/media\/68682"}],"wp:attachment":[{"href":"https:\/\/shop.torricantine.com\/de\/wp-json\/wp\/v2\/media?parent=68752"}],"wp:term":[{"taxonomy":"product_brand","embeddable":true,"href":"https:\/\/shop.torricantine.com\/de\/wp-json\/wp\/v2\/product_brand?post=68752"},{"taxonomy":"product_cat","embeddable":true,"href":"https:\/\/shop.torricantine.com\/de\/wp-json\/wp\/v2\/product_cat?post=68752"},{"taxonomy":"product_tag","embeddable":true,"href":"https:\/\/shop.torricantine.com\/de\/wp-json\/wp\/v2\/product_tag?post=68752"}],"curies":[{"name":"wp","href":"https:\/\/api.w.org\/{rel}","templated":true}]}}