{"id":68547,"date":"2024-05-09T11:42:34","date_gmt":"2024-05-09T09:42:34","guid":{"rendered":"https:\/\/shop.torricantine.com\/?post_type=product&#038;p=68547"},"modified":"2026-01-14T10:58:53","modified_gmt":"2026-01-14T08:58:53","slug":"spezielle-sottovento-2x-sottovento-doc-1x-sottovento-doc-riserva-kostenloser-versand","status":"publish","type":"product","link":"https:\/\/shop.torricantine.com\/de\/produkt\/spezielle-sottovento-2x-sottovento-doc-1x-sottovento-doc-riserva-kostenloser-versand\/","title":{"rendered":"Spezielle Sottovento: 2x Sottovento DOC  + 1x Sottovento DOC Riserva + Kostenloser Versand"},"content":{"rendered":"<h2>Spezielle Sottovento: 2x Sottovento DOC  + 1x Sottovento DOC Riserva + Kostenloser Versand<\/h2>\n<h3>Sottovento \u2013 Montepulciano D\u2019abruzzo DOC \u2013 13,5%.<\/h3>\n<p>Farbe: Ein leuchtendes Rubinrot mit violetten Reflexen und einer angemessenen Konsistenz<br \/>\nGeruch: Sehr duftend und kr\u00e4ftig erobert er Sie mit einer Fruchtigkeit nach Marmeladen-Brombeeren, Pflaumen, Sauerkirschen und einem sch\u00f6nen Unterholz.<br \/>\nGaumen: Im Schluck werden Sie von einer trockenen Weichheit und einer angemessenen W\u00e4rme erobert, in perfekter Harmonie mit einer moderaten Frische, einer sch\u00f6nen Mineralit\u00e4t und magisch samtigen Tanninen. Der Geschmack stimmt perfekt mit den olfaktorischen Noten \u00fcberein, zu denen wir vielleicht eine zarte W\u00fcrze und einen Wein mit minimal bitteren Spitzen hinzuf\u00fcgen k\u00f6nnten.<\/p>\n<h3>Montepulciano d\u2019Abruzzo DOC Sottovento R\u00e9serve 0,75L Rotwein \u2013 14,5 %<\/h3>\n<p>Farbe: Ein leuchtendes und undurchdringliches Rubinrot mit einer sp\u00fcrbaren Konsistenz.<br \/>\nNase: energisch und tief, zeichnet sich durch seine Intensit\u00e4t und durch das artikulierte olfaktorische Ger\u00fcst aus, in dem Ankl\u00e4nge von reifen Brombeeren, Kirschen, Sauerkirschen abheben, mit zarten Gew\u00fcrznoten im Abgang herausragen.<br \/>\nGeschmack: Die Intensit\u00e4t wird beim Schluck verst\u00e4rkt durch Ankl\u00e4nge, die neben den olfaktorischen Noten, auch an Schwarzkirsche, Kirsche und Waldbeeren erinnern.<\/p>\n","protected":false},"excerpt":{"rendered":"<p>Spezielle Sottovento: 2x Sottovento DOC + 1x Sottovento DOC Riserva + Kostenloser Versand Sottovento \u2013 Montepulciano D\u2019abruzzo DOC \u2013 13,5%. Farbe: Ein leuchtendes Rubinrot mit violetten Reflexen und einer angemessenen Konsistenz Geruch: Sehr duftend und kr\u00e4ftig erobert er Sie mit einer Fruchtigkeit nach Marmeladen-Brombeeren, Pflaumen, Sauerkirschen und einem sch\u00f6nen Unterholz. Gaumen: Im Schluck werden Sie [&#8230;]\n","protected":false},"featured_media":68530,"comment_status":"open","ping_status":"closed","template":"","meta":[],"product_brand":[],"product_cat":[175],"product_tag":[],"class_list":{"0":"post-68547","1":"product","2":"type-product","3":"status-publish","4":"has-post-thumbnail","6":"product_cat-torri-cantine-de","7":"product_shipping_class-spedizione-gratuita","9":"first","10":"instock","11":"virtual","12":"sold-individually","13":"taxable","14":"purchasable","15":"product-type-bundle"},"bundled_by":[],"bundle_stock_status":"instock","bundle_stock_quantity":"","bundle_virtual":false,"bundle_layout":"default","bundle_add_to_cart_form_location":"default","bundle_editable_in_cart":false,"bundle_sold_individually_context":"product","bundle_item_grouping":"parent","bundle_min_size":3,"bundle_max_size":3,"bundle_price":{"price":{"min":{"incl_tax":"46","excl_tax":"46"},"max":{"incl_tax":"46","excl_tax":"46"}},"regular_price":{"min":{"incl_tax":"46","excl_tax":"46"},"max":{"incl_tax":"46","excl_tax":"46"}}},"bundled_items":[{"bundled_item_id":529,"product_id":26132,"menu_order":0,"quantity_min":2,"quantity_max":2,"quantity_default":2,"priced_individually":false,"shipped_individually":false,"override_title":false,"title":"Sottovento Montepulciano d\u2019Abruzzo DOC Bio-Rotwein 0,75L","override_description":true,"description":"","optional":false,"hide_thumbnail":false,"discount":"","override_variations":false,"allowed_variations":[""],"override_default_variation_attributes":false,"default_variation_attributes":[],"single_product_visibility":"visible","cart_visibility":"hidden","order_visibility":"visible","single_product_price_visibility":"visible","cart_price_visibility":"visible","order_price_visibility":"visible","stock_status":"in_stock"},{"bundled_item_id":530,"product_id":40914,"menu_order":1,"quantity_min":1,"quantity_max":1,"quantity_default":1,"priced_individually":false,"shipped_individually":false,"override_title":false,"title":"Torri Montepulciano d&#8217;Abruzzo DOC Sottovento R\u00e9serve 0,75L Rotwein","override_description":true,"description":"","optional":false,"hide_thumbnail":false,"discount":"","override_variations":false,"allowed_variations":[""],"override_default_variation_attributes":false,"default_variation_attributes":[],"single_product_visibility":"visible","cart_visibility":"hidden","order_visibility":"visible","single_product_price_visibility":"visible","cart_price_visibility":"visible","order_price_visibility":"visible","stock_status":"in_stock"}],"bundle_sell_ids":[],"yoast_head":"<!-- This site is optimized with the Yoast SEO plugin v27.4 - https:\/\/yoast.com\/product\/yoast-seo-wordpress\/ -->\n<title>Spezielle Sottovento: 2x Sottovento DOC + 1x Sottovento DOC Riserva + Kostenloser Versand - Torri Cantine Store COM<\/title>\n<meta name=\"robots\" content=\"index, follow, max-snippet:-1, max-image-preview:large, max-video-preview:-1\" \/>\n<link rel=\"canonical\" href=\"https:\/\/shop.torricantine.com\/de\/produkt\/spezielle-sottovento-2x-sottovento-doc-1x-sottovento-doc-riserva-kostenloser-versand\/\" \/>\n<meta property=\"og:locale\" content=\"de_DE\" \/>\n<meta property=\"og:type\" content=\"article\" \/>\n<meta property=\"og:title\" content=\"Spezielle Sottovento: 2x Sottovento DOC + 1x Sottovento DOC Riserva + Kostenloser Versand - Torri Cantine Store COM\" \/>\n<meta property=\"og:description\" content=\"Spezielle Sottovento: 2x Sottovento DOC + 1x Sottovento DOC Riserva + Kostenloser Versand Sottovento \u2013 Montepulciano D\u2019abruzzo DOC \u2013 13,5%. Farbe: Ein leuchtendes Rubinrot mit violetten Reflexen und einer angemessenen Konsistenz Geruch: Sehr duftend und kr\u00e4ftig erobert er Sie mit einer Fruchtigkeit nach Marmeladen-Brombeeren, Pflaumen, Sauerkirschen und einem sch\u00f6nen Unterholz. Gaumen: Im Schluck werden Sie [...]\" \/>\n<meta property=\"og:url\" content=\"https:\/\/shop.torricantine.com\/de\/produkt\/spezielle-sottovento-2x-sottovento-doc-1x-sottovento-doc-riserva-kostenloser-versand\/\" \/>\n<meta property=\"og:site_name\" content=\"Torri Cantine Store COM\" \/>\n<meta property=\"article:modified_time\" content=\"2026-01-14T08:58:53+00:00\" \/>\n<meta property=\"og:image\" content=\"https:\/\/shop.torricantine.com\/wp-content\/uploads\/2024\/05\/landing_3xSottovento.png\" \/>\n\t<meta property=\"og:image:width\" content=\"615\" \/>\n\t<meta property=\"og:image:height\" content=\"800\" \/>\n\t<meta property=\"og:image:type\" content=\"image\/png\" \/>\n<meta name=\"twitter:card\" content=\"summary_large_image\" \/>\n<meta name=\"twitter:label1\" content=\"Gesch\u00e4tzte Lesezeit\" \/>\n\t<meta name=\"twitter:data1\" content=\"1\u00a0Minute\" \/>\n<script type=\"application\/ld+json\" class=\"yoast-schema-graph\">{\"@context\":\"https:\\\/\\\/schema.org\",\"@graph\":[{\"@type\":\"WebPage\",\"@id\":\"https:\\\/\\\/shop.torricantine.com\\\/de\\\/produkt\\\/spezielle-sottovento-2x-sottovento-doc-1x-sottovento-doc-riserva-kostenloser-versand\\\/\",\"url\":\"https:\\\/\\\/shop.torricantine.com\\\/de\\\/produkt\\\/spezielle-sottovento-2x-sottovento-doc-1x-sottovento-doc-riserva-kostenloser-versand\\\/\",\"name\":\"Spezielle Sottovento: 2x Sottovento DOC + 1x Sottovento DOC Riserva + Kostenloser Versand - Torri Cantine Store COM\",\"isPartOf\":{\"@id\":\"https:\\\/\\\/shop.torricantine.com\\\/de\\\/#website\"},\"primaryImageOfPage\":{\"@id\":\"https:\\\/\\\/shop.torricantine.com\\\/de\\\/produkt\\\/spezielle-sottovento-2x-sottovento-doc-1x-sottovento-doc-riserva-kostenloser-versand\\\/#primaryimage\"},\"image\":{\"@id\":\"https:\\\/\\\/shop.torricantine.com\\\/de\\\/produkt\\\/spezielle-sottovento-2x-sottovento-doc-1x-sottovento-doc-riserva-kostenloser-versand\\\/#primaryimage\"},\"thumbnailUrl\":\"https:\\\/\\\/shop.torricantine.com\\\/wp-content\\\/uploads\\\/2024\\\/05\\\/landing_3xSottovento.png\",\"datePublished\":\"2024-05-09T09:42:34+00:00\",\"dateModified\":\"2026-01-14T08:58:53+00:00\",\"breadcrumb\":{\"@id\":\"https:\\\/\\\/shop.torricantine.com\\\/de\\\/produkt\\\/spezielle-sottovento-2x-sottovento-doc-1x-sottovento-doc-riserva-kostenloser-versand\\\/#breadcrumb\"},\"inLanguage\":\"de\",\"potentialAction\":[{\"@type\":\"ReadAction\",\"target\":[\"https:\\\/\\\/shop.torricantine.com\\\/de\\\/produkt\\\/spezielle-sottovento-2x-sottovento-doc-1x-sottovento-doc-riserva-kostenloser-versand\\\/\"]}]},{\"@type\":\"ImageObject\",\"inLanguage\":\"de\",\"@id\":\"https:\\\/\\\/shop.torricantine.com\\\/de\\\/produkt\\\/spezielle-sottovento-2x-sottovento-doc-1x-sottovento-doc-riserva-kostenloser-versand\\\/#primaryimage\",\"url\":\"https:\\\/\\\/shop.torricantine.com\\\/wp-content\\\/uploads\\\/2024\\\/05\\\/landing_3xSottovento.png\",\"contentUrl\":\"https:\\\/\\\/shop.torricantine.com\\\/wp-content\\\/uploads\\\/2024\\\/05\\\/landing_3xSottovento.png\",\"width\":615,\"height\":800},{\"@type\":\"BreadcrumbList\",\"@id\":\"https:\\\/\\\/shop.torricantine.com\\\/de\\\/produkt\\\/spezielle-sottovento-2x-sottovento-doc-1x-sottovento-doc-riserva-kostenloser-versand\\\/#breadcrumb\",\"itemListElement\":[{\"@type\":\"ListItem\",\"position\":1,\"name\":\"Home\",\"item\":\"https:\\\/\\\/shop.torricantine.com\\\/de\\\/\"},{\"@type\":\"ListItem\",\"position\":2,\"name\":\"Shop\",\"item\":\"https:\\\/\\\/shop.torricantine.com\\\/de\\\/shop\\\/\"},{\"@type\":\"ListItem\",\"position\":3,\"name\":\"Spezielle Sottovento: 2x Sottovento DOC + 1x Sottovento DOC Riserva + Kostenloser Versand\"}]},{\"@type\":\"WebSite\",\"@id\":\"https:\\\/\\\/shop.torricantine.com\\\/de\\\/#website\",\"url\":\"https:\\\/\\\/shop.torricantine.com\\\/de\\\/\",\"name\":\"Torri Cantine Store COM\",\"description\":\"Online store of our winery in Italy\",\"publisher\":{\"@id\":\"https:\\\/\\\/shop.torricantine.com\\\/de\\\/#organization\"},\"potentialAction\":[{\"@type\":\"SearchAction\",\"target\":{\"@type\":\"EntryPoint\",\"urlTemplate\":\"https:\\\/\\\/shop.torricantine.com\\\/de\\\/?s={search_term_string}\"},\"query-input\":{\"@type\":\"PropertyValueSpecification\",\"valueRequired\":true,\"valueName\":\"search_term_string\"}}],\"inLanguage\":\"de\"},{\"@type\":\"Organization\",\"@id\":\"https:\\\/\\\/shop.torricantine.com\\\/de\\\/#organization\",\"name\":\"Torri Cantine\",\"url\":\"https:\\\/\\\/shop.torricantine.com\\\/de\\\/\",\"logo\":{\"@type\":\"ImageObject\",\"inLanguage\":\"de\",\"@id\":\"https:\\\/\\\/shop.torricantine.com\\\/de\\\/#\\\/schema\\\/logo\\\/image\\\/\",\"url\":\"https:\\\/\\\/shop.torricantine.com\\\/wp-content\\\/uploads\\\/2020\\\/04\\\/torri-store-logo_text.png\",\"contentUrl\":\"https:\\\/\\\/shop.torricantine.com\\\/wp-content\\\/uploads\\\/2020\\\/04\\\/torri-store-logo_text.png\",\"width\":289,\"height\":361,\"caption\":\"Torri Cantine\"},\"image\":{\"@id\":\"https:\\\/\\\/shop.torricantine.com\\\/de\\\/#\\\/schema\\\/logo\\\/image\\\/\"}}]}<\/script>\n<!-- \/ Yoast SEO plugin. -->","yoast_head_json":{"title":"Spezielle Sottovento: 2x Sottovento DOC + 1x Sottovento DOC Riserva + Kostenloser Versand - Torri Cantine Store COM","robots":{"index":"index","follow":"follow","max-snippet":"max-snippet:-1","max-image-preview":"max-image-preview:large","max-video-preview":"max-video-preview:-1"},"canonical":"https:\/\/shop.torricantine.com\/de\/produkt\/spezielle-sottovento-2x-sottovento-doc-1x-sottovento-doc-riserva-kostenloser-versand\/","og_locale":"de_DE","og_type":"article","og_title":"Spezielle Sottovento: 2x Sottovento DOC + 1x Sottovento DOC Riserva + Kostenloser Versand - Torri Cantine Store COM","og_description":"Spezielle Sottovento: 2x Sottovento DOC + 1x Sottovento DOC Riserva + Kostenloser Versand Sottovento \u2013 Montepulciano D\u2019abruzzo DOC \u2013 13,5%. Farbe: Ein leuchtendes Rubinrot mit violetten Reflexen und einer angemessenen Konsistenz Geruch: Sehr duftend und kr\u00e4ftig erobert er Sie mit einer Fruchtigkeit nach Marmeladen-Brombeeren, Pflaumen, Sauerkirschen und einem sch\u00f6nen Unterholz. Gaumen: Im Schluck werden Sie [...]","og_url":"https:\/\/shop.torricantine.com\/de\/produkt\/spezielle-sottovento-2x-sottovento-doc-1x-sottovento-doc-riserva-kostenloser-versand\/","og_site_name":"Torri Cantine Store COM","article_modified_time":"2026-01-14T08:58:53+00:00","og_image":[{"width":615,"height":800,"url":"https:\/\/shop.torricantine.com\/wp-content\/uploads\/2024\/05\/landing_3xSottovento.png","type":"image\/png"}],"twitter_card":"summary_large_image","twitter_misc":{"Gesch\u00e4tzte Lesezeit":"1\u00a0Minute"},"schema":{"@context":"https:\/\/schema.org","@graph":[{"@type":"WebPage","@id":"https:\/\/shop.torricantine.com\/de\/produkt\/spezielle-sottovento-2x-sottovento-doc-1x-sottovento-doc-riserva-kostenloser-versand\/","url":"https:\/\/shop.torricantine.com\/de\/produkt\/spezielle-sottovento-2x-sottovento-doc-1x-sottovento-doc-riserva-kostenloser-versand\/","name":"Spezielle Sottovento: 2x Sottovento DOC + 1x Sottovento DOC Riserva + Kostenloser Versand - Torri Cantine Store COM","isPartOf":{"@id":"https:\/\/shop.torricantine.com\/de\/#website"},"primaryImageOfPage":{"@id":"https:\/\/shop.torricantine.com\/de\/produkt\/spezielle-sottovento-2x-sottovento-doc-1x-sottovento-doc-riserva-kostenloser-versand\/#primaryimage"},"image":{"@id":"https:\/\/shop.torricantine.com\/de\/produkt\/spezielle-sottovento-2x-sottovento-doc-1x-sottovento-doc-riserva-kostenloser-versand\/#primaryimage"},"thumbnailUrl":"https:\/\/shop.torricantine.com\/wp-content\/uploads\/2024\/05\/landing_3xSottovento.png","datePublished":"2024-05-09T09:42:34+00:00","dateModified":"2026-01-14T08:58:53+00:00","breadcrumb":{"@id":"https:\/\/shop.torricantine.com\/de\/produkt\/spezielle-sottovento-2x-sottovento-doc-1x-sottovento-doc-riserva-kostenloser-versand\/#breadcrumb"},"inLanguage":"de","potentialAction":[{"@type":"ReadAction","target":["https:\/\/shop.torricantine.com\/de\/produkt\/spezielle-sottovento-2x-sottovento-doc-1x-sottovento-doc-riserva-kostenloser-versand\/"]}]},{"@type":"ImageObject","inLanguage":"de","@id":"https:\/\/shop.torricantine.com\/de\/produkt\/spezielle-sottovento-2x-sottovento-doc-1x-sottovento-doc-riserva-kostenloser-versand\/#primaryimage","url":"https:\/\/shop.torricantine.com\/wp-content\/uploads\/2024\/05\/landing_3xSottovento.png","contentUrl":"https:\/\/shop.torricantine.com\/wp-content\/uploads\/2024\/05\/landing_3xSottovento.png","width":615,"height":800},{"@type":"BreadcrumbList","@id":"https:\/\/shop.torricantine.com\/de\/produkt\/spezielle-sottovento-2x-sottovento-doc-1x-sottovento-doc-riserva-kostenloser-versand\/#breadcrumb","itemListElement":[{"@type":"ListItem","position":1,"name":"Home","item":"https:\/\/shop.torricantine.com\/de\/"},{"@type":"ListItem","position":2,"name":"Shop","item":"https:\/\/shop.torricantine.com\/de\/shop\/"},{"@type":"ListItem","position":3,"name":"Spezielle Sottovento: 2x Sottovento DOC + 1x Sottovento DOC Riserva + Kostenloser Versand"}]},{"@type":"WebSite","@id":"https:\/\/shop.torricantine.com\/de\/#website","url":"https:\/\/shop.torricantine.com\/de\/","name":"Torri Cantine Store COM","description":"Online store of our winery in Italy","publisher":{"@id":"https:\/\/shop.torricantine.com\/de\/#organization"},"potentialAction":[{"@type":"SearchAction","target":{"@type":"EntryPoint","urlTemplate":"https:\/\/shop.torricantine.com\/de\/?s={search_term_string}"},"query-input":{"@type":"PropertyValueSpecification","valueRequired":true,"valueName":"search_term_string"}}],"inLanguage":"de"},{"@type":"Organization","@id":"https:\/\/shop.torricantine.com\/de\/#organization","name":"Torri Cantine","url":"https:\/\/shop.torricantine.com\/de\/","logo":{"@type":"ImageObject","inLanguage":"de","@id":"https:\/\/shop.torricantine.com\/de\/#\/schema\/logo\/image\/","url":"https:\/\/shop.torricantine.com\/wp-content\/uploads\/2020\/04\/torri-store-logo_text.png","contentUrl":"https:\/\/shop.torricantine.com\/wp-content\/uploads\/2020\/04\/torri-store-logo_text.png","width":289,"height":361,"caption":"Torri Cantine"},"image":{"@id":"https:\/\/shop.torricantine.com\/de\/#\/schema\/logo\/image\/"}}]}},"_links":{"self":[{"href":"https:\/\/shop.torricantine.com\/de\/wp-json\/wp\/v2\/product\/68547","targetHints":{"allow":["GET"]}}],"collection":[{"href":"https:\/\/shop.torricantine.com\/de\/wp-json\/wp\/v2\/product"}],"about":[{"href":"https:\/\/shop.torricantine.com\/de\/wp-json\/wp\/v2\/types\/product"}],"replies":[{"embeddable":true,"href":"https:\/\/shop.torricantine.com\/de\/wp-json\/wp\/v2\/comments?post=68547"}],"wp:featuredmedia":[{"embeddable":true,"href":"https:\/\/shop.torricantine.com\/de\/wp-json\/wp\/v2\/media\/68530"}],"wp:attachment":[{"href":"https:\/\/shop.torricantine.com\/de\/wp-json\/wp\/v2\/media?parent=68547"}],"wp:term":[{"taxonomy":"product_brand","embeddable":true,"href":"https:\/\/shop.torricantine.com\/de\/wp-json\/wp\/v2\/product_brand?post=68547"},{"taxonomy":"product_cat","embeddable":true,"href":"https:\/\/shop.torricantine.com\/de\/wp-json\/wp\/v2\/product_cat?post=68547"},{"taxonomy":"product_tag","embeddable":true,"href":"https:\/\/shop.torricantine.com\/de\/wp-json\/wp\/v2\/product_tag?post=68547"}],"curies":[{"name":"wp","href":"https:\/\/api.w.org\/{rel}","templated":true}]}}