{"id":60106,"date":"2023-11-13T10:42:10","date_gmt":"2023-11-13T08:42:10","guid":{"rendered":"https:\/\/shop.torricantine.com\/?post_type=product&#038;p=60106"},"modified":"2025-02-06T18:27:47","modified_gmt":"2025-02-06T16:27:47","slug":"weiswein-bag-in-box-5l","status":"publish","type":"product","link":"https:\/\/shop.torricantine.com\/de\/produkt\/weiswein-bag-in-box-5l\/","title":{"rendered":"Wei\u00dfwein Bag in Box 5L"},"content":{"rendered":"<h2><strong>Wei\u00dfwein Bag in Box Torri Cantine<\/strong><\/h2>\n<p><strong>Sensorische Noten<\/strong><\/p>\n<p>Kristallklares Strohgelb mit goldenen Reflexen. Ein Wei\u00dfwein mit guter Struktur und Frische am Gaumen.<\/p>\n<p><strong>Wie Passt Unser Wei\u00dfwein Dazu?<\/strong> Aperitifs, Fischvorspeisen, vegetarische Gerichte, wei\u00dfes Fleisch und frische K\u00e4sesorten.<\/p>\n<p>Spero che le traduzioni siano di tuo gradimento! Se hai bisogno di ulteriori traduzioni o modifiche, non esitare a chiedere.<\/p>\n","protected":false},"excerpt":{"rendered":"<p>Wei\u00dfwein Bag in Box Torri Cantine Sensorische Noten Kristallklares Strohgelb mit goldenen Reflexen. Ein Wei\u00dfwein mit guter Struktur und Frische am Gaumen. Wie Passt Unser Wei\u00dfwein Dazu? Aperitifs, Fischvorspeisen, vegetarische Gerichte, wei\u00dfes Fleisch und frische K\u00e4sesorten. Spero che le traduzioni siano di tuo gradimento! Se hai bisogno di ulteriori traduzioni o modifiche, non esitare a [&#8230;]\n","protected":false},"featured_media":60046,"comment_status":"open","ping_status":"closed","template":"","meta":[],"product_brand":[],"product_cat":[174,178,179],"product_tag":[],"class_list":{"0":"post-60106","1":"product","2":"type-product","3":"status-publish","4":"has-post-thumbnail","6":"product_cat-angebote","7":"product_cat-bag-in-box-weine","8":"product_cat-weissweine","9":"product_shipping_class-bib-5","11":"first","12":"instock","13":"sale","14":"taxable","15":"shipping-taxable","16":"purchasable","17":"product-type-simple"},"bundled_by":[],"bundle_stock_status":"instock","bundle_stock_quantity":null,"bundle_virtual":false,"bundle_layout":"","bundle_add_to_cart_form_location":"","bundle_editable_in_cart":false,"bundle_sold_individually_context":"","bundle_item_grouping":"","bundle_min_size":"","bundle_max_size":"","bundle_price":[],"bundled_items":[],"bundle_sell_ids":[],"yoast_head":"<!-- This site is optimized with the Yoast SEO plugin v27.4 - https:\/\/yoast.com\/product\/yoast-seo-wordpress\/ -->\n<title>Wei\u00dfwein Bag in Box 5L - Torri Cantine Store COM<\/title>\n<meta name=\"robots\" content=\"index, follow, max-snippet:-1, max-image-preview:large, max-video-preview:-1\" \/>\n<link rel=\"canonical\" href=\"https:\/\/shop.torricantine.com\/de\/produkt\/weiswein-bag-in-box-5l\/\" \/>\n<meta property=\"og:locale\" content=\"de_DE\" \/>\n<meta property=\"og:type\" content=\"article\" \/>\n<meta property=\"og:title\" content=\"Wei\u00dfwein Bag in Box 5L - Torri Cantine Store COM\" \/>\n<meta property=\"og:description\" content=\"Wei\u00dfwein Bag in Box Torri Cantine Sensorische Noten Kristallklares Strohgelb mit goldenen Reflexen. Ein Wei\u00dfwein mit guter Struktur und Frische am Gaumen. Wie Passt Unser Wei\u00dfwein Dazu? Aperitifs, Fischvorspeisen, vegetarische Gerichte, wei\u00dfes Fleisch und frische K\u00e4sesorten. Spero che le traduzioni siano di tuo gradimento! Se hai bisogno di ulteriori traduzioni o modifiche, non esitare a [...]\" \/>\n<meta property=\"og:url\" content=\"https:\/\/shop.torricantine.com\/de\/produkt\/weiswein-bag-in-box-5l\/\" \/>\n<meta property=\"og:site_name\" content=\"Torri Cantine Store COM\" \/>\n<meta property=\"article:modified_time\" content=\"2025-02-06T16:27:47+00:00\" \/>\n<meta property=\"og:image\" content=\"https:\/\/shop.torricantine.com\/wp-content\/uploads\/2023\/09\/BIB5L-bianco-1.jpg\" \/>\n\t<meta property=\"og:image:width\" content=\"1042\" \/>\n\t<meta property=\"og:image:height\" content=\"1600\" \/>\n\t<meta property=\"og:image:type\" content=\"image\/jpeg\" \/>\n<meta name=\"twitter:card\" content=\"summary_large_image\" \/>\n<meta name=\"twitter:label1\" content=\"Gesch\u00e4tzte Lesezeit\" \/>\n\t<meta name=\"twitter:data1\" content=\"1\u00a0Minute\" \/>\n<script type=\"application\/ld+json\" class=\"yoast-schema-graph\">{\"@context\":\"https:\\\/\\\/schema.org\",\"@graph\":[{\"@type\":\"WebPage\",\"@id\":\"https:\\\/\\\/shop.torricantine.com\\\/de\\\/produkt\\\/weiswein-bag-in-box-5l\\\/\",\"url\":\"https:\\\/\\\/shop.torricantine.com\\\/de\\\/produkt\\\/weiswein-bag-in-box-5l\\\/\",\"name\":\"Wei\u00dfwein Bag in Box 5L - Torri Cantine Store COM\",\"isPartOf\":{\"@id\":\"https:\\\/\\\/shop.torricantine.com\\\/de\\\/#website\"},\"primaryImageOfPage\":{\"@id\":\"https:\\\/\\\/shop.torricantine.com\\\/de\\\/produkt\\\/weiswein-bag-in-box-5l\\\/#primaryimage\"},\"image\":{\"@id\":\"https:\\\/\\\/shop.torricantine.com\\\/de\\\/produkt\\\/weiswein-bag-in-box-5l\\\/#primaryimage\"},\"thumbnailUrl\":\"https:\\\/\\\/shop.torricantine.com\\\/wp-content\\\/uploads\\\/2023\\\/09\\\/BIB5L-bianco-1.jpg\",\"datePublished\":\"2023-11-13T08:42:10+00:00\",\"dateModified\":\"2025-02-06T16:27:47+00:00\",\"breadcrumb\":{\"@id\":\"https:\\\/\\\/shop.torricantine.com\\\/de\\\/produkt\\\/weiswein-bag-in-box-5l\\\/#breadcrumb\"},\"inLanguage\":\"de\",\"potentialAction\":[{\"@type\":\"ReadAction\",\"target\":[\"https:\\\/\\\/shop.torricantine.com\\\/de\\\/produkt\\\/weiswein-bag-in-box-5l\\\/\"]}]},{\"@type\":\"ImageObject\",\"inLanguage\":\"de\",\"@id\":\"https:\\\/\\\/shop.torricantine.com\\\/de\\\/produkt\\\/weiswein-bag-in-box-5l\\\/#primaryimage\",\"url\":\"https:\\\/\\\/shop.torricantine.com\\\/wp-content\\\/uploads\\\/2023\\\/09\\\/BIB5L-bianco-1.jpg\",\"contentUrl\":\"https:\\\/\\\/shop.torricantine.com\\\/wp-content\\\/uploads\\\/2023\\\/09\\\/BIB5L-bianco-1.jpg\",\"width\":1042,\"height\":1600},{\"@type\":\"BreadcrumbList\",\"@id\":\"https:\\\/\\\/shop.torricantine.com\\\/de\\\/produkt\\\/weiswein-bag-in-box-5l\\\/#breadcrumb\",\"itemListElement\":[{\"@type\":\"ListItem\",\"position\":1,\"name\":\"Home\",\"item\":\"https:\\\/\\\/shop.torricantine.com\\\/de\\\/\"},{\"@type\":\"ListItem\",\"position\":2,\"name\":\"Shop\",\"item\":\"https:\\\/\\\/shop.torricantine.com\\\/de\\\/shop\\\/\"},{\"@type\":\"ListItem\",\"position\":3,\"name\":\"Wei\u00dfwein Bag in Box 5L\"}]},{\"@type\":\"WebSite\",\"@id\":\"https:\\\/\\\/shop.torricantine.com\\\/de\\\/#website\",\"url\":\"https:\\\/\\\/shop.torricantine.com\\\/de\\\/\",\"name\":\"Torri Cantine Store COM\",\"description\":\"Online store of our winery in Italy\",\"publisher\":{\"@id\":\"https:\\\/\\\/shop.torricantine.com\\\/de\\\/#organization\"},\"potentialAction\":[{\"@type\":\"SearchAction\",\"target\":{\"@type\":\"EntryPoint\",\"urlTemplate\":\"https:\\\/\\\/shop.torricantine.com\\\/de\\\/?s={search_term_string}\"},\"query-input\":{\"@type\":\"PropertyValueSpecification\",\"valueRequired\":true,\"valueName\":\"search_term_string\"}}],\"inLanguage\":\"de\"},{\"@type\":\"Organization\",\"@id\":\"https:\\\/\\\/shop.torricantine.com\\\/de\\\/#organization\",\"name\":\"Torri Cantine\",\"url\":\"https:\\\/\\\/shop.torricantine.com\\\/de\\\/\",\"logo\":{\"@type\":\"ImageObject\",\"inLanguage\":\"de\",\"@id\":\"https:\\\/\\\/shop.torricantine.com\\\/de\\\/#\\\/schema\\\/logo\\\/image\\\/\",\"url\":\"https:\\\/\\\/shop.torricantine.com\\\/wp-content\\\/uploads\\\/2020\\\/04\\\/torri-store-logo_text.png\",\"contentUrl\":\"https:\\\/\\\/shop.torricantine.com\\\/wp-content\\\/uploads\\\/2020\\\/04\\\/torri-store-logo_text.png\",\"width\":289,\"height\":361,\"caption\":\"Torri Cantine\"},\"image\":{\"@id\":\"https:\\\/\\\/shop.torricantine.com\\\/de\\\/#\\\/schema\\\/logo\\\/image\\\/\"}}]}<\/script>\n<!-- \/ Yoast SEO plugin. -->","yoast_head_json":{"title":"Wei\u00dfwein Bag in Box 5L - Torri Cantine Store COM","robots":{"index":"index","follow":"follow","max-snippet":"max-snippet:-1","max-image-preview":"max-image-preview:large","max-video-preview":"max-video-preview:-1"},"canonical":"https:\/\/shop.torricantine.com\/de\/produkt\/weiswein-bag-in-box-5l\/","og_locale":"de_DE","og_type":"article","og_title":"Wei\u00dfwein Bag in Box 5L - Torri Cantine Store COM","og_description":"Wei\u00dfwein Bag in Box Torri Cantine Sensorische Noten Kristallklares Strohgelb mit goldenen Reflexen. Ein Wei\u00dfwein mit guter Struktur und Frische am Gaumen. Wie Passt Unser Wei\u00dfwein Dazu? Aperitifs, Fischvorspeisen, vegetarische Gerichte, wei\u00dfes Fleisch und frische K\u00e4sesorten. Spero che le traduzioni siano di tuo gradimento! Se hai bisogno di ulteriori traduzioni o modifiche, non esitare a [...]","og_url":"https:\/\/shop.torricantine.com\/de\/produkt\/weiswein-bag-in-box-5l\/","og_site_name":"Torri Cantine Store COM","article_modified_time":"2025-02-06T16:27:47+00:00","og_image":[{"width":1042,"height":1600,"url":"https:\/\/shop.torricantine.com\/wp-content\/uploads\/2023\/09\/BIB5L-bianco-1.jpg","type":"image\/jpeg"}],"twitter_card":"summary_large_image","twitter_misc":{"Gesch\u00e4tzte Lesezeit":"1\u00a0Minute"},"schema":{"@context":"https:\/\/schema.org","@graph":[{"@type":"WebPage","@id":"https:\/\/shop.torricantine.com\/de\/produkt\/weiswein-bag-in-box-5l\/","url":"https:\/\/shop.torricantine.com\/de\/produkt\/weiswein-bag-in-box-5l\/","name":"Wei\u00dfwein Bag in Box 5L - Torri Cantine Store COM","isPartOf":{"@id":"https:\/\/shop.torricantine.com\/de\/#website"},"primaryImageOfPage":{"@id":"https:\/\/shop.torricantine.com\/de\/produkt\/weiswein-bag-in-box-5l\/#primaryimage"},"image":{"@id":"https:\/\/shop.torricantine.com\/de\/produkt\/weiswein-bag-in-box-5l\/#primaryimage"},"thumbnailUrl":"https:\/\/shop.torricantine.com\/wp-content\/uploads\/2023\/09\/BIB5L-bianco-1.jpg","datePublished":"2023-11-13T08:42:10+00:00","dateModified":"2025-02-06T16:27:47+00:00","breadcrumb":{"@id":"https:\/\/shop.torricantine.com\/de\/produkt\/weiswein-bag-in-box-5l\/#breadcrumb"},"inLanguage":"de","potentialAction":[{"@type":"ReadAction","target":["https:\/\/shop.torricantine.com\/de\/produkt\/weiswein-bag-in-box-5l\/"]}]},{"@type":"ImageObject","inLanguage":"de","@id":"https:\/\/shop.torricantine.com\/de\/produkt\/weiswein-bag-in-box-5l\/#primaryimage","url":"https:\/\/shop.torricantine.com\/wp-content\/uploads\/2023\/09\/BIB5L-bianco-1.jpg","contentUrl":"https:\/\/shop.torricantine.com\/wp-content\/uploads\/2023\/09\/BIB5L-bianco-1.jpg","width":1042,"height":1600},{"@type":"BreadcrumbList","@id":"https:\/\/shop.torricantine.com\/de\/produkt\/weiswein-bag-in-box-5l\/#breadcrumb","itemListElement":[{"@type":"ListItem","position":1,"name":"Home","item":"https:\/\/shop.torricantine.com\/de\/"},{"@type":"ListItem","position":2,"name":"Shop","item":"https:\/\/shop.torricantine.com\/de\/shop\/"},{"@type":"ListItem","position":3,"name":"Wei\u00dfwein Bag in Box 5L"}]},{"@type":"WebSite","@id":"https:\/\/shop.torricantine.com\/de\/#website","url":"https:\/\/shop.torricantine.com\/de\/","name":"Torri Cantine Store COM","description":"Online store of our winery in Italy","publisher":{"@id":"https:\/\/shop.torricantine.com\/de\/#organization"},"potentialAction":[{"@type":"SearchAction","target":{"@type":"EntryPoint","urlTemplate":"https:\/\/shop.torricantine.com\/de\/?s={search_term_string}"},"query-input":{"@type":"PropertyValueSpecification","valueRequired":true,"valueName":"search_term_string"}}],"inLanguage":"de"},{"@type":"Organization","@id":"https:\/\/shop.torricantine.com\/de\/#organization","name":"Torri Cantine","url":"https:\/\/shop.torricantine.com\/de\/","logo":{"@type":"ImageObject","inLanguage":"de","@id":"https:\/\/shop.torricantine.com\/de\/#\/schema\/logo\/image\/","url":"https:\/\/shop.torricantine.com\/wp-content\/uploads\/2020\/04\/torri-store-logo_text.png","contentUrl":"https:\/\/shop.torricantine.com\/wp-content\/uploads\/2020\/04\/torri-store-logo_text.png","width":289,"height":361,"caption":"Torri Cantine"},"image":{"@id":"https:\/\/shop.torricantine.com\/de\/#\/schema\/logo\/image\/"}}]}},"_links":{"self":[{"href":"https:\/\/shop.torricantine.com\/de\/wp-json\/wp\/v2\/product\/60106","targetHints":{"allow":["GET"]}}],"collection":[{"href":"https:\/\/shop.torricantine.com\/de\/wp-json\/wp\/v2\/product"}],"about":[{"href":"https:\/\/shop.torricantine.com\/de\/wp-json\/wp\/v2\/types\/product"}],"replies":[{"embeddable":true,"href":"https:\/\/shop.torricantine.com\/de\/wp-json\/wp\/v2\/comments?post=60106"}],"wp:featuredmedia":[{"embeddable":true,"href":"https:\/\/shop.torricantine.com\/de\/wp-json\/wp\/v2\/media\/60046"}],"wp:attachment":[{"href":"https:\/\/shop.torricantine.com\/de\/wp-json\/wp\/v2\/media?parent=60106"}],"wp:term":[{"taxonomy":"product_brand","embeddable":true,"href":"https:\/\/shop.torricantine.com\/de\/wp-json\/wp\/v2\/product_brand?post=60106"},{"taxonomy":"product_cat","embeddable":true,"href":"https:\/\/shop.torricantine.com\/de\/wp-json\/wp\/v2\/product_cat?post=60106"},{"taxonomy":"product_tag","embeddable":true,"href":"https:\/\/shop.torricantine.com\/de\/wp-json\/wp\/v2\/product_tag?post=60106"}],"curies":[{"name":"wp","href":"https:\/\/api.w.org\/{rel}","templated":true}]}}