{"id":56100,"date":"2023-06-19T18:00:59","date_gmt":"2023-06-19T16:00:59","guid":{"rendered":"https:\/\/shop.torricantine.com\/product\/paar-torri-cantine-store-glas-weinglaser\/"},"modified":"2025-02-06T18:28:54","modified_gmt":"2025-02-06T16:28:54","slug":"paar-torri-cantine-store-glas-weinglaser","status":"publish","type":"product","link":"https:\/\/shop.torricantine.com\/de\/produkt\/paar-torri-cantine-store-glas-weinglaser\/","title":{"rendered":"Paar Torri Cantine Store Glas-Weingl\u00e4ser"},"content":{"rendered":"","protected":false},"excerpt":{"rendered":"<h3><strong>Neue Torri Cantine Store Glas-Weingl\u00e4ser: die perfekte Erg\u00e4nzung f\u00fcr Ihre eleganten Abende.<\/strong><\/h3>\n<p>Diese Gl\u00e4ser zeichnen sich durch ein raffiniertes und einzigartiges Design aus, mit dem pr\u00e4zise gravierten Torri Cantine Store-Logo. Hergestellt aus hochwertigem Glas bieten sie ein \u00fcberlegenes Geschmackserlebnis. Verleihen Sie Ihrem Weinservice mit diesen siebgedruckten Gl\u00e4sern eine stilvolle Note, die Eleganz und Funktionalit\u00e4t vereint. Egal, ob Sie ein formelles Abendessen ausrichten oder einfach nur ein Glas Wein nach einem langen Tag genie\u00dfen, die Torri Cantine Store-Gl\u00e4ser werden die perfekte Wahl sein.<\/p>\n","protected":false},"featured_media":57107,"comment_status":"open","ping_status":"closed","template":"","meta":[],"product_brand":[],"product_cat":[428],"product_tag":[],"class_list":{"0":"post-56100","1":"product","2":"type-product","3":"status-publish","4":"has-post-thumbnail","6":"product_cat-zubehoer","8":"first","9":"outofstock","10":"sale","11":"taxable","12":"shipping-taxable","13":"purchasable","14":"product-type-simple"},"bundled_by":[],"bundle_stock_status":"outofstock","bundle_stock_quantity":null,"bundle_virtual":false,"bundle_layout":"","bundle_add_to_cart_form_location":"","bundle_editable_in_cart":false,"bundle_sold_individually_context":"","bundle_item_grouping":"","bundle_min_size":"","bundle_max_size":"","bundle_price":[],"bundled_items":[],"bundle_sell_ids":[],"yoast_head":"<!-- This site is optimized with the Yoast SEO plugin v27.4 - https:\/\/yoast.com\/product\/yoast-seo-wordpress\/ -->\n<title>Paar Torri Cantine Store Glas-Weingl\u00e4ser - Torri Cantine Store COM<\/title>\n<meta name=\"robots\" content=\"index, follow, max-snippet:-1, max-image-preview:large, max-video-preview:-1\" \/>\n<link rel=\"canonical\" href=\"https:\/\/shop.torricantine.com\/de\/produkt\/paar-torri-cantine-store-glas-weinglaser\/\" \/>\n<meta property=\"og:locale\" content=\"de_DE\" \/>\n<meta property=\"og:type\" content=\"article\" \/>\n<meta property=\"og:title\" content=\"Paar Torri Cantine Store Glas-Weingl\u00e4ser - Torri Cantine Store COM\" \/>\n<meta property=\"og:description\" content=\"Neue Torri Cantine Store Glas-Weingl\u00e4ser: die perfekte Erg\u00e4nzung f\u00fcr Ihre eleganten Abende. Diese Gl\u00e4ser zeichnen sich durch ein raffiniertes und einzigartiges Design aus, mit dem pr\u00e4zise gravierten Torri Cantine Store-Logo. Hergestellt aus hochwertigem Glas bieten sie ein \u00fcberlegenes Geschmackserlebnis. Verleihen Sie Ihrem Weinservice mit diesen siebgedruckten Gl\u00e4sern eine stilvolle Note, die Eleganz und Funktionalit\u00e4t vereint. Egal, ob Sie ein formelles Abendessen ausrichten oder einfach nur ein Glas Wein nach einem langen Tag genie\u00dfen, die Torri Cantine Store-Gl\u00e4ser werden die perfekte Wahl sein.\" \/>\n<meta property=\"og:url\" content=\"https:\/\/shop.torricantine.com\/de\/produkt\/paar-torri-cantine-store-glas-weinglaser\/\" \/>\n<meta property=\"og:site_name\" content=\"Torri Cantine Store COM\" \/>\n<meta property=\"article:modified_time\" content=\"2025-02-06T16:28:54+00:00\" \/>\n<meta property=\"og:image\" content=\"https:\/\/shop.torricantine.com\/wp-content\/uploads\/2023\/06\/SCATOLA3-1.png\" \/>\n\t<meta property=\"og:image:width\" content=\"1152\" \/>\n\t<meta property=\"og:image:height\" content=\"799\" \/>\n\t<meta property=\"og:image:type\" content=\"image\/png\" \/>\n<meta name=\"twitter:card\" content=\"summary_large_image\" \/>\n<meta name=\"twitter:label1\" content=\"Gesch\u00e4tzte Lesezeit\" \/>\n\t<meta name=\"twitter:data1\" content=\"1\u00a0Minute\" \/>\n<script type=\"application\/ld+json\" class=\"yoast-schema-graph\">{\"@context\":\"https:\\\/\\\/schema.org\",\"@graph\":[{\"@type\":\"WebPage\",\"@id\":\"https:\\\/\\\/shop.torricantine.com\\\/de\\\/produkt\\\/paar-torri-cantine-store-glas-weinglaser\\\/\",\"url\":\"https:\\\/\\\/shop.torricantine.com\\\/de\\\/produkt\\\/paar-torri-cantine-store-glas-weinglaser\\\/\",\"name\":\"Paar Torri Cantine Store Glas-Weingl\u00e4ser - Torri Cantine Store COM\",\"isPartOf\":{\"@id\":\"https:\\\/\\\/shop.torricantine.com\\\/de\\\/#website\"},\"primaryImageOfPage\":{\"@id\":\"https:\\\/\\\/shop.torricantine.com\\\/de\\\/produkt\\\/paar-torri-cantine-store-glas-weinglaser\\\/#primaryimage\"},\"image\":{\"@id\":\"https:\\\/\\\/shop.torricantine.com\\\/de\\\/produkt\\\/paar-torri-cantine-store-glas-weinglaser\\\/#primaryimage\"},\"thumbnailUrl\":\"https:\\\/\\\/shop.torricantine.com\\\/wp-content\\\/uploads\\\/2023\\\/06\\\/SCATOLA3-1.png\",\"datePublished\":\"2023-06-19T16:00:59+00:00\",\"dateModified\":\"2025-02-06T16:28:54+00:00\",\"breadcrumb\":{\"@id\":\"https:\\\/\\\/shop.torricantine.com\\\/de\\\/produkt\\\/paar-torri-cantine-store-glas-weinglaser\\\/#breadcrumb\"},\"inLanguage\":\"de\",\"potentialAction\":[{\"@type\":\"ReadAction\",\"target\":[\"https:\\\/\\\/shop.torricantine.com\\\/de\\\/produkt\\\/paar-torri-cantine-store-glas-weinglaser\\\/\"]}]},{\"@type\":\"ImageObject\",\"inLanguage\":\"de\",\"@id\":\"https:\\\/\\\/shop.torricantine.com\\\/de\\\/produkt\\\/paar-torri-cantine-store-glas-weinglaser\\\/#primaryimage\",\"url\":\"https:\\\/\\\/shop.torricantine.com\\\/wp-content\\\/uploads\\\/2023\\\/06\\\/SCATOLA3-1.png\",\"contentUrl\":\"https:\\\/\\\/shop.torricantine.com\\\/wp-content\\\/uploads\\\/2023\\\/06\\\/SCATOLA3-1.png\",\"width\":1152,\"height\":799},{\"@type\":\"BreadcrumbList\",\"@id\":\"https:\\\/\\\/shop.torricantine.com\\\/de\\\/produkt\\\/paar-torri-cantine-store-glas-weinglaser\\\/#breadcrumb\",\"itemListElement\":[{\"@type\":\"ListItem\",\"position\":1,\"name\":\"Home\",\"item\":\"https:\\\/\\\/shop.torricantine.com\\\/de\\\/\"},{\"@type\":\"ListItem\",\"position\":2,\"name\":\"Shop\",\"item\":\"https:\\\/\\\/shop.torricantine.com\\\/de\\\/shop\\\/\"},{\"@type\":\"ListItem\",\"position\":3,\"name\":\"Paar Torri Cantine Store Glas-Weingl\u00e4ser\"}]},{\"@type\":\"WebSite\",\"@id\":\"https:\\\/\\\/shop.torricantine.com\\\/de\\\/#website\",\"url\":\"https:\\\/\\\/shop.torricantine.com\\\/de\\\/\",\"name\":\"Torri Cantine Store COM\",\"description\":\"Online store of our winery in Italy\",\"publisher\":{\"@id\":\"https:\\\/\\\/shop.torricantine.com\\\/de\\\/#organization\"},\"potentialAction\":[{\"@type\":\"SearchAction\",\"target\":{\"@type\":\"EntryPoint\",\"urlTemplate\":\"https:\\\/\\\/shop.torricantine.com\\\/de\\\/?s={search_term_string}\"},\"query-input\":{\"@type\":\"PropertyValueSpecification\",\"valueRequired\":true,\"valueName\":\"search_term_string\"}}],\"inLanguage\":\"de\"},{\"@type\":\"Organization\",\"@id\":\"https:\\\/\\\/shop.torricantine.com\\\/de\\\/#organization\",\"name\":\"Torri Cantine\",\"url\":\"https:\\\/\\\/shop.torricantine.com\\\/de\\\/\",\"logo\":{\"@type\":\"ImageObject\",\"inLanguage\":\"de\",\"@id\":\"https:\\\/\\\/shop.torricantine.com\\\/de\\\/#\\\/schema\\\/logo\\\/image\\\/\",\"url\":\"https:\\\/\\\/shop.torricantine.com\\\/wp-content\\\/uploads\\\/2020\\\/04\\\/torri-store-logo_text.png\",\"contentUrl\":\"https:\\\/\\\/shop.torricantine.com\\\/wp-content\\\/uploads\\\/2020\\\/04\\\/torri-store-logo_text.png\",\"width\":289,\"height\":361,\"caption\":\"Torri Cantine\"},\"image\":{\"@id\":\"https:\\\/\\\/shop.torricantine.com\\\/de\\\/#\\\/schema\\\/logo\\\/image\\\/\"}}]}<\/script>\n<!-- \/ Yoast SEO plugin. -->","yoast_head_json":{"title":"Paar Torri Cantine Store Glas-Weingl\u00e4ser - Torri Cantine Store COM","robots":{"index":"index","follow":"follow","max-snippet":"max-snippet:-1","max-image-preview":"max-image-preview:large","max-video-preview":"max-video-preview:-1"},"canonical":"https:\/\/shop.torricantine.com\/de\/produkt\/paar-torri-cantine-store-glas-weinglaser\/","og_locale":"de_DE","og_type":"article","og_title":"Paar Torri Cantine Store Glas-Weingl\u00e4ser - Torri Cantine Store COM","og_description":"Neue Torri Cantine Store Glas-Weingl\u00e4ser: die perfekte Erg\u00e4nzung f\u00fcr Ihre eleganten Abende. Diese Gl\u00e4ser zeichnen sich durch ein raffiniertes und einzigartiges Design aus, mit dem pr\u00e4zise gravierten Torri Cantine Store-Logo. Hergestellt aus hochwertigem Glas bieten sie ein \u00fcberlegenes Geschmackserlebnis. Verleihen Sie Ihrem Weinservice mit diesen siebgedruckten Gl\u00e4sern eine stilvolle Note, die Eleganz und Funktionalit\u00e4t vereint. Egal, ob Sie ein formelles Abendessen ausrichten oder einfach nur ein Glas Wein nach einem langen Tag genie\u00dfen, die Torri Cantine Store-Gl\u00e4ser werden die perfekte Wahl sein.","og_url":"https:\/\/shop.torricantine.com\/de\/produkt\/paar-torri-cantine-store-glas-weinglaser\/","og_site_name":"Torri Cantine Store COM","article_modified_time":"2025-02-06T16:28:54+00:00","og_image":[{"width":1152,"height":799,"url":"https:\/\/shop.torricantine.com\/wp-content\/uploads\/2023\/06\/SCATOLA3-1.png","type":"image\/png"}],"twitter_card":"summary_large_image","twitter_misc":{"Gesch\u00e4tzte Lesezeit":"1\u00a0Minute"},"schema":{"@context":"https:\/\/schema.org","@graph":[{"@type":"WebPage","@id":"https:\/\/shop.torricantine.com\/de\/produkt\/paar-torri-cantine-store-glas-weinglaser\/","url":"https:\/\/shop.torricantine.com\/de\/produkt\/paar-torri-cantine-store-glas-weinglaser\/","name":"Paar Torri Cantine Store Glas-Weingl\u00e4ser - Torri Cantine Store COM","isPartOf":{"@id":"https:\/\/shop.torricantine.com\/de\/#website"},"primaryImageOfPage":{"@id":"https:\/\/shop.torricantine.com\/de\/produkt\/paar-torri-cantine-store-glas-weinglaser\/#primaryimage"},"image":{"@id":"https:\/\/shop.torricantine.com\/de\/produkt\/paar-torri-cantine-store-glas-weinglaser\/#primaryimage"},"thumbnailUrl":"https:\/\/shop.torricantine.com\/wp-content\/uploads\/2023\/06\/SCATOLA3-1.png","datePublished":"2023-06-19T16:00:59+00:00","dateModified":"2025-02-06T16:28:54+00:00","breadcrumb":{"@id":"https:\/\/shop.torricantine.com\/de\/produkt\/paar-torri-cantine-store-glas-weinglaser\/#breadcrumb"},"inLanguage":"de","potentialAction":[{"@type":"ReadAction","target":["https:\/\/shop.torricantine.com\/de\/produkt\/paar-torri-cantine-store-glas-weinglaser\/"]}]},{"@type":"ImageObject","inLanguage":"de","@id":"https:\/\/shop.torricantine.com\/de\/produkt\/paar-torri-cantine-store-glas-weinglaser\/#primaryimage","url":"https:\/\/shop.torricantine.com\/wp-content\/uploads\/2023\/06\/SCATOLA3-1.png","contentUrl":"https:\/\/shop.torricantine.com\/wp-content\/uploads\/2023\/06\/SCATOLA3-1.png","width":1152,"height":799},{"@type":"BreadcrumbList","@id":"https:\/\/shop.torricantine.com\/de\/produkt\/paar-torri-cantine-store-glas-weinglaser\/#breadcrumb","itemListElement":[{"@type":"ListItem","position":1,"name":"Home","item":"https:\/\/shop.torricantine.com\/de\/"},{"@type":"ListItem","position":2,"name":"Shop","item":"https:\/\/shop.torricantine.com\/de\/shop\/"},{"@type":"ListItem","position":3,"name":"Paar Torri Cantine Store Glas-Weingl\u00e4ser"}]},{"@type":"WebSite","@id":"https:\/\/shop.torricantine.com\/de\/#website","url":"https:\/\/shop.torricantine.com\/de\/","name":"Torri Cantine Store COM","description":"Online store of our winery in Italy","publisher":{"@id":"https:\/\/shop.torricantine.com\/de\/#organization"},"potentialAction":[{"@type":"SearchAction","target":{"@type":"EntryPoint","urlTemplate":"https:\/\/shop.torricantine.com\/de\/?s={search_term_string}"},"query-input":{"@type":"PropertyValueSpecification","valueRequired":true,"valueName":"search_term_string"}}],"inLanguage":"de"},{"@type":"Organization","@id":"https:\/\/shop.torricantine.com\/de\/#organization","name":"Torri Cantine","url":"https:\/\/shop.torricantine.com\/de\/","logo":{"@type":"ImageObject","inLanguage":"de","@id":"https:\/\/shop.torricantine.com\/de\/#\/schema\/logo\/image\/","url":"https:\/\/shop.torricantine.com\/wp-content\/uploads\/2020\/04\/torri-store-logo_text.png","contentUrl":"https:\/\/shop.torricantine.com\/wp-content\/uploads\/2020\/04\/torri-store-logo_text.png","width":289,"height":361,"caption":"Torri Cantine"},"image":{"@id":"https:\/\/shop.torricantine.com\/de\/#\/schema\/logo\/image\/"}}]}},"_links":{"self":[{"href":"https:\/\/shop.torricantine.com\/de\/wp-json\/wp\/v2\/product\/56100","targetHints":{"allow":["GET"]}}],"collection":[{"href":"https:\/\/shop.torricantine.com\/de\/wp-json\/wp\/v2\/product"}],"about":[{"href":"https:\/\/shop.torricantine.com\/de\/wp-json\/wp\/v2\/types\/product"}],"replies":[{"embeddable":true,"href":"https:\/\/shop.torricantine.com\/de\/wp-json\/wp\/v2\/comments?post=56100"}],"wp:featuredmedia":[{"embeddable":true,"href":"https:\/\/shop.torricantine.com\/de\/wp-json\/wp\/v2\/media\/57107"}],"wp:attachment":[{"href":"https:\/\/shop.torricantine.com\/de\/wp-json\/wp\/v2\/media?parent=56100"}],"wp:term":[{"taxonomy":"product_brand","embeddable":true,"href":"https:\/\/shop.torricantine.com\/de\/wp-json\/wp\/v2\/product_brand?post=56100"},{"taxonomy":"product_cat","embeddable":true,"href":"https:\/\/shop.torricantine.com\/de\/wp-json\/wp\/v2\/product_cat?post=56100"},{"taxonomy":"product_tag","embeddable":true,"href":"https:\/\/shop.torricantine.com\/de\/wp-json\/wp\/v2\/product_tag?post=56100"}],"curies":[{"name":"wp","href":"https:\/\/api.w.org\/{rel}","templated":true}]}}