{"id":47734,"date":"2022-08-03T16:30:45","date_gmt":"2022-08-03T14:30:45","guid":{"rendered":"https:\/\/shop.torricantine.com\/?post_type=product&#038;p=47734"},"modified":"2026-05-06T03:02:44","modified_gmt":"2026-05-06T01:02:44","slug":"with-love-fornacella-arrosticini-montepulciano-dabruzzo-doc-075l","status":"publish","type":"product","link":"https:\/\/shop.torricantine.com\/de\/produkt\/with-love-fornacella-arrosticini-montepulciano-dabruzzo-doc-075l\/","title":{"rendered":"With Love &#8211; Fornacella &#038; Arrosticini &#8211; Montepulciano d&#8217;Abruzzo DOC 0,75L"},"content":{"rendered":"","protected":false},"excerpt":{"rendered":"<h1><strong>Fornacella &amp; Arrosticini &#8211; Montepulciano d&#8217;Abruzzo DOC<\/strong><\/h1>\n<p>Das erste Mal in den Abruzzen?<\/p>\n<p>Dieses Etikett veranschaulicht, wie man unsere Tradition in vollen Z\u00fcgen genie\u00dfen kann: man trinkt Montepulciano, den K\u00f6nig der abruzzesischen Rotweine, und isst dazu die ber\u00fchmten Arrosticini (Schafsfleisch-Spie\u00dfe), die ausschlie\u00dflich auf der \u201efornacella\u201c, einem besonderen Grill, zubereitet werden. Eine intensive rubinrote Farbe, Geschmacksnoten von roter Marmelade aus Himbeeren und Heidelbeeren entfalten ihr Aroma in Mund und Nase.<\/p>\n","protected":false},"featured_media":56579,"comment_status":"open","ping_status":"closed","template":"","meta":[],"product_brand":[],"product_cat":[173,439,177,175,456],"product_tag":[],"class_list":{"0":"post-47734","1":"product","2":"type-product","3":"status-publish","4":"has-post-thumbnail","6":"product_cat-biologische","7":"product_cat-flaschen","8":"product_cat-rotweine","9":"product_cat-torri-cantine-de","10":"product_cat-with-love-collection","11":"product_shipping_class-bottiglie","13":"first","14":"instock","15":"taxable","16":"shipping-taxable","17":"purchasable","18":"product-type-simple"},"bundled_by":["48415","50450"],"bundle_stock_status":"instock","bundle_stock_quantity":null,"bundle_virtual":false,"bundle_layout":"","bundle_add_to_cart_form_location":"","bundle_editable_in_cart":false,"bundle_sold_individually_context":"","bundle_item_grouping":"","bundle_min_size":"","bundle_max_size":"","bundle_price":[],"bundled_items":[],"bundle_sell_ids":[],"yoast_head":"<!-- This site is optimized with the Yoast SEO plugin v27.5 - https:\/\/yoast.com\/product\/yoast-seo-wordpress\/ -->\n<title>With Love - Fornacella &amp; Arrosticini - Montepulciano d&#039;Abruzzo DOC 0,75L - Torri Cantine Store COM<\/title>\n<meta name=\"robots\" content=\"index, follow, max-snippet:-1, max-image-preview:large, max-video-preview:-1\" \/>\n<link rel=\"canonical\" href=\"https:\/\/shop.torricantine.com\/de\/produkt\/with-love-fornacella-arrosticini-montepulciano-dabruzzo-doc-075l\/\" \/>\n<meta property=\"og:locale\" content=\"de_DE\" \/>\n<meta property=\"og:type\" content=\"article\" \/>\n<meta property=\"og:title\" content=\"With Love - Fornacella &amp; Arrosticini - Montepulciano d&#039;Abruzzo DOC 0,75L - Torri Cantine Store COM\" \/>\n<meta property=\"og:description\" content=\"Fornacella &amp; Arrosticini - Montepulciano d&#039;Abruzzo DOC Das erste Mal in den Abruzzen?  Dieses Etikett veranschaulicht, wie man unsere Tradition in vollen Z\u00fcgen genie\u00dfen kann: man trinkt Montepulciano, den K\u00f6nig der abruzzesischen Rotweine, und isst dazu die ber\u00fchmten Arrosticini (Schafsfleisch-Spie\u00dfe), die ausschlie\u00dflich auf der \u201efornacella\u201c, einem besonderen Grill, zubereitet werden. Eine intensive rubinrote Farbe, Geschmacksnoten von roter Marmelade aus Himbeeren und Heidelbeeren entfalten ihr Aroma in Mund und Nase.\" \/>\n<meta property=\"og:url\" content=\"https:\/\/shop.torricantine.com\/de\/produkt\/with-love-fornacella-arrosticini-montepulciano-dabruzzo-doc-075l\/\" \/>\n<meta property=\"og:site_name\" content=\"Torri Cantine Store COM\" \/>\n<meta property=\"article:modified_time\" content=\"2026-05-06T01:02:44+00:00\" \/>\n<meta property=\"og:image\" content=\"https:\/\/shop.torricantine.com\/wp-content\/uploads\/2022\/08\/WL_mda-1.png\" \/>\n\t<meta property=\"og:image:width\" content=\"206\" \/>\n\t<meta property=\"og:image:height\" content=\"801\" \/>\n\t<meta property=\"og:image:type\" content=\"image\/png\" \/>\n<meta name=\"twitter:card\" content=\"summary_large_image\" \/>\n<meta name=\"twitter:label1\" content=\"Gesch\u00e4tzte Lesezeit\" \/>\n\t<meta name=\"twitter:data1\" content=\"1\u00a0Minute\" \/>\n<script type=\"application\/ld+json\" class=\"yoast-schema-graph\">{\"@context\":\"https:\\\/\\\/schema.org\",\"@graph\":[{\"@type\":\"WebPage\",\"@id\":\"https:\\\/\\\/shop.torricantine.com\\\/de\\\/produkt\\\/with-love-fornacella-arrosticini-montepulciano-dabruzzo-doc-075l\\\/\",\"url\":\"https:\\\/\\\/shop.torricantine.com\\\/de\\\/produkt\\\/with-love-fornacella-arrosticini-montepulciano-dabruzzo-doc-075l\\\/\",\"name\":\"With Love - Fornacella & Arrosticini - Montepulciano d'Abruzzo DOC 0,75L - Torri Cantine Store COM\",\"isPartOf\":{\"@id\":\"https:\\\/\\\/shop.torricantine.com\\\/de\\\/#website\"},\"primaryImageOfPage\":{\"@id\":\"https:\\\/\\\/shop.torricantine.com\\\/de\\\/produkt\\\/with-love-fornacella-arrosticini-montepulciano-dabruzzo-doc-075l\\\/#primaryimage\"},\"image\":{\"@id\":\"https:\\\/\\\/shop.torricantine.com\\\/de\\\/produkt\\\/with-love-fornacella-arrosticini-montepulciano-dabruzzo-doc-075l\\\/#primaryimage\"},\"thumbnailUrl\":\"https:\\\/\\\/shop.torricantine.com\\\/wp-content\\\/uploads\\\/2022\\\/08\\\/WL_mda-1.png\",\"datePublished\":\"2022-08-03T14:30:45+00:00\",\"dateModified\":\"2026-05-06T01:02:44+00:00\",\"breadcrumb\":{\"@id\":\"https:\\\/\\\/shop.torricantine.com\\\/de\\\/produkt\\\/with-love-fornacella-arrosticini-montepulciano-dabruzzo-doc-075l\\\/#breadcrumb\"},\"inLanguage\":\"de\",\"potentialAction\":[{\"@type\":\"ReadAction\",\"target\":[\"https:\\\/\\\/shop.torricantine.com\\\/de\\\/produkt\\\/with-love-fornacella-arrosticini-montepulciano-dabruzzo-doc-075l\\\/\"]}]},{\"@type\":\"ImageObject\",\"inLanguage\":\"de\",\"@id\":\"https:\\\/\\\/shop.torricantine.com\\\/de\\\/produkt\\\/with-love-fornacella-arrosticini-montepulciano-dabruzzo-doc-075l\\\/#primaryimage\",\"url\":\"https:\\\/\\\/shop.torricantine.com\\\/wp-content\\\/uploads\\\/2022\\\/08\\\/WL_mda-1.png\",\"contentUrl\":\"https:\\\/\\\/shop.torricantine.com\\\/wp-content\\\/uploads\\\/2022\\\/08\\\/WL_mda-1.png\",\"width\":206,\"height\":801},{\"@type\":\"BreadcrumbList\",\"@id\":\"https:\\\/\\\/shop.torricantine.com\\\/de\\\/produkt\\\/with-love-fornacella-arrosticini-montepulciano-dabruzzo-doc-075l\\\/#breadcrumb\",\"itemListElement\":[{\"@type\":\"ListItem\",\"position\":1,\"name\":\"Home\",\"item\":\"https:\\\/\\\/shop.torricantine.com\\\/de\\\/\"},{\"@type\":\"ListItem\",\"position\":2,\"name\":\"Shop\",\"item\":\"https:\\\/\\\/shop.torricantine.com\\\/de\\\/shop\\\/\"},{\"@type\":\"ListItem\",\"position\":3,\"name\":\"With Love &#8211; Fornacella &#038; Arrosticini &#8211; Montepulciano d&#8217;Abruzzo DOC 0,75L\"}]},{\"@type\":\"WebSite\",\"@id\":\"https:\\\/\\\/shop.torricantine.com\\\/de\\\/#website\",\"url\":\"https:\\\/\\\/shop.torricantine.com\\\/de\\\/\",\"name\":\"Torri Cantine Store COM\",\"description\":\"Online store of our winery in Italy\",\"publisher\":{\"@id\":\"https:\\\/\\\/shop.torricantine.com\\\/de\\\/#organization\"},\"potentialAction\":[{\"@type\":\"SearchAction\",\"target\":{\"@type\":\"EntryPoint\",\"urlTemplate\":\"https:\\\/\\\/shop.torricantine.com\\\/de\\\/?s={search_term_string}\"},\"query-input\":{\"@type\":\"PropertyValueSpecification\",\"valueRequired\":true,\"valueName\":\"search_term_string\"}}],\"inLanguage\":\"de\"},{\"@type\":\"Organization\",\"@id\":\"https:\\\/\\\/shop.torricantine.com\\\/de\\\/#organization\",\"name\":\"Torri Cantine\",\"url\":\"https:\\\/\\\/shop.torricantine.com\\\/de\\\/\",\"logo\":{\"@type\":\"ImageObject\",\"inLanguage\":\"de\",\"@id\":\"https:\\\/\\\/shop.torricantine.com\\\/de\\\/#\\\/schema\\\/logo\\\/image\\\/\",\"url\":\"https:\\\/\\\/shop.torricantine.com\\\/wp-content\\\/uploads\\\/2020\\\/04\\\/torri-store-logo_text.png\",\"contentUrl\":\"https:\\\/\\\/shop.torricantine.com\\\/wp-content\\\/uploads\\\/2020\\\/04\\\/torri-store-logo_text.png\",\"width\":289,\"height\":361,\"caption\":\"Torri Cantine\"},\"image\":{\"@id\":\"https:\\\/\\\/shop.torricantine.com\\\/de\\\/#\\\/schema\\\/logo\\\/image\\\/\"}}]}<\/script>\n<!-- \/ Yoast SEO plugin. -->","yoast_head_json":{"title":"With Love - Fornacella & Arrosticini - Montepulciano d'Abruzzo DOC 0,75L - Torri Cantine Store COM","robots":{"index":"index","follow":"follow","max-snippet":"max-snippet:-1","max-image-preview":"max-image-preview:large","max-video-preview":"max-video-preview:-1"},"canonical":"https:\/\/shop.torricantine.com\/de\/produkt\/with-love-fornacella-arrosticini-montepulciano-dabruzzo-doc-075l\/","og_locale":"de_DE","og_type":"article","og_title":"With Love - Fornacella & Arrosticini - Montepulciano d'Abruzzo DOC 0,75L - Torri Cantine Store COM","og_description":"Fornacella &amp; Arrosticini - Montepulciano d'Abruzzo DOC Das erste Mal in den Abruzzen?  Dieses Etikett veranschaulicht, wie man unsere Tradition in vollen Z\u00fcgen genie\u00dfen kann: man trinkt Montepulciano, den K\u00f6nig der abruzzesischen Rotweine, und isst dazu die ber\u00fchmten Arrosticini (Schafsfleisch-Spie\u00dfe), die ausschlie\u00dflich auf der \u201efornacella\u201c, einem besonderen Grill, zubereitet werden. Eine intensive rubinrote Farbe, Geschmacksnoten von roter Marmelade aus Himbeeren und Heidelbeeren entfalten ihr Aroma in Mund und Nase.","og_url":"https:\/\/shop.torricantine.com\/de\/produkt\/with-love-fornacella-arrosticini-montepulciano-dabruzzo-doc-075l\/","og_site_name":"Torri Cantine Store COM","article_modified_time":"2026-05-06T01:02:44+00:00","og_image":[{"width":206,"height":801,"url":"https:\/\/shop.torricantine.com\/wp-content\/uploads\/2022\/08\/WL_mda-1.png","type":"image\/png"}],"twitter_card":"summary_large_image","twitter_misc":{"Gesch\u00e4tzte Lesezeit":"1\u00a0Minute"},"schema":{"@context":"https:\/\/schema.org","@graph":[{"@type":"WebPage","@id":"https:\/\/shop.torricantine.com\/de\/produkt\/with-love-fornacella-arrosticini-montepulciano-dabruzzo-doc-075l\/","url":"https:\/\/shop.torricantine.com\/de\/produkt\/with-love-fornacella-arrosticini-montepulciano-dabruzzo-doc-075l\/","name":"With Love - Fornacella & Arrosticini - Montepulciano d'Abruzzo DOC 0,75L - Torri Cantine Store COM","isPartOf":{"@id":"https:\/\/shop.torricantine.com\/de\/#website"},"primaryImageOfPage":{"@id":"https:\/\/shop.torricantine.com\/de\/produkt\/with-love-fornacella-arrosticini-montepulciano-dabruzzo-doc-075l\/#primaryimage"},"image":{"@id":"https:\/\/shop.torricantine.com\/de\/produkt\/with-love-fornacella-arrosticini-montepulciano-dabruzzo-doc-075l\/#primaryimage"},"thumbnailUrl":"https:\/\/shop.torricantine.com\/wp-content\/uploads\/2022\/08\/WL_mda-1.png","datePublished":"2022-08-03T14:30:45+00:00","dateModified":"2026-05-06T01:02:44+00:00","breadcrumb":{"@id":"https:\/\/shop.torricantine.com\/de\/produkt\/with-love-fornacella-arrosticini-montepulciano-dabruzzo-doc-075l\/#breadcrumb"},"inLanguage":"de","potentialAction":[{"@type":"ReadAction","target":["https:\/\/shop.torricantine.com\/de\/produkt\/with-love-fornacella-arrosticini-montepulciano-dabruzzo-doc-075l\/"]}]},{"@type":"ImageObject","inLanguage":"de","@id":"https:\/\/shop.torricantine.com\/de\/produkt\/with-love-fornacella-arrosticini-montepulciano-dabruzzo-doc-075l\/#primaryimage","url":"https:\/\/shop.torricantine.com\/wp-content\/uploads\/2022\/08\/WL_mda-1.png","contentUrl":"https:\/\/shop.torricantine.com\/wp-content\/uploads\/2022\/08\/WL_mda-1.png","width":206,"height":801},{"@type":"BreadcrumbList","@id":"https:\/\/shop.torricantine.com\/de\/produkt\/with-love-fornacella-arrosticini-montepulciano-dabruzzo-doc-075l\/#breadcrumb","itemListElement":[{"@type":"ListItem","position":1,"name":"Home","item":"https:\/\/shop.torricantine.com\/de\/"},{"@type":"ListItem","position":2,"name":"Shop","item":"https:\/\/shop.torricantine.com\/de\/shop\/"},{"@type":"ListItem","position":3,"name":"With Love &#8211; Fornacella &#038; Arrosticini &#8211; Montepulciano d&#8217;Abruzzo DOC 0,75L"}]},{"@type":"WebSite","@id":"https:\/\/shop.torricantine.com\/de\/#website","url":"https:\/\/shop.torricantine.com\/de\/","name":"Torri Cantine Store COM","description":"Online store of our winery in Italy","publisher":{"@id":"https:\/\/shop.torricantine.com\/de\/#organization"},"potentialAction":[{"@type":"SearchAction","target":{"@type":"EntryPoint","urlTemplate":"https:\/\/shop.torricantine.com\/de\/?s={search_term_string}"},"query-input":{"@type":"PropertyValueSpecification","valueRequired":true,"valueName":"search_term_string"}}],"inLanguage":"de"},{"@type":"Organization","@id":"https:\/\/shop.torricantine.com\/de\/#organization","name":"Torri Cantine","url":"https:\/\/shop.torricantine.com\/de\/","logo":{"@type":"ImageObject","inLanguage":"de","@id":"https:\/\/shop.torricantine.com\/de\/#\/schema\/logo\/image\/","url":"https:\/\/shop.torricantine.com\/wp-content\/uploads\/2020\/04\/torri-store-logo_text.png","contentUrl":"https:\/\/shop.torricantine.com\/wp-content\/uploads\/2020\/04\/torri-store-logo_text.png","width":289,"height":361,"caption":"Torri Cantine"},"image":{"@id":"https:\/\/shop.torricantine.com\/de\/#\/schema\/logo\/image\/"}}]}},"_links":{"self":[{"href":"https:\/\/shop.torricantine.com\/de\/wp-json\/wp\/v2\/product\/47734","targetHints":{"allow":["GET"]}}],"collection":[{"href":"https:\/\/shop.torricantine.com\/de\/wp-json\/wp\/v2\/product"}],"about":[{"href":"https:\/\/shop.torricantine.com\/de\/wp-json\/wp\/v2\/types\/product"}],"replies":[{"embeddable":true,"href":"https:\/\/shop.torricantine.com\/de\/wp-json\/wp\/v2\/comments?post=47734"}],"wp:featuredmedia":[{"embeddable":true,"href":"https:\/\/shop.torricantine.com\/de\/wp-json\/wp\/v2\/media\/56579"}],"wp:attachment":[{"href":"https:\/\/shop.torricantine.com\/de\/wp-json\/wp\/v2\/media?parent=47734"}],"wp:term":[{"taxonomy":"product_brand","embeddable":true,"href":"https:\/\/shop.torricantine.com\/de\/wp-json\/wp\/v2\/product_brand?post=47734"},{"taxonomy":"product_cat","embeddable":true,"href":"https:\/\/shop.torricantine.com\/de\/wp-json\/wp\/v2\/product_cat?post=47734"},{"taxonomy":"product_tag","embeddable":true,"href":"https:\/\/shop.torricantine.com\/de\/wp-json\/wp\/v2\/product_tag?post=47734"}],"curies":[{"name":"wp","href":"https:\/\/api.w.org\/{rel}","templated":true}]}}