{"id":41974,"date":"2022-01-26T16:57:43","date_gmt":"2022-01-26T14:57:43","guid":{"rendered":"https:\/\/shop.torricantine.com\/product\/natives-olivenol-je-2l-von-torri-cantine\/"},"modified":"2025-02-06T18:38:57","modified_gmt":"2025-02-06T16:38:57","slug":"natives-olivenol-je-2l-von-torri-cantine","status":"publish","type":"product","link":"https:\/\/shop.torricantine.com\/de\/produkt\/natives-olivenol-je-2l-von-torri-cantine\/","title":{"rendered":"Natives Oliven\u00f6l je 2L von Torri Cantine"},"content":{"rendered":"","protected":false},"excerpt":{"rendered":"<h2>2L Natives Oliven\u00f6l von Torri Cantine<\/h2>\n<h3>Die perfekte Zutat, um die Aromen Ihrer Gerichte zu erg\u00e4nzen.<\/h3>\n<p>100% italienisches Oliven\u00f6l, das direkt aus der Kaltpressung von Oliven und ausschlie\u00dflich durch mechanische Verfahren gewonnen wird.<\/p>\n<p>Die manuelle Ernte der Oliven und ihre Verarbeitung erm\u00f6glichen es uns, ein aromareiches \u00d6l mit einer intensiven Farbe und einem niedrigen S\u00e4uregehalt zu erhalten, das sich perfekt f\u00fcr die unterschiedlichsten Rezepte eignet, sowohl roh als auch leicht gekocht.<\/p>\n<p><strong>Farbe:<\/strong> intensives Gr\u00fcn.<br \/>\n<strong>Nase:<\/strong> fruchtig, voll, nach frischem Gras mit einem Hauch von Artischocke und Tomate.<br \/>\n<strong>Gaumen:<\/strong> Dank der erheblichen Menge an Polyphenolen und Vitamin E, hat er fruchtige Noten mit einer ausgewogenen Balance zwischen w\u00fcrzig und bitter.<\/p>\n<p>Hervorragend roh, sowohl wie f\u00fcr das Vorbereiten von Gerichten. Sehr zart und besonders geeignet f\u00fcr die mediterrane K\u00fcche.<\/p>\n","protected":false},"featured_media":56631,"comment_status":"open","ping_status":"closed","template":"","meta":[],"product_brand":[],"product_cat":[348],"product_tag":[],"class_list":{"0":"post-41974","1":"product","2":"type-product","3":"status-publish","4":"has-post-thumbnail","6":"product_cat-natives-olivenoel","8":"first","9":"outofstock","10":"taxable","11":"shipping-taxable","12":"purchasable","13":"product-type-simple"},"bundled_by":[],"bundle_stock_status":"outofstock","bundle_stock_quantity":null,"bundle_virtual":false,"bundle_layout":"","bundle_add_to_cart_form_location":"","bundle_editable_in_cart":false,"bundle_sold_individually_context":"","bundle_item_grouping":"","bundle_min_size":"","bundle_max_size":"","bundle_price":[],"bundled_items":[],"bundle_sell_ids":[],"yoast_head":"<!-- This site is optimized with the Yoast SEO plugin v27.5 - https:\/\/yoast.com\/product\/yoast-seo-wordpress\/ -->\n<title>Natives Oliven\u00f6l je 2L von Torri Cantine - Torri Cantine Store COM<\/title>\n<meta name=\"robots\" content=\"index, follow, max-snippet:-1, max-image-preview:large, max-video-preview:-1\" \/>\n<link rel=\"canonical\" href=\"https:\/\/shop.torricantine.com\/de\/produkt\/natives-olivenol-je-2l-von-torri-cantine\/\" \/>\n<meta property=\"og:locale\" content=\"de_DE\" \/>\n<meta property=\"og:type\" content=\"article\" \/>\n<meta property=\"og:title\" content=\"Natives Oliven\u00f6l je 2L von Torri Cantine - Torri Cantine Store COM\" \/>\n<meta property=\"og:description\" content=\"2L Natives Oliven\u00f6l von Torri Cantine Die perfekte Zutat, um die Aromen Ihrer Gerichte zu erg\u00e4nzen. 100% italienisches Oliven\u00f6l, das direkt aus der Kaltpressung von Oliven und ausschlie\u00dflich durch mechanische Verfahren gewonnen wird.  Die manuelle Ernte der Oliven und ihre Verarbeitung erm\u00f6glichen es uns, ein aromareiches \u00d6l mit einer intensiven Farbe und einem niedrigen S\u00e4uregehalt zu erhalten, das sich perfekt f\u00fcr die unterschiedlichsten Rezepte eignet, sowohl roh als auch leicht gekocht.  Farbe: intensives Gr\u00fcn. Nase: fruchtig, voll, nach frischem Gras mit einem Hauch von Artischocke und Tomate. Gaumen: Dank der erheblichen Menge an Polyphenolen und Vitamin E, hat er fruchtige Noten mit einer ausgewogenen Balance zwischen w\u00fcrzig und bitter.  Hervorragend roh, sowohl wie f\u00fcr das Vorbereiten von Gerichten. Sehr zart und besonders geeignet f\u00fcr die mediterrane K\u00fcche.\" \/>\n<meta property=\"og:url\" content=\"https:\/\/shop.torricantine.com\/de\/produkt\/natives-olivenol-je-2l-von-torri-cantine\/\" \/>\n<meta property=\"og:site_name\" content=\"Torri Cantine Store COM\" \/>\n<meta property=\"article:modified_time\" content=\"2025-02-06T16:38:57+00:00\" \/>\n<meta name=\"twitter:card\" content=\"summary_large_image\" \/>\n<script type=\"application\/ld+json\" class=\"yoast-schema-graph\">{\"@context\":\"https:\\\/\\\/schema.org\",\"@graph\":[{\"@type\":\"WebPage\",\"@id\":\"https:\\\/\\\/shop.torricantine.com\\\/de\\\/produkt\\\/natives-olivenol-je-2l-von-torri-cantine\\\/\",\"url\":\"https:\\\/\\\/shop.torricantine.com\\\/de\\\/produkt\\\/natives-olivenol-je-2l-von-torri-cantine\\\/\",\"name\":\"Natives Oliven\u00f6l je 2L von Torri Cantine - Torri Cantine Store COM\",\"isPartOf\":{\"@id\":\"https:\\\/\\\/shop.torricantine.com\\\/de\\\/#website\"},\"primaryImageOfPage\":{\"@id\":\"https:\\\/\\\/shop.torricantine.com\\\/de\\\/produkt\\\/natives-olivenol-je-2l-von-torri-cantine\\\/#primaryimage\"},\"image\":{\"@id\":\"https:\\\/\\\/shop.torricantine.com\\\/de\\\/produkt\\\/natives-olivenol-je-2l-von-torri-cantine\\\/#primaryimage\"},\"thumbnailUrl\":\"https:\\\/\\\/shop.torricantine.com\\\/wp-content\\\/uploads\\\/2022\\\/01\\\/OLIO_bib_2L.png\",\"datePublished\":\"2022-01-26T14:57:43+00:00\",\"dateModified\":\"2025-02-06T16:38:57+00:00\",\"breadcrumb\":{\"@id\":\"https:\\\/\\\/shop.torricantine.com\\\/de\\\/produkt\\\/natives-olivenol-je-2l-von-torri-cantine\\\/#breadcrumb\"},\"inLanguage\":\"de\",\"potentialAction\":[{\"@type\":\"ReadAction\",\"target\":[\"https:\\\/\\\/shop.torricantine.com\\\/de\\\/produkt\\\/natives-olivenol-je-2l-von-torri-cantine\\\/\"]}]},{\"@type\":\"ImageObject\",\"inLanguage\":\"de\",\"@id\":\"https:\\\/\\\/shop.torricantine.com\\\/de\\\/produkt\\\/natives-olivenol-je-2l-von-torri-cantine\\\/#primaryimage\",\"url\":\"https:\\\/\\\/shop.torricantine.com\\\/wp-content\\\/uploads\\\/2022\\\/01\\\/OLIO_bib_2L.png\",\"contentUrl\":\"https:\\\/\\\/shop.torricantine.com\\\/wp-content\\\/uploads\\\/2022\\\/01\\\/OLIO_bib_2L.png\",\"width\":612,\"height\":800},{\"@type\":\"BreadcrumbList\",\"@id\":\"https:\\\/\\\/shop.torricantine.com\\\/de\\\/produkt\\\/natives-olivenol-je-2l-von-torri-cantine\\\/#breadcrumb\",\"itemListElement\":[{\"@type\":\"ListItem\",\"position\":1,\"name\":\"Home\",\"item\":\"https:\\\/\\\/shop.torricantine.com\\\/de\\\/\"},{\"@type\":\"ListItem\",\"position\":2,\"name\":\"Shop\",\"item\":\"https:\\\/\\\/shop.torricantine.com\\\/de\\\/shop\\\/\"},{\"@type\":\"ListItem\",\"position\":3,\"name\":\"Natives Oliven\u00f6l je 2L von Torri Cantine\"}]},{\"@type\":\"WebSite\",\"@id\":\"https:\\\/\\\/shop.torricantine.com\\\/de\\\/#website\",\"url\":\"https:\\\/\\\/shop.torricantine.com\\\/de\\\/\",\"name\":\"Torri Cantine Store COM\",\"description\":\"Online store of our winery in Italy\",\"publisher\":{\"@id\":\"https:\\\/\\\/shop.torricantine.com\\\/de\\\/#organization\"},\"potentialAction\":[{\"@type\":\"SearchAction\",\"target\":{\"@type\":\"EntryPoint\",\"urlTemplate\":\"https:\\\/\\\/shop.torricantine.com\\\/de\\\/?s={search_term_string}\"},\"query-input\":{\"@type\":\"PropertyValueSpecification\",\"valueRequired\":true,\"valueName\":\"search_term_string\"}}],\"inLanguage\":\"de\"},{\"@type\":\"Organization\",\"@id\":\"https:\\\/\\\/shop.torricantine.com\\\/de\\\/#organization\",\"name\":\"Torri Cantine\",\"url\":\"https:\\\/\\\/shop.torricantine.com\\\/de\\\/\",\"logo\":{\"@type\":\"ImageObject\",\"inLanguage\":\"de\",\"@id\":\"https:\\\/\\\/shop.torricantine.com\\\/de\\\/#\\\/schema\\\/logo\\\/image\\\/\",\"url\":\"https:\\\/\\\/shop.torricantine.com\\\/wp-content\\\/uploads\\\/2020\\\/04\\\/torri-store-logo_text.png\",\"contentUrl\":\"https:\\\/\\\/shop.torricantine.com\\\/wp-content\\\/uploads\\\/2020\\\/04\\\/torri-store-logo_text.png\",\"width\":289,\"height\":361,\"caption\":\"Torri Cantine\"},\"image\":{\"@id\":\"https:\\\/\\\/shop.torricantine.com\\\/de\\\/#\\\/schema\\\/logo\\\/image\\\/\"}}]}<\/script>\n<!-- \/ Yoast SEO plugin. -->","yoast_head_json":{"title":"Natives Oliven\u00f6l je 2L von Torri Cantine - Torri Cantine Store COM","robots":{"index":"index","follow":"follow","max-snippet":"max-snippet:-1","max-image-preview":"max-image-preview:large","max-video-preview":"max-video-preview:-1"},"canonical":"https:\/\/shop.torricantine.com\/de\/produkt\/natives-olivenol-je-2l-von-torri-cantine\/","og_locale":"de_DE","og_type":"article","og_title":"Natives Oliven\u00f6l je 2L von Torri Cantine - Torri Cantine Store COM","og_description":"2L Natives Oliven\u00f6l von Torri Cantine Die perfekte Zutat, um die Aromen Ihrer Gerichte zu erg\u00e4nzen. 100% italienisches Oliven\u00f6l, das direkt aus der Kaltpressung von Oliven und ausschlie\u00dflich durch mechanische Verfahren gewonnen wird.  Die manuelle Ernte der Oliven und ihre Verarbeitung erm\u00f6glichen es uns, ein aromareiches \u00d6l mit einer intensiven Farbe und einem niedrigen S\u00e4uregehalt zu erhalten, das sich perfekt f\u00fcr die unterschiedlichsten Rezepte eignet, sowohl roh als auch leicht gekocht.  Farbe: intensives Gr\u00fcn. Nase: fruchtig, voll, nach frischem Gras mit einem Hauch von Artischocke und Tomate. Gaumen: Dank der erheblichen Menge an Polyphenolen und Vitamin E, hat er fruchtige Noten mit einer ausgewogenen Balance zwischen w\u00fcrzig und bitter.  Hervorragend roh, sowohl wie f\u00fcr das Vorbereiten von Gerichten. Sehr zart und besonders geeignet f\u00fcr die mediterrane K\u00fcche.","og_url":"https:\/\/shop.torricantine.com\/de\/produkt\/natives-olivenol-je-2l-von-torri-cantine\/","og_site_name":"Torri Cantine Store COM","article_modified_time":"2025-02-06T16:38:57+00:00","twitter_card":"summary_large_image","schema":{"@context":"https:\/\/schema.org","@graph":[{"@type":"WebPage","@id":"https:\/\/shop.torricantine.com\/de\/produkt\/natives-olivenol-je-2l-von-torri-cantine\/","url":"https:\/\/shop.torricantine.com\/de\/produkt\/natives-olivenol-je-2l-von-torri-cantine\/","name":"Natives Oliven\u00f6l je 2L von Torri Cantine - Torri Cantine Store COM","isPartOf":{"@id":"https:\/\/shop.torricantine.com\/de\/#website"},"primaryImageOfPage":{"@id":"https:\/\/shop.torricantine.com\/de\/produkt\/natives-olivenol-je-2l-von-torri-cantine\/#primaryimage"},"image":{"@id":"https:\/\/shop.torricantine.com\/de\/produkt\/natives-olivenol-je-2l-von-torri-cantine\/#primaryimage"},"thumbnailUrl":"https:\/\/shop.torricantine.com\/wp-content\/uploads\/2022\/01\/OLIO_bib_2L.png","datePublished":"2022-01-26T14:57:43+00:00","dateModified":"2025-02-06T16:38:57+00:00","breadcrumb":{"@id":"https:\/\/shop.torricantine.com\/de\/produkt\/natives-olivenol-je-2l-von-torri-cantine\/#breadcrumb"},"inLanguage":"de","potentialAction":[{"@type":"ReadAction","target":["https:\/\/shop.torricantine.com\/de\/produkt\/natives-olivenol-je-2l-von-torri-cantine\/"]}]},{"@type":"ImageObject","inLanguage":"de","@id":"https:\/\/shop.torricantine.com\/de\/produkt\/natives-olivenol-je-2l-von-torri-cantine\/#primaryimage","url":"https:\/\/shop.torricantine.com\/wp-content\/uploads\/2022\/01\/OLIO_bib_2L.png","contentUrl":"https:\/\/shop.torricantine.com\/wp-content\/uploads\/2022\/01\/OLIO_bib_2L.png","width":612,"height":800},{"@type":"BreadcrumbList","@id":"https:\/\/shop.torricantine.com\/de\/produkt\/natives-olivenol-je-2l-von-torri-cantine\/#breadcrumb","itemListElement":[{"@type":"ListItem","position":1,"name":"Home","item":"https:\/\/shop.torricantine.com\/de\/"},{"@type":"ListItem","position":2,"name":"Shop","item":"https:\/\/shop.torricantine.com\/de\/shop\/"},{"@type":"ListItem","position":3,"name":"Natives Oliven\u00f6l je 2L von Torri Cantine"}]},{"@type":"WebSite","@id":"https:\/\/shop.torricantine.com\/de\/#website","url":"https:\/\/shop.torricantine.com\/de\/","name":"Torri Cantine Store COM","description":"Online store of our winery in Italy","publisher":{"@id":"https:\/\/shop.torricantine.com\/de\/#organization"},"potentialAction":[{"@type":"SearchAction","target":{"@type":"EntryPoint","urlTemplate":"https:\/\/shop.torricantine.com\/de\/?s={search_term_string}"},"query-input":{"@type":"PropertyValueSpecification","valueRequired":true,"valueName":"search_term_string"}}],"inLanguage":"de"},{"@type":"Organization","@id":"https:\/\/shop.torricantine.com\/de\/#organization","name":"Torri Cantine","url":"https:\/\/shop.torricantine.com\/de\/","logo":{"@type":"ImageObject","inLanguage":"de","@id":"https:\/\/shop.torricantine.com\/de\/#\/schema\/logo\/image\/","url":"https:\/\/shop.torricantine.com\/wp-content\/uploads\/2020\/04\/torri-store-logo_text.png","contentUrl":"https:\/\/shop.torricantine.com\/wp-content\/uploads\/2020\/04\/torri-store-logo_text.png","width":289,"height":361,"caption":"Torri Cantine"},"image":{"@id":"https:\/\/shop.torricantine.com\/de\/#\/schema\/logo\/image\/"}}]}},"_links":{"self":[{"href":"https:\/\/shop.torricantine.com\/de\/wp-json\/wp\/v2\/product\/41974","targetHints":{"allow":["GET"]}}],"collection":[{"href":"https:\/\/shop.torricantine.com\/de\/wp-json\/wp\/v2\/product"}],"about":[{"href":"https:\/\/shop.torricantine.com\/de\/wp-json\/wp\/v2\/types\/product"}],"replies":[{"embeddable":true,"href":"https:\/\/shop.torricantine.com\/de\/wp-json\/wp\/v2\/comments?post=41974"}],"wp:featuredmedia":[{"embeddable":true,"href":"https:\/\/shop.torricantine.com\/de\/wp-json\/wp\/v2\/media\/56631"}],"wp:attachment":[{"href":"https:\/\/shop.torricantine.com\/de\/wp-json\/wp\/v2\/media?parent=41974"}],"wp:term":[{"taxonomy":"product_brand","embeddable":true,"href":"https:\/\/shop.torricantine.com\/de\/wp-json\/wp\/v2\/product_brand?post=41974"},{"taxonomy":"product_cat","embeddable":true,"href":"https:\/\/shop.torricantine.com\/de\/wp-json\/wp\/v2\/product_cat?post=41974"},{"taxonomy":"product_tag","embeddable":true,"href":"https:\/\/shop.torricantine.com\/de\/wp-json\/wp\/v2\/product_tag?post=41974"}],"curies":[{"name":"wp","href":"https:\/\/api.w.org\/{rel}","templated":true}]}}