{"id":40501,"date":"2021-12-16T10:52:51","date_gmt":"2021-12-16T08:52:51","guid":{"rendered":"https:\/\/shop.torricantine.com\/product\/rosarubra-schaumwein-brut-moon-075l-rosewein\/"},"modified":"2025-08-08T00:00:15","modified_gmt":"2025-08-07T22:00:15","slug":"rosarubra-schaumwein-brut-moon-075l-rosewein","status":"publish","type":"product","link":"https:\/\/shop.torricantine.com\/de\/produkt\/rosarubra-schaumwein-brut-moon-075l-rosewein\/","title":{"rendered":"Rosarubra Moon Schaumwein Brut 0,75L Ros\u00e9wein"},"content":{"rendered":"<h1><strong>Rosarubra Moon Schaumwein Brut Ros\u00e9wein<\/strong><\/h1>\n<p><strong>Sensorische Hinweise<\/strong><br \/>\n<strong>Farbe<\/strong>: Ein funkelndes und kr\u00e4ftiges Antik-Rosa, mit einer dichten und subtilen Perlage<br \/>\n<strong>Nase: <\/strong>Eine prickelnde Note von frischen Fr\u00fcchten, wie Erdbeeren, Himbeeren, Kirschen, kleinen roten Fr\u00fcchten, Waldbeeren, s\u00fc\u00dfe Gew\u00fcrze.<br \/>\n<strong>Geschmack<\/strong>: Ein \u00e4u\u00dferst eleganter Wein, der sowohl seine intensive Frische als auch seine raffinierte w\u00fcrzige Ader zur Geltung bringt. Ausgewogen und schmackhaft, reich an olfaktorischen Noten, ist er von einem lebendigen und anhaltenden Abgang mit zart balsamischen Noten charakterisiert.<\/p>\n<p><strong>Ernte<\/strong><br \/>\nDer Moon Ros\u00e9 stammt von einem Guyot-Weinberg in einem herrlichen Gebiet, ideal geeignet f\u00fcr den Weinanbau, in einer idealen H\u00f6he, dass einen beeindruckenden Temperaturbereich und eine herrliche Beleuchtung garantiert.<\/p>\n<p>Ein Qualit\u00e4tsschaumwein aus einer fr\u00fchen Ernte der ersten September-Dekade, streng manuell, aus einer Landwirtschaft, die seit jeher die gr\u00f6\u00dfte R\u00fccksicht auf die Umwelt und ihre Artenvielfalt nimmt<\/p>\n<p><strong>Vinifikation<\/strong><br \/>\nDie G\u00e4rung erfolgt in temperaturkontrollierten Stahlbottichen, gefolgt von einem Schaumprozess nach der bekannten Martinotti-Charmat-Methode f\u00fcr eine Dauer von mindestens 6 Monaten. Anschlie\u00dfend wird eine Filtration durchgef\u00fchrt und dann unter Sauerstoffausschluss wird dieser Wein abgef\u00fcllt.<strong>\u00a0<\/strong><\/p>\n<p><strong>So kombinieren Sie unseren Moon Ros\u00e9 Brutwein<\/strong><br \/>\nEin kalt zu servierender Schaumwein, bei 4-6 Grad, ideal zu Aperitifs, Vorspeisen, Meeresfr\u00fcchten, vegetarischen Gerichten, Fleisch und K\u00e4se. Wir stellen ihn uns mit Butter- und Lachsh\u00e4ppchen, Wolfsbarschschnitzel mit Brennesseln, Linguine mit italienischem Pesto oder H\u00fchnereintopf mit Paprika vor.<\/p>\n","protected":false},"excerpt":{"rendered":"<p>Rosarubra Moon Schaumwein Brut Ros\u00e9wein Sensorische Hinweise Farbe: Ein funkelndes und kr\u00e4ftiges Antik-Rosa, mit einer dichten und subtilen Perlage Nase: Eine prickelnde Note von frischen Fr\u00fcchten, wie Erdbeeren, Himbeeren, Kirschen, kleinen roten Fr\u00fcchten, Waldbeeren, s\u00fc\u00dfe Gew\u00fcrze. Geschmack: Ein \u00e4u\u00dferst eleganter Wein, der sowohl seine intensive Frische als auch seine raffinierte w\u00fcrzige Ader zur Geltung bringt. [&#8230;]\n","protected":false},"featured_media":56657,"comment_status":"open","ping_status":"closed","template":"","meta":[],"product_brand":[],"product_cat":[439,188,184,187],"product_tag":[446],"class_list":{"0":"post-40501","1":"product","2":"type-product","3":"status-publish","4":"has-post-thumbnail","6":"product_cat-flaschen","7":"product_cat-rosarubra-de","8":"product_cat-rosewein","9":"product_cat-schaumweine","10":"product_tag-rose-de","11":"product_shipping_class-bottiglie","13":"first","14":"instock","15":"taxable","16":"shipping-taxable","17":"purchasable","18":"product-type-simple"},"bundled_by":["42320","81709"],"bundle_stock_status":"instock","bundle_stock_quantity":null,"bundle_virtual":false,"bundle_layout":"","bundle_add_to_cart_form_location":"","bundle_editable_in_cart":false,"bundle_sold_individually_context":"","bundle_item_grouping":"","bundle_min_size":"","bundle_max_size":"","bundle_price":[],"bundled_items":[],"bundle_sell_ids":[],"yoast_head":"<!-- This site is optimized with the Yoast SEO plugin v27.5 - https:\/\/yoast.com\/product\/yoast-seo-wordpress\/ -->\n<title>Rosarubra Moon Schaumwein Brut 0,75L Ros\u00e9wein - Torri Cantine Store COM<\/title>\n<meta name=\"robots\" content=\"index, follow, max-snippet:-1, max-image-preview:large, max-video-preview:-1\" \/>\n<link rel=\"canonical\" href=\"https:\/\/shop.torricantine.com\/de\/produkt\/rosarubra-schaumwein-brut-moon-075l-rosewein\/\" \/>\n<meta property=\"og:locale\" content=\"de_DE\" \/>\n<meta property=\"og:type\" content=\"article\" \/>\n<meta property=\"og:title\" content=\"Rosarubra Moon Schaumwein Brut 0,75L Ros\u00e9wein - Torri Cantine Store COM\" \/>\n<meta property=\"og:description\" content=\"Rosarubra Moon Schaumwein Brut Ros\u00e9wein Sensorische Hinweise Farbe: Ein funkelndes und kr\u00e4ftiges Antik-Rosa, mit einer dichten und subtilen Perlage Nase: Eine prickelnde Note von frischen Fr\u00fcchten, wie Erdbeeren, Himbeeren, Kirschen, kleinen roten Fr\u00fcchten, Waldbeeren, s\u00fc\u00dfe Gew\u00fcrze. Geschmack: Ein \u00e4u\u00dferst eleganter Wein, der sowohl seine intensive Frische als auch seine raffinierte w\u00fcrzige Ader zur Geltung bringt. [...]\" \/>\n<meta property=\"og:url\" content=\"https:\/\/shop.torricantine.com\/de\/produkt\/rosarubra-schaumwein-brut-moon-075l-rosewein\/\" \/>\n<meta property=\"og:site_name\" content=\"Torri Cantine Store COM\" \/>\n<meta property=\"article:modified_time\" content=\"2025-08-07T22:00:15+00:00\" \/>\n<meta property=\"og:image\" content=\"https:\/\/shop.torricantine.com\/wp-content\/uploads\/2021\/12\/RR_moon-rose-1.png\" \/>\n\t<meta property=\"og:image:width\" content=\"267\" \/>\n\t<meta property=\"og:image:height\" content=\"800\" \/>\n\t<meta property=\"og:image:type\" content=\"image\/png\" \/>\n<meta name=\"twitter:card\" content=\"summary_large_image\" \/>\n<meta name=\"twitter:label1\" content=\"Gesch\u00e4tzte Lesezeit\" \/>\n\t<meta name=\"twitter:data1\" content=\"2\u00a0Minuten\" \/>\n<script type=\"application\/ld+json\" class=\"yoast-schema-graph\">{\"@context\":\"https:\\\/\\\/schema.org\",\"@graph\":[{\"@type\":\"WebPage\",\"@id\":\"https:\\\/\\\/shop.torricantine.com\\\/de\\\/produkt\\\/rosarubra-schaumwein-brut-moon-075l-rosewein\\\/\",\"url\":\"https:\\\/\\\/shop.torricantine.com\\\/de\\\/produkt\\\/rosarubra-schaumwein-brut-moon-075l-rosewein\\\/\",\"name\":\"Rosarubra Moon Schaumwein Brut 0,75L Ros\u00e9wein - Torri Cantine Store COM\",\"isPartOf\":{\"@id\":\"https:\\\/\\\/shop.torricantine.com\\\/de\\\/#website\"},\"primaryImageOfPage\":{\"@id\":\"https:\\\/\\\/shop.torricantine.com\\\/de\\\/produkt\\\/rosarubra-schaumwein-brut-moon-075l-rosewein\\\/#primaryimage\"},\"image\":{\"@id\":\"https:\\\/\\\/shop.torricantine.com\\\/de\\\/produkt\\\/rosarubra-schaumwein-brut-moon-075l-rosewein\\\/#primaryimage\"},\"thumbnailUrl\":\"https:\\\/\\\/shop.torricantine.com\\\/wp-content\\\/uploads\\\/2021\\\/12\\\/RR_moon-rose-1.png\",\"datePublished\":\"2021-12-16T08:52:51+00:00\",\"dateModified\":\"2025-08-07T22:00:15+00:00\",\"breadcrumb\":{\"@id\":\"https:\\\/\\\/shop.torricantine.com\\\/de\\\/produkt\\\/rosarubra-schaumwein-brut-moon-075l-rosewein\\\/#breadcrumb\"},\"inLanguage\":\"de\",\"potentialAction\":[{\"@type\":\"ReadAction\",\"target\":[\"https:\\\/\\\/shop.torricantine.com\\\/de\\\/produkt\\\/rosarubra-schaumwein-brut-moon-075l-rosewein\\\/\"]}]},{\"@type\":\"ImageObject\",\"inLanguage\":\"de\",\"@id\":\"https:\\\/\\\/shop.torricantine.com\\\/de\\\/produkt\\\/rosarubra-schaumwein-brut-moon-075l-rosewein\\\/#primaryimage\",\"url\":\"https:\\\/\\\/shop.torricantine.com\\\/wp-content\\\/uploads\\\/2021\\\/12\\\/RR_moon-rose-1.png\",\"contentUrl\":\"https:\\\/\\\/shop.torricantine.com\\\/wp-content\\\/uploads\\\/2021\\\/12\\\/RR_moon-rose-1.png\",\"width\":267,\"height\":800},{\"@type\":\"BreadcrumbList\",\"@id\":\"https:\\\/\\\/shop.torricantine.com\\\/de\\\/produkt\\\/rosarubra-schaumwein-brut-moon-075l-rosewein\\\/#breadcrumb\",\"itemListElement\":[{\"@type\":\"ListItem\",\"position\":1,\"name\":\"Home\",\"item\":\"https:\\\/\\\/shop.torricantine.com\\\/de\\\/\"},{\"@type\":\"ListItem\",\"position\":2,\"name\":\"Shop\",\"item\":\"https:\\\/\\\/shop.torricantine.com\\\/de\\\/shop\\\/\"},{\"@type\":\"ListItem\",\"position\":3,\"name\":\"Rosarubra Moon Schaumwein Brut 0,75L Ros\u00e9wein\"}]},{\"@type\":\"WebSite\",\"@id\":\"https:\\\/\\\/shop.torricantine.com\\\/de\\\/#website\",\"url\":\"https:\\\/\\\/shop.torricantine.com\\\/de\\\/\",\"name\":\"Torri Cantine Store COM\",\"description\":\"Online store of our winery in Italy\",\"publisher\":{\"@id\":\"https:\\\/\\\/shop.torricantine.com\\\/de\\\/#organization\"},\"potentialAction\":[{\"@type\":\"SearchAction\",\"target\":{\"@type\":\"EntryPoint\",\"urlTemplate\":\"https:\\\/\\\/shop.torricantine.com\\\/de\\\/?s={search_term_string}\"},\"query-input\":{\"@type\":\"PropertyValueSpecification\",\"valueRequired\":true,\"valueName\":\"search_term_string\"}}],\"inLanguage\":\"de\"},{\"@type\":\"Organization\",\"@id\":\"https:\\\/\\\/shop.torricantine.com\\\/de\\\/#organization\",\"name\":\"Torri Cantine\",\"url\":\"https:\\\/\\\/shop.torricantine.com\\\/de\\\/\",\"logo\":{\"@type\":\"ImageObject\",\"inLanguage\":\"de\",\"@id\":\"https:\\\/\\\/shop.torricantine.com\\\/de\\\/#\\\/schema\\\/logo\\\/image\\\/\",\"url\":\"https:\\\/\\\/shop.torricantine.com\\\/wp-content\\\/uploads\\\/2020\\\/04\\\/torri-store-logo_text.png\",\"contentUrl\":\"https:\\\/\\\/shop.torricantine.com\\\/wp-content\\\/uploads\\\/2020\\\/04\\\/torri-store-logo_text.png\",\"width\":289,\"height\":361,\"caption\":\"Torri Cantine\"},\"image\":{\"@id\":\"https:\\\/\\\/shop.torricantine.com\\\/de\\\/#\\\/schema\\\/logo\\\/image\\\/\"}}]}<\/script>\n<!-- \/ Yoast SEO plugin. -->","yoast_head_json":{"title":"Rosarubra Moon Schaumwein Brut 0,75L Ros\u00e9wein - Torri Cantine Store COM","robots":{"index":"index","follow":"follow","max-snippet":"max-snippet:-1","max-image-preview":"max-image-preview:large","max-video-preview":"max-video-preview:-1"},"canonical":"https:\/\/shop.torricantine.com\/de\/produkt\/rosarubra-schaumwein-brut-moon-075l-rosewein\/","og_locale":"de_DE","og_type":"article","og_title":"Rosarubra Moon Schaumwein Brut 0,75L Ros\u00e9wein - Torri Cantine Store COM","og_description":"Rosarubra Moon Schaumwein Brut Ros\u00e9wein Sensorische Hinweise Farbe: Ein funkelndes und kr\u00e4ftiges Antik-Rosa, mit einer dichten und subtilen Perlage Nase: Eine prickelnde Note von frischen Fr\u00fcchten, wie Erdbeeren, Himbeeren, Kirschen, kleinen roten Fr\u00fcchten, Waldbeeren, s\u00fc\u00dfe Gew\u00fcrze. Geschmack: Ein \u00e4u\u00dferst eleganter Wein, der sowohl seine intensive Frische als auch seine raffinierte w\u00fcrzige Ader zur Geltung bringt. [...]","og_url":"https:\/\/shop.torricantine.com\/de\/produkt\/rosarubra-schaumwein-brut-moon-075l-rosewein\/","og_site_name":"Torri Cantine Store COM","article_modified_time":"2025-08-07T22:00:15+00:00","og_image":[{"width":267,"height":800,"url":"https:\/\/shop.torricantine.com\/wp-content\/uploads\/2021\/12\/RR_moon-rose-1.png","type":"image\/png"}],"twitter_card":"summary_large_image","twitter_misc":{"Gesch\u00e4tzte Lesezeit":"2\u00a0Minuten"},"schema":{"@context":"https:\/\/schema.org","@graph":[{"@type":"WebPage","@id":"https:\/\/shop.torricantine.com\/de\/produkt\/rosarubra-schaumwein-brut-moon-075l-rosewein\/","url":"https:\/\/shop.torricantine.com\/de\/produkt\/rosarubra-schaumwein-brut-moon-075l-rosewein\/","name":"Rosarubra Moon Schaumwein Brut 0,75L Ros\u00e9wein - Torri Cantine Store COM","isPartOf":{"@id":"https:\/\/shop.torricantine.com\/de\/#website"},"primaryImageOfPage":{"@id":"https:\/\/shop.torricantine.com\/de\/produkt\/rosarubra-schaumwein-brut-moon-075l-rosewein\/#primaryimage"},"image":{"@id":"https:\/\/shop.torricantine.com\/de\/produkt\/rosarubra-schaumwein-brut-moon-075l-rosewein\/#primaryimage"},"thumbnailUrl":"https:\/\/shop.torricantine.com\/wp-content\/uploads\/2021\/12\/RR_moon-rose-1.png","datePublished":"2021-12-16T08:52:51+00:00","dateModified":"2025-08-07T22:00:15+00:00","breadcrumb":{"@id":"https:\/\/shop.torricantine.com\/de\/produkt\/rosarubra-schaumwein-brut-moon-075l-rosewein\/#breadcrumb"},"inLanguage":"de","potentialAction":[{"@type":"ReadAction","target":["https:\/\/shop.torricantine.com\/de\/produkt\/rosarubra-schaumwein-brut-moon-075l-rosewein\/"]}]},{"@type":"ImageObject","inLanguage":"de","@id":"https:\/\/shop.torricantine.com\/de\/produkt\/rosarubra-schaumwein-brut-moon-075l-rosewein\/#primaryimage","url":"https:\/\/shop.torricantine.com\/wp-content\/uploads\/2021\/12\/RR_moon-rose-1.png","contentUrl":"https:\/\/shop.torricantine.com\/wp-content\/uploads\/2021\/12\/RR_moon-rose-1.png","width":267,"height":800},{"@type":"BreadcrumbList","@id":"https:\/\/shop.torricantine.com\/de\/produkt\/rosarubra-schaumwein-brut-moon-075l-rosewein\/#breadcrumb","itemListElement":[{"@type":"ListItem","position":1,"name":"Home","item":"https:\/\/shop.torricantine.com\/de\/"},{"@type":"ListItem","position":2,"name":"Shop","item":"https:\/\/shop.torricantine.com\/de\/shop\/"},{"@type":"ListItem","position":3,"name":"Rosarubra Moon Schaumwein Brut 0,75L Ros\u00e9wein"}]},{"@type":"WebSite","@id":"https:\/\/shop.torricantine.com\/de\/#website","url":"https:\/\/shop.torricantine.com\/de\/","name":"Torri Cantine Store COM","description":"Online store of our winery in Italy","publisher":{"@id":"https:\/\/shop.torricantine.com\/de\/#organization"},"potentialAction":[{"@type":"SearchAction","target":{"@type":"EntryPoint","urlTemplate":"https:\/\/shop.torricantine.com\/de\/?s={search_term_string}"},"query-input":{"@type":"PropertyValueSpecification","valueRequired":true,"valueName":"search_term_string"}}],"inLanguage":"de"},{"@type":"Organization","@id":"https:\/\/shop.torricantine.com\/de\/#organization","name":"Torri Cantine","url":"https:\/\/shop.torricantine.com\/de\/","logo":{"@type":"ImageObject","inLanguage":"de","@id":"https:\/\/shop.torricantine.com\/de\/#\/schema\/logo\/image\/","url":"https:\/\/shop.torricantine.com\/wp-content\/uploads\/2020\/04\/torri-store-logo_text.png","contentUrl":"https:\/\/shop.torricantine.com\/wp-content\/uploads\/2020\/04\/torri-store-logo_text.png","width":289,"height":361,"caption":"Torri Cantine"},"image":{"@id":"https:\/\/shop.torricantine.com\/de\/#\/schema\/logo\/image\/"}}]}},"_links":{"self":[{"href":"https:\/\/shop.torricantine.com\/de\/wp-json\/wp\/v2\/product\/40501","targetHints":{"allow":["GET"]}}],"collection":[{"href":"https:\/\/shop.torricantine.com\/de\/wp-json\/wp\/v2\/product"}],"about":[{"href":"https:\/\/shop.torricantine.com\/de\/wp-json\/wp\/v2\/types\/product"}],"replies":[{"embeddable":true,"href":"https:\/\/shop.torricantine.com\/de\/wp-json\/wp\/v2\/comments?post=40501"}],"wp:featuredmedia":[{"embeddable":true,"href":"https:\/\/shop.torricantine.com\/de\/wp-json\/wp\/v2\/media\/56657"}],"wp:attachment":[{"href":"https:\/\/shop.torricantine.com\/de\/wp-json\/wp\/v2\/media?parent=40501"}],"wp:term":[{"taxonomy":"product_brand","embeddable":true,"href":"https:\/\/shop.torricantine.com\/de\/wp-json\/wp\/v2\/product_brand?post=40501"},{"taxonomy":"product_cat","embeddable":true,"href":"https:\/\/shop.torricantine.com\/de\/wp-json\/wp\/v2\/product_cat?post=40501"},{"taxonomy":"product_tag","embeddable":true,"href":"https:\/\/shop.torricantine.com\/de\/wp-json\/wp\/v2\/product_tag?post=40501"}],"curies":[{"name":"wp","href":"https:\/\/api.w.org\/{rel}","templated":true}]}}