{"id":38619,"date":"2021-11-04T17:48:13","date_gmt":"2021-11-04T15:48:13","guid":{"rendered":"https:\/\/shop.torricantine.com\/product\/torri-cantine-schaumwein-brut-prosecco-075l-rosewein\/"},"modified":"2026-02-27T13:33:49","modified_gmt":"2026-02-27T11:33:49","slug":"torri-cantine-schaumwein-brut-prosecco-075l-rosewein","status":"publish","type":"product","link":"https:\/\/shop.torricantine.com\/de\/produkt\/torri-cantine-schaumwein-brut-prosecco-075l-rosewein\/","title":{"rendered":"Torri Cantine Schaumwein Brut Prosecco 0,75L Ros\u00e9wein"},"content":{"rendered":"<h1><strong>Prosecco DOC brut ros\u00e9 &#8211; 11%<\/strong><\/h1>\n<p><strong>Sensorische Werte<\/strong><\/p>\n<p><strong>Farbe:<\/strong> ein leuchtendes Blassrosa, mit lebhafter Perlage, sehr hartn\u00e4ckig, dicht und mit einer subtilen Textur.<br \/>\n<strong>Nase:<\/strong> angemessene Intensit\u00e4t, aber mit besonders eleganten und einnehmenden D\u00fcften von frischen Himbeerfr\u00fcchten, kleinen Beeren, rotem Pfirsich, Johannisbeere und einer blumigen Rose, Glyzinie, mit einem sehr zarten Duft von Brotkruste.<br \/>\n<strong>Geschmack:<\/strong> Im Mund kann man eine sch\u00f6ne Spritzigkeit, Frische und Geschmack wahrnehmen, mit einem leichten Vorteil in Bezug auf W\u00e4rme und Weichheit, was diesen Wein perfekt ausbalanciert.<\/p>\n<p>Die olfaktorischen Eigenschaften kommen im Schluck zum Vorschein, jedoch begleitet von einem langen und anhaltenden Abgang, der sich reich an Mineralit\u00e4t erweist.<\/p>\n<p><strong>Herstellung und Sch\u00e4umungsprozess:<\/strong><br \/>\nDie G\u00e4rung erfolgt in thermokonditionierten Stahltanks, gefolgt von einem gewissenhaften Schaumprozess nach der Martinotti-Charmat-Methode und anschlie\u00dfender Filtration und Abf\u00fcllung unter Sauerstoffausschluss.<\/p>\n<p><strong>So kombinieren Sie unseren Prosecco DOC brut Ros\u00e9wein<\/strong><br \/>\nEin kalt Prosecco, der bei maximal 4-6 Grad und in einem hohen und schmalen Glas seine beste Seite zum Vorschein bringt, der sich hervorragend eignet zu Aperitifs, Vorspeisen, Fischgerichten, Vegetarischen Gerichten, Fleisch und K\u00e4se. Wir stellen es uns mit Canap\u00e9s mit Thunfischfilet, Lachssteaks mit rosa Pfeffer, Linguine mit Hummer, gemischtem Gem\u00fcsebraten, Spanferkelbraten oder Abruzzen-Ziegenk\u00e4se vor.<\/p>\n","protected":false},"excerpt":{"rendered":"<p>Prosecco DOC brut ros\u00e9 &#8211; 11% Sensorische Werte Farbe: ein leuchtendes Blassrosa, mit lebhafter Perlage, sehr hartn\u00e4ckig, dicht und mit einer subtilen Textur. Nase: angemessene Intensit\u00e4t, aber mit besonders eleganten und einnehmenden D\u00fcften von frischen Himbeerfr\u00fcchten, kleinen Beeren, rotem Pfirsich, Johannisbeere und einer blumigen Rose, Glyzinie, mit einem sehr zarten Duft von Brotkruste. Geschmack: Im [&#8230;]\n","protected":false},"featured_media":56666,"comment_status":"open","ping_status":"closed","template":"","meta":[],"product_brand":[],"product_cat":[439,184,187,175],"product_tag":[399,446],"class_list":{"0":"post-38619","1":"product","2":"type-product","3":"status-publish","4":"has-post-thumbnail","6":"product_cat-flaschen","7":"product_cat-rosewein","8":"product_cat-schaumweine","9":"product_cat-torri-cantine-de","10":"product_tag-prosecco-de","11":"product_tag-rose-de","12":"product_shipping_class-bottiglie","14":"first","15":"instock","16":"taxable","17":"shipping-taxable","18":"purchasable","19":"product-type-simple"},"bundled_by":[],"bundle_stock_status":"instock","bundle_stock_quantity":null,"bundle_virtual":false,"bundle_layout":"","bundle_add_to_cart_form_location":"","bundle_editable_in_cart":false,"bundle_sold_individually_context":"","bundle_item_grouping":"","bundle_min_size":"","bundle_max_size":"","bundle_price":[],"bundled_items":[],"bundle_sell_ids":[],"yoast_head":"<!-- This site is optimized with the Yoast SEO plugin v27.5 - https:\/\/yoast.com\/product\/yoast-seo-wordpress\/ -->\n<title>Torri Cantine Schaumwein Brut Prosecco 0,75L Ros\u00e9wein - Torri Cantine Store COM<\/title>\n<meta name=\"robots\" content=\"index, follow, max-snippet:-1, max-image-preview:large, max-video-preview:-1\" \/>\n<link rel=\"canonical\" href=\"https:\/\/shop.torricantine.com\/de\/produkt\/torri-cantine-schaumwein-brut-prosecco-075l-rosewein\/\" \/>\n<meta property=\"og:locale\" content=\"de_DE\" \/>\n<meta property=\"og:type\" content=\"article\" \/>\n<meta property=\"og:title\" content=\"Torri Cantine Schaumwein Brut Prosecco 0,75L Ros\u00e9wein - Torri Cantine Store COM\" \/>\n<meta property=\"og:description\" content=\"Prosecco DOC brut ros\u00e9 &#8211; 11% Sensorische Werte Farbe: ein leuchtendes Blassrosa, mit lebhafter Perlage, sehr hartn\u00e4ckig, dicht und mit einer subtilen Textur. Nase: angemessene Intensit\u00e4t, aber mit besonders eleganten und einnehmenden D\u00fcften von frischen Himbeerfr\u00fcchten, kleinen Beeren, rotem Pfirsich, Johannisbeere und einer blumigen Rose, Glyzinie, mit einem sehr zarten Duft von Brotkruste. Geschmack: Im [...]\" \/>\n<meta property=\"og:url\" content=\"https:\/\/shop.torricantine.com\/de\/produkt\/torri-cantine-schaumwein-brut-prosecco-075l-rosewein\/\" \/>\n<meta property=\"og:site_name\" content=\"Torri Cantine Store COM\" \/>\n<meta property=\"article:modified_time\" content=\"2026-02-27T11:33:49+00:00\" \/>\n<meta property=\"og:image\" content=\"https:\/\/shop.torricantine.com\/wp-content\/uploads\/2021\/11\/PROSECCO_rose-1.png\" \/>\n\t<meta property=\"og:image:width\" content=\"251\" \/>\n\t<meta property=\"og:image:height\" content=\"800\" \/>\n\t<meta property=\"og:image:type\" content=\"image\/png\" \/>\n<meta name=\"twitter:card\" content=\"summary_large_image\" \/>\n<meta name=\"twitter:label1\" content=\"Gesch\u00e4tzte Lesezeit\" \/>\n\t<meta name=\"twitter:data1\" content=\"2\u00a0Minuten\" \/>\n<script type=\"application\/ld+json\" class=\"yoast-schema-graph\">{\"@context\":\"https:\\\/\\\/schema.org\",\"@graph\":[{\"@type\":\"WebPage\",\"@id\":\"https:\\\/\\\/shop.torricantine.com\\\/de\\\/produkt\\\/torri-cantine-schaumwein-brut-prosecco-075l-rosewein\\\/\",\"url\":\"https:\\\/\\\/shop.torricantine.com\\\/de\\\/produkt\\\/torri-cantine-schaumwein-brut-prosecco-075l-rosewein\\\/\",\"name\":\"Torri Cantine Schaumwein Brut Prosecco 0,75L Ros\u00e9wein - Torri Cantine Store COM\",\"isPartOf\":{\"@id\":\"https:\\\/\\\/shop.torricantine.com\\\/de\\\/#website\"},\"primaryImageOfPage\":{\"@id\":\"https:\\\/\\\/shop.torricantine.com\\\/de\\\/produkt\\\/torri-cantine-schaumwein-brut-prosecco-075l-rosewein\\\/#primaryimage\"},\"image\":{\"@id\":\"https:\\\/\\\/shop.torricantine.com\\\/de\\\/produkt\\\/torri-cantine-schaumwein-brut-prosecco-075l-rosewein\\\/#primaryimage\"},\"thumbnailUrl\":\"https:\\\/\\\/shop.torricantine.com\\\/wp-content\\\/uploads\\\/2021\\\/11\\\/PROSECCO_rose-1.png\",\"datePublished\":\"2021-11-04T15:48:13+00:00\",\"dateModified\":\"2026-02-27T11:33:49+00:00\",\"breadcrumb\":{\"@id\":\"https:\\\/\\\/shop.torricantine.com\\\/de\\\/produkt\\\/torri-cantine-schaumwein-brut-prosecco-075l-rosewein\\\/#breadcrumb\"},\"inLanguage\":\"de\",\"potentialAction\":[{\"@type\":\"ReadAction\",\"target\":[\"https:\\\/\\\/shop.torricantine.com\\\/de\\\/produkt\\\/torri-cantine-schaumwein-brut-prosecco-075l-rosewein\\\/\"]}]},{\"@type\":\"ImageObject\",\"inLanguage\":\"de\",\"@id\":\"https:\\\/\\\/shop.torricantine.com\\\/de\\\/produkt\\\/torri-cantine-schaumwein-brut-prosecco-075l-rosewein\\\/#primaryimage\",\"url\":\"https:\\\/\\\/shop.torricantine.com\\\/wp-content\\\/uploads\\\/2021\\\/11\\\/PROSECCO_rose-1.png\",\"contentUrl\":\"https:\\\/\\\/shop.torricantine.com\\\/wp-content\\\/uploads\\\/2021\\\/11\\\/PROSECCO_rose-1.png\",\"width\":251,\"height\":800},{\"@type\":\"BreadcrumbList\",\"@id\":\"https:\\\/\\\/shop.torricantine.com\\\/de\\\/produkt\\\/torri-cantine-schaumwein-brut-prosecco-075l-rosewein\\\/#breadcrumb\",\"itemListElement\":[{\"@type\":\"ListItem\",\"position\":1,\"name\":\"Home\",\"item\":\"https:\\\/\\\/shop.torricantine.com\\\/de\\\/\"},{\"@type\":\"ListItem\",\"position\":2,\"name\":\"Shop\",\"item\":\"https:\\\/\\\/shop.torricantine.com\\\/de\\\/shop\\\/\"},{\"@type\":\"ListItem\",\"position\":3,\"name\":\"Torri Cantine Schaumwein Brut Prosecco 0,75L Ros\u00e9wein\"}]},{\"@type\":\"WebSite\",\"@id\":\"https:\\\/\\\/shop.torricantine.com\\\/de\\\/#website\",\"url\":\"https:\\\/\\\/shop.torricantine.com\\\/de\\\/\",\"name\":\"Torri Cantine Store COM\",\"description\":\"Online store of our winery in Italy\",\"publisher\":{\"@id\":\"https:\\\/\\\/shop.torricantine.com\\\/de\\\/#organization\"},\"potentialAction\":[{\"@type\":\"SearchAction\",\"target\":{\"@type\":\"EntryPoint\",\"urlTemplate\":\"https:\\\/\\\/shop.torricantine.com\\\/de\\\/?s={search_term_string}\"},\"query-input\":{\"@type\":\"PropertyValueSpecification\",\"valueRequired\":true,\"valueName\":\"search_term_string\"}}],\"inLanguage\":\"de\"},{\"@type\":\"Organization\",\"@id\":\"https:\\\/\\\/shop.torricantine.com\\\/de\\\/#organization\",\"name\":\"Torri Cantine\",\"url\":\"https:\\\/\\\/shop.torricantine.com\\\/de\\\/\",\"logo\":{\"@type\":\"ImageObject\",\"inLanguage\":\"de\",\"@id\":\"https:\\\/\\\/shop.torricantine.com\\\/de\\\/#\\\/schema\\\/logo\\\/image\\\/\",\"url\":\"https:\\\/\\\/shop.torricantine.com\\\/wp-content\\\/uploads\\\/2020\\\/04\\\/torri-store-logo_text.png\",\"contentUrl\":\"https:\\\/\\\/shop.torricantine.com\\\/wp-content\\\/uploads\\\/2020\\\/04\\\/torri-store-logo_text.png\",\"width\":289,\"height\":361,\"caption\":\"Torri Cantine\"},\"image\":{\"@id\":\"https:\\\/\\\/shop.torricantine.com\\\/de\\\/#\\\/schema\\\/logo\\\/image\\\/\"}}]}<\/script>\n<!-- \/ Yoast SEO plugin. -->","yoast_head_json":{"title":"Torri Cantine Schaumwein Brut Prosecco 0,75L Ros\u00e9wein - Torri Cantine Store COM","robots":{"index":"index","follow":"follow","max-snippet":"max-snippet:-1","max-image-preview":"max-image-preview:large","max-video-preview":"max-video-preview:-1"},"canonical":"https:\/\/shop.torricantine.com\/de\/produkt\/torri-cantine-schaumwein-brut-prosecco-075l-rosewein\/","og_locale":"de_DE","og_type":"article","og_title":"Torri Cantine Schaumwein Brut Prosecco 0,75L Ros\u00e9wein - Torri Cantine Store COM","og_description":"Prosecco DOC brut ros\u00e9 &#8211; 11% Sensorische Werte Farbe: ein leuchtendes Blassrosa, mit lebhafter Perlage, sehr hartn\u00e4ckig, dicht und mit einer subtilen Textur. Nase: angemessene Intensit\u00e4t, aber mit besonders eleganten und einnehmenden D\u00fcften von frischen Himbeerfr\u00fcchten, kleinen Beeren, rotem Pfirsich, Johannisbeere und einer blumigen Rose, Glyzinie, mit einem sehr zarten Duft von Brotkruste. Geschmack: Im [...]","og_url":"https:\/\/shop.torricantine.com\/de\/produkt\/torri-cantine-schaumwein-brut-prosecco-075l-rosewein\/","og_site_name":"Torri Cantine Store COM","article_modified_time":"2026-02-27T11:33:49+00:00","og_image":[{"width":251,"height":800,"url":"https:\/\/shop.torricantine.com\/wp-content\/uploads\/2021\/11\/PROSECCO_rose-1.png","type":"image\/png"}],"twitter_card":"summary_large_image","twitter_misc":{"Gesch\u00e4tzte Lesezeit":"2\u00a0Minuten"},"schema":{"@context":"https:\/\/schema.org","@graph":[{"@type":"WebPage","@id":"https:\/\/shop.torricantine.com\/de\/produkt\/torri-cantine-schaumwein-brut-prosecco-075l-rosewein\/","url":"https:\/\/shop.torricantine.com\/de\/produkt\/torri-cantine-schaumwein-brut-prosecco-075l-rosewein\/","name":"Torri Cantine Schaumwein Brut Prosecco 0,75L Ros\u00e9wein - Torri Cantine Store COM","isPartOf":{"@id":"https:\/\/shop.torricantine.com\/de\/#website"},"primaryImageOfPage":{"@id":"https:\/\/shop.torricantine.com\/de\/produkt\/torri-cantine-schaumwein-brut-prosecco-075l-rosewein\/#primaryimage"},"image":{"@id":"https:\/\/shop.torricantine.com\/de\/produkt\/torri-cantine-schaumwein-brut-prosecco-075l-rosewein\/#primaryimage"},"thumbnailUrl":"https:\/\/shop.torricantine.com\/wp-content\/uploads\/2021\/11\/PROSECCO_rose-1.png","datePublished":"2021-11-04T15:48:13+00:00","dateModified":"2026-02-27T11:33:49+00:00","breadcrumb":{"@id":"https:\/\/shop.torricantine.com\/de\/produkt\/torri-cantine-schaumwein-brut-prosecco-075l-rosewein\/#breadcrumb"},"inLanguage":"de","potentialAction":[{"@type":"ReadAction","target":["https:\/\/shop.torricantine.com\/de\/produkt\/torri-cantine-schaumwein-brut-prosecco-075l-rosewein\/"]}]},{"@type":"ImageObject","inLanguage":"de","@id":"https:\/\/shop.torricantine.com\/de\/produkt\/torri-cantine-schaumwein-brut-prosecco-075l-rosewein\/#primaryimage","url":"https:\/\/shop.torricantine.com\/wp-content\/uploads\/2021\/11\/PROSECCO_rose-1.png","contentUrl":"https:\/\/shop.torricantine.com\/wp-content\/uploads\/2021\/11\/PROSECCO_rose-1.png","width":251,"height":800},{"@type":"BreadcrumbList","@id":"https:\/\/shop.torricantine.com\/de\/produkt\/torri-cantine-schaumwein-brut-prosecco-075l-rosewein\/#breadcrumb","itemListElement":[{"@type":"ListItem","position":1,"name":"Home","item":"https:\/\/shop.torricantine.com\/de\/"},{"@type":"ListItem","position":2,"name":"Shop","item":"https:\/\/shop.torricantine.com\/de\/shop\/"},{"@type":"ListItem","position":3,"name":"Torri Cantine Schaumwein Brut Prosecco 0,75L Ros\u00e9wein"}]},{"@type":"WebSite","@id":"https:\/\/shop.torricantine.com\/de\/#website","url":"https:\/\/shop.torricantine.com\/de\/","name":"Torri Cantine Store COM","description":"Online store of our winery in Italy","publisher":{"@id":"https:\/\/shop.torricantine.com\/de\/#organization"},"potentialAction":[{"@type":"SearchAction","target":{"@type":"EntryPoint","urlTemplate":"https:\/\/shop.torricantine.com\/de\/?s={search_term_string}"},"query-input":{"@type":"PropertyValueSpecification","valueRequired":true,"valueName":"search_term_string"}}],"inLanguage":"de"},{"@type":"Organization","@id":"https:\/\/shop.torricantine.com\/de\/#organization","name":"Torri Cantine","url":"https:\/\/shop.torricantine.com\/de\/","logo":{"@type":"ImageObject","inLanguage":"de","@id":"https:\/\/shop.torricantine.com\/de\/#\/schema\/logo\/image\/","url":"https:\/\/shop.torricantine.com\/wp-content\/uploads\/2020\/04\/torri-store-logo_text.png","contentUrl":"https:\/\/shop.torricantine.com\/wp-content\/uploads\/2020\/04\/torri-store-logo_text.png","width":289,"height":361,"caption":"Torri Cantine"},"image":{"@id":"https:\/\/shop.torricantine.com\/de\/#\/schema\/logo\/image\/"}}]}},"_links":{"self":[{"href":"https:\/\/shop.torricantine.com\/de\/wp-json\/wp\/v2\/product\/38619","targetHints":{"allow":["GET"]}}],"collection":[{"href":"https:\/\/shop.torricantine.com\/de\/wp-json\/wp\/v2\/product"}],"about":[{"href":"https:\/\/shop.torricantine.com\/de\/wp-json\/wp\/v2\/types\/product"}],"replies":[{"embeddable":true,"href":"https:\/\/shop.torricantine.com\/de\/wp-json\/wp\/v2\/comments?post=38619"}],"wp:featuredmedia":[{"embeddable":true,"href":"https:\/\/shop.torricantine.com\/de\/wp-json\/wp\/v2\/media\/56666"}],"wp:attachment":[{"href":"https:\/\/shop.torricantine.com\/de\/wp-json\/wp\/v2\/media?parent=38619"}],"wp:term":[{"taxonomy":"product_brand","embeddable":true,"href":"https:\/\/shop.torricantine.com\/de\/wp-json\/wp\/v2\/product_brand?post=38619"},{"taxonomy":"product_cat","embeddable":true,"href":"https:\/\/shop.torricantine.com\/de\/wp-json\/wp\/v2\/product_cat?post=38619"},{"taxonomy":"product_tag","embeddable":true,"href":"https:\/\/shop.torricantine.com\/de\/wp-json\/wp\/v2\/product_tag?post=38619"}],"curies":[{"name":"wp","href":"https:\/\/api.w.org\/{rel}","templated":true}]}}