{"id":37361,"date":"2021-10-14T11:57:00","date_gmt":"2021-10-14T09:57:00","guid":{"rendered":"https:\/\/shop.torricantine.com\/product\/torri-cantine-prosecco-doc-brut-075l\/"},"modified":"2025-12-26T17:05:02","modified_gmt":"2025-12-26T15:05:02","slug":"torri-cantine-prosecco-doc-brut-075l","status":"publish","type":"product","link":"https:\/\/shop.torricantine.com\/de\/produkt\/torri-cantine-prosecco-doc-brut-075l\/","title":{"rendered":"Torri Cantine Schaumwein Brut Prosecco 0,75L Wei\u00dfwein"},"content":{"rendered":"<h1><strong>Prosecco DOC brut 11%<\/strong><\/h1>\n<p><strong>Sensorische Noten<\/strong><br \/>\n<strong>Farbe<\/strong>: Ein sanftes Strohgelb, mit einer strahlenden Helligkeit und einer schaumigen, dichten und anhaltenden Perlage<br \/>\n<strong>Nase<\/strong>: Ein intensiver und raffinierter Duft entfaltet sich in der Nase, mit Ankl\u00e4ngen von frischen Fr\u00fcchten, wie gr\u00fcner Apfel, Pfirsich, Zitrus, Honig und jungen Bl\u00fcten von Akazie, Ginster und eine zarte Note von Brotkruste.<br \/>\n<strong>Geschmack: <\/strong>Intensiv und erfrischend, mit deutlicher W\u00fcrze im Schluck, abgeschw\u00e4cht durch eine angenehme Sch\u00e4rfe und eine entscheidend ausgleichende Weichheit, in hervorragender Harmonie mit dem Geruchssinn. Zum Schluss kommt ein lebendiger, duftender und anhaltender Abgang.<\/p>\n<p><strong>Vinifizierung und Schaumprozess<\/strong><br \/>\nDie G\u00e4rung erfolgt in thermokonditionierten Stahlbottichen, gefolgt von einem gewissenhaften Schaumprozedur nach der Martinotti-Charmat-Methode und anschlie\u00dfender Siebung und anschlie\u00dfender Abf\u00fcllung unter Sauerstoffausschlusses.<\/p>\n<p><strong>So kombinieren Sie unseren Prosecco DOC brut Wein<\/strong><br \/>\nEs handelt sich um einen Prosecco, der am besten kalt serviert wird, bei maximal 4-6 Grad und in einem hohen und schmalen Glas, um die Perlage und die Aromen genie\u00dfen zu k\u00f6nnen. Perfekt geeignet f\u00fcr Aperitifs, Vorspeisen, Fischgerichten, Vegetarischen Speisen, Fleisch und K\u00e4se. Wir empfehlen Ihn mit gegrillten Scampi, gebackenem Red Snapper mit Oliven, Linguine mit Seeigeln, Ricotta-Ravioli mit Butter und Salbei, getrocknetem Scamorza aus den Abruzzen.<\/p>\n","protected":false},"excerpt":{"rendered":"<p>Prosecco DOC brut 11% Sensorische Noten Farbe: Ein sanftes Strohgelb, mit einer strahlenden Helligkeit und einer schaumigen, dichten und anhaltenden Perlage Nase: Ein intensiver und raffinierter Duft entfaltet sich in der Nase, mit Ankl\u00e4ngen von frischen Fr\u00fcchten, wie gr\u00fcner Apfel, Pfirsich, Zitrus, Honig und jungen Bl\u00fcten von Akazie, Ginster und eine zarte Note von Brotkruste. [&#8230;]\n","protected":false},"featured_media":56672,"comment_status":"open","ping_status":"closed","template":"","meta":[],"product_brand":[],"product_cat":[439,187,175],"product_tag":[399],"class_list":{"0":"post-37361","1":"product","2":"type-product","3":"status-publish","4":"has-post-thumbnail","6":"product_cat-flaschen","7":"product_cat-schaumweine","8":"product_cat-torri-cantine-de","9":"product_tag-prosecco-de","10":"product_shipping_class-bottiglie","12":"first","13":"instock","14":"taxable","15":"shipping-taxable","16":"purchasable","17":"product-type-simple"},"bundled_by":["45639","50523","72906","79427"],"bundle_stock_status":"instock","bundle_stock_quantity":null,"bundle_virtual":false,"bundle_layout":"","bundle_add_to_cart_form_location":"","bundle_editable_in_cart":false,"bundle_sold_individually_context":"","bundle_item_grouping":"","bundle_min_size":"","bundle_max_size":"","bundle_price":[],"bundled_items":[],"bundle_sell_ids":[],"yoast_head":"<!-- This site is optimized with the Yoast SEO plugin v27.5 - https:\/\/yoast.com\/product\/yoast-seo-wordpress\/ -->\n<title>Torri Cantine Schaumwein Brut Prosecco 0,75L Wei\u00dfwein - Torri Cantine Store COM<\/title>\n<meta name=\"robots\" content=\"index, follow, max-snippet:-1, max-image-preview:large, max-video-preview:-1\" \/>\n<link rel=\"canonical\" href=\"https:\/\/shop.torricantine.com\/de\/produkt\/torri-cantine-prosecco-doc-brut-075l\/\" \/>\n<meta property=\"og:locale\" content=\"de_DE\" \/>\n<meta property=\"og:type\" content=\"article\" \/>\n<meta property=\"og:title\" content=\"Torri Cantine Schaumwein Brut Prosecco 0,75L Wei\u00dfwein - Torri Cantine Store COM\" \/>\n<meta property=\"og:description\" content=\"Prosecco DOC brut 11% Sensorische Noten Farbe: Ein sanftes Strohgelb, mit einer strahlenden Helligkeit und einer schaumigen, dichten und anhaltenden Perlage Nase: Ein intensiver und raffinierter Duft entfaltet sich in der Nase, mit Ankl\u00e4ngen von frischen Fr\u00fcchten, wie gr\u00fcner Apfel, Pfirsich, Zitrus, Honig und jungen Bl\u00fcten von Akazie, Ginster und eine zarte Note von Brotkruste. [...]\" \/>\n<meta property=\"og:url\" content=\"https:\/\/shop.torricantine.com\/de\/produkt\/torri-cantine-prosecco-doc-brut-075l\/\" \/>\n<meta property=\"og:site_name\" content=\"Torri Cantine Store COM\" \/>\n<meta property=\"article:modified_time\" content=\"2025-12-26T15:05:02+00:00\" \/>\n<meta property=\"og:image\" content=\"https:\/\/shop.torricantine.com\/wp-content\/uploads\/2021\/10\/PROSECCO_doc-1.png\" \/>\n\t<meta property=\"og:image:width\" content=\"250\" \/>\n\t<meta property=\"og:image:height\" content=\"801\" \/>\n\t<meta property=\"og:image:type\" content=\"image\/png\" \/>\n<meta name=\"twitter:card\" content=\"summary_large_image\" \/>\n<meta name=\"twitter:label1\" content=\"Gesch\u00e4tzte Lesezeit\" \/>\n\t<meta name=\"twitter:data1\" content=\"2\u00a0Minuten\" \/>\n<script type=\"application\/ld+json\" class=\"yoast-schema-graph\">{\"@context\":\"https:\\\/\\\/schema.org\",\"@graph\":[{\"@type\":\"WebPage\",\"@id\":\"https:\\\/\\\/shop.torricantine.com\\\/de\\\/produkt\\\/torri-cantine-prosecco-doc-brut-075l\\\/\",\"url\":\"https:\\\/\\\/shop.torricantine.com\\\/de\\\/produkt\\\/torri-cantine-prosecco-doc-brut-075l\\\/\",\"name\":\"Torri Cantine Schaumwein Brut Prosecco 0,75L Wei\u00dfwein - Torri Cantine Store COM\",\"isPartOf\":{\"@id\":\"https:\\\/\\\/shop.torricantine.com\\\/de\\\/#website\"},\"primaryImageOfPage\":{\"@id\":\"https:\\\/\\\/shop.torricantine.com\\\/de\\\/produkt\\\/torri-cantine-prosecco-doc-brut-075l\\\/#primaryimage\"},\"image\":{\"@id\":\"https:\\\/\\\/shop.torricantine.com\\\/de\\\/produkt\\\/torri-cantine-prosecco-doc-brut-075l\\\/#primaryimage\"},\"thumbnailUrl\":\"https:\\\/\\\/shop.torricantine.com\\\/wp-content\\\/uploads\\\/2021\\\/10\\\/PROSECCO_doc-1.png\",\"datePublished\":\"2021-10-14T09:57:00+00:00\",\"dateModified\":\"2025-12-26T15:05:02+00:00\",\"breadcrumb\":{\"@id\":\"https:\\\/\\\/shop.torricantine.com\\\/de\\\/produkt\\\/torri-cantine-prosecco-doc-brut-075l\\\/#breadcrumb\"},\"inLanguage\":\"de\",\"potentialAction\":[{\"@type\":\"ReadAction\",\"target\":[\"https:\\\/\\\/shop.torricantine.com\\\/de\\\/produkt\\\/torri-cantine-prosecco-doc-brut-075l\\\/\"]}]},{\"@type\":\"ImageObject\",\"inLanguage\":\"de\",\"@id\":\"https:\\\/\\\/shop.torricantine.com\\\/de\\\/produkt\\\/torri-cantine-prosecco-doc-brut-075l\\\/#primaryimage\",\"url\":\"https:\\\/\\\/shop.torricantine.com\\\/wp-content\\\/uploads\\\/2021\\\/10\\\/PROSECCO_doc-1.png\",\"contentUrl\":\"https:\\\/\\\/shop.torricantine.com\\\/wp-content\\\/uploads\\\/2021\\\/10\\\/PROSECCO_doc-1.png\",\"width\":250,\"height\":801},{\"@type\":\"BreadcrumbList\",\"@id\":\"https:\\\/\\\/shop.torricantine.com\\\/de\\\/produkt\\\/torri-cantine-prosecco-doc-brut-075l\\\/#breadcrumb\",\"itemListElement\":[{\"@type\":\"ListItem\",\"position\":1,\"name\":\"Home\",\"item\":\"https:\\\/\\\/shop.torricantine.com\\\/de\\\/\"},{\"@type\":\"ListItem\",\"position\":2,\"name\":\"Shop\",\"item\":\"https:\\\/\\\/shop.torricantine.com\\\/de\\\/shop\\\/\"},{\"@type\":\"ListItem\",\"position\":3,\"name\":\"Torri Cantine Schaumwein Brut Prosecco 0,75L Wei\u00dfwein\"}]},{\"@type\":\"WebSite\",\"@id\":\"https:\\\/\\\/shop.torricantine.com\\\/de\\\/#website\",\"url\":\"https:\\\/\\\/shop.torricantine.com\\\/de\\\/\",\"name\":\"Torri Cantine Store COM\",\"description\":\"Online store of our winery in Italy\",\"publisher\":{\"@id\":\"https:\\\/\\\/shop.torricantine.com\\\/de\\\/#organization\"},\"potentialAction\":[{\"@type\":\"SearchAction\",\"target\":{\"@type\":\"EntryPoint\",\"urlTemplate\":\"https:\\\/\\\/shop.torricantine.com\\\/de\\\/?s={search_term_string}\"},\"query-input\":{\"@type\":\"PropertyValueSpecification\",\"valueRequired\":true,\"valueName\":\"search_term_string\"}}],\"inLanguage\":\"de\"},{\"@type\":\"Organization\",\"@id\":\"https:\\\/\\\/shop.torricantine.com\\\/de\\\/#organization\",\"name\":\"Torri Cantine\",\"url\":\"https:\\\/\\\/shop.torricantine.com\\\/de\\\/\",\"logo\":{\"@type\":\"ImageObject\",\"inLanguage\":\"de\",\"@id\":\"https:\\\/\\\/shop.torricantine.com\\\/de\\\/#\\\/schema\\\/logo\\\/image\\\/\",\"url\":\"https:\\\/\\\/shop.torricantine.com\\\/wp-content\\\/uploads\\\/2020\\\/04\\\/torri-store-logo_text.png\",\"contentUrl\":\"https:\\\/\\\/shop.torricantine.com\\\/wp-content\\\/uploads\\\/2020\\\/04\\\/torri-store-logo_text.png\",\"width\":289,\"height\":361,\"caption\":\"Torri Cantine\"},\"image\":{\"@id\":\"https:\\\/\\\/shop.torricantine.com\\\/de\\\/#\\\/schema\\\/logo\\\/image\\\/\"}}]}<\/script>\n<!-- \/ Yoast SEO plugin. -->","yoast_head_json":{"title":"Torri Cantine Schaumwein Brut Prosecco 0,75L Wei\u00dfwein - Torri Cantine Store COM","robots":{"index":"index","follow":"follow","max-snippet":"max-snippet:-1","max-image-preview":"max-image-preview:large","max-video-preview":"max-video-preview:-1"},"canonical":"https:\/\/shop.torricantine.com\/de\/produkt\/torri-cantine-prosecco-doc-brut-075l\/","og_locale":"de_DE","og_type":"article","og_title":"Torri Cantine Schaumwein Brut Prosecco 0,75L Wei\u00dfwein - Torri Cantine Store COM","og_description":"Prosecco DOC brut 11% Sensorische Noten Farbe: Ein sanftes Strohgelb, mit einer strahlenden Helligkeit und einer schaumigen, dichten und anhaltenden Perlage Nase: Ein intensiver und raffinierter Duft entfaltet sich in der Nase, mit Ankl\u00e4ngen von frischen Fr\u00fcchten, wie gr\u00fcner Apfel, Pfirsich, Zitrus, Honig und jungen Bl\u00fcten von Akazie, Ginster und eine zarte Note von Brotkruste. [...]","og_url":"https:\/\/shop.torricantine.com\/de\/produkt\/torri-cantine-prosecco-doc-brut-075l\/","og_site_name":"Torri Cantine Store COM","article_modified_time":"2025-12-26T15:05:02+00:00","og_image":[{"width":250,"height":801,"url":"https:\/\/shop.torricantine.com\/wp-content\/uploads\/2021\/10\/PROSECCO_doc-1.png","type":"image\/png"}],"twitter_card":"summary_large_image","twitter_misc":{"Gesch\u00e4tzte Lesezeit":"2\u00a0Minuten"},"schema":{"@context":"https:\/\/schema.org","@graph":[{"@type":"WebPage","@id":"https:\/\/shop.torricantine.com\/de\/produkt\/torri-cantine-prosecco-doc-brut-075l\/","url":"https:\/\/shop.torricantine.com\/de\/produkt\/torri-cantine-prosecco-doc-brut-075l\/","name":"Torri Cantine Schaumwein Brut Prosecco 0,75L Wei\u00dfwein - Torri Cantine Store COM","isPartOf":{"@id":"https:\/\/shop.torricantine.com\/de\/#website"},"primaryImageOfPage":{"@id":"https:\/\/shop.torricantine.com\/de\/produkt\/torri-cantine-prosecco-doc-brut-075l\/#primaryimage"},"image":{"@id":"https:\/\/shop.torricantine.com\/de\/produkt\/torri-cantine-prosecco-doc-brut-075l\/#primaryimage"},"thumbnailUrl":"https:\/\/shop.torricantine.com\/wp-content\/uploads\/2021\/10\/PROSECCO_doc-1.png","datePublished":"2021-10-14T09:57:00+00:00","dateModified":"2025-12-26T15:05:02+00:00","breadcrumb":{"@id":"https:\/\/shop.torricantine.com\/de\/produkt\/torri-cantine-prosecco-doc-brut-075l\/#breadcrumb"},"inLanguage":"de","potentialAction":[{"@type":"ReadAction","target":["https:\/\/shop.torricantine.com\/de\/produkt\/torri-cantine-prosecco-doc-brut-075l\/"]}]},{"@type":"ImageObject","inLanguage":"de","@id":"https:\/\/shop.torricantine.com\/de\/produkt\/torri-cantine-prosecco-doc-brut-075l\/#primaryimage","url":"https:\/\/shop.torricantine.com\/wp-content\/uploads\/2021\/10\/PROSECCO_doc-1.png","contentUrl":"https:\/\/shop.torricantine.com\/wp-content\/uploads\/2021\/10\/PROSECCO_doc-1.png","width":250,"height":801},{"@type":"BreadcrumbList","@id":"https:\/\/shop.torricantine.com\/de\/produkt\/torri-cantine-prosecco-doc-brut-075l\/#breadcrumb","itemListElement":[{"@type":"ListItem","position":1,"name":"Home","item":"https:\/\/shop.torricantine.com\/de\/"},{"@type":"ListItem","position":2,"name":"Shop","item":"https:\/\/shop.torricantine.com\/de\/shop\/"},{"@type":"ListItem","position":3,"name":"Torri Cantine Schaumwein Brut Prosecco 0,75L Wei\u00dfwein"}]},{"@type":"WebSite","@id":"https:\/\/shop.torricantine.com\/de\/#website","url":"https:\/\/shop.torricantine.com\/de\/","name":"Torri Cantine Store COM","description":"Online store of our winery in Italy","publisher":{"@id":"https:\/\/shop.torricantine.com\/de\/#organization"},"potentialAction":[{"@type":"SearchAction","target":{"@type":"EntryPoint","urlTemplate":"https:\/\/shop.torricantine.com\/de\/?s={search_term_string}"},"query-input":{"@type":"PropertyValueSpecification","valueRequired":true,"valueName":"search_term_string"}}],"inLanguage":"de"},{"@type":"Organization","@id":"https:\/\/shop.torricantine.com\/de\/#organization","name":"Torri Cantine","url":"https:\/\/shop.torricantine.com\/de\/","logo":{"@type":"ImageObject","inLanguage":"de","@id":"https:\/\/shop.torricantine.com\/de\/#\/schema\/logo\/image\/","url":"https:\/\/shop.torricantine.com\/wp-content\/uploads\/2020\/04\/torri-store-logo_text.png","contentUrl":"https:\/\/shop.torricantine.com\/wp-content\/uploads\/2020\/04\/torri-store-logo_text.png","width":289,"height":361,"caption":"Torri Cantine"},"image":{"@id":"https:\/\/shop.torricantine.com\/de\/#\/schema\/logo\/image\/"}}]}},"_links":{"self":[{"href":"https:\/\/shop.torricantine.com\/de\/wp-json\/wp\/v2\/product\/37361","targetHints":{"allow":["GET"]}}],"collection":[{"href":"https:\/\/shop.torricantine.com\/de\/wp-json\/wp\/v2\/product"}],"about":[{"href":"https:\/\/shop.torricantine.com\/de\/wp-json\/wp\/v2\/types\/product"}],"replies":[{"embeddable":true,"href":"https:\/\/shop.torricantine.com\/de\/wp-json\/wp\/v2\/comments?post=37361"}],"wp:featuredmedia":[{"embeddable":true,"href":"https:\/\/shop.torricantine.com\/de\/wp-json\/wp\/v2\/media\/56672"}],"wp:attachment":[{"href":"https:\/\/shop.torricantine.com\/de\/wp-json\/wp\/v2\/media?parent=37361"}],"wp:term":[{"taxonomy":"product_brand","embeddable":true,"href":"https:\/\/shop.torricantine.com\/de\/wp-json\/wp\/v2\/product_brand?post=37361"},{"taxonomy":"product_cat","embeddable":true,"href":"https:\/\/shop.torricantine.com\/de\/wp-json\/wp\/v2\/product_cat?post=37361"},{"taxonomy":"product_tag","embeddable":true,"href":"https:\/\/shop.torricantine.com\/de\/wp-json\/wp\/v2\/product_tag?post=37361"}],"curies":[{"name":"wp","href":"https:\/\/api.w.org\/{rel}","templated":true}]}}