{"id":35976,"date":"2021-09-09T08:00:38","date_gmt":"2021-09-09T06:00:38","guid":{"rendered":"https:\/\/shop.torricantine.com\/?post_type=product&#038;p=35976"},"modified":"2026-01-14T11:10:26","modified_gmt":"2026-01-14T09:10:26","slug":"sonderangebot-6x-flaschen-1967er-linie-075l-evo-ol-3l","status":"publish","type":"product","link":"https:\/\/shop.torricantine.com\/de\/produkt\/sonderangebot-6x-flaschen-1967er-linie-075l-evo-ol-3l\/","title":{"rendered":"Sonderangebot: 6x Flaschen 1967er Linie 0,75L + EVO-\u00d6l 3L"},"content":{"rendered":"","protected":false},"excerpt":{"rendered":"<h3>Verleihen Sie Fleischgerichten eine unverwechselbare Note mit der\u00a0Eleganz des <strong>EVO<\/strong> \u00d6ls von Torri Cantine.<\/h3>\n<p>Hervorragend zum rohen Geschmack, aber auch zum Kochen und W\u00fcrzen von\u00a0Gerichten. Sehr zart und besonders geeignet f\u00fcr die mediterrane\u00a0Ern\u00e4hrung.<br \/>\nBeim Kauf von 6 Flaschen ihrer Wahl der neuen 1967er Linie, erhten Sie 1 Flasche Natives Oliven\u00f6l je 3L von Torri Cantine.<\/p>\n<p>Im Angebot f\u00fcr <strong>104,95 \u20ac<\/strong> statt <strong>131 \u20ac.<\/strong><\/p>\n<p><strong>Kostenlose Lieferung<\/strong><\/p>\n","protected":false},"featured_media":56687,"comment_status":"open","ping_status":"closed","template":"","meta":[],"product_brand":[],"product_cat":[176,174],"product_tag":[],"class_list":{"0":"post-35976","1":"product","2":"type-product","3":"status-publish","4":"has-post-thumbnail","6":"product_cat-aktionen","7":"product_cat-angebote","9":"first","10":"instock","11":"sale","12":"virtual","13":"taxable","14":"purchasable","15":"product-type-bundle"},"bundled_by":[],"bundle_stock_status":"insufficientstock","bundle_stock_quantity":0,"bundle_virtual":false,"bundle_layout":"default","bundle_add_to_cart_form_location":"default","bundle_editable_in_cart":false,"bundle_sold_individually_context":"product","bundle_item_grouping":"parent","bundle_min_size":"","bundle_max_size":"","bundle_price":{"price":{"min":{"incl_tax":"104.95","excl_tax":"104.95"},"max":{"incl_tax":"104.95","excl_tax":"104.95"}},"regular_price":{"min":{"incl_tax":"131","excl_tax":"131"},"max":{"incl_tax":"131","excl_tax":"131"}}},"bundled_items":[{"bundled_item_id":225,"product_id":28188,"menu_order":0,"quantity_min":0,"quantity_max":6,"quantity_default":2,"priced_individually":false,"shipped_individually":false,"override_title":false,"title":"Torri 1967 Pinot Grigio 0,75L","override_description":false,"description":"Torri 1967 Pinot Grigio 0,75L","optional":false,"hide_thumbnail":false,"discount":"","override_variations":false,"allowed_variations":[""],"override_default_variation_attributes":false,"default_variation_attributes":[],"single_product_visibility":"visible","cart_visibility":"hidden","order_visibility":"visible","single_product_price_visibility":"visible","cart_price_visibility":"visible","order_price_visibility":"visible","stock_status":"in_stock"},{"bundled_item_id":226,"product_id":28173,"menu_order":1,"quantity_min":0,"quantity_max":6,"quantity_default":2,"priced_individually":false,"shipped_individually":false,"override_title":false,"title":"Torri 1967 Bernsteinfarbener Pinot Grigio 0,75L","override_description":false,"description":"Torri 1967 Bernsteinfarbener Pinot Grigio 0,75L","optional":false,"hide_thumbnail":false,"discount":"","override_variations":false,"allowed_variations":[""],"override_default_variation_attributes":false,"default_variation_attributes":[],"single_product_visibility":"visible","cart_visibility":"hidden","order_visibility":"visible","single_product_price_visibility":"visible","cart_price_visibility":"visible","order_price_visibility":"visible","stock_status":"in_stock"},{"bundled_item_id":227,"product_id":32007,"menu_order":2,"quantity_min":0,"quantity_max":6,"quantity_default":1,"priced_individually":false,"shipped_individually":false,"override_title":false,"title":"Torri 1967 Merlot 0,75L","override_description":false,"description":"Torri 1967 Merlot 0,75L","optional":false,"hide_thumbnail":false,"discount":"","override_variations":false,"allowed_variations":[""],"override_default_variation_attributes":false,"default_variation_attributes":[],"single_product_visibility":"visible","cart_visibility":"hidden","order_visibility":"visible","single_product_price_visibility":"visible","cart_price_visibility":"visible","order_price_visibility":"visible","stock_status":"in_stock"},{"bundled_item_id":228,"product_id":32011,"menu_order":3,"quantity_min":0,"quantity_max":6,"quantity_default":1,"priced_individually":false,"shipped_individually":false,"override_title":false,"title":"Torri 1967 Primitivo IGT Puglia 0,75L","override_description":false,"description":"Torri 1967 Primitivo IGT Puglia 0,75L","optional":false,"hide_thumbnail":false,"discount":"","override_variations":false,"allowed_variations":[""],"override_default_variation_attributes":false,"default_variation_attributes":[],"single_product_visibility":"visible","cart_visibility":"hidden","order_visibility":"visible","single_product_price_visibility":"visible","cart_price_visibility":"visible","order_price_visibility":"visible","stock_status":"in_stock"},{"bundled_item_id":229,"product_id":34956,"menu_order":4,"quantity_min":1,"quantity_max":1,"quantity_default":1,"priced_individually":false,"shipped_individually":false,"override_title":false,"title":"Natives Oliven\u00f6l je 5 L von Torri Cantine","override_description":true,"description":"","optional":false,"hide_thumbnail":false,"discount":"","override_variations":false,"allowed_variations":[""],"override_default_variation_attributes":false,"default_variation_attributes":[],"single_product_visibility":"visible","cart_visibility":"hidden","order_visibility":"visible","single_product_price_visibility":"visible","cart_price_visibility":"visible","order_price_visibility":"visible","stock_status":"out_of_stock"}],"bundle_sell_ids":[],"yoast_head":"<!-- This site is optimized with the Yoast SEO plugin v27.3 - https:\/\/yoast.com\/product\/yoast-seo-wordpress\/ -->\n<title>Sonderangebot: 6x Flaschen 1967er Linie 0,75L + EVO-\u00d6l 3L - Torri Cantine Store COM<\/title>\n<meta name=\"robots\" content=\"index, follow, max-snippet:-1, max-image-preview:large, max-video-preview:-1\" \/>\n<link rel=\"canonical\" href=\"https:\/\/shop.torricantine.com\/de\/produkt\/sonderangebot-6x-flaschen-1967er-linie-075l-evo-ol-3l\/\" \/>\n<meta property=\"og:locale\" content=\"de_DE\" \/>\n<meta property=\"og:type\" content=\"article\" \/>\n<meta property=\"og:title\" content=\"Sonderangebot: 6x Flaschen 1967er Linie 0,75L + EVO-\u00d6l 3L - Torri Cantine Store COM\" \/>\n<meta property=\"og:description\" content=\"Verleihen Sie Fleischgerichten eine unverwechselbare Note mit der\u00a0Eleganz des EVO \u00d6ls von Torri Cantine. Hervorragend zum rohen Geschmack, aber auch zum Kochen und W\u00fcrzen von\u00a0Gerichten. Sehr zart und besonders geeignet f\u00fcr die mediterrane\u00a0Ern\u00e4hrung. Beim Kauf von 6 Flaschen ihrer Wahl der neuen 1967er Linie, erhten Sie 1 Flasche Natives Oliven\u00f6l je 3L von Torri Cantine.  Im Angebot f\u00fcr 104,95 \u20ac statt 131 \u20ac.  Kostenlose Lieferung\" \/>\n<meta property=\"og:url\" content=\"https:\/\/shop.torricantine.com\/de\/produkt\/sonderangebot-6x-flaschen-1967er-linie-075l-evo-ol-3l\/\" \/>\n<meta property=\"og:site_name\" content=\"Torri Cantine Store COM\" \/>\n<meta property=\"article:modified_time\" content=\"2026-01-14T09:10:26+00:00\" \/>\n<meta property=\"og:image\" content=\"https:\/\/shop.torricantine.com\/wp-content\/uploads\/2021\/09\/COM_6x1967-EVO-5L.png\" \/>\n\t<meta property=\"og:image:width\" content=\"529\" \/>\n\t<meta property=\"og:image:height\" content=\"800\" \/>\n\t<meta property=\"og:image:type\" content=\"image\/png\" \/>\n<meta name=\"twitter:card\" content=\"summary_large_image\" \/>\n<meta name=\"twitter:label1\" content=\"Gesch\u00e4tzte Lesezeit\" \/>\n\t<meta name=\"twitter:data1\" content=\"1\u00a0Minute\" \/>\n<script type=\"application\/ld+json\" class=\"yoast-schema-graph\">{\"@context\":\"https:\\\/\\\/schema.org\",\"@graph\":[{\"@type\":\"WebPage\",\"@id\":\"https:\\\/\\\/shop.torricantine.com\\\/de\\\/produkt\\\/sonderangebot-6x-flaschen-1967er-linie-075l-evo-ol-3l\\\/\",\"url\":\"https:\\\/\\\/shop.torricantine.com\\\/de\\\/produkt\\\/sonderangebot-6x-flaschen-1967er-linie-075l-evo-ol-3l\\\/\",\"name\":\"Sonderangebot: 6x Flaschen 1967er Linie 0,75L + EVO-\u00d6l 3L - Torri Cantine Store COM\",\"isPartOf\":{\"@id\":\"https:\\\/\\\/shop.torricantine.com\\\/de\\\/#website\"},\"primaryImageOfPage\":{\"@id\":\"https:\\\/\\\/shop.torricantine.com\\\/de\\\/produkt\\\/sonderangebot-6x-flaschen-1967er-linie-075l-evo-ol-3l\\\/#primaryimage\"},\"image\":{\"@id\":\"https:\\\/\\\/shop.torricantine.com\\\/de\\\/produkt\\\/sonderangebot-6x-flaschen-1967er-linie-075l-evo-ol-3l\\\/#primaryimage\"},\"thumbnailUrl\":\"https:\\\/\\\/shop.torricantine.com\\\/wp-content\\\/uploads\\\/2021\\\/09\\\/COM_6x1967-EVO-5L.png\",\"datePublished\":\"2021-09-09T06:00:38+00:00\",\"dateModified\":\"2026-01-14T09:10:26+00:00\",\"breadcrumb\":{\"@id\":\"https:\\\/\\\/shop.torricantine.com\\\/de\\\/produkt\\\/sonderangebot-6x-flaschen-1967er-linie-075l-evo-ol-3l\\\/#breadcrumb\"},\"inLanguage\":\"de\",\"potentialAction\":[{\"@type\":\"ReadAction\",\"target\":[\"https:\\\/\\\/shop.torricantine.com\\\/de\\\/produkt\\\/sonderangebot-6x-flaschen-1967er-linie-075l-evo-ol-3l\\\/\"]}]},{\"@type\":\"ImageObject\",\"inLanguage\":\"de\",\"@id\":\"https:\\\/\\\/shop.torricantine.com\\\/de\\\/produkt\\\/sonderangebot-6x-flaschen-1967er-linie-075l-evo-ol-3l\\\/#primaryimage\",\"url\":\"https:\\\/\\\/shop.torricantine.com\\\/wp-content\\\/uploads\\\/2021\\\/09\\\/COM_6x1967-EVO-5L.png\",\"contentUrl\":\"https:\\\/\\\/shop.torricantine.com\\\/wp-content\\\/uploads\\\/2021\\\/09\\\/COM_6x1967-EVO-5L.png\",\"width\":529,\"height\":800},{\"@type\":\"BreadcrumbList\",\"@id\":\"https:\\\/\\\/shop.torricantine.com\\\/de\\\/produkt\\\/sonderangebot-6x-flaschen-1967er-linie-075l-evo-ol-3l\\\/#breadcrumb\",\"itemListElement\":[{\"@type\":\"ListItem\",\"position\":1,\"name\":\"Home\",\"item\":\"https:\\\/\\\/shop.torricantine.com\\\/de\\\/\"},{\"@type\":\"ListItem\",\"position\":2,\"name\":\"Shop\",\"item\":\"https:\\\/\\\/shop.torricantine.com\\\/de\\\/shop\\\/\"},{\"@type\":\"ListItem\",\"position\":3,\"name\":\"Sonderangebot: 6x Flaschen 1967er Linie 0,75L + EVO-\u00d6l 3L\"}]},{\"@type\":\"WebSite\",\"@id\":\"https:\\\/\\\/shop.torricantine.com\\\/de\\\/#website\",\"url\":\"https:\\\/\\\/shop.torricantine.com\\\/de\\\/\",\"name\":\"Torri Cantine Store COM\",\"description\":\"Online store of our winery in Italy\",\"publisher\":{\"@id\":\"https:\\\/\\\/shop.torricantine.com\\\/de\\\/#organization\"},\"potentialAction\":[{\"@type\":\"SearchAction\",\"target\":{\"@type\":\"EntryPoint\",\"urlTemplate\":\"https:\\\/\\\/shop.torricantine.com\\\/de\\\/?s={search_term_string}\"},\"query-input\":{\"@type\":\"PropertyValueSpecification\",\"valueRequired\":true,\"valueName\":\"search_term_string\"}}],\"inLanguage\":\"de\"},{\"@type\":\"Organization\",\"@id\":\"https:\\\/\\\/shop.torricantine.com\\\/de\\\/#organization\",\"name\":\"Torri Cantine\",\"url\":\"https:\\\/\\\/shop.torricantine.com\\\/de\\\/\",\"logo\":{\"@type\":\"ImageObject\",\"inLanguage\":\"de\",\"@id\":\"https:\\\/\\\/shop.torricantine.com\\\/de\\\/#\\\/schema\\\/logo\\\/image\\\/\",\"url\":\"https:\\\/\\\/shop.torricantine.com\\\/wp-content\\\/uploads\\\/2020\\\/04\\\/torri-store-logo_text.png\",\"contentUrl\":\"https:\\\/\\\/shop.torricantine.com\\\/wp-content\\\/uploads\\\/2020\\\/04\\\/torri-store-logo_text.png\",\"width\":289,\"height\":361,\"caption\":\"Torri Cantine\"},\"image\":{\"@id\":\"https:\\\/\\\/shop.torricantine.com\\\/de\\\/#\\\/schema\\\/logo\\\/image\\\/\"}}]}<\/script>\n<!-- \/ Yoast SEO plugin. -->","yoast_head_json":{"title":"Sonderangebot: 6x Flaschen 1967er Linie 0,75L + EVO-\u00d6l 3L - Torri Cantine Store COM","robots":{"index":"index","follow":"follow","max-snippet":"max-snippet:-1","max-image-preview":"max-image-preview:large","max-video-preview":"max-video-preview:-1"},"canonical":"https:\/\/shop.torricantine.com\/de\/produkt\/sonderangebot-6x-flaschen-1967er-linie-075l-evo-ol-3l\/","og_locale":"de_DE","og_type":"article","og_title":"Sonderangebot: 6x Flaschen 1967er Linie 0,75L + EVO-\u00d6l 3L - Torri Cantine Store COM","og_description":"Verleihen Sie Fleischgerichten eine unverwechselbare Note mit der\u00a0Eleganz des EVO \u00d6ls von Torri Cantine. Hervorragend zum rohen Geschmack, aber auch zum Kochen und W\u00fcrzen von\u00a0Gerichten. Sehr zart und besonders geeignet f\u00fcr die mediterrane\u00a0Ern\u00e4hrung. Beim Kauf von 6 Flaschen ihrer Wahl der neuen 1967er Linie, erhten Sie 1 Flasche Natives Oliven\u00f6l je 3L von Torri Cantine.  Im Angebot f\u00fcr 104,95 \u20ac statt 131 \u20ac.  Kostenlose Lieferung","og_url":"https:\/\/shop.torricantine.com\/de\/produkt\/sonderangebot-6x-flaschen-1967er-linie-075l-evo-ol-3l\/","og_site_name":"Torri Cantine Store COM","article_modified_time":"2026-01-14T09:10:26+00:00","og_image":[{"width":529,"height":800,"url":"https:\/\/shop.torricantine.com\/wp-content\/uploads\/2021\/09\/COM_6x1967-EVO-5L.png","type":"image\/png"}],"twitter_card":"summary_large_image","twitter_misc":{"Gesch\u00e4tzte Lesezeit":"1\u00a0Minute"},"schema":{"@context":"https:\/\/schema.org","@graph":[{"@type":"WebPage","@id":"https:\/\/shop.torricantine.com\/de\/produkt\/sonderangebot-6x-flaschen-1967er-linie-075l-evo-ol-3l\/","url":"https:\/\/shop.torricantine.com\/de\/produkt\/sonderangebot-6x-flaschen-1967er-linie-075l-evo-ol-3l\/","name":"Sonderangebot: 6x Flaschen 1967er Linie 0,75L + EVO-\u00d6l 3L - Torri Cantine Store COM","isPartOf":{"@id":"https:\/\/shop.torricantine.com\/de\/#website"},"primaryImageOfPage":{"@id":"https:\/\/shop.torricantine.com\/de\/produkt\/sonderangebot-6x-flaschen-1967er-linie-075l-evo-ol-3l\/#primaryimage"},"image":{"@id":"https:\/\/shop.torricantine.com\/de\/produkt\/sonderangebot-6x-flaschen-1967er-linie-075l-evo-ol-3l\/#primaryimage"},"thumbnailUrl":"https:\/\/shop.torricantine.com\/wp-content\/uploads\/2021\/09\/COM_6x1967-EVO-5L.png","datePublished":"2021-09-09T06:00:38+00:00","dateModified":"2026-01-14T09:10:26+00:00","breadcrumb":{"@id":"https:\/\/shop.torricantine.com\/de\/produkt\/sonderangebot-6x-flaschen-1967er-linie-075l-evo-ol-3l\/#breadcrumb"},"inLanguage":"de","potentialAction":[{"@type":"ReadAction","target":["https:\/\/shop.torricantine.com\/de\/produkt\/sonderangebot-6x-flaschen-1967er-linie-075l-evo-ol-3l\/"]}]},{"@type":"ImageObject","inLanguage":"de","@id":"https:\/\/shop.torricantine.com\/de\/produkt\/sonderangebot-6x-flaschen-1967er-linie-075l-evo-ol-3l\/#primaryimage","url":"https:\/\/shop.torricantine.com\/wp-content\/uploads\/2021\/09\/COM_6x1967-EVO-5L.png","contentUrl":"https:\/\/shop.torricantine.com\/wp-content\/uploads\/2021\/09\/COM_6x1967-EVO-5L.png","width":529,"height":800},{"@type":"BreadcrumbList","@id":"https:\/\/shop.torricantine.com\/de\/produkt\/sonderangebot-6x-flaschen-1967er-linie-075l-evo-ol-3l\/#breadcrumb","itemListElement":[{"@type":"ListItem","position":1,"name":"Home","item":"https:\/\/shop.torricantine.com\/de\/"},{"@type":"ListItem","position":2,"name":"Shop","item":"https:\/\/shop.torricantine.com\/de\/shop\/"},{"@type":"ListItem","position":3,"name":"Sonderangebot: 6x Flaschen 1967er Linie 0,75L + EVO-\u00d6l 3L"}]},{"@type":"WebSite","@id":"https:\/\/shop.torricantine.com\/de\/#website","url":"https:\/\/shop.torricantine.com\/de\/","name":"Torri Cantine Store COM","description":"Online store of our winery in Italy","publisher":{"@id":"https:\/\/shop.torricantine.com\/de\/#organization"},"potentialAction":[{"@type":"SearchAction","target":{"@type":"EntryPoint","urlTemplate":"https:\/\/shop.torricantine.com\/de\/?s={search_term_string}"},"query-input":{"@type":"PropertyValueSpecification","valueRequired":true,"valueName":"search_term_string"}}],"inLanguage":"de"},{"@type":"Organization","@id":"https:\/\/shop.torricantine.com\/de\/#organization","name":"Torri Cantine","url":"https:\/\/shop.torricantine.com\/de\/","logo":{"@type":"ImageObject","inLanguage":"de","@id":"https:\/\/shop.torricantine.com\/de\/#\/schema\/logo\/image\/","url":"https:\/\/shop.torricantine.com\/wp-content\/uploads\/2020\/04\/torri-store-logo_text.png","contentUrl":"https:\/\/shop.torricantine.com\/wp-content\/uploads\/2020\/04\/torri-store-logo_text.png","width":289,"height":361,"caption":"Torri Cantine"},"image":{"@id":"https:\/\/shop.torricantine.com\/de\/#\/schema\/logo\/image\/"}}]}},"_links":{"self":[{"href":"https:\/\/shop.torricantine.com\/de\/wp-json\/wp\/v2\/product\/35976","targetHints":{"allow":["GET"]}}],"collection":[{"href":"https:\/\/shop.torricantine.com\/de\/wp-json\/wp\/v2\/product"}],"about":[{"href":"https:\/\/shop.torricantine.com\/de\/wp-json\/wp\/v2\/types\/product"}],"replies":[{"embeddable":true,"href":"https:\/\/shop.torricantine.com\/de\/wp-json\/wp\/v2\/comments?post=35976"}],"wp:featuredmedia":[{"embeddable":true,"href":"https:\/\/shop.torricantine.com\/de\/wp-json\/wp\/v2\/media\/56687"}],"wp:attachment":[{"href":"https:\/\/shop.torricantine.com\/de\/wp-json\/wp\/v2\/media?parent=35976"}],"wp:term":[{"taxonomy":"product_brand","embeddable":true,"href":"https:\/\/shop.torricantine.com\/de\/wp-json\/wp\/v2\/product_brand?post=35976"},{"taxonomy":"product_cat","embeddable":true,"href":"https:\/\/shop.torricantine.com\/de\/wp-json\/wp\/v2\/product_cat?post=35976"},{"taxonomy":"product_tag","embeddable":true,"href":"https:\/\/shop.torricantine.com\/de\/wp-json\/wp\/v2\/product_tag?post=35976"}],"curies":[{"name":"wp","href":"https:\/\/api.w.org\/{rel}","templated":true}]}}