{"id":32011,"date":"2021-06-25T00:01:14","date_gmt":"2021-06-24T22:01:14","guid":{"rendered":"https:\/\/shop.torricantine.com\/?post_type=product&#038;p=32011"},"modified":"2025-06-27T00:00:27","modified_gmt":"2025-06-26T22:00:27","slug":"torri-1967-primitivo-igt-puglia-075l","status":"publish","type":"product","link":"https:\/\/shop.torricantine.com\/de\/produkt\/torri-1967-primitivo-igt-puglia-075l\/","title":{"rendered":"Torri 1967 Primitivo IGT Puglia 0,75L"},"content":{"rendered":"<h1><strong>ANNIVERSARIO 1967 PRIMITIVO IGT 14%<\/strong><\/h1>\n<p><strong><u>SINNESNOTEN<\/u><\/strong><\/p>\n<p><strong>Farbe<\/strong>: Intensives Rubinrot, fast undurchdringlich, mit violetten Reflexen und einer beneidenswerten Textur.<br \/>\n<strong>Geruch<\/strong>: Intensiv, mit blumigen und fruchtigen D\u00fcften nach Heidelbeeren, Pflaumen, Kirschen, Schwarzkirschen, Beeren und Veilchen.<br \/>\n<strong>Geschmack<\/strong>: Trocken und energisch, frisch, mit einem guten Tanninen Gehalt, gut proportioniert zu einer scheinbar ged\u00e4mpften Sch\u00e4rfe und einer umh\u00fcllenden Weichheit. Ein gut strukturierter Wein, im Einklang mit den olfaktorischen D\u00fcften und mit einem zartbitteren Abgang nach Brombeeren.<\/p>\n<p><strong>Weinernte<\/strong><br \/>\nDieser Wein stammt aus einem f\u00fcr die Weinherstellung besonders\u00a0geeigneten Gebiet, aus alten Reben, die in idealer H\u00f6he liegen, in\u00a0einem\u00a0herrlichen Temperaturbereich und einer au\u00dfergew\u00f6hnlichen Lage.<br \/>\nEin Primitivo ist das Ergebnis einer Ernte, die zu zwei verschiedenen\u00a0Zeiten durchgef\u00fchrt wurde: die erste im August und die zweite Mitte<br \/>\nSeptember, ausschlie\u00dflich handgepfl\u00fcckt und aus einer Landwirtschaft,\u00a0die besonders auf die Umwelt achtet.<\/p>\n<p><strong>Vinifikation<\/strong><br \/>\nDieser Wein wird in klimatisierten Stahlbottichen hergestellt, gefolgt von einer malolaktischen G\u00e4rung und einer 4-monatigen Reifung in Betonwannen. Schlie\u00dflich findet die Abf\u00fcllung unter Ausschluss von Sauerstoff statt.<\/p>\n<p><strong>So servieren Sie unseren<\/strong> <strong>Pecorino<\/strong><br \/>\nEin Wein, den man bei einer Temperatur zwischen 14\u00b0 und 16\u00b0 in einem sch\u00f6nen gro\u00dfen Wein-Kelch genie\u00dfen sollte und immer einige Minuten vor dem Servieren entkorken m\u00f6chte, damit er sich gut \u00f6ffnen und sich optimal entfalten kann.<\/p>\n<p>Die perfekte Begleitung zu gut strukturierten und leckeren Gerichten und duftenden K\u00e4sesorten, aber auch zu Aperitifs, Vorspeisen, vegetarischen Gerichten, gegrilltem oder im Ofen gegarten Fleisch, sowie zu mittel oder lang gereiften K\u00e4sesorten.<\/p>\n<p>Wir empfehlen ihn au\u00dferdem mit Gem\u00fcse, Risotto mit Spargel, Lamm nach apulischer Art mit Kartoffeln, gebackener und gef\u00fcllter Truthahn oder ein Ricotta-Pilz-Crepe.<\/p>\n","protected":false},"excerpt":{"rendered":"<p>ANNIVERSARIO 1967 PRIMITIVO IGT 14% SINNESNOTEN Farbe: Intensives Rubinrot, fast undurchdringlich, mit violetten Reflexen und einer beneidenswerten Textur. Geruch: Intensiv, mit blumigen und fruchtigen D\u00fcften nach Heidelbeeren, Pflaumen, Kirschen, Schwarzkirschen, Beeren und Veilchen. Geschmack: Trocken und energisch, frisch, mit einem guten Tanninen Gehalt, gut proportioniert zu einer scheinbar ged\u00e4mpften Sch\u00e4rfe und einer umh\u00fcllenden Weichheit. Ein [&#8230;]\n","protected":false},"featured_media":56693,"comment_status":"open","ping_status":"closed","template":"","meta":[],"product_brand":[],"product_cat":[238,439,410,177,175],"product_tag":[],"class_list":{"0":"post-32011","1":"product","2":"type-product","3":"status-publish","4":"has-post-thumbnail","6":"product_cat-1967-de","7":"product_cat-flaschen","8":"product_cat-rote-auswahl","9":"product_cat-rotweine","10":"product_cat-torri-cantine-de","11":"product_shipping_class-bottiglie","13":"first","14":"instock","15":"taxable","16":"shipping-taxable","17":"purchasable","18":"product-type-simple"},"bundled_by":["33778","35976","52479","59959"],"bundle_stock_status":"instock","bundle_stock_quantity":null,"bundle_virtual":false,"bundle_layout":"","bundle_add_to_cart_form_location":"","bundle_editable_in_cart":false,"bundle_sold_individually_context":"","bundle_item_grouping":"","bundle_min_size":"","bundle_max_size":"","bundle_price":[],"bundled_items":[],"bundle_sell_ids":[],"yoast_head":"<!-- This site is optimized with the Yoast SEO plugin v27.4 - https:\/\/yoast.com\/product\/yoast-seo-wordpress\/ -->\n<title>Torri 1967 Primitivo IGT Puglia 0,75L - Torri Cantine Store COM<\/title>\n<meta name=\"robots\" content=\"index, follow, max-snippet:-1, max-image-preview:large, max-video-preview:-1\" \/>\n<link rel=\"canonical\" href=\"https:\/\/shop.torricantine.com\/de\/produkt\/torri-1967-primitivo-igt-puglia-075l\/\" \/>\n<meta property=\"og:locale\" content=\"de_DE\" \/>\n<meta property=\"og:type\" content=\"article\" \/>\n<meta property=\"og:title\" content=\"Torri 1967 Primitivo IGT Puglia 0,75L - Torri Cantine Store COM\" \/>\n<meta property=\"og:description\" content=\"ANNIVERSARIO 1967 PRIMITIVO IGT 14% SINNESNOTEN Farbe: Intensives Rubinrot, fast undurchdringlich, mit violetten Reflexen und einer beneidenswerten Textur. Geruch: Intensiv, mit blumigen und fruchtigen D\u00fcften nach Heidelbeeren, Pflaumen, Kirschen, Schwarzkirschen, Beeren und Veilchen. Geschmack: Trocken und energisch, frisch, mit einem guten Tanninen Gehalt, gut proportioniert zu einer scheinbar ged\u00e4mpften Sch\u00e4rfe und einer umh\u00fcllenden Weichheit. Ein [...]\" \/>\n<meta property=\"og:url\" content=\"https:\/\/shop.torricantine.com\/de\/produkt\/torri-1967-primitivo-igt-puglia-075l\/\" \/>\n<meta property=\"og:site_name\" content=\"Torri Cantine Store COM\" \/>\n<meta property=\"article:modified_time\" content=\"2025-06-26T22:00:27+00:00\" \/>\n<meta property=\"og:image\" content=\"https:\/\/shop.torricantine.com\/wp-content\/uploads\/2021\/06\/1967_primitivo-1.png\" \/>\n\t<meta property=\"og:image:width\" content=\"224\" \/>\n\t<meta property=\"og:image:height\" content=\"799\" \/>\n\t<meta property=\"og:image:type\" content=\"image\/png\" \/>\n<meta name=\"twitter:card\" content=\"summary_large_image\" \/>\n<meta name=\"twitter:label1\" content=\"Gesch\u00e4tzte Lesezeit\" \/>\n\t<meta name=\"twitter:data1\" content=\"2\u00a0Minuten\" \/>\n<script type=\"application\/ld+json\" class=\"yoast-schema-graph\">{\"@context\":\"https:\\\/\\\/schema.org\",\"@graph\":[{\"@type\":\"WebPage\",\"@id\":\"https:\\\/\\\/shop.torricantine.com\\\/de\\\/produkt\\\/torri-1967-primitivo-igt-puglia-075l\\\/\",\"url\":\"https:\\\/\\\/shop.torricantine.com\\\/de\\\/produkt\\\/torri-1967-primitivo-igt-puglia-075l\\\/\",\"name\":\"Torri 1967 Primitivo IGT Puglia 0,75L - Torri Cantine Store COM\",\"isPartOf\":{\"@id\":\"https:\\\/\\\/shop.torricantine.com\\\/de\\\/#website\"},\"primaryImageOfPage\":{\"@id\":\"https:\\\/\\\/shop.torricantine.com\\\/de\\\/produkt\\\/torri-1967-primitivo-igt-puglia-075l\\\/#primaryimage\"},\"image\":{\"@id\":\"https:\\\/\\\/shop.torricantine.com\\\/de\\\/produkt\\\/torri-1967-primitivo-igt-puglia-075l\\\/#primaryimage\"},\"thumbnailUrl\":\"https:\\\/\\\/shop.torricantine.com\\\/wp-content\\\/uploads\\\/2021\\\/06\\\/1967_primitivo-1.png\",\"datePublished\":\"2021-06-24T22:01:14+00:00\",\"dateModified\":\"2025-06-26T22:00:27+00:00\",\"breadcrumb\":{\"@id\":\"https:\\\/\\\/shop.torricantine.com\\\/de\\\/produkt\\\/torri-1967-primitivo-igt-puglia-075l\\\/#breadcrumb\"},\"inLanguage\":\"de\",\"potentialAction\":[{\"@type\":\"ReadAction\",\"target\":[\"https:\\\/\\\/shop.torricantine.com\\\/de\\\/produkt\\\/torri-1967-primitivo-igt-puglia-075l\\\/\"]}]},{\"@type\":\"ImageObject\",\"inLanguage\":\"de\",\"@id\":\"https:\\\/\\\/shop.torricantine.com\\\/de\\\/produkt\\\/torri-1967-primitivo-igt-puglia-075l\\\/#primaryimage\",\"url\":\"https:\\\/\\\/shop.torricantine.com\\\/wp-content\\\/uploads\\\/2021\\\/06\\\/1967_primitivo-1.png\",\"contentUrl\":\"https:\\\/\\\/shop.torricantine.com\\\/wp-content\\\/uploads\\\/2021\\\/06\\\/1967_primitivo-1.png\",\"width\":224,\"height\":799},{\"@type\":\"BreadcrumbList\",\"@id\":\"https:\\\/\\\/shop.torricantine.com\\\/de\\\/produkt\\\/torri-1967-primitivo-igt-puglia-075l\\\/#breadcrumb\",\"itemListElement\":[{\"@type\":\"ListItem\",\"position\":1,\"name\":\"Home\",\"item\":\"https:\\\/\\\/shop.torricantine.com\\\/de\\\/\"},{\"@type\":\"ListItem\",\"position\":2,\"name\":\"Shop\",\"item\":\"https:\\\/\\\/shop.torricantine.com\\\/de\\\/shop\\\/\"},{\"@type\":\"ListItem\",\"position\":3,\"name\":\"Torri 1967 Primitivo IGT Puglia 0,75L\"}]},{\"@type\":\"WebSite\",\"@id\":\"https:\\\/\\\/shop.torricantine.com\\\/de\\\/#website\",\"url\":\"https:\\\/\\\/shop.torricantine.com\\\/de\\\/\",\"name\":\"Torri Cantine Store COM\",\"description\":\"Online store of our winery in Italy\",\"publisher\":{\"@id\":\"https:\\\/\\\/shop.torricantine.com\\\/de\\\/#organization\"},\"potentialAction\":[{\"@type\":\"SearchAction\",\"target\":{\"@type\":\"EntryPoint\",\"urlTemplate\":\"https:\\\/\\\/shop.torricantine.com\\\/de\\\/?s={search_term_string}\"},\"query-input\":{\"@type\":\"PropertyValueSpecification\",\"valueRequired\":true,\"valueName\":\"search_term_string\"}}],\"inLanguage\":\"de\"},{\"@type\":\"Organization\",\"@id\":\"https:\\\/\\\/shop.torricantine.com\\\/de\\\/#organization\",\"name\":\"Torri Cantine\",\"url\":\"https:\\\/\\\/shop.torricantine.com\\\/de\\\/\",\"logo\":{\"@type\":\"ImageObject\",\"inLanguage\":\"de\",\"@id\":\"https:\\\/\\\/shop.torricantine.com\\\/de\\\/#\\\/schema\\\/logo\\\/image\\\/\",\"url\":\"https:\\\/\\\/shop.torricantine.com\\\/wp-content\\\/uploads\\\/2020\\\/04\\\/torri-store-logo_text.png\",\"contentUrl\":\"https:\\\/\\\/shop.torricantine.com\\\/wp-content\\\/uploads\\\/2020\\\/04\\\/torri-store-logo_text.png\",\"width\":289,\"height\":361,\"caption\":\"Torri Cantine\"},\"image\":{\"@id\":\"https:\\\/\\\/shop.torricantine.com\\\/de\\\/#\\\/schema\\\/logo\\\/image\\\/\"}}]}<\/script>\n<!-- \/ Yoast SEO plugin. -->","yoast_head_json":{"title":"Torri 1967 Primitivo IGT Puglia 0,75L - Torri Cantine Store COM","robots":{"index":"index","follow":"follow","max-snippet":"max-snippet:-1","max-image-preview":"max-image-preview:large","max-video-preview":"max-video-preview:-1"},"canonical":"https:\/\/shop.torricantine.com\/de\/produkt\/torri-1967-primitivo-igt-puglia-075l\/","og_locale":"de_DE","og_type":"article","og_title":"Torri 1967 Primitivo IGT Puglia 0,75L - Torri Cantine Store COM","og_description":"ANNIVERSARIO 1967 PRIMITIVO IGT 14% SINNESNOTEN Farbe: Intensives Rubinrot, fast undurchdringlich, mit violetten Reflexen und einer beneidenswerten Textur. Geruch: Intensiv, mit blumigen und fruchtigen D\u00fcften nach Heidelbeeren, Pflaumen, Kirschen, Schwarzkirschen, Beeren und Veilchen. Geschmack: Trocken und energisch, frisch, mit einem guten Tanninen Gehalt, gut proportioniert zu einer scheinbar ged\u00e4mpften Sch\u00e4rfe und einer umh\u00fcllenden Weichheit. Ein [...]","og_url":"https:\/\/shop.torricantine.com\/de\/produkt\/torri-1967-primitivo-igt-puglia-075l\/","og_site_name":"Torri Cantine Store COM","article_modified_time":"2025-06-26T22:00:27+00:00","og_image":[{"width":224,"height":799,"url":"https:\/\/shop.torricantine.com\/wp-content\/uploads\/2021\/06\/1967_primitivo-1.png","type":"image\/png"}],"twitter_card":"summary_large_image","twitter_misc":{"Gesch\u00e4tzte Lesezeit":"2\u00a0Minuten"},"schema":{"@context":"https:\/\/schema.org","@graph":[{"@type":"WebPage","@id":"https:\/\/shop.torricantine.com\/de\/produkt\/torri-1967-primitivo-igt-puglia-075l\/","url":"https:\/\/shop.torricantine.com\/de\/produkt\/torri-1967-primitivo-igt-puglia-075l\/","name":"Torri 1967 Primitivo IGT Puglia 0,75L - Torri Cantine Store COM","isPartOf":{"@id":"https:\/\/shop.torricantine.com\/de\/#website"},"primaryImageOfPage":{"@id":"https:\/\/shop.torricantine.com\/de\/produkt\/torri-1967-primitivo-igt-puglia-075l\/#primaryimage"},"image":{"@id":"https:\/\/shop.torricantine.com\/de\/produkt\/torri-1967-primitivo-igt-puglia-075l\/#primaryimage"},"thumbnailUrl":"https:\/\/shop.torricantine.com\/wp-content\/uploads\/2021\/06\/1967_primitivo-1.png","datePublished":"2021-06-24T22:01:14+00:00","dateModified":"2025-06-26T22:00:27+00:00","breadcrumb":{"@id":"https:\/\/shop.torricantine.com\/de\/produkt\/torri-1967-primitivo-igt-puglia-075l\/#breadcrumb"},"inLanguage":"de","potentialAction":[{"@type":"ReadAction","target":["https:\/\/shop.torricantine.com\/de\/produkt\/torri-1967-primitivo-igt-puglia-075l\/"]}]},{"@type":"ImageObject","inLanguage":"de","@id":"https:\/\/shop.torricantine.com\/de\/produkt\/torri-1967-primitivo-igt-puglia-075l\/#primaryimage","url":"https:\/\/shop.torricantine.com\/wp-content\/uploads\/2021\/06\/1967_primitivo-1.png","contentUrl":"https:\/\/shop.torricantine.com\/wp-content\/uploads\/2021\/06\/1967_primitivo-1.png","width":224,"height":799},{"@type":"BreadcrumbList","@id":"https:\/\/shop.torricantine.com\/de\/produkt\/torri-1967-primitivo-igt-puglia-075l\/#breadcrumb","itemListElement":[{"@type":"ListItem","position":1,"name":"Home","item":"https:\/\/shop.torricantine.com\/de\/"},{"@type":"ListItem","position":2,"name":"Shop","item":"https:\/\/shop.torricantine.com\/de\/shop\/"},{"@type":"ListItem","position":3,"name":"Torri 1967 Primitivo IGT Puglia 0,75L"}]},{"@type":"WebSite","@id":"https:\/\/shop.torricantine.com\/de\/#website","url":"https:\/\/shop.torricantine.com\/de\/","name":"Torri Cantine Store COM","description":"Online store of our winery in Italy","publisher":{"@id":"https:\/\/shop.torricantine.com\/de\/#organization"},"potentialAction":[{"@type":"SearchAction","target":{"@type":"EntryPoint","urlTemplate":"https:\/\/shop.torricantine.com\/de\/?s={search_term_string}"},"query-input":{"@type":"PropertyValueSpecification","valueRequired":true,"valueName":"search_term_string"}}],"inLanguage":"de"},{"@type":"Organization","@id":"https:\/\/shop.torricantine.com\/de\/#organization","name":"Torri Cantine","url":"https:\/\/shop.torricantine.com\/de\/","logo":{"@type":"ImageObject","inLanguage":"de","@id":"https:\/\/shop.torricantine.com\/de\/#\/schema\/logo\/image\/","url":"https:\/\/shop.torricantine.com\/wp-content\/uploads\/2020\/04\/torri-store-logo_text.png","contentUrl":"https:\/\/shop.torricantine.com\/wp-content\/uploads\/2020\/04\/torri-store-logo_text.png","width":289,"height":361,"caption":"Torri Cantine"},"image":{"@id":"https:\/\/shop.torricantine.com\/de\/#\/schema\/logo\/image\/"}}]}},"_links":{"self":[{"href":"https:\/\/shop.torricantine.com\/de\/wp-json\/wp\/v2\/product\/32011","targetHints":{"allow":["GET"]}}],"collection":[{"href":"https:\/\/shop.torricantine.com\/de\/wp-json\/wp\/v2\/product"}],"about":[{"href":"https:\/\/shop.torricantine.com\/de\/wp-json\/wp\/v2\/types\/product"}],"replies":[{"embeddable":true,"href":"https:\/\/shop.torricantine.com\/de\/wp-json\/wp\/v2\/comments?post=32011"}],"wp:featuredmedia":[{"embeddable":true,"href":"https:\/\/shop.torricantine.com\/de\/wp-json\/wp\/v2\/media\/56693"}],"wp:attachment":[{"href":"https:\/\/shop.torricantine.com\/de\/wp-json\/wp\/v2\/media?parent=32011"}],"wp:term":[{"taxonomy":"product_brand","embeddable":true,"href":"https:\/\/shop.torricantine.com\/de\/wp-json\/wp\/v2\/product_brand?post=32011"},{"taxonomy":"product_cat","embeddable":true,"href":"https:\/\/shop.torricantine.com\/de\/wp-json\/wp\/v2\/product_cat?post=32011"},{"taxonomy":"product_tag","embeddable":true,"href":"https:\/\/shop.torricantine.com\/de\/wp-json\/wp\/v2\/product_tag?post=32011"}],"curies":[{"name":"wp","href":"https:\/\/api.w.org\/{rel}","templated":true}]}}