{"id":32007,"date":"2021-06-25T00:01:00","date_gmt":"2021-06-24T22:01:00","guid":{"rendered":"https:\/\/shop.torricantine.com\/?post_type=product&#038;p=32007"},"modified":"2025-06-27T00:00:30","modified_gmt":"2025-06-26T22:00:30","slug":"torri-1967-merlot-075l","status":"publish","type":"product","link":"https:\/\/shop.torricantine.com\/de\/produkt\/torri-1967-merlot-075l\/","title":{"rendered":"Torri 1967 Merlot 0,75L"},"content":{"rendered":"<h1><strong>TORRI &#8211; ANNIVERSARIO 1967 MERLOT 13,5%<\/strong><\/h1>\n<p><strong><u>SINNESNOTEN<\/u><\/strong><\/p>\n<p><strong>Farbe<\/strong>: Leuchtendes Rubinrot mit violetten Reflexen und einer wunderbaren Konsistenz.<br \/>\n<strong>Geruch<\/strong>: Intensiv und fein, mit Nuances von Brombeere, Kirsche, Pflaume und Veilchen<br \/>\n<strong>Geschmack<\/strong>: im Gaumen ist er trocken begleitet von einer zarten W\u00e4rme und von einer energischen Weichheit, die mit frischen und gut gemischten Tanninen und von einer leichten W\u00fcrze ausbalanciert werden.<\/p>\n<p>Die olfaktorischen Empfindungen werden in den Aromen best\u00e4tigt, die hartn\u00e4ckig und gut miteinander verbunden sind, mit der Zugabe von Humusnoten und zarten Kr\u00e4uternoten.<\/p>\n<p><strong>Ernte<\/strong><br \/>\nAus einem f\u00fcr die Weinbereitung besonders geeigneten Gebiet, in idealer H\u00f6he und mit herrlichem Temperaturspektrum, aus drei\u00dfigj\u00e4hrigen Reben, die ihre Herkunft in Tendone und Guyot findet.<br \/>\nMerlot ist das Ergebnis einer streng manuellen Ernte in den ersten zehn Septembertagen, einer Landwirtschaft, die sehr auf die Umwelt achtet.<\/p>\n<p><strong>Weinherstellung<\/strong><br \/>\nDieser Rotwein wird in vollklimatisierten Edelstahlbeh\u00e4ltern vinifiziert, und sobald die malolaktische G\u00e4rung abgeschlossen ist, reift er weitere 3 Monate in Betontanks. Danach wird er unter Ausschluss von Sauerstoff in die Flasche gef\u00fcllt.<\/p>\n<p><strong>So kombinieren Sie unseren Merlot-Wein<\/strong><br \/>\nEin Wein, den man bei einer Temperatur zwischen 12\u00b0 und 14\u00b0 in einem sch\u00f6nen gro\u00dfen Wein-Kelch genie\u00dfen sollte und immer einige Minuten vor dem Servieren entkorken m\u00f6chte, damit er sich gut \u00f6ffnen und sich optimal entfalten kann.<br \/>\nZu jeden Anlass ist er eine hervorragend Wahl, der typische Rotwein, der nicht nur an kalten Wintertagen gesch\u00e4tzt wird, sondern auch dann, wenn hohe Temperaturen uns dazu bringen w\u00fcrden, unsere Lieblingsfarbe aufzugeben, und eher zu Wei\u00df- oder Ros\u00e9weinen zugreifen.<\/p>\n<p>Perfekt zu Aperitifs, Vorspeisen, herzhaften Speisen, vegetarischen Gerichten, wei\u00dfem und rotem Fleisch sowie frischem und mittelgereiften K\u00e4se.<br \/>\nWir empfehlen ihn mit Crostini alla Caprese, Spaghetti mit K\u00e4se und Pfeffer, eine Auberginen-Parmigiana, s\u00fc\u00df-saures H\u00fchnchen, Rucolastreifen oder einen zarten Bra DOP vor.<\/p>\n","protected":false},"excerpt":{"rendered":"<p>TORRI &#8211; ANNIVERSARIO 1967 MERLOT 13,5% SINNESNOTEN Farbe: Leuchtendes Rubinrot mit violetten Reflexen und einer wunderbaren Konsistenz. Geruch: Intensiv und fein, mit Nuances von Brombeere, Kirsche, Pflaume und Veilchen Geschmack: im Gaumen ist er trocken begleitet von einer zarten W\u00e4rme und von einer energischen Weichheit, die mit frischen und gut gemischten Tanninen und von einer [&#8230;]\n","protected":false},"featured_media":56702,"comment_status":"open","ping_status":"closed","template":"","meta":[],"product_brand":[],"product_cat":[238,439,410,177,175],"product_tag":[],"class_list":{"0":"post-32007","1":"product","2":"type-product","3":"status-publish","4":"has-post-thumbnail","6":"product_cat-1967-de","7":"product_cat-flaschen","8":"product_cat-rote-auswahl","9":"product_cat-rotweine","10":"product_cat-torri-cantine-de","11":"product_shipping_class-bottiglie","13":"first","14":"instock","15":"taxable","16":"shipping-taxable","17":"purchasable","18":"product-type-simple"},"bundled_by":["33778","35976","52479","59959"],"bundle_stock_status":"instock","bundle_stock_quantity":null,"bundle_virtual":false,"bundle_layout":"","bundle_add_to_cart_form_location":"","bundle_editable_in_cart":false,"bundle_sold_individually_context":"","bundle_item_grouping":"","bundle_min_size":"","bundle_max_size":"","bundle_price":[],"bundled_items":[],"bundle_sell_ids":[],"yoast_head":"<!-- This site is optimized with the Yoast SEO plugin v27.5 - https:\/\/yoast.com\/product\/yoast-seo-wordpress\/ -->\n<title>Torri 1967 Merlot 0,75L - Torri Cantine Store COM<\/title>\n<meta name=\"robots\" content=\"index, follow, max-snippet:-1, max-image-preview:large, max-video-preview:-1\" \/>\n<link rel=\"canonical\" href=\"https:\/\/shop.torricantine.com\/de\/produkt\/torri-1967-merlot-075l\/\" \/>\n<meta property=\"og:locale\" content=\"de_DE\" \/>\n<meta property=\"og:type\" content=\"article\" \/>\n<meta property=\"og:title\" content=\"Torri 1967 Merlot 0,75L - Torri Cantine Store COM\" \/>\n<meta property=\"og:description\" content=\"TORRI &#8211; ANNIVERSARIO 1967 MERLOT 13,5% SINNESNOTEN Farbe: Leuchtendes Rubinrot mit violetten Reflexen und einer wunderbaren Konsistenz. Geruch: Intensiv und fein, mit Nuances von Brombeere, Kirsche, Pflaume und Veilchen Geschmack: im Gaumen ist er trocken begleitet von einer zarten W\u00e4rme und von einer energischen Weichheit, die mit frischen und gut gemischten Tanninen und von einer [...]\" \/>\n<meta property=\"og:url\" content=\"https:\/\/shop.torricantine.com\/de\/produkt\/torri-1967-merlot-075l\/\" \/>\n<meta property=\"og:site_name\" content=\"Torri Cantine Store COM\" \/>\n<meta property=\"article:modified_time\" content=\"2025-06-26T22:00:30+00:00\" \/>\n<meta property=\"og:image\" content=\"https:\/\/shop.torricantine.com\/wp-content\/uploads\/2021\/06\/1967_merlot-1.png\" \/>\n\t<meta property=\"og:image:width\" content=\"220\" \/>\n\t<meta property=\"og:image:height\" content=\"800\" \/>\n\t<meta property=\"og:image:type\" content=\"image\/png\" \/>\n<meta name=\"twitter:card\" content=\"summary_large_image\" \/>\n<meta name=\"twitter:label1\" content=\"Gesch\u00e4tzte Lesezeit\" \/>\n\t<meta name=\"twitter:data1\" content=\"2\u00a0Minuten\" \/>\n<script type=\"application\/ld+json\" class=\"yoast-schema-graph\">{\"@context\":\"https:\\\/\\\/schema.org\",\"@graph\":[{\"@type\":\"WebPage\",\"@id\":\"https:\\\/\\\/shop.torricantine.com\\\/de\\\/produkt\\\/torri-1967-merlot-075l\\\/\",\"url\":\"https:\\\/\\\/shop.torricantine.com\\\/de\\\/produkt\\\/torri-1967-merlot-075l\\\/\",\"name\":\"Torri 1967 Merlot 0,75L - Torri Cantine Store COM\",\"isPartOf\":{\"@id\":\"https:\\\/\\\/shop.torricantine.com\\\/de\\\/#website\"},\"primaryImageOfPage\":{\"@id\":\"https:\\\/\\\/shop.torricantine.com\\\/de\\\/produkt\\\/torri-1967-merlot-075l\\\/#primaryimage\"},\"image\":{\"@id\":\"https:\\\/\\\/shop.torricantine.com\\\/de\\\/produkt\\\/torri-1967-merlot-075l\\\/#primaryimage\"},\"thumbnailUrl\":\"https:\\\/\\\/shop.torricantine.com\\\/wp-content\\\/uploads\\\/2021\\\/06\\\/1967_merlot-1.png\",\"datePublished\":\"2021-06-24T22:01:00+00:00\",\"dateModified\":\"2025-06-26T22:00:30+00:00\",\"breadcrumb\":{\"@id\":\"https:\\\/\\\/shop.torricantine.com\\\/de\\\/produkt\\\/torri-1967-merlot-075l\\\/#breadcrumb\"},\"inLanguage\":\"de\",\"potentialAction\":[{\"@type\":\"ReadAction\",\"target\":[\"https:\\\/\\\/shop.torricantine.com\\\/de\\\/produkt\\\/torri-1967-merlot-075l\\\/\"]}]},{\"@type\":\"ImageObject\",\"inLanguage\":\"de\",\"@id\":\"https:\\\/\\\/shop.torricantine.com\\\/de\\\/produkt\\\/torri-1967-merlot-075l\\\/#primaryimage\",\"url\":\"https:\\\/\\\/shop.torricantine.com\\\/wp-content\\\/uploads\\\/2021\\\/06\\\/1967_merlot-1.png\",\"contentUrl\":\"https:\\\/\\\/shop.torricantine.com\\\/wp-content\\\/uploads\\\/2021\\\/06\\\/1967_merlot-1.png\",\"width\":220,\"height\":800},{\"@type\":\"BreadcrumbList\",\"@id\":\"https:\\\/\\\/shop.torricantine.com\\\/de\\\/produkt\\\/torri-1967-merlot-075l\\\/#breadcrumb\",\"itemListElement\":[{\"@type\":\"ListItem\",\"position\":1,\"name\":\"Home\",\"item\":\"https:\\\/\\\/shop.torricantine.com\\\/de\\\/\"},{\"@type\":\"ListItem\",\"position\":2,\"name\":\"Shop\",\"item\":\"https:\\\/\\\/shop.torricantine.com\\\/de\\\/shop\\\/\"},{\"@type\":\"ListItem\",\"position\":3,\"name\":\"Torri 1967 Merlot 0,75L\"}]},{\"@type\":\"WebSite\",\"@id\":\"https:\\\/\\\/shop.torricantine.com\\\/de\\\/#website\",\"url\":\"https:\\\/\\\/shop.torricantine.com\\\/de\\\/\",\"name\":\"Torri Cantine Store COM\",\"description\":\"Online store of our winery in Italy\",\"publisher\":{\"@id\":\"https:\\\/\\\/shop.torricantine.com\\\/de\\\/#organization\"},\"potentialAction\":[{\"@type\":\"SearchAction\",\"target\":{\"@type\":\"EntryPoint\",\"urlTemplate\":\"https:\\\/\\\/shop.torricantine.com\\\/de\\\/?s={search_term_string}\"},\"query-input\":{\"@type\":\"PropertyValueSpecification\",\"valueRequired\":true,\"valueName\":\"search_term_string\"}}],\"inLanguage\":\"de\"},{\"@type\":\"Organization\",\"@id\":\"https:\\\/\\\/shop.torricantine.com\\\/de\\\/#organization\",\"name\":\"Torri Cantine\",\"url\":\"https:\\\/\\\/shop.torricantine.com\\\/de\\\/\",\"logo\":{\"@type\":\"ImageObject\",\"inLanguage\":\"de\",\"@id\":\"https:\\\/\\\/shop.torricantine.com\\\/de\\\/#\\\/schema\\\/logo\\\/image\\\/\",\"url\":\"https:\\\/\\\/shop.torricantine.com\\\/wp-content\\\/uploads\\\/2020\\\/04\\\/torri-store-logo_text.png\",\"contentUrl\":\"https:\\\/\\\/shop.torricantine.com\\\/wp-content\\\/uploads\\\/2020\\\/04\\\/torri-store-logo_text.png\",\"width\":289,\"height\":361,\"caption\":\"Torri Cantine\"},\"image\":{\"@id\":\"https:\\\/\\\/shop.torricantine.com\\\/de\\\/#\\\/schema\\\/logo\\\/image\\\/\"}}]}<\/script>\n<!-- \/ Yoast SEO plugin. -->","yoast_head_json":{"title":"Torri 1967 Merlot 0,75L - Torri Cantine Store COM","robots":{"index":"index","follow":"follow","max-snippet":"max-snippet:-1","max-image-preview":"max-image-preview:large","max-video-preview":"max-video-preview:-1"},"canonical":"https:\/\/shop.torricantine.com\/de\/produkt\/torri-1967-merlot-075l\/","og_locale":"de_DE","og_type":"article","og_title":"Torri 1967 Merlot 0,75L - Torri Cantine Store COM","og_description":"TORRI &#8211; ANNIVERSARIO 1967 MERLOT 13,5% SINNESNOTEN Farbe: Leuchtendes Rubinrot mit violetten Reflexen und einer wunderbaren Konsistenz. Geruch: Intensiv und fein, mit Nuances von Brombeere, Kirsche, Pflaume und Veilchen Geschmack: im Gaumen ist er trocken begleitet von einer zarten W\u00e4rme und von einer energischen Weichheit, die mit frischen und gut gemischten Tanninen und von einer [...]","og_url":"https:\/\/shop.torricantine.com\/de\/produkt\/torri-1967-merlot-075l\/","og_site_name":"Torri Cantine Store COM","article_modified_time":"2025-06-26T22:00:30+00:00","og_image":[{"width":220,"height":800,"url":"https:\/\/shop.torricantine.com\/wp-content\/uploads\/2021\/06\/1967_merlot-1.png","type":"image\/png"}],"twitter_card":"summary_large_image","twitter_misc":{"Gesch\u00e4tzte Lesezeit":"2\u00a0Minuten"},"schema":{"@context":"https:\/\/schema.org","@graph":[{"@type":"WebPage","@id":"https:\/\/shop.torricantine.com\/de\/produkt\/torri-1967-merlot-075l\/","url":"https:\/\/shop.torricantine.com\/de\/produkt\/torri-1967-merlot-075l\/","name":"Torri 1967 Merlot 0,75L - Torri Cantine Store COM","isPartOf":{"@id":"https:\/\/shop.torricantine.com\/de\/#website"},"primaryImageOfPage":{"@id":"https:\/\/shop.torricantine.com\/de\/produkt\/torri-1967-merlot-075l\/#primaryimage"},"image":{"@id":"https:\/\/shop.torricantine.com\/de\/produkt\/torri-1967-merlot-075l\/#primaryimage"},"thumbnailUrl":"https:\/\/shop.torricantine.com\/wp-content\/uploads\/2021\/06\/1967_merlot-1.png","datePublished":"2021-06-24T22:01:00+00:00","dateModified":"2025-06-26T22:00:30+00:00","breadcrumb":{"@id":"https:\/\/shop.torricantine.com\/de\/produkt\/torri-1967-merlot-075l\/#breadcrumb"},"inLanguage":"de","potentialAction":[{"@type":"ReadAction","target":["https:\/\/shop.torricantine.com\/de\/produkt\/torri-1967-merlot-075l\/"]}]},{"@type":"ImageObject","inLanguage":"de","@id":"https:\/\/shop.torricantine.com\/de\/produkt\/torri-1967-merlot-075l\/#primaryimage","url":"https:\/\/shop.torricantine.com\/wp-content\/uploads\/2021\/06\/1967_merlot-1.png","contentUrl":"https:\/\/shop.torricantine.com\/wp-content\/uploads\/2021\/06\/1967_merlot-1.png","width":220,"height":800},{"@type":"BreadcrumbList","@id":"https:\/\/shop.torricantine.com\/de\/produkt\/torri-1967-merlot-075l\/#breadcrumb","itemListElement":[{"@type":"ListItem","position":1,"name":"Home","item":"https:\/\/shop.torricantine.com\/de\/"},{"@type":"ListItem","position":2,"name":"Shop","item":"https:\/\/shop.torricantine.com\/de\/shop\/"},{"@type":"ListItem","position":3,"name":"Torri 1967 Merlot 0,75L"}]},{"@type":"WebSite","@id":"https:\/\/shop.torricantine.com\/de\/#website","url":"https:\/\/shop.torricantine.com\/de\/","name":"Torri Cantine Store COM","description":"Online store of our winery in Italy","publisher":{"@id":"https:\/\/shop.torricantine.com\/de\/#organization"},"potentialAction":[{"@type":"SearchAction","target":{"@type":"EntryPoint","urlTemplate":"https:\/\/shop.torricantine.com\/de\/?s={search_term_string}"},"query-input":{"@type":"PropertyValueSpecification","valueRequired":true,"valueName":"search_term_string"}}],"inLanguage":"de"},{"@type":"Organization","@id":"https:\/\/shop.torricantine.com\/de\/#organization","name":"Torri Cantine","url":"https:\/\/shop.torricantine.com\/de\/","logo":{"@type":"ImageObject","inLanguage":"de","@id":"https:\/\/shop.torricantine.com\/de\/#\/schema\/logo\/image\/","url":"https:\/\/shop.torricantine.com\/wp-content\/uploads\/2020\/04\/torri-store-logo_text.png","contentUrl":"https:\/\/shop.torricantine.com\/wp-content\/uploads\/2020\/04\/torri-store-logo_text.png","width":289,"height":361,"caption":"Torri Cantine"},"image":{"@id":"https:\/\/shop.torricantine.com\/de\/#\/schema\/logo\/image\/"}}]}},"_links":{"self":[{"href":"https:\/\/shop.torricantine.com\/de\/wp-json\/wp\/v2\/product\/32007","targetHints":{"allow":["GET"]}}],"collection":[{"href":"https:\/\/shop.torricantine.com\/de\/wp-json\/wp\/v2\/product"}],"about":[{"href":"https:\/\/shop.torricantine.com\/de\/wp-json\/wp\/v2\/types\/product"}],"replies":[{"embeddable":true,"href":"https:\/\/shop.torricantine.com\/de\/wp-json\/wp\/v2\/comments?post=32007"}],"wp:featuredmedia":[{"embeddable":true,"href":"https:\/\/shop.torricantine.com\/de\/wp-json\/wp\/v2\/media\/56702"}],"wp:attachment":[{"href":"https:\/\/shop.torricantine.com\/de\/wp-json\/wp\/v2\/media?parent=32007"}],"wp:term":[{"taxonomy":"product_brand","embeddable":true,"href":"https:\/\/shop.torricantine.com\/de\/wp-json\/wp\/v2\/product_brand?post=32007"},{"taxonomy":"product_cat","embeddable":true,"href":"https:\/\/shop.torricantine.com\/de\/wp-json\/wp\/v2\/product_cat?post=32007"},{"taxonomy":"product_tag","embeddable":true,"href":"https:\/\/shop.torricantine.com\/de\/wp-json\/wp\/v2\/product_tag?post=32007"}],"curies":[{"name":"wp","href":"https:\/\/api.w.org\/{rel}","templated":true}]}}