{"id":29406,"date":"2021-02-03T19:13:35","date_gmt":"2021-02-03T17:13:35","guid":{"rendered":"https:\/\/shop.torricantine.com\/product\/sonderangebot-5-flaschen-sottovento-075l-1-bag-in-tube-3l\/"},"modified":"2026-01-14T11:11:07","modified_gmt":"2026-01-14T09:11:07","slug":"sonderangebot-5-flaschen-sottovento-075l-1-bag-in-tube-3l","status":"publish","type":"product","link":"https:\/\/shop.torricantine.com\/de\/produkt\/sonderangebot-5-flaschen-sottovento-075l-1-bag-in-tube-3l\/","title":{"rendered":"Sonderangebot: 5 Flaschen Sottovento 0,75L + 1 Bag in Tube 3L"},"content":{"rendered":"<p><strong>Die Box enth\u00e4lt au\u00dferdem 5 Flaschen Bio-Rotwein \u00ab Sottovento Montepulciano d&#8217;Abruzzo DOC \u00bb.<\/strong><br \/>\nS\u00fc\u00df, harmonisch, rund und vollmundig, eignet er sich perfekt f\u00fcr jedes Gericht mit Fleisch, K\u00e4se und sogar Pizza. Sottovento passt auch hervorragend zu traditionellen Gerichten wie Arrosticini.<\/p>\n<p><strong>Entdecken Sie Bag-in-Tube, ein exklusives Produkt von Torri Cantine.<\/strong><br \/>\nMit dem Bag-in-Tube k\u00f6nnen Sie Ihre Mahlzeiten, mit Familie oder Freunden, jedoch elegant und raffiniert genie\u00dfen, ohne auf sorgf\u00e4ltige Verpackung verzichten zu m\u00fcssen.<\/p>\n<p>Montepulciano d\u2019Abruzzo ist ein herzhafter Wein, mit einer intensiven rubinroten Farbe, perfekt, um Ihre Sonntagsmahlzeiten mit der Familie zu begleiten. Am besten zu Fleischgerichten wie gegrillter Lammkeule oder Carbonara-Nudeln.<br \/>\nDieser Wein ist elegant, angenehm und fruchtig. Fein und intensiv im Gaumen, erleben Sie weiche Tannine und einen einh\u00fcllenden und anhaltenden Duft in der Nase.<\/p>\n","protected":false},"excerpt":{"rendered":"<p>Die Box enth\u00e4lt au\u00dferdem 5 Flaschen Bio-Rotwein \u00ab Sottovento Montepulciano d&#8217;Abruzzo DOC \u00bb. S\u00fc\u00df, harmonisch, rund und vollmundig, eignet er sich perfekt f\u00fcr jedes Gericht mit Fleisch, K\u00e4se und sogar Pizza. Sottovento passt auch hervorragend zu traditionellen Gerichten wie Arrosticini. Entdecken Sie Bag-in-Tube, ein exklusives Produkt von Torri Cantine. Mit dem Bag-in-Tube k\u00f6nnen Sie Ihre [&#8230;]\n","protected":false},"featured_media":56765,"comment_status":"open","ping_status":"closed","template":"","meta":[],"product_brand":[],"product_cat":[176,174,372,173,175],"product_tag":[195],"class_list":{"0":"post-29406","1":"product","2":"type-product","3":"status-publish","4":"has-post-thumbnail","6":"product_cat-aktionen","7":"product_cat-angebote","8":"product_cat-bag-in-tube-de","9":"product_cat-biologische","10":"product_cat-torri-cantine-de","11":"product_tag-kostenloser-versand","13":"first","14":"instock","15":"sale","16":"virtual","17":"taxable","18":"purchasable","19":"product-type-bundle"},"bundled_by":[],"bundle_stock_status":"instock","bundle_stock_quantity":"","bundle_virtual":false,"bundle_layout":"default","bundle_add_to_cart_form_location":"default","bundle_editable_in_cart":false,"bundle_sold_individually_context":"product","bundle_item_grouping":"parent","bundle_min_size":"","bundle_max_size":"","bundle_price":{"price":{"min":{"incl_tax":"69.9","excl_tax":"69.9"},"max":{"incl_tax":"69.9","excl_tax":"69.9"}},"regular_price":{"min":{"incl_tax":"97","excl_tax":"97"},"max":{"incl_tax":"97","excl_tax":"97"}}},"bundled_items":[{"bundled_item_id":124,"product_id":26072,"menu_order":0,"quantity_min":1,"quantity_max":1,"quantity_default":1,"priced_individually":false,"shipped_individually":false,"override_title":false,"title":"3L Bag in Tube Montepulciano d\u2019Abruzzo in Holzf\u00e4ssern gelagert","override_description":true,"description":"","optional":false,"hide_thumbnail":false,"discount":"","override_variations":false,"allowed_variations":[""],"override_default_variation_attributes":false,"default_variation_attributes":[],"single_product_visibility":"visible","cart_visibility":"hidden","order_visibility":"visible","single_product_price_visibility":"visible","cart_price_visibility":"visible","order_price_visibility":"visible","stock_status":"in_stock"},{"bundled_item_id":125,"product_id":26132,"menu_order":1,"quantity_min":5,"quantity_max":5,"quantity_default":5,"priced_individually":false,"shipped_individually":false,"override_title":false,"title":"Sottovento Montepulciano d\u2019Abruzzo DOC Bio-Rotwein 0,75L","override_description":true,"description":"","optional":false,"hide_thumbnail":false,"discount":"","override_variations":false,"allowed_variations":[""],"override_default_variation_attributes":false,"default_variation_attributes":[],"single_product_visibility":"visible","cart_visibility":"hidden","order_visibility":"visible","single_product_price_visibility":"visible","cart_price_visibility":"visible","order_price_visibility":"visible","stock_status":"in_stock"}],"bundle_sell_ids":[],"yoast_head":"<!-- This site is optimized with the Yoast SEO plugin v27.3 - https:\/\/yoast.com\/product\/yoast-seo-wordpress\/ -->\n<title>Sonderangebot: 5 Flaschen Sottovento 0,75L + 1 Bag in Tube 3L - Torri Cantine Store COM<\/title>\n<meta name=\"robots\" content=\"index, follow, max-snippet:-1, max-image-preview:large, max-video-preview:-1\" \/>\n<link rel=\"canonical\" href=\"https:\/\/shop.torricantine.com\/de\/produkt\/sonderangebot-5-flaschen-sottovento-075l-1-bag-in-tube-3l\/\" \/>\n<meta property=\"og:locale\" content=\"de_DE\" \/>\n<meta property=\"og:type\" content=\"article\" \/>\n<meta property=\"og:title\" content=\"Sonderangebot: 5 Flaschen Sottovento 0,75L + 1 Bag in Tube 3L - Torri Cantine Store COM\" \/>\n<meta property=\"og:description\" content=\"Die Box enth\u00e4lt au\u00dferdem 5 Flaschen Bio-Rotwein \u00ab Sottovento Montepulciano d&#8217;Abruzzo DOC \u00bb. S\u00fc\u00df, harmonisch, rund und vollmundig, eignet er sich perfekt f\u00fcr jedes Gericht mit Fleisch, K\u00e4se und sogar Pizza. Sottovento passt auch hervorragend zu traditionellen Gerichten wie Arrosticini. Entdecken Sie Bag-in-Tube, ein exklusives Produkt von Torri Cantine. Mit dem Bag-in-Tube k\u00f6nnen Sie Ihre [...]\" \/>\n<meta property=\"og:url\" content=\"https:\/\/shop.torricantine.com\/de\/produkt\/sonderangebot-5-flaschen-sottovento-075l-1-bag-in-tube-3l\/\" \/>\n<meta property=\"og:site_name\" content=\"Torri Cantine Store COM\" \/>\n<meta property=\"article:modified_time\" content=\"2026-01-14T09:11:07+00:00\" \/>\n<meta property=\"og:image\" content=\"https:\/\/shop.torricantine.com\/wp-content\/uploads\/2021\/02\/COM_51-\u00b7-SOTTOVENTOBIT-PINOT.png\" \/>\n\t<meta property=\"og:image:width\" content=\"550\" \/>\n\t<meta property=\"og:image:height\" content=\"802\" \/>\n\t<meta property=\"og:image:type\" content=\"image\/png\" \/>\n<meta name=\"twitter:card\" content=\"summary_large_image\" \/>\n<meta name=\"twitter:label1\" content=\"Gesch\u00e4tzte Lesezeit\" \/>\n\t<meta name=\"twitter:data1\" content=\"1\u00a0Minute\" \/>\n<script type=\"application\/ld+json\" class=\"yoast-schema-graph\">{\"@context\":\"https:\\\/\\\/schema.org\",\"@graph\":[{\"@type\":\"WebPage\",\"@id\":\"https:\\\/\\\/shop.torricantine.com\\\/de\\\/produkt\\\/sonderangebot-5-flaschen-sottovento-075l-1-bag-in-tube-3l\\\/\",\"url\":\"https:\\\/\\\/shop.torricantine.com\\\/de\\\/produkt\\\/sonderangebot-5-flaschen-sottovento-075l-1-bag-in-tube-3l\\\/\",\"name\":\"Sonderangebot: 5 Flaschen Sottovento 0,75L + 1 Bag in Tube 3L - Torri Cantine Store COM\",\"isPartOf\":{\"@id\":\"https:\\\/\\\/shop.torricantine.com\\\/de\\\/#website\"},\"primaryImageOfPage\":{\"@id\":\"https:\\\/\\\/shop.torricantine.com\\\/de\\\/produkt\\\/sonderangebot-5-flaschen-sottovento-075l-1-bag-in-tube-3l\\\/#primaryimage\"},\"image\":{\"@id\":\"https:\\\/\\\/shop.torricantine.com\\\/de\\\/produkt\\\/sonderangebot-5-flaschen-sottovento-075l-1-bag-in-tube-3l\\\/#primaryimage\"},\"thumbnailUrl\":\"https:\\\/\\\/shop.torricantine.com\\\/wp-content\\\/uploads\\\/2021\\\/02\\\/COM_51-\u00b7-SOTTOVENTOBIT-PINOT.png\",\"datePublished\":\"2021-02-03T17:13:35+00:00\",\"dateModified\":\"2026-01-14T09:11:07+00:00\",\"breadcrumb\":{\"@id\":\"https:\\\/\\\/shop.torricantine.com\\\/de\\\/produkt\\\/sonderangebot-5-flaschen-sottovento-075l-1-bag-in-tube-3l\\\/#breadcrumb\"},\"inLanguage\":\"de\",\"potentialAction\":[{\"@type\":\"ReadAction\",\"target\":[\"https:\\\/\\\/shop.torricantine.com\\\/de\\\/produkt\\\/sonderangebot-5-flaschen-sottovento-075l-1-bag-in-tube-3l\\\/\"]}]},{\"@type\":\"ImageObject\",\"inLanguage\":\"de\",\"@id\":\"https:\\\/\\\/shop.torricantine.com\\\/de\\\/produkt\\\/sonderangebot-5-flaschen-sottovento-075l-1-bag-in-tube-3l\\\/#primaryimage\",\"url\":\"https:\\\/\\\/shop.torricantine.com\\\/wp-content\\\/uploads\\\/2021\\\/02\\\/COM_51-\u00b7-SOTTOVENTOBIT-PINOT.png\",\"contentUrl\":\"https:\\\/\\\/shop.torricantine.com\\\/wp-content\\\/uploads\\\/2021\\\/02\\\/COM_51-\u00b7-SOTTOVENTOBIT-PINOT.png\",\"width\":550,\"height\":802},{\"@type\":\"BreadcrumbList\",\"@id\":\"https:\\\/\\\/shop.torricantine.com\\\/de\\\/produkt\\\/sonderangebot-5-flaschen-sottovento-075l-1-bag-in-tube-3l\\\/#breadcrumb\",\"itemListElement\":[{\"@type\":\"ListItem\",\"position\":1,\"name\":\"Home\",\"item\":\"https:\\\/\\\/shop.torricantine.com\\\/de\\\/\"},{\"@type\":\"ListItem\",\"position\":2,\"name\":\"Shop\",\"item\":\"https:\\\/\\\/shop.torricantine.com\\\/de\\\/shop\\\/\"},{\"@type\":\"ListItem\",\"position\":3,\"name\":\"Sonderangebot: 5 Flaschen Sottovento 0,75L + 1 Bag in Tube 3L\"}]},{\"@type\":\"WebSite\",\"@id\":\"https:\\\/\\\/shop.torricantine.com\\\/de\\\/#website\",\"url\":\"https:\\\/\\\/shop.torricantine.com\\\/de\\\/\",\"name\":\"Torri Cantine Store COM\",\"description\":\"Online store of our winery in Italy\",\"publisher\":{\"@id\":\"https:\\\/\\\/shop.torricantine.com\\\/de\\\/#organization\"},\"potentialAction\":[{\"@type\":\"SearchAction\",\"target\":{\"@type\":\"EntryPoint\",\"urlTemplate\":\"https:\\\/\\\/shop.torricantine.com\\\/de\\\/?s={search_term_string}\"},\"query-input\":{\"@type\":\"PropertyValueSpecification\",\"valueRequired\":true,\"valueName\":\"search_term_string\"}}],\"inLanguage\":\"de\"},{\"@type\":\"Organization\",\"@id\":\"https:\\\/\\\/shop.torricantine.com\\\/de\\\/#organization\",\"name\":\"Torri Cantine\",\"url\":\"https:\\\/\\\/shop.torricantine.com\\\/de\\\/\",\"logo\":{\"@type\":\"ImageObject\",\"inLanguage\":\"de\",\"@id\":\"https:\\\/\\\/shop.torricantine.com\\\/de\\\/#\\\/schema\\\/logo\\\/image\\\/\",\"url\":\"https:\\\/\\\/shop.torricantine.com\\\/wp-content\\\/uploads\\\/2020\\\/04\\\/torri-store-logo_text.png\",\"contentUrl\":\"https:\\\/\\\/shop.torricantine.com\\\/wp-content\\\/uploads\\\/2020\\\/04\\\/torri-store-logo_text.png\",\"width\":289,\"height\":361,\"caption\":\"Torri Cantine\"},\"image\":{\"@id\":\"https:\\\/\\\/shop.torricantine.com\\\/de\\\/#\\\/schema\\\/logo\\\/image\\\/\"}}]}<\/script>\n<!-- \/ Yoast SEO plugin. -->","yoast_head_json":{"title":"Sonderangebot: 5 Flaschen Sottovento 0,75L + 1 Bag in Tube 3L - Torri Cantine Store COM","robots":{"index":"index","follow":"follow","max-snippet":"max-snippet:-1","max-image-preview":"max-image-preview:large","max-video-preview":"max-video-preview:-1"},"canonical":"https:\/\/shop.torricantine.com\/de\/produkt\/sonderangebot-5-flaschen-sottovento-075l-1-bag-in-tube-3l\/","og_locale":"de_DE","og_type":"article","og_title":"Sonderangebot: 5 Flaschen Sottovento 0,75L + 1 Bag in Tube 3L - Torri Cantine Store COM","og_description":"Die Box enth\u00e4lt au\u00dferdem 5 Flaschen Bio-Rotwein \u00ab Sottovento Montepulciano d&#8217;Abruzzo DOC \u00bb. S\u00fc\u00df, harmonisch, rund und vollmundig, eignet er sich perfekt f\u00fcr jedes Gericht mit Fleisch, K\u00e4se und sogar Pizza. Sottovento passt auch hervorragend zu traditionellen Gerichten wie Arrosticini. Entdecken Sie Bag-in-Tube, ein exklusives Produkt von Torri Cantine. Mit dem Bag-in-Tube k\u00f6nnen Sie Ihre [...]","og_url":"https:\/\/shop.torricantine.com\/de\/produkt\/sonderangebot-5-flaschen-sottovento-075l-1-bag-in-tube-3l\/","og_site_name":"Torri Cantine Store COM","article_modified_time":"2026-01-14T09:11:07+00:00","og_image":[{"width":550,"height":802,"url":"https:\/\/shop.torricantine.com\/wp-content\/uploads\/2021\/02\/COM_51-\u00b7-SOTTOVENTOBIT-PINOT.png","type":"image\/png"}],"twitter_card":"summary_large_image","twitter_misc":{"Gesch\u00e4tzte Lesezeit":"1\u00a0Minute"},"schema":{"@context":"https:\/\/schema.org","@graph":[{"@type":"WebPage","@id":"https:\/\/shop.torricantine.com\/de\/produkt\/sonderangebot-5-flaschen-sottovento-075l-1-bag-in-tube-3l\/","url":"https:\/\/shop.torricantine.com\/de\/produkt\/sonderangebot-5-flaschen-sottovento-075l-1-bag-in-tube-3l\/","name":"Sonderangebot: 5 Flaschen Sottovento 0,75L + 1 Bag in Tube 3L - Torri Cantine Store COM","isPartOf":{"@id":"https:\/\/shop.torricantine.com\/de\/#website"},"primaryImageOfPage":{"@id":"https:\/\/shop.torricantine.com\/de\/produkt\/sonderangebot-5-flaschen-sottovento-075l-1-bag-in-tube-3l\/#primaryimage"},"image":{"@id":"https:\/\/shop.torricantine.com\/de\/produkt\/sonderangebot-5-flaschen-sottovento-075l-1-bag-in-tube-3l\/#primaryimage"},"thumbnailUrl":"https:\/\/shop.torricantine.com\/wp-content\/uploads\/2021\/02\/COM_51-\u00b7-SOTTOVENTOBIT-PINOT.png","datePublished":"2021-02-03T17:13:35+00:00","dateModified":"2026-01-14T09:11:07+00:00","breadcrumb":{"@id":"https:\/\/shop.torricantine.com\/de\/produkt\/sonderangebot-5-flaschen-sottovento-075l-1-bag-in-tube-3l\/#breadcrumb"},"inLanguage":"de","potentialAction":[{"@type":"ReadAction","target":["https:\/\/shop.torricantine.com\/de\/produkt\/sonderangebot-5-flaschen-sottovento-075l-1-bag-in-tube-3l\/"]}]},{"@type":"ImageObject","inLanguage":"de","@id":"https:\/\/shop.torricantine.com\/de\/produkt\/sonderangebot-5-flaschen-sottovento-075l-1-bag-in-tube-3l\/#primaryimage","url":"https:\/\/shop.torricantine.com\/wp-content\/uploads\/2021\/02\/COM_51-\u00b7-SOTTOVENTOBIT-PINOT.png","contentUrl":"https:\/\/shop.torricantine.com\/wp-content\/uploads\/2021\/02\/COM_51-\u00b7-SOTTOVENTOBIT-PINOT.png","width":550,"height":802},{"@type":"BreadcrumbList","@id":"https:\/\/shop.torricantine.com\/de\/produkt\/sonderangebot-5-flaschen-sottovento-075l-1-bag-in-tube-3l\/#breadcrumb","itemListElement":[{"@type":"ListItem","position":1,"name":"Home","item":"https:\/\/shop.torricantine.com\/de\/"},{"@type":"ListItem","position":2,"name":"Shop","item":"https:\/\/shop.torricantine.com\/de\/shop\/"},{"@type":"ListItem","position":3,"name":"Sonderangebot: 5 Flaschen Sottovento 0,75L + 1 Bag in Tube 3L"}]},{"@type":"WebSite","@id":"https:\/\/shop.torricantine.com\/de\/#website","url":"https:\/\/shop.torricantine.com\/de\/","name":"Torri Cantine Store COM","description":"Online store of our winery in Italy","publisher":{"@id":"https:\/\/shop.torricantine.com\/de\/#organization"},"potentialAction":[{"@type":"SearchAction","target":{"@type":"EntryPoint","urlTemplate":"https:\/\/shop.torricantine.com\/de\/?s={search_term_string}"},"query-input":{"@type":"PropertyValueSpecification","valueRequired":true,"valueName":"search_term_string"}}],"inLanguage":"de"},{"@type":"Organization","@id":"https:\/\/shop.torricantine.com\/de\/#organization","name":"Torri Cantine","url":"https:\/\/shop.torricantine.com\/de\/","logo":{"@type":"ImageObject","inLanguage":"de","@id":"https:\/\/shop.torricantine.com\/de\/#\/schema\/logo\/image\/","url":"https:\/\/shop.torricantine.com\/wp-content\/uploads\/2020\/04\/torri-store-logo_text.png","contentUrl":"https:\/\/shop.torricantine.com\/wp-content\/uploads\/2020\/04\/torri-store-logo_text.png","width":289,"height":361,"caption":"Torri Cantine"},"image":{"@id":"https:\/\/shop.torricantine.com\/de\/#\/schema\/logo\/image\/"}}]}},"_links":{"self":[{"href":"https:\/\/shop.torricantine.com\/de\/wp-json\/wp\/v2\/product\/29406","targetHints":{"allow":["GET"]}}],"collection":[{"href":"https:\/\/shop.torricantine.com\/de\/wp-json\/wp\/v2\/product"}],"about":[{"href":"https:\/\/shop.torricantine.com\/de\/wp-json\/wp\/v2\/types\/product"}],"replies":[{"embeddable":true,"href":"https:\/\/shop.torricantine.com\/de\/wp-json\/wp\/v2\/comments?post=29406"}],"wp:featuredmedia":[{"embeddable":true,"href":"https:\/\/shop.torricantine.com\/de\/wp-json\/wp\/v2\/media\/56765"}],"wp:attachment":[{"href":"https:\/\/shop.torricantine.com\/de\/wp-json\/wp\/v2\/media?parent=29406"}],"wp:term":[{"taxonomy":"product_brand","embeddable":true,"href":"https:\/\/shop.torricantine.com\/de\/wp-json\/wp\/v2\/product_brand?post=29406"},{"taxonomy":"product_cat","embeddable":true,"href":"https:\/\/shop.torricantine.com\/de\/wp-json\/wp\/v2\/product_cat?post=29406"},{"taxonomy":"product_tag","embeddable":true,"href":"https:\/\/shop.torricantine.com\/de\/wp-json\/wp\/v2\/product_tag?post=29406"}],"curies":[{"name":"wp","href":"https:\/\/api.w.org\/{rel}","templated":true}]}}