{"id":28940,"date":"2023-05-19T08:00:45","date_gmt":"2023-05-19T06:00:45","guid":{"rendered":"https:\/\/shop.torricantine.com\/product\/promo-12x-canatura-075l-shopper-gratuit-en-coton-biologique\/"},"modified":"2026-04-20T16:02:12","modified_gmt":"2026-04-20T14:02:12","slug":"promo-66-canatura-075l-de","status":"publish","type":"product","link":"https:\/\/shop.torricantine.com\/de\/produkt\/promo-66-canatura-075l-de\/","title":{"rendered":"Sonderangebot 6+6 Ca&#8217;Natura 0,75L"},"content":{"rendered":"<h3>Entdecke das besondere Wein-Angebot der Weinkellerei Torre Cantine \/ Abruzzen I T A L I E N<\/h3>\n<p>Wir von der italienischen Weinkellerei Torre Cantine \u00a0haben f\u00fcr Dich eine Auswahl von italienischen Weinen zu einem besonderen Preis reserviert. Wir m\u00f6chten Dir die Wein Tradition der Abruzzen n\u00e4her bringen und Du solltest dieses Angebot nicht verpassen. W\u00e4hle Deine bevorzugte Weinsorte, um mit Deiner Familie oder in Gesellschaft Deiner Freunde anzusto\u00dfen.<\/p>\n<p><strong>Das Sonderangebot setzt sich zusammen aus:<\/strong><\/p>\n<p><strong>6+6 Flaschen der besten Weinsorten aus den Abruzzen nach Deiner Wahl:<\/strong><br \/>\nRoter Montepulciano D\u2019Abruzzo DOC Ca\u2019Natura 13,5% Vol. 0,75L<br \/>\nRos\u00e9 Cerasuolo D\u2019Abruzzo (Ros\u00e8) DOC Ca\u2019Natura 13% Vol. 0,75L<br \/>\nWei\u00dfwein Passerina IGT Terre di Chieti Ca\u2019Natura 13% Vol. 0,75L<br \/>\nWei\u00dfwein Pecorino Ca\u2019Natura 13% Vol. 0,75L<\/p>\n<p>Alle unsere Flaschenweine sind biologisch zertifiziert. Die Produktionsmenge ist limitiert und darum solltest Du sofort zugreifen!<\/p>\n","protected":false},"excerpt":{"rendered":"<p>Entdecke das besondere Wein-Angebot der Weinkellerei Torre Cantine \/ Abruzzen I T A L I E N Wir von der italienischen Weinkellerei Torre Cantine \u00a0haben f\u00fcr Dich eine Auswahl von italienischen Weinen zu einem besonderen Preis reserviert. Wir m\u00f6chten Dir die Wein Tradition der Abruzzen n\u00e4her bringen und Du solltest dieses Angebot nicht verpassen. W\u00e4hle [&#8230;]\n","protected":false},"featured_media":56486,"comment_status":"open","ping_status":"closed","template":"","meta":[],"product_brand":[],"product_cat":[176,173],"product_tag":[],"class_list":{"0":"post-28940","1":"product","2":"type-product","3":"status-publish","4":"has-post-thumbnail","6":"product_cat-aktionen","7":"product_cat-biologische","9":"first","10":"instock","11":"sale","12":"virtual","13":"taxable","14":"purchasable","15":"product-type-bundle"},"bundled_by":[],"bundle_stock_status":"instock","bundle_stock_quantity":"","bundle_virtual":false,"bundle_layout":"default","bundle_add_to_cart_form_location":"default","bundle_editable_in_cart":false,"bundle_sold_individually_context":"product","bundle_item_grouping":"parent","bundle_min_size":12,"bundle_max_size":12,"bundle_price":{"price":{"min":{"incl_tax":"66","excl_tax":"66"},"max":{"incl_tax":"66","excl_tax":"66"}},"regular_price":{"min":{"incl_tax":"132","excl_tax":"132"},"max":{"incl_tax":"132","excl_tax":"132"}}},"bundled_items":[{"bundled_item_id":116,"product_id":26043,"menu_order":0,"quantity_min":0,"quantity_max":12,"quantity_default":3,"priced_individually":false,"shipped_individually":false,"override_title":false,"title":"Ca\u2019Natura Montepulciano d\u2019Abruzzo DOC Rotwein","override_description":false,"description":"Ca\u2019Natura Montepulciano d\u2019Abruzzo DOC Rotwein","optional":false,"hide_thumbnail":false,"discount":"","override_variations":false,"allowed_variations":[""],"override_default_variation_attributes":false,"default_variation_attributes":[],"single_product_visibility":"visible","cart_visibility":"hidden","order_visibility":"visible","single_product_price_visibility":"visible","cart_price_visibility":"visible","order_price_visibility":"visible","stock_status":"in_stock"},{"bundled_item_id":117,"product_id":25975,"menu_order":1,"quantity_min":0,"quantity_max":12,"quantity_default":3,"priced_individually":false,"shipped_individually":false,"override_title":false,"title":"Ca\u2019Natura Cerasuolo d\u2019Abruzzo DOC Bio-Ros\u00e9wein","override_description":true,"description":"","optional":false,"hide_thumbnail":false,"discount":"","override_variations":false,"allowed_variations":[""],"override_default_variation_attributes":false,"default_variation_attributes":[],"single_product_visibility":"visible","cart_visibility":"hidden","order_visibility":"visible","single_product_price_visibility":"visible","cart_price_visibility":"visible","order_price_visibility":"visible","stock_status":"in_stock"},{"bundled_item_id":118,"product_id":25984,"menu_order":2,"quantity_min":0,"quantity_max":12,"quantity_default":3,"priced_individually":false,"shipped_individually":false,"override_title":false,"title":"Ca\u2019Natura Pecorino Wei\u00dfwein IGT BIO","override_description":false,"description":"Ca\u2019Natura Pecorino Wei\u00dfwein IGT BIO","optional":false,"hide_thumbnail":false,"discount":"","override_variations":false,"allowed_variations":[""],"override_default_variation_attributes":false,"default_variation_attributes":[],"single_product_visibility":"visible","cart_visibility":"hidden","order_visibility":"visible","single_product_price_visibility":"visible","cart_price_visibility":"visible","order_price_visibility":"visible","stock_status":"in_stock"},{"bundled_item_id":119,"product_id":26047,"menu_order":3,"quantity_min":0,"quantity_max":12,"quantity_default":3,"priced_individually":false,"shipped_individually":false,"override_title":false,"title":"Ca\u2019Natura Passerina IGT Wei\u00dfwein Bio","override_description":true,"description":"","optional":false,"hide_thumbnail":false,"discount":"","override_variations":false,"allowed_variations":[""],"override_default_variation_attributes":false,"default_variation_attributes":[],"single_product_visibility":"visible","cart_visibility":"hidden","order_visibility":"visible","single_product_price_visibility":"visible","cart_price_visibility":"visible","order_price_visibility":"visible","stock_status":"in_stock"}],"bundle_sell_ids":[],"yoast_head":"<!-- This site is optimized with the Yoast SEO plugin v27.4 - https:\/\/yoast.com\/product\/yoast-seo-wordpress\/ -->\n<title>Sonderangebot 6+6 Ca&#039;Natura 0,75L - Torri Cantine Store COM<\/title>\n<meta name=\"robots\" content=\"index, follow, max-snippet:-1, max-image-preview:large, max-video-preview:-1\" \/>\n<link rel=\"canonical\" href=\"https:\/\/shop.torricantine.com\/de\/produkt\/promo-66-canatura-075l-de\/\" \/>\n<meta property=\"og:locale\" content=\"de_DE\" \/>\n<meta property=\"og:type\" content=\"article\" \/>\n<meta property=\"og:title\" content=\"Sonderangebot 6+6 Ca&#039;Natura 0,75L - Torri Cantine Store COM\" \/>\n<meta property=\"og:description\" content=\"Entdecke das besondere Wein-Angebot der Weinkellerei Torre Cantine \/ Abruzzen I T A L I E N Wir von der italienischen Weinkellerei Torre Cantine \u00a0haben f\u00fcr Dich eine Auswahl von italienischen Weinen zu einem besonderen Preis reserviert. Wir m\u00f6chten Dir die Wein Tradition der Abruzzen n\u00e4her bringen und Du solltest dieses Angebot nicht verpassen. W\u00e4hle [...]\" \/>\n<meta property=\"og:url\" content=\"https:\/\/shop.torricantine.com\/de\/produkt\/promo-66-canatura-075l-de\/\" \/>\n<meta property=\"og:site_name\" content=\"Torri Cantine Store COM\" \/>\n<meta property=\"article:modified_time\" content=\"2026-04-20T14:02:12+00:00\" \/>\n<meta property=\"og:image\" content=\"https:\/\/shop.torricantine.com\/wp-content\/uploads\/2023\/05\/66-ca-natura.png\" \/>\n\t<meta property=\"og:image:width\" content=\"618\" \/>\n\t<meta property=\"og:image:height\" content=\"800\" \/>\n\t<meta property=\"og:image:type\" content=\"image\/png\" \/>\n<meta name=\"twitter:card\" content=\"summary_large_image\" \/>\n<meta name=\"twitter:label1\" content=\"Gesch\u00e4tzte Lesezeit\" \/>\n\t<meta name=\"twitter:data1\" content=\"1\u00a0Minute\" \/>\n<script type=\"application\/ld+json\" class=\"yoast-schema-graph\">{\"@context\":\"https:\\\/\\\/schema.org\",\"@graph\":[{\"@type\":\"WebPage\",\"@id\":\"https:\\\/\\\/shop.torricantine.com\\\/de\\\/produkt\\\/promo-66-canatura-075l-de\\\/\",\"url\":\"https:\\\/\\\/shop.torricantine.com\\\/de\\\/produkt\\\/promo-66-canatura-075l-de\\\/\",\"name\":\"Sonderangebot 6+6 Ca'Natura 0,75L - Torri Cantine Store COM\",\"isPartOf\":{\"@id\":\"https:\\\/\\\/shop.torricantine.com\\\/de\\\/#website\"},\"primaryImageOfPage\":{\"@id\":\"https:\\\/\\\/shop.torricantine.com\\\/de\\\/produkt\\\/promo-66-canatura-075l-de\\\/#primaryimage\"},\"image\":{\"@id\":\"https:\\\/\\\/shop.torricantine.com\\\/de\\\/produkt\\\/promo-66-canatura-075l-de\\\/#primaryimage\"},\"thumbnailUrl\":\"https:\\\/\\\/shop.torricantine.com\\\/wp-content\\\/uploads\\\/2023\\\/05\\\/66-ca-natura.png\",\"datePublished\":\"2023-05-19T06:00:45+00:00\",\"dateModified\":\"2026-04-20T14:02:12+00:00\",\"breadcrumb\":{\"@id\":\"https:\\\/\\\/shop.torricantine.com\\\/de\\\/produkt\\\/promo-66-canatura-075l-de\\\/#breadcrumb\"},\"inLanguage\":\"de\",\"potentialAction\":[{\"@type\":\"ReadAction\",\"target\":[\"https:\\\/\\\/shop.torricantine.com\\\/de\\\/produkt\\\/promo-66-canatura-075l-de\\\/\"]}]},{\"@type\":\"ImageObject\",\"inLanguage\":\"de\",\"@id\":\"https:\\\/\\\/shop.torricantine.com\\\/de\\\/produkt\\\/promo-66-canatura-075l-de\\\/#primaryimage\",\"url\":\"https:\\\/\\\/shop.torricantine.com\\\/wp-content\\\/uploads\\\/2023\\\/05\\\/66-ca-natura.png\",\"contentUrl\":\"https:\\\/\\\/shop.torricantine.com\\\/wp-content\\\/uploads\\\/2023\\\/05\\\/66-ca-natura.png\",\"width\":618,\"height\":800},{\"@type\":\"BreadcrumbList\",\"@id\":\"https:\\\/\\\/shop.torricantine.com\\\/de\\\/produkt\\\/promo-66-canatura-075l-de\\\/#breadcrumb\",\"itemListElement\":[{\"@type\":\"ListItem\",\"position\":1,\"name\":\"Home\",\"item\":\"https:\\\/\\\/shop.torricantine.com\\\/de\\\/\"},{\"@type\":\"ListItem\",\"position\":2,\"name\":\"Shop\",\"item\":\"https:\\\/\\\/shop.torricantine.com\\\/de\\\/shop\\\/\"},{\"@type\":\"ListItem\",\"position\":3,\"name\":\"Sonderangebot 6+6 Ca&#8217;Natura 0,75L\"}]},{\"@type\":\"WebSite\",\"@id\":\"https:\\\/\\\/shop.torricantine.com\\\/de\\\/#website\",\"url\":\"https:\\\/\\\/shop.torricantine.com\\\/de\\\/\",\"name\":\"Torri Cantine Store COM\",\"description\":\"Online store of our winery in Italy\",\"publisher\":{\"@id\":\"https:\\\/\\\/shop.torricantine.com\\\/de\\\/#organization\"},\"potentialAction\":[{\"@type\":\"SearchAction\",\"target\":{\"@type\":\"EntryPoint\",\"urlTemplate\":\"https:\\\/\\\/shop.torricantine.com\\\/de\\\/?s={search_term_string}\"},\"query-input\":{\"@type\":\"PropertyValueSpecification\",\"valueRequired\":true,\"valueName\":\"search_term_string\"}}],\"inLanguage\":\"de\"},{\"@type\":\"Organization\",\"@id\":\"https:\\\/\\\/shop.torricantine.com\\\/de\\\/#organization\",\"name\":\"Torri Cantine\",\"url\":\"https:\\\/\\\/shop.torricantine.com\\\/de\\\/\",\"logo\":{\"@type\":\"ImageObject\",\"inLanguage\":\"de\",\"@id\":\"https:\\\/\\\/shop.torricantine.com\\\/de\\\/#\\\/schema\\\/logo\\\/image\\\/\",\"url\":\"https:\\\/\\\/shop.torricantine.com\\\/wp-content\\\/uploads\\\/2020\\\/04\\\/torri-store-logo_text.png\",\"contentUrl\":\"https:\\\/\\\/shop.torricantine.com\\\/wp-content\\\/uploads\\\/2020\\\/04\\\/torri-store-logo_text.png\",\"width\":289,\"height\":361,\"caption\":\"Torri Cantine\"},\"image\":{\"@id\":\"https:\\\/\\\/shop.torricantine.com\\\/de\\\/#\\\/schema\\\/logo\\\/image\\\/\"}}]}<\/script>\n<!-- \/ Yoast SEO plugin. -->","yoast_head_json":{"title":"Sonderangebot 6+6 Ca'Natura 0,75L - Torri Cantine Store COM","robots":{"index":"index","follow":"follow","max-snippet":"max-snippet:-1","max-image-preview":"max-image-preview:large","max-video-preview":"max-video-preview:-1"},"canonical":"https:\/\/shop.torricantine.com\/de\/produkt\/promo-66-canatura-075l-de\/","og_locale":"de_DE","og_type":"article","og_title":"Sonderangebot 6+6 Ca'Natura 0,75L - Torri Cantine Store COM","og_description":"Entdecke das besondere Wein-Angebot der Weinkellerei Torre Cantine \/ Abruzzen I T A L I E N Wir von der italienischen Weinkellerei Torre Cantine \u00a0haben f\u00fcr Dich eine Auswahl von italienischen Weinen zu einem besonderen Preis reserviert. Wir m\u00f6chten Dir die Wein Tradition der Abruzzen n\u00e4her bringen und Du solltest dieses Angebot nicht verpassen. W\u00e4hle [...]","og_url":"https:\/\/shop.torricantine.com\/de\/produkt\/promo-66-canatura-075l-de\/","og_site_name":"Torri Cantine Store COM","article_modified_time":"2026-04-20T14:02:12+00:00","og_image":[{"width":618,"height":800,"url":"https:\/\/shop.torricantine.com\/wp-content\/uploads\/2023\/05\/66-ca-natura.png","type":"image\/png"}],"twitter_card":"summary_large_image","twitter_misc":{"Gesch\u00e4tzte Lesezeit":"1\u00a0Minute"},"schema":{"@context":"https:\/\/schema.org","@graph":[{"@type":"WebPage","@id":"https:\/\/shop.torricantine.com\/de\/produkt\/promo-66-canatura-075l-de\/","url":"https:\/\/shop.torricantine.com\/de\/produkt\/promo-66-canatura-075l-de\/","name":"Sonderangebot 6+6 Ca'Natura 0,75L - Torri Cantine Store COM","isPartOf":{"@id":"https:\/\/shop.torricantine.com\/de\/#website"},"primaryImageOfPage":{"@id":"https:\/\/shop.torricantine.com\/de\/produkt\/promo-66-canatura-075l-de\/#primaryimage"},"image":{"@id":"https:\/\/shop.torricantine.com\/de\/produkt\/promo-66-canatura-075l-de\/#primaryimage"},"thumbnailUrl":"https:\/\/shop.torricantine.com\/wp-content\/uploads\/2023\/05\/66-ca-natura.png","datePublished":"2023-05-19T06:00:45+00:00","dateModified":"2026-04-20T14:02:12+00:00","breadcrumb":{"@id":"https:\/\/shop.torricantine.com\/de\/produkt\/promo-66-canatura-075l-de\/#breadcrumb"},"inLanguage":"de","potentialAction":[{"@type":"ReadAction","target":["https:\/\/shop.torricantine.com\/de\/produkt\/promo-66-canatura-075l-de\/"]}]},{"@type":"ImageObject","inLanguage":"de","@id":"https:\/\/shop.torricantine.com\/de\/produkt\/promo-66-canatura-075l-de\/#primaryimage","url":"https:\/\/shop.torricantine.com\/wp-content\/uploads\/2023\/05\/66-ca-natura.png","contentUrl":"https:\/\/shop.torricantine.com\/wp-content\/uploads\/2023\/05\/66-ca-natura.png","width":618,"height":800},{"@type":"BreadcrumbList","@id":"https:\/\/shop.torricantine.com\/de\/produkt\/promo-66-canatura-075l-de\/#breadcrumb","itemListElement":[{"@type":"ListItem","position":1,"name":"Home","item":"https:\/\/shop.torricantine.com\/de\/"},{"@type":"ListItem","position":2,"name":"Shop","item":"https:\/\/shop.torricantine.com\/de\/shop\/"},{"@type":"ListItem","position":3,"name":"Sonderangebot 6+6 Ca&#8217;Natura 0,75L"}]},{"@type":"WebSite","@id":"https:\/\/shop.torricantine.com\/de\/#website","url":"https:\/\/shop.torricantine.com\/de\/","name":"Torri Cantine Store COM","description":"Online store of our winery in Italy","publisher":{"@id":"https:\/\/shop.torricantine.com\/de\/#organization"},"potentialAction":[{"@type":"SearchAction","target":{"@type":"EntryPoint","urlTemplate":"https:\/\/shop.torricantine.com\/de\/?s={search_term_string}"},"query-input":{"@type":"PropertyValueSpecification","valueRequired":true,"valueName":"search_term_string"}}],"inLanguage":"de"},{"@type":"Organization","@id":"https:\/\/shop.torricantine.com\/de\/#organization","name":"Torri Cantine","url":"https:\/\/shop.torricantine.com\/de\/","logo":{"@type":"ImageObject","inLanguage":"de","@id":"https:\/\/shop.torricantine.com\/de\/#\/schema\/logo\/image\/","url":"https:\/\/shop.torricantine.com\/wp-content\/uploads\/2020\/04\/torri-store-logo_text.png","contentUrl":"https:\/\/shop.torricantine.com\/wp-content\/uploads\/2020\/04\/torri-store-logo_text.png","width":289,"height":361,"caption":"Torri Cantine"},"image":{"@id":"https:\/\/shop.torricantine.com\/de\/#\/schema\/logo\/image\/"}}]}},"_links":{"self":[{"href":"https:\/\/shop.torricantine.com\/de\/wp-json\/wp\/v2\/product\/28940","targetHints":{"allow":["GET"]}}],"collection":[{"href":"https:\/\/shop.torricantine.com\/de\/wp-json\/wp\/v2\/product"}],"about":[{"href":"https:\/\/shop.torricantine.com\/de\/wp-json\/wp\/v2\/types\/product"}],"replies":[{"embeddable":true,"href":"https:\/\/shop.torricantine.com\/de\/wp-json\/wp\/v2\/comments?post=28940"}],"wp:featuredmedia":[{"embeddable":true,"href":"https:\/\/shop.torricantine.com\/de\/wp-json\/wp\/v2\/media\/56486"}],"wp:attachment":[{"href":"https:\/\/shop.torricantine.com\/de\/wp-json\/wp\/v2\/media?parent=28940"}],"wp:term":[{"taxonomy":"product_brand","embeddable":true,"href":"https:\/\/shop.torricantine.com\/de\/wp-json\/wp\/v2\/product_brand?post=28940"},{"taxonomy":"product_cat","embeddable":true,"href":"https:\/\/shop.torricantine.com\/de\/wp-json\/wp\/v2\/product_cat?post=28940"},{"taxonomy":"product_tag","embeddable":true,"href":"https:\/\/shop.torricantine.com\/de\/wp-json\/wp\/v2\/product_tag?post=28940"}],"curies":[{"name":"wp","href":"https:\/\/api.w.org\/{rel}","templated":true}]}}