{"id":28188,"date":"2021-05-11T17:38:03","date_gmt":"2021-05-11T15:38:03","guid":{"rendered":"https:\/\/shop.torricantine.com\/?post_type=product&#038;p=28188"},"modified":"2026-04-17T09:48:31","modified_gmt":"2026-04-17T07:48:31","slug":"torri-1967-pinot-grigio-075l","status":"publish","type":"product","link":"https:\/\/shop.torricantine.com\/de\/produkt\/torri-1967-pinot-grigio-075l\/","title":{"rendered":"Torri 1967 Pinot Grigio 0,75L"},"content":{"rendered":"<h1><strong>Jubil\u00e4umswein 1967 Pinot Grigio &#8211; Torri Cantine 13%<\/strong><\/h1>\n<p><strong>Sinnesnoten<\/strong><\/p>\n<p><strong>Farbe:<\/strong> Charakterisiert durch eine kristallklare, goldgelbe Farbe, mit einer wunderbaren Konsistenz.<br \/>\n<strong>Geruch:<\/strong> sehr wohlriechend, intensiv fruchtiges Bouquet; in der Nase werden die blumigen D\u00fcfte Akazie<br \/>\nund Jasmin mit den fruchtigen Noten von Aprikose, Pfirsich und Zitrus gemischt.<br \/>\n<strong>Geschmack:<\/strong> Eine elegante Frische, unterst\u00fctzt von einem vollmundigen Geschmack, ged\u00e4mpft durch eine<br \/>\nangenehme W\u00e4rme und Geschmeidigkeit. Im Einklang mit dem Geruchssinn und einem langanhaltenden, mineralischen Abgang.<\/p>\n<p><strong>Ernte<\/strong><br \/>\nDieser Pinot Grigio ITG stammt aus den wohlbekannten H\u00fcgeln \u201eTerre d&#8217;Abruzzo\u201c, geerntet von einer langj\u00e4hrigen Rebe, in einer K\u00fcstenregion in Gebirgsn\u00e4he, einem der wichtigsten Gebiete des Weinbaus, charakterisiert durch ein fantastisches Weinbauklima mit steter Meeresbrise und gro\u00dfen Temperaturschwankungen, eine gro\u00dfartige Lage in perfekten klimatischen Verh\u00e4ltnissen.<\/p>\n<p>Ein gro\u00dfartiger Grauburgunder dessen Anbaumethoden den gr\u00f6\u00dftm\u00f6glichen Respekt f\u00fcr die Umwelt garantieren. Er wird ausschlie\u00dflich von Hand geerntet in der letzten Augustwoche.<\/p>\n<p><strong>Weinherstellung<\/strong><br \/>\nDie Vinifikation erfolgt durch Mostg\u00e4rung, ohne die Traubenschalen, ausschlie\u00dflich in Stahlbottiche;<br \/>\ndanach folgt eine 6-monatigen Reifung wieder in Stahl. Schlie\u00dflich findet die Abf\u00fcllung unter Ausschluss von Sauerstoff statt.<\/p>\n<p><strong>So servieren Sie unseren Jubil\u00e4umswein 1967\u2013 Pinot grigio IGT<\/strong><br \/>\nDer Pinot Grigio IGT wird am besten kalt serviert, bei maximal 6 bis 8 Grad; er eignet sich insbesondere f\u00fcr Aperitifs, Vorspeisen, Meeresfr\u00fcchte, vegetarische Speisen, wei\u00dfes Fleisch sowie mittel oder lange gereiften K\u00e4se.<\/p>\n<p>Stellen Sie ihn sich vor, mit frische Lachs-Robiola-Br\u00f6tchen, Taleggio-Risotto, H\u00e4hnchenbrust mit Pilzen und Bambus, aber auch mit einer einfachen Ricotta-Spinat-Torte.<\/p>\n","protected":false},"excerpt":{"rendered":"<p>Jubil\u00e4umswein 1967 Pinot Grigio &#8211; Torri Cantine 13% Sinnesnoten Farbe: Charakterisiert durch eine kristallklare, goldgelbe Farbe, mit einer wunderbaren Konsistenz. Geruch: sehr wohlriechend, intensiv fruchtiges Bouquet; in der Nase werden die blumigen D\u00fcfte Akazie und Jasmin mit den fruchtigen Noten von Aprikose, Pfirsich und Zitrus gemischt. Geschmack: Eine elegante Frische, unterst\u00fctzt von einem vollmundigen Geschmack, [&#8230;]\n","protected":false},"featured_media":56744,"comment_status":"open","ping_status":"closed","template":"","meta":[],"product_brand":[],"product_cat":[238,439,175,179],"product_tag":[],"class_list":{"0":"post-28188","1":"product","2":"type-product","3":"status-publish","4":"has-post-thumbnail","6":"product_cat-1967-de","7":"product_cat-flaschen","8":"product_cat-torri-cantine-de","9":"product_cat-weissweine","10":"product_shipping_class-bottiglie","12":"first","13":"outofstock","14":"taxable","15":"shipping-taxable","16":"purchasable","17":"product-type-simple"},"bundled_by":["33778","35976","52479","59959"],"bundle_stock_status":"outofstock","bundle_stock_quantity":null,"bundle_virtual":false,"bundle_layout":"","bundle_add_to_cart_form_location":"","bundle_editable_in_cart":false,"bundle_sold_individually_context":"","bundle_item_grouping":"","bundle_min_size":"","bundle_max_size":"","bundle_price":[],"bundled_items":[],"bundle_sell_ids":[],"yoast_head":"<!-- This site is optimized with the Yoast SEO plugin v27.5 - https:\/\/yoast.com\/product\/yoast-seo-wordpress\/ -->\n<title>Torri 1967 Pinot Grigio 0,75L - Torri Cantine Store COM<\/title>\n<meta name=\"robots\" content=\"index, follow, max-snippet:-1, max-image-preview:large, max-video-preview:-1\" \/>\n<link rel=\"canonical\" href=\"https:\/\/shop.torricantine.com\/de\/produkt\/torri-1967-pinot-grigio-075l\/\" \/>\n<meta property=\"og:locale\" content=\"de_DE\" \/>\n<meta property=\"og:type\" content=\"article\" \/>\n<meta property=\"og:title\" content=\"Torri 1967 Pinot Grigio 0,75L - Torri Cantine Store COM\" \/>\n<meta property=\"og:description\" content=\"Jubil\u00e4umswein 1967 Pinot Grigio &#8211; Torri Cantine 13% Sinnesnoten Farbe: Charakterisiert durch eine kristallklare, goldgelbe Farbe, mit einer wunderbaren Konsistenz. Geruch: sehr wohlriechend, intensiv fruchtiges Bouquet; in der Nase werden die blumigen D\u00fcfte Akazie und Jasmin mit den fruchtigen Noten von Aprikose, Pfirsich und Zitrus gemischt. Geschmack: Eine elegante Frische, unterst\u00fctzt von einem vollmundigen Geschmack, [...]\" \/>\n<meta property=\"og:url\" content=\"https:\/\/shop.torricantine.com\/de\/produkt\/torri-1967-pinot-grigio-075l\/\" \/>\n<meta property=\"og:site_name\" content=\"Torri Cantine Store COM\" \/>\n<meta property=\"article:modified_time\" content=\"2026-04-17T07:48:31+00:00\" \/>\n<meta property=\"og:image\" content=\"https:\/\/shop.torricantine.com\/wp-content\/uploads\/2021\/05\/1967_pinot-grigio-1.png\" \/>\n\t<meta property=\"og:image:width\" content=\"221\" \/>\n\t<meta property=\"og:image:height\" content=\"799\" \/>\n\t<meta property=\"og:image:type\" content=\"image\/png\" \/>\n<meta name=\"twitter:card\" content=\"summary_large_image\" \/>\n<meta name=\"twitter:label1\" content=\"Gesch\u00e4tzte Lesezeit\" \/>\n\t<meta name=\"twitter:data1\" content=\"2\u00a0Minuten\" \/>\n<script type=\"application\/ld+json\" class=\"yoast-schema-graph\">{\"@context\":\"https:\\\/\\\/schema.org\",\"@graph\":[{\"@type\":\"WebPage\",\"@id\":\"https:\\\/\\\/shop.torricantine.com\\\/de\\\/produkt\\\/torri-1967-pinot-grigio-075l\\\/\",\"url\":\"https:\\\/\\\/shop.torricantine.com\\\/de\\\/produkt\\\/torri-1967-pinot-grigio-075l\\\/\",\"name\":\"Torri 1967 Pinot Grigio 0,75L - Torri Cantine Store COM\",\"isPartOf\":{\"@id\":\"https:\\\/\\\/shop.torricantine.com\\\/de\\\/#website\"},\"primaryImageOfPage\":{\"@id\":\"https:\\\/\\\/shop.torricantine.com\\\/de\\\/produkt\\\/torri-1967-pinot-grigio-075l\\\/#primaryimage\"},\"image\":{\"@id\":\"https:\\\/\\\/shop.torricantine.com\\\/de\\\/produkt\\\/torri-1967-pinot-grigio-075l\\\/#primaryimage\"},\"thumbnailUrl\":\"https:\\\/\\\/shop.torricantine.com\\\/wp-content\\\/uploads\\\/2021\\\/05\\\/1967_pinot-grigio-1.png\",\"datePublished\":\"2021-05-11T15:38:03+00:00\",\"dateModified\":\"2026-04-17T07:48:31+00:00\",\"breadcrumb\":{\"@id\":\"https:\\\/\\\/shop.torricantine.com\\\/de\\\/produkt\\\/torri-1967-pinot-grigio-075l\\\/#breadcrumb\"},\"inLanguage\":\"de\",\"potentialAction\":[{\"@type\":\"ReadAction\",\"target\":[\"https:\\\/\\\/shop.torricantine.com\\\/de\\\/produkt\\\/torri-1967-pinot-grigio-075l\\\/\"]}]},{\"@type\":\"ImageObject\",\"inLanguage\":\"de\",\"@id\":\"https:\\\/\\\/shop.torricantine.com\\\/de\\\/produkt\\\/torri-1967-pinot-grigio-075l\\\/#primaryimage\",\"url\":\"https:\\\/\\\/shop.torricantine.com\\\/wp-content\\\/uploads\\\/2021\\\/05\\\/1967_pinot-grigio-1.png\",\"contentUrl\":\"https:\\\/\\\/shop.torricantine.com\\\/wp-content\\\/uploads\\\/2021\\\/05\\\/1967_pinot-grigio-1.png\",\"width\":221,\"height\":799},{\"@type\":\"BreadcrumbList\",\"@id\":\"https:\\\/\\\/shop.torricantine.com\\\/de\\\/produkt\\\/torri-1967-pinot-grigio-075l\\\/#breadcrumb\",\"itemListElement\":[{\"@type\":\"ListItem\",\"position\":1,\"name\":\"Home\",\"item\":\"https:\\\/\\\/shop.torricantine.com\\\/de\\\/\"},{\"@type\":\"ListItem\",\"position\":2,\"name\":\"Shop\",\"item\":\"https:\\\/\\\/shop.torricantine.com\\\/de\\\/shop\\\/\"},{\"@type\":\"ListItem\",\"position\":3,\"name\":\"Torri 1967 Pinot Grigio 0,75L\"}]},{\"@type\":\"WebSite\",\"@id\":\"https:\\\/\\\/shop.torricantine.com\\\/de\\\/#website\",\"url\":\"https:\\\/\\\/shop.torricantine.com\\\/de\\\/\",\"name\":\"Torri Cantine Store COM\",\"description\":\"Online store of our winery in Italy\",\"publisher\":{\"@id\":\"https:\\\/\\\/shop.torricantine.com\\\/de\\\/#organization\"},\"potentialAction\":[{\"@type\":\"SearchAction\",\"target\":{\"@type\":\"EntryPoint\",\"urlTemplate\":\"https:\\\/\\\/shop.torricantine.com\\\/de\\\/?s={search_term_string}\"},\"query-input\":{\"@type\":\"PropertyValueSpecification\",\"valueRequired\":true,\"valueName\":\"search_term_string\"}}],\"inLanguage\":\"de\"},{\"@type\":\"Organization\",\"@id\":\"https:\\\/\\\/shop.torricantine.com\\\/de\\\/#organization\",\"name\":\"Torri Cantine\",\"url\":\"https:\\\/\\\/shop.torricantine.com\\\/de\\\/\",\"logo\":{\"@type\":\"ImageObject\",\"inLanguage\":\"de\",\"@id\":\"https:\\\/\\\/shop.torricantine.com\\\/de\\\/#\\\/schema\\\/logo\\\/image\\\/\",\"url\":\"https:\\\/\\\/shop.torricantine.com\\\/wp-content\\\/uploads\\\/2020\\\/04\\\/torri-store-logo_text.png\",\"contentUrl\":\"https:\\\/\\\/shop.torricantine.com\\\/wp-content\\\/uploads\\\/2020\\\/04\\\/torri-store-logo_text.png\",\"width\":289,\"height\":361,\"caption\":\"Torri Cantine\"},\"image\":{\"@id\":\"https:\\\/\\\/shop.torricantine.com\\\/de\\\/#\\\/schema\\\/logo\\\/image\\\/\"}}]}<\/script>\n<!-- \/ Yoast SEO plugin. -->","yoast_head_json":{"title":"Torri 1967 Pinot Grigio 0,75L - Torri Cantine Store COM","robots":{"index":"index","follow":"follow","max-snippet":"max-snippet:-1","max-image-preview":"max-image-preview:large","max-video-preview":"max-video-preview:-1"},"canonical":"https:\/\/shop.torricantine.com\/de\/produkt\/torri-1967-pinot-grigio-075l\/","og_locale":"de_DE","og_type":"article","og_title":"Torri 1967 Pinot Grigio 0,75L - Torri Cantine Store COM","og_description":"Jubil\u00e4umswein 1967 Pinot Grigio &#8211; Torri Cantine 13% Sinnesnoten Farbe: Charakterisiert durch eine kristallklare, goldgelbe Farbe, mit einer wunderbaren Konsistenz. Geruch: sehr wohlriechend, intensiv fruchtiges Bouquet; in der Nase werden die blumigen D\u00fcfte Akazie und Jasmin mit den fruchtigen Noten von Aprikose, Pfirsich und Zitrus gemischt. Geschmack: Eine elegante Frische, unterst\u00fctzt von einem vollmundigen Geschmack, [...]","og_url":"https:\/\/shop.torricantine.com\/de\/produkt\/torri-1967-pinot-grigio-075l\/","og_site_name":"Torri Cantine Store COM","article_modified_time":"2026-04-17T07:48:31+00:00","og_image":[{"width":221,"height":799,"url":"https:\/\/shop.torricantine.com\/wp-content\/uploads\/2021\/05\/1967_pinot-grigio-1.png","type":"image\/png"}],"twitter_card":"summary_large_image","twitter_misc":{"Gesch\u00e4tzte Lesezeit":"2\u00a0Minuten"},"schema":{"@context":"https:\/\/schema.org","@graph":[{"@type":"WebPage","@id":"https:\/\/shop.torricantine.com\/de\/produkt\/torri-1967-pinot-grigio-075l\/","url":"https:\/\/shop.torricantine.com\/de\/produkt\/torri-1967-pinot-grigio-075l\/","name":"Torri 1967 Pinot Grigio 0,75L - Torri Cantine Store COM","isPartOf":{"@id":"https:\/\/shop.torricantine.com\/de\/#website"},"primaryImageOfPage":{"@id":"https:\/\/shop.torricantine.com\/de\/produkt\/torri-1967-pinot-grigio-075l\/#primaryimage"},"image":{"@id":"https:\/\/shop.torricantine.com\/de\/produkt\/torri-1967-pinot-grigio-075l\/#primaryimage"},"thumbnailUrl":"https:\/\/shop.torricantine.com\/wp-content\/uploads\/2021\/05\/1967_pinot-grigio-1.png","datePublished":"2021-05-11T15:38:03+00:00","dateModified":"2026-04-17T07:48:31+00:00","breadcrumb":{"@id":"https:\/\/shop.torricantine.com\/de\/produkt\/torri-1967-pinot-grigio-075l\/#breadcrumb"},"inLanguage":"de","potentialAction":[{"@type":"ReadAction","target":["https:\/\/shop.torricantine.com\/de\/produkt\/torri-1967-pinot-grigio-075l\/"]}]},{"@type":"ImageObject","inLanguage":"de","@id":"https:\/\/shop.torricantine.com\/de\/produkt\/torri-1967-pinot-grigio-075l\/#primaryimage","url":"https:\/\/shop.torricantine.com\/wp-content\/uploads\/2021\/05\/1967_pinot-grigio-1.png","contentUrl":"https:\/\/shop.torricantine.com\/wp-content\/uploads\/2021\/05\/1967_pinot-grigio-1.png","width":221,"height":799},{"@type":"BreadcrumbList","@id":"https:\/\/shop.torricantine.com\/de\/produkt\/torri-1967-pinot-grigio-075l\/#breadcrumb","itemListElement":[{"@type":"ListItem","position":1,"name":"Home","item":"https:\/\/shop.torricantine.com\/de\/"},{"@type":"ListItem","position":2,"name":"Shop","item":"https:\/\/shop.torricantine.com\/de\/shop\/"},{"@type":"ListItem","position":3,"name":"Torri 1967 Pinot Grigio 0,75L"}]},{"@type":"WebSite","@id":"https:\/\/shop.torricantine.com\/de\/#website","url":"https:\/\/shop.torricantine.com\/de\/","name":"Torri Cantine Store COM","description":"Online store of our winery in Italy","publisher":{"@id":"https:\/\/shop.torricantine.com\/de\/#organization"},"potentialAction":[{"@type":"SearchAction","target":{"@type":"EntryPoint","urlTemplate":"https:\/\/shop.torricantine.com\/de\/?s={search_term_string}"},"query-input":{"@type":"PropertyValueSpecification","valueRequired":true,"valueName":"search_term_string"}}],"inLanguage":"de"},{"@type":"Organization","@id":"https:\/\/shop.torricantine.com\/de\/#organization","name":"Torri Cantine","url":"https:\/\/shop.torricantine.com\/de\/","logo":{"@type":"ImageObject","inLanguage":"de","@id":"https:\/\/shop.torricantine.com\/de\/#\/schema\/logo\/image\/","url":"https:\/\/shop.torricantine.com\/wp-content\/uploads\/2020\/04\/torri-store-logo_text.png","contentUrl":"https:\/\/shop.torricantine.com\/wp-content\/uploads\/2020\/04\/torri-store-logo_text.png","width":289,"height":361,"caption":"Torri Cantine"},"image":{"@id":"https:\/\/shop.torricantine.com\/de\/#\/schema\/logo\/image\/"}}]}},"_links":{"self":[{"href":"https:\/\/shop.torricantine.com\/de\/wp-json\/wp\/v2\/product\/28188","targetHints":{"allow":["GET"]}}],"collection":[{"href":"https:\/\/shop.torricantine.com\/de\/wp-json\/wp\/v2\/product"}],"about":[{"href":"https:\/\/shop.torricantine.com\/de\/wp-json\/wp\/v2\/types\/product"}],"replies":[{"embeddable":true,"href":"https:\/\/shop.torricantine.com\/de\/wp-json\/wp\/v2\/comments?post=28188"}],"wp:featuredmedia":[{"embeddable":true,"href":"https:\/\/shop.torricantine.com\/de\/wp-json\/wp\/v2\/media\/56744"}],"wp:attachment":[{"href":"https:\/\/shop.torricantine.com\/de\/wp-json\/wp\/v2\/media?parent=28188"}],"wp:term":[{"taxonomy":"product_brand","embeddable":true,"href":"https:\/\/shop.torricantine.com\/de\/wp-json\/wp\/v2\/product_brand?post=28188"},{"taxonomy":"product_cat","embeddable":true,"href":"https:\/\/shop.torricantine.com\/de\/wp-json\/wp\/v2\/product_cat?post=28188"},{"taxonomy":"product_tag","embeddable":true,"href":"https:\/\/shop.torricantine.com\/de\/wp-json\/wp\/v2\/product_tag?post=28188"}],"curies":[{"name":"wp","href":"https:\/\/api.w.org\/{rel}","templated":true}]}}