{"id":28173,"date":"2021-05-11T17:39:07","date_gmt":"2021-05-11T15:39:07","guid":{"rendered":"https:\/\/shop.torricantine.com\/?post_type=product&#038;p=28173"},"modified":"2025-07-21T00:00:17","modified_gmt":"2025-07-20T22:00:17","slug":"torri-1967-bernsteinfarbener-pinot-grigio-075l","status":"publish","type":"product","link":"https:\/\/shop.torricantine.com\/de\/produkt\/torri-1967-bernsteinfarbener-pinot-grigio-075l\/","title":{"rendered":"Torri 1967 Bernsteinfarbener Pinot Grigio 0,75L"},"content":{"rendered":"<h1><strong>Jubil\u00e4umswein 1967 Bernsteinfarbener Pinot Grigio &#8211; Torri Cantine 13%<\/strong><\/h1>\n<p><strong>Sinnesnoten<\/strong><\/p>\n<p><strong>Farbe:<\/strong> Ein sehr helles und intensives, bernsteinfarbenes Rosa.<br \/>\n<strong>Nase:<\/strong> ein sehr intensiver und wohlduftender Geruch, nach Fr\u00fcchten wie Himbeere, Aprikose und Wacholder, begleitet von zarten mineralischen, balsamischen und w\u00fcrzigen Noten, die uns an das Mittelmeer erinnern<br \/>\n<strong>Geschmack:<\/strong> Eine gen\u00fcgsame Intensit\u00e4t mit einer ansprechenden Frische, im Gleichgewicht mit einer zarten\u00a0W\u00e4rme und einer einh\u00fcllenden Geschmeidigkeit. Ein gut strukturierter Wein, elegant, raffiniert und etwas\u00a0mineralisch.<\/p>\n<p><strong>Ernte <\/strong><br \/>\nDieser Pinot Grigio ITG stammt aus den wohlbekannten H\u00fcgeln \u201eTerre d\u2019Abruzzo\u201c, geerntet von einer\u00a0langj\u00e4hrigen Rebe, in einer K\u00fcstenregion in Gebirgsn\u00e4he, einem der wichtigsten Gebiete des Weinbaus,\u00a0charakterisiert durch ein fantastisches Weinbauklima mit steter Meeresbrise und gro\u00dfen\u00a0Temperaturschwankungen, eine gro\u00dfartige Lage in perfekten klimatischen Verh\u00e4ltnissen.<\/p>\n<p>Ein gro\u00dfartiger Grauburgunder dessen Anbaumethoden den gr\u00f6\u00dftm\u00f6glichen Respekt f\u00fcr die Umwelt garantieren. Er wird ausschlie\u00dflich von Hand geerntet in der letzten Augustwoche.<\/p>\n<p><strong>Weinherstellung<\/strong><br \/>\nDie Vinifikation erfolgt durch Mostg\u00e4rung, ohne die Traubenschalen, ausschlie\u00dflich in Stahlbottiche;\u00a0danach folgt eine 6-monatigen Reifung wieder in Stahl. Schlie\u00dflich findet die Abf\u00fcllung unter Ausschluss\u00a0von Sauerstoff statt.<\/p>\n<p><strong>So servieren Sie unseren Jubil\u00e4umswein 1967\u2013 Pinot grigio IGT<\/strong><br \/>\nDer Pinot Grigio IGT wird am besten kalt serviert, bei maximal 6 bis 8 Grad; er eignet sich insbesondere f\u00fcr\u00a0Aperitifs, Vorspeisen, Meeresfr\u00fcchte, vegetarische Speisen, wei\u00dfes Fleisch sowie mit frischem oder\u00a0mittelgereiftem K\u00e4se.<\/p>\n<p>Stellen Sie ihn sich vor, mit gegrilltem Schwertfischsteak, Tagliatelle mit wilden Spargeln und\u00a0Kirschtomaten, Lamm in einer Kr\u00e4uterkruste, aber auch mit Spiegeleiern und Spargel.<\/p>\n","protected":false},"excerpt":{"rendered":"<p>Jubil\u00e4umswein 1967 Bernsteinfarbener Pinot Grigio &#8211; Torri Cantine 13% Sinnesnoten Farbe: Ein sehr helles und intensives, bernsteinfarbenes Rosa. Nase: ein sehr intensiver und wohlduftender Geruch, nach Fr\u00fcchten wie Himbeere, Aprikose und Wacholder, begleitet von zarten mineralischen, balsamischen und w\u00fcrzigen Noten, die uns an das Mittelmeer erinnern Geschmack: Eine gen\u00fcgsame Intensit\u00e4t mit einer ansprechenden Frische, im [&#8230;]\n","protected":false},"featured_media":56735,"comment_status":"open","ping_status":"closed","template":"","meta":[],"product_brand":[],"product_cat":[238,439,175,179],"product_tag":[],"class_list":{"0":"post-28173","1":"product","2":"type-product","3":"status-publish","4":"has-post-thumbnail","6":"product_cat-1967-de","7":"product_cat-flaschen","8":"product_cat-torri-cantine-de","9":"product_cat-weissweine","10":"product_shipping_class-bottiglie","12":"first","13":"instock","14":"taxable","15":"shipping-taxable","16":"purchasable","17":"product-type-simple"},"bundled_by":["33778","35976","52479","59959"],"bundle_stock_status":"instock","bundle_stock_quantity":null,"bundle_virtual":false,"bundle_layout":"","bundle_add_to_cart_form_location":"","bundle_editable_in_cart":false,"bundle_sold_individually_context":"","bundle_item_grouping":"","bundle_min_size":"","bundle_max_size":"","bundle_price":[],"bundled_items":[],"bundle_sell_ids":[],"yoast_head":"<!-- This site is optimized with the Yoast SEO plugin v27.5 - https:\/\/yoast.com\/product\/yoast-seo-wordpress\/ -->\n<title>Torri 1967 Bernsteinfarbener Pinot Grigio 0,75L - Torri Cantine Store COM<\/title>\n<meta name=\"robots\" content=\"index, follow, max-snippet:-1, max-image-preview:large, max-video-preview:-1\" \/>\n<link rel=\"canonical\" href=\"https:\/\/shop.torricantine.com\/de\/produkt\/torri-1967-bernsteinfarbener-pinot-grigio-075l\/\" \/>\n<meta property=\"og:locale\" content=\"de_DE\" \/>\n<meta property=\"og:type\" content=\"article\" \/>\n<meta property=\"og:title\" content=\"Torri 1967 Bernsteinfarbener Pinot Grigio 0,75L - Torri Cantine Store COM\" \/>\n<meta property=\"og:description\" content=\"Jubil\u00e4umswein 1967 Bernsteinfarbener Pinot Grigio &#8211; Torri Cantine 13% Sinnesnoten Farbe: Ein sehr helles und intensives, bernsteinfarbenes Rosa. Nase: ein sehr intensiver und wohlduftender Geruch, nach Fr\u00fcchten wie Himbeere, Aprikose und Wacholder, begleitet von zarten mineralischen, balsamischen und w\u00fcrzigen Noten, die uns an das Mittelmeer erinnern Geschmack: Eine gen\u00fcgsame Intensit\u00e4t mit einer ansprechenden Frische, im [...]\" \/>\n<meta property=\"og:url\" content=\"https:\/\/shop.torricantine.com\/de\/produkt\/torri-1967-bernsteinfarbener-pinot-grigio-075l\/\" \/>\n<meta property=\"og:site_name\" content=\"Torri Cantine Store COM\" \/>\n<meta property=\"article:modified_time\" content=\"2025-07-20T22:00:17+00:00\" \/>\n<meta property=\"og:image\" content=\"https:\/\/shop.torricantine.com\/wp-content\/uploads\/2021\/05\/1967_pinot_grigio_ramato-1.png\" \/>\n\t<meta property=\"og:image:width\" content=\"220\" \/>\n\t<meta property=\"og:image:height\" content=\"801\" \/>\n\t<meta property=\"og:image:type\" content=\"image\/png\" \/>\n<meta name=\"twitter:card\" content=\"summary_large_image\" \/>\n<meta name=\"twitter:label1\" content=\"Gesch\u00e4tzte Lesezeit\" \/>\n\t<meta name=\"twitter:data1\" content=\"2\u00a0Minuten\" \/>\n<script type=\"application\/ld+json\" class=\"yoast-schema-graph\">{\"@context\":\"https:\\\/\\\/schema.org\",\"@graph\":[{\"@type\":\"WebPage\",\"@id\":\"https:\\\/\\\/shop.torricantine.com\\\/de\\\/produkt\\\/torri-1967-bernsteinfarbener-pinot-grigio-075l\\\/\",\"url\":\"https:\\\/\\\/shop.torricantine.com\\\/de\\\/produkt\\\/torri-1967-bernsteinfarbener-pinot-grigio-075l\\\/\",\"name\":\"Torri 1967 Bernsteinfarbener Pinot Grigio 0,75L - Torri Cantine Store COM\",\"isPartOf\":{\"@id\":\"https:\\\/\\\/shop.torricantine.com\\\/de\\\/#website\"},\"primaryImageOfPage\":{\"@id\":\"https:\\\/\\\/shop.torricantine.com\\\/de\\\/produkt\\\/torri-1967-bernsteinfarbener-pinot-grigio-075l\\\/#primaryimage\"},\"image\":{\"@id\":\"https:\\\/\\\/shop.torricantine.com\\\/de\\\/produkt\\\/torri-1967-bernsteinfarbener-pinot-grigio-075l\\\/#primaryimage\"},\"thumbnailUrl\":\"https:\\\/\\\/shop.torricantine.com\\\/wp-content\\\/uploads\\\/2021\\\/05\\\/1967_pinot_grigio_ramato-1.png\",\"datePublished\":\"2021-05-11T15:39:07+00:00\",\"dateModified\":\"2025-07-20T22:00:17+00:00\",\"breadcrumb\":{\"@id\":\"https:\\\/\\\/shop.torricantine.com\\\/de\\\/produkt\\\/torri-1967-bernsteinfarbener-pinot-grigio-075l\\\/#breadcrumb\"},\"inLanguage\":\"de\",\"potentialAction\":[{\"@type\":\"ReadAction\",\"target\":[\"https:\\\/\\\/shop.torricantine.com\\\/de\\\/produkt\\\/torri-1967-bernsteinfarbener-pinot-grigio-075l\\\/\"]}]},{\"@type\":\"ImageObject\",\"inLanguage\":\"de\",\"@id\":\"https:\\\/\\\/shop.torricantine.com\\\/de\\\/produkt\\\/torri-1967-bernsteinfarbener-pinot-grigio-075l\\\/#primaryimage\",\"url\":\"https:\\\/\\\/shop.torricantine.com\\\/wp-content\\\/uploads\\\/2021\\\/05\\\/1967_pinot_grigio_ramato-1.png\",\"contentUrl\":\"https:\\\/\\\/shop.torricantine.com\\\/wp-content\\\/uploads\\\/2021\\\/05\\\/1967_pinot_grigio_ramato-1.png\",\"width\":220,\"height\":801},{\"@type\":\"BreadcrumbList\",\"@id\":\"https:\\\/\\\/shop.torricantine.com\\\/de\\\/produkt\\\/torri-1967-bernsteinfarbener-pinot-grigio-075l\\\/#breadcrumb\",\"itemListElement\":[{\"@type\":\"ListItem\",\"position\":1,\"name\":\"Home\",\"item\":\"https:\\\/\\\/shop.torricantine.com\\\/de\\\/\"},{\"@type\":\"ListItem\",\"position\":2,\"name\":\"Shop\",\"item\":\"https:\\\/\\\/shop.torricantine.com\\\/de\\\/shop\\\/\"},{\"@type\":\"ListItem\",\"position\":3,\"name\":\"Torri 1967 Bernsteinfarbener Pinot Grigio 0,75L\"}]},{\"@type\":\"WebSite\",\"@id\":\"https:\\\/\\\/shop.torricantine.com\\\/de\\\/#website\",\"url\":\"https:\\\/\\\/shop.torricantine.com\\\/de\\\/\",\"name\":\"Torri Cantine Store COM\",\"description\":\"Online store of our winery in Italy\",\"publisher\":{\"@id\":\"https:\\\/\\\/shop.torricantine.com\\\/de\\\/#organization\"},\"potentialAction\":[{\"@type\":\"SearchAction\",\"target\":{\"@type\":\"EntryPoint\",\"urlTemplate\":\"https:\\\/\\\/shop.torricantine.com\\\/de\\\/?s={search_term_string}\"},\"query-input\":{\"@type\":\"PropertyValueSpecification\",\"valueRequired\":true,\"valueName\":\"search_term_string\"}}],\"inLanguage\":\"de\"},{\"@type\":\"Organization\",\"@id\":\"https:\\\/\\\/shop.torricantine.com\\\/de\\\/#organization\",\"name\":\"Torri Cantine\",\"url\":\"https:\\\/\\\/shop.torricantine.com\\\/de\\\/\",\"logo\":{\"@type\":\"ImageObject\",\"inLanguage\":\"de\",\"@id\":\"https:\\\/\\\/shop.torricantine.com\\\/de\\\/#\\\/schema\\\/logo\\\/image\\\/\",\"url\":\"https:\\\/\\\/shop.torricantine.com\\\/wp-content\\\/uploads\\\/2020\\\/04\\\/torri-store-logo_text.png\",\"contentUrl\":\"https:\\\/\\\/shop.torricantine.com\\\/wp-content\\\/uploads\\\/2020\\\/04\\\/torri-store-logo_text.png\",\"width\":289,\"height\":361,\"caption\":\"Torri Cantine\"},\"image\":{\"@id\":\"https:\\\/\\\/shop.torricantine.com\\\/de\\\/#\\\/schema\\\/logo\\\/image\\\/\"}}]}<\/script>\n<!-- \/ Yoast SEO plugin. -->","yoast_head_json":{"title":"Torri 1967 Bernsteinfarbener Pinot Grigio 0,75L - Torri Cantine Store COM","robots":{"index":"index","follow":"follow","max-snippet":"max-snippet:-1","max-image-preview":"max-image-preview:large","max-video-preview":"max-video-preview:-1"},"canonical":"https:\/\/shop.torricantine.com\/de\/produkt\/torri-1967-bernsteinfarbener-pinot-grigio-075l\/","og_locale":"de_DE","og_type":"article","og_title":"Torri 1967 Bernsteinfarbener Pinot Grigio 0,75L - Torri Cantine Store COM","og_description":"Jubil\u00e4umswein 1967 Bernsteinfarbener Pinot Grigio &#8211; Torri Cantine 13% Sinnesnoten Farbe: Ein sehr helles und intensives, bernsteinfarbenes Rosa. Nase: ein sehr intensiver und wohlduftender Geruch, nach Fr\u00fcchten wie Himbeere, Aprikose und Wacholder, begleitet von zarten mineralischen, balsamischen und w\u00fcrzigen Noten, die uns an das Mittelmeer erinnern Geschmack: Eine gen\u00fcgsame Intensit\u00e4t mit einer ansprechenden Frische, im [...]","og_url":"https:\/\/shop.torricantine.com\/de\/produkt\/torri-1967-bernsteinfarbener-pinot-grigio-075l\/","og_site_name":"Torri Cantine Store COM","article_modified_time":"2025-07-20T22:00:17+00:00","og_image":[{"width":220,"height":801,"url":"https:\/\/shop.torricantine.com\/wp-content\/uploads\/2021\/05\/1967_pinot_grigio_ramato-1.png","type":"image\/png"}],"twitter_card":"summary_large_image","twitter_misc":{"Gesch\u00e4tzte Lesezeit":"2\u00a0Minuten"},"schema":{"@context":"https:\/\/schema.org","@graph":[{"@type":"WebPage","@id":"https:\/\/shop.torricantine.com\/de\/produkt\/torri-1967-bernsteinfarbener-pinot-grigio-075l\/","url":"https:\/\/shop.torricantine.com\/de\/produkt\/torri-1967-bernsteinfarbener-pinot-grigio-075l\/","name":"Torri 1967 Bernsteinfarbener Pinot Grigio 0,75L - Torri Cantine Store COM","isPartOf":{"@id":"https:\/\/shop.torricantine.com\/de\/#website"},"primaryImageOfPage":{"@id":"https:\/\/shop.torricantine.com\/de\/produkt\/torri-1967-bernsteinfarbener-pinot-grigio-075l\/#primaryimage"},"image":{"@id":"https:\/\/shop.torricantine.com\/de\/produkt\/torri-1967-bernsteinfarbener-pinot-grigio-075l\/#primaryimage"},"thumbnailUrl":"https:\/\/shop.torricantine.com\/wp-content\/uploads\/2021\/05\/1967_pinot_grigio_ramato-1.png","datePublished":"2021-05-11T15:39:07+00:00","dateModified":"2025-07-20T22:00:17+00:00","breadcrumb":{"@id":"https:\/\/shop.torricantine.com\/de\/produkt\/torri-1967-bernsteinfarbener-pinot-grigio-075l\/#breadcrumb"},"inLanguage":"de","potentialAction":[{"@type":"ReadAction","target":["https:\/\/shop.torricantine.com\/de\/produkt\/torri-1967-bernsteinfarbener-pinot-grigio-075l\/"]}]},{"@type":"ImageObject","inLanguage":"de","@id":"https:\/\/shop.torricantine.com\/de\/produkt\/torri-1967-bernsteinfarbener-pinot-grigio-075l\/#primaryimage","url":"https:\/\/shop.torricantine.com\/wp-content\/uploads\/2021\/05\/1967_pinot_grigio_ramato-1.png","contentUrl":"https:\/\/shop.torricantine.com\/wp-content\/uploads\/2021\/05\/1967_pinot_grigio_ramato-1.png","width":220,"height":801},{"@type":"BreadcrumbList","@id":"https:\/\/shop.torricantine.com\/de\/produkt\/torri-1967-bernsteinfarbener-pinot-grigio-075l\/#breadcrumb","itemListElement":[{"@type":"ListItem","position":1,"name":"Home","item":"https:\/\/shop.torricantine.com\/de\/"},{"@type":"ListItem","position":2,"name":"Shop","item":"https:\/\/shop.torricantine.com\/de\/shop\/"},{"@type":"ListItem","position":3,"name":"Torri 1967 Bernsteinfarbener Pinot Grigio 0,75L"}]},{"@type":"WebSite","@id":"https:\/\/shop.torricantine.com\/de\/#website","url":"https:\/\/shop.torricantine.com\/de\/","name":"Torri Cantine Store COM","description":"Online store of our winery in Italy","publisher":{"@id":"https:\/\/shop.torricantine.com\/de\/#organization"},"potentialAction":[{"@type":"SearchAction","target":{"@type":"EntryPoint","urlTemplate":"https:\/\/shop.torricantine.com\/de\/?s={search_term_string}"},"query-input":{"@type":"PropertyValueSpecification","valueRequired":true,"valueName":"search_term_string"}}],"inLanguage":"de"},{"@type":"Organization","@id":"https:\/\/shop.torricantine.com\/de\/#organization","name":"Torri Cantine","url":"https:\/\/shop.torricantine.com\/de\/","logo":{"@type":"ImageObject","inLanguage":"de","@id":"https:\/\/shop.torricantine.com\/de\/#\/schema\/logo\/image\/","url":"https:\/\/shop.torricantine.com\/wp-content\/uploads\/2020\/04\/torri-store-logo_text.png","contentUrl":"https:\/\/shop.torricantine.com\/wp-content\/uploads\/2020\/04\/torri-store-logo_text.png","width":289,"height":361,"caption":"Torri Cantine"},"image":{"@id":"https:\/\/shop.torricantine.com\/de\/#\/schema\/logo\/image\/"}}]}},"_links":{"self":[{"href":"https:\/\/shop.torricantine.com\/de\/wp-json\/wp\/v2\/product\/28173","targetHints":{"allow":["GET"]}}],"collection":[{"href":"https:\/\/shop.torricantine.com\/de\/wp-json\/wp\/v2\/product"}],"about":[{"href":"https:\/\/shop.torricantine.com\/de\/wp-json\/wp\/v2\/types\/product"}],"replies":[{"embeddable":true,"href":"https:\/\/shop.torricantine.com\/de\/wp-json\/wp\/v2\/comments?post=28173"}],"wp:featuredmedia":[{"embeddable":true,"href":"https:\/\/shop.torricantine.com\/de\/wp-json\/wp\/v2\/media\/56735"}],"wp:attachment":[{"href":"https:\/\/shop.torricantine.com\/de\/wp-json\/wp\/v2\/media?parent=28173"}],"wp:term":[{"taxonomy":"product_brand","embeddable":true,"href":"https:\/\/shop.torricantine.com\/de\/wp-json\/wp\/v2\/product_brand?post=28173"},{"taxonomy":"product_cat","embeddable":true,"href":"https:\/\/shop.torricantine.com\/de\/wp-json\/wp\/v2\/product_cat?post=28173"},{"taxonomy":"product_tag","embeddable":true,"href":"https:\/\/shop.torricantine.com\/de\/wp-json\/wp\/v2\/product_tag?post=28173"}],"curies":[{"name":"wp","href":"https:\/\/api.w.org\/{rel}","templated":true}]}}