{"id":26267,"date":"2021-04-13T18:13:36","date_gmt":"2021-04-13T16:13:36","guid":{"rendered":"https:\/\/shop.torricantine.com\/?post_type=product&#038;p=26267"},"modified":"2026-02-11T17:27:46","modified_gmt":"2026-02-11T15:27:46","slug":"3l-bag-in-tube-pinot-grigio-weisswein","status":"publish","type":"product","link":"https:\/\/shop.torricantine.com\/de\/produkt\/3l-bag-in-tube-pinot-grigio-weisswein\/","title":{"rendered":"3L Bag in Tube Pinot Grigio Wei\u00dfwein"},"content":{"rendered":"<h2 class=\"product-title product_title entry-title\"><strong>3L Bag in Tube Pinot Grigio Wei\u00dfwein<\/strong><\/h2>\n<p><strong>Farbe<\/strong>: Ein zartes und besonders klares Strohgelb<br \/>\n<strong>Geruch<\/strong>: einen angenehmen Bl\u00fctenduft von Akazien, Jasmin und eine stechendere Fruchtigkeit von Pfirsich, Aprikose und Zitrusfr\u00fcchten.<br \/>\n<strong>Gaumen<\/strong>: intensiv und scharf, mit einer interessanten Frische und Mineralit\u00e4t, ausgeglichen durch eine anregende W\u00e4rme und eine einh\u00fcllende Weichheit.<\/p>\n<p><strong>Weinernte<\/strong><br \/>\nEr kommt aus den ber\u00fchmten Terre di Chieti, aus einer alten Rebe in Tendone, in einer der interessantesten Gegenden der Weinbranche, die sich durch einen unbezahlbaren Temperaturbereich und einer gro\u00dfartigen Exposition auszeichnet.<\/p>\n<p>Ein Pinot Grigio, der aus einer streng manuellen Ernte, die in der letzten Augustwoche stattfindet, aus einem zertifizierten \u00f6kologischen Landbaus gewonnen wurde und den gr\u00f6\u00dftm\u00f6glichen Respekt f\u00fcr die Umwelt garantiert.<\/p>\n<p><strong>Weinzubereitung<\/strong><br \/>\nEine Vinifizierung die ausschlie\u00dflich in thermokonditionierten Stahlbottichen durchgef\u00fchrt wird und dann nach einer Reifung von 4 Monaten erneut in Stahlbeh\u00e4ltern erfolgt, in v\u00f6lliger Abwesenheit von Sauerstoff.<\/p>\n<p><strong>So kombinieren Sie unseren Pinot Grigio<\/strong><br \/>\nEin Wein der kalt, bei maximal 6-8 Grad, serviert wird, mit Aperitifs, Vorspeisen, Fisch, vegetarischen Gerichten, wei\u00dfem Fleisch und frischem oder mittelgereiften K\u00e4se.<\/p>\n<p><strong>INTERNATIONALE AUSZEICHNUNGEN<\/strong><\/p>\n<div id=\"fluid\">\n<table class=\"table\" border=\"0\" width=\"100%\" cellspacing=\"0\" cellpadding=\"0\">\n<tbody>\n<tr style=\"float: left;\">\n<td style=\"border: 0;\"><img loading=\"lazy\" decoding=\"async\" class=\"alignnone wp-image-108287\" src=\"https:\/\/shop.torricantine.com\/wp-content\/uploads\/2020\/07\/best-wine-in-box-gold.png\" alt=\"\" width=\"128\" height=\"96\" \/><\/td>\n<\/tr>\n<\/tbody>\n<\/table>\n<\/div>\n","protected":false},"excerpt":{"rendered":"<p>3L Bag in Tube Pinot Grigio Wei\u00dfwein Farbe: Ein zartes und besonders klares Strohgelb Geruch: einen angenehmen Bl\u00fctenduft von Akazien, Jasmin und eine stechendere Fruchtigkeit von Pfirsich, Aprikose und Zitrusfr\u00fcchten. Gaumen: intensiv und scharf, mit einer interessanten Frische und Mineralit\u00e4t, ausgeglichen durch eine anregende W\u00e4rme und eine einh\u00fcllende Weichheit. Weinernte Er kommt aus den ber\u00fchmten [&#8230;]\n","protected":false},"featured_media":56753,"comment_status":"open","ping_status":"closed","template":"","meta":[],"product_brand":[],"product_cat":[178,372,173,175,179],"product_tag":[287,180,181],"class_list":{"0":"post-26267","1":"product","2":"type-product","3":"status-publish","4":"has-post-thumbnail","6":"product_cat-bag-in-box-weine","7":"product_cat-bag-in-tube-de","8":"product_cat-biologische","9":"product_cat-torri-cantine-de","10":"product_cat-weissweine","11":"product_tag-bag-in-tube-de","12":"product_tag-boxed-wine-de","13":"product_tag-organic-de","14":"product_shipping_class-bib-5","16":"first","17":"outofstock","18":"taxable","19":"shipping-taxable","20":"purchasable","21":"product-type-simple"},"bundled_by":["50523","50681","53715"],"bundle_stock_status":"outofstock","bundle_stock_quantity":5,"bundle_virtual":false,"bundle_layout":"","bundle_add_to_cart_form_location":"","bundle_editable_in_cart":false,"bundle_sold_individually_context":"","bundle_item_grouping":"","bundle_min_size":"","bundle_max_size":"","bundle_price":[],"bundled_items":[],"bundle_sell_ids":[],"yoast_head":"<!-- This site is optimized with the Yoast SEO plugin v27.5 - https:\/\/yoast.com\/product\/yoast-seo-wordpress\/ -->\n<title>3L Bag in Tube Pinot Grigio Wei\u00dfwein - Torri Cantine Store COM<\/title>\n<meta name=\"robots\" content=\"index, follow, max-snippet:-1, max-image-preview:large, max-video-preview:-1\" \/>\n<link rel=\"canonical\" href=\"https:\/\/shop.torricantine.com\/de\/produkt\/3l-bag-in-tube-pinot-grigio-weisswein\/\" \/>\n<meta property=\"og:locale\" content=\"de_DE\" \/>\n<meta property=\"og:type\" content=\"article\" \/>\n<meta property=\"og:title\" content=\"3L Bag in Tube Pinot Grigio Wei\u00dfwein - Torri Cantine Store COM\" \/>\n<meta property=\"og:description\" content=\"3L Bag in Tube Pinot Grigio Wei\u00dfwein Farbe: Ein zartes und besonders klares Strohgelb Geruch: einen angenehmen Bl\u00fctenduft von Akazien, Jasmin und eine stechendere Fruchtigkeit von Pfirsich, Aprikose und Zitrusfr\u00fcchten. Gaumen: intensiv und scharf, mit einer interessanten Frische und Mineralit\u00e4t, ausgeglichen durch eine anregende W\u00e4rme und eine einh\u00fcllende Weichheit. Weinernte Er kommt aus den ber\u00fchmten [...]\" \/>\n<meta property=\"og:url\" content=\"https:\/\/shop.torricantine.com\/de\/produkt\/3l-bag-in-tube-pinot-grigio-weisswein\/\" \/>\n<meta property=\"og:site_name\" content=\"Torri Cantine Store COM\" \/>\n<meta property=\"article:modified_time\" content=\"2026-02-11T15:27:46+00:00\" \/>\n<meta property=\"og:image\" content=\"https:\/\/shop.torricantine.com\/wp-content\/uploads\/2021\/04\/BIT_pinot-grigio-1.png\" \/>\n\t<meta property=\"og:image:width\" content=\"408\" \/>\n\t<meta property=\"og:image:height\" content=\"800\" \/>\n\t<meta property=\"og:image:type\" content=\"image\/png\" \/>\n<meta name=\"twitter:card\" content=\"summary_large_image\" \/>\n<meta name=\"twitter:label1\" content=\"Gesch\u00e4tzte Lesezeit\" \/>\n\t<meta name=\"twitter:data1\" content=\"2\u00a0Minuten\" \/>\n<script type=\"application\/ld+json\" class=\"yoast-schema-graph\">{\"@context\":\"https:\\\/\\\/schema.org\",\"@graph\":[{\"@type\":\"WebPage\",\"@id\":\"https:\\\/\\\/shop.torricantine.com\\\/de\\\/produkt\\\/3l-bag-in-tube-pinot-grigio-weisswein\\\/\",\"url\":\"https:\\\/\\\/shop.torricantine.com\\\/de\\\/produkt\\\/3l-bag-in-tube-pinot-grigio-weisswein\\\/\",\"name\":\"3L Bag in Tube Pinot Grigio Wei\u00dfwein - Torri Cantine Store COM\",\"isPartOf\":{\"@id\":\"https:\\\/\\\/shop.torricantine.com\\\/de\\\/#website\"},\"primaryImageOfPage\":{\"@id\":\"https:\\\/\\\/shop.torricantine.com\\\/de\\\/produkt\\\/3l-bag-in-tube-pinot-grigio-weisswein\\\/#primaryimage\"},\"image\":{\"@id\":\"https:\\\/\\\/shop.torricantine.com\\\/de\\\/produkt\\\/3l-bag-in-tube-pinot-grigio-weisswein\\\/#primaryimage\"},\"thumbnailUrl\":\"https:\\\/\\\/shop.torricantine.com\\\/wp-content\\\/uploads\\\/2021\\\/04\\\/BIT_pinot-grigio-1.png\",\"datePublished\":\"2021-04-13T16:13:36+00:00\",\"dateModified\":\"2026-02-11T15:27:46+00:00\",\"breadcrumb\":{\"@id\":\"https:\\\/\\\/shop.torricantine.com\\\/de\\\/produkt\\\/3l-bag-in-tube-pinot-grigio-weisswein\\\/#breadcrumb\"},\"inLanguage\":\"de\",\"potentialAction\":[{\"@type\":\"ReadAction\",\"target\":[\"https:\\\/\\\/shop.torricantine.com\\\/de\\\/produkt\\\/3l-bag-in-tube-pinot-grigio-weisswein\\\/\"]}]},{\"@type\":\"ImageObject\",\"inLanguage\":\"de\",\"@id\":\"https:\\\/\\\/shop.torricantine.com\\\/de\\\/produkt\\\/3l-bag-in-tube-pinot-grigio-weisswein\\\/#primaryimage\",\"url\":\"https:\\\/\\\/shop.torricantine.com\\\/wp-content\\\/uploads\\\/2021\\\/04\\\/BIT_pinot-grigio-1.png\",\"contentUrl\":\"https:\\\/\\\/shop.torricantine.com\\\/wp-content\\\/uploads\\\/2021\\\/04\\\/BIT_pinot-grigio-1.png\",\"width\":408,\"height\":800},{\"@type\":\"BreadcrumbList\",\"@id\":\"https:\\\/\\\/shop.torricantine.com\\\/de\\\/produkt\\\/3l-bag-in-tube-pinot-grigio-weisswein\\\/#breadcrumb\",\"itemListElement\":[{\"@type\":\"ListItem\",\"position\":1,\"name\":\"Home\",\"item\":\"https:\\\/\\\/shop.torricantine.com\\\/de\\\/\"},{\"@type\":\"ListItem\",\"position\":2,\"name\":\"Shop\",\"item\":\"https:\\\/\\\/shop.torricantine.com\\\/de\\\/shop\\\/\"},{\"@type\":\"ListItem\",\"position\":3,\"name\":\"3L Bag in Tube Pinot Grigio Wei\u00dfwein\"}]},{\"@type\":\"WebSite\",\"@id\":\"https:\\\/\\\/shop.torricantine.com\\\/de\\\/#website\",\"url\":\"https:\\\/\\\/shop.torricantine.com\\\/de\\\/\",\"name\":\"Torri Cantine Store COM\",\"description\":\"Online store of our winery in Italy\",\"publisher\":{\"@id\":\"https:\\\/\\\/shop.torricantine.com\\\/de\\\/#organization\"},\"potentialAction\":[{\"@type\":\"SearchAction\",\"target\":{\"@type\":\"EntryPoint\",\"urlTemplate\":\"https:\\\/\\\/shop.torricantine.com\\\/de\\\/?s={search_term_string}\"},\"query-input\":{\"@type\":\"PropertyValueSpecification\",\"valueRequired\":true,\"valueName\":\"search_term_string\"}}],\"inLanguage\":\"de\"},{\"@type\":\"Organization\",\"@id\":\"https:\\\/\\\/shop.torricantine.com\\\/de\\\/#organization\",\"name\":\"Torri Cantine\",\"url\":\"https:\\\/\\\/shop.torricantine.com\\\/de\\\/\",\"logo\":{\"@type\":\"ImageObject\",\"inLanguage\":\"de\",\"@id\":\"https:\\\/\\\/shop.torricantine.com\\\/de\\\/#\\\/schema\\\/logo\\\/image\\\/\",\"url\":\"https:\\\/\\\/shop.torricantine.com\\\/wp-content\\\/uploads\\\/2020\\\/04\\\/torri-store-logo_text.png\",\"contentUrl\":\"https:\\\/\\\/shop.torricantine.com\\\/wp-content\\\/uploads\\\/2020\\\/04\\\/torri-store-logo_text.png\",\"width\":289,\"height\":361,\"caption\":\"Torri Cantine\"},\"image\":{\"@id\":\"https:\\\/\\\/shop.torricantine.com\\\/de\\\/#\\\/schema\\\/logo\\\/image\\\/\"}}]}<\/script>\n<!-- \/ Yoast SEO plugin. -->","yoast_head_json":{"title":"3L Bag in Tube Pinot Grigio Wei\u00dfwein - Torri Cantine Store COM","robots":{"index":"index","follow":"follow","max-snippet":"max-snippet:-1","max-image-preview":"max-image-preview:large","max-video-preview":"max-video-preview:-1"},"canonical":"https:\/\/shop.torricantine.com\/de\/produkt\/3l-bag-in-tube-pinot-grigio-weisswein\/","og_locale":"de_DE","og_type":"article","og_title":"3L Bag in Tube Pinot Grigio Wei\u00dfwein - Torri Cantine Store COM","og_description":"3L Bag in Tube Pinot Grigio Wei\u00dfwein Farbe: Ein zartes und besonders klares Strohgelb Geruch: einen angenehmen Bl\u00fctenduft von Akazien, Jasmin und eine stechendere Fruchtigkeit von Pfirsich, Aprikose und Zitrusfr\u00fcchten. Gaumen: intensiv und scharf, mit einer interessanten Frische und Mineralit\u00e4t, ausgeglichen durch eine anregende W\u00e4rme und eine einh\u00fcllende Weichheit. Weinernte Er kommt aus den ber\u00fchmten [...]","og_url":"https:\/\/shop.torricantine.com\/de\/produkt\/3l-bag-in-tube-pinot-grigio-weisswein\/","og_site_name":"Torri Cantine Store COM","article_modified_time":"2026-02-11T15:27:46+00:00","og_image":[{"width":408,"height":800,"url":"https:\/\/shop.torricantine.com\/wp-content\/uploads\/2021\/04\/BIT_pinot-grigio-1.png","type":"image\/png"}],"twitter_card":"summary_large_image","twitter_misc":{"Gesch\u00e4tzte Lesezeit":"2\u00a0Minuten"},"schema":{"@context":"https:\/\/schema.org","@graph":[{"@type":"WebPage","@id":"https:\/\/shop.torricantine.com\/de\/produkt\/3l-bag-in-tube-pinot-grigio-weisswein\/","url":"https:\/\/shop.torricantine.com\/de\/produkt\/3l-bag-in-tube-pinot-grigio-weisswein\/","name":"3L Bag in Tube Pinot Grigio Wei\u00dfwein - Torri Cantine Store COM","isPartOf":{"@id":"https:\/\/shop.torricantine.com\/de\/#website"},"primaryImageOfPage":{"@id":"https:\/\/shop.torricantine.com\/de\/produkt\/3l-bag-in-tube-pinot-grigio-weisswein\/#primaryimage"},"image":{"@id":"https:\/\/shop.torricantine.com\/de\/produkt\/3l-bag-in-tube-pinot-grigio-weisswein\/#primaryimage"},"thumbnailUrl":"https:\/\/shop.torricantine.com\/wp-content\/uploads\/2021\/04\/BIT_pinot-grigio-1.png","datePublished":"2021-04-13T16:13:36+00:00","dateModified":"2026-02-11T15:27:46+00:00","breadcrumb":{"@id":"https:\/\/shop.torricantine.com\/de\/produkt\/3l-bag-in-tube-pinot-grigio-weisswein\/#breadcrumb"},"inLanguage":"de","potentialAction":[{"@type":"ReadAction","target":["https:\/\/shop.torricantine.com\/de\/produkt\/3l-bag-in-tube-pinot-grigio-weisswein\/"]}]},{"@type":"ImageObject","inLanguage":"de","@id":"https:\/\/shop.torricantine.com\/de\/produkt\/3l-bag-in-tube-pinot-grigio-weisswein\/#primaryimage","url":"https:\/\/shop.torricantine.com\/wp-content\/uploads\/2021\/04\/BIT_pinot-grigio-1.png","contentUrl":"https:\/\/shop.torricantine.com\/wp-content\/uploads\/2021\/04\/BIT_pinot-grigio-1.png","width":408,"height":800},{"@type":"BreadcrumbList","@id":"https:\/\/shop.torricantine.com\/de\/produkt\/3l-bag-in-tube-pinot-grigio-weisswein\/#breadcrumb","itemListElement":[{"@type":"ListItem","position":1,"name":"Home","item":"https:\/\/shop.torricantine.com\/de\/"},{"@type":"ListItem","position":2,"name":"Shop","item":"https:\/\/shop.torricantine.com\/de\/shop\/"},{"@type":"ListItem","position":3,"name":"3L Bag in Tube Pinot Grigio Wei\u00dfwein"}]},{"@type":"WebSite","@id":"https:\/\/shop.torricantine.com\/de\/#website","url":"https:\/\/shop.torricantine.com\/de\/","name":"Torri Cantine Store COM","description":"Online store of our winery in Italy","publisher":{"@id":"https:\/\/shop.torricantine.com\/de\/#organization"},"potentialAction":[{"@type":"SearchAction","target":{"@type":"EntryPoint","urlTemplate":"https:\/\/shop.torricantine.com\/de\/?s={search_term_string}"},"query-input":{"@type":"PropertyValueSpecification","valueRequired":true,"valueName":"search_term_string"}}],"inLanguage":"de"},{"@type":"Organization","@id":"https:\/\/shop.torricantine.com\/de\/#organization","name":"Torri Cantine","url":"https:\/\/shop.torricantine.com\/de\/","logo":{"@type":"ImageObject","inLanguage":"de","@id":"https:\/\/shop.torricantine.com\/de\/#\/schema\/logo\/image\/","url":"https:\/\/shop.torricantine.com\/wp-content\/uploads\/2020\/04\/torri-store-logo_text.png","contentUrl":"https:\/\/shop.torricantine.com\/wp-content\/uploads\/2020\/04\/torri-store-logo_text.png","width":289,"height":361,"caption":"Torri Cantine"},"image":{"@id":"https:\/\/shop.torricantine.com\/de\/#\/schema\/logo\/image\/"}}]}},"_links":{"self":[{"href":"https:\/\/shop.torricantine.com\/de\/wp-json\/wp\/v2\/product\/26267","targetHints":{"allow":["GET"]}}],"collection":[{"href":"https:\/\/shop.torricantine.com\/de\/wp-json\/wp\/v2\/product"}],"about":[{"href":"https:\/\/shop.torricantine.com\/de\/wp-json\/wp\/v2\/types\/product"}],"replies":[{"embeddable":true,"href":"https:\/\/shop.torricantine.com\/de\/wp-json\/wp\/v2\/comments?post=26267"}],"wp:featuredmedia":[{"embeddable":true,"href":"https:\/\/shop.torricantine.com\/de\/wp-json\/wp\/v2\/media\/56753"}],"wp:attachment":[{"href":"https:\/\/shop.torricantine.com\/de\/wp-json\/wp\/v2\/media?parent=26267"}],"wp:term":[{"taxonomy":"product_brand","embeddable":true,"href":"https:\/\/shop.torricantine.com\/de\/wp-json\/wp\/v2\/product_brand?post=26267"},{"taxonomy":"product_cat","embeddable":true,"href":"https:\/\/shop.torricantine.com\/de\/wp-json\/wp\/v2\/product_cat?post=26267"},{"taxonomy":"product_tag","embeddable":true,"href":"https:\/\/shop.torricantine.com\/de\/wp-json\/wp\/v2\/product_tag?post=26267"}],"curies":[{"name":"wp","href":"https:\/\/api.w.org\/{rel}","templated":true}]}}