{"id":26242,"date":"2020-11-26T15:23:28","date_gmt":"2020-11-26T13:23:28","guid":{"rendered":"https:\/\/shop.torricantine.com\/product\/bag-in-box-stander-bacco\/"},"modified":"2025-02-06T18:40:27","modified_gmt":"2025-02-06T16:40:27","slug":"bag-in-box-stander-bacco","status":"publish","type":"product","link":"https:\/\/shop.torricantine.com\/de\/produkt\/bag-in-box-stander-bacco\/","title":{"rendered":"Bag in Box St\u00e4nder &#8222;Bacco&#8220;"},"content":{"rendered":"<p>Kommen Ihnen unsere Bag in Box zu sperrig vor? &#8222;Bacco&#8220; ist endlich da: unser handlicher, leichter Bag-in-Box (BIB)-Halter. Ein Ger\u00e4t mit modernem Design, das in jeder Umgebung platziert werden kann. Er ist aus Stahl hergestellt und ist abwaschbar f\u00fcr eine einfache Reinigung. Er ist in 3 verschiedenen Farben erh\u00e4ltlich! Ideal f\u00fcr unsere 3- und 5-Liter-Boxe (der Wein-BIB auf dem Bild ist nicht enthalten).<\/p>\n","protected":false},"excerpt":{"rendered":"<p>Kommen Ihnen unsere Bag in Box zu sperrig vor? &#8222;Bacco&#8220; ist endlich da: unser handlicher, leichter Bag-in-Box (BIB)-Halter. Ein Ger\u00e4t mit modernem Design, das in jeder Umgebung platziert werden kann. Er ist aus Stahl hergestellt und ist abwaschbar f\u00fcr eine einfache Reinigung. Er ist in 3 verschiedenen Farben erh\u00e4ltlich! Ideal f\u00fcr unsere 3- und 5-Liter-Boxe [&#8230;]\n","protected":false},"featured_media":56777,"comment_status":"open","ping_status":"closed","template":"","meta":[],"product_brand":[],"product_cat":[174,178,175],"product_tag":[],"class_list":{"0":"post-26242","1":"product","2":"type-product","3":"status-publish","4":"has-post-thumbnail","6":"product_cat-angebote","7":"product_cat-bag-in-box-weine","8":"product_cat-torri-cantine-de","10":"first","11":"outofstock","12":"sale","13":"taxable","14":"shipping-taxable","15":"purchasable","16":"product-type-variable"},"bundled_by":["26246"],"bundle_stock_status":"outofstock","bundle_stock_quantity":null,"bundle_virtual":false,"bundle_layout":"","bundle_add_to_cart_form_location":"","bundle_editable_in_cart":false,"bundle_sold_individually_context":"","bundle_item_grouping":"","bundle_min_size":"","bundle_max_size":"","bundle_price":[],"bundled_items":[],"bundle_sell_ids":[],"yoast_head":"<!-- This site is optimized with the Yoast SEO plugin v27.5 - https:\/\/yoast.com\/product\/yoast-seo-wordpress\/ -->\n<title>Bag in Box St\u00e4nder &quot;Bacco&quot; - Torri Cantine Store COM<\/title>\n<meta name=\"robots\" content=\"index, follow, max-snippet:-1, max-image-preview:large, max-video-preview:-1\" \/>\n<link rel=\"canonical\" href=\"https:\/\/shop.torricantine.com\/de\/produkt\/bag-in-box-stander-bacco\/\" \/>\n<meta property=\"og:locale\" content=\"de_DE\" \/>\n<meta property=\"og:type\" content=\"article\" \/>\n<meta property=\"og:title\" content=\"Bag in Box St\u00e4nder &quot;Bacco&quot; - Torri Cantine Store COM\" \/>\n<meta property=\"og:description\" content=\"Kommen Ihnen unsere Bag in Box zu sperrig vor? &#8222;Bacco&#8220; ist endlich da: unser handlicher, leichter Bag-in-Box (BIB)-Halter. Ein Ger\u00e4t mit modernem Design, das in jeder Umgebung platziert werden kann. Er ist aus Stahl hergestellt und ist abwaschbar f\u00fcr eine einfache Reinigung. Er ist in 3 verschiedenen Farben erh\u00e4ltlich! Ideal f\u00fcr unsere 3- und 5-Liter-Boxe [...]\" \/>\n<meta property=\"og:url\" content=\"https:\/\/shop.torricantine.com\/de\/produkt\/bag-in-box-stander-bacco\/\" \/>\n<meta property=\"og:site_name\" content=\"Torri Cantine Store COM\" \/>\n<meta property=\"article:modified_time\" content=\"2025-02-06T16:40:27+00:00\" \/>\n<meta property=\"og:image\" content=\"https:\/\/shop.torricantine.com\/wp-content\/uploads\/2020\/11\/BACCO-ROSSOMONTEPULCIANO.png\" \/>\n\t<meta property=\"og:image:width\" content=\"521\" \/>\n\t<meta property=\"og:image:height\" content=\"800\" \/>\n\t<meta property=\"og:image:type\" content=\"image\/png\" \/>\n<meta name=\"twitter:card\" content=\"summary_large_image\" \/>\n<meta name=\"twitter:label1\" content=\"Gesch\u00e4tzte Lesezeit\" \/>\n\t<meta name=\"twitter:data1\" content=\"1\u00a0Minute\" \/>\n<script type=\"application\/ld+json\" class=\"yoast-schema-graph\">{\"@context\":\"https:\\\/\\\/schema.org\",\"@graph\":[{\"@type\":\"WebPage\",\"@id\":\"https:\\\/\\\/shop.torricantine.com\\\/de\\\/produkt\\\/bag-in-box-stander-bacco\\\/\",\"url\":\"https:\\\/\\\/shop.torricantine.com\\\/de\\\/produkt\\\/bag-in-box-stander-bacco\\\/\",\"name\":\"Bag in Box St\u00e4nder \\\"Bacco\\\" - Torri Cantine Store COM\",\"isPartOf\":{\"@id\":\"https:\\\/\\\/shop.torricantine.com\\\/de\\\/#website\"},\"primaryImageOfPage\":{\"@id\":\"https:\\\/\\\/shop.torricantine.com\\\/de\\\/produkt\\\/bag-in-box-stander-bacco\\\/#primaryimage\"},\"image\":{\"@id\":\"https:\\\/\\\/shop.torricantine.com\\\/de\\\/produkt\\\/bag-in-box-stander-bacco\\\/#primaryimage\"},\"thumbnailUrl\":\"https:\\\/\\\/shop.torricantine.com\\\/wp-content\\\/uploads\\\/2020\\\/11\\\/BACCO-ROSSOMONTEPULCIANO.png\",\"datePublished\":\"2020-11-26T13:23:28+00:00\",\"dateModified\":\"2025-02-06T16:40:27+00:00\",\"breadcrumb\":{\"@id\":\"https:\\\/\\\/shop.torricantine.com\\\/de\\\/produkt\\\/bag-in-box-stander-bacco\\\/#breadcrumb\"},\"inLanguage\":\"de\",\"potentialAction\":[{\"@type\":\"ReadAction\",\"target\":[\"https:\\\/\\\/shop.torricantine.com\\\/de\\\/produkt\\\/bag-in-box-stander-bacco\\\/\"]}]},{\"@type\":\"ImageObject\",\"inLanguage\":\"de\",\"@id\":\"https:\\\/\\\/shop.torricantine.com\\\/de\\\/produkt\\\/bag-in-box-stander-bacco\\\/#primaryimage\",\"url\":\"https:\\\/\\\/shop.torricantine.com\\\/wp-content\\\/uploads\\\/2020\\\/11\\\/BACCO-ROSSOMONTEPULCIANO.png\",\"contentUrl\":\"https:\\\/\\\/shop.torricantine.com\\\/wp-content\\\/uploads\\\/2020\\\/11\\\/BACCO-ROSSOMONTEPULCIANO.png\",\"width\":521,\"height\":800},{\"@type\":\"BreadcrumbList\",\"@id\":\"https:\\\/\\\/shop.torricantine.com\\\/de\\\/produkt\\\/bag-in-box-stander-bacco\\\/#breadcrumb\",\"itemListElement\":[{\"@type\":\"ListItem\",\"position\":1,\"name\":\"Home\",\"item\":\"https:\\\/\\\/shop.torricantine.com\\\/de\\\/\"},{\"@type\":\"ListItem\",\"position\":2,\"name\":\"Shop\",\"item\":\"https:\\\/\\\/shop.torricantine.com\\\/de\\\/shop\\\/\"},{\"@type\":\"ListItem\",\"position\":3,\"name\":\"Bag in Box St\u00e4nder &#8220;Bacco&#8221;\"}]},{\"@type\":\"WebSite\",\"@id\":\"https:\\\/\\\/shop.torricantine.com\\\/de\\\/#website\",\"url\":\"https:\\\/\\\/shop.torricantine.com\\\/de\\\/\",\"name\":\"Torri Cantine Store COM\",\"description\":\"Online store of our winery in Italy\",\"publisher\":{\"@id\":\"https:\\\/\\\/shop.torricantine.com\\\/de\\\/#organization\"},\"potentialAction\":[{\"@type\":\"SearchAction\",\"target\":{\"@type\":\"EntryPoint\",\"urlTemplate\":\"https:\\\/\\\/shop.torricantine.com\\\/de\\\/?s={search_term_string}\"},\"query-input\":{\"@type\":\"PropertyValueSpecification\",\"valueRequired\":true,\"valueName\":\"search_term_string\"}}],\"inLanguage\":\"de\"},{\"@type\":\"Organization\",\"@id\":\"https:\\\/\\\/shop.torricantine.com\\\/de\\\/#organization\",\"name\":\"Torri Cantine\",\"url\":\"https:\\\/\\\/shop.torricantine.com\\\/de\\\/\",\"logo\":{\"@type\":\"ImageObject\",\"inLanguage\":\"de\",\"@id\":\"https:\\\/\\\/shop.torricantine.com\\\/de\\\/#\\\/schema\\\/logo\\\/image\\\/\",\"url\":\"https:\\\/\\\/shop.torricantine.com\\\/wp-content\\\/uploads\\\/2020\\\/04\\\/torri-store-logo_text.png\",\"contentUrl\":\"https:\\\/\\\/shop.torricantine.com\\\/wp-content\\\/uploads\\\/2020\\\/04\\\/torri-store-logo_text.png\",\"width\":289,\"height\":361,\"caption\":\"Torri Cantine\"},\"image\":{\"@id\":\"https:\\\/\\\/shop.torricantine.com\\\/de\\\/#\\\/schema\\\/logo\\\/image\\\/\"}}]}<\/script>\n<!-- \/ Yoast SEO plugin. -->","yoast_head_json":{"title":"Bag in Box St\u00e4nder \"Bacco\" - Torri Cantine Store COM","robots":{"index":"index","follow":"follow","max-snippet":"max-snippet:-1","max-image-preview":"max-image-preview:large","max-video-preview":"max-video-preview:-1"},"canonical":"https:\/\/shop.torricantine.com\/de\/produkt\/bag-in-box-stander-bacco\/","og_locale":"de_DE","og_type":"article","og_title":"Bag in Box St\u00e4nder \"Bacco\" - Torri Cantine Store COM","og_description":"Kommen Ihnen unsere Bag in Box zu sperrig vor? &#8222;Bacco&#8220; ist endlich da: unser handlicher, leichter Bag-in-Box (BIB)-Halter. Ein Ger\u00e4t mit modernem Design, das in jeder Umgebung platziert werden kann. Er ist aus Stahl hergestellt und ist abwaschbar f\u00fcr eine einfache Reinigung. Er ist in 3 verschiedenen Farben erh\u00e4ltlich! Ideal f\u00fcr unsere 3- und 5-Liter-Boxe [...]","og_url":"https:\/\/shop.torricantine.com\/de\/produkt\/bag-in-box-stander-bacco\/","og_site_name":"Torri Cantine Store COM","article_modified_time":"2025-02-06T16:40:27+00:00","og_image":[{"width":521,"height":800,"url":"https:\/\/shop.torricantine.com\/wp-content\/uploads\/2020\/11\/BACCO-ROSSOMONTEPULCIANO.png","type":"image\/png"}],"twitter_card":"summary_large_image","twitter_misc":{"Gesch\u00e4tzte Lesezeit":"1\u00a0Minute"},"schema":{"@context":"https:\/\/schema.org","@graph":[{"@type":"WebPage","@id":"https:\/\/shop.torricantine.com\/de\/produkt\/bag-in-box-stander-bacco\/","url":"https:\/\/shop.torricantine.com\/de\/produkt\/bag-in-box-stander-bacco\/","name":"Bag in Box St\u00e4nder \"Bacco\" - Torri Cantine Store COM","isPartOf":{"@id":"https:\/\/shop.torricantine.com\/de\/#website"},"primaryImageOfPage":{"@id":"https:\/\/shop.torricantine.com\/de\/produkt\/bag-in-box-stander-bacco\/#primaryimage"},"image":{"@id":"https:\/\/shop.torricantine.com\/de\/produkt\/bag-in-box-stander-bacco\/#primaryimage"},"thumbnailUrl":"https:\/\/shop.torricantine.com\/wp-content\/uploads\/2020\/11\/BACCO-ROSSOMONTEPULCIANO.png","datePublished":"2020-11-26T13:23:28+00:00","dateModified":"2025-02-06T16:40:27+00:00","breadcrumb":{"@id":"https:\/\/shop.torricantine.com\/de\/produkt\/bag-in-box-stander-bacco\/#breadcrumb"},"inLanguage":"de","potentialAction":[{"@type":"ReadAction","target":["https:\/\/shop.torricantine.com\/de\/produkt\/bag-in-box-stander-bacco\/"]}]},{"@type":"ImageObject","inLanguage":"de","@id":"https:\/\/shop.torricantine.com\/de\/produkt\/bag-in-box-stander-bacco\/#primaryimage","url":"https:\/\/shop.torricantine.com\/wp-content\/uploads\/2020\/11\/BACCO-ROSSOMONTEPULCIANO.png","contentUrl":"https:\/\/shop.torricantine.com\/wp-content\/uploads\/2020\/11\/BACCO-ROSSOMONTEPULCIANO.png","width":521,"height":800},{"@type":"BreadcrumbList","@id":"https:\/\/shop.torricantine.com\/de\/produkt\/bag-in-box-stander-bacco\/#breadcrumb","itemListElement":[{"@type":"ListItem","position":1,"name":"Home","item":"https:\/\/shop.torricantine.com\/de\/"},{"@type":"ListItem","position":2,"name":"Shop","item":"https:\/\/shop.torricantine.com\/de\/shop\/"},{"@type":"ListItem","position":3,"name":"Bag in Box St\u00e4nder &#8220;Bacco&#8221;"}]},{"@type":"WebSite","@id":"https:\/\/shop.torricantine.com\/de\/#website","url":"https:\/\/shop.torricantine.com\/de\/","name":"Torri Cantine Store COM","description":"Online store of our winery in Italy","publisher":{"@id":"https:\/\/shop.torricantine.com\/de\/#organization"},"potentialAction":[{"@type":"SearchAction","target":{"@type":"EntryPoint","urlTemplate":"https:\/\/shop.torricantine.com\/de\/?s={search_term_string}"},"query-input":{"@type":"PropertyValueSpecification","valueRequired":true,"valueName":"search_term_string"}}],"inLanguage":"de"},{"@type":"Organization","@id":"https:\/\/shop.torricantine.com\/de\/#organization","name":"Torri Cantine","url":"https:\/\/shop.torricantine.com\/de\/","logo":{"@type":"ImageObject","inLanguage":"de","@id":"https:\/\/shop.torricantine.com\/de\/#\/schema\/logo\/image\/","url":"https:\/\/shop.torricantine.com\/wp-content\/uploads\/2020\/04\/torri-store-logo_text.png","contentUrl":"https:\/\/shop.torricantine.com\/wp-content\/uploads\/2020\/04\/torri-store-logo_text.png","width":289,"height":361,"caption":"Torri Cantine"},"image":{"@id":"https:\/\/shop.torricantine.com\/de\/#\/schema\/logo\/image\/"}}]}},"_links":{"self":[{"href":"https:\/\/shop.torricantine.com\/de\/wp-json\/wp\/v2\/product\/26242","targetHints":{"allow":["GET"]}}],"collection":[{"href":"https:\/\/shop.torricantine.com\/de\/wp-json\/wp\/v2\/product"}],"about":[{"href":"https:\/\/shop.torricantine.com\/de\/wp-json\/wp\/v2\/types\/product"}],"replies":[{"embeddable":true,"href":"https:\/\/shop.torricantine.com\/de\/wp-json\/wp\/v2\/comments?post=26242"}],"wp:featuredmedia":[{"embeddable":true,"href":"https:\/\/shop.torricantine.com\/de\/wp-json\/wp\/v2\/media\/56777"}],"wp:attachment":[{"href":"https:\/\/shop.torricantine.com\/de\/wp-json\/wp\/v2\/media?parent=26242"}],"wp:term":[{"taxonomy":"product_brand","embeddable":true,"href":"https:\/\/shop.torricantine.com\/de\/wp-json\/wp\/v2\/product_brand?post=26242"},{"taxonomy":"product_cat","embeddable":true,"href":"https:\/\/shop.torricantine.com\/de\/wp-json\/wp\/v2\/product_cat?post=26242"},{"taxonomy":"product_tag","embeddable":true,"href":"https:\/\/shop.torricantine.com\/de\/wp-json\/wp\/v2\/product_tag?post=26242"}],"curies":[{"name":"wp","href":"https:\/\/api.w.org\/{rel}","templated":true}]}}