{"id":26132,"date":"2020-09-18T16:21:15","date_gmt":"2020-09-18T14:21:15","guid":{"rendered":"https:\/\/shop.torricantine.com\/product\/sottovento-montepulciano-dabruzzo-doc-2018-bio-rotwein-075l\/"},"modified":"2025-12-26T17:01:24","modified_gmt":"2025-12-26T15:01:24","slug":"sottovento-montepulciano-dabruzzo-doc-2018-bio-rotwein-075l","status":"publish","type":"product","link":"https:\/\/shop.torricantine.com\/de\/produkt\/sottovento-montepulciano-dabruzzo-doc-2018-bio-rotwein-075l\/","title":{"rendered":"Sottovento Montepulciano d\u2019Abruzzo DOC Bio-Rotwein 0,75L"},"content":{"rendered":"<p><strong>Farbe<\/strong>: Ein leuchtendes Rubinrot mit violetten Reflexen und einer angemessenen Konsistenz<br \/>\n<strong>Geruch<\/strong>: Sehr duftend und kr\u00e4ftig erobert er Sie mit einer Fruchtigkeit nach Marmeladen-Brombeeren, Pflaumen, Sauerkirschen und einem sch\u00f6nen Unterholz.<br \/>\n<strong>Gaumen<\/strong>: Im Schluck werden Sie von einer trockenen Weichheit und einer angemessenen W\u00e4rme erobert, in perfekter Harmonie mit einer moderaten Frische, einer sch\u00f6nen Mineralit\u00e4t und magisch samtigen Tanninen. Der Geschmack stimmt perfekt mit den olfaktorischen Noten \u00fcberein, zu denen wir vielleicht eine zarte W\u00fcrze und einen Wein mit minimal bitteren Spitzen hinzuf\u00fcgen k\u00f6nnten.<\/p>\n<p><strong>Weinernte<\/strong><br \/>\nEr kommt aus einer der bestgeeigneten Gegenden der Abruzzen, aus einem alten Weinberg in Tendone in idealer H\u00f6he, die einen beeindruckenden Temperaturbereich und eine hervorragende Beleuchtung gew\u00e4hrleisten.<\/p>\n<p>Ein au\u00dfergew\u00f6hnlicher Montepulciano d&#8217;Abruzzo DOC, der Anfang Oktober aus einer streng manuellen Ernte und eines zertifizierten \u00f6kologischen Landbaus gewonnen wurde und den gr\u00f6\u00dftm\u00f6glichen Respekt f\u00fcr die Umwelt garantiert.<\/p>\n<p><strong>Weinzubereitung<\/strong><br \/>\nSie erfolgt in thermokonditionierten Stahlbottiche, gefolgt von einer malolaktischen G\u00e4rung und einer 6-monatigen Reifung in Betontanks und anschlie\u00dfender Abf\u00fcllung in v\u00f6lliger Abwesenheit von Sauerstoff.<\/p>\n<p><strong>So kombinieren Sie unseren Sottovento<\/strong><br \/>\nBei 14-16 Grad und wenn m\u00f6glich mit einem sch\u00f6nen gro\u00dfen Glas servieren und vor dem Servieren immer ein wenig entkorken, damit er sich gut entfalten und von seiner besten Seite ausdr\u00fccken kann.<\/p>\n<p>Er passt zu jeder Gelegenheit und kann allein und in Gesellschaft genossen werden, wobei es vorzugsweise mit gut strukturierten und schmackhaften Gerichten kombiniert werden kann: Aperitifs, Vorspeisen, vegetarische Gerichte, rotes Fleisch sowie mittel- oder lang-gereiften K\u00e4se.<\/p>\n<p>Wir empfehlen ihn mit einer italienischen Bruschetta, Fettuccine mit Steinpilzen, gegrillten H\u00e4hnchen, mit Fleisch gef\u00fcllte Paprikaschoten oder ein Plateau mit gereiftem K\u00e4se.<\/p>\n","protected":false},"excerpt":{"rendered":"<p>Farbe: Ein leuchtendes Rubinrot mit violetten Reflexen und einer angemessenen Konsistenz Geruch: Sehr duftend und kr\u00e4ftig erobert er Sie mit einer Fruchtigkeit nach Marmeladen-Brombeeren, Pflaumen, Sauerkirschen und einem sch\u00f6nen Unterholz. Gaumen: Im Schluck werden Sie von einer trockenen Weichheit und einer angemessenen W\u00e4rme erobert, in perfekter Harmonie mit einer moderaten Frische, einer sch\u00f6nen Mineralit\u00e4t und [&#8230;]\n","protected":false},"featured_media":57008,"comment_status":"open","ping_status":"closed","template":"","meta":[],"product_brand":[],"product_cat":[174,173,439,312,410,177,175],"product_tag":[186,197],"class_list":{"0":"post-26132","1":"product","2":"type-product","3":"status-publish","4":"has-post-thumbnail","6":"product_cat-angebote","7":"product_cat-biologische","8":"product_cat-flaschen","9":"product_cat-montepulciano-de","10":"product_cat-rote-auswahl","11":"product_cat-rotweine","12":"product_cat-torri-cantine-de","13":"product_tag-flasche","14":"product_tag-sottovento-de","15":"product_shipping_class-bottiglie","17":"first","18":"instock","19":"taxable","20":"shipping-taxable","21":"purchasable","22":"product-type-simple"},"bundled_by":["25480","26265","26268","26574","29406","45639","46513","50523","57932","59390","59432","59437","67902","68547","68586","68893","72906","74483","79427","82326"],"bundle_stock_status":"instock","bundle_stock_quantity":null,"bundle_virtual":false,"bundle_layout":"","bundle_add_to_cart_form_location":"","bundle_editable_in_cart":false,"bundle_sold_individually_context":"","bundle_item_grouping":"","bundle_min_size":"","bundle_max_size":"","bundle_price":[],"bundled_items":[],"bundle_sell_ids":[],"yoast_head":"<!-- This site is optimized with the Yoast SEO plugin v27.5 - https:\/\/yoast.com\/product\/yoast-seo-wordpress\/ -->\n<title>Sottovento Montepulciano d\u2019Abruzzo DOC Bio-Rotwein 0,75L - Torri Cantine Store COM<\/title>\n<meta name=\"robots\" content=\"index, follow, max-snippet:-1, max-image-preview:large, max-video-preview:-1\" \/>\n<link rel=\"canonical\" href=\"https:\/\/shop.torricantine.com\/de\/produkt\/sottovento-montepulciano-dabruzzo-doc-2018-bio-rotwein-075l\/\" \/>\n<meta property=\"og:locale\" content=\"de_DE\" \/>\n<meta property=\"og:type\" content=\"article\" \/>\n<meta property=\"og:title\" content=\"Sottovento Montepulciano d\u2019Abruzzo DOC Bio-Rotwein 0,75L - Torri Cantine Store COM\" \/>\n<meta property=\"og:description\" content=\"Farbe: Ein leuchtendes Rubinrot mit violetten Reflexen und einer angemessenen Konsistenz Geruch: Sehr duftend und kr\u00e4ftig erobert er Sie mit einer Fruchtigkeit nach Marmeladen-Brombeeren, Pflaumen, Sauerkirschen und einem sch\u00f6nen Unterholz. Gaumen: Im Schluck werden Sie von einer trockenen Weichheit und einer angemessenen W\u00e4rme erobert, in perfekter Harmonie mit einer moderaten Frische, einer sch\u00f6nen Mineralit\u00e4t und [...]\" \/>\n<meta property=\"og:url\" content=\"https:\/\/shop.torricantine.com\/de\/produkt\/sottovento-montepulciano-dabruzzo-doc-2018-bio-rotwein-075l\/\" \/>\n<meta property=\"og:site_name\" content=\"Torri Cantine Store COM\" \/>\n<meta property=\"article:modified_time\" content=\"2025-12-26T15:01:24+00:00\" \/>\n<meta property=\"og:image\" content=\"https:\/\/shop.torricantine.com\/wp-content\/uploads\/2020\/09\/torri-cantine-sottovento-montepulciano-abruzzo.jpg\" \/>\n<meta name=\"twitter:card\" content=\"summary_large_image\" \/>\n<meta name=\"twitter:label1\" content=\"Gesch\u00e4tzte Lesezeit\" \/>\n\t<meta name=\"twitter:data1\" content=\"2\u00a0Minuten\" \/>\n<script type=\"application\/ld+json\" class=\"yoast-schema-graph\">{\"@context\":\"https:\\\/\\\/schema.org\",\"@graph\":[{\"@type\":\"WebPage\",\"@id\":\"https:\\\/\\\/shop.torricantine.com\\\/de\\\/produkt\\\/sottovento-montepulciano-dabruzzo-doc-2018-bio-rotwein-075l\\\/\",\"url\":\"https:\\\/\\\/shop.torricantine.com\\\/de\\\/produkt\\\/sottovento-montepulciano-dabruzzo-doc-2018-bio-rotwein-075l\\\/\",\"name\":\"Sottovento Montepulciano d\u2019Abruzzo DOC Bio-Rotwein 0,75L - Torri Cantine Store COM\",\"isPartOf\":{\"@id\":\"https:\\\/\\\/shop.torricantine.com\\\/de\\\/#website\"},\"primaryImageOfPage\":{\"@id\":\"https:\\\/\\\/shop.torricantine.com\\\/de\\\/produkt\\\/sottovento-montepulciano-dabruzzo-doc-2018-bio-rotwein-075l\\\/#primaryimage\"},\"image\":{\"@id\":\"https:\\\/\\\/shop.torricantine.com\\\/de\\\/produkt\\\/sottovento-montepulciano-dabruzzo-doc-2018-bio-rotwein-075l\\\/#primaryimage\"},\"thumbnailUrl\":\"https:\\\/\\\/shop.torricantine.com\\\/wp-content\\\/uploads\\\/2020\\\/09\\\/SOTTOVENTO_doc-1.png\",\"datePublished\":\"2020-09-18T14:21:15+00:00\",\"dateModified\":\"2025-12-26T15:01:24+00:00\",\"breadcrumb\":{\"@id\":\"https:\\\/\\\/shop.torricantine.com\\\/de\\\/produkt\\\/sottovento-montepulciano-dabruzzo-doc-2018-bio-rotwein-075l\\\/#breadcrumb\"},\"inLanguage\":\"de\",\"potentialAction\":[{\"@type\":\"ReadAction\",\"target\":[\"https:\\\/\\\/shop.torricantine.com\\\/de\\\/produkt\\\/sottovento-montepulciano-dabruzzo-doc-2018-bio-rotwein-075l\\\/\"]}]},{\"@type\":\"ImageObject\",\"inLanguage\":\"de\",\"@id\":\"https:\\\/\\\/shop.torricantine.com\\\/de\\\/produkt\\\/sottovento-montepulciano-dabruzzo-doc-2018-bio-rotwein-075l\\\/#primaryimage\",\"url\":\"https:\\\/\\\/shop.torricantine.com\\\/wp-content\\\/uploads\\\/2020\\\/09\\\/SOTTOVENTO_doc-1.png\",\"contentUrl\":\"https:\\\/\\\/shop.torricantine.com\\\/wp-content\\\/uploads\\\/2020\\\/09\\\/SOTTOVENTO_doc-1.png\",\"width\":220,\"height\":799},{\"@type\":\"BreadcrumbList\",\"@id\":\"https:\\\/\\\/shop.torricantine.com\\\/de\\\/produkt\\\/sottovento-montepulciano-dabruzzo-doc-2018-bio-rotwein-075l\\\/#breadcrumb\",\"itemListElement\":[{\"@type\":\"ListItem\",\"position\":1,\"name\":\"Home\",\"item\":\"https:\\\/\\\/shop.torricantine.com\\\/de\\\/\"},{\"@type\":\"ListItem\",\"position\":2,\"name\":\"Shop\",\"item\":\"https:\\\/\\\/shop.torricantine.com\\\/de\\\/shop\\\/\"},{\"@type\":\"ListItem\",\"position\":3,\"name\":\"Sottovento Montepulciano d\u2019Abruzzo DOC Bio-Rotwein 0,75L\"}]},{\"@type\":\"WebSite\",\"@id\":\"https:\\\/\\\/shop.torricantine.com\\\/de\\\/#website\",\"url\":\"https:\\\/\\\/shop.torricantine.com\\\/de\\\/\",\"name\":\"Torri Cantine Store COM\",\"description\":\"Online store of our winery in Italy\",\"publisher\":{\"@id\":\"https:\\\/\\\/shop.torricantine.com\\\/de\\\/#organization\"},\"potentialAction\":[{\"@type\":\"SearchAction\",\"target\":{\"@type\":\"EntryPoint\",\"urlTemplate\":\"https:\\\/\\\/shop.torricantine.com\\\/de\\\/?s={search_term_string}\"},\"query-input\":{\"@type\":\"PropertyValueSpecification\",\"valueRequired\":true,\"valueName\":\"search_term_string\"}}],\"inLanguage\":\"de\"},{\"@type\":\"Organization\",\"@id\":\"https:\\\/\\\/shop.torricantine.com\\\/de\\\/#organization\",\"name\":\"Torri Cantine\",\"url\":\"https:\\\/\\\/shop.torricantine.com\\\/de\\\/\",\"logo\":{\"@type\":\"ImageObject\",\"inLanguage\":\"de\",\"@id\":\"https:\\\/\\\/shop.torricantine.com\\\/de\\\/#\\\/schema\\\/logo\\\/image\\\/\",\"url\":\"https:\\\/\\\/shop.torricantine.com\\\/wp-content\\\/uploads\\\/2020\\\/04\\\/torri-store-logo_text.png\",\"contentUrl\":\"https:\\\/\\\/shop.torricantine.com\\\/wp-content\\\/uploads\\\/2020\\\/04\\\/torri-store-logo_text.png\",\"width\":289,\"height\":361,\"caption\":\"Torri Cantine\"},\"image\":{\"@id\":\"https:\\\/\\\/shop.torricantine.com\\\/de\\\/#\\\/schema\\\/logo\\\/image\\\/\"}}]}<\/script>\n<!-- \/ Yoast SEO plugin. -->","yoast_head_json":{"title":"Sottovento Montepulciano d\u2019Abruzzo DOC Bio-Rotwein 0,75L - Torri Cantine Store COM","robots":{"index":"index","follow":"follow","max-snippet":"max-snippet:-1","max-image-preview":"max-image-preview:large","max-video-preview":"max-video-preview:-1"},"canonical":"https:\/\/shop.torricantine.com\/de\/produkt\/sottovento-montepulciano-dabruzzo-doc-2018-bio-rotwein-075l\/","og_locale":"de_DE","og_type":"article","og_title":"Sottovento Montepulciano d\u2019Abruzzo DOC Bio-Rotwein 0,75L - Torri Cantine Store COM","og_description":"Farbe: Ein leuchtendes Rubinrot mit violetten Reflexen und einer angemessenen Konsistenz Geruch: Sehr duftend und kr\u00e4ftig erobert er Sie mit einer Fruchtigkeit nach Marmeladen-Brombeeren, Pflaumen, Sauerkirschen und einem sch\u00f6nen Unterholz. Gaumen: Im Schluck werden Sie von einer trockenen Weichheit und einer angemessenen W\u00e4rme erobert, in perfekter Harmonie mit einer moderaten Frische, einer sch\u00f6nen Mineralit\u00e4t und [...]","og_url":"https:\/\/shop.torricantine.com\/de\/produkt\/sottovento-montepulciano-dabruzzo-doc-2018-bio-rotwein-075l\/","og_site_name":"Torri Cantine Store COM","article_modified_time":"2025-12-26T15:01:24+00:00","og_image":[{"url":"https:\/\/shop.torricantine.com\/wp-content\/uploads\/2020\/09\/torri-cantine-sottovento-montepulciano-abruzzo.jpg","type":"","width":"","height":""}],"twitter_card":"summary_large_image","twitter_misc":{"Gesch\u00e4tzte Lesezeit":"2\u00a0Minuten"},"schema":{"@context":"https:\/\/schema.org","@graph":[{"@type":"WebPage","@id":"https:\/\/shop.torricantine.com\/de\/produkt\/sottovento-montepulciano-dabruzzo-doc-2018-bio-rotwein-075l\/","url":"https:\/\/shop.torricantine.com\/de\/produkt\/sottovento-montepulciano-dabruzzo-doc-2018-bio-rotwein-075l\/","name":"Sottovento Montepulciano d\u2019Abruzzo DOC Bio-Rotwein 0,75L - Torri Cantine Store COM","isPartOf":{"@id":"https:\/\/shop.torricantine.com\/de\/#website"},"primaryImageOfPage":{"@id":"https:\/\/shop.torricantine.com\/de\/produkt\/sottovento-montepulciano-dabruzzo-doc-2018-bio-rotwein-075l\/#primaryimage"},"image":{"@id":"https:\/\/shop.torricantine.com\/de\/produkt\/sottovento-montepulciano-dabruzzo-doc-2018-bio-rotwein-075l\/#primaryimage"},"thumbnailUrl":"https:\/\/shop.torricantine.com\/wp-content\/uploads\/2020\/09\/SOTTOVENTO_doc-1.png","datePublished":"2020-09-18T14:21:15+00:00","dateModified":"2025-12-26T15:01:24+00:00","breadcrumb":{"@id":"https:\/\/shop.torricantine.com\/de\/produkt\/sottovento-montepulciano-dabruzzo-doc-2018-bio-rotwein-075l\/#breadcrumb"},"inLanguage":"de","potentialAction":[{"@type":"ReadAction","target":["https:\/\/shop.torricantine.com\/de\/produkt\/sottovento-montepulciano-dabruzzo-doc-2018-bio-rotwein-075l\/"]}]},{"@type":"ImageObject","inLanguage":"de","@id":"https:\/\/shop.torricantine.com\/de\/produkt\/sottovento-montepulciano-dabruzzo-doc-2018-bio-rotwein-075l\/#primaryimage","url":"https:\/\/shop.torricantine.com\/wp-content\/uploads\/2020\/09\/SOTTOVENTO_doc-1.png","contentUrl":"https:\/\/shop.torricantine.com\/wp-content\/uploads\/2020\/09\/SOTTOVENTO_doc-1.png","width":220,"height":799},{"@type":"BreadcrumbList","@id":"https:\/\/shop.torricantine.com\/de\/produkt\/sottovento-montepulciano-dabruzzo-doc-2018-bio-rotwein-075l\/#breadcrumb","itemListElement":[{"@type":"ListItem","position":1,"name":"Home","item":"https:\/\/shop.torricantine.com\/de\/"},{"@type":"ListItem","position":2,"name":"Shop","item":"https:\/\/shop.torricantine.com\/de\/shop\/"},{"@type":"ListItem","position":3,"name":"Sottovento Montepulciano d\u2019Abruzzo DOC Bio-Rotwein 0,75L"}]},{"@type":"WebSite","@id":"https:\/\/shop.torricantine.com\/de\/#website","url":"https:\/\/shop.torricantine.com\/de\/","name":"Torri Cantine Store COM","description":"Online store of our winery in Italy","publisher":{"@id":"https:\/\/shop.torricantine.com\/de\/#organization"},"potentialAction":[{"@type":"SearchAction","target":{"@type":"EntryPoint","urlTemplate":"https:\/\/shop.torricantine.com\/de\/?s={search_term_string}"},"query-input":{"@type":"PropertyValueSpecification","valueRequired":true,"valueName":"search_term_string"}}],"inLanguage":"de"},{"@type":"Organization","@id":"https:\/\/shop.torricantine.com\/de\/#organization","name":"Torri Cantine","url":"https:\/\/shop.torricantine.com\/de\/","logo":{"@type":"ImageObject","inLanguage":"de","@id":"https:\/\/shop.torricantine.com\/de\/#\/schema\/logo\/image\/","url":"https:\/\/shop.torricantine.com\/wp-content\/uploads\/2020\/04\/torri-store-logo_text.png","contentUrl":"https:\/\/shop.torricantine.com\/wp-content\/uploads\/2020\/04\/torri-store-logo_text.png","width":289,"height":361,"caption":"Torri Cantine"},"image":{"@id":"https:\/\/shop.torricantine.com\/de\/#\/schema\/logo\/image\/"}}]}},"_links":{"self":[{"href":"https:\/\/shop.torricantine.com\/de\/wp-json\/wp\/v2\/product\/26132","targetHints":{"allow":["GET"]}}],"collection":[{"href":"https:\/\/shop.torricantine.com\/de\/wp-json\/wp\/v2\/product"}],"about":[{"href":"https:\/\/shop.torricantine.com\/de\/wp-json\/wp\/v2\/types\/product"}],"replies":[{"embeddable":true,"href":"https:\/\/shop.torricantine.com\/de\/wp-json\/wp\/v2\/comments?post=26132"}],"wp:featuredmedia":[{"embeddable":true,"href":"https:\/\/shop.torricantine.com\/de\/wp-json\/wp\/v2\/media\/57008"}],"wp:attachment":[{"href":"https:\/\/shop.torricantine.com\/de\/wp-json\/wp\/v2\/media?parent=26132"}],"wp:term":[{"taxonomy":"product_brand","embeddable":true,"href":"https:\/\/shop.torricantine.com\/de\/wp-json\/wp\/v2\/product_brand?post=26132"},{"taxonomy":"product_cat","embeddable":true,"href":"https:\/\/shop.torricantine.com\/de\/wp-json\/wp\/v2\/product_cat?post=26132"},{"taxonomy":"product_tag","embeddable":true,"href":"https:\/\/shop.torricantine.com\/de\/wp-json\/wp\/v2\/product_tag?post=26132"}],"curies":[{"name":"wp","href":"https:\/\/api.w.org\/{rel}","templated":true}]}}