{"id":26103,"date":"2020-09-22T11:20:14","date_gmt":"2020-09-22T09:20:14","guid":{"rendered":"https:\/\/shop.torricantine.com\/product\/rosarubra-montepulciano-dabruzzo-doc-075l-rotwein\/"},"modified":"2025-06-30T00:00:08","modified_gmt":"2025-06-29T22:00:08","slug":"rosarubra-montepulciano-dabruzzo-doc-075l-rotwein","status":"publish","type":"product","link":"https:\/\/shop.torricantine.com\/de\/produkt\/rosarubra-montepulciano-dabruzzo-doc-075l-rotwein\/","title":{"rendered":"Rosarubra Montepulciano d\u2019Abruzzo DOC 0,75L Rotwein"},"content":{"rendered":"<p><strong>SINNESNOTEN<\/strong><\/p>\n<p><strong>Farbe: <\/strong>ein tiefleuchtendes Rubinrot mit Purpur-Reflex am Glasrand, von bedeutender Konsistenz.<br \/>\n<strong>Duftnote: <\/strong>Blumig und fruchtig, rotes Fruchtfleisch, Veilchen, Rosen, Wildkirschen, Brombeere, Pflaume und einen leichten Hauch schwarzer Pfeffer.<br \/>\n<strong>Gaumen: <\/strong>ein vollmundiger Geschmack, intensive W\u00e4rme, Gaumennoten, die im Einklang mit dem Duft sich mit Kakao und Tabak verbinden. Der Wein ist trocken mit einer optimalen Weichheit, sehr gut ausgeglichen durch eine interessante Frische und starken, wohldosierten Tanninen. Gut im mineralischen, langanhaltenden Abgang, in dem ein Hauch von Mandel zu sp\u00fcren ist.<\/p>\n<p><strong>Weinlese<\/strong><br \/>\nAngebaut in einem paradiesischen Weinbaugebiet, ideale Hochlage mit extremen Temperaturschwankungen, positiv f\u00fcr das Bouquet und einer st\u00e4ndigen Meeresbrise, von einer alteneingesessenen Weinrebsorte, hohe Anbau Methode System Guyot.<\/p>\n<p>Dieser Rotwein Montepulciano d&#8217;Abruzzo DOC wird in der Mitte des goldenen Oktobers ausschlie\u00dflich von Hand gelesen. Der Anbau findet in zertifizierter, biologisch-dynamischer Landwirtschaft statt und garantiert dadurch den maximalen Einklang von Anbau und Ambiente.<\/p>\n<p><strong>Vinifikation<\/strong><br \/>\nWeinzubereitung ausschlie\u00dflich in Temperatur-kontrollierten Stahlbottichen, auf welche eine malolaktische G\u00e4rungfolgt und eine 6-monatige Reifezeit in Zementwannen. Zur abschlie\u00dfenden Reifung wird der Rotwein mindestens 10 Monate in gro\u00dfen Eichen-F\u00e4ssern gelagert und noch weitere 6 Monate in der Flasche. Die Abf\u00fcllung erfolgt unter vollst\u00e4ndigem Ausschluss von Sauerstoff.<\/p>\n<p><strong>So kombinieren Sie unseren Rotwein <\/strong><strong>Montepulciano d&#8217;Abruzzo Rosarubra<\/strong><br \/>\nServieren Sie diesen Wein mit 14-16 \u00b0 C und m\u00f6glichst in einem gro\u00dfen Kelchglas mit weiter \u00d6ffnung und entkorken Sie die Flasche Montepulciano immer ein wenig vor dem Servieren, um dem Wein die M\u00f6glichkeit zu geben, sich zu \u00f6ffnen und sein Bouquet zu entfalten.<\/p>\n<p>Perfekter Rotwein f\u00fcr jede Gelegenheit, ob man alleine ein Glas genie\u00dft oder ob in Gesellschaft, passt er am Besten zu gut strukturierten Gerichten: Aperitif, Vorspeisen, vegetarische Speisen, Fleisch und milde K\u00e4sesorten oder mittlere Reifung.<\/p>\n<p>Stellen Sie sich eine klassische Schinkenplatte vor, Fettucini in Fleischso\u00dfe, Quiche mit K\u00e4se 4-Formaggi, ein Steak mit Schwarzem Pfeffer oder ein leckerer, gereifter Schafsk\u00e4se Pecorino D\u2019Abruzzo.<\/p>\n","protected":false},"excerpt":{"rendered":"<p>SINNESNOTEN Farbe: ein tiefleuchtendes Rubinrot mit Purpur-Reflex am Glasrand, von bedeutender Konsistenz. Duftnote: Blumig und fruchtig, rotes Fruchtfleisch, Veilchen, Rosen, Wildkirschen, Brombeere, Pflaume und einen leichten Hauch schwarzer Pfeffer. Gaumen: ein vollmundiger Geschmack, intensive W\u00e4rme, Gaumennoten, die im Einklang mit dem Duft sich mit Kakao und Tabak verbinden. Der Wein ist trocken mit einer optimalen [&#8230;]\n","protected":false},"featured_media":56930,"comment_status":"open","ping_status":"closed","template":"","meta":[],"product_brand":[],"product_cat":[439,312,188,410,177],"product_tag":[186],"class_list":{"0":"post-26103","1":"product","2":"type-product","3":"status-publish","4":"has-post-thumbnail","6":"product_cat-flaschen","7":"product_cat-montepulciano-de","8":"product_cat-rosarubra-de","9":"product_cat-rote-auswahl","10":"product_cat-rotweine","11":"product_tag-flasche","12":"product_shipping_class-bottiglie","14":"first","15":"instock","16":"taxable","17":"shipping-taxable","18":"purchasable","19":"product-type-simple"},"bundled_by":["74483","81709","82326"],"bundle_stock_status":"instock","bundle_stock_quantity":null,"bundle_virtual":false,"bundle_layout":"","bundle_add_to_cart_form_location":"","bundle_editable_in_cart":false,"bundle_sold_individually_context":"","bundle_item_grouping":"","bundle_min_size":"","bundle_max_size":"","bundle_price":[],"bundled_items":[],"bundle_sell_ids":[],"yoast_head":"<!-- This site is optimized with the Yoast SEO plugin v27.5 - https:\/\/yoast.com\/product\/yoast-seo-wordpress\/ -->\n<title>Rosarubra Montepulciano d\u2019Abruzzo DOC 0,75L Rotwein - Torri Cantine Store COM<\/title>\n<meta name=\"robots\" content=\"index, follow, max-snippet:-1, max-image-preview:large, max-video-preview:-1\" \/>\n<link rel=\"canonical\" href=\"https:\/\/shop.torricantine.com\/de\/produkt\/rosarubra-montepulciano-dabruzzo-doc-075l-rotwein\/\" \/>\n<meta property=\"og:locale\" content=\"de_DE\" \/>\n<meta property=\"og:type\" content=\"article\" \/>\n<meta property=\"og:title\" content=\"Rosarubra Montepulciano d\u2019Abruzzo DOC 0,75L Rotwein - Torri Cantine Store COM\" \/>\n<meta property=\"og:description\" content=\"SINNESNOTEN Farbe: ein tiefleuchtendes Rubinrot mit Purpur-Reflex am Glasrand, von bedeutender Konsistenz. Duftnote: Blumig und fruchtig, rotes Fruchtfleisch, Veilchen, Rosen, Wildkirschen, Brombeere, Pflaume und einen leichten Hauch schwarzer Pfeffer. Gaumen: ein vollmundiger Geschmack, intensive W\u00e4rme, Gaumennoten, die im Einklang mit dem Duft sich mit Kakao und Tabak verbinden. Der Wein ist trocken mit einer optimalen [...]\" \/>\n<meta property=\"og:url\" content=\"https:\/\/shop.torricantine.com\/de\/produkt\/rosarubra-montepulciano-dabruzzo-doc-075l-rotwein\/\" \/>\n<meta property=\"og:site_name\" content=\"Torri Cantine Store COM\" \/>\n<meta property=\"article:modified_time\" content=\"2025-06-29T22:00:08+00:00\" \/>\n<meta property=\"og:image\" content=\"https:\/\/shop.torricantine.com\/wp-content\/uploads\/2020\/09\/RR_mda-1.png\" \/>\n\t<meta property=\"og:image:width\" content=\"230\" \/>\n\t<meta property=\"og:image:height\" content=\"800\" \/>\n\t<meta property=\"og:image:type\" content=\"image\/png\" \/>\n<meta name=\"twitter:card\" content=\"summary_large_image\" \/>\n<meta name=\"twitter:label1\" content=\"Gesch\u00e4tzte Lesezeit\" \/>\n\t<meta name=\"twitter:data1\" content=\"2\u00a0Minuten\" \/>\n<script type=\"application\/ld+json\" class=\"yoast-schema-graph\">{\"@context\":\"https:\\\/\\\/schema.org\",\"@graph\":[{\"@type\":\"WebPage\",\"@id\":\"https:\\\/\\\/shop.torricantine.com\\\/de\\\/produkt\\\/rosarubra-montepulciano-dabruzzo-doc-075l-rotwein\\\/\",\"url\":\"https:\\\/\\\/shop.torricantine.com\\\/de\\\/produkt\\\/rosarubra-montepulciano-dabruzzo-doc-075l-rotwein\\\/\",\"name\":\"Rosarubra Montepulciano d\u2019Abruzzo DOC 0,75L Rotwein - Torri Cantine Store COM\",\"isPartOf\":{\"@id\":\"https:\\\/\\\/shop.torricantine.com\\\/de\\\/#website\"},\"primaryImageOfPage\":{\"@id\":\"https:\\\/\\\/shop.torricantine.com\\\/de\\\/produkt\\\/rosarubra-montepulciano-dabruzzo-doc-075l-rotwein\\\/#primaryimage\"},\"image\":{\"@id\":\"https:\\\/\\\/shop.torricantine.com\\\/de\\\/produkt\\\/rosarubra-montepulciano-dabruzzo-doc-075l-rotwein\\\/#primaryimage\"},\"thumbnailUrl\":\"https:\\\/\\\/shop.torricantine.com\\\/wp-content\\\/uploads\\\/2020\\\/09\\\/RR_mda-1.png\",\"datePublished\":\"2020-09-22T09:20:14+00:00\",\"dateModified\":\"2025-06-29T22:00:08+00:00\",\"breadcrumb\":{\"@id\":\"https:\\\/\\\/shop.torricantine.com\\\/de\\\/produkt\\\/rosarubra-montepulciano-dabruzzo-doc-075l-rotwein\\\/#breadcrumb\"},\"inLanguage\":\"de\",\"potentialAction\":[{\"@type\":\"ReadAction\",\"target\":[\"https:\\\/\\\/shop.torricantine.com\\\/de\\\/produkt\\\/rosarubra-montepulciano-dabruzzo-doc-075l-rotwein\\\/\"]}]},{\"@type\":\"ImageObject\",\"inLanguage\":\"de\",\"@id\":\"https:\\\/\\\/shop.torricantine.com\\\/de\\\/produkt\\\/rosarubra-montepulciano-dabruzzo-doc-075l-rotwein\\\/#primaryimage\",\"url\":\"https:\\\/\\\/shop.torricantine.com\\\/wp-content\\\/uploads\\\/2020\\\/09\\\/RR_mda-1.png\",\"contentUrl\":\"https:\\\/\\\/shop.torricantine.com\\\/wp-content\\\/uploads\\\/2020\\\/09\\\/RR_mda-1.png\",\"width\":230,\"height\":800},{\"@type\":\"BreadcrumbList\",\"@id\":\"https:\\\/\\\/shop.torricantine.com\\\/de\\\/produkt\\\/rosarubra-montepulciano-dabruzzo-doc-075l-rotwein\\\/#breadcrumb\",\"itemListElement\":[{\"@type\":\"ListItem\",\"position\":1,\"name\":\"Home\",\"item\":\"https:\\\/\\\/shop.torricantine.com\\\/de\\\/\"},{\"@type\":\"ListItem\",\"position\":2,\"name\":\"Shop\",\"item\":\"https:\\\/\\\/shop.torricantine.com\\\/de\\\/shop\\\/\"},{\"@type\":\"ListItem\",\"position\":3,\"name\":\"Rosarubra Montepulciano d\u2019Abruzzo DOC 0,75L Rotwein\"}]},{\"@type\":\"WebSite\",\"@id\":\"https:\\\/\\\/shop.torricantine.com\\\/de\\\/#website\",\"url\":\"https:\\\/\\\/shop.torricantine.com\\\/de\\\/\",\"name\":\"Torri Cantine Store COM\",\"description\":\"Online store of our winery in Italy\",\"publisher\":{\"@id\":\"https:\\\/\\\/shop.torricantine.com\\\/de\\\/#organization\"},\"potentialAction\":[{\"@type\":\"SearchAction\",\"target\":{\"@type\":\"EntryPoint\",\"urlTemplate\":\"https:\\\/\\\/shop.torricantine.com\\\/de\\\/?s={search_term_string}\"},\"query-input\":{\"@type\":\"PropertyValueSpecification\",\"valueRequired\":true,\"valueName\":\"search_term_string\"}}],\"inLanguage\":\"de\"},{\"@type\":\"Organization\",\"@id\":\"https:\\\/\\\/shop.torricantine.com\\\/de\\\/#organization\",\"name\":\"Torri Cantine\",\"url\":\"https:\\\/\\\/shop.torricantine.com\\\/de\\\/\",\"logo\":{\"@type\":\"ImageObject\",\"inLanguage\":\"de\",\"@id\":\"https:\\\/\\\/shop.torricantine.com\\\/de\\\/#\\\/schema\\\/logo\\\/image\\\/\",\"url\":\"https:\\\/\\\/shop.torricantine.com\\\/wp-content\\\/uploads\\\/2020\\\/04\\\/torri-store-logo_text.png\",\"contentUrl\":\"https:\\\/\\\/shop.torricantine.com\\\/wp-content\\\/uploads\\\/2020\\\/04\\\/torri-store-logo_text.png\",\"width\":289,\"height\":361,\"caption\":\"Torri Cantine\"},\"image\":{\"@id\":\"https:\\\/\\\/shop.torricantine.com\\\/de\\\/#\\\/schema\\\/logo\\\/image\\\/\"}}]}<\/script>\n<!-- \/ Yoast SEO plugin. -->","yoast_head_json":{"title":"Rosarubra Montepulciano d\u2019Abruzzo DOC 0,75L Rotwein - Torri Cantine Store COM","robots":{"index":"index","follow":"follow","max-snippet":"max-snippet:-1","max-image-preview":"max-image-preview:large","max-video-preview":"max-video-preview:-1"},"canonical":"https:\/\/shop.torricantine.com\/de\/produkt\/rosarubra-montepulciano-dabruzzo-doc-075l-rotwein\/","og_locale":"de_DE","og_type":"article","og_title":"Rosarubra Montepulciano d\u2019Abruzzo DOC 0,75L Rotwein - Torri Cantine Store COM","og_description":"SINNESNOTEN Farbe: ein tiefleuchtendes Rubinrot mit Purpur-Reflex am Glasrand, von bedeutender Konsistenz. Duftnote: Blumig und fruchtig, rotes Fruchtfleisch, Veilchen, Rosen, Wildkirschen, Brombeere, Pflaume und einen leichten Hauch schwarzer Pfeffer. Gaumen: ein vollmundiger Geschmack, intensive W\u00e4rme, Gaumennoten, die im Einklang mit dem Duft sich mit Kakao und Tabak verbinden. Der Wein ist trocken mit einer optimalen [...]","og_url":"https:\/\/shop.torricantine.com\/de\/produkt\/rosarubra-montepulciano-dabruzzo-doc-075l-rotwein\/","og_site_name":"Torri Cantine Store COM","article_modified_time":"2025-06-29T22:00:08+00:00","og_image":[{"width":230,"height":800,"url":"https:\/\/shop.torricantine.com\/wp-content\/uploads\/2020\/09\/RR_mda-1.png","type":"image\/png"}],"twitter_card":"summary_large_image","twitter_misc":{"Gesch\u00e4tzte Lesezeit":"2\u00a0Minuten"},"schema":{"@context":"https:\/\/schema.org","@graph":[{"@type":"WebPage","@id":"https:\/\/shop.torricantine.com\/de\/produkt\/rosarubra-montepulciano-dabruzzo-doc-075l-rotwein\/","url":"https:\/\/shop.torricantine.com\/de\/produkt\/rosarubra-montepulciano-dabruzzo-doc-075l-rotwein\/","name":"Rosarubra Montepulciano d\u2019Abruzzo DOC 0,75L Rotwein - Torri Cantine Store COM","isPartOf":{"@id":"https:\/\/shop.torricantine.com\/de\/#website"},"primaryImageOfPage":{"@id":"https:\/\/shop.torricantine.com\/de\/produkt\/rosarubra-montepulciano-dabruzzo-doc-075l-rotwein\/#primaryimage"},"image":{"@id":"https:\/\/shop.torricantine.com\/de\/produkt\/rosarubra-montepulciano-dabruzzo-doc-075l-rotwein\/#primaryimage"},"thumbnailUrl":"https:\/\/shop.torricantine.com\/wp-content\/uploads\/2020\/09\/RR_mda-1.png","datePublished":"2020-09-22T09:20:14+00:00","dateModified":"2025-06-29T22:00:08+00:00","breadcrumb":{"@id":"https:\/\/shop.torricantine.com\/de\/produkt\/rosarubra-montepulciano-dabruzzo-doc-075l-rotwein\/#breadcrumb"},"inLanguage":"de","potentialAction":[{"@type":"ReadAction","target":["https:\/\/shop.torricantine.com\/de\/produkt\/rosarubra-montepulciano-dabruzzo-doc-075l-rotwein\/"]}]},{"@type":"ImageObject","inLanguage":"de","@id":"https:\/\/shop.torricantine.com\/de\/produkt\/rosarubra-montepulciano-dabruzzo-doc-075l-rotwein\/#primaryimage","url":"https:\/\/shop.torricantine.com\/wp-content\/uploads\/2020\/09\/RR_mda-1.png","contentUrl":"https:\/\/shop.torricantine.com\/wp-content\/uploads\/2020\/09\/RR_mda-1.png","width":230,"height":800},{"@type":"BreadcrumbList","@id":"https:\/\/shop.torricantine.com\/de\/produkt\/rosarubra-montepulciano-dabruzzo-doc-075l-rotwein\/#breadcrumb","itemListElement":[{"@type":"ListItem","position":1,"name":"Home","item":"https:\/\/shop.torricantine.com\/de\/"},{"@type":"ListItem","position":2,"name":"Shop","item":"https:\/\/shop.torricantine.com\/de\/shop\/"},{"@type":"ListItem","position":3,"name":"Rosarubra Montepulciano d\u2019Abruzzo DOC 0,75L Rotwein"}]},{"@type":"WebSite","@id":"https:\/\/shop.torricantine.com\/de\/#website","url":"https:\/\/shop.torricantine.com\/de\/","name":"Torri Cantine Store COM","description":"Online store of our winery in Italy","publisher":{"@id":"https:\/\/shop.torricantine.com\/de\/#organization"},"potentialAction":[{"@type":"SearchAction","target":{"@type":"EntryPoint","urlTemplate":"https:\/\/shop.torricantine.com\/de\/?s={search_term_string}"},"query-input":{"@type":"PropertyValueSpecification","valueRequired":true,"valueName":"search_term_string"}}],"inLanguage":"de"},{"@type":"Organization","@id":"https:\/\/shop.torricantine.com\/de\/#organization","name":"Torri Cantine","url":"https:\/\/shop.torricantine.com\/de\/","logo":{"@type":"ImageObject","inLanguage":"de","@id":"https:\/\/shop.torricantine.com\/de\/#\/schema\/logo\/image\/","url":"https:\/\/shop.torricantine.com\/wp-content\/uploads\/2020\/04\/torri-store-logo_text.png","contentUrl":"https:\/\/shop.torricantine.com\/wp-content\/uploads\/2020\/04\/torri-store-logo_text.png","width":289,"height":361,"caption":"Torri Cantine"},"image":{"@id":"https:\/\/shop.torricantine.com\/de\/#\/schema\/logo\/image\/"}}]}},"_links":{"self":[{"href":"https:\/\/shop.torricantine.com\/de\/wp-json\/wp\/v2\/product\/26103","targetHints":{"allow":["GET"]}}],"collection":[{"href":"https:\/\/shop.torricantine.com\/de\/wp-json\/wp\/v2\/product"}],"about":[{"href":"https:\/\/shop.torricantine.com\/de\/wp-json\/wp\/v2\/types\/product"}],"replies":[{"embeddable":true,"href":"https:\/\/shop.torricantine.com\/de\/wp-json\/wp\/v2\/comments?post=26103"}],"wp:featuredmedia":[{"embeddable":true,"href":"https:\/\/shop.torricantine.com\/de\/wp-json\/wp\/v2\/media\/56930"}],"wp:attachment":[{"href":"https:\/\/shop.torricantine.com\/de\/wp-json\/wp\/v2\/media?parent=26103"}],"wp:term":[{"taxonomy":"product_brand","embeddable":true,"href":"https:\/\/shop.torricantine.com\/de\/wp-json\/wp\/v2\/product_brand?post=26103"},{"taxonomy":"product_cat","embeddable":true,"href":"https:\/\/shop.torricantine.com\/de\/wp-json\/wp\/v2\/product_cat?post=26103"},{"taxonomy":"product_tag","embeddable":true,"href":"https:\/\/shop.torricantine.com\/de\/wp-json\/wp\/v2\/product_tag?post=26103"}],"curies":[{"name":"wp","href":"https:\/\/api.w.org\/{rel}","templated":true}]}}