{"id":26101,"date":"2020-09-22T11:25:10","date_gmt":"2020-09-22T09:25:10","guid":{"rendered":"https:\/\/shop.torricantine.com\/product\/rosarubra-moon-mousseux-brut\/"},"modified":"2025-08-08T00:00:15","modified_gmt":"2025-08-07T22:00:15","slug":"rosarubra-moon-mousseux-brut","status":"publish","type":"product","link":"https:\/\/shop.torricantine.com\/de\/produkt\/rosarubra-moon-mousseux-brut\/","title":{"rendered":"Rosarubra Moon Schaumwein Brut 0,75L"},"content":{"rendered":"<h1><strong>Rosarubra Moon Schaumwein Brut \u00a013%<\/strong><\/h1>\n<p><strong>Farbe<\/strong>: Ein leuchtendes Strohgelb mit sanften goldenen Reflexen und einer feinen und dauerhaften Perlage<br \/>\n<strong>Geruch<\/strong>: Intensive und elegante Aromen, blumige und fruchtige D\u00fcfte nach Akazienbl\u00fcten, Ginster, Pfirsich, gr\u00fcner Apfel, Zitrusfr\u00fcchte und eine zarte Brotkruste<br \/>\n<strong>Gaumen<\/strong>: verleiht eine intensive Frische und eine bedeutende Mineralit\u00e4t, gut ausbalanciert durch eine betr\u00e4chtliche W\u00e4rme und eine ausgleichende Weichheit. Hervorragende Harmonie mit dem Geruchssinn, der von leichten Noten von aromatischen Kr\u00e4utern, Thymian und Salbei flankiert wird mit einen lebendigen, duftenden und anhaltenden Abgang.<\/p>\n<p><strong>Weinernte<\/strong><br \/>\nAngebaut in einem paradiesischen Weinbaugebiet, ideale Hochlage mit extremen Temperaturschwankungen, nach der Guyot-Methode.<\/p>\n<p>Dieser Wein aus Pecorino Rebsorte, in den letzten Augusttagen ausschlie\u00dflich von Hand gelesen. Der Anbau findet in zertifizierter, biologisch-dynamischer Landwirtschaft statt und so den maximalen Respekt f\u00fcr die Umwelt garantieren.<\/p>\n<p><strong>Weinzubereitung<\/strong><br \/>\nDie Vinifizierung findet in temperaturgesteuerten Stahlbottichen statt, gefolgt von einem Schaumprozess mit der &#8222;langen&#8220; Martinotti-Charmat-Methode f\u00fcr eine Dauer von mindestens 10 Monaten. Danach wird eine Filtration durchgef\u00fchrt und dann kommt er in eine isobare Umgebung.<\/p>\n<p><strong>So kombinieren Sie Ihn<\/strong><br \/>\nEin Sekt, der kalt bei 4-6 Grad mit Aperitifs, Vorspeisen, Meeresfr\u00fcchten, vegetarischen Gerichten, Fleisch und K\u00e4se serviert wird.<\/p>\n<p>Wir empfehlen ihn mit Sushi, Schwertfischr\u00f6llchen, ged\u00e4mpften Forellen, Barschrisotto, Gem\u00fcse- und Tofuspie\u00dfen, Filet mit rosa Pfeffer und einen cacio fiore aus L\u2018Aquila.<\/p>\n","protected":false},"excerpt":{"rendered":"<p>Rosarubra Moon Schaumwein Brut \u00a013% Farbe: Ein leuchtendes Strohgelb mit sanften goldenen Reflexen und einer feinen und dauerhaften Perlage Geruch: Intensive und elegante Aromen, blumige und fruchtige D\u00fcfte nach Akazienbl\u00fcten, Ginster, Pfirsich, gr\u00fcner Apfel, Zitrusfr\u00fcchte und eine zarte Brotkruste Gaumen: verleiht eine intensive Frische und eine bedeutende Mineralit\u00e4t, gut ausbalanciert durch eine betr\u00e4chtliche W\u00e4rme und [&#8230;]\n","protected":false},"featured_media":56921,"comment_status":"open","ping_status":"closed","template":"","meta":[],"product_brand":[],"product_cat":[439,188,187],"product_tag":[186],"class_list":{"0":"post-26101","1":"product","2":"type-product","3":"status-publish","4":"has-post-thumbnail","6":"product_cat-flaschen","7":"product_cat-rosarubra-de","8":"product_cat-schaumweine","9":"product_tag-flasche","10":"product_shipping_class-bottiglie","12":"first","13":"instock","14":"taxable","15":"shipping-taxable","16":"purchasable","17":"product-type-simple"},"bundled_by":["26268"],"bundle_stock_status":"instock","bundle_stock_quantity":null,"bundle_virtual":false,"bundle_layout":"","bundle_add_to_cart_form_location":"","bundle_editable_in_cart":false,"bundle_sold_individually_context":"","bundle_item_grouping":"","bundle_min_size":"","bundle_max_size":"","bundle_price":[],"bundled_items":[],"bundle_sell_ids":[],"yoast_head":"<!-- This site is optimized with the Yoast SEO plugin v27.5 - https:\/\/yoast.com\/product\/yoast-seo-wordpress\/ -->\n<title>Rosarubra Moon Schaumwein Brut 0,75L - Torri Cantine Store COM<\/title>\n<meta name=\"robots\" content=\"index, follow, max-snippet:-1, max-image-preview:large, max-video-preview:-1\" \/>\n<link rel=\"canonical\" href=\"https:\/\/shop.torricantine.com\/de\/produkt\/rosarubra-moon-mousseux-brut\/\" \/>\n<meta property=\"og:locale\" content=\"de_DE\" \/>\n<meta property=\"og:type\" content=\"article\" \/>\n<meta property=\"og:title\" content=\"Rosarubra Moon Schaumwein Brut 0,75L - Torri Cantine Store COM\" \/>\n<meta property=\"og:description\" content=\"Rosarubra Moon Schaumwein Brut \u00a013% Farbe: Ein leuchtendes Strohgelb mit sanften goldenen Reflexen und einer feinen und dauerhaften Perlage Geruch: Intensive und elegante Aromen, blumige und fruchtige D\u00fcfte nach Akazienbl\u00fcten, Ginster, Pfirsich, gr\u00fcner Apfel, Zitrusfr\u00fcchte und eine zarte Brotkruste Gaumen: verleiht eine intensive Frische und eine bedeutende Mineralit\u00e4t, gut ausbalanciert durch eine betr\u00e4chtliche W\u00e4rme und [...]\" \/>\n<meta property=\"og:url\" content=\"https:\/\/shop.torricantine.com\/de\/produkt\/rosarubra-moon-mousseux-brut\/\" \/>\n<meta property=\"og:site_name\" content=\"Torri Cantine Store COM\" \/>\n<meta property=\"article:modified_time\" content=\"2025-08-07T22:00:15+00:00\" \/>\n<meta property=\"og:image\" content=\"https:\/\/shop.torricantine.com\/wp-content\/uploads\/2020\/09\/RR_moon-1.png\" \/>\n\t<meta property=\"og:image:width\" content=\"266\" \/>\n\t<meta property=\"og:image:height\" content=\"801\" \/>\n\t<meta property=\"og:image:type\" content=\"image\/png\" \/>\n<meta name=\"twitter:card\" content=\"summary_large_image\" \/>\n<meta name=\"twitter:label1\" content=\"Gesch\u00e4tzte Lesezeit\" \/>\n\t<meta name=\"twitter:data1\" content=\"2\u00a0Minuten\" \/>\n<script type=\"application\/ld+json\" class=\"yoast-schema-graph\">{\"@context\":\"https:\\\/\\\/schema.org\",\"@graph\":[{\"@type\":\"WebPage\",\"@id\":\"https:\\\/\\\/shop.torricantine.com\\\/de\\\/produkt\\\/rosarubra-moon-mousseux-brut\\\/\",\"url\":\"https:\\\/\\\/shop.torricantine.com\\\/de\\\/produkt\\\/rosarubra-moon-mousseux-brut\\\/\",\"name\":\"Rosarubra Moon Schaumwein Brut 0,75L - Torri Cantine Store COM\",\"isPartOf\":{\"@id\":\"https:\\\/\\\/shop.torricantine.com\\\/de\\\/#website\"},\"primaryImageOfPage\":{\"@id\":\"https:\\\/\\\/shop.torricantine.com\\\/de\\\/produkt\\\/rosarubra-moon-mousseux-brut\\\/#primaryimage\"},\"image\":{\"@id\":\"https:\\\/\\\/shop.torricantine.com\\\/de\\\/produkt\\\/rosarubra-moon-mousseux-brut\\\/#primaryimage\"},\"thumbnailUrl\":\"https:\\\/\\\/shop.torricantine.com\\\/wp-content\\\/uploads\\\/2020\\\/09\\\/RR_moon-1.png\",\"datePublished\":\"2020-09-22T09:25:10+00:00\",\"dateModified\":\"2025-08-07T22:00:15+00:00\",\"breadcrumb\":{\"@id\":\"https:\\\/\\\/shop.torricantine.com\\\/de\\\/produkt\\\/rosarubra-moon-mousseux-brut\\\/#breadcrumb\"},\"inLanguage\":\"de\",\"potentialAction\":[{\"@type\":\"ReadAction\",\"target\":[\"https:\\\/\\\/shop.torricantine.com\\\/de\\\/produkt\\\/rosarubra-moon-mousseux-brut\\\/\"]}]},{\"@type\":\"ImageObject\",\"inLanguage\":\"de\",\"@id\":\"https:\\\/\\\/shop.torricantine.com\\\/de\\\/produkt\\\/rosarubra-moon-mousseux-brut\\\/#primaryimage\",\"url\":\"https:\\\/\\\/shop.torricantine.com\\\/wp-content\\\/uploads\\\/2020\\\/09\\\/RR_moon-1.png\",\"contentUrl\":\"https:\\\/\\\/shop.torricantine.com\\\/wp-content\\\/uploads\\\/2020\\\/09\\\/RR_moon-1.png\",\"width\":266,\"height\":801},{\"@type\":\"BreadcrumbList\",\"@id\":\"https:\\\/\\\/shop.torricantine.com\\\/de\\\/produkt\\\/rosarubra-moon-mousseux-brut\\\/#breadcrumb\",\"itemListElement\":[{\"@type\":\"ListItem\",\"position\":1,\"name\":\"Home\",\"item\":\"https:\\\/\\\/shop.torricantine.com\\\/de\\\/\"},{\"@type\":\"ListItem\",\"position\":2,\"name\":\"Shop\",\"item\":\"https:\\\/\\\/shop.torricantine.com\\\/de\\\/shop\\\/\"},{\"@type\":\"ListItem\",\"position\":3,\"name\":\"Rosarubra Moon Schaumwein Brut 0,75L\"}]},{\"@type\":\"WebSite\",\"@id\":\"https:\\\/\\\/shop.torricantine.com\\\/de\\\/#website\",\"url\":\"https:\\\/\\\/shop.torricantine.com\\\/de\\\/\",\"name\":\"Torri Cantine Store COM\",\"description\":\"Online store of our winery in Italy\",\"publisher\":{\"@id\":\"https:\\\/\\\/shop.torricantine.com\\\/de\\\/#organization\"},\"potentialAction\":[{\"@type\":\"SearchAction\",\"target\":{\"@type\":\"EntryPoint\",\"urlTemplate\":\"https:\\\/\\\/shop.torricantine.com\\\/de\\\/?s={search_term_string}\"},\"query-input\":{\"@type\":\"PropertyValueSpecification\",\"valueRequired\":true,\"valueName\":\"search_term_string\"}}],\"inLanguage\":\"de\"},{\"@type\":\"Organization\",\"@id\":\"https:\\\/\\\/shop.torricantine.com\\\/de\\\/#organization\",\"name\":\"Torri Cantine\",\"url\":\"https:\\\/\\\/shop.torricantine.com\\\/de\\\/\",\"logo\":{\"@type\":\"ImageObject\",\"inLanguage\":\"de\",\"@id\":\"https:\\\/\\\/shop.torricantine.com\\\/de\\\/#\\\/schema\\\/logo\\\/image\\\/\",\"url\":\"https:\\\/\\\/shop.torricantine.com\\\/wp-content\\\/uploads\\\/2020\\\/04\\\/torri-store-logo_text.png\",\"contentUrl\":\"https:\\\/\\\/shop.torricantine.com\\\/wp-content\\\/uploads\\\/2020\\\/04\\\/torri-store-logo_text.png\",\"width\":289,\"height\":361,\"caption\":\"Torri Cantine\"},\"image\":{\"@id\":\"https:\\\/\\\/shop.torricantine.com\\\/de\\\/#\\\/schema\\\/logo\\\/image\\\/\"}}]}<\/script>\n<!-- \/ Yoast SEO plugin. -->","yoast_head_json":{"title":"Rosarubra Moon Schaumwein Brut 0,75L - Torri Cantine Store COM","robots":{"index":"index","follow":"follow","max-snippet":"max-snippet:-1","max-image-preview":"max-image-preview:large","max-video-preview":"max-video-preview:-1"},"canonical":"https:\/\/shop.torricantine.com\/de\/produkt\/rosarubra-moon-mousseux-brut\/","og_locale":"de_DE","og_type":"article","og_title":"Rosarubra Moon Schaumwein Brut 0,75L - Torri Cantine Store COM","og_description":"Rosarubra Moon Schaumwein Brut \u00a013% Farbe: Ein leuchtendes Strohgelb mit sanften goldenen Reflexen und einer feinen und dauerhaften Perlage Geruch: Intensive und elegante Aromen, blumige und fruchtige D\u00fcfte nach Akazienbl\u00fcten, Ginster, Pfirsich, gr\u00fcner Apfel, Zitrusfr\u00fcchte und eine zarte Brotkruste Gaumen: verleiht eine intensive Frische und eine bedeutende Mineralit\u00e4t, gut ausbalanciert durch eine betr\u00e4chtliche W\u00e4rme und [...]","og_url":"https:\/\/shop.torricantine.com\/de\/produkt\/rosarubra-moon-mousseux-brut\/","og_site_name":"Torri Cantine Store COM","article_modified_time":"2025-08-07T22:00:15+00:00","og_image":[{"width":266,"height":801,"url":"https:\/\/shop.torricantine.com\/wp-content\/uploads\/2020\/09\/RR_moon-1.png","type":"image\/png"}],"twitter_card":"summary_large_image","twitter_misc":{"Gesch\u00e4tzte Lesezeit":"2\u00a0Minuten"},"schema":{"@context":"https:\/\/schema.org","@graph":[{"@type":"WebPage","@id":"https:\/\/shop.torricantine.com\/de\/produkt\/rosarubra-moon-mousseux-brut\/","url":"https:\/\/shop.torricantine.com\/de\/produkt\/rosarubra-moon-mousseux-brut\/","name":"Rosarubra Moon Schaumwein Brut 0,75L - Torri Cantine Store COM","isPartOf":{"@id":"https:\/\/shop.torricantine.com\/de\/#website"},"primaryImageOfPage":{"@id":"https:\/\/shop.torricantine.com\/de\/produkt\/rosarubra-moon-mousseux-brut\/#primaryimage"},"image":{"@id":"https:\/\/shop.torricantine.com\/de\/produkt\/rosarubra-moon-mousseux-brut\/#primaryimage"},"thumbnailUrl":"https:\/\/shop.torricantine.com\/wp-content\/uploads\/2020\/09\/RR_moon-1.png","datePublished":"2020-09-22T09:25:10+00:00","dateModified":"2025-08-07T22:00:15+00:00","breadcrumb":{"@id":"https:\/\/shop.torricantine.com\/de\/produkt\/rosarubra-moon-mousseux-brut\/#breadcrumb"},"inLanguage":"de","potentialAction":[{"@type":"ReadAction","target":["https:\/\/shop.torricantine.com\/de\/produkt\/rosarubra-moon-mousseux-brut\/"]}]},{"@type":"ImageObject","inLanguage":"de","@id":"https:\/\/shop.torricantine.com\/de\/produkt\/rosarubra-moon-mousseux-brut\/#primaryimage","url":"https:\/\/shop.torricantine.com\/wp-content\/uploads\/2020\/09\/RR_moon-1.png","contentUrl":"https:\/\/shop.torricantine.com\/wp-content\/uploads\/2020\/09\/RR_moon-1.png","width":266,"height":801},{"@type":"BreadcrumbList","@id":"https:\/\/shop.torricantine.com\/de\/produkt\/rosarubra-moon-mousseux-brut\/#breadcrumb","itemListElement":[{"@type":"ListItem","position":1,"name":"Home","item":"https:\/\/shop.torricantine.com\/de\/"},{"@type":"ListItem","position":2,"name":"Shop","item":"https:\/\/shop.torricantine.com\/de\/shop\/"},{"@type":"ListItem","position":3,"name":"Rosarubra Moon Schaumwein Brut 0,75L"}]},{"@type":"WebSite","@id":"https:\/\/shop.torricantine.com\/de\/#website","url":"https:\/\/shop.torricantine.com\/de\/","name":"Torri Cantine Store COM","description":"Online store of our winery in Italy","publisher":{"@id":"https:\/\/shop.torricantine.com\/de\/#organization"},"potentialAction":[{"@type":"SearchAction","target":{"@type":"EntryPoint","urlTemplate":"https:\/\/shop.torricantine.com\/de\/?s={search_term_string}"},"query-input":{"@type":"PropertyValueSpecification","valueRequired":true,"valueName":"search_term_string"}}],"inLanguage":"de"},{"@type":"Organization","@id":"https:\/\/shop.torricantine.com\/de\/#organization","name":"Torri Cantine","url":"https:\/\/shop.torricantine.com\/de\/","logo":{"@type":"ImageObject","inLanguage":"de","@id":"https:\/\/shop.torricantine.com\/de\/#\/schema\/logo\/image\/","url":"https:\/\/shop.torricantine.com\/wp-content\/uploads\/2020\/04\/torri-store-logo_text.png","contentUrl":"https:\/\/shop.torricantine.com\/wp-content\/uploads\/2020\/04\/torri-store-logo_text.png","width":289,"height":361,"caption":"Torri Cantine"},"image":{"@id":"https:\/\/shop.torricantine.com\/de\/#\/schema\/logo\/image\/"}}]}},"_links":{"self":[{"href":"https:\/\/shop.torricantine.com\/de\/wp-json\/wp\/v2\/product\/26101","targetHints":{"allow":["GET"]}}],"collection":[{"href":"https:\/\/shop.torricantine.com\/de\/wp-json\/wp\/v2\/product"}],"about":[{"href":"https:\/\/shop.torricantine.com\/de\/wp-json\/wp\/v2\/types\/product"}],"replies":[{"embeddable":true,"href":"https:\/\/shop.torricantine.com\/de\/wp-json\/wp\/v2\/comments?post=26101"}],"wp:featuredmedia":[{"embeddable":true,"href":"https:\/\/shop.torricantine.com\/de\/wp-json\/wp\/v2\/media\/56921"}],"wp:attachment":[{"href":"https:\/\/shop.torricantine.com\/de\/wp-json\/wp\/v2\/media?parent=26101"}],"wp:term":[{"taxonomy":"product_brand","embeddable":true,"href":"https:\/\/shop.torricantine.com\/de\/wp-json\/wp\/v2\/product_brand?post=26101"},{"taxonomy":"product_cat","embeddable":true,"href":"https:\/\/shop.torricantine.com\/de\/wp-json\/wp\/v2\/product_cat?post=26101"},{"taxonomy":"product_tag","embeddable":true,"href":"https:\/\/shop.torricantine.com\/de\/wp-json\/wp\/v2\/product_tag?post=26101"}],"curies":[{"name":"wp","href":"https:\/\/api.w.org\/{rel}","templated":true}]}}