{"id":26096,"date":"2020-09-22T11:42:52","date_gmt":"2020-09-22T09:42:52","guid":{"rendered":"https:\/\/shop.torricantine.com\/product\/rosarubra-trebbiano-dabruzzo-doc-075l-weiswein\/"},"modified":"2025-07-21T00:00:18","modified_gmt":"2025-07-20T22:00:18","slug":"rosarubra-trebbiano-dabruzzo-doc-075l-weiswein","status":"publish","type":"product","link":"https:\/\/shop.torricantine.com\/de\/produkt\/rosarubra-trebbiano-dabruzzo-doc-075l-weiswein\/","title":{"rendered":"Rosarubra Trebbiano d\u2019Abruzzo DOC 0,75L Wei\u00dfwein"},"content":{"rendered":"<p><strong>SINNESNOTEN<\/strong><\/p>\n<p><strong>Farbe<\/strong>: leuchtendes Strohgelb mit wundersch\u00f6nem Goldreflex, eine sehr angenehme Konsistenz.<br \/>\n<strong>Duftnote<\/strong>: intensives Blumenbouquet und fruchtiger Duft nach Akazie, Zitrusfr\u00fcchten und Birne.<br \/>\n<strong>Gaumen<\/strong>: ein trockener Wein im Einklang mit seinen Aromen, intensiv, elegant und eine sehr erfrischende Note; optimal ausbalanciert, besitzt er W\u00e4rme und zarte Rundheit. Ein guter K\u00f6rper, im Finale mit einem langanhaltenden, mineralischen Abgang.<\/p>\n<p><strong>Weinernte<\/strong><br \/>\nIn einer wundersch\u00f6nen Weinbaugegend, in idealer H\u00f6henlage, wirkt eine gro\u00dfe Spanne von Temperaturschwankungen auf diese in gro\u00dfartiger Exposition gewachsene, sehr alteingesessene Rebe, die im Guyot-System angepflanzt wurde.<\/p>\n<p>Ein Wei\u00dfwein Trebbiano DOC, der Ende September ausschlie\u00dflich von Hand gelesen wurde und der aus einer zertifizierten biologischen Landwirtschaft stammt und dadurch den maximalen Einklang von Anbau und Ambiente garantiert.<\/p>\n<p><strong>Weinzubereitung<\/strong><br \/>\nGereift in Temperatur-kontrollierten Stahlbottichen, folgte eine 6-moantige Alterung erneut in Stahl. Der Abf\u00fcllproze\u00df findet unter vollst\u00e4ndigem Ausschluss von Sauerstoff statt.<\/p>\n<p><strong>So kombinieren Sie unseren Wei\u00dfwein Trebbiano D\u2019Abruzzo<\/strong><br \/>\nEin Wein der unbedingt kalt serviert werden sollte, passt gut zum Aperitif, Vorspeisen, Meeresfr\u00fcchten, vegetarische Gerichte, Gefl\u00fcgelfleisch und milde oder halb gereifte K\u00e4sesorten.<\/p>\n<p>Zum Beispiel eine Zahnbrasse an Safran, Ravioli mir Ricotta und Spinat, Omelett mit Pilzen und Mozzarella, Ente an Orange oder Leckere K\u00e4se-Cr\u00eapes.<\/p>\n","protected":false},"excerpt":{"rendered":"<p>SINNESNOTEN Farbe: leuchtendes Strohgelb mit wundersch\u00f6nem Goldreflex, eine sehr angenehme Konsistenz. Duftnote: intensives Blumenbouquet und fruchtiger Duft nach Akazie, Zitrusfr\u00fcchten und Birne. Gaumen: ein trockener Wein im Einklang mit seinen Aromen, intensiv, elegant und eine sehr erfrischende Note; optimal ausbalanciert, besitzt er W\u00e4rme und zarte Rundheit. Ein guter K\u00f6rper, im Finale mit einem langanhaltenden, mineralischen [&#8230;]\n","protected":false},"featured_media":56912,"comment_status":"open","ping_status":"closed","template":"","meta":[],"product_brand":[],"product_cat":[439,188,179],"product_tag":[186],"class_list":{"0":"post-26096","1":"product","2":"type-product","3":"status-publish","4":"has-post-thumbnail","6":"product_cat-flaschen","7":"product_cat-rosarubra-de","8":"product_cat-weissweine","9":"product_tag-flasche","10":"product_shipping_class-bottiglie","12":"first","13":"instock","14":"taxable","15":"shipping-taxable","16":"purchasable","17":"product-type-simple"},"bundled_by":[],"bundle_stock_status":"instock","bundle_stock_quantity":null,"bundle_virtual":false,"bundle_layout":"","bundle_add_to_cart_form_location":"","bundle_editable_in_cart":false,"bundle_sold_individually_context":"","bundle_item_grouping":"","bundle_min_size":"","bundle_max_size":"","bundle_price":[],"bundled_items":[],"bundle_sell_ids":[],"yoast_head":"<!-- This site is optimized with the Yoast SEO plugin v27.5 - https:\/\/yoast.com\/product\/yoast-seo-wordpress\/ -->\n<title>Rosarubra Trebbiano d\u2019Abruzzo DOC 0,75L Wei\u00dfwein - Torri Cantine Store COM<\/title>\n<meta name=\"robots\" content=\"index, follow, max-snippet:-1, max-image-preview:large, max-video-preview:-1\" \/>\n<link rel=\"canonical\" href=\"https:\/\/shop.torricantine.com\/de\/produkt\/rosarubra-trebbiano-dabruzzo-doc-075l-weiswein\/\" \/>\n<meta property=\"og:locale\" content=\"de_DE\" \/>\n<meta property=\"og:type\" content=\"article\" \/>\n<meta property=\"og:title\" content=\"Rosarubra Trebbiano d\u2019Abruzzo DOC 0,75L Wei\u00dfwein - Torri Cantine Store COM\" \/>\n<meta property=\"og:description\" content=\"SINNESNOTEN Farbe: leuchtendes Strohgelb mit wundersch\u00f6nem Goldreflex, eine sehr angenehme Konsistenz. Duftnote: intensives Blumenbouquet und fruchtiger Duft nach Akazie, Zitrusfr\u00fcchten und Birne. Gaumen: ein trockener Wein im Einklang mit seinen Aromen, intensiv, elegant und eine sehr erfrischende Note; optimal ausbalanciert, besitzt er W\u00e4rme und zarte Rundheit. Ein guter K\u00f6rper, im Finale mit einem langanhaltenden, mineralischen [...]\" \/>\n<meta property=\"og:url\" content=\"https:\/\/shop.torricantine.com\/de\/produkt\/rosarubra-trebbiano-dabruzzo-doc-075l-weiswein\/\" \/>\n<meta property=\"og:site_name\" content=\"Torri Cantine Store COM\" \/>\n<meta property=\"article:modified_time\" content=\"2025-07-20T22:00:18+00:00\" \/>\n<meta property=\"og:image\" content=\"https:\/\/shop.torricantine.com\/wp-content\/uploads\/2020\/09\/RR_trebbiano-1.png\" \/>\n\t<meta property=\"og:image:width\" content=\"230\" \/>\n\t<meta property=\"og:image:height\" content=\"801\" \/>\n\t<meta property=\"og:image:type\" content=\"image\/png\" \/>\n<meta name=\"twitter:card\" content=\"summary_large_image\" \/>\n<meta name=\"twitter:label1\" content=\"Gesch\u00e4tzte Lesezeit\" \/>\n\t<meta name=\"twitter:data1\" content=\"2\u00a0Minuten\" \/>\n<script type=\"application\/ld+json\" class=\"yoast-schema-graph\">{\"@context\":\"https:\\\/\\\/schema.org\",\"@graph\":[{\"@type\":\"WebPage\",\"@id\":\"https:\\\/\\\/shop.torricantine.com\\\/de\\\/produkt\\\/rosarubra-trebbiano-dabruzzo-doc-075l-weiswein\\\/\",\"url\":\"https:\\\/\\\/shop.torricantine.com\\\/de\\\/produkt\\\/rosarubra-trebbiano-dabruzzo-doc-075l-weiswein\\\/\",\"name\":\"Rosarubra Trebbiano d\u2019Abruzzo DOC 0,75L Wei\u00dfwein - Torri Cantine Store COM\",\"isPartOf\":{\"@id\":\"https:\\\/\\\/shop.torricantine.com\\\/de\\\/#website\"},\"primaryImageOfPage\":{\"@id\":\"https:\\\/\\\/shop.torricantine.com\\\/de\\\/produkt\\\/rosarubra-trebbiano-dabruzzo-doc-075l-weiswein\\\/#primaryimage\"},\"image\":{\"@id\":\"https:\\\/\\\/shop.torricantine.com\\\/de\\\/produkt\\\/rosarubra-trebbiano-dabruzzo-doc-075l-weiswein\\\/#primaryimage\"},\"thumbnailUrl\":\"https:\\\/\\\/shop.torricantine.com\\\/wp-content\\\/uploads\\\/2020\\\/09\\\/RR_trebbiano-1.png\",\"datePublished\":\"2020-09-22T09:42:52+00:00\",\"dateModified\":\"2025-07-20T22:00:18+00:00\",\"breadcrumb\":{\"@id\":\"https:\\\/\\\/shop.torricantine.com\\\/de\\\/produkt\\\/rosarubra-trebbiano-dabruzzo-doc-075l-weiswein\\\/#breadcrumb\"},\"inLanguage\":\"de\",\"potentialAction\":[{\"@type\":\"ReadAction\",\"target\":[\"https:\\\/\\\/shop.torricantine.com\\\/de\\\/produkt\\\/rosarubra-trebbiano-dabruzzo-doc-075l-weiswein\\\/\"]}]},{\"@type\":\"ImageObject\",\"inLanguage\":\"de\",\"@id\":\"https:\\\/\\\/shop.torricantine.com\\\/de\\\/produkt\\\/rosarubra-trebbiano-dabruzzo-doc-075l-weiswein\\\/#primaryimage\",\"url\":\"https:\\\/\\\/shop.torricantine.com\\\/wp-content\\\/uploads\\\/2020\\\/09\\\/RR_trebbiano-1.png\",\"contentUrl\":\"https:\\\/\\\/shop.torricantine.com\\\/wp-content\\\/uploads\\\/2020\\\/09\\\/RR_trebbiano-1.png\",\"width\":230,\"height\":801},{\"@type\":\"BreadcrumbList\",\"@id\":\"https:\\\/\\\/shop.torricantine.com\\\/de\\\/produkt\\\/rosarubra-trebbiano-dabruzzo-doc-075l-weiswein\\\/#breadcrumb\",\"itemListElement\":[{\"@type\":\"ListItem\",\"position\":1,\"name\":\"Home\",\"item\":\"https:\\\/\\\/shop.torricantine.com\\\/de\\\/\"},{\"@type\":\"ListItem\",\"position\":2,\"name\":\"Shop\",\"item\":\"https:\\\/\\\/shop.torricantine.com\\\/de\\\/shop\\\/\"},{\"@type\":\"ListItem\",\"position\":3,\"name\":\"Rosarubra Trebbiano d\u2019Abruzzo DOC 0,75L Wei\u00dfwein\"}]},{\"@type\":\"WebSite\",\"@id\":\"https:\\\/\\\/shop.torricantine.com\\\/de\\\/#website\",\"url\":\"https:\\\/\\\/shop.torricantine.com\\\/de\\\/\",\"name\":\"Torri Cantine Store COM\",\"description\":\"Online store of our winery in Italy\",\"publisher\":{\"@id\":\"https:\\\/\\\/shop.torricantine.com\\\/de\\\/#organization\"},\"potentialAction\":[{\"@type\":\"SearchAction\",\"target\":{\"@type\":\"EntryPoint\",\"urlTemplate\":\"https:\\\/\\\/shop.torricantine.com\\\/de\\\/?s={search_term_string}\"},\"query-input\":{\"@type\":\"PropertyValueSpecification\",\"valueRequired\":true,\"valueName\":\"search_term_string\"}}],\"inLanguage\":\"de\"},{\"@type\":\"Organization\",\"@id\":\"https:\\\/\\\/shop.torricantine.com\\\/de\\\/#organization\",\"name\":\"Torri Cantine\",\"url\":\"https:\\\/\\\/shop.torricantine.com\\\/de\\\/\",\"logo\":{\"@type\":\"ImageObject\",\"inLanguage\":\"de\",\"@id\":\"https:\\\/\\\/shop.torricantine.com\\\/de\\\/#\\\/schema\\\/logo\\\/image\\\/\",\"url\":\"https:\\\/\\\/shop.torricantine.com\\\/wp-content\\\/uploads\\\/2020\\\/04\\\/torri-store-logo_text.png\",\"contentUrl\":\"https:\\\/\\\/shop.torricantine.com\\\/wp-content\\\/uploads\\\/2020\\\/04\\\/torri-store-logo_text.png\",\"width\":289,\"height\":361,\"caption\":\"Torri Cantine\"},\"image\":{\"@id\":\"https:\\\/\\\/shop.torricantine.com\\\/de\\\/#\\\/schema\\\/logo\\\/image\\\/\"}}]}<\/script>\n<!-- \/ Yoast SEO plugin. -->","yoast_head_json":{"title":"Rosarubra Trebbiano d\u2019Abruzzo DOC 0,75L Wei\u00dfwein - Torri Cantine Store COM","robots":{"index":"index","follow":"follow","max-snippet":"max-snippet:-1","max-image-preview":"max-image-preview:large","max-video-preview":"max-video-preview:-1"},"canonical":"https:\/\/shop.torricantine.com\/de\/produkt\/rosarubra-trebbiano-dabruzzo-doc-075l-weiswein\/","og_locale":"de_DE","og_type":"article","og_title":"Rosarubra Trebbiano d\u2019Abruzzo DOC 0,75L Wei\u00dfwein - Torri Cantine Store COM","og_description":"SINNESNOTEN Farbe: leuchtendes Strohgelb mit wundersch\u00f6nem Goldreflex, eine sehr angenehme Konsistenz. Duftnote: intensives Blumenbouquet und fruchtiger Duft nach Akazie, Zitrusfr\u00fcchten und Birne. Gaumen: ein trockener Wein im Einklang mit seinen Aromen, intensiv, elegant und eine sehr erfrischende Note; optimal ausbalanciert, besitzt er W\u00e4rme und zarte Rundheit. Ein guter K\u00f6rper, im Finale mit einem langanhaltenden, mineralischen [...]","og_url":"https:\/\/shop.torricantine.com\/de\/produkt\/rosarubra-trebbiano-dabruzzo-doc-075l-weiswein\/","og_site_name":"Torri Cantine Store COM","article_modified_time":"2025-07-20T22:00:18+00:00","og_image":[{"width":230,"height":801,"url":"https:\/\/shop.torricantine.com\/wp-content\/uploads\/2020\/09\/RR_trebbiano-1.png","type":"image\/png"}],"twitter_card":"summary_large_image","twitter_misc":{"Gesch\u00e4tzte Lesezeit":"2\u00a0Minuten"},"schema":{"@context":"https:\/\/schema.org","@graph":[{"@type":"WebPage","@id":"https:\/\/shop.torricantine.com\/de\/produkt\/rosarubra-trebbiano-dabruzzo-doc-075l-weiswein\/","url":"https:\/\/shop.torricantine.com\/de\/produkt\/rosarubra-trebbiano-dabruzzo-doc-075l-weiswein\/","name":"Rosarubra Trebbiano d\u2019Abruzzo DOC 0,75L Wei\u00dfwein - Torri Cantine Store COM","isPartOf":{"@id":"https:\/\/shop.torricantine.com\/de\/#website"},"primaryImageOfPage":{"@id":"https:\/\/shop.torricantine.com\/de\/produkt\/rosarubra-trebbiano-dabruzzo-doc-075l-weiswein\/#primaryimage"},"image":{"@id":"https:\/\/shop.torricantine.com\/de\/produkt\/rosarubra-trebbiano-dabruzzo-doc-075l-weiswein\/#primaryimage"},"thumbnailUrl":"https:\/\/shop.torricantine.com\/wp-content\/uploads\/2020\/09\/RR_trebbiano-1.png","datePublished":"2020-09-22T09:42:52+00:00","dateModified":"2025-07-20T22:00:18+00:00","breadcrumb":{"@id":"https:\/\/shop.torricantine.com\/de\/produkt\/rosarubra-trebbiano-dabruzzo-doc-075l-weiswein\/#breadcrumb"},"inLanguage":"de","potentialAction":[{"@type":"ReadAction","target":["https:\/\/shop.torricantine.com\/de\/produkt\/rosarubra-trebbiano-dabruzzo-doc-075l-weiswein\/"]}]},{"@type":"ImageObject","inLanguage":"de","@id":"https:\/\/shop.torricantine.com\/de\/produkt\/rosarubra-trebbiano-dabruzzo-doc-075l-weiswein\/#primaryimage","url":"https:\/\/shop.torricantine.com\/wp-content\/uploads\/2020\/09\/RR_trebbiano-1.png","contentUrl":"https:\/\/shop.torricantine.com\/wp-content\/uploads\/2020\/09\/RR_trebbiano-1.png","width":230,"height":801},{"@type":"BreadcrumbList","@id":"https:\/\/shop.torricantine.com\/de\/produkt\/rosarubra-trebbiano-dabruzzo-doc-075l-weiswein\/#breadcrumb","itemListElement":[{"@type":"ListItem","position":1,"name":"Home","item":"https:\/\/shop.torricantine.com\/de\/"},{"@type":"ListItem","position":2,"name":"Shop","item":"https:\/\/shop.torricantine.com\/de\/shop\/"},{"@type":"ListItem","position":3,"name":"Rosarubra Trebbiano d\u2019Abruzzo DOC 0,75L Wei\u00dfwein"}]},{"@type":"WebSite","@id":"https:\/\/shop.torricantine.com\/de\/#website","url":"https:\/\/shop.torricantine.com\/de\/","name":"Torri Cantine Store COM","description":"Online store of our winery in Italy","publisher":{"@id":"https:\/\/shop.torricantine.com\/de\/#organization"},"potentialAction":[{"@type":"SearchAction","target":{"@type":"EntryPoint","urlTemplate":"https:\/\/shop.torricantine.com\/de\/?s={search_term_string}"},"query-input":{"@type":"PropertyValueSpecification","valueRequired":true,"valueName":"search_term_string"}}],"inLanguage":"de"},{"@type":"Organization","@id":"https:\/\/shop.torricantine.com\/de\/#organization","name":"Torri Cantine","url":"https:\/\/shop.torricantine.com\/de\/","logo":{"@type":"ImageObject","inLanguage":"de","@id":"https:\/\/shop.torricantine.com\/de\/#\/schema\/logo\/image\/","url":"https:\/\/shop.torricantine.com\/wp-content\/uploads\/2020\/04\/torri-store-logo_text.png","contentUrl":"https:\/\/shop.torricantine.com\/wp-content\/uploads\/2020\/04\/torri-store-logo_text.png","width":289,"height":361,"caption":"Torri Cantine"},"image":{"@id":"https:\/\/shop.torricantine.com\/de\/#\/schema\/logo\/image\/"}}]}},"_links":{"self":[{"href":"https:\/\/shop.torricantine.com\/de\/wp-json\/wp\/v2\/product\/26096","targetHints":{"allow":["GET"]}}],"collection":[{"href":"https:\/\/shop.torricantine.com\/de\/wp-json\/wp\/v2\/product"}],"about":[{"href":"https:\/\/shop.torricantine.com\/de\/wp-json\/wp\/v2\/types\/product"}],"replies":[{"embeddable":true,"href":"https:\/\/shop.torricantine.com\/de\/wp-json\/wp\/v2\/comments?post=26096"}],"wp:featuredmedia":[{"embeddable":true,"href":"https:\/\/shop.torricantine.com\/de\/wp-json\/wp\/v2\/media\/56912"}],"wp:attachment":[{"href":"https:\/\/shop.torricantine.com\/de\/wp-json\/wp\/v2\/media?parent=26096"}],"wp:term":[{"taxonomy":"product_brand","embeddable":true,"href":"https:\/\/shop.torricantine.com\/de\/wp-json\/wp\/v2\/product_brand?post=26096"},{"taxonomy":"product_cat","embeddable":true,"href":"https:\/\/shop.torricantine.com\/de\/wp-json\/wp\/v2\/product_cat?post=26096"},{"taxonomy":"product_tag","embeddable":true,"href":"https:\/\/shop.torricantine.com\/de\/wp-json\/wp\/v2\/product_tag?post=26096"}],"curies":[{"name":"wp","href":"https:\/\/api.w.org\/{rel}","templated":true}]}}