{"id":26072,"date":"2020-12-21T17:27:04","date_gmt":"2020-12-21T15:27:04","guid":{"rendered":"https:\/\/shop.torricantine.com\/product\/tube-de-3l-montepulciano-dabruzzo\/"},"modified":"2026-02-05T14:51:39","modified_gmt":"2026-02-05T12:51:39","slug":"tube-de-3l-montepulciano-dabruzzo","status":"publish","type":"product","link":"https:\/\/shop.torricantine.com\/de\/produkt\/tube-de-3l-montepulciano-dabruzzo\/","title":{"rendered":"3L Bag in Tube Montepulciano d\u2019Abruzzo in Holzf\u00e4ssern gelagert"},"content":{"rendered":"<h2>3L Bag in Tube Montepulciano d\u2019Abruzzo in Holzf\u00e4ssern gelagert<\/h2>\n<p><strong>Farbe:<\/strong> Ein Rubinrot, fast undurchdringlich, mit interessanten, purpurroten Reflexen der Jugend.<br \/>\n<strong>Geruch<\/strong>: : Der Nase offenbart er elegante und intensive blumige und fruchtige Noten mit den charakteristischen Duft von Rosenbl\u00e4ttern, Veilchen, Brombeeren und Pflaumen freigesetzt.<br \/>\n<strong>Gaumen<\/strong>: Der Gaumen stimmt \u00fcberein mit dem Geruchssinn, mit Hinweisen auf Schwarzkirsche, Gew\u00fcrze und Kakao, unterst\u00fctzt durch die notwendige Frische, die gut mit weichen Tanninen verbunden ist, und in m\u00e4\u00dfigem Gleichgewicht mit einer verf\u00fchrerischen W\u00e4rme und Weichheit. Der zarte Mandel-Abgang ist gro\u00dfartig.<\/p>\n<p><strong>Weinernte<\/strong><br \/>\nEs wurde in einer der am besten geeigneten Gegenden der Abruzzen, aus einem alten Weinberg in Tendone, in idealer H\u00f6he geboren, um einen beeindruckenden Temperaturbereich und eine herrliche Exposition zu gew\u00e4hrleisten.<\/p>\n<p>Ein Montepulciano d&#8217;Abruzzo DOC, der aus einer streng manuellen Ernte in den ersten zehn Oktobertage, aus einem zertifizierten \u00f6kologischen Landbau und mit dem gr\u00f6\u00dftm\u00f6glichen Respekt f\u00fcr die Umwelt.<\/p>\n<p><strong>Weinzubereitung<\/strong><br \/>\nDie Vinifizierung beginnt in thermokonditionierten Stahlf\u00e4ssern, und sobald die malolaktische G\u00e4rung beendet ist, reift der Wein 5 Monate in Betontanks und setzt dann die Reifung f\u00fcr weitere 5 Monate in gro\u00dfen 50-hl-slawonischen Eichenf\u00e4ssern fort, um schlie\u00dflich in ein Bag in v\u00f6lliger Abwesenheit von Sauerstoff gef\u00fcllt zu werden.<\/p>\n<p><strong>So kombinieren Sie Ihn<\/strong><br \/>\nEin Wein, der bei einer Temperatur zwischen 14 und 16 Grad und mit einem gro\u00dfen Glas genossen werden kann.<\/p>\n<p>Perfekte Begleitung zu gut strukturierten und leckeren Gerichten und duftenden K\u00e4sesorten, aber auch zu Aperitifs, raffinierten Vorspeisen, raffinierten vegetarischen Gerichten, gegrilltem und gebackenem Fleisch sowie mittel- oder lange-gereiften K\u00e4se.<\/p>\n<p><strong>INTERNATIONALE AUSZEICHNUNGEN<\/strong><\/p>\n<div id=\"fluid\">\n<table class=\"table\" border=\"0\" width=\"100%\" cellspacing=\"0\" cellpadding=\"0\">\n<tbody>\n<tr style=\"float: left;\">\n<td style=\"border: 0;\"><img loading=\"lazy\" decoding=\"async\" class=\"alignnone wp-image-108287\" src=\"https:\/\/shop.torricantine.com\/wp-content\/uploads\/2020\/07\/best-wine-in-box-gold.png\" alt=\"\" width=\"128\" height=\"96\" \/><\/td>\n<\/tr>\n<\/tbody>\n<\/table>\n<\/div>\n","protected":false},"excerpt":{"rendered":"<p>3L Bag in Tube Montepulciano d\u2019Abruzzo in Holzf\u00e4ssern gelagert Farbe: Ein Rubinrot, fast undurchdringlich, mit interessanten, purpurroten Reflexen der Jugend. Geruch: : Der Nase offenbart er elegante und intensive blumige und fruchtige Noten mit den charakteristischen Duft von Rosenbl\u00e4ttern, Veilchen, Brombeeren und Pflaumen freigesetzt. Gaumen: Der Gaumen stimmt \u00fcberein mit dem Geruchssinn, mit Hinweisen auf [&#8230;]\n","protected":false},"featured_media":56771,"comment_status":"open","ping_status":"closed","template":"","meta":[],"product_brand":[],"product_cat":[178,372,173,312,177,175],"product_tag":[287,180,181,189],"class_list":{"0":"post-26072","1":"product","2":"type-product","3":"status-publish","4":"has-post-thumbnail","6":"product_cat-bag-in-box-weine","7":"product_cat-bag-in-tube-de","8":"product_cat-biologische","9":"product_cat-montepulciano-de","10":"product_cat-rotweine","11":"product_cat-torri-cantine-de","12":"product_tag-bag-in-tube-de","13":"product_tag-boxed-wine-de","14":"product_tag-organic-de","15":"product_tag-rotwein","16":"product_shipping_class-bib-5","18":"first","19":"instock","20":"taxable","21":"shipping-taxable","22":"purchasable","23":"product-type-simple"},"bundled_by":["29406","50523","50681","53715"],"bundle_stock_status":"instock","bundle_stock_quantity":null,"bundle_virtual":false,"bundle_layout":"","bundle_add_to_cart_form_location":"","bundle_editable_in_cart":false,"bundle_sold_individually_context":"","bundle_item_grouping":"","bundle_min_size":"","bundle_max_size":"","bundle_price":[],"bundled_items":[],"bundle_sell_ids":[],"yoast_head":"<!-- This site is optimized with the Yoast SEO plugin v27.4 - https:\/\/yoast.com\/product\/yoast-seo-wordpress\/ -->\n<title>3L Bag in Tube Montepulciano d\u2019Abruzzo in Holzf\u00e4ssern gelagert - Torri Cantine Store COM<\/title>\n<meta name=\"robots\" content=\"index, follow, max-snippet:-1, max-image-preview:large, max-video-preview:-1\" \/>\n<link rel=\"canonical\" href=\"https:\/\/shop.torricantine.com\/de\/produkt\/tube-de-3l-montepulciano-dabruzzo\/\" \/>\n<meta property=\"og:locale\" content=\"de_DE\" \/>\n<meta property=\"og:type\" content=\"article\" \/>\n<meta property=\"og:title\" content=\"3L Bag in Tube Montepulciano d\u2019Abruzzo in Holzf\u00e4ssern gelagert - Torri Cantine Store COM\" \/>\n<meta property=\"og:description\" content=\"3L Bag in Tube Montepulciano d\u2019Abruzzo in Holzf\u00e4ssern gelagert Farbe: Ein Rubinrot, fast undurchdringlich, mit interessanten, purpurroten Reflexen der Jugend. Geruch: : Der Nase offenbart er elegante und intensive blumige und fruchtige Noten mit den charakteristischen Duft von Rosenbl\u00e4ttern, Veilchen, Brombeeren und Pflaumen freigesetzt. Gaumen: Der Gaumen stimmt \u00fcberein mit dem Geruchssinn, mit Hinweisen auf [...]\" \/>\n<meta property=\"og:url\" content=\"https:\/\/shop.torricantine.com\/de\/produkt\/tube-de-3l-montepulciano-dabruzzo\/\" \/>\n<meta property=\"og:site_name\" content=\"Torri Cantine Store COM\" \/>\n<meta property=\"article:modified_time\" content=\"2026-02-05T12:51:39+00:00\" \/>\n<meta property=\"og:image\" content=\"https:\/\/shop.torricantine.com\/wp-content\/uploads\/2020\/12\/BIT-mda-1.png\" \/>\n\t<meta property=\"og:image:width\" content=\"419\" \/>\n\t<meta property=\"og:image:height\" content=\"800\" \/>\n\t<meta property=\"og:image:type\" content=\"image\/png\" \/>\n<meta name=\"twitter:card\" content=\"summary_large_image\" \/>\n<meta name=\"twitter:label1\" content=\"Gesch\u00e4tzte Lesezeit\" \/>\n\t<meta name=\"twitter:data1\" content=\"2\u00a0Minuten\" \/>\n<script type=\"application\/ld+json\" class=\"yoast-schema-graph\">{\"@context\":\"https:\\\/\\\/schema.org\",\"@graph\":[{\"@type\":\"WebPage\",\"@id\":\"https:\\\/\\\/shop.torricantine.com\\\/de\\\/produkt\\\/tube-de-3l-montepulciano-dabruzzo\\\/\",\"url\":\"https:\\\/\\\/shop.torricantine.com\\\/de\\\/produkt\\\/tube-de-3l-montepulciano-dabruzzo\\\/\",\"name\":\"3L Bag in Tube Montepulciano d\u2019Abruzzo in Holzf\u00e4ssern gelagert - Torri Cantine Store COM\",\"isPartOf\":{\"@id\":\"https:\\\/\\\/shop.torricantine.com\\\/de\\\/#website\"},\"primaryImageOfPage\":{\"@id\":\"https:\\\/\\\/shop.torricantine.com\\\/de\\\/produkt\\\/tube-de-3l-montepulciano-dabruzzo\\\/#primaryimage\"},\"image\":{\"@id\":\"https:\\\/\\\/shop.torricantine.com\\\/de\\\/produkt\\\/tube-de-3l-montepulciano-dabruzzo\\\/#primaryimage\"},\"thumbnailUrl\":\"https:\\\/\\\/shop.torricantine.com\\\/wp-content\\\/uploads\\\/2020\\\/12\\\/BIT-mda-1.png\",\"datePublished\":\"2020-12-21T15:27:04+00:00\",\"dateModified\":\"2026-02-05T12:51:39+00:00\",\"breadcrumb\":{\"@id\":\"https:\\\/\\\/shop.torricantine.com\\\/de\\\/produkt\\\/tube-de-3l-montepulciano-dabruzzo\\\/#breadcrumb\"},\"inLanguage\":\"de\",\"potentialAction\":[{\"@type\":\"ReadAction\",\"target\":[\"https:\\\/\\\/shop.torricantine.com\\\/de\\\/produkt\\\/tube-de-3l-montepulciano-dabruzzo\\\/\"]}]},{\"@type\":\"ImageObject\",\"inLanguage\":\"de\",\"@id\":\"https:\\\/\\\/shop.torricantine.com\\\/de\\\/produkt\\\/tube-de-3l-montepulciano-dabruzzo\\\/#primaryimage\",\"url\":\"https:\\\/\\\/shop.torricantine.com\\\/wp-content\\\/uploads\\\/2020\\\/12\\\/BIT-mda-1.png\",\"contentUrl\":\"https:\\\/\\\/shop.torricantine.com\\\/wp-content\\\/uploads\\\/2020\\\/12\\\/BIT-mda-1.png\",\"width\":419,\"height\":800},{\"@type\":\"BreadcrumbList\",\"@id\":\"https:\\\/\\\/shop.torricantine.com\\\/de\\\/produkt\\\/tube-de-3l-montepulciano-dabruzzo\\\/#breadcrumb\",\"itemListElement\":[{\"@type\":\"ListItem\",\"position\":1,\"name\":\"Home\",\"item\":\"https:\\\/\\\/shop.torricantine.com\\\/de\\\/\"},{\"@type\":\"ListItem\",\"position\":2,\"name\":\"Shop\",\"item\":\"https:\\\/\\\/shop.torricantine.com\\\/de\\\/shop\\\/\"},{\"@type\":\"ListItem\",\"position\":3,\"name\":\"3L Bag in Tube Montepulciano d\u2019Abruzzo in Holzf\u00e4ssern gelagert\"}]},{\"@type\":\"WebSite\",\"@id\":\"https:\\\/\\\/shop.torricantine.com\\\/de\\\/#website\",\"url\":\"https:\\\/\\\/shop.torricantine.com\\\/de\\\/\",\"name\":\"Torri Cantine Store COM\",\"description\":\"Online store of our winery in Italy\",\"publisher\":{\"@id\":\"https:\\\/\\\/shop.torricantine.com\\\/de\\\/#organization\"},\"potentialAction\":[{\"@type\":\"SearchAction\",\"target\":{\"@type\":\"EntryPoint\",\"urlTemplate\":\"https:\\\/\\\/shop.torricantine.com\\\/de\\\/?s={search_term_string}\"},\"query-input\":{\"@type\":\"PropertyValueSpecification\",\"valueRequired\":true,\"valueName\":\"search_term_string\"}}],\"inLanguage\":\"de\"},{\"@type\":\"Organization\",\"@id\":\"https:\\\/\\\/shop.torricantine.com\\\/de\\\/#organization\",\"name\":\"Torri Cantine\",\"url\":\"https:\\\/\\\/shop.torricantine.com\\\/de\\\/\",\"logo\":{\"@type\":\"ImageObject\",\"inLanguage\":\"de\",\"@id\":\"https:\\\/\\\/shop.torricantine.com\\\/de\\\/#\\\/schema\\\/logo\\\/image\\\/\",\"url\":\"https:\\\/\\\/shop.torricantine.com\\\/wp-content\\\/uploads\\\/2020\\\/04\\\/torri-store-logo_text.png\",\"contentUrl\":\"https:\\\/\\\/shop.torricantine.com\\\/wp-content\\\/uploads\\\/2020\\\/04\\\/torri-store-logo_text.png\",\"width\":289,\"height\":361,\"caption\":\"Torri Cantine\"},\"image\":{\"@id\":\"https:\\\/\\\/shop.torricantine.com\\\/de\\\/#\\\/schema\\\/logo\\\/image\\\/\"}}]}<\/script>\n<!-- \/ Yoast SEO plugin. -->","yoast_head_json":{"title":"3L Bag in Tube Montepulciano d\u2019Abruzzo in Holzf\u00e4ssern gelagert - Torri Cantine Store COM","robots":{"index":"index","follow":"follow","max-snippet":"max-snippet:-1","max-image-preview":"max-image-preview:large","max-video-preview":"max-video-preview:-1"},"canonical":"https:\/\/shop.torricantine.com\/de\/produkt\/tube-de-3l-montepulciano-dabruzzo\/","og_locale":"de_DE","og_type":"article","og_title":"3L Bag in Tube Montepulciano d\u2019Abruzzo in Holzf\u00e4ssern gelagert - Torri Cantine Store COM","og_description":"3L Bag in Tube Montepulciano d\u2019Abruzzo in Holzf\u00e4ssern gelagert Farbe: Ein Rubinrot, fast undurchdringlich, mit interessanten, purpurroten Reflexen der Jugend. Geruch: : Der Nase offenbart er elegante und intensive blumige und fruchtige Noten mit den charakteristischen Duft von Rosenbl\u00e4ttern, Veilchen, Brombeeren und Pflaumen freigesetzt. Gaumen: Der Gaumen stimmt \u00fcberein mit dem Geruchssinn, mit Hinweisen auf [...]","og_url":"https:\/\/shop.torricantine.com\/de\/produkt\/tube-de-3l-montepulciano-dabruzzo\/","og_site_name":"Torri Cantine Store COM","article_modified_time":"2026-02-05T12:51:39+00:00","og_image":[{"width":419,"height":800,"url":"https:\/\/shop.torricantine.com\/wp-content\/uploads\/2020\/12\/BIT-mda-1.png","type":"image\/png"}],"twitter_card":"summary_large_image","twitter_misc":{"Gesch\u00e4tzte Lesezeit":"2\u00a0Minuten"},"schema":{"@context":"https:\/\/schema.org","@graph":[{"@type":"WebPage","@id":"https:\/\/shop.torricantine.com\/de\/produkt\/tube-de-3l-montepulciano-dabruzzo\/","url":"https:\/\/shop.torricantine.com\/de\/produkt\/tube-de-3l-montepulciano-dabruzzo\/","name":"3L Bag in Tube Montepulciano d\u2019Abruzzo in Holzf\u00e4ssern gelagert - Torri Cantine Store COM","isPartOf":{"@id":"https:\/\/shop.torricantine.com\/de\/#website"},"primaryImageOfPage":{"@id":"https:\/\/shop.torricantine.com\/de\/produkt\/tube-de-3l-montepulciano-dabruzzo\/#primaryimage"},"image":{"@id":"https:\/\/shop.torricantine.com\/de\/produkt\/tube-de-3l-montepulciano-dabruzzo\/#primaryimage"},"thumbnailUrl":"https:\/\/shop.torricantine.com\/wp-content\/uploads\/2020\/12\/BIT-mda-1.png","datePublished":"2020-12-21T15:27:04+00:00","dateModified":"2026-02-05T12:51:39+00:00","breadcrumb":{"@id":"https:\/\/shop.torricantine.com\/de\/produkt\/tube-de-3l-montepulciano-dabruzzo\/#breadcrumb"},"inLanguage":"de","potentialAction":[{"@type":"ReadAction","target":["https:\/\/shop.torricantine.com\/de\/produkt\/tube-de-3l-montepulciano-dabruzzo\/"]}]},{"@type":"ImageObject","inLanguage":"de","@id":"https:\/\/shop.torricantine.com\/de\/produkt\/tube-de-3l-montepulciano-dabruzzo\/#primaryimage","url":"https:\/\/shop.torricantine.com\/wp-content\/uploads\/2020\/12\/BIT-mda-1.png","contentUrl":"https:\/\/shop.torricantine.com\/wp-content\/uploads\/2020\/12\/BIT-mda-1.png","width":419,"height":800},{"@type":"BreadcrumbList","@id":"https:\/\/shop.torricantine.com\/de\/produkt\/tube-de-3l-montepulciano-dabruzzo\/#breadcrumb","itemListElement":[{"@type":"ListItem","position":1,"name":"Home","item":"https:\/\/shop.torricantine.com\/de\/"},{"@type":"ListItem","position":2,"name":"Shop","item":"https:\/\/shop.torricantine.com\/de\/shop\/"},{"@type":"ListItem","position":3,"name":"3L Bag in Tube Montepulciano d\u2019Abruzzo in Holzf\u00e4ssern gelagert"}]},{"@type":"WebSite","@id":"https:\/\/shop.torricantine.com\/de\/#website","url":"https:\/\/shop.torricantine.com\/de\/","name":"Torri Cantine Store COM","description":"Online store of our winery in Italy","publisher":{"@id":"https:\/\/shop.torricantine.com\/de\/#organization"},"potentialAction":[{"@type":"SearchAction","target":{"@type":"EntryPoint","urlTemplate":"https:\/\/shop.torricantine.com\/de\/?s={search_term_string}"},"query-input":{"@type":"PropertyValueSpecification","valueRequired":true,"valueName":"search_term_string"}}],"inLanguage":"de"},{"@type":"Organization","@id":"https:\/\/shop.torricantine.com\/de\/#organization","name":"Torri Cantine","url":"https:\/\/shop.torricantine.com\/de\/","logo":{"@type":"ImageObject","inLanguage":"de","@id":"https:\/\/shop.torricantine.com\/de\/#\/schema\/logo\/image\/","url":"https:\/\/shop.torricantine.com\/wp-content\/uploads\/2020\/04\/torri-store-logo_text.png","contentUrl":"https:\/\/shop.torricantine.com\/wp-content\/uploads\/2020\/04\/torri-store-logo_text.png","width":289,"height":361,"caption":"Torri Cantine"},"image":{"@id":"https:\/\/shop.torricantine.com\/de\/#\/schema\/logo\/image\/"}}]}},"_links":{"self":[{"href":"https:\/\/shop.torricantine.com\/de\/wp-json\/wp\/v2\/product\/26072","targetHints":{"allow":["GET"]}}],"collection":[{"href":"https:\/\/shop.torricantine.com\/de\/wp-json\/wp\/v2\/product"}],"about":[{"href":"https:\/\/shop.torricantine.com\/de\/wp-json\/wp\/v2\/types\/product"}],"replies":[{"embeddable":true,"href":"https:\/\/shop.torricantine.com\/de\/wp-json\/wp\/v2\/comments?post=26072"}],"wp:featuredmedia":[{"embeddable":true,"href":"https:\/\/shop.torricantine.com\/de\/wp-json\/wp\/v2\/media\/56771"}],"wp:attachment":[{"href":"https:\/\/shop.torricantine.com\/de\/wp-json\/wp\/v2\/media?parent=26072"}],"wp:term":[{"taxonomy":"product_brand","embeddable":true,"href":"https:\/\/shop.torricantine.com\/de\/wp-json\/wp\/v2\/product_brand?post=26072"},{"taxonomy":"product_cat","embeddable":true,"href":"https:\/\/shop.torricantine.com\/de\/wp-json\/wp\/v2\/product_cat?post=26072"},{"taxonomy":"product_tag","embeddable":true,"href":"https:\/\/shop.torricantine.com\/de\/wp-json\/wp\/v2\/product_tag?post=26072"}],"curies":[{"name":"wp","href":"https:\/\/api.w.org\/{rel}","templated":true}]}}