{"id":26054,"date":"2020-10-30T09:43:10","date_gmt":"2020-10-30T07:43:10","guid":{"rendered":"https:\/\/shop.torricantine.com\/product\/3l-chardonnay-bag-in-box-weiswein\/"},"modified":"2025-11-06T16:46:05","modified_gmt":"2025-11-06T14:46:05","slug":"3l-chardonnay-bag-in-box-weiswein","status":"publish","type":"product","link":"https:\/\/shop.torricantine.com\/de\/produkt\/3l-chardonnay-bag-in-box-weiswein\/","title":{"rendered":"3L Chardonnay Bag in Box Wei\u00dfwein"},"content":{"rendered":"<h2>Chardonnay in Bag in box \u2013 12,5%<\/h2>\n<p><strong>Farbe<\/strong>: Ein zartes blasses Strohgelb, das sich durch eine besondere Helligkeit und eine entsprechende Konsistenz auszeichnet.<br \/>\n<strong>Nase<\/strong>: intensiv und duftend, mit gelben blumigen Noten wie Ginster und Akazie und fruchtigen Noten von Pfirsich, Apfel, Zitrusfr\u00fcchten und tropischen Fr\u00fcchten.<br \/>\n<strong>Gaumen<\/strong>: Bei dem Schluck zeichnen sich Frische und Geschmack durch eine leichte ausgleglichene Erholung aus, die durch die Hitze und eine umh\u00fcllende Weichheit gegeben ist. Ein anhaltender Wein mit einem guten mineralischen Abgang.<\/p>\n<p><strong>Weinernte<\/strong><br \/>\n<strong>\u00a0<\/strong>Es ist eine der am weitesten verbreiteten internationalen Rebsorten der Welt, die sich seit jeher durch ihre prestigetr\u00e4chtige Raffinesse auszeichnet. Eine au\u00dfergew\u00f6hnliche Traube bei der Herstellung von Champagner, die sich jedoch auch bei der Herstellung von stillen Weinen mit gro\u00dfem Erfolg herauskristallisiert hat.<\/p>\n<p>Ein Chardonnay, der aus einer streng manuellen Ernte der letzten Tage des Augusts, aus einem zertifizierten \u00f6kologischen Landbau gewonnen wurde und mit den gr\u00f6\u00dftm\u00f6glichen Respekt f\u00fcr die Umwelt.<\/p>\n<p><strong>Weinzubereitung<\/strong><br \/>\nEine Weinbereitung in konditionierten Betontanks, gefolgt von einer 3-monatigen G\u00e4rung, erneut in den Zementtanks, und dann unter Sauerstoffauschlusses in den Bag gef\u00fcllt.<\/p>\n<p><strong>So kombinieren Sie Ihn\u00a0<\/strong><br \/>\nEin Wein, der bei 8-10 Grad ziemlich kalt serviert wird, mit Aperitifs, Vorspeisen, Meeresfr\u00fcchten, vegetarischen Gerichten, wei\u00dfem Fleisch und frischem oder mittelgereiften K\u00e4se.<\/p>\n<p><strong>INTERNATIONALE AUSZEICHNUNGEN<\/strong><\/p>\n<div id=\"fluid\">\n<table class=\"table\" border=\"0\" width=\"100%\" cellspacing=\"0\" cellpadding=\"0\">\n<tbody>\n<tr>\n<td><img loading=\"lazy\" decoding=\"async\" src=\"https:\/\/shop.torricantine.com\/wp-content\/uploads\/2022\/01\/gilbert-gaillard-gold.png\" width=\"115\" height=\"86\" \/><\/td>\n<td><img loading=\"lazy\" decoding=\"async\" src=\"https:\/\/shop.torricantine.com\/wp-content\/uploads\/2021\/09\/gilbert.png\" width=\"115\" height=\"86\" \/><\/td>\n<\/tr>\n<\/tbody>\n<\/table>\n<\/div>\n","protected":false},"excerpt":{"rendered":"<p>Chardonnay in Bag in box \u2013 12,5% Farbe: Ein zartes blasses Strohgelb, das sich durch eine besondere Helligkeit und eine entsprechende Konsistenz auszeichnet. Nase: intensiv und duftend, mit gelben blumigen Noten wie Ginster und Akazie und fruchtigen Noten von Pfirsich, Apfel, Zitrusfr\u00fcchten und tropischen Fr\u00fcchten. Gaumen: Bei dem Schluck zeichnen sich Frische und Geschmack durch [&#8230;]\n","protected":false},"featured_media":56849,"comment_status":"open","ping_status":"closed","template":"","meta":[],"product_brand":[],"product_cat":[174,178,173,175,179],"product_tag":[413,180,182,181],"class_list":{"0":"post-26054","1":"product","2":"type-product","3":"status-publish","4":"has-post-thumbnail","6":"product_cat-angebote","7":"product_cat-bag-in-box-weine","8":"product_cat-biologische","9":"product_cat-torri-cantine-de","10":"product_cat-weissweine","11":"product_tag-bag-in-box-3l-de","12":"product_tag-boxed-wine-de","13":"product_tag-chardonnay-de","14":"product_tag-organic-de","15":"product_shipping_class-bib-3","17":"first","18":"instock","19":"sale","20":"taxable","21":"shipping-taxable","22":"purchasable","23":"product-type-simple"},"bundled_by":["25939","35975","45639","57251","79427"],"bundle_stock_status":"instock","bundle_stock_quantity":null,"bundle_virtual":false,"bundle_layout":"","bundle_add_to_cart_form_location":"","bundle_editable_in_cart":false,"bundle_sold_individually_context":"","bundle_item_grouping":"","bundle_min_size":"","bundle_max_size":"","bundle_price":[],"bundled_items":[],"bundle_sell_ids":[],"yoast_head":"<!-- This site is optimized with the Yoast SEO plugin v27.4 - https:\/\/yoast.com\/product\/yoast-seo-wordpress\/ -->\n<title>3L Chardonnay Bag in Box Wei\u00dfwein - Torri Cantine Store COM<\/title>\n<meta name=\"robots\" content=\"index, follow, max-snippet:-1, max-image-preview:large, max-video-preview:-1\" \/>\n<link rel=\"canonical\" href=\"https:\/\/shop.torricantine.com\/de\/produkt\/3l-chardonnay-bag-in-box-weiswein\/\" \/>\n<meta property=\"og:locale\" content=\"de_DE\" \/>\n<meta property=\"og:type\" content=\"article\" \/>\n<meta property=\"og:title\" content=\"3L Chardonnay Bag in Box Wei\u00dfwein - Torri Cantine Store COM\" \/>\n<meta property=\"og:description\" content=\"Chardonnay in Bag in box \u2013 12,5% Farbe: Ein zartes blasses Strohgelb, das sich durch eine besondere Helligkeit und eine entsprechende Konsistenz auszeichnet. Nase: intensiv und duftend, mit gelben blumigen Noten wie Ginster und Akazie und fruchtigen Noten von Pfirsich, Apfel, Zitrusfr\u00fcchten und tropischen Fr\u00fcchten. Gaumen: Bei dem Schluck zeichnen sich Frische und Geschmack durch [...]\" \/>\n<meta property=\"og:url\" content=\"https:\/\/shop.torricantine.com\/de\/produkt\/3l-chardonnay-bag-in-box-weiswein\/\" \/>\n<meta property=\"og:site_name\" content=\"Torri Cantine Store COM\" \/>\n<meta property=\"article:modified_time\" content=\"2025-11-06T14:46:05+00:00\" \/>\n<meta property=\"og:image\" content=\"https:\/\/shop.torricantine.com\/wp-content\/uploads\/2020\/10\/BIB3L_chardonnay-1.png\" \/>\n\t<meta property=\"og:image:width\" content=\"555\" \/>\n\t<meta property=\"og:image:height\" content=\"800\" \/>\n\t<meta property=\"og:image:type\" content=\"image\/png\" \/>\n<meta name=\"twitter:card\" content=\"summary_large_image\" \/>\n<meta name=\"twitter:label1\" content=\"Gesch\u00e4tzte Lesezeit\" \/>\n\t<meta name=\"twitter:data1\" content=\"2\u00a0Minuten\" \/>\n<script type=\"application\/ld+json\" class=\"yoast-schema-graph\">{\"@context\":\"https:\\\/\\\/schema.org\",\"@graph\":[{\"@type\":\"WebPage\",\"@id\":\"https:\\\/\\\/shop.torricantine.com\\\/de\\\/produkt\\\/3l-chardonnay-bag-in-box-weiswein\\\/\",\"url\":\"https:\\\/\\\/shop.torricantine.com\\\/de\\\/produkt\\\/3l-chardonnay-bag-in-box-weiswein\\\/\",\"name\":\"3L Chardonnay Bag in Box Wei\u00dfwein - Torri Cantine Store COM\",\"isPartOf\":{\"@id\":\"https:\\\/\\\/shop.torricantine.com\\\/de\\\/#website\"},\"primaryImageOfPage\":{\"@id\":\"https:\\\/\\\/shop.torricantine.com\\\/de\\\/produkt\\\/3l-chardonnay-bag-in-box-weiswein\\\/#primaryimage\"},\"image\":{\"@id\":\"https:\\\/\\\/shop.torricantine.com\\\/de\\\/produkt\\\/3l-chardonnay-bag-in-box-weiswein\\\/#primaryimage\"},\"thumbnailUrl\":\"https:\\\/\\\/shop.torricantine.com\\\/wp-content\\\/uploads\\\/2020\\\/10\\\/BIB3L_chardonnay-1.png\",\"datePublished\":\"2020-10-30T07:43:10+00:00\",\"dateModified\":\"2025-11-06T14:46:05+00:00\",\"breadcrumb\":{\"@id\":\"https:\\\/\\\/shop.torricantine.com\\\/de\\\/produkt\\\/3l-chardonnay-bag-in-box-weiswein\\\/#breadcrumb\"},\"inLanguage\":\"de\",\"potentialAction\":[{\"@type\":\"ReadAction\",\"target\":[\"https:\\\/\\\/shop.torricantine.com\\\/de\\\/produkt\\\/3l-chardonnay-bag-in-box-weiswein\\\/\"]}]},{\"@type\":\"ImageObject\",\"inLanguage\":\"de\",\"@id\":\"https:\\\/\\\/shop.torricantine.com\\\/de\\\/produkt\\\/3l-chardonnay-bag-in-box-weiswein\\\/#primaryimage\",\"url\":\"https:\\\/\\\/shop.torricantine.com\\\/wp-content\\\/uploads\\\/2020\\\/10\\\/BIB3L_chardonnay-1.png\",\"contentUrl\":\"https:\\\/\\\/shop.torricantine.com\\\/wp-content\\\/uploads\\\/2020\\\/10\\\/BIB3L_chardonnay-1.png\",\"width\":555,\"height\":800},{\"@type\":\"BreadcrumbList\",\"@id\":\"https:\\\/\\\/shop.torricantine.com\\\/de\\\/produkt\\\/3l-chardonnay-bag-in-box-weiswein\\\/#breadcrumb\",\"itemListElement\":[{\"@type\":\"ListItem\",\"position\":1,\"name\":\"Home\",\"item\":\"https:\\\/\\\/shop.torricantine.com\\\/de\\\/\"},{\"@type\":\"ListItem\",\"position\":2,\"name\":\"Shop\",\"item\":\"https:\\\/\\\/shop.torricantine.com\\\/de\\\/shop\\\/\"},{\"@type\":\"ListItem\",\"position\":3,\"name\":\"3L Chardonnay Bag in Box Wei\u00dfwein\"}]},{\"@type\":\"WebSite\",\"@id\":\"https:\\\/\\\/shop.torricantine.com\\\/de\\\/#website\",\"url\":\"https:\\\/\\\/shop.torricantine.com\\\/de\\\/\",\"name\":\"Torri Cantine Store COM\",\"description\":\"Online store of our winery in Italy\",\"publisher\":{\"@id\":\"https:\\\/\\\/shop.torricantine.com\\\/de\\\/#organization\"},\"potentialAction\":[{\"@type\":\"SearchAction\",\"target\":{\"@type\":\"EntryPoint\",\"urlTemplate\":\"https:\\\/\\\/shop.torricantine.com\\\/de\\\/?s={search_term_string}\"},\"query-input\":{\"@type\":\"PropertyValueSpecification\",\"valueRequired\":true,\"valueName\":\"search_term_string\"}}],\"inLanguage\":\"de\"},{\"@type\":\"Organization\",\"@id\":\"https:\\\/\\\/shop.torricantine.com\\\/de\\\/#organization\",\"name\":\"Torri Cantine\",\"url\":\"https:\\\/\\\/shop.torricantine.com\\\/de\\\/\",\"logo\":{\"@type\":\"ImageObject\",\"inLanguage\":\"de\",\"@id\":\"https:\\\/\\\/shop.torricantine.com\\\/de\\\/#\\\/schema\\\/logo\\\/image\\\/\",\"url\":\"https:\\\/\\\/shop.torricantine.com\\\/wp-content\\\/uploads\\\/2020\\\/04\\\/torri-store-logo_text.png\",\"contentUrl\":\"https:\\\/\\\/shop.torricantine.com\\\/wp-content\\\/uploads\\\/2020\\\/04\\\/torri-store-logo_text.png\",\"width\":289,\"height\":361,\"caption\":\"Torri Cantine\"},\"image\":{\"@id\":\"https:\\\/\\\/shop.torricantine.com\\\/de\\\/#\\\/schema\\\/logo\\\/image\\\/\"}}]}<\/script>\n<!-- \/ Yoast SEO plugin. -->","yoast_head_json":{"title":"3L Chardonnay Bag in Box Wei\u00dfwein - Torri Cantine Store COM","robots":{"index":"index","follow":"follow","max-snippet":"max-snippet:-1","max-image-preview":"max-image-preview:large","max-video-preview":"max-video-preview:-1"},"canonical":"https:\/\/shop.torricantine.com\/de\/produkt\/3l-chardonnay-bag-in-box-weiswein\/","og_locale":"de_DE","og_type":"article","og_title":"3L Chardonnay Bag in Box Wei\u00dfwein - Torri Cantine Store COM","og_description":"Chardonnay in Bag in box \u2013 12,5% Farbe: Ein zartes blasses Strohgelb, das sich durch eine besondere Helligkeit und eine entsprechende Konsistenz auszeichnet. Nase: intensiv und duftend, mit gelben blumigen Noten wie Ginster und Akazie und fruchtigen Noten von Pfirsich, Apfel, Zitrusfr\u00fcchten und tropischen Fr\u00fcchten. Gaumen: Bei dem Schluck zeichnen sich Frische und Geschmack durch [...]","og_url":"https:\/\/shop.torricantine.com\/de\/produkt\/3l-chardonnay-bag-in-box-weiswein\/","og_site_name":"Torri Cantine Store COM","article_modified_time":"2025-11-06T14:46:05+00:00","og_image":[{"width":555,"height":800,"url":"https:\/\/shop.torricantine.com\/wp-content\/uploads\/2020\/10\/BIB3L_chardonnay-1.png","type":"image\/png"}],"twitter_card":"summary_large_image","twitter_misc":{"Gesch\u00e4tzte Lesezeit":"2\u00a0Minuten"},"schema":{"@context":"https:\/\/schema.org","@graph":[{"@type":"WebPage","@id":"https:\/\/shop.torricantine.com\/de\/produkt\/3l-chardonnay-bag-in-box-weiswein\/","url":"https:\/\/shop.torricantine.com\/de\/produkt\/3l-chardonnay-bag-in-box-weiswein\/","name":"3L Chardonnay Bag in Box Wei\u00dfwein - Torri Cantine Store COM","isPartOf":{"@id":"https:\/\/shop.torricantine.com\/de\/#website"},"primaryImageOfPage":{"@id":"https:\/\/shop.torricantine.com\/de\/produkt\/3l-chardonnay-bag-in-box-weiswein\/#primaryimage"},"image":{"@id":"https:\/\/shop.torricantine.com\/de\/produkt\/3l-chardonnay-bag-in-box-weiswein\/#primaryimage"},"thumbnailUrl":"https:\/\/shop.torricantine.com\/wp-content\/uploads\/2020\/10\/BIB3L_chardonnay-1.png","datePublished":"2020-10-30T07:43:10+00:00","dateModified":"2025-11-06T14:46:05+00:00","breadcrumb":{"@id":"https:\/\/shop.torricantine.com\/de\/produkt\/3l-chardonnay-bag-in-box-weiswein\/#breadcrumb"},"inLanguage":"de","potentialAction":[{"@type":"ReadAction","target":["https:\/\/shop.torricantine.com\/de\/produkt\/3l-chardonnay-bag-in-box-weiswein\/"]}]},{"@type":"ImageObject","inLanguage":"de","@id":"https:\/\/shop.torricantine.com\/de\/produkt\/3l-chardonnay-bag-in-box-weiswein\/#primaryimage","url":"https:\/\/shop.torricantine.com\/wp-content\/uploads\/2020\/10\/BIB3L_chardonnay-1.png","contentUrl":"https:\/\/shop.torricantine.com\/wp-content\/uploads\/2020\/10\/BIB3L_chardonnay-1.png","width":555,"height":800},{"@type":"BreadcrumbList","@id":"https:\/\/shop.torricantine.com\/de\/produkt\/3l-chardonnay-bag-in-box-weiswein\/#breadcrumb","itemListElement":[{"@type":"ListItem","position":1,"name":"Home","item":"https:\/\/shop.torricantine.com\/de\/"},{"@type":"ListItem","position":2,"name":"Shop","item":"https:\/\/shop.torricantine.com\/de\/shop\/"},{"@type":"ListItem","position":3,"name":"3L Chardonnay Bag in Box Wei\u00dfwein"}]},{"@type":"WebSite","@id":"https:\/\/shop.torricantine.com\/de\/#website","url":"https:\/\/shop.torricantine.com\/de\/","name":"Torri Cantine Store COM","description":"Online store of our winery in Italy","publisher":{"@id":"https:\/\/shop.torricantine.com\/de\/#organization"},"potentialAction":[{"@type":"SearchAction","target":{"@type":"EntryPoint","urlTemplate":"https:\/\/shop.torricantine.com\/de\/?s={search_term_string}"},"query-input":{"@type":"PropertyValueSpecification","valueRequired":true,"valueName":"search_term_string"}}],"inLanguage":"de"},{"@type":"Organization","@id":"https:\/\/shop.torricantine.com\/de\/#organization","name":"Torri Cantine","url":"https:\/\/shop.torricantine.com\/de\/","logo":{"@type":"ImageObject","inLanguage":"de","@id":"https:\/\/shop.torricantine.com\/de\/#\/schema\/logo\/image\/","url":"https:\/\/shop.torricantine.com\/wp-content\/uploads\/2020\/04\/torri-store-logo_text.png","contentUrl":"https:\/\/shop.torricantine.com\/wp-content\/uploads\/2020\/04\/torri-store-logo_text.png","width":289,"height":361,"caption":"Torri Cantine"},"image":{"@id":"https:\/\/shop.torricantine.com\/de\/#\/schema\/logo\/image\/"}}]}},"_links":{"self":[{"href":"https:\/\/shop.torricantine.com\/de\/wp-json\/wp\/v2\/product\/26054","targetHints":{"allow":["GET"]}}],"collection":[{"href":"https:\/\/shop.torricantine.com\/de\/wp-json\/wp\/v2\/product"}],"about":[{"href":"https:\/\/shop.torricantine.com\/de\/wp-json\/wp\/v2\/types\/product"}],"replies":[{"embeddable":true,"href":"https:\/\/shop.torricantine.com\/de\/wp-json\/wp\/v2\/comments?post=26054"}],"wp:featuredmedia":[{"embeddable":true,"href":"https:\/\/shop.torricantine.com\/de\/wp-json\/wp\/v2\/media\/56849"}],"wp:attachment":[{"href":"https:\/\/shop.torricantine.com\/de\/wp-json\/wp\/v2\/media?parent=26054"}],"wp:term":[{"taxonomy":"product_brand","embeddable":true,"href":"https:\/\/shop.torricantine.com\/de\/wp-json\/wp\/v2\/product_brand?post=26054"},{"taxonomy":"product_cat","embeddable":true,"href":"https:\/\/shop.torricantine.com\/de\/wp-json\/wp\/v2\/product_cat?post=26054"},{"taxonomy":"product_tag","embeddable":true,"href":"https:\/\/shop.torricantine.com\/de\/wp-json\/wp\/v2\/product_tag?post=26054"}],"curies":[{"name":"wp","href":"https:\/\/api.w.org\/{rel}","templated":true}]}}