{"id":26051,"date":"2020-10-30T09:43:10","date_gmt":"2020-10-30T07:43:10","guid":{"rendered":"https:\/\/shop.torricantine.com\/product\/5l-merlot-bag-in-box-rotwein\/"},"modified":"2025-11-06T16:49:40","modified_gmt":"2025-11-06T14:49:40","slug":"5l-merlot-bag-in-box-rotwein","status":"publish","type":"product","link":"https:\/\/shop.torricantine.com\/de\/produkt\/5l-merlot-bag-in-box-rotwein\/","title":{"rendered":"5L Merlot Bag in Box Rotwein"},"content":{"rendered":"<h2>Merlot IGT Terre di Chieti Torri Cantine 13%<\/h2>\n<p><strong><u>SINNESNOTEN<\/u><\/strong><\/p>\n<p><strong>Farbe<\/strong>: Kr\u00e4ftiges und undurchdringliches Rubinrot mit entsprechend Konsistenz.<br \/>\n<strong>Nase<\/strong>: Ein intensives Dufterlebnis von violetten Veilchen-Bl\u00fcten, ein fruchtiges Aroma von Pflaumen, Kirschen, Blaubeeren, eine interessante Sch\u00e4rfe und eine langanhaltende, erdige Kr\u00e4uter-Note.<br \/>\n<strong>Geschmack<\/strong>: Bei der Degustation sp\u00fcrt man eine wohlige W\u00e4rme, die von einer samtigen Weichheit unterst\u00fctzt wird. Das Ergebnis ist ein leckerer Rotwein, mit einem harmonischen Verh\u00e4ltnis zwischen S\u00e4ure und Tanninen.<\/p>\n<p><strong>Ernte<\/strong><br \/>\nUrspr\u00fcnglich aus Pomerol, im Gebiet des gro\u00dfen franz\u00f6sischen Bordeaux, stammend, ist es eine der bekanntesten und kultiviertesten internationalen Reben der Welt, dank seiner Anpassungsf\u00e4higkeit, passt er sich an jedes Gebiet und an. Dieser Rotwein unterscheidet sich immer durch Klasse und Eleganz.<\/p>\n<p>Ein Wein in Reinheit, aus 100% Merlot-Trauben, ist das Ergebnis einer handverlesenen Ernte Anfang September, aus zertifiziertem \u00f6kologischem Landbau, und garantiert den gr\u00f6\u00dftm\u00f6glichen Respekt f\u00fcr die Umwelt.<\/p>\n<p><strong>Weinherstellung<\/strong><br \/>\nDieser Rotwein wird in vollklimatisierten Edelstahlbeh\u00e4ltern vinifiziert, und sobald die malolaktische G\u00e4rung abgeschlossen ist, wird der Wein 3 Monate in Betontanks gereift. Danach wird er unter Ausschluss von Sauerstoff in den modernen BAG in BOX Beutel gef\u00fcllt.<\/p>\n<p><strong>So kombinieren Sie unseren Merlot-Wein<\/strong><br \/>\nEin Wein, den man bei einer Temperatur zwischen 14 und 16 Grad in einem sch\u00f6nen gro\u00dfen Wein-Kelch genie\u00dfen sollte.<\/p>\n<p>Perfekt passt er zu gut strukturierten und leckeren Gerichten, aber auch als Aperitif, zu raffinierten Vorspeisen, feinen vegetarischen Gerichten, gegrilltem Fleisch, sowie zu K\u00e4se mittleren und reifen Alters.<\/p>\n","protected":false},"excerpt":{"rendered":"<p>Merlot IGT Terre di Chieti Torri Cantine 13% SINNESNOTEN Farbe: Kr\u00e4ftiges und undurchdringliches Rubinrot mit entsprechend Konsistenz. Nase: Ein intensives Dufterlebnis von violetten Veilchen-Bl\u00fcten, ein fruchtiges Aroma von Pflaumen, Kirschen, Blaubeeren, eine interessante Sch\u00e4rfe und eine langanhaltende, erdige Kr\u00e4uter-Note. Geschmack: Bei der Degustation sp\u00fcrt man eine wohlige W\u00e4rme, die von einer samtigen Weichheit unterst\u00fctzt wird. [&#8230;]\n","protected":false},"featured_media":77877,"comment_status":"open","ping_status":"closed","template":"","meta":[],"product_brand":[],"product_cat":[174,178,173,177,175],"product_tag":[388,180,191,181,462,189],"class_list":{"0":"post-26051","1":"product","2":"type-product","3":"status-publish","4":"has-post-thumbnail","6":"product_cat-angebote","7":"product_cat-bag-in-box-weine","8":"product_cat-biologische","9":"product_cat-rotweine","10":"product_cat-torri-cantine-de","11":"product_tag-bib5l-de","12":"product_tag-boxed-wine-de","13":"product_tag-merlot-de","14":"product_tag-organic-de","15":"product_tag-redbib-de","16":"product_tag-rotwein","17":"product_shipping_class-bib-5","19":"first","20":"instock","21":"sale","22":"taxable","23":"shipping-taxable","24":"purchasable","25":"product-type-simple"},"bundled_by":["26246","29494","67902"],"bundle_stock_status":"instock","bundle_stock_quantity":null,"bundle_virtual":false,"bundle_layout":"","bundle_add_to_cart_form_location":"","bundle_editable_in_cart":false,"bundle_sold_individually_context":"","bundle_item_grouping":"","bundle_min_size":"","bundle_max_size":"","bundle_price":[],"bundled_items":[],"bundle_sell_ids":[],"yoast_head":"<!-- This site is optimized with the Yoast SEO plugin v27.4 - https:\/\/yoast.com\/product\/yoast-seo-wordpress\/ -->\n<title>5L Merlot Bag in Box Rotwein - Torri Cantine Store COM<\/title>\n<meta name=\"robots\" content=\"index, follow, max-snippet:-1, max-image-preview:large, max-video-preview:-1\" \/>\n<link rel=\"canonical\" href=\"https:\/\/shop.torricantine.com\/de\/produkt\/5l-merlot-bag-in-box-rotwein\/\" \/>\n<meta property=\"og:locale\" content=\"de_DE\" \/>\n<meta property=\"og:type\" content=\"article\" \/>\n<meta property=\"og:title\" content=\"5L Merlot Bag in Box Rotwein - Torri Cantine Store COM\" \/>\n<meta property=\"og:description\" content=\"Merlot IGT Terre di Chieti Torri Cantine 13% SINNESNOTEN Farbe: Kr\u00e4ftiges und undurchdringliches Rubinrot mit entsprechend Konsistenz. Nase: Ein intensives Dufterlebnis von violetten Veilchen-Bl\u00fcten, ein fruchtiges Aroma von Pflaumen, Kirschen, Blaubeeren, eine interessante Sch\u00e4rfe und eine langanhaltende, erdige Kr\u00e4uter-Note. Geschmack: Bei der Degustation sp\u00fcrt man eine wohlige W\u00e4rme, die von einer samtigen Weichheit unterst\u00fctzt wird. [...]\" \/>\n<meta property=\"og:url\" content=\"https:\/\/shop.torricantine.com\/de\/produkt\/5l-merlot-bag-in-box-rotwein\/\" \/>\n<meta property=\"og:site_name\" content=\"Torri Cantine Store COM\" \/>\n<meta property=\"article:modified_time\" content=\"2025-11-06T14:49:40+00:00\" \/>\n<meta property=\"og:image\" content=\"https:\/\/shop.torricantine.com\/wp-content\/uploads\/2020\/10\/BIB5L_merlot-1.png\" \/>\n\t<meta property=\"og:image:width\" content=\"633\" \/>\n\t<meta property=\"og:image:height\" content=\"800\" \/>\n\t<meta property=\"og:image:type\" content=\"image\/png\" \/>\n<meta name=\"twitter:card\" content=\"summary_large_image\" \/>\n<meta name=\"twitter:label1\" content=\"Gesch\u00e4tzte Lesezeit\" \/>\n\t<meta name=\"twitter:data1\" content=\"2\u00a0Minuten\" \/>\n<script type=\"application\/ld+json\" class=\"yoast-schema-graph\">{\"@context\":\"https:\\\/\\\/schema.org\",\"@graph\":[{\"@type\":\"WebPage\",\"@id\":\"https:\\\/\\\/shop.torricantine.com\\\/de\\\/produkt\\\/5l-merlot-bag-in-box-rotwein\\\/\",\"url\":\"https:\\\/\\\/shop.torricantine.com\\\/de\\\/produkt\\\/5l-merlot-bag-in-box-rotwein\\\/\",\"name\":\"5L Merlot Bag in Box Rotwein - Torri Cantine Store COM\",\"isPartOf\":{\"@id\":\"https:\\\/\\\/shop.torricantine.com\\\/de\\\/#website\"},\"primaryImageOfPage\":{\"@id\":\"https:\\\/\\\/shop.torricantine.com\\\/de\\\/produkt\\\/5l-merlot-bag-in-box-rotwein\\\/#primaryimage\"},\"image\":{\"@id\":\"https:\\\/\\\/shop.torricantine.com\\\/de\\\/produkt\\\/5l-merlot-bag-in-box-rotwein\\\/#primaryimage\"},\"thumbnailUrl\":\"https:\\\/\\\/shop.torricantine.com\\\/wp-content\\\/uploads\\\/2025\\\/08\\\/BIB5L_Merlot-1.png\",\"datePublished\":\"2020-10-30T07:43:10+00:00\",\"dateModified\":\"2025-11-06T14:49:40+00:00\",\"breadcrumb\":{\"@id\":\"https:\\\/\\\/shop.torricantine.com\\\/de\\\/produkt\\\/5l-merlot-bag-in-box-rotwein\\\/#breadcrumb\"},\"inLanguage\":\"de\",\"potentialAction\":[{\"@type\":\"ReadAction\",\"target\":[\"https:\\\/\\\/shop.torricantine.com\\\/de\\\/produkt\\\/5l-merlot-bag-in-box-rotwein\\\/\"]}]},{\"@type\":\"ImageObject\",\"inLanguage\":\"de\",\"@id\":\"https:\\\/\\\/shop.torricantine.com\\\/de\\\/produkt\\\/5l-merlot-bag-in-box-rotwein\\\/#primaryimage\",\"url\":\"https:\\\/\\\/shop.torricantine.com\\\/wp-content\\\/uploads\\\/2025\\\/08\\\/BIB5L_Merlot-1.png\",\"contentUrl\":\"https:\\\/\\\/shop.torricantine.com\\\/wp-content\\\/uploads\\\/2025\\\/08\\\/BIB5L_Merlot-1.png\",\"width\":633,\"height\":800},{\"@type\":\"BreadcrumbList\",\"@id\":\"https:\\\/\\\/shop.torricantine.com\\\/de\\\/produkt\\\/5l-merlot-bag-in-box-rotwein\\\/#breadcrumb\",\"itemListElement\":[{\"@type\":\"ListItem\",\"position\":1,\"name\":\"Home\",\"item\":\"https:\\\/\\\/shop.torricantine.com\\\/de\\\/\"},{\"@type\":\"ListItem\",\"position\":2,\"name\":\"Shop\",\"item\":\"https:\\\/\\\/shop.torricantine.com\\\/de\\\/shop\\\/\"},{\"@type\":\"ListItem\",\"position\":3,\"name\":\"5L Merlot Bag in Box Rotwein\"}]},{\"@type\":\"WebSite\",\"@id\":\"https:\\\/\\\/shop.torricantine.com\\\/de\\\/#website\",\"url\":\"https:\\\/\\\/shop.torricantine.com\\\/de\\\/\",\"name\":\"Torri Cantine Store COM\",\"description\":\"Online store of our winery in Italy\",\"publisher\":{\"@id\":\"https:\\\/\\\/shop.torricantine.com\\\/de\\\/#organization\"},\"potentialAction\":[{\"@type\":\"SearchAction\",\"target\":{\"@type\":\"EntryPoint\",\"urlTemplate\":\"https:\\\/\\\/shop.torricantine.com\\\/de\\\/?s={search_term_string}\"},\"query-input\":{\"@type\":\"PropertyValueSpecification\",\"valueRequired\":true,\"valueName\":\"search_term_string\"}}],\"inLanguage\":\"de\"},{\"@type\":\"Organization\",\"@id\":\"https:\\\/\\\/shop.torricantine.com\\\/de\\\/#organization\",\"name\":\"Torri Cantine\",\"url\":\"https:\\\/\\\/shop.torricantine.com\\\/de\\\/\",\"logo\":{\"@type\":\"ImageObject\",\"inLanguage\":\"de\",\"@id\":\"https:\\\/\\\/shop.torricantine.com\\\/de\\\/#\\\/schema\\\/logo\\\/image\\\/\",\"url\":\"https:\\\/\\\/shop.torricantine.com\\\/wp-content\\\/uploads\\\/2020\\\/04\\\/torri-store-logo_text.png\",\"contentUrl\":\"https:\\\/\\\/shop.torricantine.com\\\/wp-content\\\/uploads\\\/2020\\\/04\\\/torri-store-logo_text.png\",\"width\":289,\"height\":361,\"caption\":\"Torri Cantine\"},\"image\":{\"@id\":\"https:\\\/\\\/shop.torricantine.com\\\/de\\\/#\\\/schema\\\/logo\\\/image\\\/\"}}]}<\/script>\n<!-- \/ Yoast SEO plugin. -->","yoast_head_json":{"title":"5L Merlot Bag in Box Rotwein - Torri Cantine Store COM","robots":{"index":"index","follow":"follow","max-snippet":"max-snippet:-1","max-image-preview":"max-image-preview:large","max-video-preview":"max-video-preview:-1"},"canonical":"https:\/\/shop.torricantine.com\/de\/produkt\/5l-merlot-bag-in-box-rotwein\/","og_locale":"de_DE","og_type":"article","og_title":"5L Merlot Bag in Box Rotwein - Torri Cantine Store COM","og_description":"Merlot IGT Terre di Chieti Torri Cantine 13% SINNESNOTEN Farbe: Kr\u00e4ftiges und undurchdringliches Rubinrot mit entsprechend Konsistenz. Nase: Ein intensives Dufterlebnis von violetten Veilchen-Bl\u00fcten, ein fruchtiges Aroma von Pflaumen, Kirschen, Blaubeeren, eine interessante Sch\u00e4rfe und eine langanhaltende, erdige Kr\u00e4uter-Note. Geschmack: Bei der Degustation sp\u00fcrt man eine wohlige W\u00e4rme, die von einer samtigen Weichheit unterst\u00fctzt wird. [...]","og_url":"https:\/\/shop.torricantine.com\/de\/produkt\/5l-merlot-bag-in-box-rotwein\/","og_site_name":"Torri Cantine Store COM","article_modified_time":"2025-11-06T14:49:40+00:00","og_image":[{"width":633,"height":800,"url":"https:\/\/shop.torricantine.com\/wp-content\/uploads\/2020\/10\/BIB5L_merlot-1.png","type":"image\/png"}],"twitter_card":"summary_large_image","twitter_misc":{"Gesch\u00e4tzte Lesezeit":"2\u00a0Minuten"},"schema":{"@context":"https:\/\/schema.org","@graph":[{"@type":"WebPage","@id":"https:\/\/shop.torricantine.com\/de\/produkt\/5l-merlot-bag-in-box-rotwein\/","url":"https:\/\/shop.torricantine.com\/de\/produkt\/5l-merlot-bag-in-box-rotwein\/","name":"5L Merlot Bag in Box Rotwein - Torri Cantine Store COM","isPartOf":{"@id":"https:\/\/shop.torricantine.com\/de\/#website"},"primaryImageOfPage":{"@id":"https:\/\/shop.torricantine.com\/de\/produkt\/5l-merlot-bag-in-box-rotwein\/#primaryimage"},"image":{"@id":"https:\/\/shop.torricantine.com\/de\/produkt\/5l-merlot-bag-in-box-rotwein\/#primaryimage"},"thumbnailUrl":"https:\/\/shop.torricantine.com\/wp-content\/uploads\/2025\/08\/BIB5L_Merlot-1.png","datePublished":"2020-10-30T07:43:10+00:00","dateModified":"2025-11-06T14:49:40+00:00","breadcrumb":{"@id":"https:\/\/shop.torricantine.com\/de\/produkt\/5l-merlot-bag-in-box-rotwein\/#breadcrumb"},"inLanguage":"de","potentialAction":[{"@type":"ReadAction","target":["https:\/\/shop.torricantine.com\/de\/produkt\/5l-merlot-bag-in-box-rotwein\/"]}]},{"@type":"ImageObject","inLanguage":"de","@id":"https:\/\/shop.torricantine.com\/de\/produkt\/5l-merlot-bag-in-box-rotwein\/#primaryimage","url":"https:\/\/shop.torricantine.com\/wp-content\/uploads\/2025\/08\/BIB5L_Merlot-1.png","contentUrl":"https:\/\/shop.torricantine.com\/wp-content\/uploads\/2025\/08\/BIB5L_Merlot-1.png","width":633,"height":800},{"@type":"BreadcrumbList","@id":"https:\/\/shop.torricantine.com\/de\/produkt\/5l-merlot-bag-in-box-rotwein\/#breadcrumb","itemListElement":[{"@type":"ListItem","position":1,"name":"Home","item":"https:\/\/shop.torricantine.com\/de\/"},{"@type":"ListItem","position":2,"name":"Shop","item":"https:\/\/shop.torricantine.com\/de\/shop\/"},{"@type":"ListItem","position":3,"name":"5L Merlot Bag in Box Rotwein"}]},{"@type":"WebSite","@id":"https:\/\/shop.torricantine.com\/de\/#website","url":"https:\/\/shop.torricantine.com\/de\/","name":"Torri Cantine Store COM","description":"Online store of our winery in Italy","publisher":{"@id":"https:\/\/shop.torricantine.com\/de\/#organization"},"potentialAction":[{"@type":"SearchAction","target":{"@type":"EntryPoint","urlTemplate":"https:\/\/shop.torricantine.com\/de\/?s={search_term_string}"},"query-input":{"@type":"PropertyValueSpecification","valueRequired":true,"valueName":"search_term_string"}}],"inLanguage":"de"},{"@type":"Organization","@id":"https:\/\/shop.torricantine.com\/de\/#organization","name":"Torri Cantine","url":"https:\/\/shop.torricantine.com\/de\/","logo":{"@type":"ImageObject","inLanguage":"de","@id":"https:\/\/shop.torricantine.com\/de\/#\/schema\/logo\/image\/","url":"https:\/\/shop.torricantine.com\/wp-content\/uploads\/2020\/04\/torri-store-logo_text.png","contentUrl":"https:\/\/shop.torricantine.com\/wp-content\/uploads\/2020\/04\/torri-store-logo_text.png","width":289,"height":361,"caption":"Torri Cantine"},"image":{"@id":"https:\/\/shop.torricantine.com\/de\/#\/schema\/logo\/image\/"}}]}},"_links":{"self":[{"href":"https:\/\/shop.torricantine.com\/de\/wp-json\/wp\/v2\/product\/26051","targetHints":{"allow":["GET"]}}],"collection":[{"href":"https:\/\/shop.torricantine.com\/de\/wp-json\/wp\/v2\/product"}],"about":[{"href":"https:\/\/shop.torricantine.com\/de\/wp-json\/wp\/v2\/types\/product"}],"replies":[{"embeddable":true,"href":"https:\/\/shop.torricantine.com\/de\/wp-json\/wp\/v2\/comments?post=26051"}],"wp:featuredmedia":[{"embeddable":true,"href":"https:\/\/shop.torricantine.com\/de\/wp-json\/wp\/v2\/media\/77877"}],"wp:attachment":[{"href":"https:\/\/shop.torricantine.com\/de\/wp-json\/wp\/v2\/media?parent=26051"}],"wp:term":[{"taxonomy":"product_brand","embeddable":true,"href":"https:\/\/shop.torricantine.com\/de\/wp-json\/wp\/v2\/product_brand?post=26051"},{"taxonomy":"product_cat","embeddable":true,"href":"https:\/\/shop.torricantine.com\/de\/wp-json\/wp\/v2\/product_cat?post=26051"},{"taxonomy":"product_tag","embeddable":true,"href":"https:\/\/shop.torricantine.com\/de\/wp-json\/wp\/v2\/product_tag?post=26051"}],"curies":[{"name":"wp","href":"https:\/\/api.w.org\/{rel}","templated":true}]}}