{"id":26050,"date":"2020-10-30T09:43:10","date_gmt":"2020-10-30T07:43:10","guid":{"rendered":"https:\/\/shop.torricantine.com\/product\/3l-primitivo-bag-in-box-rotwein-bio\/"},"modified":"2025-11-05T11:18:17","modified_gmt":"2025-11-05T09:18:17","slug":"3l-primitivo-bag-in-box-rotwein-bio","status":"publish","type":"product","link":"https:\/\/shop.torricantine.com\/de\/produkt\/3l-primitivo-bag-in-box-rotwein-bio\/","title":{"rendered":"3L Primitivo Bag-in-Box Rotwein BIO"},"content":{"rendered":"<h2>Primitivo IGT &#8211; 14%<\/h2>\n<p><strong><u>SINNESNOTEN<\/u><\/strong><\/p>\n<p><strong>Farbe<\/strong>: Intensives Rubinrot, fast undurchdringlich, mit leichten violetten Reflexen und einer beneidenswerten Textur.<br \/>\n<strong>Geruch<\/strong>: Intensiv, sehr strukturiert mit blumigen rotvioletten und fruchtigen D\u00fcften von Blaubeeren, Kirschen, Pflaumen und Beeren.<br \/>\n<strong>Geschmack<\/strong>: Auf der Zunge \u00fcberrascht er mit einer Explosion, eindrucksvoll und zugleich geschmeidig, ein Gleichgewicht zwischen zur\u00fcckhaltender Frische und lebendigen, jedoch nicht \u00fcberm\u00fctigen, Tanninen. Der Geschmack geht ein optimales B\u00fcndnis mit dem Geruchssinn ein, durch eine Weinsorte, die trotz des hohen Alkoholgehalts, eine leichte Trinkbarkeit mit langanhaltendem, mineralischem Abgang erm\u00f6glicht.<\/p>\n<p><strong>Ernte<\/strong><br \/>\nDer Ursprung der Primitivo-Weine reicht sehr weit zur\u00fcck und in ihnen sp\u00fcrt man die typischen Merkmale eines s\u00fcdlichen Produktes. Der Primitivo ist hier, im Stiefelabsatz von Apulien entstanden und ist heute in der ganzen Welt ein gesch\u00e4tzter Rotwein.<\/p>\n<p>Ein reiner Wein aus Primitivo-Trauben, das Ergebnis einer strikten manuellen Ernte in den ersten zehn Oktobertagen und eines zertifizierten Bio-Anbaus, der den gr\u00f6\u00dftm\u00f6glichen Respekt f\u00fcr die Umwelt garantiert.<\/p>\n<p><strong>Vinifikation<\/strong><br \/>\nDieser Wein wird in klimatisierten Stahlbottichen hergestellt, gefolgt von einer malolaktischen G\u00e4rung und einer 4-monatigen Reifung in Betonwannen. Schlie\u00dflich findet die Abf\u00fcllung unter Ausschluss von Sauerstoff statt<\/p>\n<p><strong>So servieren Sie unseren<\/strong> <strong>Primitivo-Rotwein I.G.T.<\/strong><br \/>\nMan kann ihn bei 14-16 Grad und in einem sch\u00f6nen gro\u00dfen Weinkelch genie\u00dfen.<\/p>\n<p>Die perfekte Begleitung zu gut strukturierten und leckeren Gerichten und duftenden K\u00e4sesorten, aber auch zu Aperitifs, Vorspeisen, vegetarischen Gerichten, gegrilltem oder im Ofen gegarten Fleisch, sowie zu mittel oder lang gereiften K\u00e4sesorten.<\/p>\n<p><strong>INTERNATIONALE AUSZEICHNUNGEN<\/strong><\/p>\n<div id=\"fluid\">\n<table class=\"table\" border=\"0\" width=\"100%\" cellspacing=\"0\" cellpadding=\"0\">\n<tbody>\n<tr>\n<td><img loading=\"lazy\" decoding=\"async\" src=\"https:\/\/shop.torricantine.com\/wp-content\/uploads\/2022\/01\/gilbert-gaillard-gold.png\" width=\"115\" height=\"86\" \/><\/td>\n<td><img loading=\"lazy\" decoding=\"async\" src=\"https:\/\/shop.torricantine.com\/wp-content\/uploads\/2021\/09\/gilbert.png\" width=\"115\" height=\"86\" \/><\/td>\n<\/tr>\n<\/tbody>\n<\/table>\n<\/div>\n","protected":false},"excerpt":{"rendered":"<p>Primitivo IGT &#8211; 14% SINNESNOTEN Farbe: Intensives Rubinrot, fast undurchdringlich, mit leichten violetten Reflexen und einer beneidenswerten Textur. Geruch: Intensiv, sehr strukturiert mit blumigen rotvioletten und fruchtigen D\u00fcften von Blaubeeren, Kirschen, Pflaumen und Beeren. Geschmack: Auf der Zunge \u00fcberrascht er mit einer Explosion, eindrucksvoll und zugleich geschmeidig, ein Gleichgewicht zwischen zur\u00fcckhaltender Frische und lebendigen, jedoch [&#8230;]\n","protected":false},"featured_media":56840,"comment_status":"open","ping_status":"closed","template":"","meta":[],"product_brand":[],"product_cat":[174,178,173,177,175],"product_tag":[413,180,181,190,189],"class_list":{"0":"post-26050","1":"product","2":"type-product","3":"status-publish","4":"has-post-thumbnail","6":"product_cat-angebote","7":"product_cat-bag-in-box-weine","8":"product_cat-biologische","9":"product_cat-rotweine","10":"product_cat-torri-cantine-de","11":"product_tag-bag-in-box-3l-de","12":"product_tag-boxed-wine-de","13":"product_tag-organic-de","14":"product_tag-primitivo-de","15":"product_tag-rotwein","16":"product_shipping_class-bib-3","18":"first","19":"instock","20":"sale","21":"taxable","22":"shipping-taxable","23":"purchasable","24":"product-type-simple"},"bundled_by":["25939","26574","35975","45639","57251","79427"],"bundle_stock_status":"instock","bundle_stock_quantity":null,"bundle_virtual":false,"bundle_layout":"","bundle_add_to_cart_form_location":"","bundle_editable_in_cart":false,"bundle_sold_individually_context":"","bundle_item_grouping":"","bundle_min_size":"","bundle_max_size":"","bundle_price":[],"bundled_items":[],"bundle_sell_ids":[],"yoast_head":"<!-- This site is optimized with the Yoast SEO plugin v27.3 - https:\/\/yoast.com\/product\/yoast-seo-wordpress\/ -->\n<title>3L Primitivo Bag-in-Box Rotwein BIO - Torri Cantine Store COM<\/title>\n<meta name=\"robots\" content=\"index, follow, max-snippet:-1, max-image-preview:large, max-video-preview:-1\" \/>\n<link rel=\"canonical\" href=\"https:\/\/shop.torricantine.com\/de\/produkt\/3l-primitivo-bag-in-box-rotwein-bio\/\" \/>\n<meta property=\"og:locale\" content=\"de_DE\" \/>\n<meta property=\"og:type\" content=\"article\" \/>\n<meta property=\"og:title\" content=\"3L Primitivo Bag-in-Box Rotwein BIO - Torri Cantine Store COM\" \/>\n<meta property=\"og:description\" content=\"Primitivo IGT &#8211; 14% SINNESNOTEN Farbe: Intensives Rubinrot, fast undurchdringlich, mit leichten violetten Reflexen und einer beneidenswerten Textur. Geruch: Intensiv, sehr strukturiert mit blumigen rotvioletten und fruchtigen D\u00fcften von Blaubeeren, Kirschen, Pflaumen und Beeren. Geschmack: Auf der Zunge \u00fcberrascht er mit einer Explosion, eindrucksvoll und zugleich geschmeidig, ein Gleichgewicht zwischen zur\u00fcckhaltender Frische und lebendigen, jedoch [...]\" \/>\n<meta property=\"og:url\" content=\"https:\/\/shop.torricantine.com\/de\/produkt\/3l-primitivo-bag-in-box-rotwein-bio\/\" \/>\n<meta property=\"og:site_name\" content=\"Torri Cantine Store COM\" \/>\n<meta property=\"article:modified_time\" content=\"2025-11-05T09:18:17+00:00\" \/>\n<meta property=\"og:image\" content=\"https:\/\/shop.torricantine.com\/wp-content\/uploads\/2020\/10\/BIB3L_primitivo-1.png\" \/>\n\t<meta property=\"og:image:width\" content=\"534\" \/>\n\t<meta property=\"og:image:height\" content=\"801\" \/>\n\t<meta property=\"og:image:type\" content=\"image\/png\" \/>\n<meta name=\"twitter:card\" content=\"summary_large_image\" \/>\n<meta name=\"twitter:label1\" content=\"Gesch\u00e4tzte Lesezeit\" \/>\n\t<meta name=\"twitter:data1\" content=\"2\u00a0Minuten\" \/>\n<script type=\"application\/ld+json\" class=\"yoast-schema-graph\">{\"@context\":\"https:\\\/\\\/schema.org\",\"@graph\":[{\"@type\":\"WebPage\",\"@id\":\"https:\\\/\\\/shop.torricantine.com\\\/de\\\/produkt\\\/3l-primitivo-bag-in-box-rotwein-bio\\\/\",\"url\":\"https:\\\/\\\/shop.torricantine.com\\\/de\\\/produkt\\\/3l-primitivo-bag-in-box-rotwein-bio\\\/\",\"name\":\"3L Primitivo Bag-in-Box Rotwein BIO - Torri Cantine Store COM\",\"isPartOf\":{\"@id\":\"https:\\\/\\\/shop.torricantine.com\\\/de\\\/#website\"},\"primaryImageOfPage\":{\"@id\":\"https:\\\/\\\/shop.torricantine.com\\\/de\\\/produkt\\\/3l-primitivo-bag-in-box-rotwein-bio\\\/#primaryimage\"},\"image\":{\"@id\":\"https:\\\/\\\/shop.torricantine.com\\\/de\\\/produkt\\\/3l-primitivo-bag-in-box-rotwein-bio\\\/#primaryimage\"},\"thumbnailUrl\":\"https:\\\/\\\/shop.torricantine.com\\\/wp-content\\\/uploads\\\/2020\\\/10\\\/BIB3L_primitivo-1.png\",\"datePublished\":\"2020-10-30T07:43:10+00:00\",\"dateModified\":\"2025-11-05T09:18:17+00:00\",\"breadcrumb\":{\"@id\":\"https:\\\/\\\/shop.torricantine.com\\\/de\\\/produkt\\\/3l-primitivo-bag-in-box-rotwein-bio\\\/#breadcrumb\"},\"inLanguage\":\"de\",\"potentialAction\":[{\"@type\":\"ReadAction\",\"target\":[\"https:\\\/\\\/shop.torricantine.com\\\/de\\\/produkt\\\/3l-primitivo-bag-in-box-rotwein-bio\\\/\"]}]},{\"@type\":\"ImageObject\",\"inLanguage\":\"de\",\"@id\":\"https:\\\/\\\/shop.torricantine.com\\\/de\\\/produkt\\\/3l-primitivo-bag-in-box-rotwein-bio\\\/#primaryimage\",\"url\":\"https:\\\/\\\/shop.torricantine.com\\\/wp-content\\\/uploads\\\/2020\\\/10\\\/BIB3L_primitivo-1.png\",\"contentUrl\":\"https:\\\/\\\/shop.torricantine.com\\\/wp-content\\\/uploads\\\/2020\\\/10\\\/BIB3L_primitivo-1.png\",\"width\":534,\"height\":801},{\"@type\":\"BreadcrumbList\",\"@id\":\"https:\\\/\\\/shop.torricantine.com\\\/de\\\/produkt\\\/3l-primitivo-bag-in-box-rotwein-bio\\\/#breadcrumb\",\"itemListElement\":[{\"@type\":\"ListItem\",\"position\":1,\"name\":\"Home\",\"item\":\"https:\\\/\\\/shop.torricantine.com\\\/de\\\/\"},{\"@type\":\"ListItem\",\"position\":2,\"name\":\"Shop\",\"item\":\"https:\\\/\\\/shop.torricantine.com\\\/de\\\/shop\\\/\"},{\"@type\":\"ListItem\",\"position\":3,\"name\":\"3L Primitivo Bag-in-Box Rotwein BIO\"}]},{\"@type\":\"WebSite\",\"@id\":\"https:\\\/\\\/shop.torricantine.com\\\/de\\\/#website\",\"url\":\"https:\\\/\\\/shop.torricantine.com\\\/de\\\/\",\"name\":\"Torri Cantine Store COM\",\"description\":\"Online store of our winery in Italy\",\"publisher\":{\"@id\":\"https:\\\/\\\/shop.torricantine.com\\\/de\\\/#organization\"},\"potentialAction\":[{\"@type\":\"SearchAction\",\"target\":{\"@type\":\"EntryPoint\",\"urlTemplate\":\"https:\\\/\\\/shop.torricantine.com\\\/de\\\/?s={search_term_string}\"},\"query-input\":{\"@type\":\"PropertyValueSpecification\",\"valueRequired\":true,\"valueName\":\"search_term_string\"}}],\"inLanguage\":\"de\"},{\"@type\":\"Organization\",\"@id\":\"https:\\\/\\\/shop.torricantine.com\\\/de\\\/#organization\",\"name\":\"Torri Cantine\",\"url\":\"https:\\\/\\\/shop.torricantine.com\\\/de\\\/\",\"logo\":{\"@type\":\"ImageObject\",\"inLanguage\":\"de\",\"@id\":\"https:\\\/\\\/shop.torricantine.com\\\/de\\\/#\\\/schema\\\/logo\\\/image\\\/\",\"url\":\"https:\\\/\\\/shop.torricantine.com\\\/wp-content\\\/uploads\\\/2020\\\/04\\\/torri-store-logo_text.png\",\"contentUrl\":\"https:\\\/\\\/shop.torricantine.com\\\/wp-content\\\/uploads\\\/2020\\\/04\\\/torri-store-logo_text.png\",\"width\":289,\"height\":361,\"caption\":\"Torri Cantine\"},\"image\":{\"@id\":\"https:\\\/\\\/shop.torricantine.com\\\/de\\\/#\\\/schema\\\/logo\\\/image\\\/\"}}]}<\/script>\n<!-- \/ Yoast SEO plugin. -->","yoast_head_json":{"title":"3L Primitivo Bag-in-Box Rotwein BIO - Torri Cantine Store COM","robots":{"index":"index","follow":"follow","max-snippet":"max-snippet:-1","max-image-preview":"max-image-preview:large","max-video-preview":"max-video-preview:-1"},"canonical":"https:\/\/shop.torricantine.com\/de\/produkt\/3l-primitivo-bag-in-box-rotwein-bio\/","og_locale":"de_DE","og_type":"article","og_title":"3L Primitivo Bag-in-Box Rotwein BIO - Torri Cantine Store COM","og_description":"Primitivo IGT &#8211; 14% SINNESNOTEN Farbe: Intensives Rubinrot, fast undurchdringlich, mit leichten violetten Reflexen und einer beneidenswerten Textur. Geruch: Intensiv, sehr strukturiert mit blumigen rotvioletten und fruchtigen D\u00fcften von Blaubeeren, Kirschen, Pflaumen und Beeren. Geschmack: Auf der Zunge \u00fcberrascht er mit einer Explosion, eindrucksvoll und zugleich geschmeidig, ein Gleichgewicht zwischen zur\u00fcckhaltender Frische und lebendigen, jedoch [...]","og_url":"https:\/\/shop.torricantine.com\/de\/produkt\/3l-primitivo-bag-in-box-rotwein-bio\/","og_site_name":"Torri Cantine Store COM","article_modified_time":"2025-11-05T09:18:17+00:00","og_image":[{"width":534,"height":801,"url":"https:\/\/shop.torricantine.com\/wp-content\/uploads\/2020\/10\/BIB3L_primitivo-1.png","type":"image\/png"}],"twitter_card":"summary_large_image","twitter_misc":{"Gesch\u00e4tzte Lesezeit":"2\u00a0Minuten"},"schema":{"@context":"https:\/\/schema.org","@graph":[{"@type":"WebPage","@id":"https:\/\/shop.torricantine.com\/de\/produkt\/3l-primitivo-bag-in-box-rotwein-bio\/","url":"https:\/\/shop.torricantine.com\/de\/produkt\/3l-primitivo-bag-in-box-rotwein-bio\/","name":"3L Primitivo Bag-in-Box Rotwein BIO - Torri Cantine Store COM","isPartOf":{"@id":"https:\/\/shop.torricantine.com\/de\/#website"},"primaryImageOfPage":{"@id":"https:\/\/shop.torricantine.com\/de\/produkt\/3l-primitivo-bag-in-box-rotwein-bio\/#primaryimage"},"image":{"@id":"https:\/\/shop.torricantine.com\/de\/produkt\/3l-primitivo-bag-in-box-rotwein-bio\/#primaryimage"},"thumbnailUrl":"https:\/\/shop.torricantine.com\/wp-content\/uploads\/2020\/10\/BIB3L_primitivo-1.png","datePublished":"2020-10-30T07:43:10+00:00","dateModified":"2025-11-05T09:18:17+00:00","breadcrumb":{"@id":"https:\/\/shop.torricantine.com\/de\/produkt\/3l-primitivo-bag-in-box-rotwein-bio\/#breadcrumb"},"inLanguage":"de","potentialAction":[{"@type":"ReadAction","target":["https:\/\/shop.torricantine.com\/de\/produkt\/3l-primitivo-bag-in-box-rotwein-bio\/"]}]},{"@type":"ImageObject","inLanguage":"de","@id":"https:\/\/shop.torricantine.com\/de\/produkt\/3l-primitivo-bag-in-box-rotwein-bio\/#primaryimage","url":"https:\/\/shop.torricantine.com\/wp-content\/uploads\/2020\/10\/BIB3L_primitivo-1.png","contentUrl":"https:\/\/shop.torricantine.com\/wp-content\/uploads\/2020\/10\/BIB3L_primitivo-1.png","width":534,"height":801},{"@type":"BreadcrumbList","@id":"https:\/\/shop.torricantine.com\/de\/produkt\/3l-primitivo-bag-in-box-rotwein-bio\/#breadcrumb","itemListElement":[{"@type":"ListItem","position":1,"name":"Home","item":"https:\/\/shop.torricantine.com\/de\/"},{"@type":"ListItem","position":2,"name":"Shop","item":"https:\/\/shop.torricantine.com\/de\/shop\/"},{"@type":"ListItem","position":3,"name":"3L Primitivo Bag-in-Box Rotwein BIO"}]},{"@type":"WebSite","@id":"https:\/\/shop.torricantine.com\/de\/#website","url":"https:\/\/shop.torricantine.com\/de\/","name":"Torri Cantine Store COM","description":"Online store of our winery in Italy","publisher":{"@id":"https:\/\/shop.torricantine.com\/de\/#organization"},"potentialAction":[{"@type":"SearchAction","target":{"@type":"EntryPoint","urlTemplate":"https:\/\/shop.torricantine.com\/de\/?s={search_term_string}"},"query-input":{"@type":"PropertyValueSpecification","valueRequired":true,"valueName":"search_term_string"}}],"inLanguage":"de"},{"@type":"Organization","@id":"https:\/\/shop.torricantine.com\/de\/#organization","name":"Torri Cantine","url":"https:\/\/shop.torricantine.com\/de\/","logo":{"@type":"ImageObject","inLanguage":"de","@id":"https:\/\/shop.torricantine.com\/de\/#\/schema\/logo\/image\/","url":"https:\/\/shop.torricantine.com\/wp-content\/uploads\/2020\/04\/torri-store-logo_text.png","contentUrl":"https:\/\/shop.torricantine.com\/wp-content\/uploads\/2020\/04\/torri-store-logo_text.png","width":289,"height":361,"caption":"Torri Cantine"},"image":{"@id":"https:\/\/shop.torricantine.com\/de\/#\/schema\/logo\/image\/"}}]}},"_links":{"self":[{"href":"https:\/\/shop.torricantine.com\/de\/wp-json\/wp\/v2\/product\/26050","targetHints":{"allow":["GET"]}}],"collection":[{"href":"https:\/\/shop.torricantine.com\/de\/wp-json\/wp\/v2\/product"}],"about":[{"href":"https:\/\/shop.torricantine.com\/de\/wp-json\/wp\/v2\/types\/product"}],"replies":[{"embeddable":true,"href":"https:\/\/shop.torricantine.com\/de\/wp-json\/wp\/v2\/comments?post=26050"}],"wp:featuredmedia":[{"embeddable":true,"href":"https:\/\/shop.torricantine.com\/de\/wp-json\/wp\/v2\/media\/56840"}],"wp:attachment":[{"href":"https:\/\/shop.torricantine.com\/de\/wp-json\/wp\/v2\/media?parent=26050"}],"wp:term":[{"taxonomy":"product_brand","embeddable":true,"href":"https:\/\/shop.torricantine.com\/de\/wp-json\/wp\/v2\/product_brand?post=26050"},{"taxonomy":"product_cat","embeddable":true,"href":"https:\/\/shop.torricantine.com\/de\/wp-json\/wp\/v2\/product_cat?post=26050"},{"taxonomy":"product_tag","embeddable":true,"href":"https:\/\/shop.torricantine.com\/de\/wp-json\/wp\/v2\/product_tag?post=26050"}],"curies":[{"name":"wp","href":"https:\/\/api.w.org\/{rel}","templated":true}]}}