{"id":26019,"date":"2020-09-22T10:50:39","date_gmt":"2020-09-22T08:50:39","guid":{"rendered":"https:\/\/shop.torricantine.com\/product\/turan-montepulciano-dabruzzo-docg-075l-rotwein\/"},"modified":"2025-06-30T00:00:11","modified_gmt":"2025-06-29T22:00:11","slug":"turan-montepulciano-dabruzzo-docg-075l-rotwein","status":"publish","type":"product","link":"https:\/\/shop.torricantine.com\/de\/produkt\/turan-montepulciano-dabruzzo-docg-075l-rotwein\/","title":{"rendered":"Turan Montepulciano d&#8217;Abruzzo DOCG 0,75L Rotwein"},"content":{"rendered":"<p><strong>Farbe<\/strong>: Ein leuchtend intensives Rubinrot mit einer herrlichen Textur.<br \/>\n<strong>Geruch<\/strong>: In der Nase k\u00f6nnen Sie die D\u00fcfte von Veilchen, reifen Brombeeren, Beeren, Gew\u00fcrzen, Pfeffer und Kaffee genie\u00dfen, die alle gut miteinander verbunden sind.<br \/>\n<strong>Gaumen<\/strong>: Eine gro\u00dfartige Intensit\u00e4t, warm, voller Charme, ein volles, weiches Aroma, das gut mit dem Geruchssinn verbunden ist und ihm eine zarte Balsamico-Noten hinzugef\u00fcgt.<\/p>\n<p>Eine Frische, die perfekt auf die Struktur abgestimmt ist und von einem dynamischen Tannin gut aufgenommen und ged\u00e4mpft wird. Der lange und anhaltende Abgang zeichnet sich durch einen angenehmen und sch\u00e4tzenswerten Geschmack aus.<\/p>\n<p><strong>Weinernte<\/strong><br \/>\nEr kommt aus einem Gebiet bestens geeignet f\u00fcr den Anbau von Wei\u00dfwein in den Abruzzen, aus einem alten Weinberg in Tendone. Dies befindet sich in idealer H\u00f6he, um einen beeindruckenden Temperaturbereich und eine hervorragende Beleuchtung zu gew\u00e4hrleisten.<\/p>\n<p>Ein Montepulciano d\u2019Abruzzo DOCG, der Mitte Oktober aus einer streng manuellen Ernte und aus einem zertifizierten \u00f6kologischen Anbau gewonnen wurde, mit dem gr\u00f6\u00dftm\u00f6glichen Respekt f\u00fcr die Umwelt.<\/p>\n<p><strong>Weinzubereitung<\/strong><br \/>\nDie Vinifizierung erfolgt in Temperatur-kontrollierten Stahlbottichen, auf welche eine malolaktische G\u00e4rung folgt und eine 6-monatige Reifezeit in Zementwannen. Zur abschlie\u00dfenden Reifung wird der Rotwein mindestens 24 Monate in gro\u00dfen Eichen-F\u00e4ssern gelagert und kommt dann in die Flasche unter vollst\u00e4ndigem Ausschluss von Sauerstoff.<\/p>\n<p><strong>So kombinieren Sie Ihn<\/strong><br \/>\nEin Wein der Zeit braucht, um sich zu \u00f6ffnen. Wir empfehlen daher, ihn etwas vorher zu entkorken und zwischen 16 und 18 Grad mit einem gro\u00dfen Glas und einem breiten Rand zu genie\u00dfen.<\/p>\n<p>Gesch\u00e4tzt in jeder Gelegenheit, besser in Kombination mit strukturierten und leckeren Gerichten wie Aperitifs, Vorspeisen, ersten G\u00e4ngen, vegetarischem Essen, rotem Fleisch sowie mittel- oder lang-gereiften K\u00e4se. Wir empfehlen eine italienische Vorspeise, Bolognese-Lasagne, gebackenes Lammfleisch, Auberginen-Parmigiana, duftender K\u00e4se wie Gorgonzola oder Pecorino.<\/p>\n","protected":false},"excerpt":{"rendered":"<p>Farbe: Ein leuchtend intensives Rubinrot mit einer herrlichen Textur. Geruch: In der Nase k\u00f6nnen Sie die D\u00fcfte von Veilchen, reifen Brombeeren, Beeren, Gew\u00fcrzen, Pfeffer und Kaffee genie\u00dfen, die alle gut miteinander verbunden sind. Gaumen: Eine gro\u00dfartige Intensit\u00e4t, warm, voller Charme, ein volles, weiches Aroma, das gut mit dem Geruchssinn verbunden ist und ihm eine zarte [&#8230;]\n","protected":false},"featured_media":56954,"comment_status":"open","ping_status":"closed","template":"","meta":[],"product_brand":[],"product_cat":[439,312,410,177,175],"product_tag":[186],"class_list":{"0":"post-26019","1":"product","2":"type-product","3":"status-publish","4":"has-post-thumbnail","6":"product_cat-flaschen","7":"product_cat-montepulciano-de","8":"product_cat-rote-auswahl","9":"product_cat-rotweine","10":"product_cat-torri-cantine-de","11":"product_tag-flasche","12":"product_shipping_class-bottiglie","14":"first","15":"instock","16":"taxable","17":"shipping-taxable","18":"purchasable","19":"product-type-simple"},"bundled_by":["82326"],"bundle_stock_status":"instock","bundle_stock_quantity":null,"bundle_virtual":false,"bundle_layout":"","bundle_add_to_cart_form_location":"","bundle_editable_in_cart":false,"bundle_sold_individually_context":"","bundle_item_grouping":"","bundle_min_size":"","bundle_max_size":"","bundle_price":[],"bundled_items":[],"bundle_sell_ids":[],"yoast_head":"<!-- This site is optimized with the Yoast SEO plugin v27.5 - https:\/\/yoast.com\/product\/yoast-seo-wordpress\/ -->\n<title>Turan Montepulciano d&#039;Abruzzo DOCG 0,75L Rotwein - Torri Cantine Store COM<\/title>\n<meta name=\"robots\" content=\"index, follow, max-snippet:-1, max-image-preview:large, max-video-preview:-1\" \/>\n<link rel=\"canonical\" href=\"https:\/\/shop.torricantine.com\/de\/produkt\/turan-montepulciano-dabruzzo-docg-075l-rotwein\/\" \/>\n<meta property=\"og:locale\" content=\"de_DE\" \/>\n<meta property=\"og:type\" content=\"article\" \/>\n<meta property=\"og:title\" content=\"Turan Montepulciano d&#039;Abruzzo DOCG 0,75L Rotwein - Torri Cantine Store COM\" \/>\n<meta property=\"og:description\" content=\"Farbe: Ein leuchtend intensives Rubinrot mit einer herrlichen Textur. Geruch: In der Nase k\u00f6nnen Sie die D\u00fcfte von Veilchen, reifen Brombeeren, Beeren, Gew\u00fcrzen, Pfeffer und Kaffee genie\u00dfen, die alle gut miteinander verbunden sind. Gaumen: Eine gro\u00dfartige Intensit\u00e4t, warm, voller Charme, ein volles, weiches Aroma, das gut mit dem Geruchssinn verbunden ist und ihm eine zarte [...]\" \/>\n<meta property=\"og:url\" content=\"https:\/\/shop.torricantine.com\/de\/produkt\/turan-montepulciano-dabruzzo-docg-075l-rotwein\/\" \/>\n<meta property=\"og:site_name\" content=\"Torri Cantine Store COM\" \/>\n<meta property=\"article:modified_time\" content=\"2025-06-29T22:00:11+00:00\" \/>\n<meta property=\"og:image\" content=\"https:\/\/shop.torricantine.com\/wp-content\/uploads\/2020\/09\/TURAN-mda-docg-1.png\" \/>\n\t<meta property=\"og:image:width\" content=\"229\" \/>\n\t<meta property=\"og:image:height\" content=\"799\" \/>\n\t<meta property=\"og:image:type\" content=\"image\/png\" \/>\n<meta name=\"twitter:card\" content=\"summary_large_image\" \/>\n<meta name=\"twitter:label1\" content=\"Gesch\u00e4tzte Lesezeit\" \/>\n\t<meta name=\"twitter:data1\" content=\"2\u00a0Minuten\" \/>\n<script type=\"application\/ld+json\" class=\"yoast-schema-graph\">{\"@context\":\"https:\\\/\\\/schema.org\",\"@graph\":[{\"@type\":\"WebPage\",\"@id\":\"https:\\\/\\\/shop.torricantine.com\\\/de\\\/produkt\\\/turan-montepulciano-dabruzzo-docg-075l-rotwein\\\/\",\"url\":\"https:\\\/\\\/shop.torricantine.com\\\/de\\\/produkt\\\/turan-montepulciano-dabruzzo-docg-075l-rotwein\\\/\",\"name\":\"Turan Montepulciano d'Abruzzo DOCG 0,75L Rotwein - Torri Cantine Store COM\",\"isPartOf\":{\"@id\":\"https:\\\/\\\/shop.torricantine.com\\\/de\\\/#website\"},\"primaryImageOfPage\":{\"@id\":\"https:\\\/\\\/shop.torricantine.com\\\/de\\\/produkt\\\/turan-montepulciano-dabruzzo-docg-075l-rotwein\\\/#primaryimage\"},\"image\":{\"@id\":\"https:\\\/\\\/shop.torricantine.com\\\/de\\\/produkt\\\/turan-montepulciano-dabruzzo-docg-075l-rotwein\\\/#primaryimage\"},\"thumbnailUrl\":\"https:\\\/\\\/shop.torricantine.com\\\/wp-content\\\/uploads\\\/2020\\\/09\\\/TURAN-mda-docg-1.png\",\"datePublished\":\"2020-09-22T08:50:39+00:00\",\"dateModified\":\"2025-06-29T22:00:11+00:00\",\"breadcrumb\":{\"@id\":\"https:\\\/\\\/shop.torricantine.com\\\/de\\\/produkt\\\/turan-montepulciano-dabruzzo-docg-075l-rotwein\\\/#breadcrumb\"},\"inLanguage\":\"de\",\"potentialAction\":[{\"@type\":\"ReadAction\",\"target\":[\"https:\\\/\\\/shop.torricantine.com\\\/de\\\/produkt\\\/turan-montepulciano-dabruzzo-docg-075l-rotwein\\\/\"]}]},{\"@type\":\"ImageObject\",\"inLanguage\":\"de\",\"@id\":\"https:\\\/\\\/shop.torricantine.com\\\/de\\\/produkt\\\/turan-montepulciano-dabruzzo-docg-075l-rotwein\\\/#primaryimage\",\"url\":\"https:\\\/\\\/shop.torricantine.com\\\/wp-content\\\/uploads\\\/2020\\\/09\\\/TURAN-mda-docg-1.png\",\"contentUrl\":\"https:\\\/\\\/shop.torricantine.com\\\/wp-content\\\/uploads\\\/2020\\\/09\\\/TURAN-mda-docg-1.png\",\"width\":229,\"height\":799},{\"@type\":\"BreadcrumbList\",\"@id\":\"https:\\\/\\\/shop.torricantine.com\\\/de\\\/produkt\\\/turan-montepulciano-dabruzzo-docg-075l-rotwein\\\/#breadcrumb\",\"itemListElement\":[{\"@type\":\"ListItem\",\"position\":1,\"name\":\"Home\",\"item\":\"https:\\\/\\\/shop.torricantine.com\\\/de\\\/\"},{\"@type\":\"ListItem\",\"position\":2,\"name\":\"Shop\",\"item\":\"https:\\\/\\\/shop.torricantine.com\\\/de\\\/shop\\\/\"},{\"@type\":\"ListItem\",\"position\":3,\"name\":\"Turan Montepulciano d&#8217;Abruzzo DOCG 0,75L Rotwein\"}]},{\"@type\":\"WebSite\",\"@id\":\"https:\\\/\\\/shop.torricantine.com\\\/de\\\/#website\",\"url\":\"https:\\\/\\\/shop.torricantine.com\\\/de\\\/\",\"name\":\"Torri Cantine Store COM\",\"description\":\"Online store of our winery in Italy\",\"publisher\":{\"@id\":\"https:\\\/\\\/shop.torricantine.com\\\/de\\\/#organization\"},\"potentialAction\":[{\"@type\":\"SearchAction\",\"target\":{\"@type\":\"EntryPoint\",\"urlTemplate\":\"https:\\\/\\\/shop.torricantine.com\\\/de\\\/?s={search_term_string}\"},\"query-input\":{\"@type\":\"PropertyValueSpecification\",\"valueRequired\":true,\"valueName\":\"search_term_string\"}}],\"inLanguage\":\"de\"},{\"@type\":\"Organization\",\"@id\":\"https:\\\/\\\/shop.torricantine.com\\\/de\\\/#organization\",\"name\":\"Torri Cantine\",\"url\":\"https:\\\/\\\/shop.torricantine.com\\\/de\\\/\",\"logo\":{\"@type\":\"ImageObject\",\"inLanguage\":\"de\",\"@id\":\"https:\\\/\\\/shop.torricantine.com\\\/de\\\/#\\\/schema\\\/logo\\\/image\\\/\",\"url\":\"https:\\\/\\\/shop.torricantine.com\\\/wp-content\\\/uploads\\\/2020\\\/04\\\/torri-store-logo_text.png\",\"contentUrl\":\"https:\\\/\\\/shop.torricantine.com\\\/wp-content\\\/uploads\\\/2020\\\/04\\\/torri-store-logo_text.png\",\"width\":289,\"height\":361,\"caption\":\"Torri Cantine\"},\"image\":{\"@id\":\"https:\\\/\\\/shop.torricantine.com\\\/de\\\/#\\\/schema\\\/logo\\\/image\\\/\"}}]}<\/script>\n<!-- \/ Yoast SEO plugin. -->","yoast_head_json":{"title":"Turan Montepulciano d'Abruzzo DOCG 0,75L Rotwein - Torri Cantine Store COM","robots":{"index":"index","follow":"follow","max-snippet":"max-snippet:-1","max-image-preview":"max-image-preview:large","max-video-preview":"max-video-preview:-1"},"canonical":"https:\/\/shop.torricantine.com\/de\/produkt\/turan-montepulciano-dabruzzo-docg-075l-rotwein\/","og_locale":"de_DE","og_type":"article","og_title":"Turan Montepulciano d'Abruzzo DOCG 0,75L Rotwein - Torri Cantine Store COM","og_description":"Farbe: Ein leuchtend intensives Rubinrot mit einer herrlichen Textur. Geruch: In der Nase k\u00f6nnen Sie die D\u00fcfte von Veilchen, reifen Brombeeren, Beeren, Gew\u00fcrzen, Pfeffer und Kaffee genie\u00dfen, die alle gut miteinander verbunden sind. Gaumen: Eine gro\u00dfartige Intensit\u00e4t, warm, voller Charme, ein volles, weiches Aroma, das gut mit dem Geruchssinn verbunden ist und ihm eine zarte [...]","og_url":"https:\/\/shop.torricantine.com\/de\/produkt\/turan-montepulciano-dabruzzo-docg-075l-rotwein\/","og_site_name":"Torri Cantine Store COM","article_modified_time":"2025-06-29T22:00:11+00:00","og_image":[{"width":229,"height":799,"url":"https:\/\/shop.torricantine.com\/wp-content\/uploads\/2020\/09\/TURAN-mda-docg-1.png","type":"image\/png"}],"twitter_card":"summary_large_image","twitter_misc":{"Gesch\u00e4tzte Lesezeit":"2\u00a0Minuten"},"schema":{"@context":"https:\/\/schema.org","@graph":[{"@type":"WebPage","@id":"https:\/\/shop.torricantine.com\/de\/produkt\/turan-montepulciano-dabruzzo-docg-075l-rotwein\/","url":"https:\/\/shop.torricantine.com\/de\/produkt\/turan-montepulciano-dabruzzo-docg-075l-rotwein\/","name":"Turan Montepulciano d'Abruzzo DOCG 0,75L Rotwein - Torri Cantine Store COM","isPartOf":{"@id":"https:\/\/shop.torricantine.com\/de\/#website"},"primaryImageOfPage":{"@id":"https:\/\/shop.torricantine.com\/de\/produkt\/turan-montepulciano-dabruzzo-docg-075l-rotwein\/#primaryimage"},"image":{"@id":"https:\/\/shop.torricantine.com\/de\/produkt\/turan-montepulciano-dabruzzo-docg-075l-rotwein\/#primaryimage"},"thumbnailUrl":"https:\/\/shop.torricantine.com\/wp-content\/uploads\/2020\/09\/TURAN-mda-docg-1.png","datePublished":"2020-09-22T08:50:39+00:00","dateModified":"2025-06-29T22:00:11+00:00","breadcrumb":{"@id":"https:\/\/shop.torricantine.com\/de\/produkt\/turan-montepulciano-dabruzzo-docg-075l-rotwein\/#breadcrumb"},"inLanguage":"de","potentialAction":[{"@type":"ReadAction","target":["https:\/\/shop.torricantine.com\/de\/produkt\/turan-montepulciano-dabruzzo-docg-075l-rotwein\/"]}]},{"@type":"ImageObject","inLanguage":"de","@id":"https:\/\/shop.torricantine.com\/de\/produkt\/turan-montepulciano-dabruzzo-docg-075l-rotwein\/#primaryimage","url":"https:\/\/shop.torricantine.com\/wp-content\/uploads\/2020\/09\/TURAN-mda-docg-1.png","contentUrl":"https:\/\/shop.torricantine.com\/wp-content\/uploads\/2020\/09\/TURAN-mda-docg-1.png","width":229,"height":799},{"@type":"BreadcrumbList","@id":"https:\/\/shop.torricantine.com\/de\/produkt\/turan-montepulciano-dabruzzo-docg-075l-rotwein\/#breadcrumb","itemListElement":[{"@type":"ListItem","position":1,"name":"Home","item":"https:\/\/shop.torricantine.com\/de\/"},{"@type":"ListItem","position":2,"name":"Shop","item":"https:\/\/shop.torricantine.com\/de\/shop\/"},{"@type":"ListItem","position":3,"name":"Turan Montepulciano d&#8217;Abruzzo DOCG 0,75L Rotwein"}]},{"@type":"WebSite","@id":"https:\/\/shop.torricantine.com\/de\/#website","url":"https:\/\/shop.torricantine.com\/de\/","name":"Torri Cantine Store COM","description":"Online store of our winery in Italy","publisher":{"@id":"https:\/\/shop.torricantine.com\/de\/#organization"},"potentialAction":[{"@type":"SearchAction","target":{"@type":"EntryPoint","urlTemplate":"https:\/\/shop.torricantine.com\/de\/?s={search_term_string}"},"query-input":{"@type":"PropertyValueSpecification","valueRequired":true,"valueName":"search_term_string"}}],"inLanguage":"de"},{"@type":"Organization","@id":"https:\/\/shop.torricantine.com\/de\/#organization","name":"Torri Cantine","url":"https:\/\/shop.torricantine.com\/de\/","logo":{"@type":"ImageObject","inLanguage":"de","@id":"https:\/\/shop.torricantine.com\/de\/#\/schema\/logo\/image\/","url":"https:\/\/shop.torricantine.com\/wp-content\/uploads\/2020\/04\/torri-store-logo_text.png","contentUrl":"https:\/\/shop.torricantine.com\/wp-content\/uploads\/2020\/04\/torri-store-logo_text.png","width":289,"height":361,"caption":"Torri Cantine"},"image":{"@id":"https:\/\/shop.torricantine.com\/de\/#\/schema\/logo\/image\/"}}]}},"_links":{"self":[{"href":"https:\/\/shop.torricantine.com\/de\/wp-json\/wp\/v2\/product\/26019","targetHints":{"allow":["GET"]}}],"collection":[{"href":"https:\/\/shop.torricantine.com\/de\/wp-json\/wp\/v2\/product"}],"about":[{"href":"https:\/\/shop.torricantine.com\/de\/wp-json\/wp\/v2\/types\/product"}],"replies":[{"embeddable":true,"href":"https:\/\/shop.torricantine.com\/de\/wp-json\/wp\/v2\/comments?post=26019"}],"wp:featuredmedia":[{"embeddable":true,"href":"https:\/\/shop.torricantine.com\/de\/wp-json\/wp\/v2\/media\/56954"}],"wp:attachment":[{"href":"https:\/\/shop.torricantine.com\/de\/wp-json\/wp\/v2\/media?parent=26019"}],"wp:term":[{"taxonomy":"product_brand","embeddable":true,"href":"https:\/\/shop.torricantine.com\/de\/wp-json\/wp\/v2\/product_brand?post=26019"},{"taxonomy":"product_cat","embeddable":true,"href":"https:\/\/shop.torricantine.com\/de\/wp-json\/wp\/v2\/product_cat?post=26019"},{"taxonomy":"product_tag","embeddable":true,"href":"https:\/\/shop.torricantine.com\/de\/wp-json\/wp\/v2\/product_tag?post=26019"}],"curies":[{"name":"wp","href":"https:\/\/api.w.org\/{rel}","templated":true}]}}