{"id":26007,"date":"2020-10-30T09:43:10","date_gmt":"2020-10-30T07:43:10","guid":{"rendered":"https:\/\/shop.torricantine.com\/product\/rosarubra-triluna-i-g-t-weissein-colline-pescaresi-075l\/"},"modified":"2025-02-06T18:40:33","modified_gmt":"2025-02-06T16:40:33","slug":"rosarubra-triluna-i-g-t-weissein-colline-pescaresi-075l","status":"publish","type":"product","link":"https:\/\/shop.torricantine.com\/de\/produkt\/rosarubra-triluna-i-g-t-weissein-colline-pescaresi-075l\/","title":{"rendered":"Rosarubra TRILUNA I.G.T. Wei\u00dfein Terre D\u2019Abruzzo 0,75L"},"content":{"rendered":"<h2>Wei\u00dfer Tafelwein Rosarubra TRILUNA I.G.T.\u00a0Terre D\u2019Abruzzo<\/h2>\n<p><strong>Farbe<\/strong>: Ein strahlendes Gelb, mit \u00fcberzeugenden goldenen Reflexen, die das Glas \u00fcberf\u00fcllen, und einer interessanten Konsistenz.<br \/>\n<strong>Geruch<\/strong>: intensiv und voll, ein Potpourri aus wei\u00dfen Blumen- und Gem\u00fcsed\u00fcften, die sich mit reifen gelben Fr\u00fcchten, Pfirsich, Apfel, Zitrusfr\u00fcchten, exotischen Fr\u00fcchten, Honig, Pfeffer, Sellerie und Kapern abwechseln.<br \/>\n<strong>Gaumen<\/strong>: im Mund dr\u00fcckt es die Verfeinerung und Ausgewogenheit der Besten aus. Es ist absolut im Einklang mit dem Geruchssinn, die Fruchtigkeit ist explosiv, lecker, fleischig, berauschend: kandierte Zitrusfr\u00fcchte, Banane, Honig, Passionsfrucht, Papaya, Litschi. Hervorragende Struktur, gut definiert in der Frische und im Geschmack, die perfekt mit einer ausgleichenden Weichheit verbunden sind und uns auch einen langen und anhaltenden mineralischen Abgang verleihen.<\/p>\n<p><strong>Weinernte<\/strong><br \/>\nGeboren in einer wundersch\u00f6nen Gegend, die dem Weinbau gewidmet ist, in einer idealen H\u00f6he, um einen au\u00dfergew\u00f6hnlichen Temperaturbereich und eine gro\u00dfartige Exposition zu gew\u00e4hrleisten, aus einer Mischung von zwei internationalen und einer nationalen Rebsorte: Sauvignon Blanc, Chardonnay und aromatischer Malvasia, die alle aus einer strengen manuellen Auswahl einer September-Ernte und einer zertifizierten biodynamischen Landwirtschaft kommen, die gr\u00f6\u00dftm\u00f6glichen Respekt f\u00fcr die Umwelt garantiert.<\/p>\n<p>Die Ernte wird absichtlich verl\u00e4ngert, um eine leichte \u00dcberreifung der Trauben zu erreichen, die etwas mehr dehydrieren als sie sollten und eine gr\u00f6\u00dfere Konzentration an Restzucker ansammeln. Auf diese Weise und auch dank der perfekten Harmonie zwischen den verschiedenen Rebsorten und den richtigen Proportionen, mit denen sie kombiniert wurden, war es m\u00f6glich, diese Mischung in ihrer Art absolut einzigartig zu machen.<\/p>\n<p><strong>Weinzubereitung<\/strong><br \/>\nDie Vinifizierung erfolgt getrennt f\u00fcr die drei Reben und ausschlie\u00dflich in thermokonditionierten Stahlf\u00e4ssern, gefolgt von einer Reifung erneut in Stahl \u00fcber einen Zeitraum von mindestens 10 Monaten. Anschlie\u00dfend wird der Wein in v\u00f6lliger Abwesenheit von Sauerstoff abgef\u00fcllt, um eine Verfeinerungsperiode von mindestens 6 Monaten zu beginnen.<\/p>\n<p><strong>So kombinieren Sie unseren TRILUNA I.G.T.<\/strong><br \/>\nKalt serviert, kann dieser Wein jedes Essen verfeinern, das Sie begleiten m\u00f6chten: Aperitifs, Vorspeisen, erste G\u00e4nge mit Meeresfr\u00fcchten, vegetarische Gerichte, Hauptgerichte mit wei\u00dfem Fleisch, frischen K\u00e4se und sogar mittelgereiften K\u00e4se.<\/p>\n<p>Wir empfehlen einen Red Snapper mit Safran, Lachs in Zitrussauce, Kr\u00e4uteromelett mit Kirschtomaten und Chartreuse-Br\u00f6tchen, gebratenen Truthahn und halbgereiften Pecorino Canestrato von Castel del Monte.<\/p>\n<p><strong>INTERNATIONALE AUSZEICHNUNGEN<\/strong><\/p>\n<div id=\"fluid\">\n<table class=\"table\" border=\"0\" width=\"100%\" cellspacing=\"0\" cellpadding=\"0\">\n<tbody>\n<tr>\n<td><img loading=\"lazy\" decoding=\"async\" src=\"\/wp-content\/uploads\/2020\/07\/san-francisco-international-wine-competition-gold-medal.png\" alt=\"san-francisco-international-wine-competition-gold-medal\" width=\"115\" height=\"86\" \/><\/td>\n<td><img loading=\"lazy\" decoding=\"async\" src=\"\/wp-content\/uploads\/2020\/07\/sommelier-wine-awards-gold-medal.png\" alt=\"sommelier-wine-awards-gold-medal\" width=\"115\" height=\"86\" \/><\/td>\n<td><img loading=\"lazy\" decoding=\"async\" src=\"\/wp-content\/uploads\/2020\/07\/challenge-du-vin-gold-medal-01.png\" alt=\"challenge-du-vin-gold-medal\" width=\"115\" height=\"86\" \/><\/td>\n<td><img loading=\"lazy\" decoding=\"async\" src=\"\/wp-content\/uploads\/2020\/07\/concours-mondial-bruxelles-silver-medal-01.png\" alt=\"concours-mondial-bruxelles-silver-medal\" width=\"115\" height=\"86\" \/><\/td>\n<td><img loading=\"lazy\" decoding=\"async\" src=\"\/wp-content\/uploads\/2020\/07\/vinalies-internationales-silver-medal-01.png\" alt=\"vinalies-internationales-silver-medal\" width=\"115\" height=\"86\" \/><\/td>\n<td><img loading=\"lazy\" decoding=\"async\" src=\"\/wp-content\/uploads\/2020\/07\/mundus-vini-silver-medal.png\" alt=\"mundus-vini-silver-medal\" width=\"115\" height=\"86\" \/><\/td>\n<td><img loading=\"lazy\" decoding=\"async\" src=\"\/wp-content\/uploads\/2020\/07\/decanter-world-wine-awards-bronze-medal.png\" alt=\"decanter-world-wine-awards-bronze-medal\" width=\"115\" height=\"86\" \/><\/td>\n<td><img loading=\"lazy\" decoding=\"async\" src=\"\/wp-content\/uploads\/2020\/07\/international-wine-challange-bronze-medal.png\" alt=\"international-wine-challange-bronze-medal.png\" width=\"115\" height=\"86\" \/><\/td>\n<td><img loading=\"lazy\" decoding=\"async\" src=\"\/wp-content\/uploads\/2020\/07\/international-wine-e-spirit-competition-bronze-medal.png\" alt=\"international-wine-e-spirit-competition-bronze-medal\" width=\"115\" height=\"86\" \/><\/td>\n<\/tr>\n<\/tbody>\n<\/table>\n<\/div>\n","protected":false},"excerpt":{"rendered":"<p>Wei\u00dfer Tafelwein Rosarubra TRILUNA I.G.T.\u00a0Terre D\u2019Abruzzo Farbe: Ein strahlendes Gelb, mit \u00fcberzeugenden goldenen Reflexen, die das Glas \u00fcberf\u00fcllen, und einer interessanten Konsistenz. Geruch: intensiv und voll, ein Potpourri aus wei\u00dfen Blumen- und Gem\u00fcsed\u00fcften, die sich mit reifen gelben Fr\u00fcchten, Pfirsich, Apfel, Zitrusfr\u00fcchten, exotischen Fr\u00fcchten, Honig, Pfeffer, Sellerie und Kapern abwechseln. Gaumen: im Mund dr\u00fcckt es [&#8230;]\n","protected":false},"featured_media":56813,"comment_status":"open","ping_status":"closed","template":"","meta":[],"product_brand":[],"product_cat":[439,188,179],"product_tag":[186],"class_list":{"0":"post-26007","1":"product","2":"type-product","3":"status-publish","4":"has-post-thumbnail","6":"product_cat-flaschen","7":"product_cat-rosarubra-de","8":"product_cat-weissweine","9":"product_tag-flasche","10":"product_shipping_class-bottiglie","12":"first","13":"instock","14":"taxable","15":"shipping-taxable","16":"purchasable","17":"product-type-simple"},"bundled_by":[],"bundle_stock_status":"instock","bundle_stock_quantity":null,"bundle_virtual":false,"bundle_layout":"","bundle_add_to_cart_form_location":"","bundle_editable_in_cart":false,"bundle_sold_individually_context":"","bundle_item_grouping":"","bundle_min_size":"","bundle_max_size":"","bundle_price":[],"bundled_items":[],"bundle_sell_ids":[],"yoast_head":"<!-- This site is optimized with the Yoast SEO plugin v27.5 - https:\/\/yoast.com\/product\/yoast-seo-wordpress\/ -->\n<title>Rosarubra TRILUNA I.G.T. Wei\u00dfein Terre D\u2019Abruzzo 0,75L - Torri Cantine Store COM<\/title>\n<meta name=\"robots\" content=\"index, follow, max-snippet:-1, max-image-preview:large, max-video-preview:-1\" \/>\n<link rel=\"canonical\" href=\"https:\/\/shop.torricantine.com\/de\/produkt\/rosarubra-triluna-i-g-t-weissein-colline-pescaresi-075l\/\" \/>\n<meta property=\"og:locale\" content=\"de_DE\" \/>\n<meta property=\"og:type\" content=\"article\" \/>\n<meta property=\"og:title\" content=\"Rosarubra TRILUNA I.G.T. Wei\u00dfein Terre D\u2019Abruzzo 0,75L - Torri Cantine Store COM\" \/>\n<meta property=\"og:description\" content=\"Wei\u00dfer Tafelwein Rosarubra TRILUNA I.G.T.\u00a0Terre D\u2019Abruzzo Farbe: Ein strahlendes Gelb, mit \u00fcberzeugenden goldenen Reflexen, die das Glas \u00fcberf\u00fcllen, und einer interessanten Konsistenz. Geruch: intensiv und voll, ein Potpourri aus wei\u00dfen Blumen- und Gem\u00fcsed\u00fcften, die sich mit reifen gelben Fr\u00fcchten, Pfirsich, Apfel, Zitrusfr\u00fcchten, exotischen Fr\u00fcchten, Honig, Pfeffer, Sellerie und Kapern abwechseln. Gaumen: im Mund dr\u00fcckt es [...]\" \/>\n<meta property=\"og:url\" content=\"https:\/\/shop.torricantine.com\/de\/produkt\/rosarubra-triluna-i-g-t-weissein-colline-pescaresi-075l\/\" \/>\n<meta property=\"og:site_name\" content=\"Torri Cantine Store COM\" \/>\n<meta property=\"article:modified_time\" content=\"2025-02-06T16:40:33+00:00\" \/>\n<meta property=\"og:image\" content=\"https:\/\/shop.torricantine.com\/wp-content\/uploads\/2020\/10\/RR_triluna-1.png\" \/>\n\t<meta property=\"og:image:width\" content=\"229\" \/>\n\t<meta property=\"og:image:height\" content=\"800\" \/>\n\t<meta property=\"og:image:type\" content=\"image\/png\" \/>\n<meta name=\"twitter:card\" content=\"summary_large_image\" \/>\n<meta name=\"twitter:label1\" content=\"Gesch\u00e4tzte Lesezeit\" \/>\n\t<meta name=\"twitter:data1\" content=\"4\u00a0Minuten\" \/>\n<script type=\"application\/ld+json\" class=\"yoast-schema-graph\">{\"@context\":\"https:\\\/\\\/schema.org\",\"@graph\":[{\"@type\":\"WebPage\",\"@id\":\"https:\\\/\\\/shop.torricantine.com\\\/de\\\/produkt\\\/rosarubra-triluna-i-g-t-weissein-colline-pescaresi-075l\\\/\",\"url\":\"https:\\\/\\\/shop.torricantine.com\\\/de\\\/produkt\\\/rosarubra-triluna-i-g-t-weissein-colline-pescaresi-075l\\\/\",\"name\":\"Rosarubra TRILUNA I.G.T. Wei\u00dfein Terre D\u2019Abruzzo 0,75L - Torri Cantine Store COM\",\"isPartOf\":{\"@id\":\"https:\\\/\\\/shop.torricantine.com\\\/de\\\/#website\"},\"primaryImageOfPage\":{\"@id\":\"https:\\\/\\\/shop.torricantine.com\\\/de\\\/produkt\\\/rosarubra-triluna-i-g-t-weissein-colline-pescaresi-075l\\\/#primaryimage\"},\"image\":{\"@id\":\"https:\\\/\\\/shop.torricantine.com\\\/de\\\/produkt\\\/rosarubra-triluna-i-g-t-weissein-colline-pescaresi-075l\\\/#primaryimage\"},\"thumbnailUrl\":\"https:\\\/\\\/shop.torricantine.com\\\/wp-content\\\/uploads\\\/2020\\\/10\\\/RR_triluna-1.png\",\"datePublished\":\"2020-10-30T07:43:10+00:00\",\"dateModified\":\"2025-02-06T16:40:33+00:00\",\"breadcrumb\":{\"@id\":\"https:\\\/\\\/shop.torricantine.com\\\/de\\\/produkt\\\/rosarubra-triluna-i-g-t-weissein-colline-pescaresi-075l\\\/#breadcrumb\"},\"inLanguage\":\"de\",\"potentialAction\":[{\"@type\":\"ReadAction\",\"target\":[\"https:\\\/\\\/shop.torricantine.com\\\/de\\\/produkt\\\/rosarubra-triluna-i-g-t-weissein-colline-pescaresi-075l\\\/\"]}]},{\"@type\":\"ImageObject\",\"inLanguage\":\"de\",\"@id\":\"https:\\\/\\\/shop.torricantine.com\\\/de\\\/produkt\\\/rosarubra-triluna-i-g-t-weissein-colline-pescaresi-075l\\\/#primaryimage\",\"url\":\"https:\\\/\\\/shop.torricantine.com\\\/wp-content\\\/uploads\\\/2020\\\/10\\\/RR_triluna-1.png\",\"contentUrl\":\"https:\\\/\\\/shop.torricantine.com\\\/wp-content\\\/uploads\\\/2020\\\/10\\\/RR_triluna-1.png\",\"width\":229,\"height\":800},{\"@type\":\"BreadcrumbList\",\"@id\":\"https:\\\/\\\/shop.torricantine.com\\\/de\\\/produkt\\\/rosarubra-triluna-i-g-t-weissein-colline-pescaresi-075l\\\/#breadcrumb\",\"itemListElement\":[{\"@type\":\"ListItem\",\"position\":1,\"name\":\"Home\",\"item\":\"https:\\\/\\\/shop.torricantine.com\\\/de\\\/\"},{\"@type\":\"ListItem\",\"position\":2,\"name\":\"Shop\",\"item\":\"https:\\\/\\\/shop.torricantine.com\\\/de\\\/shop\\\/\"},{\"@type\":\"ListItem\",\"position\":3,\"name\":\"Rosarubra TRILUNA I.G.T. Wei\u00dfein Terre D\u2019Abruzzo 0,75L\"}]},{\"@type\":\"WebSite\",\"@id\":\"https:\\\/\\\/shop.torricantine.com\\\/de\\\/#website\",\"url\":\"https:\\\/\\\/shop.torricantine.com\\\/de\\\/\",\"name\":\"Torri Cantine Store COM\",\"description\":\"Online store of our winery in Italy\",\"publisher\":{\"@id\":\"https:\\\/\\\/shop.torricantine.com\\\/de\\\/#organization\"},\"potentialAction\":[{\"@type\":\"SearchAction\",\"target\":{\"@type\":\"EntryPoint\",\"urlTemplate\":\"https:\\\/\\\/shop.torricantine.com\\\/de\\\/?s={search_term_string}\"},\"query-input\":{\"@type\":\"PropertyValueSpecification\",\"valueRequired\":true,\"valueName\":\"search_term_string\"}}],\"inLanguage\":\"de\"},{\"@type\":\"Organization\",\"@id\":\"https:\\\/\\\/shop.torricantine.com\\\/de\\\/#organization\",\"name\":\"Torri Cantine\",\"url\":\"https:\\\/\\\/shop.torricantine.com\\\/de\\\/\",\"logo\":{\"@type\":\"ImageObject\",\"inLanguage\":\"de\",\"@id\":\"https:\\\/\\\/shop.torricantine.com\\\/de\\\/#\\\/schema\\\/logo\\\/image\\\/\",\"url\":\"https:\\\/\\\/shop.torricantine.com\\\/wp-content\\\/uploads\\\/2020\\\/04\\\/torri-store-logo_text.png\",\"contentUrl\":\"https:\\\/\\\/shop.torricantine.com\\\/wp-content\\\/uploads\\\/2020\\\/04\\\/torri-store-logo_text.png\",\"width\":289,\"height\":361,\"caption\":\"Torri Cantine\"},\"image\":{\"@id\":\"https:\\\/\\\/shop.torricantine.com\\\/de\\\/#\\\/schema\\\/logo\\\/image\\\/\"}}]}<\/script>\n<!-- \/ Yoast SEO plugin. -->","yoast_head_json":{"title":"Rosarubra TRILUNA I.G.T. Wei\u00dfein Terre D\u2019Abruzzo 0,75L - Torri Cantine Store COM","robots":{"index":"index","follow":"follow","max-snippet":"max-snippet:-1","max-image-preview":"max-image-preview:large","max-video-preview":"max-video-preview:-1"},"canonical":"https:\/\/shop.torricantine.com\/de\/produkt\/rosarubra-triluna-i-g-t-weissein-colline-pescaresi-075l\/","og_locale":"de_DE","og_type":"article","og_title":"Rosarubra TRILUNA I.G.T. Wei\u00dfein Terre D\u2019Abruzzo 0,75L - Torri Cantine Store COM","og_description":"Wei\u00dfer Tafelwein Rosarubra TRILUNA I.G.T.\u00a0Terre D\u2019Abruzzo Farbe: Ein strahlendes Gelb, mit \u00fcberzeugenden goldenen Reflexen, die das Glas \u00fcberf\u00fcllen, und einer interessanten Konsistenz. Geruch: intensiv und voll, ein Potpourri aus wei\u00dfen Blumen- und Gem\u00fcsed\u00fcften, die sich mit reifen gelben Fr\u00fcchten, Pfirsich, Apfel, Zitrusfr\u00fcchten, exotischen Fr\u00fcchten, Honig, Pfeffer, Sellerie und Kapern abwechseln. Gaumen: im Mund dr\u00fcckt es [...]","og_url":"https:\/\/shop.torricantine.com\/de\/produkt\/rosarubra-triluna-i-g-t-weissein-colline-pescaresi-075l\/","og_site_name":"Torri Cantine Store COM","article_modified_time":"2025-02-06T16:40:33+00:00","og_image":[{"width":229,"height":800,"url":"https:\/\/shop.torricantine.com\/wp-content\/uploads\/2020\/10\/RR_triluna-1.png","type":"image\/png"}],"twitter_card":"summary_large_image","twitter_misc":{"Gesch\u00e4tzte Lesezeit":"4\u00a0Minuten"},"schema":{"@context":"https:\/\/schema.org","@graph":[{"@type":"WebPage","@id":"https:\/\/shop.torricantine.com\/de\/produkt\/rosarubra-triluna-i-g-t-weissein-colline-pescaresi-075l\/","url":"https:\/\/shop.torricantine.com\/de\/produkt\/rosarubra-triluna-i-g-t-weissein-colline-pescaresi-075l\/","name":"Rosarubra TRILUNA I.G.T. Wei\u00dfein Terre D\u2019Abruzzo 0,75L - Torri Cantine Store COM","isPartOf":{"@id":"https:\/\/shop.torricantine.com\/de\/#website"},"primaryImageOfPage":{"@id":"https:\/\/shop.torricantine.com\/de\/produkt\/rosarubra-triluna-i-g-t-weissein-colline-pescaresi-075l\/#primaryimage"},"image":{"@id":"https:\/\/shop.torricantine.com\/de\/produkt\/rosarubra-triluna-i-g-t-weissein-colline-pescaresi-075l\/#primaryimage"},"thumbnailUrl":"https:\/\/shop.torricantine.com\/wp-content\/uploads\/2020\/10\/RR_triluna-1.png","datePublished":"2020-10-30T07:43:10+00:00","dateModified":"2025-02-06T16:40:33+00:00","breadcrumb":{"@id":"https:\/\/shop.torricantine.com\/de\/produkt\/rosarubra-triluna-i-g-t-weissein-colline-pescaresi-075l\/#breadcrumb"},"inLanguage":"de","potentialAction":[{"@type":"ReadAction","target":["https:\/\/shop.torricantine.com\/de\/produkt\/rosarubra-triluna-i-g-t-weissein-colline-pescaresi-075l\/"]}]},{"@type":"ImageObject","inLanguage":"de","@id":"https:\/\/shop.torricantine.com\/de\/produkt\/rosarubra-triluna-i-g-t-weissein-colline-pescaresi-075l\/#primaryimage","url":"https:\/\/shop.torricantine.com\/wp-content\/uploads\/2020\/10\/RR_triluna-1.png","contentUrl":"https:\/\/shop.torricantine.com\/wp-content\/uploads\/2020\/10\/RR_triluna-1.png","width":229,"height":800},{"@type":"BreadcrumbList","@id":"https:\/\/shop.torricantine.com\/de\/produkt\/rosarubra-triluna-i-g-t-weissein-colline-pescaresi-075l\/#breadcrumb","itemListElement":[{"@type":"ListItem","position":1,"name":"Home","item":"https:\/\/shop.torricantine.com\/de\/"},{"@type":"ListItem","position":2,"name":"Shop","item":"https:\/\/shop.torricantine.com\/de\/shop\/"},{"@type":"ListItem","position":3,"name":"Rosarubra TRILUNA I.G.T. Wei\u00dfein Terre D\u2019Abruzzo 0,75L"}]},{"@type":"WebSite","@id":"https:\/\/shop.torricantine.com\/de\/#website","url":"https:\/\/shop.torricantine.com\/de\/","name":"Torri Cantine Store COM","description":"Online store of our winery in Italy","publisher":{"@id":"https:\/\/shop.torricantine.com\/de\/#organization"},"potentialAction":[{"@type":"SearchAction","target":{"@type":"EntryPoint","urlTemplate":"https:\/\/shop.torricantine.com\/de\/?s={search_term_string}"},"query-input":{"@type":"PropertyValueSpecification","valueRequired":true,"valueName":"search_term_string"}}],"inLanguage":"de"},{"@type":"Organization","@id":"https:\/\/shop.torricantine.com\/de\/#organization","name":"Torri Cantine","url":"https:\/\/shop.torricantine.com\/de\/","logo":{"@type":"ImageObject","inLanguage":"de","@id":"https:\/\/shop.torricantine.com\/de\/#\/schema\/logo\/image\/","url":"https:\/\/shop.torricantine.com\/wp-content\/uploads\/2020\/04\/torri-store-logo_text.png","contentUrl":"https:\/\/shop.torricantine.com\/wp-content\/uploads\/2020\/04\/torri-store-logo_text.png","width":289,"height":361,"caption":"Torri Cantine"},"image":{"@id":"https:\/\/shop.torricantine.com\/de\/#\/schema\/logo\/image\/"}}]}},"_links":{"self":[{"href":"https:\/\/shop.torricantine.com\/de\/wp-json\/wp\/v2\/product\/26007","targetHints":{"allow":["GET"]}}],"collection":[{"href":"https:\/\/shop.torricantine.com\/de\/wp-json\/wp\/v2\/product"}],"about":[{"href":"https:\/\/shop.torricantine.com\/de\/wp-json\/wp\/v2\/types\/product"}],"replies":[{"embeddable":true,"href":"https:\/\/shop.torricantine.com\/de\/wp-json\/wp\/v2\/comments?post=26007"}],"wp:featuredmedia":[{"embeddable":true,"href":"https:\/\/shop.torricantine.com\/de\/wp-json\/wp\/v2\/media\/56813"}],"wp:attachment":[{"href":"https:\/\/shop.torricantine.com\/de\/wp-json\/wp\/v2\/media?parent=26007"}],"wp:term":[{"taxonomy":"product_brand","embeddable":true,"href":"https:\/\/shop.torricantine.com\/de\/wp-json\/wp\/v2\/product_brand?post=26007"},{"taxonomy":"product_cat","embeddable":true,"href":"https:\/\/shop.torricantine.com\/de\/wp-json\/wp\/v2\/product_cat?post=26007"},{"taxonomy":"product_tag","embeddable":true,"href":"https:\/\/shop.torricantine.com\/de\/wp-json\/wp\/v2\/product_tag?post=26007"}],"curies":[{"name":"wp","href":"https:\/\/api.w.org\/{rel}","templated":true}]}}