{"id":26003,"date":"2020-09-22T10:09:10","date_gmt":"2020-09-22T08:09:10","guid":{"rendered":"https:\/\/shop.torricantine.com\/product\/torri-bakan-schaumwein-brut-passerina-075l-bio-weisswein\/"},"modified":"2025-08-08T00:00:13","modified_gmt":"2025-08-07T22:00:13","slug":"torri-bakan-schaumwein-brut-passerina-075l-bio-weisswein","status":"publish","type":"product","link":"https:\/\/shop.torricantine.com\/de\/produkt\/torri-bakan-schaumwein-brut-passerina-075l-bio-weisswein\/","title":{"rendered":"Torri Bak\u00e0n Schaumwein Brut Passerina 0,75L Bio-Wei\u00dfwein"},"content":{"rendered":"<p><strong>Farbe<\/strong>: Ein Strohgelb mit funkelnden goldenen Reflexen, mit einer lebhaften und z\u00e4hen Perlage.<br \/>\n<strong>Geruch<\/strong>: nach wei\u00dfen Bl\u00fcten, darunter Salbei, Ginster, Pfirsich und Aprikose.<br \/>\n<strong>Gaumen<\/strong>: scharf, frisch und herzhaft, in perfekter \u00dcbereinstimmung mit der Nase und in ausgezeichneter Balance mit einer zarten \u00a0Weichheit. Eine intensive Zitrusfrucht begr\u00fc\u00dft einen langen und anhaltenden Abgang.<\/p>\n<p><strong>Weinernte\u00a0<\/strong><br \/>\nEr kommt aus einem Gebiet bestens geeignet f\u00fcr den Anbau von Wei\u00dfwein in den Abruzzen, aus einem alten Weinberg in Tendone. Dies befindet sich in idealer H\u00f6he, um einen beeindruckenden Temperaturbereich und eine hervorragende Beleuchtung zu gew\u00e4hrleisten.<\/p>\n<p>Ein Wein aus der Passerina Traube, die Anfang September aus einer streng manuellen Ernte und aus einem zertifizierten \u00f6kologischen Anbau gewonnen wurde, mit dem gr\u00f6\u00dftm\u00f6glichen Respekt f\u00fcr die Umwelt.<\/p>\n<p><strong>Weinzubereitung<\/strong><br \/>\nDie Vinifikation erfolgt in thermokonditionierten Stahlbottichen, danach kommt ein Schaumprozess nach der Martinotti-Charmat-Methode f\u00fcr mindestens 3 Monate in einem Druckgef\u00e4\u00df, und anschlie\u00dfender Abf\u00fcllung und Verschluss.<\/p>\n<p><strong>So kombinieren Sie Ihn<\/strong><br \/>\nDies ist ein Sekt, der kalt bei maximal 4-6 Grad serviert wird, mit Aperitifs, Vorspeisen, Meeresfr\u00fcchten, vegetarischen Gerichten, Fleisch und K\u00e4se.<\/p>\n<p>Wir empfehlen ihn mit einem Risotto mit Meeresfr\u00fcchten, sautierten Muscheln, einem sch\u00f6nen Zucchini-Omelett, gef\u00fcllter Schweinelende oder gebratener Putenbrust.<\/p>\n","protected":false},"excerpt":{"rendered":"<p>Farbe: Ein Strohgelb mit funkelnden goldenen Reflexen, mit einer lebhaften und z\u00e4hen Perlage. Geruch: nach wei\u00dfen Bl\u00fcten, darunter Salbei, Ginster, Pfirsich und Aprikose. Gaumen: scharf, frisch und herzhaft, in perfekter \u00dcbereinstimmung mit der Nase und in ausgezeichneter Balance mit einer zarten \u00a0Weichheit. Eine intensive Zitrusfrucht begr\u00fc\u00dft einen langen und anhaltenden Abgang. Weinernte\u00a0 Er kommt aus [&#8230;]\n","protected":false},"featured_media":56981,"comment_status":"open","ping_status":"closed","template":"","meta":[],"product_brand":[],"product_cat":[476,173,439,187,175],"product_tag":[452,186],"class_list":{"0":"post-26003","1":"product","2":"type-product","3":"status-publish","4":"has-post-thumbnail","6":"product_cat-bakan-de","7":"product_cat-biologische","8":"product_cat-flaschen","9":"product_cat-schaumweine","10":"product_cat-torri-cantine-de","11":"product_tag-brut-de","12":"product_tag-flasche","13":"product_shipping_class-bottiglie","15":"first","16":"instock","17":"taxable","18":"shipping-taxable","19":"purchasable","20":"product-type-simple"},"bundled_by":[],"bundle_stock_status":"instock","bundle_stock_quantity":null,"bundle_virtual":false,"bundle_layout":"","bundle_add_to_cart_form_location":"","bundle_editable_in_cart":false,"bundle_sold_individually_context":"","bundle_item_grouping":"","bundle_min_size":"","bundle_max_size":"","bundle_price":[],"bundled_items":[],"bundle_sell_ids":[],"yoast_head":"<!-- This site is optimized with the Yoast SEO plugin v27.4 - https:\/\/yoast.com\/product\/yoast-seo-wordpress\/ -->\n<title>Torri Bak\u00e0n Schaumwein Brut Passerina 0,75L Bio-Wei\u00dfwein - Torri Cantine Store COM<\/title>\n<meta name=\"robots\" content=\"index, follow, max-snippet:-1, max-image-preview:large, max-video-preview:-1\" \/>\n<link rel=\"canonical\" href=\"https:\/\/shop.torricantine.com\/de\/produkt\/torri-bakan-schaumwein-brut-passerina-075l-bio-weisswein\/\" \/>\n<meta property=\"og:locale\" content=\"de_DE\" \/>\n<meta property=\"og:type\" content=\"article\" \/>\n<meta property=\"og:title\" content=\"Torri Bak\u00e0n Schaumwein Brut Passerina 0,75L Bio-Wei\u00dfwein - Torri Cantine Store COM\" \/>\n<meta property=\"og:description\" content=\"Farbe: Ein Strohgelb mit funkelnden goldenen Reflexen, mit einer lebhaften und z\u00e4hen Perlage. Geruch: nach wei\u00dfen Bl\u00fcten, darunter Salbei, Ginster, Pfirsich und Aprikose. Gaumen: scharf, frisch und herzhaft, in perfekter \u00dcbereinstimmung mit der Nase und in ausgezeichneter Balance mit einer zarten \u00a0Weichheit. Eine intensive Zitrusfrucht begr\u00fc\u00dft einen langen und anhaltenden Abgang. Weinernte\u00a0 Er kommt aus [...]\" \/>\n<meta property=\"og:url\" content=\"https:\/\/shop.torricantine.com\/de\/produkt\/torri-bakan-schaumwein-brut-passerina-075l-bio-weisswein\/\" \/>\n<meta property=\"og:site_name\" content=\"Torri Cantine Store COM\" \/>\n<meta property=\"article:modified_time\" content=\"2025-08-07T22:00:13+00:00\" \/>\n<meta property=\"og:image\" content=\"https:\/\/shop.torricantine.com\/wp-content\/uploads\/2020\/09\/BAKAN_passerina_brut-1.png\" \/>\n\t<meta property=\"og:image:width\" content=\"310\" \/>\n\t<meta property=\"og:image:height\" content=\"799\" \/>\n\t<meta property=\"og:image:type\" content=\"image\/png\" \/>\n<meta name=\"twitter:card\" content=\"summary_large_image\" \/>\n<meta name=\"twitter:label1\" content=\"Gesch\u00e4tzte Lesezeit\" \/>\n\t<meta name=\"twitter:data1\" content=\"2\u00a0Minuten\" \/>\n<script type=\"application\/ld+json\" class=\"yoast-schema-graph\">{\"@context\":\"https:\\\/\\\/schema.org\",\"@graph\":[{\"@type\":\"WebPage\",\"@id\":\"https:\\\/\\\/shop.torricantine.com\\\/de\\\/produkt\\\/torri-bakan-schaumwein-brut-passerina-075l-bio-weisswein\\\/\",\"url\":\"https:\\\/\\\/shop.torricantine.com\\\/de\\\/produkt\\\/torri-bakan-schaumwein-brut-passerina-075l-bio-weisswein\\\/\",\"name\":\"Torri Bak\u00e0n Schaumwein Brut Passerina 0,75L Bio-Wei\u00dfwein - Torri Cantine Store COM\",\"isPartOf\":{\"@id\":\"https:\\\/\\\/shop.torricantine.com\\\/de\\\/#website\"},\"primaryImageOfPage\":{\"@id\":\"https:\\\/\\\/shop.torricantine.com\\\/de\\\/produkt\\\/torri-bakan-schaumwein-brut-passerina-075l-bio-weisswein\\\/#primaryimage\"},\"image\":{\"@id\":\"https:\\\/\\\/shop.torricantine.com\\\/de\\\/produkt\\\/torri-bakan-schaumwein-brut-passerina-075l-bio-weisswein\\\/#primaryimage\"},\"thumbnailUrl\":\"https:\\\/\\\/shop.torricantine.com\\\/wp-content\\\/uploads\\\/2020\\\/09\\\/BAKAN_passerina_brut-1.png\",\"datePublished\":\"2020-09-22T08:09:10+00:00\",\"dateModified\":\"2025-08-07T22:00:13+00:00\",\"breadcrumb\":{\"@id\":\"https:\\\/\\\/shop.torricantine.com\\\/de\\\/produkt\\\/torri-bakan-schaumwein-brut-passerina-075l-bio-weisswein\\\/#breadcrumb\"},\"inLanguage\":\"de\",\"potentialAction\":[{\"@type\":\"ReadAction\",\"target\":[\"https:\\\/\\\/shop.torricantine.com\\\/de\\\/produkt\\\/torri-bakan-schaumwein-brut-passerina-075l-bio-weisswein\\\/\"]}]},{\"@type\":\"ImageObject\",\"inLanguage\":\"de\",\"@id\":\"https:\\\/\\\/shop.torricantine.com\\\/de\\\/produkt\\\/torri-bakan-schaumwein-brut-passerina-075l-bio-weisswein\\\/#primaryimage\",\"url\":\"https:\\\/\\\/shop.torricantine.com\\\/wp-content\\\/uploads\\\/2020\\\/09\\\/BAKAN_passerina_brut-1.png\",\"contentUrl\":\"https:\\\/\\\/shop.torricantine.com\\\/wp-content\\\/uploads\\\/2020\\\/09\\\/BAKAN_passerina_brut-1.png\",\"width\":310,\"height\":799},{\"@type\":\"BreadcrumbList\",\"@id\":\"https:\\\/\\\/shop.torricantine.com\\\/de\\\/produkt\\\/torri-bakan-schaumwein-brut-passerina-075l-bio-weisswein\\\/#breadcrumb\",\"itemListElement\":[{\"@type\":\"ListItem\",\"position\":1,\"name\":\"Home\",\"item\":\"https:\\\/\\\/shop.torricantine.com\\\/de\\\/\"},{\"@type\":\"ListItem\",\"position\":2,\"name\":\"Shop\",\"item\":\"https:\\\/\\\/shop.torricantine.com\\\/de\\\/shop\\\/\"},{\"@type\":\"ListItem\",\"position\":3,\"name\":\"Torri Bak\u00e0n Schaumwein Brut Passerina 0,75L Bio-Wei\u00dfwein\"}]},{\"@type\":\"WebSite\",\"@id\":\"https:\\\/\\\/shop.torricantine.com\\\/de\\\/#website\",\"url\":\"https:\\\/\\\/shop.torricantine.com\\\/de\\\/\",\"name\":\"Torri Cantine Store COM\",\"description\":\"Online store of our winery in Italy\",\"publisher\":{\"@id\":\"https:\\\/\\\/shop.torricantine.com\\\/de\\\/#organization\"},\"potentialAction\":[{\"@type\":\"SearchAction\",\"target\":{\"@type\":\"EntryPoint\",\"urlTemplate\":\"https:\\\/\\\/shop.torricantine.com\\\/de\\\/?s={search_term_string}\"},\"query-input\":{\"@type\":\"PropertyValueSpecification\",\"valueRequired\":true,\"valueName\":\"search_term_string\"}}],\"inLanguage\":\"de\"},{\"@type\":\"Organization\",\"@id\":\"https:\\\/\\\/shop.torricantine.com\\\/de\\\/#organization\",\"name\":\"Torri Cantine\",\"url\":\"https:\\\/\\\/shop.torricantine.com\\\/de\\\/\",\"logo\":{\"@type\":\"ImageObject\",\"inLanguage\":\"de\",\"@id\":\"https:\\\/\\\/shop.torricantine.com\\\/de\\\/#\\\/schema\\\/logo\\\/image\\\/\",\"url\":\"https:\\\/\\\/shop.torricantine.com\\\/wp-content\\\/uploads\\\/2020\\\/04\\\/torri-store-logo_text.png\",\"contentUrl\":\"https:\\\/\\\/shop.torricantine.com\\\/wp-content\\\/uploads\\\/2020\\\/04\\\/torri-store-logo_text.png\",\"width\":289,\"height\":361,\"caption\":\"Torri Cantine\"},\"image\":{\"@id\":\"https:\\\/\\\/shop.torricantine.com\\\/de\\\/#\\\/schema\\\/logo\\\/image\\\/\"}}]}<\/script>\n<!-- \/ Yoast SEO plugin. -->","yoast_head_json":{"title":"Torri Bak\u00e0n Schaumwein Brut Passerina 0,75L Bio-Wei\u00dfwein - Torri Cantine Store COM","robots":{"index":"index","follow":"follow","max-snippet":"max-snippet:-1","max-image-preview":"max-image-preview:large","max-video-preview":"max-video-preview:-1"},"canonical":"https:\/\/shop.torricantine.com\/de\/produkt\/torri-bakan-schaumwein-brut-passerina-075l-bio-weisswein\/","og_locale":"de_DE","og_type":"article","og_title":"Torri Bak\u00e0n Schaumwein Brut Passerina 0,75L Bio-Wei\u00dfwein - Torri Cantine Store COM","og_description":"Farbe: Ein Strohgelb mit funkelnden goldenen Reflexen, mit einer lebhaften und z\u00e4hen Perlage. Geruch: nach wei\u00dfen Bl\u00fcten, darunter Salbei, Ginster, Pfirsich und Aprikose. Gaumen: scharf, frisch und herzhaft, in perfekter \u00dcbereinstimmung mit der Nase und in ausgezeichneter Balance mit einer zarten \u00a0Weichheit. Eine intensive Zitrusfrucht begr\u00fc\u00dft einen langen und anhaltenden Abgang. Weinernte\u00a0 Er kommt aus [...]","og_url":"https:\/\/shop.torricantine.com\/de\/produkt\/torri-bakan-schaumwein-brut-passerina-075l-bio-weisswein\/","og_site_name":"Torri Cantine Store COM","article_modified_time":"2025-08-07T22:00:13+00:00","og_image":[{"width":310,"height":799,"url":"https:\/\/shop.torricantine.com\/wp-content\/uploads\/2020\/09\/BAKAN_passerina_brut-1.png","type":"image\/png"}],"twitter_card":"summary_large_image","twitter_misc":{"Gesch\u00e4tzte Lesezeit":"2\u00a0Minuten"},"schema":{"@context":"https:\/\/schema.org","@graph":[{"@type":"WebPage","@id":"https:\/\/shop.torricantine.com\/de\/produkt\/torri-bakan-schaumwein-brut-passerina-075l-bio-weisswein\/","url":"https:\/\/shop.torricantine.com\/de\/produkt\/torri-bakan-schaumwein-brut-passerina-075l-bio-weisswein\/","name":"Torri Bak\u00e0n Schaumwein Brut Passerina 0,75L Bio-Wei\u00dfwein - Torri Cantine Store COM","isPartOf":{"@id":"https:\/\/shop.torricantine.com\/de\/#website"},"primaryImageOfPage":{"@id":"https:\/\/shop.torricantine.com\/de\/produkt\/torri-bakan-schaumwein-brut-passerina-075l-bio-weisswein\/#primaryimage"},"image":{"@id":"https:\/\/shop.torricantine.com\/de\/produkt\/torri-bakan-schaumwein-brut-passerina-075l-bio-weisswein\/#primaryimage"},"thumbnailUrl":"https:\/\/shop.torricantine.com\/wp-content\/uploads\/2020\/09\/BAKAN_passerina_brut-1.png","datePublished":"2020-09-22T08:09:10+00:00","dateModified":"2025-08-07T22:00:13+00:00","breadcrumb":{"@id":"https:\/\/shop.torricantine.com\/de\/produkt\/torri-bakan-schaumwein-brut-passerina-075l-bio-weisswein\/#breadcrumb"},"inLanguage":"de","potentialAction":[{"@type":"ReadAction","target":["https:\/\/shop.torricantine.com\/de\/produkt\/torri-bakan-schaumwein-brut-passerina-075l-bio-weisswein\/"]}]},{"@type":"ImageObject","inLanguage":"de","@id":"https:\/\/shop.torricantine.com\/de\/produkt\/torri-bakan-schaumwein-brut-passerina-075l-bio-weisswein\/#primaryimage","url":"https:\/\/shop.torricantine.com\/wp-content\/uploads\/2020\/09\/BAKAN_passerina_brut-1.png","contentUrl":"https:\/\/shop.torricantine.com\/wp-content\/uploads\/2020\/09\/BAKAN_passerina_brut-1.png","width":310,"height":799},{"@type":"BreadcrumbList","@id":"https:\/\/shop.torricantine.com\/de\/produkt\/torri-bakan-schaumwein-brut-passerina-075l-bio-weisswein\/#breadcrumb","itemListElement":[{"@type":"ListItem","position":1,"name":"Home","item":"https:\/\/shop.torricantine.com\/de\/"},{"@type":"ListItem","position":2,"name":"Shop","item":"https:\/\/shop.torricantine.com\/de\/shop\/"},{"@type":"ListItem","position":3,"name":"Torri Bak\u00e0n Schaumwein Brut Passerina 0,75L Bio-Wei\u00dfwein"}]},{"@type":"WebSite","@id":"https:\/\/shop.torricantine.com\/de\/#website","url":"https:\/\/shop.torricantine.com\/de\/","name":"Torri Cantine Store COM","description":"Online store of our winery in Italy","publisher":{"@id":"https:\/\/shop.torricantine.com\/de\/#organization"},"potentialAction":[{"@type":"SearchAction","target":{"@type":"EntryPoint","urlTemplate":"https:\/\/shop.torricantine.com\/de\/?s={search_term_string}"},"query-input":{"@type":"PropertyValueSpecification","valueRequired":true,"valueName":"search_term_string"}}],"inLanguage":"de"},{"@type":"Organization","@id":"https:\/\/shop.torricantine.com\/de\/#organization","name":"Torri Cantine","url":"https:\/\/shop.torricantine.com\/de\/","logo":{"@type":"ImageObject","inLanguage":"de","@id":"https:\/\/shop.torricantine.com\/de\/#\/schema\/logo\/image\/","url":"https:\/\/shop.torricantine.com\/wp-content\/uploads\/2020\/04\/torri-store-logo_text.png","contentUrl":"https:\/\/shop.torricantine.com\/wp-content\/uploads\/2020\/04\/torri-store-logo_text.png","width":289,"height":361,"caption":"Torri Cantine"},"image":{"@id":"https:\/\/shop.torricantine.com\/de\/#\/schema\/logo\/image\/"}}]}},"_links":{"self":[{"href":"https:\/\/shop.torricantine.com\/de\/wp-json\/wp\/v2\/product\/26003","targetHints":{"allow":["GET"]}}],"collection":[{"href":"https:\/\/shop.torricantine.com\/de\/wp-json\/wp\/v2\/product"}],"about":[{"href":"https:\/\/shop.torricantine.com\/de\/wp-json\/wp\/v2\/types\/product"}],"replies":[{"embeddable":true,"href":"https:\/\/shop.torricantine.com\/de\/wp-json\/wp\/v2\/comments?post=26003"}],"wp:featuredmedia":[{"embeddable":true,"href":"https:\/\/shop.torricantine.com\/de\/wp-json\/wp\/v2\/media\/56981"}],"wp:attachment":[{"href":"https:\/\/shop.torricantine.com\/de\/wp-json\/wp\/v2\/media?parent=26003"}],"wp:term":[{"taxonomy":"product_brand","embeddable":true,"href":"https:\/\/shop.torricantine.com\/de\/wp-json\/wp\/v2\/product_brand?post=26003"},{"taxonomy":"product_cat","embeddable":true,"href":"https:\/\/shop.torricantine.com\/de\/wp-json\/wp\/v2\/product_cat?post=26003"},{"taxonomy":"product_tag","embeddable":true,"href":"https:\/\/shop.torricantine.com\/de\/wp-json\/wp\/v2\/product_tag?post=26003"}],"curies":[{"name":"wp","href":"https:\/\/api.w.org\/{rel}","templated":true}]}}