{"id":26002,"date":"2020-09-22T09:50:58","date_gmt":"2020-09-22T07:50:58","guid":{"rendered":"https:\/\/shop.torricantine.com\/product\/bakan-pecorino-mousseux-brut-biologique-075l\/"},"modified":"2025-08-08T00:00:14","modified_gmt":"2025-08-07T22:00:14","slug":"bakan-pecorino-mousseux-brut-biologique-075l","status":"publish","type":"product","link":"https:\/\/shop.torricantine.com\/de\/produkt\/bakan-pecorino-mousseux-brut-biologique-075l\/","title":{"rendered":"Torri Bak\u00e0n Schaumwein Brut Pecorino 0,75L Bio-Wei\u00dfwein"},"content":{"rendered":"<p><strong>Farbe<\/strong>: Ein helles Strohgelb mit funkelnden goldenen Reflexen, mit einer lebhaften und z\u00e4hen Perlage.<br \/>\n<strong>Geruch<\/strong>: Der Duft erinnert an eleganten Noten von wei\u00dfen Bl\u00fctenbl\u00e4ttern und gelben Fr\u00fcchten, Ginster, Jasmin, wei\u00dfem Pfirsich und Aprikose.<br \/>\n<strong>Gaumen<\/strong>: Eine explosive Frische, unterst\u00fctzt von einem herrlichen Geschmack in ausgezeichneter Balance mit den anderen Sinnen, der Abgang kommt mit einem anhaltenden Zitrusfrucht Aroma und einer mineralischen Note, die an das Meer erinnert.<\/p>\n<p><strong>Weinernte<\/strong><br \/>\nEr kommt aus einem Gebiet bestens geeignet f\u00fcr den Anbau von Wei\u00dfwein in den Abruzzen, aus einem alten Weinberg in Tendone. Dies befindet sich in idealer H\u00f6he, um einen beeindruckenden Temperaturbereich und eine hervorragende Beleuchtung zu gew\u00e4hrleisten.<\/p>\n<p>Ein Wein aus der Passerina Traube, die Anfang September aus einer streng manuellen Ernte und aus einem zertifizierten \u00f6kologischen Anbau gewonnen wurde, mit dem gr\u00f6\u00dftm\u00f6glichen Respekt f\u00fcr die Umwelt.<\/p>\n<p><strong>Weinzubereitung<\/strong><br \/>\nDie Vinifikation erfolgt in thermokonditionierten Stahlbottichen, danach kommt ein Schaumprozess nach der Martinotti-Charmat-Methode f\u00fcr mindestens 3 Monate in einem Druckgef\u00e4\u00df, und anschlie\u00dfender Abf\u00fcllung und Verschluss.<\/p>\n<p><strong>So kombinieren Sie Ihn<\/strong><br \/>\nDies ist ein Sekt, der kalt bei maximal 4-6 Grad serviert wird, mit Aperitifs, Vorspeisen, Meeresfr\u00fcchten, vegetarischen Gerichten, Fleisch und K\u00e4se.<\/p>\n<p>Wir empfehlen ihn mit Gebratenen Tintenfisch und Garnelen, Ricotta-Ravioli, Auberginen-Frikadellen oder ein Putenbr\u00f6tchen.<\/p>\n","protected":false},"excerpt":{"rendered":"<p>Farbe: Ein helles Strohgelb mit funkelnden goldenen Reflexen, mit einer lebhaften und z\u00e4hen Perlage. Geruch: Der Duft erinnert an eleganten Noten von wei\u00dfen Bl\u00fctenbl\u00e4ttern und gelben Fr\u00fcchten, Ginster, Jasmin, wei\u00dfem Pfirsich und Aprikose. Gaumen: Eine explosive Frische, unterst\u00fctzt von einem herrlichen Geschmack in ausgezeichneter Balance mit den anderen Sinnen, der Abgang kommt mit einem anhaltenden [&#8230;]\n","protected":false},"featured_media":56990,"comment_status":"open","ping_status":"closed","template":"","meta":[],"product_brand":[],"product_cat":[476,173,439,187,175],"product_tag":[452,186],"class_list":{"0":"post-26002","1":"product","2":"type-product","3":"status-publish","4":"has-post-thumbnail","6":"product_cat-bakan-de","7":"product_cat-biologische","8":"product_cat-flaschen","9":"product_cat-schaumweine","10":"product_cat-torri-cantine-de","11":"product_tag-brut-de","12":"product_tag-flasche","13":"product_shipping_class-bottiglie","15":"first","16":"instock","17":"taxable","18":"shipping-taxable","19":"purchasable","20":"product-type-simple"},"bundled_by":[],"bundle_stock_status":"instock","bundle_stock_quantity":null,"bundle_virtual":false,"bundle_layout":"","bundle_add_to_cart_form_location":"","bundle_editable_in_cart":false,"bundle_sold_individually_context":"","bundle_item_grouping":"","bundle_min_size":"","bundle_max_size":"","bundle_price":[],"bundled_items":[],"bundle_sell_ids":[],"yoast_head":"<!-- This site is optimized with the Yoast SEO plugin v27.4 - https:\/\/yoast.com\/product\/yoast-seo-wordpress\/ -->\n<title>Torri Bak\u00e0n Schaumwein Brut Pecorino 0,75L Bio-Wei\u00dfwein - Torri Cantine Store COM<\/title>\n<meta name=\"robots\" content=\"index, follow, max-snippet:-1, max-image-preview:large, max-video-preview:-1\" \/>\n<link rel=\"canonical\" href=\"https:\/\/shop.torricantine.com\/de\/produkt\/bakan-pecorino-mousseux-brut-biologique-075l\/\" \/>\n<meta property=\"og:locale\" content=\"de_DE\" \/>\n<meta property=\"og:type\" content=\"article\" \/>\n<meta property=\"og:title\" content=\"Torri Bak\u00e0n Schaumwein Brut Pecorino 0,75L Bio-Wei\u00dfwein - Torri Cantine Store COM\" \/>\n<meta property=\"og:description\" content=\"Farbe: Ein helles Strohgelb mit funkelnden goldenen Reflexen, mit einer lebhaften und z\u00e4hen Perlage. Geruch: Der Duft erinnert an eleganten Noten von wei\u00dfen Bl\u00fctenbl\u00e4ttern und gelben Fr\u00fcchten, Ginster, Jasmin, wei\u00dfem Pfirsich und Aprikose. Gaumen: Eine explosive Frische, unterst\u00fctzt von einem herrlichen Geschmack in ausgezeichneter Balance mit den anderen Sinnen, der Abgang kommt mit einem anhaltenden [...]\" \/>\n<meta property=\"og:url\" content=\"https:\/\/shop.torricantine.com\/de\/produkt\/bakan-pecorino-mousseux-brut-biologique-075l\/\" \/>\n<meta property=\"og:site_name\" content=\"Torri Cantine Store COM\" \/>\n<meta property=\"article:modified_time\" content=\"2025-08-07T22:00:14+00:00\" \/>\n<meta property=\"og:image\" content=\"https:\/\/shop.torricantine.com\/wp-content\/uploads\/2020\/09\/BAKAN_pecorino-brut-1.png\" \/>\n\t<meta property=\"og:image:width\" content=\"310\" \/>\n\t<meta property=\"og:image:height\" content=\"799\" \/>\n\t<meta property=\"og:image:type\" content=\"image\/png\" \/>\n<meta name=\"twitter:card\" content=\"summary_large_image\" \/>\n<meta name=\"twitter:label1\" content=\"Gesch\u00e4tzte Lesezeit\" \/>\n\t<meta name=\"twitter:data1\" content=\"2\u00a0Minuten\" \/>\n<script type=\"application\/ld+json\" class=\"yoast-schema-graph\">{\"@context\":\"https:\\\/\\\/schema.org\",\"@graph\":[{\"@type\":\"WebPage\",\"@id\":\"https:\\\/\\\/shop.torricantine.com\\\/de\\\/produkt\\\/bakan-pecorino-mousseux-brut-biologique-075l\\\/\",\"url\":\"https:\\\/\\\/shop.torricantine.com\\\/de\\\/produkt\\\/bakan-pecorino-mousseux-brut-biologique-075l\\\/\",\"name\":\"Torri Bak\u00e0n Schaumwein Brut Pecorino 0,75L Bio-Wei\u00dfwein - Torri Cantine Store COM\",\"isPartOf\":{\"@id\":\"https:\\\/\\\/shop.torricantine.com\\\/de\\\/#website\"},\"primaryImageOfPage\":{\"@id\":\"https:\\\/\\\/shop.torricantine.com\\\/de\\\/produkt\\\/bakan-pecorino-mousseux-brut-biologique-075l\\\/#primaryimage\"},\"image\":{\"@id\":\"https:\\\/\\\/shop.torricantine.com\\\/de\\\/produkt\\\/bakan-pecorino-mousseux-brut-biologique-075l\\\/#primaryimage\"},\"thumbnailUrl\":\"https:\\\/\\\/shop.torricantine.com\\\/wp-content\\\/uploads\\\/2020\\\/09\\\/BAKAN_pecorino-brut-1.png\",\"datePublished\":\"2020-09-22T07:50:58+00:00\",\"dateModified\":\"2025-08-07T22:00:14+00:00\",\"breadcrumb\":{\"@id\":\"https:\\\/\\\/shop.torricantine.com\\\/de\\\/produkt\\\/bakan-pecorino-mousseux-brut-biologique-075l\\\/#breadcrumb\"},\"inLanguage\":\"de\",\"potentialAction\":[{\"@type\":\"ReadAction\",\"target\":[\"https:\\\/\\\/shop.torricantine.com\\\/de\\\/produkt\\\/bakan-pecorino-mousseux-brut-biologique-075l\\\/\"]}]},{\"@type\":\"ImageObject\",\"inLanguage\":\"de\",\"@id\":\"https:\\\/\\\/shop.torricantine.com\\\/de\\\/produkt\\\/bakan-pecorino-mousseux-brut-biologique-075l\\\/#primaryimage\",\"url\":\"https:\\\/\\\/shop.torricantine.com\\\/wp-content\\\/uploads\\\/2020\\\/09\\\/BAKAN_pecorino-brut-1.png\",\"contentUrl\":\"https:\\\/\\\/shop.torricantine.com\\\/wp-content\\\/uploads\\\/2020\\\/09\\\/BAKAN_pecorino-brut-1.png\",\"width\":310,\"height\":799},{\"@type\":\"BreadcrumbList\",\"@id\":\"https:\\\/\\\/shop.torricantine.com\\\/de\\\/produkt\\\/bakan-pecorino-mousseux-brut-biologique-075l\\\/#breadcrumb\",\"itemListElement\":[{\"@type\":\"ListItem\",\"position\":1,\"name\":\"Home\",\"item\":\"https:\\\/\\\/shop.torricantine.com\\\/de\\\/\"},{\"@type\":\"ListItem\",\"position\":2,\"name\":\"Shop\",\"item\":\"https:\\\/\\\/shop.torricantine.com\\\/de\\\/shop\\\/\"},{\"@type\":\"ListItem\",\"position\":3,\"name\":\"Torri Bak\u00e0n Schaumwein Brut Pecorino 0,75L Bio-Wei\u00dfwein\"}]},{\"@type\":\"WebSite\",\"@id\":\"https:\\\/\\\/shop.torricantine.com\\\/de\\\/#website\",\"url\":\"https:\\\/\\\/shop.torricantine.com\\\/de\\\/\",\"name\":\"Torri Cantine Store COM\",\"description\":\"Online store of our winery in Italy\",\"publisher\":{\"@id\":\"https:\\\/\\\/shop.torricantine.com\\\/de\\\/#organization\"},\"potentialAction\":[{\"@type\":\"SearchAction\",\"target\":{\"@type\":\"EntryPoint\",\"urlTemplate\":\"https:\\\/\\\/shop.torricantine.com\\\/de\\\/?s={search_term_string}\"},\"query-input\":{\"@type\":\"PropertyValueSpecification\",\"valueRequired\":true,\"valueName\":\"search_term_string\"}}],\"inLanguage\":\"de\"},{\"@type\":\"Organization\",\"@id\":\"https:\\\/\\\/shop.torricantine.com\\\/de\\\/#organization\",\"name\":\"Torri Cantine\",\"url\":\"https:\\\/\\\/shop.torricantine.com\\\/de\\\/\",\"logo\":{\"@type\":\"ImageObject\",\"inLanguage\":\"de\",\"@id\":\"https:\\\/\\\/shop.torricantine.com\\\/de\\\/#\\\/schema\\\/logo\\\/image\\\/\",\"url\":\"https:\\\/\\\/shop.torricantine.com\\\/wp-content\\\/uploads\\\/2020\\\/04\\\/torri-store-logo_text.png\",\"contentUrl\":\"https:\\\/\\\/shop.torricantine.com\\\/wp-content\\\/uploads\\\/2020\\\/04\\\/torri-store-logo_text.png\",\"width\":289,\"height\":361,\"caption\":\"Torri Cantine\"},\"image\":{\"@id\":\"https:\\\/\\\/shop.torricantine.com\\\/de\\\/#\\\/schema\\\/logo\\\/image\\\/\"}}]}<\/script>\n<!-- \/ Yoast SEO plugin. -->","yoast_head_json":{"title":"Torri Bak\u00e0n Schaumwein Brut Pecorino 0,75L Bio-Wei\u00dfwein - Torri Cantine Store COM","robots":{"index":"index","follow":"follow","max-snippet":"max-snippet:-1","max-image-preview":"max-image-preview:large","max-video-preview":"max-video-preview:-1"},"canonical":"https:\/\/shop.torricantine.com\/de\/produkt\/bakan-pecorino-mousseux-brut-biologique-075l\/","og_locale":"de_DE","og_type":"article","og_title":"Torri Bak\u00e0n Schaumwein Brut Pecorino 0,75L Bio-Wei\u00dfwein - Torri Cantine Store COM","og_description":"Farbe: Ein helles Strohgelb mit funkelnden goldenen Reflexen, mit einer lebhaften und z\u00e4hen Perlage. Geruch: Der Duft erinnert an eleganten Noten von wei\u00dfen Bl\u00fctenbl\u00e4ttern und gelben Fr\u00fcchten, Ginster, Jasmin, wei\u00dfem Pfirsich und Aprikose. Gaumen: Eine explosive Frische, unterst\u00fctzt von einem herrlichen Geschmack in ausgezeichneter Balance mit den anderen Sinnen, der Abgang kommt mit einem anhaltenden [...]","og_url":"https:\/\/shop.torricantine.com\/de\/produkt\/bakan-pecorino-mousseux-brut-biologique-075l\/","og_site_name":"Torri Cantine Store COM","article_modified_time":"2025-08-07T22:00:14+00:00","og_image":[{"width":310,"height":799,"url":"https:\/\/shop.torricantine.com\/wp-content\/uploads\/2020\/09\/BAKAN_pecorino-brut-1.png","type":"image\/png"}],"twitter_card":"summary_large_image","twitter_misc":{"Gesch\u00e4tzte Lesezeit":"2\u00a0Minuten"},"schema":{"@context":"https:\/\/schema.org","@graph":[{"@type":"WebPage","@id":"https:\/\/shop.torricantine.com\/de\/produkt\/bakan-pecorino-mousseux-brut-biologique-075l\/","url":"https:\/\/shop.torricantine.com\/de\/produkt\/bakan-pecorino-mousseux-brut-biologique-075l\/","name":"Torri Bak\u00e0n Schaumwein Brut Pecorino 0,75L Bio-Wei\u00dfwein - Torri Cantine Store COM","isPartOf":{"@id":"https:\/\/shop.torricantine.com\/de\/#website"},"primaryImageOfPage":{"@id":"https:\/\/shop.torricantine.com\/de\/produkt\/bakan-pecorino-mousseux-brut-biologique-075l\/#primaryimage"},"image":{"@id":"https:\/\/shop.torricantine.com\/de\/produkt\/bakan-pecorino-mousseux-brut-biologique-075l\/#primaryimage"},"thumbnailUrl":"https:\/\/shop.torricantine.com\/wp-content\/uploads\/2020\/09\/BAKAN_pecorino-brut-1.png","datePublished":"2020-09-22T07:50:58+00:00","dateModified":"2025-08-07T22:00:14+00:00","breadcrumb":{"@id":"https:\/\/shop.torricantine.com\/de\/produkt\/bakan-pecorino-mousseux-brut-biologique-075l\/#breadcrumb"},"inLanguage":"de","potentialAction":[{"@type":"ReadAction","target":["https:\/\/shop.torricantine.com\/de\/produkt\/bakan-pecorino-mousseux-brut-biologique-075l\/"]}]},{"@type":"ImageObject","inLanguage":"de","@id":"https:\/\/shop.torricantine.com\/de\/produkt\/bakan-pecorino-mousseux-brut-biologique-075l\/#primaryimage","url":"https:\/\/shop.torricantine.com\/wp-content\/uploads\/2020\/09\/BAKAN_pecorino-brut-1.png","contentUrl":"https:\/\/shop.torricantine.com\/wp-content\/uploads\/2020\/09\/BAKAN_pecorino-brut-1.png","width":310,"height":799},{"@type":"BreadcrumbList","@id":"https:\/\/shop.torricantine.com\/de\/produkt\/bakan-pecorino-mousseux-brut-biologique-075l\/#breadcrumb","itemListElement":[{"@type":"ListItem","position":1,"name":"Home","item":"https:\/\/shop.torricantine.com\/de\/"},{"@type":"ListItem","position":2,"name":"Shop","item":"https:\/\/shop.torricantine.com\/de\/shop\/"},{"@type":"ListItem","position":3,"name":"Torri Bak\u00e0n Schaumwein Brut Pecorino 0,75L Bio-Wei\u00dfwein"}]},{"@type":"WebSite","@id":"https:\/\/shop.torricantine.com\/de\/#website","url":"https:\/\/shop.torricantine.com\/de\/","name":"Torri Cantine Store COM","description":"Online store of our winery in Italy","publisher":{"@id":"https:\/\/shop.torricantine.com\/de\/#organization"},"potentialAction":[{"@type":"SearchAction","target":{"@type":"EntryPoint","urlTemplate":"https:\/\/shop.torricantine.com\/de\/?s={search_term_string}"},"query-input":{"@type":"PropertyValueSpecification","valueRequired":true,"valueName":"search_term_string"}}],"inLanguage":"de"},{"@type":"Organization","@id":"https:\/\/shop.torricantine.com\/de\/#organization","name":"Torri Cantine","url":"https:\/\/shop.torricantine.com\/de\/","logo":{"@type":"ImageObject","inLanguage":"de","@id":"https:\/\/shop.torricantine.com\/de\/#\/schema\/logo\/image\/","url":"https:\/\/shop.torricantine.com\/wp-content\/uploads\/2020\/04\/torri-store-logo_text.png","contentUrl":"https:\/\/shop.torricantine.com\/wp-content\/uploads\/2020\/04\/torri-store-logo_text.png","width":289,"height":361,"caption":"Torri Cantine"},"image":{"@id":"https:\/\/shop.torricantine.com\/de\/#\/schema\/logo\/image\/"}}]}},"_links":{"self":[{"href":"https:\/\/shop.torricantine.com\/de\/wp-json\/wp\/v2\/product\/26002","targetHints":{"allow":["GET"]}}],"collection":[{"href":"https:\/\/shop.torricantine.com\/de\/wp-json\/wp\/v2\/product"}],"about":[{"href":"https:\/\/shop.torricantine.com\/de\/wp-json\/wp\/v2\/types\/product"}],"replies":[{"embeddable":true,"href":"https:\/\/shop.torricantine.com\/de\/wp-json\/wp\/v2\/comments?post=26002"}],"wp:featuredmedia":[{"embeddable":true,"href":"https:\/\/shop.torricantine.com\/de\/wp-json\/wp\/v2\/media\/56990"}],"wp:attachment":[{"href":"https:\/\/shop.torricantine.com\/de\/wp-json\/wp\/v2\/media?parent=26002"}],"wp:term":[{"taxonomy":"product_brand","embeddable":true,"href":"https:\/\/shop.torricantine.com\/de\/wp-json\/wp\/v2\/product_brand?post=26002"},{"taxonomy":"product_cat","embeddable":true,"href":"https:\/\/shop.torricantine.com\/de\/wp-json\/wp\/v2\/product_cat?post=26002"},{"taxonomy":"product_tag","embeddable":true,"href":"https:\/\/shop.torricantine.com\/de\/wp-json\/wp\/v2\/product_tag?post=26002"}],"curies":[{"name":"wp","href":"https:\/\/api.w.org\/{rel}","templated":true}]}}