{"id":25984,"date":"2020-09-22T10:22:44","date_gmt":"2020-09-22T08:22:44","guid":{"rendered":"https:\/\/shop.torricantine.com\/product\/canatura-pecorino-weisswein-igt\/"},"modified":"2025-07-21T00:00:19","modified_gmt":"2025-07-20T22:00:19","slug":"canatura-pecorino-weisswein-igt","status":"publish","type":"product","link":"https:\/\/shop.torricantine.com\/de\/produkt\/canatura-pecorino-weisswein-igt\/","title":{"rendered":"Ca\u2019Natura Pecorino Wei\u00dfwein IGT BIO"},"content":{"rendered":"<p><strong>Farbe<\/strong>: Strohgelbmit goldenen Reflexen, mit einer guten Konsistenz<br \/>\n<strong>Geruch<\/strong>: intensiv, elegant mit fruchtigen Noten von Aprikose, Zitrusfr\u00fcchten, tropischer Ananas und Limette.<br \/>\n<strong>Gaumen<\/strong>: Eine energetische Frische durchdringt den Mund mit einer Mineralit\u00e4t, die perfekt mit der W\u00e4rme eines Weins mit einem bestimmten Charakter ausgeglichen ist. Krautige pflanzliche Noten begleiten die Geruchsd\u00fcfte in einem langen mineralischen Abgang.<\/p>\n<p><strong>Weinernte<\/strong><br \/>\nEr kommt aus einem Gebiet bestens geeignet f\u00fcr den Anbau von Wei\u00dfwein in den Abruzzen, aus einem alten Weinberg in Tendone. Dies befindet sich in idealer H\u00f6he, um einen beeindruckenden Temperaturbereich und eine hervorragende Beleuchtung zu gew\u00e4hrleisten.<\/p>\n<p>Ein Wein, der Anfang September aus einer streng manuellen Ernte und aus einem zertifizierten \u00f6kologischen Anbau gewonnen wurde, mit dem gr\u00f6\u00dftm\u00f6glichen Respekt f\u00fcr die Umwelt.<\/p>\n<p><strong>Weinzubereitung<\/strong><br \/>\nDie Vinifizierung erfolgt in Temperatur-kontrollierten Stahlbottichen, dann kommt eine 3-monatige Verfeinerung und zuletzt wird er in die Flasche unter vollst\u00e4ndigem Ausschluss von Sauerstoff gef\u00fcllt.<\/p>\n<p><strong>So kombinieren Sie Ihn<\/strong><br \/>\nEin Wein, der kalt bei maximal 6-8 Grad mit Aperitifs, Vorspeisen, Meeresfr\u00fcchten, vegetarischen Gerichten, wei\u00dfem Fleisch und frischem oder mittelgereiftem K\u00e4se serviert wird.<\/p>\n<p>Wir empfehlen ihn mit einem Schwertfisch, Kichererbsen und Garnelen, Cannelloni mit Spinat und Mail\u00e4nder Schnitzel<\/p>\n","protected":false},"excerpt":{"rendered":"<p>Farbe: Strohgelbmit goldenen Reflexen, mit einer guten Konsistenz Geruch: intensiv, elegant mit fruchtigen Noten von Aprikose, Zitrusfr\u00fcchten, tropischer Ananas und Limette. Gaumen: Eine energetische Frische durchdringt den Mund mit einer Mineralit\u00e4t, die perfekt mit der W\u00e4rme eines Weins mit einem bestimmten Charakter ausgeglichen ist. Krautige pflanzliche Noten begleiten die Geruchsd\u00fcfte in einem langen mineralischen Abgang. [&#8230;]\n","protected":false},"featured_media":56972,"comment_status":"open","ping_status":"closed","template":"","meta":[],"product_brand":[],"product_cat":[173,185,439,175,179],"product_tag":[186],"class_list":{"0":"post-25984","1":"product","2":"type-product","3":"status-publish","4":"has-post-thumbnail","6":"product_cat-biologische","7":"product_cat-canatura","8":"product_cat-flaschen","9":"product_cat-torri-cantine-de","10":"product_cat-weissweine","11":"product_tag-flasche","12":"product_shipping_class-bottiglie","14":"first","15":"instock","16":"taxable","17":"shipping-taxable","18":"purchasable","19":"product-type-simple"},"bundled_by":["25480","28940","57902","76657","82249","82253"],"bundle_stock_status":"instock","bundle_stock_quantity":null,"bundle_virtual":false,"bundle_layout":"","bundle_add_to_cart_form_location":"","bundle_editable_in_cart":false,"bundle_sold_individually_context":"","bundle_item_grouping":"","bundle_min_size":"","bundle_max_size":"","bundle_price":[],"bundled_items":[],"bundle_sell_ids":[],"yoast_head":"<!-- This site is optimized with the Yoast SEO plugin v27.4 - https:\/\/yoast.com\/product\/yoast-seo-wordpress\/ -->\n<title>Ca\u2019Natura Pecorino Wei\u00dfwein IGT BIO - Torri Cantine Store COM<\/title>\n<meta name=\"robots\" content=\"index, follow, max-snippet:-1, max-image-preview:large, max-video-preview:-1\" \/>\n<link rel=\"canonical\" href=\"https:\/\/shop.torricantine.com\/de\/produkt\/canatura-pecorino-weisswein-igt\/\" \/>\n<meta property=\"og:locale\" content=\"de_DE\" \/>\n<meta property=\"og:type\" content=\"article\" \/>\n<meta property=\"og:title\" content=\"Ca\u2019Natura Pecorino Wei\u00dfwein IGT BIO - Torri Cantine Store COM\" \/>\n<meta property=\"og:description\" content=\"Farbe: Strohgelbmit goldenen Reflexen, mit einer guten Konsistenz Geruch: intensiv, elegant mit fruchtigen Noten von Aprikose, Zitrusfr\u00fcchten, tropischer Ananas und Limette. Gaumen: Eine energetische Frische durchdringt den Mund mit einer Mineralit\u00e4t, die perfekt mit der W\u00e4rme eines Weins mit einem bestimmten Charakter ausgeglichen ist. Krautige pflanzliche Noten begleiten die Geruchsd\u00fcfte in einem langen mineralischen Abgang. [...]\" \/>\n<meta property=\"og:url\" content=\"https:\/\/shop.torricantine.com\/de\/produkt\/canatura-pecorino-weisswein-igt\/\" \/>\n<meta property=\"og:site_name\" content=\"Torri Cantine Store COM\" \/>\n<meta property=\"article:modified_time\" content=\"2025-07-20T22:00:19+00:00\" \/>\n<meta property=\"og:image\" content=\"https:\/\/shop.torricantine.com\/wp-content\/uploads\/2020\/09\/CANATURA_pecorino-1.png\" \/>\n\t<meta property=\"og:image:width\" content=\"234\" \/>\n\t<meta property=\"og:image:height\" content=\"799\" \/>\n\t<meta property=\"og:image:type\" content=\"image\/png\" \/>\n<meta name=\"twitter:card\" content=\"summary_large_image\" \/>\n<meta name=\"twitter:label1\" content=\"Gesch\u00e4tzte Lesezeit\" \/>\n\t<meta name=\"twitter:data1\" content=\"2\u00a0Minuten\" \/>\n<script type=\"application\/ld+json\" class=\"yoast-schema-graph\">{\"@context\":\"https:\\\/\\\/schema.org\",\"@graph\":[{\"@type\":\"WebPage\",\"@id\":\"https:\\\/\\\/shop.torricantine.com\\\/de\\\/produkt\\\/canatura-pecorino-weisswein-igt\\\/\",\"url\":\"https:\\\/\\\/shop.torricantine.com\\\/de\\\/produkt\\\/canatura-pecorino-weisswein-igt\\\/\",\"name\":\"Ca\u2019Natura Pecorino Wei\u00dfwein IGT BIO - Torri Cantine Store COM\",\"isPartOf\":{\"@id\":\"https:\\\/\\\/shop.torricantine.com\\\/de\\\/#website\"},\"primaryImageOfPage\":{\"@id\":\"https:\\\/\\\/shop.torricantine.com\\\/de\\\/produkt\\\/canatura-pecorino-weisswein-igt\\\/#primaryimage\"},\"image\":{\"@id\":\"https:\\\/\\\/shop.torricantine.com\\\/de\\\/produkt\\\/canatura-pecorino-weisswein-igt\\\/#primaryimage\"},\"thumbnailUrl\":\"https:\\\/\\\/shop.torricantine.com\\\/wp-content\\\/uploads\\\/2020\\\/09\\\/CANATURA_pecorino-1.png\",\"datePublished\":\"2020-09-22T08:22:44+00:00\",\"dateModified\":\"2025-07-20T22:00:19+00:00\",\"breadcrumb\":{\"@id\":\"https:\\\/\\\/shop.torricantine.com\\\/de\\\/produkt\\\/canatura-pecorino-weisswein-igt\\\/#breadcrumb\"},\"inLanguage\":\"de\",\"potentialAction\":[{\"@type\":\"ReadAction\",\"target\":[\"https:\\\/\\\/shop.torricantine.com\\\/de\\\/produkt\\\/canatura-pecorino-weisswein-igt\\\/\"]}]},{\"@type\":\"ImageObject\",\"inLanguage\":\"de\",\"@id\":\"https:\\\/\\\/shop.torricantine.com\\\/de\\\/produkt\\\/canatura-pecorino-weisswein-igt\\\/#primaryimage\",\"url\":\"https:\\\/\\\/shop.torricantine.com\\\/wp-content\\\/uploads\\\/2020\\\/09\\\/CANATURA_pecorino-1.png\",\"contentUrl\":\"https:\\\/\\\/shop.torricantine.com\\\/wp-content\\\/uploads\\\/2020\\\/09\\\/CANATURA_pecorino-1.png\",\"width\":234,\"height\":799},{\"@type\":\"BreadcrumbList\",\"@id\":\"https:\\\/\\\/shop.torricantine.com\\\/de\\\/produkt\\\/canatura-pecorino-weisswein-igt\\\/#breadcrumb\",\"itemListElement\":[{\"@type\":\"ListItem\",\"position\":1,\"name\":\"Home\",\"item\":\"https:\\\/\\\/shop.torricantine.com\\\/de\\\/\"},{\"@type\":\"ListItem\",\"position\":2,\"name\":\"Shop\",\"item\":\"https:\\\/\\\/shop.torricantine.com\\\/de\\\/shop\\\/\"},{\"@type\":\"ListItem\",\"position\":3,\"name\":\"Ca\u2019Natura Pecorino Wei\u00dfwein IGT BIO\"}]},{\"@type\":\"WebSite\",\"@id\":\"https:\\\/\\\/shop.torricantine.com\\\/de\\\/#website\",\"url\":\"https:\\\/\\\/shop.torricantine.com\\\/de\\\/\",\"name\":\"Torri Cantine Store COM\",\"description\":\"Online store of our winery in Italy\",\"publisher\":{\"@id\":\"https:\\\/\\\/shop.torricantine.com\\\/de\\\/#organization\"},\"potentialAction\":[{\"@type\":\"SearchAction\",\"target\":{\"@type\":\"EntryPoint\",\"urlTemplate\":\"https:\\\/\\\/shop.torricantine.com\\\/de\\\/?s={search_term_string}\"},\"query-input\":{\"@type\":\"PropertyValueSpecification\",\"valueRequired\":true,\"valueName\":\"search_term_string\"}}],\"inLanguage\":\"de\"},{\"@type\":\"Organization\",\"@id\":\"https:\\\/\\\/shop.torricantine.com\\\/de\\\/#organization\",\"name\":\"Torri Cantine\",\"url\":\"https:\\\/\\\/shop.torricantine.com\\\/de\\\/\",\"logo\":{\"@type\":\"ImageObject\",\"inLanguage\":\"de\",\"@id\":\"https:\\\/\\\/shop.torricantine.com\\\/de\\\/#\\\/schema\\\/logo\\\/image\\\/\",\"url\":\"https:\\\/\\\/shop.torricantine.com\\\/wp-content\\\/uploads\\\/2020\\\/04\\\/torri-store-logo_text.png\",\"contentUrl\":\"https:\\\/\\\/shop.torricantine.com\\\/wp-content\\\/uploads\\\/2020\\\/04\\\/torri-store-logo_text.png\",\"width\":289,\"height\":361,\"caption\":\"Torri Cantine\"},\"image\":{\"@id\":\"https:\\\/\\\/shop.torricantine.com\\\/de\\\/#\\\/schema\\\/logo\\\/image\\\/\"}}]}<\/script>\n<!-- \/ Yoast SEO plugin. -->","yoast_head_json":{"title":"Ca\u2019Natura Pecorino Wei\u00dfwein IGT BIO - Torri Cantine Store COM","robots":{"index":"index","follow":"follow","max-snippet":"max-snippet:-1","max-image-preview":"max-image-preview:large","max-video-preview":"max-video-preview:-1"},"canonical":"https:\/\/shop.torricantine.com\/de\/produkt\/canatura-pecorino-weisswein-igt\/","og_locale":"de_DE","og_type":"article","og_title":"Ca\u2019Natura Pecorino Wei\u00dfwein IGT BIO - Torri Cantine Store COM","og_description":"Farbe: Strohgelbmit goldenen Reflexen, mit einer guten Konsistenz Geruch: intensiv, elegant mit fruchtigen Noten von Aprikose, Zitrusfr\u00fcchten, tropischer Ananas und Limette. Gaumen: Eine energetische Frische durchdringt den Mund mit einer Mineralit\u00e4t, die perfekt mit der W\u00e4rme eines Weins mit einem bestimmten Charakter ausgeglichen ist. Krautige pflanzliche Noten begleiten die Geruchsd\u00fcfte in einem langen mineralischen Abgang. [...]","og_url":"https:\/\/shop.torricantine.com\/de\/produkt\/canatura-pecorino-weisswein-igt\/","og_site_name":"Torri Cantine Store COM","article_modified_time":"2025-07-20T22:00:19+00:00","og_image":[{"width":234,"height":799,"url":"https:\/\/shop.torricantine.com\/wp-content\/uploads\/2020\/09\/CANATURA_pecorino-1.png","type":"image\/png"}],"twitter_card":"summary_large_image","twitter_misc":{"Gesch\u00e4tzte Lesezeit":"2\u00a0Minuten"},"schema":{"@context":"https:\/\/schema.org","@graph":[{"@type":"WebPage","@id":"https:\/\/shop.torricantine.com\/de\/produkt\/canatura-pecorino-weisswein-igt\/","url":"https:\/\/shop.torricantine.com\/de\/produkt\/canatura-pecorino-weisswein-igt\/","name":"Ca\u2019Natura Pecorino Wei\u00dfwein IGT BIO - Torri Cantine Store COM","isPartOf":{"@id":"https:\/\/shop.torricantine.com\/de\/#website"},"primaryImageOfPage":{"@id":"https:\/\/shop.torricantine.com\/de\/produkt\/canatura-pecorino-weisswein-igt\/#primaryimage"},"image":{"@id":"https:\/\/shop.torricantine.com\/de\/produkt\/canatura-pecorino-weisswein-igt\/#primaryimage"},"thumbnailUrl":"https:\/\/shop.torricantine.com\/wp-content\/uploads\/2020\/09\/CANATURA_pecorino-1.png","datePublished":"2020-09-22T08:22:44+00:00","dateModified":"2025-07-20T22:00:19+00:00","breadcrumb":{"@id":"https:\/\/shop.torricantine.com\/de\/produkt\/canatura-pecorino-weisswein-igt\/#breadcrumb"},"inLanguage":"de","potentialAction":[{"@type":"ReadAction","target":["https:\/\/shop.torricantine.com\/de\/produkt\/canatura-pecorino-weisswein-igt\/"]}]},{"@type":"ImageObject","inLanguage":"de","@id":"https:\/\/shop.torricantine.com\/de\/produkt\/canatura-pecorino-weisswein-igt\/#primaryimage","url":"https:\/\/shop.torricantine.com\/wp-content\/uploads\/2020\/09\/CANATURA_pecorino-1.png","contentUrl":"https:\/\/shop.torricantine.com\/wp-content\/uploads\/2020\/09\/CANATURA_pecorino-1.png","width":234,"height":799},{"@type":"BreadcrumbList","@id":"https:\/\/shop.torricantine.com\/de\/produkt\/canatura-pecorino-weisswein-igt\/#breadcrumb","itemListElement":[{"@type":"ListItem","position":1,"name":"Home","item":"https:\/\/shop.torricantine.com\/de\/"},{"@type":"ListItem","position":2,"name":"Shop","item":"https:\/\/shop.torricantine.com\/de\/shop\/"},{"@type":"ListItem","position":3,"name":"Ca\u2019Natura Pecorino Wei\u00dfwein IGT BIO"}]},{"@type":"WebSite","@id":"https:\/\/shop.torricantine.com\/de\/#website","url":"https:\/\/shop.torricantine.com\/de\/","name":"Torri Cantine Store COM","description":"Online store of our winery in Italy","publisher":{"@id":"https:\/\/shop.torricantine.com\/de\/#organization"},"potentialAction":[{"@type":"SearchAction","target":{"@type":"EntryPoint","urlTemplate":"https:\/\/shop.torricantine.com\/de\/?s={search_term_string}"},"query-input":{"@type":"PropertyValueSpecification","valueRequired":true,"valueName":"search_term_string"}}],"inLanguage":"de"},{"@type":"Organization","@id":"https:\/\/shop.torricantine.com\/de\/#organization","name":"Torri Cantine","url":"https:\/\/shop.torricantine.com\/de\/","logo":{"@type":"ImageObject","inLanguage":"de","@id":"https:\/\/shop.torricantine.com\/de\/#\/schema\/logo\/image\/","url":"https:\/\/shop.torricantine.com\/wp-content\/uploads\/2020\/04\/torri-store-logo_text.png","contentUrl":"https:\/\/shop.torricantine.com\/wp-content\/uploads\/2020\/04\/torri-store-logo_text.png","width":289,"height":361,"caption":"Torri Cantine"},"image":{"@id":"https:\/\/shop.torricantine.com\/de\/#\/schema\/logo\/image\/"}}]}},"_links":{"self":[{"href":"https:\/\/shop.torricantine.com\/de\/wp-json\/wp\/v2\/product\/25984","targetHints":{"allow":["GET"]}}],"collection":[{"href":"https:\/\/shop.torricantine.com\/de\/wp-json\/wp\/v2\/product"}],"about":[{"href":"https:\/\/shop.torricantine.com\/de\/wp-json\/wp\/v2\/types\/product"}],"replies":[{"embeddable":true,"href":"https:\/\/shop.torricantine.com\/de\/wp-json\/wp\/v2\/comments?post=25984"}],"wp:featuredmedia":[{"embeddable":true,"href":"https:\/\/shop.torricantine.com\/de\/wp-json\/wp\/v2\/media\/56972"}],"wp:attachment":[{"href":"https:\/\/shop.torricantine.com\/de\/wp-json\/wp\/v2\/media?parent=25984"}],"wp:term":[{"taxonomy":"product_brand","embeddable":true,"href":"https:\/\/shop.torricantine.com\/de\/wp-json\/wp\/v2\/product_brand?post=25984"},{"taxonomy":"product_cat","embeddable":true,"href":"https:\/\/shop.torricantine.com\/de\/wp-json\/wp\/v2\/product_cat?post=25984"},{"taxonomy":"product_tag","embeddable":true,"href":"https:\/\/shop.torricantine.com\/de\/wp-json\/wp\/v2\/product_tag?post=25984"}],"curies":[{"name":"wp","href":"https:\/\/api.w.org\/{rel}","templated":true}]}}