{"id":25975,"date":"2020-10-30T09:43:10","date_gmt":"2020-10-30T07:43:10","guid":{"rendered":"https:\/\/shop.torricantine.com\/product\/canatura-cerasuolo-dabruzzo-doc-bio-rose\/"},"modified":"2025-12-26T17:07:36","modified_gmt":"2025-12-26T15:07:36","slug":"canatura-cerasuolo-dabruzzo-doc-bio-rose","status":"publish","type":"product","link":"https:\/\/shop.torricantine.com\/de\/produkt\/canatura-cerasuolo-dabruzzo-doc-bio-rose\/","title":{"rendered":"Ca\u2019Natura Cerasuolo d\u2019Abruzzo DOC Bio-Ros\u00e9wein"},"content":{"rendered":"<p><strong>Farbe<\/strong>: Ein wundersch\u00f6nes, leuchtendes und intensives\u00a0 Kirschrosa, das zur Koralle tendiert und sich durch eine faszinierende Textur auszeichnet<br \/>\n<strong>Geruch<\/strong>: Die fruchtigen und blumigen Aromen erinnern an Himbeere, reife Kirsche, Geranie und Granatapfel<br \/>\n<strong>Gaumen<\/strong>: Ein trockener und runder Geschmack mit einer Frische in ausgezeichneter \u00dcbereinstimmung mit einer W\u00e4rme, im Einklang mit den olfaktorischen D\u00fcften, die einen leichten Hintergeschmack wahrnehmen, mit einem langen und anhaltenden Abgang, minimal mandelig.<\/p>\n<p><strong>Weinernte<\/strong><br \/>\nEr kommt aus einem Gebiet bestens geeignet f\u00fcr den Anbau von Wei\u00dfwein in den Abruzzen, aus einem alten Weinberg in Tendone. Dies befindet sich in idealer H\u00f6he, um einen beeindruckenden Temperaturbereich und eine hervorragende Beleuchtung zu gew\u00e4hrleisten.<\/p>\n<p>Ein Wein, der Anfang September aus einer streng manuellen Ernte und aus einem zertifizierten \u00f6kologischen Anbau gewonnen wurde, mit dem gr\u00f6\u00dftm\u00f6glichen Respekt f\u00fcr die Umwelt.<\/p>\n<p><strong>Weinzubereitung<\/strong><br \/>\nWeinzubereitung in Wei\u00df, ausschlie\u00dflich in Temperatur-kontrollierten Stahlbottichen. Nach der notwendigen Ruhezeit mit den Traubenschalen folgt eine 3-monatige Reifezeit in Betontanks. Danach erfolgt die Abf\u00fcllung unter vollst\u00e4ndigem Ausschluss von Sauerstoff.<\/p>\n<p><strong>So kombinieren Sie Ihn<\/strong><br \/>\nEin Ros\u00e9wein hat im Allgemeinen die au\u00dfergew\u00f6hnliche Eigenschaft, mit fast jedem Essen kombiniert werden zu k\u00f6nnen, und unter allen Umst\u00e4nden genossen zu werden. Gek\u00fchlt bei maximal 8 bis 10 \u00b0 C mit Aperitifs, Vorspeisen, Meeresfr\u00fcchten, vegetarischen Gerichten, wei\u00dfem und rotem Fleisch, frischem oder mittelgereiftem oder K\u00e4se serviert.<\/p>\n<p>Wir empfehlen ihn mit Tintenfisch, Cannelloni mit Spinat, Wolfsbarsch und Zucchini, Ravioli mit Seeteufel, Filet mit rosa Pfeffer oder frischem Ricotta mit Honig und Waln\u00fcssen.<\/p>\n","protected":false},"excerpt":{"rendered":"<p>Farbe: Ein wundersch\u00f6nes, leuchtendes und intensives\u00a0 Kirschrosa, das zur Koralle tendiert und sich durch eine faszinierende Textur auszeichnet Geruch: Die fruchtigen und blumigen Aromen erinnern an Himbeere, reife Kirsche, Geranie und Granatapfel Gaumen: Ein trockener und runder Geschmack mit einer Frische in ausgezeichneter \u00dcbereinstimmung mit einer W\u00e4rme, im Einklang mit den olfaktorischen D\u00fcften, die einen [&#8230;]\n","protected":false},"featured_media":56804,"comment_status":"open","ping_status":"closed","template":"","meta":[],"product_brand":[],"product_cat":[173,185,439,184,175],"product_tag":[186,446],"class_list":{"0":"post-25975","1":"product","2":"type-product","3":"status-publish","4":"has-post-thumbnail","6":"product_cat-biologische","7":"product_cat-canatura","8":"product_cat-flaschen","9":"product_cat-rosewein","10":"product_cat-torri-cantine-de","11":"product_tag-flasche","12":"product_tag-rose-de","13":"product_shipping_class-bottiglie","15":"first","16":"instock","17":"taxable","18":"shipping-taxable","19":"purchasable","20":"product-type-simple"},"bundled_by":["25480","28940","57902","76657","82249","82253"],"bundle_stock_status":"instock","bundle_stock_quantity":null,"bundle_virtual":false,"bundle_layout":"","bundle_add_to_cart_form_location":"","bundle_editable_in_cart":false,"bundle_sold_individually_context":"","bundle_item_grouping":"","bundle_min_size":"","bundle_max_size":"","bundle_price":[],"bundled_items":[],"bundle_sell_ids":[],"yoast_head":"<!-- This site is optimized with the Yoast SEO plugin v27.4 - https:\/\/yoast.com\/product\/yoast-seo-wordpress\/ -->\n<title>Ca\u2019Natura Cerasuolo d\u2019Abruzzo DOC Bio-Ros\u00e9wein - Torri Cantine Store COM<\/title>\n<meta name=\"robots\" content=\"index, follow, max-snippet:-1, max-image-preview:large, max-video-preview:-1\" \/>\n<link rel=\"canonical\" href=\"https:\/\/shop.torricantine.com\/de\/produkt\/canatura-cerasuolo-dabruzzo-doc-bio-rose\/\" \/>\n<meta property=\"og:locale\" content=\"de_DE\" \/>\n<meta property=\"og:type\" content=\"article\" \/>\n<meta property=\"og:title\" content=\"Ca\u2019Natura Cerasuolo d\u2019Abruzzo DOC Bio-Ros\u00e9wein - Torri Cantine Store COM\" \/>\n<meta property=\"og:description\" content=\"Farbe: Ein wundersch\u00f6nes, leuchtendes und intensives\u00a0 Kirschrosa, das zur Koralle tendiert und sich durch eine faszinierende Textur auszeichnet Geruch: Die fruchtigen und blumigen Aromen erinnern an Himbeere, reife Kirsche, Geranie und Granatapfel Gaumen: Ein trockener und runder Geschmack mit einer Frische in ausgezeichneter \u00dcbereinstimmung mit einer W\u00e4rme, im Einklang mit den olfaktorischen D\u00fcften, die einen [...]\" \/>\n<meta property=\"og:url\" content=\"https:\/\/shop.torricantine.com\/de\/produkt\/canatura-cerasuolo-dabruzzo-doc-bio-rose\/\" \/>\n<meta property=\"og:site_name\" content=\"Torri Cantine Store COM\" \/>\n<meta property=\"article:modified_time\" content=\"2025-12-26T15:07:36+00:00\" \/>\n<meta property=\"og:image\" content=\"https:\/\/shop.torricantine.com\/wp-content\/uploads\/2020\/10\/CANATURA_cerasuolo-1.png\" \/>\n\t<meta property=\"og:image:width\" content=\"209\" \/>\n\t<meta property=\"og:image:height\" content=\"799\" \/>\n\t<meta property=\"og:image:type\" content=\"image\/png\" \/>\n<meta name=\"twitter:card\" content=\"summary_large_image\" \/>\n<meta name=\"twitter:label1\" content=\"Gesch\u00e4tzte Lesezeit\" \/>\n\t<meta name=\"twitter:data1\" content=\"2\u00a0Minuten\" \/>\n<script type=\"application\/ld+json\" class=\"yoast-schema-graph\">{\"@context\":\"https:\\\/\\\/schema.org\",\"@graph\":[{\"@type\":\"WebPage\",\"@id\":\"https:\\\/\\\/shop.torricantine.com\\\/de\\\/produkt\\\/canatura-cerasuolo-dabruzzo-doc-bio-rose\\\/\",\"url\":\"https:\\\/\\\/shop.torricantine.com\\\/de\\\/produkt\\\/canatura-cerasuolo-dabruzzo-doc-bio-rose\\\/\",\"name\":\"Ca\u2019Natura Cerasuolo d\u2019Abruzzo DOC Bio-Ros\u00e9wein - Torri Cantine Store COM\",\"isPartOf\":{\"@id\":\"https:\\\/\\\/shop.torricantine.com\\\/de\\\/#website\"},\"primaryImageOfPage\":{\"@id\":\"https:\\\/\\\/shop.torricantine.com\\\/de\\\/produkt\\\/canatura-cerasuolo-dabruzzo-doc-bio-rose\\\/#primaryimage\"},\"image\":{\"@id\":\"https:\\\/\\\/shop.torricantine.com\\\/de\\\/produkt\\\/canatura-cerasuolo-dabruzzo-doc-bio-rose\\\/#primaryimage\"},\"thumbnailUrl\":\"https:\\\/\\\/shop.torricantine.com\\\/wp-content\\\/uploads\\\/2020\\\/10\\\/CANATURA_cerasuolo-1.png\",\"datePublished\":\"2020-10-30T07:43:10+00:00\",\"dateModified\":\"2025-12-26T15:07:36+00:00\",\"breadcrumb\":{\"@id\":\"https:\\\/\\\/shop.torricantine.com\\\/de\\\/produkt\\\/canatura-cerasuolo-dabruzzo-doc-bio-rose\\\/#breadcrumb\"},\"inLanguage\":\"de\",\"potentialAction\":[{\"@type\":\"ReadAction\",\"target\":[\"https:\\\/\\\/shop.torricantine.com\\\/de\\\/produkt\\\/canatura-cerasuolo-dabruzzo-doc-bio-rose\\\/\"]}]},{\"@type\":\"ImageObject\",\"inLanguage\":\"de\",\"@id\":\"https:\\\/\\\/shop.torricantine.com\\\/de\\\/produkt\\\/canatura-cerasuolo-dabruzzo-doc-bio-rose\\\/#primaryimage\",\"url\":\"https:\\\/\\\/shop.torricantine.com\\\/wp-content\\\/uploads\\\/2020\\\/10\\\/CANATURA_cerasuolo-1.png\",\"contentUrl\":\"https:\\\/\\\/shop.torricantine.com\\\/wp-content\\\/uploads\\\/2020\\\/10\\\/CANATURA_cerasuolo-1.png\",\"width\":209,\"height\":799},{\"@type\":\"BreadcrumbList\",\"@id\":\"https:\\\/\\\/shop.torricantine.com\\\/de\\\/produkt\\\/canatura-cerasuolo-dabruzzo-doc-bio-rose\\\/#breadcrumb\",\"itemListElement\":[{\"@type\":\"ListItem\",\"position\":1,\"name\":\"Home\",\"item\":\"https:\\\/\\\/shop.torricantine.com\\\/de\\\/\"},{\"@type\":\"ListItem\",\"position\":2,\"name\":\"Shop\",\"item\":\"https:\\\/\\\/shop.torricantine.com\\\/de\\\/shop\\\/\"},{\"@type\":\"ListItem\",\"position\":3,\"name\":\"Ca\u2019Natura Cerasuolo d\u2019Abruzzo DOC Bio-Ros\u00e9wein\"}]},{\"@type\":\"WebSite\",\"@id\":\"https:\\\/\\\/shop.torricantine.com\\\/de\\\/#website\",\"url\":\"https:\\\/\\\/shop.torricantine.com\\\/de\\\/\",\"name\":\"Torri Cantine Store COM\",\"description\":\"Online store of our winery in Italy\",\"publisher\":{\"@id\":\"https:\\\/\\\/shop.torricantine.com\\\/de\\\/#organization\"},\"potentialAction\":[{\"@type\":\"SearchAction\",\"target\":{\"@type\":\"EntryPoint\",\"urlTemplate\":\"https:\\\/\\\/shop.torricantine.com\\\/de\\\/?s={search_term_string}\"},\"query-input\":{\"@type\":\"PropertyValueSpecification\",\"valueRequired\":true,\"valueName\":\"search_term_string\"}}],\"inLanguage\":\"de\"},{\"@type\":\"Organization\",\"@id\":\"https:\\\/\\\/shop.torricantine.com\\\/de\\\/#organization\",\"name\":\"Torri Cantine\",\"url\":\"https:\\\/\\\/shop.torricantine.com\\\/de\\\/\",\"logo\":{\"@type\":\"ImageObject\",\"inLanguage\":\"de\",\"@id\":\"https:\\\/\\\/shop.torricantine.com\\\/de\\\/#\\\/schema\\\/logo\\\/image\\\/\",\"url\":\"https:\\\/\\\/shop.torricantine.com\\\/wp-content\\\/uploads\\\/2020\\\/04\\\/torri-store-logo_text.png\",\"contentUrl\":\"https:\\\/\\\/shop.torricantine.com\\\/wp-content\\\/uploads\\\/2020\\\/04\\\/torri-store-logo_text.png\",\"width\":289,\"height\":361,\"caption\":\"Torri Cantine\"},\"image\":{\"@id\":\"https:\\\/\\\/shop.torricantine.com\\\/de\\\/#\\\/schema\\\/logo\\\/image\\\/\"}}]}<\/script>\n<!-- \/ Yoast SEO plugin. -->","yoast_head_json":{"title":"Ca\u2019Natura Cerasuolo d\u2019Abruzzo DOC Bio-Ros\u00e9wein - Torri Cantine Store COM","robots":{"index":"index","follow":"follow","max-snippet":"max-snippet:-1","max-image-preview":"max-image-preview:large","max-video-preview":"max-video-preview:-1"},"canonical":"https:\/\/shop.torricantine.com\/de\/produkt\/canatura-cerasuolo-dabruzzo-doc-bio-rose\/","og_locale":"de_DE","og_type":"article","og_title":"Ca\u2019Natura Cerasuolo d\u2019Abruzzo DOC Bio-Ros\u00e9wein - Torri Cantine Store COM","og_description":"Farbe: Ein wundersch\u00f6nes, leuchtendes und intensives\u00a0 Kirschrosa, das zur Koralle tendiert und sich durch eine faszinierende Textur auszeichnet Geruch: Die fruchtigen und blumigen Aromen erinnern an Himbeere, reife Kirsche, Geranie und Granatapfel Gaumen: Ein trockener und runder Geschmack mit einer Frische in ausgezeichneter \u00dcbereinstimmung mit einer W\u00e4rme, im Einklang mit den olfaktorischen D\u00fcften, die einen [...]","og_url":"https:\/\/shop.torricantine.com\/de\/produkt\/canatura-cerasuolo-dabruzzo-doc-bio-rose\/","og_site_name":"Torri Cantine Store COM","article_modified_time":"2025-12-26T15:07:36+00:00","og_image":[{"width":209,"height":799,"url":"https:\/\/shop.torricantine.com\/wp-content\/uploads\/2020\/10\/CANATURA_cerasuolo-1.png","type":"image\/png"}],"twitter_card":"summary_large_image","twitter_misc":{"Gesch\u00e4tzte Lesezeit":"2\u00a0Minuten"},"schema":{"@context":"https:\/\/schema.org","@graph":[{"@type":"WebPage","@id":"https:\/\/shop.torricantine.com\/de\/produkt\/canatura-cerasuolo-dabruzzo-doc-bio-rose\/","url":"https:\/\/shop.torricantine.com\/de\/produkt\/canatura-cerasuolo-dabruzzo-doc-bio-rose\/","name":"Ca\u2019Natura Cerasuolo d\u2019Abruzzo DOC Bio-Ros\u00e9wein - Torri Cantine Store COM","isPartOf":{"@id":"https:\/\/shop.torricantine.com\/de\/#website"},"primaryImageOfPage":{"@id":"https:\/\/shop.torricantine.com\/de\/produkt\/canatura-cerasuolo-dabruzzo-doc-bio-rose\/#primaryimage"},"image":{"@id":"https:\/\/shop.torricantine.com\/de\/produkt\/canatura-cerasuolo-dabruzzo-doc-bio-rose\/#primaryimage"},"thumbnailUrl":"https:\/\/shop.torricantine.com\/wp-content\/uploads\/2020\/10\/CANATURA_cerasuolo-1.png","datePublished":"2020-10-30T07:43:10+00:00","dateModified":"2025-12-26T15:07:36+00:00","breadcrumb":{"@id":"https:\/\/shop.torricantine.com\/de\/produkt\/canatura-cerasuolo-dabruzzo-doc-bio-rose\/#breadcrumb"},"inLanguage":"de","potentialAction":[{"@type":"ReadAction","target":["https:\/\/shop.torricantine.com\/de\/produkt\/canatura-cerasuolo-dabruzzo-doc-bio-rose\/"]}]},{"@type":"ImageObject","inLanguage":"de","@id":"https:\/\/shop.torricantine.com\/de\/produkt\/canatura-cerasuolo-dabruzzo-doc-bio-rose\/#primaryimage","url":"https:\/\/shop.torricantine.com\/wp-content\/uploads\/2020\/10\/CANATURA_cerasuolo-1.png","contentUrl":"https:\/\/shop.torricantine.com\/wp-content\/uploads\/2020\/10\/CANATURA_cerasuolo-1.png","width":209,"height":799},{"@type":"BreadcrumbList","@id":"https:\/\/shop.torricantine.com\/de\/produkt\/canatura-cerasuolo-dabruzzo-doc-bio-rose\/#breadcrumb","itemListElement":[{"@type":"ListItem","position":1,"name":"Home","item":"https:\/\/shop.torricantine.com\/de\/"},{"@type":"ListItem","position":2,"name":"Shop","item":"https:\/\/shop.torricantine.com\/de\/shop\/"},{"@type":"ListItem","position":3,"name":"Ca\u2019Natura Cerasuolo d\u2019Abruzzo DOC Bio-Ros\u00e9wein"}]},{"@type":"WebSite","@id":"https:\/\/shop.torricantine.com\/de\/#website","url":"https:\/\/shop.torricantine.com\/de\/","name":"Torri Cantine Store COM","description":"Online store of our winery in Italy","publisher":{"@id":"https:\/\/shop.torricantine.com\/de\/#organization"},"potentialAction":[{"@type":"SearchAction","target":{"@type":"EntryPoint","urlTemplate":"https:\/\/shop.torricantine.com\/de\/?s={search_term_string}"},"query-input":{"@type":"PropertyValueSpecification","valueRequired":true,"valueName":"search_term_string"}}],"inLanguage":"de"},{"@type":"Organization","@id":"https:\/\/shop.torricantine.com\/de\/#organization","name":"Torri Cantine","url":"https:\/\/shop.torricantine.com\/de\/","logo":{"@type":"ImageObject","inLanguage":"de","@id":"https:\/\/shop.torricantine.com\/de\/#\/schema\/logo\/image\/","url":"https:\/\/shop.torricantine.com\/wp-content\/uploads\/2020\/04\/torri-store-logo_text.png","contentUrl":"https:\/\/shop.torricantine.com\/wp-content\/uploads\/2020\/04\/torri-store-logo_text.png","width":289,"height":361,"caption":"Torri Cantine"},"image":{"@id":"https:\/\/shop.torricantine.com\/de\/#\/schema\/logo\/image\/"}}]}},"_links":{"self":[{"href":"https:\/\/shop.torricantine.com\/de\/wp-json\/wp\/v2\/product\/25975","targetHints":{"allow":["GET"]}}],"collection":[{"href":"https:\/\/shop.torricantine.com\/de\/wp-json\/wp\/v2\/product"}],"about":[{"href":"https:\/\/shop.torricantine.com\/de\/wp-json\/wp\/v2\/types\/product"}],"replies":[{"embeddable":true,"href":"https:\/\/shop.torricantine.com\/de\/wp-json\/wp\/v2\/comments?post=25975"}],"wp:featuredmedia":[{"embeddable":true,"href":"https:\/\/shop.torricantine.com\/de\/wp-json\/wp\/v2\/media\/56804"}],"wp:attachment":[{"href":"https:\/\/shop.torricantine.com\/de\/wp-json\/wp\/v2\/media?parent=25975"}],"wp:term":[{"taxonomy":"product_brand","embeddable":true,"href":"https:\/\/shop.torricantine.com\/de\/wp-json\/wp\/v2\/product_brand?post=25975"},{"taxonomy":"product_cat","embeddable":true,"href":"https:\/\/shop.torricantine.com\/de\/wp-json\/wp\/v2\/product_cat?post=25975"},{"taxonomy":"product_tag","embeddable":true,"href":"https:\/\/shop.torricantine.com\/de\/wp-json\/wp\/v2\/product_tag?post=25975"}],"curies":[{"name":"wp","href":"https:\/\/api.w.org\/{rel}","templated":true}]}}