{"id":25967,"date":"2020-09-18T15:38:25","date_gmt":"2020-09-18T13:38:25","guid":{"rendered":"https:\/\/shop.torricantine.com\/product\/5l-bag-in-box-trebbiano-dabruzzo-doc-weisswein\/"},"modified":"2026-02-18T19:04:34","modified_gmt":"2026-02-18T17:04:34","slug":"5l-bag-in-box-trebbiano-dabruzzo-doc-weisswein","status":"publish","type":"product","link":"https:\/\/shop.torricantine.com\/de\/produkt\/5l-bag-in-box-trebbiano-dabruzzo-doc-weisswein\/","title":{"rendered":"5L Bag in Box Trebbiano D\u2019Abruzzo DOC &#8211; Wei\u00dfwein"},"content":{"rendered":"<h2>Trebbiano Bag in Box Torri Cantine 12%<\/h2>\n<p><strong><u>SINNESNOTEN<\/u><\/strong><\/p>\n<p><strong>Farbe<\/strong>: Ein kristallines Strohgelb mit verf\u00fchrerischen goldenen Reflexen und einer angemessenen Textur.<br \/>\n<strong>Nase<\/strong>: Es gibt zarte Aromen von wei\u00dfen Bl\u00fcten und gelben Fruchtfleischfr\u00fcchten.<br \/>\n<strong>Gaumen<\/strong>: im Mund sticht eine m\u00e4\u00dfige warme, weiche, berauschende Struktur hervor und wird gleichzeitig durch eine saure Vitalit\u00e4t und eine widerspenstige Saftigkeit belebt, die sich widersetzten.<\/p>\n<p><strong>Weinernte<\/strong><br \/>\nEs wurde in einer der am besten geeigneten Gegenden der Abruzzen aus einem alten Weinberg in Tendone in idealer H\u00f6he geboren, um einen beeindruckenden Temperaturbereich und eine hervorragende Belichtung zu gew\u00e4hrleisten.<\/p>\n<p>Ein Trebbiano d&#8217;Abruzzo DOC, der aus einer streng manuellen Ernte der ersten zehn September-Tage und aus einem zertifizierten \u00f6kologischen Landbau gewonnen wurde und mit gr\u00f6\u00dftm\u00f6glichen Respekt f\u00fcr die Umwelt gew\u00e4hrleistet.<\/p>\n<p><strong>Weinzubereitung<\/strong><br \/>\nDieser Wein wurde in konditionierten Betontanks geg\u00e4rt, gefolgt von einer dreimonatigen Verfeinerung, erneut in Betontanks, und dann in v\u00f6lliger Abwesenheit von Sauerstoff abgef\u00fcllt.<\/p>\n<p><strong>So kombinieren Sie unseren Trebbiano DOC\u00a0<\/strong><br \/>\nEin Wein, der kalt serviert wird, mit Aperitifs, Vorspeisen, Fisch, vegetarischen Gerichten, wei\u00dfem Fleisch und frischem oder mittelgereiften K\u00e4se.<\/p>\n<p>Wie empfehlen Meeresfr\u00fcchte, Red Snapper mit Safran, ein K\u00fcrbisrisotto, gegrilltes H\u00e4hnchen mit Gem\u00fcse oder einen sch\u00f6nen frischen Ricotta mit Kirschtomaten.<\/p>\n","protected":false},"excerpt":{"rendered":"<p>Trebbiano Bag in Box Torri Cantine 12% SINNESNOTEN Farbe: Ein kristallines Strohgelb mit verf\u00fchrerischen goldenen Reflexen und einer angemessenen Textur. Nase: Es gibt zarte Aromen von wei\u00dfen Bl\u00fcten und gelben Fruchtfleischfr\u00fcchten. Gaumen: im Mund sticht eine m\u00e4\u00dfige warme, weiche, berauschende Struktur hervor und wird gleichzeitig durch eine saure Vitalit\u00e4t und eine widerspenstige Saftigkeit belebt, die [&#8230;]\n","protected":false},"featured_media":77895,"comment_status":"open","ping_status":"closed","template":"","meta":[],"product_brand":[],"product_cat":[178,173,175,179],"product_tag":[388,497],"class_list":{"0":"post-25967","1":"product","2":"type-product","3":"status-publish","4":"has-post-thumbnail","6":"product_cat-bag-in-box-weine","7":"product_cat-biologische","8":"product_cat-torri-cantine-de","9":"product_cat-weissweine","10":"product_tag-bib5l-de","11":"product_tag-whitebib","12":"product_shipping_class-bib-5","14":"first","15":"instock","16":"sale","17":"taxable","18":"shipping-taxable","19":"purchasable","20":"product-type-simple"},"bundled_by":["26147","26246","29494","67902"],"bundle_stock_status":"instock","bundle_stock_quantity":null,"bundle_virtual":false,"bundle_layout":"","bundle_add_to_cart_form_location":"","bundle_editable_in_cart":false,"bundle_sold_individually_context":"","bundle_item_grouping":"","bundle_min_size":"","bundle_max_size":"","bundle_price":[],"bundled_items":[],"bundle_sell_ids":[],"yoast_head":"<!-- This site is optimized with the Yoast SEO plugin v27.4 - https:\/\/yoast.com\/product\/yoast-seo-wordpress\/ -->\n<title>5L Bag in Box Trebbiano D\u2019Abruzzo DOC - Wei\u00dfwein - Torri Cantine Store COM<\/title>\n<meta name=\"robots\" content=\"index, follow, max-snippet:-1, max-image-preview:large, max-video-preview:-1\" \/>\n<link rel=\"canonical\" href=\"https:\/\/shop.torricantine.com\/de\/produkt\/5l-bag-in-box-trebbiano-dabruzzo-doc-weisswein\/\" \/>\n<meta property=\"og:locale\" content=\"de_DE\" \/>\n<meta property=\"og:type\" content=\"article\" \/>\n<meta property=\"og:title\" content=\"5L Bag in Box Trebbiano D\u2019Abruzzo DOC - Wei\u00dfwein - Torri Cantine Store COM\" \/>\n<meta property=\"og:description\" content=\"Trebbiano Bag in Box Torri Cantine 12% SINNESNOTEN Farbe: Ein kristallines Strohgelb mit verf\u00fchrerischen goldenen Reflexen und einer angemessenen Textur. Nase: Es gibt zarte Aromen von wei\u00dfen Bl\u00fcten und gelben Fruchtfleischfr\u00fcchten. Gaumen: im Mund sticht eine m\u00e4\u00dfige warme, weiche, berauschende Struktur hervor und wird gleichzeitig durch eine saure Vitalit\u00e4t und eine widerspenstige Saftigkeit belebt, die [...]\" \/>\n<meta property=\"og:url\" content=\"https:\/\/shop.torricantine.com\/de\/produkt\/5l-bag-in-box-trebbiano-dabruzzo-doc-weisswein\/\" \/>\n<meta property=\"og:site_name\" content=\"Torri Cantine Store COM\" \/>\n<meta property=\"article:modified_time\" content=\"2026-02-18T17:04:34+00:00\" \/>\n<meta property=\"og:image\" content=\"https:\/\/shop.torricantine.com\/wp-content\/uploads\/2025\/08\/BIB5L_Trebbiano-1.png\" \/>\n\t<meta property=\"og:image:width\" content=\"633\" \/>\n\t<meta property=\"og:image:height\" content=\"800\" \/>\n\t<meta property=\"og:image:type\" content=\"image\/png\" \/>\n<meta name=\"twitter:card\" content=\"summary_large_image\" \/>\n<meta name=\"twitter:label1\" content=\"Gesch\u00e4tzte Lesezeit\" \/>\n\t<meta name=\"twitter:data1\" content=\"2\u00a0Minuten\" \/>\n<script type=\"application\/ld+json\" class=\"yoast-schema-graph\">{\"@context\":\"https:\\\/\\\/schema.org\",\"@graph\":[{\"@type\":\"WebPage\",\"@id\":\"https:\\\/\\\/shop.torricantine.com\\\/de\\\/produkt\\\/5l-bag-in-box-trebbiano-dabruzzo-doc-weisswein\\\/\",\"url\":\"https:\\\/\\\/shop.torricantine.com\\\/de\\\/produkt\\\/5l-bag-in-box-trebbiano-dabruzzo-doc-weisswein\\\/\",\"name\":\"5L Bag in Box Trebbiano D\u2019Abruzzo DOC - Wei\u00dfwein - Torri Cantine Store COM\",\"isPartOf\":{\"@id\":\"https:\\\/\\\/shop.torricantine.com\\\/de\\\/#website\"},\"primaryImageOfPage\":{\"@id\":\"https:\\\/\\\/shop.torricantine.com\\\/de\\\/produkt\\\/5l-bag-in-box-trebbiano-dabruzzo-doc-weisswein\\\/#primaryimage\"},\"image\":{\"@id\":\"https:\\\/\\\/shop.torricantine.com\\\/de\\\/produkt\\\/5l-bag-in-box-trebbiano-dabruzzo-doc-weisswein\\\/#primaryimage\"},\"thumbnailUrl\":\"https:\\\/\\\/shop.torricantine.com\\\/wp-content\\\/uploads\\\/2025\\\/08\\\/BIB5L_Trebbiano-1.png\",\"datePublished\":\"2020-09-18T13:38:25+00:00\",\"dateModified\":\"2026-02-18T17:04:34+00:00\",\"breadcrumb\":{\"@id\":\"https:\\\/\\\/shop.torricantine.com\\\/de\\\/produkt\\\/5l-bag-in-box-trebbiano-dabruzzo-doc-weisswein\\\/#breadcrumb\"},\"inLanguage\":\"de\",\"potentialAction\":[{\"@type\":\"ReadAction\",\"target\":[\"https:\\\/\\\/shop.torricantine.com\\\/de\\\/produkt\\\/5l-bag-in-box-trebbiano-dabruzzo-doc-weisswein\\\/\"]}]},{\"@type\":\"ImageObject\",\"inLanguage\":\"de\",\"@id\":\"https:\\\/\\\/shop.torricantine.com\\\/de\\\/produkt\\\/5l-bag-in-box-trebbiano-dabruzzo-doc-weisswein\\\/#primaryimage\",\"url\":\"https:\\\/\\\/shop.torricantine.com\\\/wp-content\\\/uploads\\\/2025\\\/08\\\/BIB5L_Trebbiano-1.png\",\"contentUrl\":\"https:\\\/\\\/shop.torricantine.com\\\/wp-content\\\/uploads\\\/2025\\\/08\\\/BIB5L_Trebbiano-1.png\",\"width\":633,\"height\":800},{\"@type\":\"BreadcrumbList\",\"@id\":\"https:\\\/\\\/shop.torricantine.com\\\/de\\\/produkt\\\/5l-bag-in-box-trebbiano-dabruzzo-doc-weisswein\\\/#breadcrumb\",\"itemListElement\":[{\"@type\":\"ListItem\",\"position\":1,\"name\":\"Home\",\"item\":\"https:\\\/\\\/shop.torricantine.com\\\/de\\\/\"},{\"@type\":\"ListItem\",\"position\":2,\"name\":\"Shop\",\"item\":\"https:\\\/\\\/shop.torricantine.com\\\/de\\\/shop\\\/\"},{\"@type\":\"ListItem\",\"position\":3,\"name\":\"5L Bag in Box Trebbiano D\u2019Abruzzo DOC &#8211; Wei\u00dfwein\"}]},{\"@type\":\"WebSite\",\"@id\":\"https:\\\/\\\/shop.torricantine.com\\\/de\\\/#website\",\"url\":\"https:\\\/\\\/shop.torricantine.com\\\/de\\\/\",\"name\":\"Torri Cantine Store COM\",\"description\":\"Online store of our winery in Italy\",\"publisher\":{\"@id\":\"https:\\\/\\\/shop.torricantine.com\\\/de\\\/#organization\"},\"potentialAction\":[{\"@type\":\"SearchAction\",\"target\":{\"@type\":\"EntryPoint\",\"urlTemplate\":\"https:\\\/\\\/shop.torricantine.com\\\/de\\\/?s={search_term_string}\"},\"query-input\":{\"@type\":\"PropertyValueSpecification\",\"valueRequired\":true,\"valueName\":\"search_term_string\"}}],\"inLanguage\":\"de\"},{\"@type\":\"Organization\",\"@id\":\"https:\\\/\\\/shop.torricantine.com\\\/de\\\/#organization\",\"name\":\"Torri Cantine\",\"url\":\"https:\\\/\\\/shop.torricantine.com\\\/de\\\/\",\"logo\":{\"@type\":\"ImageObject\",\"inLanguage\":\"de\",\"@id\":\"https:\\\/\\\/shop.torricantine.com\\\/de\\\/#\\\/schema\\\/logo\\\/image\\\/\",\"url\":\"https:\\\/\\\/shop.torricantine.com\\\/wp-content\\\/uploads\\\/2020\\\/04\\\/torri-store-logo_text.png\",\"contentUrl\":\"https:\\\/\\\/shop.torricantine.com\\\/wp-content\\\/uploads\\\/2020\\\/04\\\/torri-store-logo_text.png\",\"width\":289,\"height\":361,\"caption\":\"Torri Cantine\"},\"image\":{\"@id\":\"https:\\\/\\\/shop.torricantine.com\\\/de\\\/#\\\/schema\\\/logo\\\/image\\\/\"}}]}<\/script>\n<!-- \/ Yoast SEO plugin. -->","yoast_head_json":{"title":"5L Bag in Box Trebbiano D\u2019Abruzzo DOC - Wei\u00dfwein - Torri Cantine Store COM","robots":{"index":"index","follow":"follow","max-snippet":"max-snippet:-1","max-image-preview":"max-image-preview:large","max-video-preview":"max-video-preview:-1"},"canonical":"https:\/\/shop.torricantine.com\/de\/produkt\/5l-bag-in-box-trebbiano-dabruzzo-doc-weisswein\/","og_locale":"de_DE","og_type":"article","og_title":"5L Bag in Box Trebbiano D\u2019Abruzzo DOC - Wei\u00dfwein - Torri Cantine Store COM","og_description":"Trebbiano Bag in Box Torri Cantine 12% SINNESNOTEN Farbe: Ein kristallines Strohgelb mit verf\u00fchrerischen goldenen Reflexen und einer angemessenen Textur. Nase: Es gibt zarte Aromen von wei\u00dfen Bl\u00fcten und gelben Fruchtfleischfr\u00fcchten. Gaumen: im Mund sticht eine m\u00e4\u00dfige warme, weiche, berauschende Struktur hervor und wird gleichzeitig durch eine saure Vitalit\u00e4t und eine widerspenstige Saftigkeit belebt, die [...]","og_url":"https:\/\/shop.torricantine.com\/de\/produkt\/5l-bag-in-box-trebbiano-dabruzzo-doc-weisswein\/","og_site_name":"Torri Cantine Store COM","article_modified_time":"2026-02-18T17:04:34+00:00","og_image":[{"width":633,"height":800,"url":"https:\/\/shop.torricantine.com\/wp-content\/uploads\/2025\/08\/BIB5L_Trebbiano-1.png","type":"image\/png"}],"twitter_card":"summary_large_image","twitter_misc":{"Gesch\u00e4tzte Lesezeit":"2\u00a0Minuten"},"schema":{"@context":"https:\/\/schema.org","@graph":[{"@type":"WebPage","@id":"https:\/\/shop.torricantine.com\/de\/produkt\/5l-bag-in-box-trebbiano-dabruzzo-doc-weisswein\/","url":"https:\/\/shop.torricantine.com\/de\/produkt\/5l-bag-in-box-trebbiano-dabruzzo-doc-weisswein\/","name":"5L Bag in Box Trebbiano D\u2019Abruzzo DOC - Wei\u00dfwein - Torri Cantine Store COM","isPartOf":{"@id":"https:\/\/shop.torricantine.com\/de\/#website"},"primaryImageOfPage":{"@id":"https:\/\/shop.torricantine.com\/de\/produkt\/5l-bag-in-box-trebbiano-dabruzzo-doc-weisswein\/#primaryimage"},"image":{"@id":"https:\/\/shop.torricantine.com\/de\/produkt\/5l-bag-in-box-trebbiano-dabruzzo-doc-weisswein\/#primaryimage"},"thumbnailUrl":"https:\/\/shop.torricantine.com\/wp-content\/uploads\/2025\/08\/BIB5L_Trebbiano-1.png","datePublished":"2020-09-18T13:38:25+00:00","dateModified":"2026-02-18T17:04:34+00:00","breadcrumb":{"@id":"https:\/\/shop.torricantine.com\/de\/produkt\/5l-bag-in-box-trebbiano-dabruzzo-doc-weisswein\/#breadcrumb"},"inLanguage":"de","potentialAction":[{"@type":"ReadAction","target":["https:\/\/shop.torricantine.com\/de\/produkt\/5l-bag-in-box-trebbiano-dabruzzo-doc-weisswein\/"]}]},{"@type":"ImageObject","inLanguage":"de","@id":"https:\/\/shop.torricantine.com\/de\/produkt\/5l-bag-in-box-trebbiano-dabruzzo-doc-weisswein\/#primaryimage","url":"https:\/\/shop.torricantine.com\/wp-content\/uploads\/2025\/08\/BIB5L_Trebbiano-1.png","contentUrl":"https:\/\/shop.torricantine.com\/wp-content\/uploads\/2025\/08\/BIB5L_Trebbiano-1.png","width":633,"height":800},{"@type":"BreadcrumbList","@id":"https:\/\/shop.torricantine.com\/de\/produkt\/5l-bag-in-box-trebbiano-dabruzzo-doc-weisswein\/#breadcrumb","itemListElement":[{"@type":"ListItem","position":1,"name":"Home","item":"https:\/\/shop.torricantine.com\/de\/"},{"@type":"ListItem","position":2,"name":"Shop","item":"https:\/\/shop.torricantine.com\/de\/shop\/"},{"@type":"ListItem","position":3,"name":"5L Bag in Box Trebbiano D\u2019Abruzzo DOC &#8211; Wei\u00dfwein"}]},{"@type":"WebSite","@id":"https:\/\/shop.torricantine.com\/de\/#website","url":"https:\/\/shop.torricantine.com\/de\/","name":"Torri Cantine Store COM","description":"Online store of our winery in Italy","publisher":{"@id":"https:\/\/shop.torricantine.com\/de\/#organization"},"potentialAction":[{"@type":"SearchAction","target":{"@type":"EntryPoint","urlTemplate":"https:\/\/shop.torricantine.com\/de\/?s={search_term_string}"},"query-input":{"@type":"PropertyValueSpecification","valueRequired":true,"valueName":"search_term_string"}}],"inLanguage":"de"},{"@type":"Organization","@id":"https:\/\/shop.torricantine.com\/de\/#organization","name":"Torri Cantine","url":"https:\/\/shop.torricantine.com\/de\/","logo":{"@type":"ImageObject","inLanguage":"de","@id":"https:\/\/shop.torricantine.com\/de\/#\/schema\/logo\/image\/","url":"https:\/\/shop.torricantine.com\/wp-content\/uploads\/2020\/04\/torri-store-logo_text.png","contentUrl":"https:\/\/shop.torricantine.com\/wp-content\/uploads\/2020\/04\/torri-store-logo_text.png","width":289,"height":361,"caption":"Torri Cantine"},"image":{"@id":"https:\/\/shop.torricantine.com\/de\/#\/schema\/logo\/image\/"}}]}},"_links":{"self":[{"href":"https:\/\/shop.torricantine.com\/de\/wp-json\/wp\/v2\/product\/25967","targetHints":{"allow":["GET"]}}],"collection":[{"href":"https:\/\/shop.torricantine.com\/de\/wp-json\/wp\/v2\/product"}],"about":[{"href":"https:\/\/shop.torricantine.com\/de\/wp-json\/wp\/v2\/types\/product"}],"replies":[{"embeddable":true,"href":"https:\/\/shop.torricantine.com\/de\/wp-json\/wp\/v2\/comments?post=25967"}],"wp:featuredmedia":[{"embeddable":true,"href":"https:\/\/shop.torricantine.com\/de\/wp-json\/wp\/v2\/media\/77895"}],"wp:attachment":[{"href":"https:\/\/shop.torricantine.com\/de\/wp-json\/wp\/v2\/media?parent=25967"}],"wp:term":[{"taxonomy":"product_brand","embeddable":true,"href":"https:\/\/shop.torricantine.com\/de\/wp-json\/wp\/v2\/product_brand?post=25967"},{"taxonomy":"product_cat","embeddable":true,"href":"https:\/\/shop.torricantine.com\/de\/wp-json\/wp\/v2\/product_cat?post=25967"},{"taxonomy":"product_tag","embeddable":true,"href":"https:\/\/shop.torricantine.com\/de\/wp-json\/wp\/v2\/product_tag?post=25967"}],"curies":[{"name":"wp","href":"https:\/\/api.w.org\/{rel}","templated":true}]}}