{"id":25965,"date":"2020-09-18T15:46:51","date_gmt":"2020-09-18T13:46:51","guid":{"rendered":"https:\/\/shop.torricantine.com\/product\/5l-bag-in-box-weisswein-pecorino-digt\/"},"modified":"2026-01-01T18:47:37","modified_gmt":"2026-01-01T16:47:37","slug":"5l-bag-in-box-weisswein-pecorino-digt","status":"publish","type":"product","link":"https:\/\/shop.torricantine.com\/de\/produkt\/5l-bag-in-box-weisswein-pecorino-digt\/","title":{"rendered":"5L Bag in Box Wei\u00dfwein Pecorino d&#8217;Abruzzo IGT"},"content":{"rendered":"<h2>Pecorino IGT &#8211; Bag in Box \u2013 13%<\/h2>\n<p><strong><u>SINNESNOTEN<\/u><\/strong><\/p>\n<p><strong>Farbe<\/strong>: Ein zartes Strohgelb, das sich durch seine besondere Leuchtkraft auszeichnet.<br \/>\n<strong>Geruch<\/strong>: Eine anregende Intensit\u00e4t begr\u00fc\u00dft die Nase mit Aromen von Wildblumen, gelben Fr\u00fcchten und einer zarten Kr\u00e4uternote.<br \/>\n<strong>Geschmack<\/strong>: Intensiv und langanhaltend auf dem Gaumen, unterst\u00fctzt von einer angenehmen W\u00e4rme und Weichheit, in perfekter Balance mit einer energetischen Frische und Mineralit\u00e4t.<\/p>\n<p><strong>Ernte<\/strong><br \/>\nEr kommt aus einem Gebiet bestens geeignet f\u00fcr den Anbau von Wei\u00dfwein in den Abruzzen, aus einem alten Weinberg in Tendone. Dies befindet sich in idealer H\u00f6he, um einen beeindruckenden Temperaturbereich und eine hervorragende Beleuchtung zu gew\u00e4hrleisten.<\/p>\n<p>Ein Pecorino, der Anfang September aus einer streng manuellen Ernte und aus einem zertifizierten \u00f6kologischen Anbau gewonnen wurde, mit den gr\u00f6\u00dftm\u00f6glichen Respekt f\u00fcr die Umwelt.<\/p>\n<p><strong>Weinbereitung<\/strong><br \/>\nDieser Wei\u00dfwein wird in vollklimatisierten Edelstahlbeh\u00e4ltern vinifiziert, gefolgt von einer 3-monatigen Verfeinerung in Betontanks. Danach wird er unter Ausschluss von Sauerstoff in die Flasche gef\u00fcllt.<\/p>\n<p><strong>Kombinieren Sie unseren wei\u00dfen Pecorino IGT Terre di Chieti Wein in Bag in Box<\/strong><br \/>\nEin Wein, der kalt bei maximal 6-8 Grad serviert wird, mit Aperitifs, Vorspeisen, Meeresfr\u00fcchten, vegetarischen Gerichten, wei\u00dfem Fleisch und frischem oder mittelreifem K\u00e4se.<\/p>\n","protected":false},"excerpt":{"rendered":"<p>Pecorino IGT &#8211; Bag in Box \u2013 13% SINNESNOTEN Farbe: Ein zartes Strohgelb, das sich durch seine besondere Leuchtkraft auszeichnet. Geruch: Eine anregende Intensit\u00e4t begr\u00fc\u00dft die Nase mit Aromen von Wildblumen, gelben Fr\u00fcchten und einer zarten Kr\u00e4uternote. Geschmack: Intensiv und langanhaltend auf dem Gaumen, unterst\u00fctzt von einer angenehmen W\u00e4rme und Weichheit, in perfekter Balance mit [&#8230;]\n","protected":false},"featured_media":77847,"comment_status":"open","ping_status":"closed","template":"","meta":[],"product_brand":[],"product_cat":[178,173,175,179],"product_tag":[388,497],"class_list":{"0":"post-25965","1":"product","2":"type-product","3":"status-publish","4":"has-post-thumbnail","6":"product_cat-bag-in-box-weine","7":"product_cat-biologische","8":"product_cat-torri-cantine-de","9":"product_cat-weissweine","10":"product_tag-bib5l-de","11":"product_tag-whitebib","12":"product_shipping_class-bib-5","14":"first","15":"instock","16":"sale","17":"taxable","18":"shipping-taxable","19":"purchasable","20":"product-type-simple"},"bundled_by":["26147","26268","29494","67902","68893"],"bundle_stock_status":"instock","bundle_stock_quantity":null,"bundle_virtual":false,"bundle_layout":"","bundle_add_to_cart_form_location":"","bundle_editable_in_cart":false,"bundle_sold_individually_context":"","bundle_item_grouping":"","bundle_min_size":"","bundle_max_size":"","bundle_price":[],"bundled_items":[],"bundle_sell_ids":[],"yoast_head":"<!-- This site is optimized with the Yoast SEO plugin v27.4 - https:\/\/yoast.com\/product\/yoast-seo-wordpress\/ -->\n<title>5L Bag in Box Wei\u00dfwein Pecorino d&#039;Abruzzo IGT - Torri Cantine Store COM<\/title>\n<meta name=\"robots\" content=\"index, follow, max-snippet:-1, max-image-preview:large, max-video-preview:-1\" \/>\n<link rel=\"canonical\" href=\"https:\/\/shop.torricantine.com\/de\/produkt\/5l-bag-in-box-weisswein-pecorino-digt\/\" \/>\n<meta property=\"og:locale\" content=\"de_DE\" \/>\n<meta property=\"og:type\" content=\"article\" \/>\n<meta property=\"og:title\" content=\"5L Bag in Box Wei\u00dfwein Pecorino d&#039;Abruzzo IGT - Torri Cantine Store COM\" \/>\n<meta property=\"og:description\" content=\"Pecorino IGT &#8211; Bag in Box \u2013 13% SINNESNOTEN Farbe: Ein zartes Strohgelb, das sich durch seine besondere Leuchtkraft auszeichnet. Geruch: Eine anregende Intensit\u00e4t begr\u00fc\u00dft die Nase mit Aromen von Wildblumen, gelben Fr\u00fcchten und einer zarten Kr\u00e4uternote. Geschmack: Intensiv und langanhaltend auf dem Gaumen, unterst\u00fctzt von einer angenehmen W\u00e4rme und Weichheit, in perfekter Balance mit [...]\" \/>\n<meta property=\"og:url\" content=\"https:\/\/shop.torricantine.com\/de\/produkt\/5l-bag-in-box-weisswein-pecorino-digt\/\" \/>\n<meta property=\"og:site_name\" content=\"Torri Cantine Store COM\" \/>\n<meta property=\"article:modified_time\" content=\"2026-01-01T16:47:37+00:00\" \/>\n<meta property=\"og:image\" content=\"https:\/\/shop.torricantine.com\/wp-content\/uploads\/2025\/08\/BIB-Pecorino-IMG-Prodotto-Shop.png\" \/>\n\t<meta property=\"og:image:width\" content=\"595\" \/>\n\t<meta property=\"og:image:height\" content=\"800\" \/>\n\t<meta property=\"og:image:type\" content=\"image\/png\" \/>\n<meta name=\"twitter:card\" content=\"summary_large_image\" \/>\n<meta name=\"twitter:label1\" content=\"Gesch\u00e4tzte Lesezeit\" \/>\n\t<meta name=\"twitter:data1\" content=\"2\u00a0Minuten\" \/>\n<script type=\"application\/ld+json\" class=\"yoast-schema-graph\">{\"@context\":\"https:\\\/\\\/schema.org\",\"@graph\":[{\"@type\":\"WebPage\",\"@id\":\"https:\\\/\\\/shop.torricantine.com\\\/de\\\/produkt\\\/5l-bag-in-box-weisswein-pecorino-digt\\\/\",\"url\":\"https:\\\/\\\/shop.torricantine.com\\\/de\\\/produkt\\\/5l-bag-in-box-weisswein-pecorino-digt\\\/\",\"name\":\"5L Bag in Box Wei\u00dfwein Pecorino d'Abruzzo IGT - Torri Cantine Store COM\",\"isPartOf\":{\"@id\":\"https:\\\/\\\/shop.torricantine.com\\\/de\\\/#website\"},\"primaryImageOfPage\":{\"@id\":\"https:\\\/\\\/shop.torricantine.com\\\/de\\\/produkt\\\/5l-bag-in-box-weisswein-pecorino-digt\\\/#primaryimage\"},\"image\":{\"@id\":\"https:\\\/\\\/shop.torricantine.com\\\/de\\\/produkt\\\/5l-bag-in-box-weisswein-pecorino-digt\\\/#primaryimage\"},\"thumbnailUrl\":\"https:\\\/\\\/shop.torricantine.com\\\/wp-content\\\/uploads\\\/2025\\\/08\\\/BIB-Pecorino-IMG-Prodotto-Shop.png\",\"datePublished\":\"2020-09-18T13:46:51+00:00\",\"dateModified\":\"2026-01-01T16:47:37+00:00\",\"breadcrumb\":{\"@id\":\"https:\\\/\\\/shop.torricantine.com\\\/de\\\/produkt\\\/5l-bag-in-box-weisswein-pecorino-digt\\\/#breadcrumb\"},\"inLanguage\":\"de\",\"potentialAction\":[{\"@type\":\"ReadAction\",\"target\":[\"https:\\\/\\\/shop.torricantine.com\\\/de\\\/produkt\\\/5l-bag-in-box-weisswein-pecorino-digt\\\/\"]}]},{\"@type\":\"ImageObject\",\"inLanguage\":\"de\",\"@id\":\"https:\\\/\\\/shop.torricantine.com\\\/de\\\/produkt\\\/5l-bag-in-box-weisswein-pecorino-digt\\\/#primaryimage\",\"url\":\"https:\\\/\\\/shop.torricantine.com\\\/wp-content\\\/uploads\\\/2025\\\/08\\\/BIB-Pecorino-IMG-Prodotto-Shop.png\",\"contentUrl\":\"https:\\\/\\\/shop.torricantine.com\\\/wp-content\\\/uploads\\\/2025\\\/08\\\/BIB-Pecorino-IMG-Prodotto-Shop.png\",\"width\":595,\"height\":800},{\"@type\":\"BreadcrumbList\",\"@id\":\"https:\\\/\\\/shop.torricantine.com\\\/de\\\/produkt\\\/5l-bag-in-box-weisswein-pecorino-digt\\\/#breadcrumb\",\"itemListElement\":[{\"@type\":\"ListItem\",\"position\":1,\"name\":\"Home\",\"item\":\"https:\\\/\\\/shop.torricantine.com\\\/de\\\/\"},{\"@type\":\"ListItem\",\"position\":2,\"name\":\"Shop\",\"item\":\"https:\\\/\\\/shop.torricantine.com\\\/de\\\/shop\\\/\"},{\"@type\":\"ListItem\",\"position\":3,\"name\":\"5L Bag in Box Wei\u00dfwein Pecorino d&#8217;Abruzzo IGT\"}]},{\"@type\":\"WebSite\",\"@id\":\"https:\\\/\\\/shop.torricantine.com\\\/de\\\/#website\",\"url\":\"https:\\\/\\\/shop.torricantine.com\\\/de\\\/\",\"name\":\"Torri Cantine Store COM\",\"description\":\"Online store of our winery in Italy\",\"publisher\":{\"@id\":\"https:\\\/\\\/shop.torricantine.com\\\/de\\\/#organization\"},\"potentialAction\":[{\"@type\":\"SearchAction\",\"target\":{\"@type\":\"EntryPoint\",\"urlTemplate\":\"https:\\\/\\\/shop.torricantine.com\\\/de\\\/?s={search_term_string}\"},\"query-input\":{\"@type\":\"PropertyValueSpecification\",\"valueRequired\":true,\"valueName\":\"search_term_string\"}}],\"inLanguage\":\"de\"},{\"@type\":\"Organization\",\"@id\":\"https:\\\/\\\/shop.torricantine.com\\\/de\\\/#organization\",\"name\":\"Torri Cantine\",\"url\":\"https:\\\/\\\/shop.torricantine.com\\\/de\\\/\",\"logo\":{\"@type\":\"ImageObject\",\"inLanguage\":\"de\",\"@id\":\"https:\\\/\\\/shop.torricantine.com\\\/de\\\/#\\\/schema\\\/logo\\\/image\\\/\",\"url\":\"https:\\\/\\\/shop.torricantine.com\\\/wp-content\\\/uploads\\\/2020\\\/04\\\/torri-store-logo_text.png\",\"contentUrl\":\"https:\\\/\\\/shop.torricantine.com\\\/wp-content\\\/uploads\\\/2020\\\/04\\\/torri-store-logo_text.png\",\"width\":289,\"height\":361,\"caption\":\"Torri Cantine\"},\"image\":{\"@id\":\"https:\\\/\\\/shop.torricantine.com\\\/de\\\/#\\\/schema\\\/logo\\\/image\\\/\"}}]}<\/script>\n<!-- \/ Yoast SEO plugin. -->","yoast_head_json":{"title":"5L Bag in Box Wei\u00dfwein Pecorino d'Abruzzo IGT - Torri Cantine Store COM","robots":{"index":"index","follow":"follow","max-snippet":"max-snippet:-1","max-image-preview":"max-image-preview:large","max-video-preview":"max-video-preview:-1"},"canonical":"https:\/\/shop.torricantine.com\/de\/produkt\/5l-bag-in-box-weisswein-pecorino-digt\/","og_locale":"de_DE","og_type":"article","og_title":"5L Bag in Box Wei\u00dfwein Pecorino d'Abruzzo IGT - Torri Cantine Store COM","og_description":"Pecorino IGT &#8211; Bag in Box \u2013 13% SINNESNOTEN Farbe: Ein zartes Strohgelb, das sich durch seine besondere Leuchtkraft auszeichnet. Geruch: Eine anregende Intensit\u00e4t begr\u00fc\u00dft die Nase mit Aromen von Wildblumen, gelben Fr\u00fcchten und einer zarten Kr\u00e4uternote. Geschmack: Intensiv und langanhaltend auf dem Gaumen, unterst\u00fctzt von einer angenehmen W\u00e4rme und Weichheit, in perfekter Balance mit [...]","og_url":"https:\/\/shop.torricantine.com\/de\/produkt\/5l-bag-in-box-weisswein-pecorino-digt\/","og_site_name":"Torri Cantine Store COM","article_modified_time":"2026-01-01T16:47:37+00:00","og_image":[{"width":595,"height":800,"url":"https:\/\/shop.torricantine.com\/wp-content\/uploads\/2025\/08\/BIB-Pecorino-IMG-Prodotto-Shop.png","type":"image\/png"}],"twitter_card":"summary_large_image","twitter_misc":{"Gesch\u00e4tzte Lesezeit":"2\u00a0Minuten"},"schema":{"@context":"https:\/\/schema.org","@graph":[{"@type":"WebPage","@id":"https:\/\/shop.torricantine.com\/de\/produkt\/5l-bag-in-box-weisswein-pecorino-digt\/","url":"https:\/\/shop.torricantine.com\/de\/produkt\/5l-bag-in-box-weisswein-pecorino-digt\/","name":"5L Bag in Box Wei\u00dfwein Pecorino d'Abruzzo IGT - Torri Cantine Store COM","isPartOf":{"@id":"https:\/\/shop.torricantine.com\/de\/#website"},"primaryImageOfPage":{"@id":"https:\/\/shop.torricantine.com\/de\/produkt\/5l-bag-in-box-weisswein-pecorino-digt\/#primaryimage"},"image":{"@id":"https:\/\/shop.torricantine.com\/de\/produkt\/5l-bag-in-box-weisswein-pecorino-digt\/#primaryimage"},"thumbnailUrl":"https:\/\/shop.torricantine.com\/wp-content\/uploads\/2025\/08\/BIB-Pecorino-IMG-Prodotto-Shop.png","datePublished":"2020-09-18T13:46:51+00:00","dateModified":"2026-01-01T16:47:37+00:00","breadcrumb":{"@id":"https:\/\/shop.torricantine.com\/de\/produkt\/5l-bag-in-box-weisswein-pecorino-digt\/#breadcrumb"},"inLanguage":"de","potentialAction":[{"@type":"ReadAction","target":["https:\/\/shop.torricantine.com\/de\/produkt\/5l-bag-in-box-weisswein-pecorino-digt\/"]}]},{"@type":"ImageObject","inLanguage":"de","@id":"https:\/\/shop.torricantine.com\/de\/produkt\/5l-bag-in-box-weisswein-pecorino-digt\/#primaryimage","url":"https:\/\/shop.torricantine.com\/wp-content\/uploads\/2025\/08\/BIB-Pecorino-IMG-Prodotto-Shop.png","contentUrl":"https:\/\/shop.torricantine.com\/wp-content\/uploads\/2025\/08\/BIB-Pecorino-IMG-Prodotto-Shop.png","width":595,"height":800},{"@type":"BreadcrumbList","@id":"https:\/\/shop.torricantine.com\/de\/produkt\/5l-bag-in-box-weisswein-pecorino-digt\/#breadcrumb","itemListElement":[{"@type":"ListItem","position":1,"name":"Home","item":"https:\/\/shop.torricantine.com\/de\/"},{"@type":"ListItem","position":2,"name":"Shop","item":"https:\/\/shop.torricantine.com\/de\/shop\/"},{"@type":"ListItem","position":3,"name":"5L Bag in Box Wei\u00dfwein Pecorino d&#8217;Abruzzo IGT"}]},{"@type":"WebSite","@id":"https:\/\/shop.torricantine.com\/de\/#website","url":"https:\/\/shop.torricantine.com\/de\/","name":"Torri Cantine Store COM","description":"Online store of our winery in Italy","publisher":{"@id":"https:\/\/shop.torricantine.com\/de\/#organization"},"potentialAction":[{"@type":"SearchAction","target":{"@type":"EntryPoint","urlTemplate":"https:\/\/shop.torricantine.com\/de\/?s={search_term_string}"},"query-input":{"@type":"PropertyValueSpecification","valueRequired":true,"valueName":"search_term_string"}}],"inLanguage":"de"},{"@type":"Organization","@id":"https:\/\/shop.torricantine.com\/de\/#organization","name":"Torri Cantine","url":"https:\/\/shop.torricantine.com\/de\/","logo":{"@type":"ImageObject","inLanguage":"de","@id":"https:\/\/shop.torricantine.com\/de\/#\/schema\/logo\/image\/","url":"https:\/\/shop.torricantine.com\/wp-content\/uploads\/2020\/04\/torri-store-logo_text.png","contentUrl":"https:\/\/shop.torricantine.com\/wp-content\/uploads\/2020\/04\/torri-store-logo_text.png","width":289,"height":361,"caption":"Torri Cantine"},"image":{"@id":"https:\/\/shop.torricantine.com\/de\/#\/schema\/logo\/image\/"}}]}},"_links":{"self":[{"href":"https:\/\/shop.torricantine.com\/de\/wp-json\/wp\/v2\/product\/25965","targetHints":{"allow":["GET"]}}],"collection":[{"href":"https:\/\/shop.torricantine.com\/de\/wp-json\/wp\/v2\/product"}],"about":[{"href":"https:\/\/shop.torricantine.com\/de\/wp-json\/wp\/v2\/types\/product"}],"replies":[{"embeddable":true,"href":"https:\/\/shop.torricantine.com\/de\/wp-json\/wp\/v2\/comments?post=25965"}],"wp:featuredmedia":[{"embeddable":true,"href":"https:\/\/shop.torricantine.com\/de\/wp-json\/wp\/v2\/media\/77847"}],"wp:attachment":[{"href":"https:\/\/shop.torricantine.com\/de\/wp-json\/wp\/v2\/media?parent=25965"}],"wp:term":[{"taxonomy":"product_brand","embeddable":true,"href":"https:\/\/shop.torricantine.com\/de\/wp-json\/wp\/v2\/product_brand?post=25965"},{"taxonomy":"product_cat","embeddable":true,"href":"https:\/\/shop.torricantine.com\/de\/wp-json\/wp\/v2\/product_cat?post=25965"},{"taxonomy":"product_tag","embeddable":true,"href":"https:\/\/shop.torricantine.com\/de\/wp-json\/wp\/v2\/product_tag?post=25965"}],"curies":[{"name":"wp","href":"https:\/\/api.w.org\/{rel}","templated":true}]}}