{"id":25964,"date":"2020-09-18T16:03:55","date_gmt":"2020-09-18T14:03:55","guid":{"rendered":"https:\/\/shop.torricantine.com\/product\/vin-rouge-biologique-montepulciano-dabruzzo-doc-bib-5l\/"},"modified":"2026-02-04T09:50:47","modified_gmt":"2026-02-04T07:50:47","slug":"vin-rouge-biologique-montepulciano-dabruzzo-doc-bib-5l","status":"publish","type":"product","link":"https:\/\/shop.torricantine.com\/de\/produkt\/vin-rouge-biologique-montepulciano-dabruzzo-doc-bib-5l\/","title":{"rendered":"5L Bag in Box Rotwein Montepulciano d&#8217;Abruzzo DOC"},"content":{"rendered":"<h2>Rotwein Montepulciano d\u2019Abruzzo DOC &#8211; Bag in Box von Cantine Torri \u2013 13.5%<\/h2>\n<p><strong>Unverwechselbare Sinnesnoten<\/strong><\/p>\n<p><strong>Farbe<\/strong>: Ein Rubinrot, fast undurchdringlich, mit interessanten, purpurroten Reflexen der Jugend.<br \/>\n<strong>Geruch<\/strong>: Der Nase offenbart er ein lebendiges Potpourri aus roten Bl\u00fcten, Veilchen und Nelken, die sich gut mit einem Hauch von Brombeeren, Pflaumen und Schattenmorellen vermischen, unterst\u00fctzt von einer leichten Balsamico-Note.<br \/>\n<strong>Geschmack<\/strong>: Intensiv und rund, im Einklang mit dem Geruchssinn, charakterisiert durch die richtige W\u00e4rme und einer nachfolgenden Samtigkeit, umh\u00fcllt mit ausgewogenen Tanninen, unterst\u00fctzt von eleganter Frische und einem anhaltenden mineralischen Abgang.<\/p>\n<p><strong>Ernte<\/strong><br \/>\nEntstanden in Martinsicuro (Teramo) auf einer H\u00f6he von etwa 290 Metern \u00fcber dem Meeresspiegel, ideal, um einen au\u00dfergew\u00f6hnlichen Temperaturbereich von einer mehr als 30 Jahre alten Rebe zu gew\u00e4hrleisten, Anbau im Pergola-System und eine herrliche Ausrichtung nach S\u00fcd- \/ S\u00fcdost.<\/p>\n<p>Ein reiner Wein, 100% aus Montepulciano d&#8217;Abruzzo DOC-Trauben gemacht, Weinlese nur von Hand in der ersten Oktoberh\u00e4lfte, Trauben, die aus einem zertifizierten biologischen Anbau stammen und so den maximalen Respekt f\u00fcr die Umwelt garantieren.<\/p>\n<p><strong>Vinifikation<\/strong><br \/>\nDieser Wein wird in klimatisierten Stahlbottichen hergestellt, gefolgt von einer malolaktischen G\u00e4rung und einer 6-monatigen Reifung in Betonwannen. Schlie\u00dflich findet die Abf\u00fcllung unter Ausschluss von Sauerstoff statt.<\/p>\n<p><strong>So servieren Sie unseren Montepulciano d&#8217;Abruzzo<\/strong><br \/>\nBei 14-16 Grad serviert, ist er perfekt f\u00fcr jeden Anlass und befriedigt alle Rotweinliebhaber, insbesondere wenn es mit gut strukturierten und leckeren Gerichten kombiniert wird: Aperitifs, Vorspeisen, erste G\u00e4nge, vegetarisches Essen, rotes Fleisch sowie mittel oder lange gereifter K\u00e4se.<\/p>\n<p>Stellen Sie sich ein paar Gnocchi mit Fleisch-Rag\u00f9, ein Schweinesteak in Rotwein und einen sch\u00f6nen, in Grotte gereiften Pecorino K\u00e4se vor.<\/p>\n<p><strong>INTERNATIONALE AUSZEICHNUNGEN<\/strong><\/p>\n<div id=\"fluid\">\n<table class=\"table\" border=\"0\" width=\"100%\" cellspacing=\"0\" cellpadding=\"0\">\n<tbody>\n<tr style=\"float: left;\">\n<td style=\"border: 0;\"><img loading=\"lazy\" decoding=\"async\" class=\"alignnone wp-image-108287\" src=\"https:\/\/shop.torricantine.com\/wp-content\/uploads\/2020\/07\/best-wine-in-box-gold.png\" alt=\"\" width=\"128\" height=\"96\" \/><\/td>\n<\/tr>\n<\/tbody>\n<\/table>\n<\/div>\n","protected":false},"excerpt":{"rendered":"<p>Rotwein Montepulciano d\u2019Abruzzo DOC &#8211; Bag in Box von Cantine Torri \u2013 13.5% Unverwechselbare Sinnesnoten Farbe: Ein Rubinrot, fast undurchdringlich, mit interessanten, purpurroten Reflexen der Jugend. Geruch: Der Nase offenbart er ein lebendiges Potpourri aus roten Bl\u00fcten, Veilchen und Nelken, die sich gut mit einem Hauch von Brombeeren, Pflaumen und Schattenmorellen vermischen, unterst\u00fctzt von einer [&#8230;]\n","protected":false},"featured_media":77868,"comment_status":"open","ping_status":"closed","template":"","meta":[],"product_brand":[],"product_cat":[174,178,173,312,177,175],"product_tag":[388,462],"class_list":{"0":"post-25964","1":"product","2":"type-product","3":"status-publish","4":"has-post-thumbnail","6":"product_cat-angebote","7":"product_cat-bag-in-box-weine","8":"product_cat-biologische","9":"product_cat-montepulciano-de","10":"product_cat-rotweine","11":"product_cat-torri-cantine-de","12":"product_tag-bib5l-de","13":"product_tag-redbib-de","14":"product_shipping_class-bib-5","16":"first","17":"instock","18":"sale","19":"taxable","20":"shipping-taxable","21":"purchasable","22":"product-type-simple"},"bundled_by":["26147","26246","26268","29494","67902","68893","82249","82253"],"bundle_stock_status":"instock","bundle_stock_quantity":null,"bundle_virtual":false,"bundle_layout":"","bundle_add_to_cart_form_location":"","bundle_editable_in_cart":false,"bundle_sold_individually_context":"","bundle_item_grouping":"","bundle_min_size":"","bundle_max_size":"","bundle_price":[],"bundled_items":[],"bundle_sell_ids":[],"yoast_head":"<!-- This site is optimized with the Yoast SEO plugin v27.4 - https:\/\/yoast.com\/product\/yoast-seo-wordpress\/ -->\n<title>5L Bag in Box Rotwein Montepulciano d&#039;Abruzzo DOC - Torri Cantine Store COM<\/title>\n<meta name=\"robots\" content=\"index, follow, max-snippet:-1, max-image-preview:large, max-video-preview:-1\" \/>\n<link rel=\"canonical\" href=\"https:\/\/shop.torricantine.com\/de\/produkt\/vin-rouge-biologique-montepulciano-dabruzzo-doc-bib-5l\/\" \/>\n<meta property=\"og:locale\" content=\"de_DE\" \/>\n<meta property=\"og:type\" content=\"article\" \/>\n<meta property=\"og:title\" content=\"5L Bag in Box Rotwein Montepulciano d&#039;Abruzzo DOC - Torri Cantine Store COM\" \/>\n<meta property=\"og:description\" content=\"Rotwein Montepulciano d\u2019Abruzzo DOC &#8211; Bag in Box von Cantine Torri \u2013 13.5% Unverwechselbare Sinnesnoten Farbe: Ein Rubinrot, fast undurchdringlich, mit interessanten, purpurroten Reflexen der Jugend. Geruch: Der Nase offenbart er ein lebendiges Potpourri aus roten Bl\u00fcten, Veilchen und Nelken, die sich gut mit einem Hauch von Brombeeren, Pflaumen und Schattenmorellen vermischen, unterst\u00fctzt von einer [...]\" \/>\n<meta property=\"og:url\" content=\"https:\/\/shop.torricantine.com\/de\/produkt\/vin-rouge-biologique-montepulciano-dabruzzo-doc-bib-5l\/\" \/>\n<meta property=\"og:site_name\" content=\"Torri Cantine Store COM\" \/>\n<meta property=\"article:modified_time\" content=\"2026-02-04T07:50:47+00:00\" \/>\n<meta property=\"og:image\" content=\"https:\/\/shop.torricantine.com\/wp-content\/uploads\/2020\/09\/BIB5L_mda-1.png\" \/>\n\t<meta property=\"og:image:width\" content=\"634\" \/>\n\t<meta property=\"og:image:height\" content=\"800\" \/>\n\t<meta property=\"og:image:type\" content=\"image\/png\" \/>\n<meta name=\"twitter:card\" content=\"summary_large_image\" \/>\n<meta name=\"twitter:label1\" content=\"Gesch\u00e4tzte Lesezeit\" \/>\n\t<meta name=\"twitter:data1\" content=\"2\u00a0Minuten\" \/>\n<script type=\"application\/ld+json\" class=\"yoast-schema-graph\">{\"@context\":\"https:\\\/\\\/schema.org\",\"@graph\":[{\"@type\":\"WebPage\",\"@id\":\"https:\\\/\\\/shop.torricantine.com\\\/de\\\/produkt\\\/vin-rouge-biologique-montepulciano-dabruzzo-doc-bib-5l\\\/\",\"url\":\"https:\\\/\\\/shop.torricantine.com\\\/de\\\/produkt\\\/vin-rouge-biologique-montepulciano-dabruzzo-doc-bib-5l\\\/\",\"name\":\"5L Bag in Box Rotwein Montepulciano d'Abruzzo DOC - Torri Cantine Store COM\",\"isPartOf\":{\"@id\":\"https:\\\/\\\/shop.torricantine.com\\\/de\\\/#website\"},\"primaryImageOfPage\":{\"@id\":\"https:\\\/\\\/shop.torricantine.com\\\/de\\\/produkt\\\/vin-rouge-biologique-montepulciano-dabruzzo-doc-bib-5l\\\/#primaryimage\"},\"image\":{\"@id\":\"https:\\\/\\\/shop.torricantine.com\\\/de\\\/produkt\\\/vin-rouge-biologique-montepulciano-dabruzzo-doc-bib-5l\\\/#primaryimage\"},\"thumbnailUrl\":\"https:\\\/\\\/shop.torricantine.com\\\/wp-content\\\/uploads\\\/2025\\\/08\\\/BIB5L_MdA-1.png\",\"datePublished\":\"2020-09-18T14:03:55+00:00\",\"dateModified\":\"2026-02-04T07:50:47+00:00\",\"breadcrumb\":{\"@id\":\"https:\\\/\\\/shop.torricantine.com\\\/de\\\/produkt\\\/vin-rouge-biologique-montepulciano-dabruzzo-doc-bib-5l\\\/#breadcrumb\"},\"inLanguage\":\"de\",\"potentialAction\":[{\"@type\":\"ReadAction\",\"target\":[\"https:\\\/\\\/shop.torricantine.com\\\/de\\\/produkt\\\/vin-rouge-biologique-montepulciano-dabruzzo-doc-bib-5l\\\/\"]}]},{\"@type\":\"ImageObject\",\"inLanguage\":\"de\",\"@id\":\"https:\\\/\\\/shop.torricantine.com\\\/de\\\/produkt\\\/vin-rouge-biologique-montepulciano-dabruzzo-doc-bib-5l\\\/#primaryimage\",\"url\":\"https:\\\/\\\/shop.torricantine.com\\\/wp-content\\\/uploads\\\/2025\\\/08\\\/BIB5L_MdA-1.png\",\"contentUrl\":\"https:\\\/\\\/shop.torricantine.com\\\/wp-content\\\/uploads\\\/2025\\\/08\\\/BIB5L_MdA-1.png\",\"width\":633,\"height\":800},{\"@type\":\"BreadcrumbList\",\"@id\":\"https:\\\/\\\/shop.torricantine.com\\\/de\\\/produkt\\\/vin-rouge-biologique-montepulciano-dabruzzo-doc-bib-5l\\\/#breadcrumb\",\"itemListElement\":[{\"@type\":\"ListItem\",\"position\":1,\"name\":\"Home\",\"item\":\"https:\\\/\\\/shop.torricantine.com\\\/de\\\/\"},{\"@type\":\"ListItem\",\"position\":2,\"name\":\"Shop\",\"item\":\"https:\\\/\\\/shop.torricantine.com\\\/de\\\/shop\\\/\"},{\"@type\":\"ListItem\",\"position\":3,\"name\":\"5L Bag in Box Rotwein Montepulciano d&#8217;Abruzzo DOC\"}]},{\"@type\":\"WebSite\",\"@id\":\"https:\\\/\\\/shop.torricantine.com\\\/de\\\/#website\",\"url\":\"https:\\\/\\\/shop.torricantine.com\\\/de\\\/\",\"name\":\"Torri Cantine Store COM\",\"description\":\"Online store of our winery in Italy\",\"publisher\":{\"@id\":\"https:\\\/\\\/shop.torricantine.com\\\/de\\\/#organization\"},\"potentialAction\":[{\"@type\":\"SearchAction\",\"target\":{\"@type\":\"EntryPoint\",\"urlTemplate\":\"https:\\\/\\\/shop.torricantine.com\\\/de\\\/?s={search_term_string}\"},\"query-input\":{\"@type\":\"PropertyValueSpecification\",\"valueRequired\":true,\"valueName\":\"search_term_string\"}}],\"inLanguage\":\"de\"},{\"@type\":\"Organization\",\"@id\":\"https:\\\/\\\/shop.torricantine.com\\\/de\\\/#organization\",\"name\":\"Torri Cantine\",\"url\":\"https:\\\/\\\/shop.torricantine.com\\\/de\\\/\",\"logo\":{\"@type\":\"ImageObject\",\"inLanguage\":\"de\",\"@id\":\"https:\\\/\\\/shop.torricantine.com\\\/de\\\/#\\\/schema\\\/logo\\\/image\\\/\",\"url\":\"https:\\\/\\\/shop.torricantine.com\\\/wp-content\\\/uploads\\\/2020\\\/04\\\/torri-store-logo_text.png\",\"contentUrl\":\"https:\\\/\\\/shop.torricantine.com\\\/wp-content\\\/uploads\\\/2020\\\/04\\\/torri-store-logo_text.png\",\"width\":289,\"height\":361,\"caption\":\"Torri Cantine\"},\"image\":{\"@id\":\"https:\\\/\\\/shop.torricantine.com\\\/de\\\/#\\\/schema\\\/logo\\\/image\\\/\"}}]}<\/script>\n<!-- \/ Yoast SEO plugin. -->","yoast_head_json":{"title":"5L Bag in Box Rotwein Montepulciano d'Abruzzo DOC - Torri Cantine Store COM","robots":{"index":"index","follow":"follow","max-snippet":"max-snippet:-1","max-image-preview":"max-image-preview:large","max-video-preview":"max-video-preview:-1"},"canonical":"https:\/\/shop.torricantine.com\/de\/produkt\/vin-rouge-biologique-montepulciano-dabruzzo-doc-bib-5l\/","og_locale":"de_DE","og_type":"article","og_title":"5L Bag in Box Rotwein Montepulciano d'Abruzzo DOC - Torri Cantine Store COM","og_description":"Rotwein Montepulciano d\u2019Abruzzo DOC &#8211; Bag in Box von Cantine Torri \u2013 13.5% Unverwechselbare Sinnesnoten Farbe: Ein Rubinrot, fast undurchdringlich, mit interessanten, purpurroten Reflexen der Jugend. Geruch: Der Nase offenbart er ein lebendiges Potpourri aus roten Bl\u00fcten, Veilchen und Nelken, die sich gut mit einem Hauch von Brombeeren, Pflaumen und Schattenmorellen vermischen, unterst\u00fctzt von einer [...]","og_url":"https:\/\/shop.torricantine.com\/de\/produkt\/vin-rouge-biologique-montepulciano-dabruzzo-doc-bib-5l\/","og_site_name":"Torri Cantine Store COM","article_modified_time":"2026-02-04T07:50:47+00:00","og_image":[{"width":634,"height":800,"url":"https:\/\/shop.torricantine.com\/wp-content\/uploads\/2020\/09\/BIB5L_mda-1.png","type":"image\/png"}],"twitter_card":"summary_large_image","twitter_misc":{"Gesch\u00e4tzte Lesezeit":"2\u00a0Minuten"},"schema":{"@context":"https:\/\/schema.org","@graph":[{"@type":"WebPage","@id":"https:\/\/shop.torricantine.com\/de\/produkt\/vin-rouge-biologique-montepulciano-dabruzzo-doc-bib-5l\/","url":"https:\/\/shop.torricantine.com\/de\/produkt\/vin-rouge-biologique-montepulciano-dabruzzo-doc-bib-5l\/","name":"5L Bag in Box Rotwein Montepulciano d'Abruzzo DOC - Torri Cantine Store COM","isPartOf":{"@id":"https:\/\/shop.torricantine.com\/de\/#website"},"primaryImageOfPage":{"@id":"https:\/\/shop.torricantine.com\/de\/produkt\/vin-rouge-biologique-montepulciano-dabruzzo-doc-bib-5l\/#primaryimage"},"image":{"@id":"https:\/\/shop.torricantine.com\/de\/produkt\/vin-rouge-biologique-montepulciano-dabruzzo-doc-bib-5l\/#primaryimage"},"thumbnailUrl":"https:\/\/shop.torricantine.com\/wp-content\/uploads\/2025\/08\/BIB5L_MdA-1.png","datePublished":"2020-09-18T14:03:55+00:00","dateModified":"2026-02-04T07:50:47+00:00","breadcrumb":{"@id":"https:\/\/shop.torricantine.com\/de\/produkt\/vin-rouge-biologique-montepulciano-dabruzzo-doc-bib-5l\/#breadcrumb"},"inLanguage":"de","potentialAction":[{"@type":"ReadAction","target":["https:\/\/shop.torricantine.com\/de\/produkt\/vin-rouge-biologique-montepulciano-dabruzzo-doc-bib-5l\/"]}]},{"@type":"ImageObject","inLanguage":"de","@id":"https:\/\/shop.torricantine.com\/de\/produkt\/vin-rouge-biologique-montepulciano-dabruzzo-doc-bib-5l\/#primaryimage","url":"https:\/\/shop.torricantine.com\/wp-content\/uploads\/2025\/08\/BIB5L_MdA-1.png","contentUrl":"https:\/\/shop.torricantine.com\/wp-content\/uploads\/2025\/08\/BIB5L_MdA-1.png","width":633,"height":800},{"@type":"BreadcrumbList","@id":"https:\/\/shop.torricantine.com\/de\/produkt\/vin-rouge-biologique-montepulciano-dabruzzo-doc-bib-5l\/#breadcrumb","itemListElement":[{"@type":"ListItem","position":1,"name":"Home","item":"https:\/\/shop.torricantine.com\/de\/"},{"@type":"ListItem","position":2,"name":"Shop","item":"https:\/\/shop.torricantine.com\/de\/shop\/"},{"@type":"ListItem","position":3,"name":"5L Bag in Box Rotwein Montepulciano d&#8217;Abruzzo DOC"}]},{"@type":"WebSite","@id":"https:\/\/shop.torricantine.com\/de\/#website","url":"https:\/\/shop.torricantine.com\/de\/","name":"Torri Cantine Store COM","description":"Online store of our winery in Italy","publisher":{"@id":"https:\/\/shop.torricantine.com\/de\/#organization"},"potentialAction":[{"@type":"SearchAction","target":{"@type":"EntryPoint","urlTemplate":"https:\/\/shop.torricantine.com\/de\/?s={search_term_string}"},"query-input":{"@type":"PropertyValueSpecification","valueRequired":true,"valueName":"search_term_string"}}],"inLanguage":"de"},{"@type":"Organization","@id":"https:\/\/shop.torricantine.com\/de\/#organization","name":"Torri Cantine","url":"https:\/\/shop.torricantine.com\/de\/","logo":{"@type":"ImageObject","inLanguage":"de","@id":"https:\/\/shop.torricantine.com\/de\/#\/schema\/logo\/image\/","url":"https:\/\/shop.torricantine.com\/wp-content\/uploads\/2020\/04\/torri-store-logo_text.png","contentUrl":"https:\/\/shop.torricantine.com\/wp-content\/uploads\/2020\/04\/torri-store-logo_text.png","width":289,"height":361,"caption":"Torri Cantine"},"image":{"@id":"https:\/\/shop.torricantine.com\/de\/#\/schema\/logo\/image\/"}}]}},"_links":{"self":[{"href":"https:\/\/shop.torricantine.com\/de\/wp-json\/wp\/v2\/product\/25964","targetHints":{"allow":["GET"]}}],"collection":[{"href":"https:\/\/shop.torricantine.com\/de\/wp-json\/wp\/v2\/product"}],"about":[{"href":"https:\/\/shop.torricantine.com\/de\/wp-json\/wp\/v2\/types\/product"}],"replies":[{"embeddable":true,"href":"https:\/\/shop.torricantine.com\/de\/wp-json\/wp\/v2\/comments?post=25964"}],"wp:featuredmedia":[{"embeddable":true,"href":"https:\/\/shop.torricantine.com\/de\/wp-json\/wp\/v2\/media\/77868"}],"wp:attachment":[{"href":"https:\/\/shop.torricantine.com\/de\/wp-json\/wp\/v2\/media?parent=25964"}],"wp:term":[{"taxonomy":"product_brand","embeddable":true,"href":"https:\/\/shop.torricantine.com\/de\/wp-json\/wp\/v2\/product_brand?post=25964"},{"taxonomy":"product_cat","embeddable":true,"href":"https:\/\/shop.torricantine.com\/de\/wp-json\/wp\/v2\/product_cat?post=25964"},{"taxonomy":"product_tag","embeddable":true,"href":"https:\/\/shop.torricantine.com\/de\/wp-json\/wp\/v2\/product_tag?post=25964"}],"curies":[{"name":"wp","href":"https:\/\/api.w.org\/{rel}","templated":true}]}}