{"id":25961,"date":"2020-10-30T09:43:09","date_gmt":"2020-10-30T07:43:09","guid":{"rendered":"https:\/\/shop.torricantine.com\/product\/5l-bag-in-box-rospasserina-igt\/"},"modified":"2025-11-06T16:48:11","modified_gmt":"2025-11-06T14:48:11","slug":"5l-bag-in-box-cerasuolo-doc","status":"publish","type":"product","link":"https:\/\/shop.torricantine.com\/de\/produkt\/5l-bag-in-box-cerasuolo-doc\/","title":{"rendered":"5L Bag in Box Cerasuolo d\u2019Abruzzo DOC Ros\u00e9wein"},"content":{"rendered":"<h2>Cerasuolo d\u2019Abruzzo DOC \u2013 Bag in Box \u2013 13%<\/h2>\n<p><strong>SINNESNOTEN<\/strong><\/p>\n<p><strong>Farbe: <\/strong>ein wundersch\u00f6nes, kr\u00e4ftiges Ros\u00e9 Cerasuolo, leuchtend und intensiv.<br \/>\n<strong>Duftnote: <\/strong>sehr wohlriechend und unglaublich eleganter Duft, nach Blumen und Frucht, Gew\u00fcrznelken, Geranien, Kirsche, Himbeere und Pfirsich.<br \/>\n<strong>Gaumen: <\/strong>am Gaumen trocken und sehr lebhaft, hinterl\u00e4sst eine angenehme Frische und ein weinig Tannin, vermischt mit W\u00e4rme und harmonisierender Weichheit<strong>. <\/strong>Es best\u00e4tigen sich die Duftnoten, begleitet von einer delikaten Viskosit\u00e4t und einem langanhaltenden mineralischen Abgang.<\/p>\n<p><strong>Weinlese<\/strong><br \/>\nAngebaut in einem paradiesischen Weinbaugebiet, ideale Hochlage mit extremen Temperaturschwankungen, positiv f\u00fcr das Bouquet und einer st\u00e4ndigen Meeresbrise, von einer alteneingesessenen Weinrebsorte, Anbau Methode System Guyot.<\/p>\n<p>Dieser Ros\u00e9 Cerasuolo D\u2019Abruzzo wird in den ersten Oktobertagen ausschlie\u00dflich von Hand gelesen. Der Anbau findet in zertifizierter, biologisch-dynamischer Landwirtschaft statt und so den maximalen Respekt f\u00fcr die Umwelt garantieren.<\/p>\n<p><strong>Vinifikation<\/strong><br \/>\nWeinzubereitung in Wei\u00df, ausschlie\u00dflich in Temperatur-kontrollierten Stahlbottichen. Nach der notwendigen Ruhezeit mit den Traubenschalen folgt eine 6-monatige Reifezeit immer in Stahl. Danach erfolgt die Abf\u00fcllung unter vollst\u00e4ndigem Ausschluss von Sauerstoff.<\/p>\n<p><strong>So kombinieren Sie unseren Ros\u00e9 Cerasuolo D\u2019Abruzzo<\/strong><strong> Rosarubra<\/strong><br \/>\nEin Ros\u00e9 hat die fantastische Eigenschaft, dass er zu fast zu allen Gerichten passt und sicherlich kann man ihn zu so einigen Anl\u00e4ssen verkosten. Er wird eiskalt serviert zum Aperitif, zu Vorspeisen, Meeresfr\u00fcchten, vegetarische Gerichte, Gefl\u00fcgel und Rindfleisch, ebenfalls zu milden oder mittelreifen K\u00e4sesorten.<\/p>\n<p>Stellen wir uns Tagliatelle Nudeln mit Meeresfr\u00fcchten vor oder frittierte Zucchini-Bl\u00fcten, Lasagne mit Enten Rag\u00f9, Fasan im Ofen oder eine Bergziege an Schnittlauch.<\/p>\n","protected":false},"excerpt":{"rendered":"<p>Cerasuolo d\u2019Abruzzo DOC \u2013 Bag in Box \u2013 13% SINNESNOTEN Farbe: ein wundersch\u00f6nes, kr\u00e4ftiges Ros\u00e9 Cerasuolo, leuchtend und intensiv. Duftnote: sehr wohlriechend und unglaublich eleganter Duft, nach Blumen und Frucht, Gew\u00fcrznelken, Geranien, Kirsche, Himbeere und Pfirsich. Gaumen: am Gaumen trocken und sehr lebhaft, hinterl\u00e4sst eine angenehme Frische und ein weinig Tannin, vermischt mit W\u00e4rme und [&#8230;]\n","protected":false},"featured_media":77829,"comment_status":"open","ping_status":"closed","template":"","meta":[],"product_brand":[],"product_cat":[178,173,184,175],"product_tag":[388,446],"class_list":{"0":"post-25961","1":"product","2":"type-product","3":"status-publish","4":"has-post-thumbnail","6":"product_cat-bag-in-box-weine","7":"product_cat-biologische","8":"product_cat-rosewein","9":"product_cat-torri-cantine-de","10":"product_tag-bib5l-de","11":"product_tag-rose-de","12":"product_shipping_class-bib-5","14":"first","15":"instock","16":"sale","17":"taxable","18":"shipping-taxable","19":"purchasable","20":"product-type-simple"},"bundled_by":["26147","26246","29494","67902","68893","82249","82253"],"bundle_stock_status":"instock","bundle_stock_quantity":null,"bundle_virtual":false,"bundle_layout":"","bundle_add_to_cart_form_location":"","bundle_editable_in_cart":false,"bundle_sold_individually_context":"","bundle_item_grouping":"","bundle_min_size":"","bundle_max_size":"","bundle_price":[],"bundled_items":[],"bundle_sell_ids":[],"yoast_head":"<!-- This site is optimized with the Yoast SEO plugin v27.5 - https:\/\/yoast.com\/product\/yoast-seo-wordpress\/ -->\n<title>5L Bag in Box Cerasuolo d\u2019Abruzzo DOC Ros\u00e9wein - Torri Cantine Store COM<\/title>\n<meta name=\"robots\" content=\"index, follow, max-snippet:-1, max-image-preview:large, max-video-preview:-1\" \/>\n<link rel=\"canonical\" href=\"https:\/\/shop.torricantine.com\/de\/produkt\/5l-bag-in-box-cerasuolo-doc\/\" \/>\n<meta property=\"og:locale\" content=\"de_DE\" \/>\n<meta property=\"og:type\" content=\"article\" \/>\n<meta property=\"og:title\" content=\"5L Bag in Box Cerasuolo d\u2019Abruzzo DOC Ros\u00e9wein - Torri Cantine Store COM\" \/>\n<meta property=\"og:description\" content=\"Cerasuolo d\u2019Abruzzo DOC \u2013 Bag in Box \u2013 13% SINNESNOTEN Farbe: ein wundersch\u00f6nes, kr\u00e4ftiges Ros\u00e9 Cerasuolo, leuchtend und intensiv. Duftnote: sehr wohlriechend und unglaublich eleganter Duft, nach Blumen und Frucht, Gew\u00fcrznelken, Geranien, Kirsche, Himbeere und Pfirsich. Gaumen: am Gaumen trocken und sehr lebhaft, hinterl\u00e4sst eine angenehme Frische und ein weinig Tannin, vermischt mit W\u00e4rme und [...]\" \/>\n<meta property=\"og:url\" content=\"https:\/\/shop.torricantine.com\/de\/produkt\/5l-bag-in-box-cerasuolo-doc\/\" \/>\n<meta property=\"og:site_name\" content=\"Torri Cantine Store COM\" \/>\n<meta property=\"article:modified_time\" content=\"2025-11-06T14:48:11+00:00\" \/>\n<meta property=\"og:image\" content=\"https:\/\/shop.torricantine.com\/wp-content\/uploads\/2025\/08\/BIB-Cerasuolo-IMG-Prodotto-Shop.png\" \/>\n\t<meta property=\"og:image:width\" content=\"598\" \/>\n\t<meta property=\"og:image:height\" content=\"800\" \/>\n\t<meta property=\"og:image:type\" content=\"image\/png\" \/>\n<meta name=\"twitter:card\" content=\"summary_large_image\" \/>\n<meta name=\"twitter:label1\" content=\"Gesch\u00e4tzte Lesezeit\" \/>\n\t<meta name=\"twitter:data1\" content=\"2\u00a0Minuten\" \/>\n<script type=\"application\/ld+json\" class=\"yoast-schema-graph\">{\"@context\":\"https:\\\/\\\/schema.org\",\"@graph\":[{\"@type\":\"WebPage\",\"@id\":\"https:\\\/\\\/shop.torricantine.com\\\/de\\\/produkt\\\/5l-bag-in-box-cerasuolo-doc\\\/\",\"url\":\"https:\\\/\\\/shop.torricantine.com\\\/de\\\/produkt\\\/5l-bag-in-box-cerasuolo-doc\\\/\",\"name\":\"5L Bag in Box Cerasuolo d\u2019Abruzzo DOC Ros\u00e9wein - Torri Cantine Store COM\",\"isPartOf\":{\"@id\":\"https:\\\/\\\/shop.torricantine.com\\\/de\\\/#website\"},\"primaryImageOfPage\":{\"@id\":\"https:\\\/\\\/shop.torricantine.com\\\/de\\\/produkt\\\/5l-bag-in-box-cerasuolo-doc\\\/#primaryimage\"},\"image\":{\"@id\":\"https:\\\/\\\/shop.torricantine.com\\\/de\\\/produkt\\\/5l-bag-in-box-cerasuolo-doc\\\/#primaryimage\"},\"thumbnailUrl\":\"https:\\\/\\\/shop.torricantine.com\\\/wp-content\\\/uploads\\\/2025\\\/08\\\/BIB-Cerasuolo-IMG-Prodotto-Shop.png\",\"datePublished\":\"2020-10-30T07:43:09+00:00\",\"dateModified\":\"2025-11-06T14:48:11+00:00\",\"breadcrumb\":{\"@id\":\"https:\\\/\\\/shop.torricantine.com\\\/de\\\/produkt\\\/5l-bag-in-box-cerasuolo-doc\\\/#breadcrumb\"},\"inLanguage\":\"de\",\"potentialAction\":[{\"@type\":\"ReadAction\",\"target\":[\"https:\\\/\\\/shop.torricantine.com\\\/de\\\/produkt\\\/5l-bag-in-box-cerasuolo-doc\\\/\"]}]},{\"@type\":\"ImageObject\",\"inLanguage\":\"de\",\"@id\":\"https:\\\/\\\/shop.torricantine.com\\\/de\\\/produkt\\\/5l-bag-in-box-cerasuolo-doc\\\/#primaryimage\",\"url\":\"https:\\\/\\\/shop.torricantine.com\\\/wp-content\\\/uploads\\\/2025\\\/08\\\/BIB-Cerasuolo-IMG-Prodotto-Shop.png\",\"contentUrl\":\"https:\\\/\\\/shop.torricantine.com\\\/wp-content\\\/uploads\\\/2025\\\/08\\\/BIB-Cerasuolo-IMG-Prodotto-Shop.png\",\"width\":598,\"height\":800},{\"@type\":\"BreadcrumbList\",\"@id\":\"https:\\\/\\\/shop.torricantine.com\\\/de\\\/produkt\\\/5l-bag-in-box-cerasuolo-doc\\\/#breadcrumb\",\"itemListElement\":[{\"@type\":\"ListItem\",\"position\":1,\"name\":\"Home\",\"item\":\"https:\\\/\\\/shop.torricantine.com\\\/de\\\/\"},{\"@type\":\"ListItem\",\"position\":2,\"name\":\"Shop\",\"item\":\"https:\\\/\\\/shop.torricantine.com\\\/de\\\/shop\\\/\"},{\"@type\":\"ListItem\",\"position\":3,\"name\":\"5L Bag in Box Cerasuolo d\u2019Abruzzo DOC Ros\u00e9wein\"}]},{\"@type\":\"WebSite\",\"@id\":\"https:\\\/\\\/shop.torricantine.com\\\/de\\\/#website\",\"url\":\"https:\\\/\\\/shop.torricantine.com\\\/de\\\/\",\"name\":\"Torri Cantine Store COM\",\"description\":\"Online store of our winery in Italy\",\"publisher\":{\"@id\":\"https:\\\/\\\/shop.torricantine.com\\\/de\\\/#organization\"},\"potentialAction\":[{\"@type\":\"SearchAction\",\"target\":{\"@type\":\"EntryPoint\",\"urlTemplate\":\"https:\\\/\\\/shop.torricantine.com\\\/de\\\/?s={search_term_string}\"},\"query-input\":{\"@type\":\"PropertyValueSpecification\",\"valueRequired\":true,\"valueName\":\"search_term_string\"}}],\"inLanguage\":\"de\"},{\"@type\":\"Organization\",\"@id\":\"https:\\\/\\\/shop.torricantine.com\\\/de\\\/#organization\",\"name\":\"Torri Cantine\",\"url\":\"https:\\\/\\\/shop.torricantine.com\\\/de\\\/\",\"logo\":{\"@type\":\"ImageObject\",\"inLanguage\":\"de\",\"@id\":\"https:\\\/\\\/shop.torricantine.com\\\/de\\\/#\\\/schema\\\/logo\\\/image\\\/\",\"url\":\"https:\\\/\\\/shop.torricantine.com\\\/wp-content\\\/uploads\\\/2020\\\/04\\\/torri-store-logo_text.png\",\"contentUrl\":\"https:\\\/\\\/shop.torricantine.com\\\/wp-content\\\/uploads\\\/2020\\\/04\\\/torri-store-logo_text.png\",\"width\":289,\"height\":361,\"caption\":\"Torri Cantine\"},\"image\":{\"@id\":\"https:\\\/\\\/shop.torricantine.com\\\/de\\\/#\\\/schema\\\/logo\\\/image\\\/\"}}]}<\/script>\n<!-- \/ Yoast SEO plugin. -->","yoast_head_json":{"title":"5L Bag in Box Cerasuolo d\u2019Abruzzo DOC Ros\u00e9wein - Torri Cantine Store COM","robots":{"index":"index","follow":"follow","max-snippet":"max-snippet:-1","max-image-preview":"max-image-preview:large","max-video-preview":"max-video-preview:-1"},"canonical":"https:\/\/shop.torricantine.com\/de\/produkt\/5l-bag-in-box-cerasuolo-doc\/","og_locale":"de_DE","og_type":"article","og_title":"5L Bag in Box Cerasuolo d\u2019Abruzzo DOC Ros\u00e9wein - Torri Cantine Store COM","og_description":"Cerasuolo d\u2019Abruzzo DOC \u2013 Bag in Box \u2013 13% SINNESNOTEN Farbe: ein wundersch\u00f6nes, kr\u00e4ftiges Ros\u00e9 Cerasuolo, leuchtend und intensiv. Duftnote: sehr wohlriechend und unglaublich eleganter Duft, nach Blumen und Frucht, Gew\u00fcrznelken, Geranien, Kirsche, Himbeere und Pfirsich. Gaumen: am Gaumen trocken und sehr lebhaft, hinterl\u00e4sst eine angenehme Frische und ein weinig Tannin, vermischt mit W\u00e4rme und [...]","og_url":"https:\/\/shop.torricantine.com\/de\/produkt\/5l-bag-in-box-cerasuolo-doc\/","og_site_name":"Torri Cantine Store COM","article_modified_time":"2025-11-06T14:48:11+00:00","og_image":[{"width":598,"height":800,"url":"https:\/\/shop.torricantine.com\/wp-content\/uploads\/2025\/08\/BIB-Cerasuolo-IMG-Prodotto-Shop.png","type":"image\/png"}],"twitter_card":"summary_large_image","twitter_misc":{"Gesch\u00e4tzte Lesezeit":"2\u00a0Minuten"},"schema":{"@context":"https:\/\/schema.org","@graph":[{"@type":"WebPage","@id":"https:\/\/shop.torricantine.com\/de\/produkt\/5l-bag-in-box-cerasuolo-doc\/","url":"https:\/\/shop.torricantine.com\/de\/produkt\/5l-bag-in-box-cerasuolo-doc\/","name":"5L Bag in Box Cerasuolo d\u2019Abruzzo DOC Ros\u00e9wein - Torri Cantine Store COM","isPartOf":{"@id":"https:\/\/shop.torricantine.com\/de\/#website"},"primaryImageOfPage":{"@id":"https:\/\/shop.torricantine.com\/de\/produkt\/5l-bag-in-box-cerasuolo-doc\/#primaryimage"},"image":{"@id":"https:\/\/shop.torricantine.com\/de\/produkt\/5l-bag-in-box-cerasuolo-doc\/#primaryimage"},"thumbnailUrl":"https:\/\/shop.torricantine.com\/wp-content\/uploads\/2025\/08\/BIB-Cerasuolo-IMG-Prodotto-Shop.png","datePublished":"2020-10-30T07:43:09+00:00","dateModified":"2025-11-06T14:48:11+00:00","breadcrumb":{"@id":"https:\/\/shop.torricantine.com\/de\/produkt\/5l-bag-in-box-cerasuolo-doc\/#breadcrumb"},"inLanguage":"de","potentialAction":[{"@type":"ReadAction","target":["https:\/\/shop.torricantine.com\/de\/produkt\/5l-bag-in-box-cerasuolo-doc\/"]}]},{"@type":"ImageObject","inLanguage":"de","@id":"https:\/\/shop.torricantine.com\/de\/produkt\/5l-bag-in-box-cerasuolo-doc\/#primaryimage","url":"https:\/\/shop.torricantine.com\/wp-content\/uploads\/2025\/08\/BIB-Cerasuolo-IMG-Prodotto-Shop.png","contentUrl":"https:\/\/shop.torricantine.com\/wp-content\/uploads\/2025\/08\/BIB-Cerasuolo-IMG-Prodotto-Shop.png","width":598,"height":800},{"@type":"BreadcrumbList","@id":"https:\/\/shop.torricantine.com\/de\/produkt\/5l-bag-in-box-cerasuolo-doc\/#breadcrumb","itemListElement":[{"@type":"ListItem","position":1,"name":"Home","item":"https:\/\/shop.torricantine.com\/de\/"},{"@type":"ListItem","position":2,"name":"Shop","item":"https:\/\/shop.torricantine.com\/de\/shop\/"},{"@type":"ListItem","position":3,"name":"5L Bag in Box Cerasuolo d\u2019Abruzzo DOC Ros\u00e9wein"}]},{"@type":"WebSite","@id":"https:\/\/shop.torricantine.com\/de\/#website","url":"https:\/\/shop.torricantine.com\/de\/","name":"Torri Cantine Store COM","description":"Online store of our winery in Italy","publisher":{"@id":"https:\/\/shop.torricantine.com\/de\/#organization"},"potentialAction":[{"@type":"SearchAction","target":{"@type":"EntryPoint","urlTemplate":"https:\/\/shop.torricantine.com\/de\/?s={search_term_string}"},"query-input":{"@type":"PropertyValueSpecification","valueRequired":true,"valueName":"search_term_string"}}],"inLanguage":"de"},{"@type":"Organization","@id":"https:\/\/shop.torricantine.com\/de\/#organization","name":"Torri Cantine","url":"https:\/\/shop.torricantine.com\/de\/","logo":{"@type":"ImageObject","inLanguage":"de","@id":"https:\/\/shop.torricantine.com\/de\/#\/schema\/logo\/image\/","url":"https:\/\/shop.torricantine.com\/wp-content\/uploads\/2020\/04\/torri-store-logo_text.png","contentUrl":"https:\/\/shop.torricantine.com\/wp-content\/uploads\/2020\/04\/torri-store-logo_text.png","width":289,"height":361,"caption":"Torri Cantine"},"image":{"@id":"https:\/\/shop.torricantine.com\/de\/#\/schema\/logo\/image\/"}}]}},"_links":{"self":[{"href":"https:\/\/shop.torricantine.com\/de\/wp-json\/wp\/v2\/product\/25961","targetHints":{"allow":["GET"]}}],"collection":[{"href":"https:\/\/shop.torricantine.com\/de\/wp-json\/wp\/v2\/product"}],"about":[{"href":"https:\/\/shop.torricantine.com\/de\/wp-json\/wp\/v2\/types\/product"}],"replies":[{"embeddable":true,"href":"https:\/\/shop.torricantine.com\/de\/wp-json\/wp\/v2\/comments?post=25961"}],"wp:featuredmedia":[{"embeddable":true,"href":"https:\/\/shop.torricantine.com\/de\/wp-json\/wp\/v2\/media\/77829"}],"wp:attachment":[{"href":"https:\/\/shop.torricantine.com\/de\/wp-json\/wp\/v2\/media?parent=25961"}],"wp:term":[{"taxonomy":"product_brand","embeddable":true,"href":"https:\/\/shop.torricantine.com\/de\/wp-json\/wp\/v2\/product_brand?post=25961"},{"taxonomy":"product_cat","embeddable":true,"href":"https:\/\/shop.torricantine.com\/de\/wp-json\/wp\/v2\/product_cat?post=25961"},{"taxonomy":"product_tag","embeddable":true,"href":"https:\/\/shop.torricantine.com\/de\/wp-json\/wp\/v2\/product_tag?post=25961"}],"curies":[{"name":"wp","href":"https:\/\/api.w.org\/{rel}","templated":true}]}}