{"id":25960,"date":"2020-10-30T09:43:25","date_gmt":"2020-10-30T07:43:25","guid":{"rendered":"https:\/\/shop.torricantine.com\/product\/3l-bag-in-box-weisswein-passerina-igt\/"},"modified":"2025-11-06T16:46:48","modified_gmt":"2025-11-06T14:46:48","slug":"3l-bag-in-box-weisswein-passerina-igt","status":"publish","type":"product","link":"https:\/\/shop.torricantine.com\/de\/produkt\/3l-bag-in-box-weisswein-passerina-igt\/","title":{"rendered":"3L Bag in Box Wei\u00dfwein Passerina IGT"},"content":{"rendered":"<h2>Passerina Abruzzo DOC \u2013 Bag in Box \u2013 Torri \u2013 13%<\/h2>\n<p><strong>Farbe<\/strong>: Ein zartes und besonders klares Strohgelb<br \/>\n<strong>Geruch<\/strong>: Hervorragende Intensit\u00e4t mit blumigen Noten von Salbei und gelben Fr\u00fcchten von Pfirsich, Aprikose und Zitrusfr\u00fcchten.<br \/>\n<strong>Gaumen<\/strong>: Trocken, zart und weich, optimal ausbalanciert mit anhaltender Frische und gemessenem Geschmack.<\/p>\n<p><strong>Weinernte<\/strong><br \/>\nGeboren in den ber\u00fchmten Terre di Chieti aus einer 30 Jahre alten Rebe, die in Tendone in einer der interessantesten Gegenden der Weinbranche angebaut wurde und sich durch einen unbezahlbaren Temperaturbereich und einer gro\u00dfartigen Exposition auszeichnet<\/p>\n<p>Ein Wein, der aus einer streng manuellen Ernte, in den ersten zehn September-Tage stammt und aus kontrolliertem biologischem Anbau stammt und den gr\u00f6\u00dftm\u00f6glichen Respekt f\u00fcr die Umwelt garantiert.<\/p>\n<p><strong>Weinzubereitung<\/strong><br \/>\nDie Vinifizierung wird in thermokonditionierten Stahlbeh\u00e4ltern durchgef\u00fchrt, gefolgt von einer Verfeinerung von 2 Monaten in Betontanks, und anschlie\u00dfend wird der Beutel in v\u00f6lliger Abwesenheit von Sauerstoff gef\u00fcllt.<\/p>\n<p><strong>So kombinieren Sie unseren Passerina<\/strong><br \/>\nEin Wein, der kalt bei maximal 6-8 Grad serviert wird, mit Aperitifs, Vorspeisen, Meeresfr\u00fcchten, vegetarischen Gerichten, wei\u00dfem Fleisch und frischem oder mittelalterlichem K\u00e4se.<\/p>\n","protected":false},"excerpt":{"rendered":"<p>Passerina Abruzzo DOC \u2013 Bag in Box \u2013 Torri \u2013 13% Farbe: Ein zartes und besonders klares Strohgelb Geruch: Hervorragende Intensit\u00e4t mit blumigen Noten von Salbei und gelben Fr\u00fcchten von Pfirsich, Aprikose und Zitrusfr\u00fcchten. Gaumen: Trocken, zart und weich, optimal ausbalanciert mit anhaltender Frische und gemessenem Geschmack. Weinernte Geboren in den ber\u00fchmten Terre di Chieti [&#8230;]\n","protected":false},"featured_media":56795,"comment_status":"open","ping_status":"closed","template":"","meta":[],"product_brand":[],"product_cat":[178,173,175,179],"product_tag":[413],"class_list":{"0":"post-25960","1":"product","2":"type-product","3":"status-publish","4":"has-post-thumbnail","6":"product_cat-bag-in-box-weine","7":"product_cat-biologische","8":"product_cat-torri-cantine-de","9":"product_cat-weissweine","10":"product_tag-bag-in-box-3l-de","11":"product_shipping_class-bib-3","13":"first","14":"instock","15":"sale","16":"taxable","17":"shipping-taxable","18":"purchasable","19":"product-type-simple"},"bundled_by":["26574","35975","45639","57251","79427"],"bundle_stock_status":"instock","bundle_stock_quantity":null,"bundle_virtual":false,"bundle_layout":"","bundle_add_to_cart_form_location":"","bundle_editable_in_cart":false,"bundle_sold_individually_context":"","bundle_item_grouping":"","bundle_min_size":"","bundle_max_size":"","bundle_price":[],"bundled_items":[],"bundle_sell_ids":[],"yoast_head":"<!-- This site is optimized with the Yoast SEO plugin v27.5 - https:\/\/yoast.com\/product\/yoast-seo-wordpress\/ -->\n<title>3L Bag in Box Wei\u00dfwein Passerina IGT - Torri Cantine Store COM<\/title>\n<meta name=\"robots\" content=\"index, follow, max-snippet:-1, max-image-preview:large, max-video-preview:-1\" \/>\n<link rel=\"canonical\" href=\"https:\/\/shop.torricantine.com\/de\/produkt\/3l-bag-in-box-weisswein-passerina-igt\/\" \/>\n<meta property=\"og:locale\" content=\"de_DE\" \/>\n<meta property=\"og:type\" content=\"article\" \/>\n<meta property=\"og:title\" content=\"3L Bag in Box Wei\u00dfwein Passerina IGT - Torri Cantine Store COM\" \/>\n<meta property=\"og:description\" content=\"Passerina Abruzzo DOC \u2013 Bag in Box \u2013 Torri \u2013 13% Farbe: Ein zartes und besonders klares Strohgelb Geruch: Hervorragende Intensit\u00e4t mit blumigen Noten von Salbei und gelben Fr\u00fcchten von Pfirsich, Aprikose und Zitrusfr\u00fcchten. Gaumen: Trocken, zart und weich, optimal ausbalanciert mit anhaltender Frische und gemessenem Geschmack. Weinernte Geboren in den ber\u00fchmten Terre di Chieti [...]\" \/>\n<meta property=\"og:url\" content=\"https:\/\/shop.torricantine.com\/de\/produkt\/3l-bag-in-box-weisswein-passerina-igt\/\" \/>\n<meta property=\"og:site_name\" content=\"Torri Cantine Store COM\" \/>\n<meta property=\"article:modified_time\" content=\"2025-11-06T14:46:48+00:00\" \/>\n<meta property=\"og:image\" content=\"https:\/\/shop.torricantine.com\/wp-content\/uploads\/2020\/10\/BIB3L_passerina-1.png\" \/>\n\t<meta property=\"og:image:width\" content=\"557\" \/>\n\t<meta property=\"og:image:height\" content=\"800\" \/>\n\t<meta property=\"og:image:type\" content=\"image\/png\" \/>\n<meta name=\"twitter:card\" content=\"summary_large_image\" \/>\n<meta name=\"twitter:label1\" content=\"Gesch\u00e4tzte Lesezeit\" \/>\n\t<meta name=\"twitter:data1\" content=\"1\u00a0Minute\" \/>\n<script type=\"application\/ld+json\" class=\"yoast-schema-graph\">{\"@context\":\"https:\\\/\\\/schema.org\",\"@graph\":[{\"@type\":\"WebPage\",\"@id\":\"https:\\\/\\\/shop.torricantine.com\\\/de\\\/produkt\\\/3l-bag-in-box-weisswein-passerina-igt\\\/\",\"url\":\"https:\\\/\\\/shop.torricantine.com\\\/de\\\/produkt\\\/3l-bag-in-box-weisswein-passerina-igt\\\/\",\"name\":\"3L Bag in Box Wei\u00dfwein Passerina IGT - Torri Cantine Store COM\",\"isPartOf\":{\"@id\":\"https:\\\/\\\/shop.torricantine.com\\\/de\\\/#website\"},\"primaryImageOfPage\":{\"@id\":\"https:\\\/\\\/shop.torricantine.com\\\/de\\\/produkt\\\/3l-bag-in-box-weisswein-passerina-igt\\\/#primaryimage\"},\"image\":{\"@id\":\"https:\\\/\\\/shop.torricantine.com\\\/de\\\/produkt\\\/3l-bag-in-box-weisswein-passerina-igt\\\/#primaryimage\"},\"thumbnailUrl\":\"https:\\\/\\\/shop.torricantine.com\\\/wp-content\\\/uploads\\\/2020\\\/10\\\/BIB3L_passerina-1.png\",\"datePublished\":\"2020-10-30T07:43:25+00:00\",\"dateModified\":\"2025-11-06T14:46:48+00:00\",\"breadcrumb\":{\"@id\":\"https:\\\/\\\/shop.torricantine.com\\\/de\\\/produkt\\\/3l-bag-in-box-weisswein-passerina-igt\\\/#breadcrumb\"},\"inLanguage\":\"de\",\"potentialAction\":[{\"@type\":\"ReadAction\",\"target\":[\"https:\\\/\\\/shop.torricantine.com\\\/de\\\/produkt\\\/3l-bag-in-box-weisswein-passerina-igt\\\/\"]}]},{\"@type\":\"ImageObject\",\"inLanguage\":\"de\",\"@id\":\"https:\\\/\\\/shop.torricantine.com\\\/de\\\/produkt\\\/3l-bag-in-box-weisswein-passerina-igt\\\/#primaryimage\",\"url\":\"https:\\\/\\\/shop.torricantine.com\\\/wp-content\\\/uploads\\\/2020\\\/10\\\/BIB3L_passerina-1.png\",\"contentUrl\":\"https:\\\/\\\/shop.torricantine.com\\\/wp-content\\\/uploads\\\/2020\\\/10\\\/BIB3L_passerina-1.png\",\"width\":557,\"height\":800},{\"@type\":\"BreadcrumbList\",\"@id\":\"https:\\\/\\\/shop.torricantine.com\\\/de\\\/produkt\\\/3l-bag-in-box-weisswein-passerina-igt\\\/#breadcrumb\",\"itemListElement\":[{\"@type\":\"ListItem\",\"position\":1,\"name\":\"Home\",\"item\":\"https:\\\/\\\/shop.torricantine.com\\\/de\\\/\"},{\"@type\":\"ListItem\",\"position\":2,\"name\":\"Shop\",\"item\":\"https:\\\/\\\/shop.torricantine.com\\\/de\\\/shop\\\/\"},{\"@type\":\"ListItem\",\"position\":3,\"name\":\"3L Bag in Box Wei\u00dfwein Passerina IGT\"}]},{\"@type\":\"WebSite\",\"@id\":\"https:\\\/\\\/shop.torricantine.com\\\/de\\\/#website\",\"url\":\"https:\\\/\\\/shop.torricantine.com\\\/de\\\/\",\"name\":\"Torri Cantine Store COM\",\"description\":\"Online store of our winery in Italy\",\"publisher\":{\"@id\":\"https:\\\/\\\/shop.torricantine.com\\\/de\\\/#organization\"},\"potentialAction\":[{\"@type\":\"SearchAction\",\"target\":{\"@type\":\"EntryPoint\",\"urlTemplate\":\"https:\\\/\\\/shop.torricantine.com\\\/de\\\/?s={search_term_string}\"},\"query-input\":{\"@type\":\"PropertyValueSpecification\",\"valueRequired\":true,\"valueName\":\"search_term_string\"}}],\"inLanguage\":\"de\"},{\"@type\":\"Organization\",\"@id\":\"https:\\\/\\\/shop.torricantine.com\\\/de\\\/#organization\",\"name\":\"Torri Cantine\",\"url\":\"https:\\\/\\\/shop.torricantine.com\\\/de\\\/\",\"logo\":{\"@type\":\"ImageObject\",\"inLanguage\":\"de\",\"@id\":\"https:\\\/\\\/shop.torricantine.com\\\/de\\\/#\\\/schema\\\/logo\\\/image\\\/\",\"url\":\"https:\\\/\\\/shop.torricantine.com\\\/wp-content\\\/uploads\\\/2020\\\/04\\\/torri-store-logo_text.png\",\"contentUrl\":\"https:\\\/\\\/shop.torricantine.com\\\/wp-content\\\/uploads\\\/2020\\\/04\\\/torri-store-logo_text.png\",\"width\":289,\"height\":361,\"caption\":\"Torri Cantine\"},\"image\":{\"@id\":\"https:\\\/\\\/shop.torricantine.com\\\/de\\\/#\\\/schema\\\/logo\\\/image\\\/\"}}]}<\/script>\n<!-- \/ Yoast SEO plugin. -->","yoast_head_json":{"title":"3L Bag in Box Wei\u00dfwein Passerina IGT - Torri Cantine Store COM","robots":{"index":"index","follow":"follow","max-snippet":"max-snippet:-1","max-image-preview":"max-image-preview:large","max-video-preview":"max-video-preview:-1"},"canonical":"https:\/\/shop.torricantine.com\/de\/produkt\/3l-bag-in-box-weisswein-passerina-igt\/","og_locale":"de_DE","og_type":"article","og_title":"3L Bag in Box Wei\u00dfwein Passerina IGT - Torri Cantine Store COM","og_description":"Passerina Abruzzo DOC \u2013 Bag in Box \u2013 Torri \u2013 13% Farbe: Ein zartes und besonders klares Strohgelb Geruch: Hervorragende Intensit\u00e4t mit blumigen Noten von Salbei und gelben Fr\u00fcchten von Pfirsich, Aprikose und Zitrusfr\u00fcchten. Gaumen: Trocken, zart und weich, optimal ausbalanciert mit anhaltender Frische und gemessenem Geschmack. Weinernte Geboren in den ber\u00fchmten Terre di Chieti [...]","og_url":"https:\/\/shop.torricantine.com\/de\/produkt\/3l-bag-in-box-weisswein-passerina-igt\/","og_site_name":"Torri Cantine Store COM","article_modified_time":"2025-11-06T14:46:48+00:00","og_image":[{"width":557,"height":800,"url":"https:\/\/shop.torricantine.com\/wp-content\/uploads\/2020\/10\/BIB3L_passerina-1.png","type":"image\/png"}],"twitter_card":"summary_large_image","twitter_misc":{"Gesch\u00e4tzte Lesezeit":"1\u00a0Minute"},"schema":{"@context":"https:\/\/schema.org","@graph":[{"@type":"WebPage","@id":"https:\/\/shop.torricantine.com\/de\/produkt\/3l-bag-in-box-weisswein-passerina-igt\/","url":"https:\/\/shop.torricantine.com\/de\/produkt\/3l-bag-in-box-weisswein-passerina-igt\/","name":"3L Bag in Box Wei\u00dfwein Passerina IGT - Torri Cantine Store COM","isPartOf":{"@id":"https:\/\/shop.torricantine.com\/de\/#website"},"primaryImageOfPage":{"@id":"https:\/\/shop.torricantine.com\/de\/produkt\/3l-bag-in-box-weisswein-passerina-igt\/#primaryimage"},"image":{"@id":"https:\/\/shop.torricantine.com\/de\/produkt\/3l-bag-in-box-weisswein-passerina-igt\/#primaryimage"},"thumbnailUrl":"https:\/\/shop.torricantine.com\/wp-content\/uploads\/2020\/10\/BIB3L_passerina-1.png","datePublished":"2020-10-30T07:43:25+00:00","dateModified":"2025-11-06T14:46:48+00:00","breadcrumb":{"@id":"https:\/\/shop.torricantine.com\/de\/produkt\/3l-bag-in-box-weisswein-passerina-igt\/#breadcrumb"},"inLanguage":"de","potentialAction":[{"@type":"ReadAction","target":["https:\/\/shop.torricantine.com\/de\/produkt\/3l-bag-in-box-weisswein-passerina-igt\/"]}]},{"@type":"ImageObject","inLanguage":"de","@id":"https:\/\/shop.torricantine.com\/de\/produkt\/3l-bag-in-box-weisswein-passerina-igt\/#primaryimage","url":"https:\/\/shop.torricantine.com\/wp-content\/uploads\/2020\/10\/BIB3L_passerina-1.png","contentUrl":"https:\/\/shop.torricantine.com\/wp-content\/uploads\/2020\/10\/BIB3L_passerina-1.png","width":557,"height":800},{"@type":"BreadcrumbList","@id":"https:\/\/shop.torricantine.com\/de\/produkt\/3l-bag-in-box-weisswein-passerina-igt\/#breadcrumb","itemListElement":[{"@type":"ListItem","position":1,"name":"Home","item":"https:\/\/shop.torricantine.com\/de\/"},{"@type":"ListItem","position":2,"name":"Shop","item":"https:\/\/shop.torricantine.com\/de\/shop\/"},{"@type":"ListItem","position":3,"name":"3L Bag in Box Wei\u00dfwein Passerina IGT"}]},{"@type":"WebSite","@id":"https:\/\/shop.torricantine.com\/de\/#website","url":"https:\/\/shop.torricantine.com\/de\/","name":"Torri Cantine Store COM","description":"Online store of our winery in Italy","publisher":{"@id":"https:\/\/shop.torricantine.com\/de\/#organization"},"potentialAction":[{"@type":"SearchAction","target":{"@type":"EntryPoint","urlTemplate":"https:\/\/shop.torricantine.com\/de\/?s={search_term_string}"},"query-input":{"@type":"PropertyValueSpecification","valueRequired":true,"valueName":"search_term_string"}}],"inLanguage":"de"},{"@type":"Organization","@id":"https:\/\/shop.torricantine.com\/de\/#organization","name":"Torri Cantine","url":"https:\/\/shop.torricantine.com\/de\/","logo":{"@type":"ImageObject","inLanguage":"de","@id":"https:\/\/shop.torricantine.com\/de\/#\/schema\/logo\/image\/","url":"https:\/\/shop.torricantine.com\/wp-content\/uploads\/2020\/04\/torri-store-logo_text.png","contentUrl":"https:\/\/shop.torricantine.com\/wp-content\/uploads\/2020\/04\/torri-store-logo_text.png","width":289,"height":361,"caption":"Torri Cantine"},"image":{"@id":"https:\/\/shop.torricantine.com\/de\/#\/schema\/logo\/image\/"}}]}},"_links":{"self":[{"href":"https:\/\/shop.torricantine.com\/de\/wp-json\/wp\/v2\/product\/25960","targetHints":{"allow":["GET"]}}],"collection":[{"href":"https:\/\/shop.torricantine.com\/de\/wp-json\/wp\/v2\/product"}],"about":[{"href":"https:\/\/shop.torricantine.com\/de\/wp-json\/wp\/v2\/types\/product"}],"replies":[{"embeddable":true,"href":"https:\/\/shop.torricantine.com\/de\/wp-json\/wp\/v2\/comments?post=25960"}],"wp:featuredmedia":[{"embeddable":true,"href":"https:\/\/shop.torricantine.com\/de\/wp-json\/wp\/v2\/media\/56795"}],"wp:attachment":[{"href":"https:\/\/shop.torricantine.com\/de\/wp-json\/wp\/v2\/media?parent=25960"}],"wp:term":[{"taxonomy":"product_brand","embeddable":true,"href":"https:\/\/shop.torricantine.com\/de\/wp-json\/wp\/v2\/product_brand?post=25960"},{"taxonomy":"product_cat","embeddable":true,"href":"https:\/\/shop.torricantine.com\/de\/wp-json\/wp\/v2\/product_cat?post=25960"},{"taxonomy":"product_tag","embeddable":true,"href":"https:\/\/shop.torricantine.com\/de\/wp-json\/wp\/v2\/product_tag?post=25960"}],"curies":[{"name":"wp","href":"https:\/\/api.w.org\/{rel}","templated":true}]}}