{"id":26221,"date":"2021-04-13T12:47:27","date_gmt":"2021-04-13T10:47:27","guid":{"rendered":"https:\/\/shop.torricantine.com\/kontaktieren-sie-uns\/"},"modified":"2023-06-30T09:53:18","modified_gmt":"2023-06-30T07:53:18","slug":"kontaktieren-sie-uns","status":"publish","type":"page","link":"https:\/\/shop.torricantine.com\/de\/kontaktieren-sie-uns\/","title":{"rendered":"Kontaktieren Sie uns"},"content":{"rendered":"\n\n\t<section class=\"section\" id=\"section_939119103\">\n\t\t<div class=\"section-bg fill\" >\n\t\t\t<img loading=\"lazy\" decoding=\"async\" width=\"1920\" height=\"1259\" src=\"https:\/\/shop.torricantine.com\/wp-content\/uploads\/2020\/04\/IMG_0092_pier1.jpg\" class=\"bg attachment- size-\" alt=\"\" \/>\t\t\t\t\t\t<div class=\"section-bg-overlay absolute fill\"><\/div>\n\t\t\t\n\n\t\t<\/div>\n\n\t\t\n\n\t\t<div class=\"section-content relative\">\n\t\t\t\n\n<div class=\"row row-collapse align-bottom align-center\" style=\"max-width:800px\" id=\"row-358092170\">\n\n\n\t<div id=\"col-1381929773\" class=\"col medium-11 small-10 large-12\"  >\n\t\t\t\t<div class=\"col-inner dark\"  >\n\t\t\t\n\t\t\t\n\n\t<div id=\"gap-993996574\" class=\"gap-element clearfix\" style=\"display:block; height:auto;\">\n\t\t\n<style>\n#gap-993996574 {\n  padding-top: 200px;\n}\n@media (min-width:550px) {\n  #gap-993996574 {\n    padding-top: 250px;\n  }\n}\n<\/style>\n\t<\/div>\n\t\n\n\t<div id=\"text-434119454\" class=\"text\">\n\t\t\n\n<h3 class=\"uppercase\"><strong>Abonnieren Sie unseren Newsletter und erhalten Sie einen 5 \u20ac Gutschein<\/strong><\/h3>\n\n\t\t\n<style>\n#text-434119454 {\n  font-size: 1.75rem;\n}\n<\/style>\n\t<\/div>\n\t\n\t<div id=\"text-685105735\" class=\"text\">\n\t\t\n\n<p>Erhalten Sie eine Vorschau aller Angebote und Neuigkeiten zu Produkten und Werbeaktionen, die in unserem Shop aktiv sind.<\/p>\n\n\t\t\n<style>\n#text-685105735 {\n  font-size: 1.1rem;\n  text-align: left;\n  color: rgb(255, 211, 0);\n}\n#text-685105735 > * {\n  color: rgb(255, 211, 0);\n}\n<\/style>\n\t<\/div>\n\t\n\n\n<link rel=\"stylesheet\" href=\"\/wp-content\/themes\/flatsome-child\/css\/sendinblue-forms.css\">\n\n<div class=\"sib-form\">\n\t<div id=\"sib-form-container\" class=\"sib-form-container\">\n\t\t<div id=\"sib-container\" class=\"sib-container--large sib-container--vertical\">\n\t\t\t<form id=\"sib-form\" method=\"POST\" action=\"https:\/\/aa64d278.sibforms.com\/serve\/MUIEAPlNepbCS8gxr-7jDt6j97qEzbF8DN2J94Gb01hUMwomHEx8kFWoZhTp4033AT9y-u80Bmzy8Ukl4e9nQP4R6d0tEj7foD8WL27sOpPhC8jrALoJ4cESp4O680TlBL2qQKSih9t2iJzRtMyKYDmunN_7SsBO719q1SvP1dbQo0rKzX1HKGfDgZNh0VLY5BwARU3dUJELvssi\" data-type=\"subscription\">\n\t\t\t\t<div class=\"row row-small\">\n\t\t\t\t\t<div class=\"col medium-6 small-12 large-6\">\n\t\t\t\t\t\t<div class=\"col-inner\">\n\t\t\t\t\t\t\t<div class=\"sib-input sib-form-block\">\n\t\t\t\t\t\t\t\t<div class=\"form__entry entry_block\">\n\t\t\t\t\t\t\t\t\t<div class=\"form__label-row \">\n\t\t\t\t\t\t\t\t\t\t<div class=\"entry__field\">\n\t\t\t\t\t\t\t\t\t\t\t<input class=\"input no-margin\" maxlength=\"200\" type=\"text\" id=\"NOME\" name=\"NOME\" autocomplete=\"off\" placeholder=\"First name\" data-required=\"true\" required \/>\n\t\t\t\t\t\t\t\t\t\t<\/div>\n\t\t\t\t\t\t\t\t\t<\/div>\n\t\t\t\t\t\t\t\t\t<label class=\"entry__error entry__error--primary\"><\/label>\n\t\t\t\t\t\t\t\t<\/div>\n\t\t\t\t\t\t\t<\/div>\n\t\t\t\t\t\t<\/div>\n\t\t\t\t\t<\/div>\n\t\t\t\t\t<div class=\"col medium-6 small-12 large-6\">\n\t\t\t\t\t\t<div class=\"col-inner\">\n\t\t\t\t\t\t\t<div class=\"sib-input sib-form-block\">\n\t\t\t\t\t\t\t\t<div class=\"form__entry entry_block\">\n\t\t\t\t\t\t\t\t\t<div class=\"form__label-row \">\n\t\t\t\t\t\t\t\t\t\t<div class=\"entry__field\">\n\t\t\t\t\t\t\t\t\t\t\t<input class=\"input no-margin\" maxlength=\"200\" type=\"text\" id=\"COGNOME\" name=\"COGNOME\" autocomplete=\"off\" placeholder=\"Last name\" data-required=\"true\" required \/>\n\t\t\t\t\t\t\t\t\t\t<\/div>\n\t\t\t\t\t\t\t\t\t<\/div>\n\t\t\t\t\t\t\t\t\t<label class=\"entry__error entry__error--primary\"><\/label>\n\t\t\t\t\t\t\t\t<\/div>\n\t\t\t\t\t\t\t<\/div>\n\t\t\t\t\t\t<\/div>\n\t\t\t\t\t<\/div>\n\t\t\t\t\t<div class=\"col small-12 large-12\">\n\t\t\t\t\t\t<div class=\"col-inner\">\n\t\t\t\t\t\t\t<div class=\"sib-input sib-form-block\">\n\t\t\t\t\t\t\t\t<div class=\"form__entry entry_block\">\n\t\t\t\t\t\t\t\t\t<div class=\"form__label-row \">\n\t\t\t\t\t\t\t\t\t\t<div class=\"entry__field\">\n\t\t\t\t\t\t\t\t\t\t\t<input class=\"input no-margin\" type=\"text\" id=\"EMAIL\" name=\"EMAIL\" autocomplete=\"off\" placeholder=\"E-Mail-Adresse\" data-required=\"true\" required \/>\n\t\t\t\t\t\t\t\t\t\t<\/div>\n\t\t\t\t\t\t\t\t\t<\/div>\n\t\t\t\t\t\t\t\t\t<label class=\"entry__error entry__error--primary\"><\/label>\n\t\t\t\t\t\t\t\t<\/div>\n\t\t\t\t\t\t\t<\/div>\n\t\t\t\t\t\t<\/div>\n\t\t\t\t\t<\/div>\n\t\t\t\t\t\n\t\t\t\t\t<div class=\"sib-captcha col small-12 large-12\">\n\t\t\t\t\t\t<div class=\"col-inner\">\n\t\t\t\t\t\t\t<div class=\"sib-captcha sib-form-block\">\n\t\t\t\t\t\t\t\t<div class=\"form__entry\">\n\t\t\t\t\t\t\t\t\t<div class=\"form__label-row \">\n\t\t\t\t\t\t\t\t\t\t<script>\n\t\t\t\t\t\t\t\t\t\t\tfunction handleCaptchaResponse() {\n\t\t\t\t\t\t\t\t\t\t\t\tvar event = new Event('captchaChange');\n\t\t\t\t\t\t\t\t\t\t\t\tdocument.getElementById('sib-captcha').dispatchEvent(event);\n\t\t\t\t\t\t\t\t\t\t\t}\n\t\t\t\t\t\t\t\t\t\t<\/script>\n\t\t\t\t\t\t\t\t\t\t<div class=\"g-recaptcha sib-visible-recaptcha\" id=\"sib-captcha\" data-sitekey=\"6Ldg4sgZAAAAAOpAqj86WfVJqiy0uTd8-dW7N9f0\" data-callback=\"handleCaptchaResponse\" style=\"direction:ltr\"><\/div>\n\t\t\t\t\t\t\t\t\t<\/div>\n\t\t\t\t\t\t\t\t\t<label class=\"entry__error entry__error--primary\"><\/label>\n\t\t\t\t\t\t\t\t<\/div>\n\t\t\t\t\t\t\t<\/div>\n\t\t\t\t\t\t<\/div>\n\t\t\t\t\t<\/div>\n\t\t\t\t\t<div class=\"col small-12 large-12\" data-required=\"true\">\n\t\t\t\t\t\t<div class=\"col-inner\">\n\t\t\t\t\t\t\t<div class=\"sib-optin sib-form-block\" data-required=\"true\">\n\t\t\t\t\t\t\t\t<div class=\"form__entry entry_mcq\">\n\t\t\t\t\t\t\t\t\t<div class=\"form__label-row \">\n\t\t\t\t\t\t\t\t\t\t<div class=\"entry__choice\" style=\"\">\n\t\t\t\t\t\t\t\t\t\t\t<label>\n\t\t\t\t\t\t\t\t\t\t\t\t<input type=\"checkbox\" class=\"input_replaced\" value=\"1\" id=\"OPT_IN\" name=\"OPT_IN\" required \/>\n\t\t\t\t\t\t\t\t\t\t\t\t<span class=\"checkbox checkbox_tick_positive\"><\/span> Ich habe die Bedingungen der Website gelesen, verstanden und stimme ihnen zu.<span data-required=\"*\" style=\"display: inline;\" class=\"entry__label entry__label_optin\"><\/span> <\/label>\n\t\t\t\t\t\t\t\t\t\t<\/div>\n\t\t\t\t\t\t\t\t\t<\/div>\n\t\t\t\t\t\t\t\t\t<label class=\"entry__error entry__error--primary\"><\/label>\n\t\t\t\t\t\t\t\t<\/div>\n\t\t\t\t\t\t\t<\/div>\n\t\t\t\t\t\t<\/div>\n\t\t\t\t\t<\/div>\n\t\t\t\t\t<div class=\"col small-12 large-12\">\n\t\t\t\t\t\t<div class=\"col-inner\">\n\t\t\t\t\t\t\t<div class=\"sib-form-block\" style=\"text-align: left\">\n\t\t\t\t\t\t\t\t<button class=\"sib-form-block__button sib-form-block__button-with-loader no-margin\" form=\"sib-form\" type=\"submit\">\n\t\t\t\t\t\t\t\t\t<svg class=\"icon clickable__icon progress-indicator__icon sib-hide-loader-icon\" viewBox=\"0 0 512 512\">\n\t\t\t\t\t\t\t\t\t\t<path d=\"M460.116 373.846l-20.823-12.022c-5.541-3.199-7.54-10.159-4.663-15.874 30.137-59.886 28.343-131.652-5.386-189.946-33.641-58.394-94.896-95.833-161.827-99.676C261.028 55.961 256 50.751 256 44.352V20.309c0-6.904 5.808-12.337 12.703-11.982 83.556 4.306 160.163 50.864 202.11 123.677 42.063 72.696 44.079 162.316 6.031 236.832-3.14 6.148-10.75 8.461-16.728 5.01z\"><\/path>\n\t\t\t\t\t\t\t\t\t<\/svg>\n\t\t\t\t\t\t\t\t\tABONNIEREN\n\t\t\t\t\t\t\t\t<\/button>\n\t\t\t\t\t\t\t<\/div>\n\t\t\t\t\t\t<\/div>\n\t\t\t\t\t<\/div>\n\t\t\t\t<\/div>\n\t\t\t\t<input type=\"text\" name=\"email_address_check\" value=\"\" class=\"input--hidden\">\n\t\t\t\t<input type=\"hidden\" name=\"locale\" value=\"de\">\n\t\t\t<\/form>\n\t\t<\/div>\n\t\t<div id=\"error-message\" class=\"sib-form-message-panel\" style=\"color:#661d1d; background-color:#ffeded;\">\n\t\t\t<div class=\"sib-form-message-panel__text sib-form-message-panel__text--center\">\n\t\t\t\t<svg viewBox=\"0 0 512 512\" class=\"sib-icon sib-notification__icon\">\n\t\t\t\t\t<path d=\"M256 40c118.621 0 216 96.075 216 216 0 119.291-96.61 216-216 216-119.244 0-216-96.562-216-216 0-119.203 96.602-216 216-216m0-32C119.043 8 8 119.083 8 256c0 136.997 111.043 248 248 248s248-111.003 248-248C504 119.083 392.957 8 256 8zm-11.49 120h22.979c6.823 0 12.274 5.682 11.99 12.5l-7 168c-.268 6.428-5.556 11.5-11.99 11.5h-8.979c-6.433 0-11.722-5.073-11.99-11.5l-7-168c-.283-6.818 5.167-12.5 11.99-12.5zM256 340c-15.464 0-28 12.536-28 28s12.536 28 28 28 28-12.536 28-28-12.536-28-28-28z\"><\/path>\n\t\t\t\t<\/svg>\n\t\t\t\t<span class=\"sib-form-message-panel__inner-text\">Ihre Registrierung kann nicht validiert werden.<\/span>\n\t\t\t<\/div>\n\t\t<\/div>\n\t\t<div><\/div>\n\t\t<div id=\"success-message\" class=\"sib-form-message-panel\" style=\"color:#085229; background-color:#e7faf0;\">\n\t\t\t<div class=\"sib-form-message-panel__text sib-form-message-panel__text--center\">\n\t\t\t\t<svg viewBox=\"0 0 512 512\" class=\"sib-icon sib-notification__icon\">\n\t\t\t\t\t<path d=\"M256 8C119.033 8 8 119.033 8 256s111.033 248 248 248 248-111.033 248-248S392.967 8 256 8zm0 464c-118.664 0-216-96.055-216-216 0-118.663 96.055-216 216-216 118.664 0 216 96.055 216 216 0 118.663-96.055 216-216 216zm141.63-274.961L217.15 376.071c-4.705 4.667-12.303 4.637-16.97-.068l-85.878-86.572c-4.667-4.705-4.637-12.303.068-16.97l8.52-8.451c4.705-4.667 12.303-4.637 16.97.068l68.976 69.533 163.441-162.13c4.705-4.667 12.303-4.637 16.97.068l8.451 8.52c4.668 4.705 4.637 12.303-.068 16.97z\"><\/path>\n\t\t\t\t<\/svg>\n\t\t\t\t<span class=\"sib-form-message-panel__inner-text\">Ihre Registrierung war erfolgreich.<\/span>\n\t\t\t<\/div>\n\t\t<\/div>\n\t\t<div><\/div>\n\t<\/div>\n<\/div>\n\n<script>\n  window.REQUIRED_CODE_ERROR_MESSAGE = 'Scegli un prefisso paese';\n  window.LOCALE = 'de';\n  window.EMAIL_INVALID_MESSAGE = window.SMS_INVALID_MESSAGE = \"Die bereitgestellten Informationen sind ung\u00fcltig. \u00dcberpr\u00fcfen Sie das Format des Felds und versuchen Sie es erneut.\";\n  window.REQUIRED_ERROR_MESSAGE = \"Pflichtfeld \";\n  window.GENERIC_INVALID_MESSAGE = \"Die bereitgestellten Informationen sind ung\u00fcltig. \u00dcberpr\u00fcfen Sie das Format des Felds und versuchen Sie es erneut.\";\n\n  window.translation = {\n    common: {\n      selectedList: '{quantity} lista selezionata',\n      selectedLists: '{quantity} liste selezionate'\n    }\n  };\n\n  var AUTOHIDE = Boolean(1);\n<\/script>\n<script defer src=\"https:\/\/sibforms.com\/forms\/end-form\/build\/main.js\"><\/script>\n<script src=\"https:\/\/www.google.com\/recaptcha\/api.js?hl=it\"><\/script>\n\n\t<div id=\"gap-1962402001\" class=\"gap-element clearfix\" style=\"display:block; height:auto;\">\n\t\t\n<style>\n#gap-1962402001 {\n  padding-top: 50px;\n}\n@media (min-width:550px) {\n  #gap-1962402001 {\n    padding-top: 100px;\n  }\n}\n<\/style>\n\t<\/div>\n\t\n\n\n\t\t<\/div>\n\t\t\t\t\t<\/div>\n\n\t\n\n<\/div>\n\n\t\t<\/div>\n\n\t\t\n<style>\n#section_939119103 {\n  padding-top: 0px;\n  padding-bottom: 0px;\n  margin-bottom: 0px;\n}\n#section_939119103 .section-bg-overlay {\n  background-color: rgba(0, 0, 0, 0.65);\n}\n#section_939119103 .section-bg img {\n  object-position: 0 65%;\n}\n<\/style>\n\t<\/section>\n\t\n\n","protected":false},"excerpt":{"rendered":"","protected":false},"author":2,"featured_media":0,"parent":0,"menu_order":0,"comment_status":"closed","ping_status":"closed","template":"page-transparent-header-light.php","meta":{"footnotes":""},"class_list":["post-26221","page","type-page","status-publish","hentry"],"yoast_head":"<!-- This site is optimized with the Yoast SEO plugin v27.5 - https:\/\/yoast.com\/product\/yoast-seo-wordpress\/ -->\n<title>Kontaktieren Sie uns - Torri Cantine Store COM<\/title>\n<meta name=\"robots\" content=\"index, follow, max-snippet:-1, max-image-preview:large, max-video-preview:-1\" \/>\n<link rel=\"canonical\" href=\"https:\/\/shop.torricantine.com\/de\/kontaktieren-sie-uns\/\" \/>\n<meta property=\"og:locale\" content=\"de_DE\" \/>\n<meta property=\"og:type\" content=\"article\" \/>\n<meta property=\"og:title\" content=\"Kontaktieren Sie uns - Torri Cantine Store COM\" \/>\n<meta property=\"og:url\" content=\"https:\/\/shop.torricantine.com\/de\/kontaktieren-sie-uns\/\" \/>\n<meta property=\"og:site_name\" content=\"Torri Cantine Store COM\" \/>\n<meta property=\"article:modified_time\" content=\"2023-06-30T07:53:18+00:00\" \/>\n<meta name=\"twitter:card\" content=\"summary_large_image\" \/>\n<meta name=\"twitter:label1\" content=\"Gesch\u00e4tzte Lesezeit\" \/>\n\t<meta name=\"twitter:data1\" content=\"1\u00a0Minute\" \/>\n<script type=\"application\/ld+json\" class=\"yoast-schema-graph\">{\"@context\":\"https:\\\/\\\/schema.org\",\"@graph\":[{\"@type\":\"WebPage\",\"@id\":\"https:\\\/\\\/shop.torricantine.com\\\/de\\\/kontaktieren-sie-uns\\\/\",\"url\":\"https:\\\/\\\/shop.torricantine.com\\\/de\\\/kontaktieren-sie-uns\\\/\",\"name\":\"Kontaktieren Sie uns - Torri Cantine Store COM\",\"isPartOf\":{\"@id\":\"https:\\\/\\\/shop.torricantine.com\\\/de\\\/#website\"},\"datePublished\":\"2021-04-13T10:47:27+00:00\",\"dateModified\":\"2023-06-30T07:53:18+00:00\",\"breadcrumb\":{\"@id\":\"https:\\\/\\\/shop.torricantine.com\\\/de\\\/kontaktieren-sie-uns\\\/#breadcrumb\"},\"inLanguage\":\"de\",\"potentialAction\":[{\"@type\":\"ReadAction\",\"target\":[\"https:\\\/\\\/shop.torricantine.com\\\/de\\\/kontaktieren-sie-uns\\\/\"]}]},{\"@type\":\"BreadcrumbList\",\"@id\":\"https:\\\/\\\/shop.torricantine.com\\\/de\\\/kontaktieren-sie-uns\\\/#breadcrumb\",\"itemListElement\":[{\"@type\":\"ListItem\",\"position\":1,\"name\":\"Home\",\"item\":\"https:\\\/\\\/shop.torricantine.com\\\/de\\\/\"},{\"@type\":\"ListItem\",\"position\":2,\"name\":\"Kontaktieren Sie uns\"}]},{\"@type\":\"WebSite\",\"@id\":\"https:\\\/\\\/shop.torricantine.com\\\/de\\\/#website\",\"url\":\"https:\\\/\\\/shop.torricantine.com\\\/de\\\/\",\"name\":\"Torri Cantine Store COM\",\"description\":\"Online store of our winery in Italy\",\"publisher\":{\"@id\":\"https:\\\/\\\/shop.torricantine.com\\\/de\\\/#organization\"},\"potentialAction\":[{\"@type\":\"SearchAction\",\"target\":{\"@type\":\"EntryPoint\",\"urlTemplate\":\"https:\\\/\\\/shop.torricantine.com\\\/de\\\/?s={search_term_string}\"},\"query-input\":{\"@type\":\"PropertyValueSpecification\",\"valueRequired\":true,\"valueName\":\"search_term_string\"}}],\"inLanguage\":\"de\"},{\"@type\":\"Organization\",\"@id\":\"https:\\\/\\\/shop.torricantine.com\\\/de\\\/#organization\",\"name\":\"Torri Cantine\",\"url\":\"https:\\\/\\\/shop.torricantine.com\\\/de\\\/\",\"logo\":{\"@type\":\"ImageObject\",\"inLanguage\":\"de\",\"@id\":\"https:\\\/\\\/shop.torricantine.com\\\/de\\\/#\\\/schema\\\/logo\\\/image\\\/\",\"url\":\"https:\\\/\\\/shop.torricantine.com\\\/wp-content\\\/uploads\\\/2020\\\/04\\\/torri-store-logo_text.png\",\"contentUrl\":\"https:\\\/\\\/shop.torricantine.com\\\/wp-content\\\/uploads\\\/2020\\\/04\\\/torri-store-logo_text.png\",\"width\":289,\"height\":361,\"caption\":\"Torri Cantine\"},\"image\":{\"@id\":\"https:\\\/\\\/shop.torricantine.com\\\/de\\\/#\\\/schema\\\/logo\\\/image\\\/\"}}]}<\/script>\n<!-- \/ Yoast SEO plugin. -->","yoast_head_json":{"title":"Kontaktieren Sie uns - Torri Cantine Store COM","robots":{"index":"index","follow":"follow","max-snippet":"max-snippet:-1","max-image-preview":"max-image-preview:large","max-video-preview":"max-video-preview:-1"},"canonical":"https:\/\/shop.torricantine.com\/de\/kontaktieren-sie-uns\/","og_locale":"de_DE","og_type":"article","og_title":"Kontaktieren Sie uns - Torri Cantine Store COM","og_url":"https:\/\/shop.torricantine.com\/de\/kontaktieren-sie-uns\/","og_site_name":"Torri Cantine Store COM","article_modified_time":"2023-06-30T07:53:18+00:00","twitter_card":"summary_large_image","twitter_misc":{"Gesch\u00e4tzte Lesezeit":"1\u00a0Minute"},"schema":{"@context":"https:\/\/schema.org","@graph":[{"@type":"WebPage","@id":"https:\/\/shop.torricantine.com\/de\/kontaktieren-sie-uns\/","url":"https:\/\/shop.torricantine.com\/de\/kontaktieren-sie-uns\/","name":"Kontaktieren Sie uns - Torri Cantine Store COM","isPartOf":{"@id":"https:\/\/shop.torricantine.com\/de\/#website"},"datePublished":"2021-04-13T10:47:27+00:00","dateModified":"2023-06-30T07:53:18+00:00","breadcrumb":{"@id":"https:\/\/shop.torricantine.com\/de\/kontaktieren-sie-uns\/#breadcrumb"},"inLanguage":"de","potentialAction":[{"@type":"ReadAction","target":["https:\/\/shop.torricantine.com\/de\/kontaktieren-sie-uns\/"]}]},{"@type":"BreadcrumbList","@id":"https:\/\/shop.torricantine.com\/de\/kontaktieren-sie-uns\/#breadcrumb","itemListElement":[{"@type":"ListItem","position":1,"name":"Home","item":"https:\/\/shop.torricantine.com\/de\/"},{"@type":"ListItem","position":2,"name":"Kontaktieren Sie uns"}]},{"@type":"WebSite","@id":"https:\/\/shop.torricantine.com\/de\/#website","url":"https:\/\/shop.torricantine.com\/de\/","name":"Torri Cantine Store COM","description":"Online store of our winery in Italy","publisher":{"@id":"https:\/\/shop.torricantine.com\/de\/#organization"},"potentialAction":[{"@type":"SearchAction","target":{"@type":"EntryPoint","urlTemplate":"https:\/\/shop.torricantine.com\/de\/?s={search_term_string}"},"query-input":{"@type":"PropertyValueSpecification","valueRequired":true,"valueName":"search_term_string"}}],"inLanguage":"de"},{"@type":"Organization","@id":"https:\/\/shop.torricantine.com\/de\/#organization","name":"Torri Cantine","url":"https:\/\/shop.torricantine.com\/de\/","logo":{"@type":"ImageObject","inLanguage":"de","@id":"https:\/\/shop.torricantine.com\/de\/#\/schema\/logo\/image\/","url":"https:\/\/shop.torricantine.com\/wp-content\/uploads\/2020\/04\/torri-store-logo_text.png","contentUrl":"https:\/\/shop.torricantine.com\/wp-content\/uploads\/2020\/04\/torri-store-logo_text.png","width":289,"height":361,"caption":"Torri Cantine"},"image":{"@id":"https:\/\/shop.torricantine.com\/de\/#\/schema\/logo\/image\/"}}]}},"_links":{"self":[{"href":"https:\/\/shop.torricantine.com\/de\/wp-json\/wp\/v2\/pages\/26221","targetHints":{"allow":["GET"]}}],"collection":[{"href":"https:\/\/shop.torricantine.com\/de\/wp-json\/wp\/v2\/pages"}],"about":[{"href":"https:\/\/shop.torricantine.com\/de\/wp-json\/wp\/v2\/types\/page"}],"author":[{"embeddable":true,"href":"https:\/\/shop.torricantine.com\/de\/wp-json\/wp\/v2\/users\/2"}],"replies":[{"embeddable":true,"href":"https:\/\/shop.torricantine.com\/de\/wp-json\/wp\/v2\/comments?post=26221"}],"version-history":[{"count":0,"href":"https:\/\/shop.torricantine.com\/de\/wp-json\/wp\/v2\/pages\/26221\/revisions"}],"wp:attachment":[{"href":"https:\/\/shop.torricantine.com\/de\/wp-json\/wp\/v2\/media?parent=26221"}],"curies":[{"name":"wp","href":"https:\/\/api.w.org\/{rel}","templated":true}]}}