{"id":26190,"date":"2021-04-13T10:46:21","date_gmt":"2021-04-13T08:46:21","guid":{"rendered":"https:\/\/shop.torricantine.com\/allgemeine-verkaufsbedingungen\/"},"modified":"2021-06-18T12:37:14","modified_gmt":"2021-06-18T10:37:14","slug":"allgemeine-verkaufsbedingungen","status":"publish","type":"page","link":"https:\/\/shop.torricantine.com\/de\/allgemeine-verkaufsbedingungen\/","title":{"rendered":"Allgemeine Verkaufsbedingungen"},"content":{"rendered":"\n\n\t<section class=\"section\" id=\"section_15711473\">\n\t\t<div class=\"section-bg fill\" >\n\t\t\t\t\t\t\t\t\t\n\t\t\t\n\n\t\t<\/div>\n\n\t\t\n\n\t\t<div class=\"section-content relative\">\n\t\t\t\n\n\t<div id=\"gap-103208891\" class=\"gap-element clearfix\" style=\"display:block; height:auto;\">\n\t\t\n<style>\n#gap-103208891 {\n  padding-top: 30px;\n}\n<\/style>\n\t<\/div>\n\t\n\n<div class=\"row\"  id=\"row-1420725727\">\n\n\n\t<div id=\"col-209404066\" class=\"col small-12 large-12\"  >\n\t\t\t\t<div class=\"col-inner\"  >\n\t\t\t\n\t\t\t\n\n<p>Diese Bedingungen regeln Ihre Nutzung der Website von Torri Cantine Srl (\u201cDie Website\u201d) und Ihre Beziehung zu Societ\u00e0 Agricola Torri Cantine Srl.<\/p>\n<p>Die Seite shop.torricantine.com wird betrieben von : Soc. Agr. Torri Cantine Srl (im Folgenden \u201cTorri Store\/uns\/unser\u201d genannt), ist in Italien registriert und hat seinen Sitz in :<\/p>\n<p>Via Vibrata 22, 64010 Torano Nuovo (Teramo), Italie Der MwSt. Nummer der Firma ist: IT01934350677\u00a0<\/p>\n<p>Die Kontaktdaten und die Gesch\u00e4ftsadresse des Unternehmens lauten wie folgt<\/p>\n<p><strong>Soc. Agr. Torri Cantine Srl<\/strong>\u00a0Via Vibrata 22, 64010 Torano Nuovo (Teramo), Italien<\/p>\n<p>E-mail\u00a0: help@torricantine.com T\u00e9l\u00e9phone\u00a0: 0039 0857993626<\/p>\n<p>Bitte lesen Sie diese sorgf\u00e4ltig, da sie Ihre Rechte und Pflichten nach dem Gesetz betreffen. Wenn Sie mit diesen Bedingungen nicht einverstanden sind, registrieren Sie sich bitte nicht und nutzen Sie diese Seite nicht. Wenn Sie Fragen zu den Bedingungen haben, kontaktieren Sie uns bitte.<\/p>\n<p>Wir k\u00f6nnen diese Bedingungen von Zeit zu Zeit ohne Ank\u00fcndigung \u00e4ndern.<\/p>\n<p>Die Seite SHOP.TORRICANTINE.DE ist nur f\u00fcr Ihren pers\u00f6nlichen Gebrauch bestimmt. Sie k\u00f6nnen diese Website nicht f\u00fcr kommerzielle Zwecke nutzen.<\/p>\n\n\t\t<\/div>\n\t\t\t\t\t<\/div>\n\n\t\n\n<\/div>\n\n\t\t<\/div>\n\n\t\t\n<style>\n#section_15711473 {\n  padding-top: 30px;\n  padding-bottom: 30px;\n}\n<\/style>\n\t<\/section>\n\t\n\n\t<section class=\"section\" id=\"section_380733370\">\n\t\t<div class=\"section-bg fill\" >\n\t\t\t\t\t\t\t\t\t\n\t\t\t\n\n\t\t<\/div>\n\n\t\t\n\n\t\t<div class=\"section-content relative\">\n\t\t\t\n\n\t<div id=\"gap-1912955440\" class=\"gap-element clearfix\" style=\"display:block; height:auto;\">\n\t\t\n<style>\n#gap-1912955440 {\n  padding-top: 50px;\n}\n<\/style>\n\t<\/div>\n\t\n\n<div class=\"row align-center\"  id=\"row-2015265270\">\n\n\n\t<div id=\"col-676374002\" class=\"col medium-4 small-10 large-4\"  >\n\t\t\t\t<div class=\"col-inner\"  >\n\t\t\t\n\t\t\t\n\n<h3>1. EINLEITUNG<\/h3>\n<p>&nbsp;<\/p>\n\n\t\t<\/div>\n\t\t\t\t\n<style>\n#col-676374002 > .col-inner {\n  padding: 0px 40px 0px 0px;\n}\n<\/style>\n\t<\/div>\n\n\t\n\n\t<div id=\"col-1737418311\" class=\"col medium-8 small-10 large-8\"  >\n\t\t\t\t<div class=\"col-inner\"  >\n\t\t\t\n\t\t\t\n\n<p><span style=\"color: #993300;\"><strong>1.1 <\/strong><\/span>Sie k\u00f6nnen auf die meisten Bereiche dieser Website zugreifen, ohne Ihre Daten bei uns zu registrieren, jedoch m\u00fcssen Sie m\u00f6glicherweise ein Konto bei uns haben, um eine Bestellung aufzugeben.<\/p>\n\n\t\t<\/div>\n\t\t\t\t\t<\/div>\n\n\t\n\n<\/div>\n<div class=\"row align-center\"  id=\"row-1273692635\">\n\n\n\t<div id=\"col-513275257\" class=\"col medium-4 small-10 large-4\"  >\n\t\t\t\t<div class=\"col-inner\"  >\n\t\t\t\n\t\t\t\n\n<h3>2. PREISE UND BEZAHLUNG<\/h3>\n<p>&nbsp;<\/p>\n\n\t\t<\/div>\n\t\t\t\t\n<style>\n#col-513275257 > .col-inner {\n  padding: 0px 40px 0px 0px;\n}\n<\/style>\n\t<\/div>\n\n\t\n\n\t<div id=\"col-455079621\" class=\"col medium-8 small-10 large-8\"  >\n\t\t\t\t<div class=\"col-inner\"  >\n\t\t\t\n\t\t\t\n\n<p><span style=\"color: #993300;\"><strong>2.1 <\/strong><\/span>Alle Preise sind in Euro angegeben, inklusive Mehrwertsteuer (sofern zutreffend) zu den aktuellen S\u00e4tzen und exklusive Verbrauchssteuer (sofern zutreffend), sofern nicht anders angegeben.<\/p>\n\n\t\t<\/div>\n\t\t\t\t\t<\/div>\n\n\t\n\n<\/div>\n\n\t\t<\/div>\n\n\t\t\n<style>\n#section_380733370 {\n  padding-top: 20px;\n  padding-bottom: 20px;\n}\n<\/style>\n\t<\/section>\n\t\n\n  <div class=\"banner has-hover\" id=\"banner-637702935\">\n          <div class=\"banner-inner fill\">\n        <div class=\"banner-bg fill\" >\n            <img loading=\"lazy\" decoding=\"async\" width=\"1020\" height=\"680\" src=\"https:\/\/shop.torricantine.com\/wp-content\/uploads\/2021\/05\/grapes-3550729_1920-1024x683.jpg\" class=\"bg attachment-large size-large\" alt=\"\" \/>                        <div class=\"overlay\"><\/div>            \n                    <\/div>\n\t\t\n        <div class=\"banner-layers container\">\n            <div class=\"fill banner-link\"><\/div>            \n\n\n        <\/div>\n      <\/div>\n\n            \n<style>\n#banner-637702935 {\n  padding-top: 100px;\n}\n#banner-637702935 .overlay {\n  background-color: rgba(0,0,0,.5);\n}\n#banner-637702935 .banner-bg img {\n  object-position: 69% 76%;\n}\n<\/style>\n  <\/div>\n\n\n<div class=\"row align-center\"  id=\"row-201896838\">\n\n\n\t<div id=\"col-87059231\" class=\"col medium-4 small-10 large-4\"  >\n\t\t\t\t<div class=\"col-inner\"  >\n\t\t\t\n\t\t\t\n\n<h3>3. EINE BESTELLUNG AUFGEBEN<br \/>\n<\/h3>\n<p>&nbsp;<\/p>\n\n\t\t<\/div>\n\t\t\t\t\n<style>\n#col-87059231 > .col-inner {\n  padding: 0px 40px 0px 0px;\n}\n<\/style>\n\t<\/div>\n\n\t\n\n\t<div id=\"col-596380512\" class=\"col medium-8 small-10 large-8\"  >\n\t\t\t\t<div class=\"col-inner\"  >\n\t\t\t\n\t\t\t\n\n<p><span style=\"color: #993300;\"><strong>3.1 <\/strong><\/span>Alle erteilten Auftr\u00e4ge stehen unter dem Vorbehalt unserer Annahme. Wenn Sie eine Bestellung auf unserer Website aufgeben, senden wir Ihnen eine E-Mail-Best\u00e4tigung mit den Einzelheiten die von Ihnen gew\u00e4hlten Produkte. Diese E-Email best\u00e4tigt, dass Ihre Bestellung eingegangen ist und so schnell wie m\u00f6glich bearbeitet wird. Die E-Mail-Best\u00e4tigung ist nur vorl\u00e4ufig und dient lediglich dazu, den Eingang Ihrer Bestellung anzuzeigen. Wir werden Sie per E-Mail informieren, wenn wir Ihre Bestellung nicht annehmen, und eine eventuelle Zahlung wird in voller H\u00f6he zur\u00fcckerstattet.<\/p>\n\n\t\t<\/div>\n\t\t\t\t\t<\/div>\n\n\t\n\n<\/div>\n<div class=\"row align-center\"  id=\"row-1496220363\">\n\n\n\t<div id=\"col-1497410033\" class=\"col medium-4 small-10 large-4\"  >\n\t\t\t\t<div class=\"col-inner\"  >\n\t\t\t\n\t\t\t\n\n<h3>4. AUFTRAGSSTORNIERUNG UND R\u00dcCKERSTATTUNG<br \/>\n<\/h3>\n<p>&nbsp;<\/p>\n\n\t\t<\/div>\n\t\t\t\t\n<style>\n#col-1497410033 > .col-inner {\n  padding: 0px 40px 0px 0px;\n}\n<\/style>\n\t<\/div>\n\n\t\n\n\t<div id=\"col-593173187\" class=\"col medium-8 small-10 large-8\"  >\n\t\t\t\t<div class=\"col-inner\"  >\n\t\t\t\n\t\t\t\n\n<p><span style=\"color: #993300;\"><strong>4.1 <\/strong><\/span>Wenn Sie mit den bei uns gekauften Artikeln nicht zufrieden sind oder diese in irgendeiner Weise besch\u00e4digt oder defekt sind, haben Sie das Recht, Ihre Bestellung zu stornieren, indem Sie sich innerhalb einer Frist von 14 Arbeitstagen nach Erhalt der Artikel per E-Mail oder Post an Torri Cantine Srl wenden, wobei Sie die am Anfang dieses Dokuments angegebenen Daten verwenden. Wir werden sie ersetzen oder Ihnen den vollen Betrag zur\u00fcckerstatten, je nachdem, was Sie bevorzugen. In der Zwischenzeit m\u00fcssen Sie den\/die Gegenstand(e) mit angemessener Sorgfalt behandeln.<\/p>\n\n\t\t<\/div>\n\t\t\t\t\t<\/div>\n\n\t\n\n<\/div>\n\n  <div class=\"banner has-hover\" id=\"banner-699833393\">\n          <div class=\"banner-inner fill\">\n        <div class=\"banner-bg fill\" >\n            <img loading=\"lazy\" decoding=\"async\" width=\"1020\" height=\"680\" src=\"https:\/\/shop.torricantine.com\/wp-content\/uploads\/2021\/05\/grapes-690230_1920-1024x683.jpg\" class=\"bg attachment-large size-large\" alt=\"\" \/>                        <div class=\"overlay\"><\/div>            \n                    <\/div>\n\t\t\n        <div class=\"banner-layers container\">\n            <div class=\"fill banner-link\"><\/div>            \n\n\n        <\/div>\n      <\/div>\n\n            \n<style>\n#banner-699833393 {\n  padding-top: 100px;\n}\n#banner-699833393 .overlay {\n  background-color: rgba(0,0,0,.5);\n}\n<\/style>\n  <\/div>\n\n\n<div class=\"row align-center\"  id=\"row-2072517011\">\n\n\n\t<div id=\"col-32453936\" class=\"col medium-4 small-10 large-4\"  >\n\t\t\t\t<div class=\"col-inner\"  >\n\t\t\t\n\t\t\t\n\n<h3>5. REGISTRIERUNG UND ALTERSBESCHR\u00c4NKUNG<\/h3>\n<p>&nbsp;<\/p>\n\n\t\t<\/div>\n\t\t\t\t\n<style>\n#col-32453936 > .col-inner {\n  padding: 0px 40px 0px 0px;\n}\n<\/style>\n\t<\/div>\n\n\t\n\n\t<div id=\"col-2141494443\" class=\"col medium-8 small-10 large-8\"  >\n\t\t\t\t<div class=\"col-inner\"  >\n\t\t\t\n\t\t\t\n\n<p><span style=\"color: #993300;\"><strong>5.1 <\/strong><\/span>Mit der Bestellung von Wein, Spirituosen und allen Artikeln, die Alkohol enthalten, best\u00e4tigen Sie, dass Sie und der Empf\u00e4nger 18 Jahre oder \u00e4lter sind. Wir k\u00f6nnen Wein, Spirituosen und alkoholhaltige Artikel nicht an Personen unter 18 Jahren verkaufen. M\u00f6glicherweise werden Sie vor der Lieferung aufgefordert, einen Altersnachweis zu erbringen.<\/p>\n\n\t\t<\/div>\n\t\t\t\t\t<\/div>\n\n\t\n\n<\/div>\n<div class=\"row align-center\"  id=\"row-385938605\">\n\n\n\t<div id=\"col-1968784424\" class=\"col medium-4 small-10 large-4\"  >\n\t\t\t\t<div class=\"col-inner\"  >\n\t\t\t\n\t\t\t\n\n<h3>6. VOR\u00dcBERGEHENDE UNTERBRECHUNGEN<\/h3>\n<p>&nbsp;<\/p>\n\n\t\t<\/div>\n\t\t\t\t\n<style>\n#col-1968784424 > .col-inner {\n  padding: 0px 40px 0px 0px;\n}\n<\/style>\n\t<\/div>\n\n\t\n\n\t<div id=\"col-1310039270\" class=\"col medium-8 small-10 large-8\"  >\n\t\t\t\t<div class=\"col-inner\"  >\n\t\t\t\n\t\t\t\n\n<p><span style=\"color: #993300;\"><strong>6.1 <\/strong><\/span>Diese Website ist normalerweise 24 Stunden am Tag verf\u00fcgbar. Wir sind nicht verantwortlich, wenn diese Website aus irgendeinem Grund zu irgendeinem Zeitpunkt oder f\u00fcr irgendeinen Zeitraum nicht verf\u00fcgbar ist.<\/p>\n\n\t\t<\/div>\n\t\t\t\t\t<\/div>\n\n\t\n\n<\/div>\n<div class=\"row align-center\"  id=\"row-1376053439\">\n\n\n\t<div id=\"col-58638814\" class=\"col medium-4 small-10 large-4\"  >\n\t\t\t\t<div class=\"col-inner\"  >\n\t\t\t\n\t\t\t\n\n<h3>7. ANWENDBARES RECHT UND GERICHTSBARKEIT<br \/>\n<\/h3>\n<p>&nbsp;<\/p>\n\n\t\t<\/div>\n\t\t\t\t\n<style>\n#col-58638814 > .col-inner {\n  padding: 0px 40px 0px 0px;\n}\n<\/style>\n\t<\/div>\n\n\t\n\n\t<div id=\"col-1589569709\" class=\"col medium-8 small-10 large-8\"  >\n\t\t\t\t<div class=\"col-inner\"  >\n\t\t\t\n\t\t\t\n\n<p><span style=\"color: #993300;\"><strong>7.1 <\/strong><\/span>Der Vertrag zwischen Torri Cantine Srl und Ihnen unterliegt italienischem Recht und alle Streitigkeiten zwischen uns werden ausschlie\u00dflich von den italienischen Gerichten entschieden.<\/p>\n\n\t\t<\/div>\n\t\t\t\t\t<\/div>\n\n\t\n\n<\/div>\n\n  <div class=\"banner has-hover\" id=\"banner-970951139\">\n          <div class=\"banner-inner fill\">\n        <div class=\"banner-bg fill\" >\n            <img loading=\"lazy\" decoding=\"async\" width=\"1920\" height=\"1280\" src=\"https:\/\/shop.torricantine.com\/wp-content\/uploads\/2021\/05\/grapes-3550729_1920.jpg\" class=\"bg attachment-original size-original\" alt=\"\" \/>                        <div class=\"overlay\"><\/div>            \n                    <\/div>\n\t\t\n        <div class=\"banner-layers container\">\n            <div class=\"fill banner-link\"><\/div>            \n\n\n        <\/div>\n      <\/div>\n\n            \n<style>\n#banner-970951139 {\n  padding-top: 100px;\n}\n#banner-970951139 .overlay {\n  background-color: rgba(0,0,0,.5);\n}\n#banner-970951139 .banner-bg img {\n  object-position: 57% 47%;\n}\n<\/style>\n  <\/div>\n\n\n<div class=\"row align-center\"  id=\"row-900572437\">\n\n\n\t<div id=\"col-1718826957\" class=\"col medium-4 small-10 large-4\"  >\n\t\t\t\t<div class=\"col-inner\"  >\n\t\t\t\n\t\t\t\n\n<h3>8. WARNUNG<br \/>\n<\/h3>\n<p>&nbsp;<\/p>\n\n\t\t<\/div>\n\t\t\t\t\n<style>\n#col-1718826957 > .col-inner {\n  padding: 0px 40px 0px 0px;\n}\n<\/style>\n\t<\/div>\n\n\t\n\n\t<div id=\"col-1332828844\" class=\"col medium-8 small-10 large-8\"  >\n\t\t\t\t<div class=\"col-inner\"  >\n\t\t\t\n\t\t\t\n\n<p><span style=\"color: #993300;\"><strong>8.1 <\/strong><\/span>Obwohl wir uns bem\u00fchen, dass die Informationen auf dieser Website korrekt sind, \u00fcbernehmen wir keine Gew\u00e4hr f\u00fcr die Richtigkeit und Vollst\u00e4ndigkeit des Inhalts dieser Website. Wir k\u00f6nnen jederzeit und ohne Vorank\u00fcndigung \u00c4nderungen an den Materialien auf dieser Website oder an den darin beschriebenen Produkten und Preisen vornehmen. Die Inhalte dieser Website sind m\u00f6glicherweise nicht aktuell, und wir \u00fcbernehmen keine Verpflichtung zur Aktualisierung dieser Inhalte.<\/p>\n\n\t\t<\/div>\n\t\t\t\t\t<\/div>\n\n\t\n\n<\/div>\n<div class=\"row align-center\"  id=\"row-680672244\">\n\n\n\t<div id=\"col-892560949\" class=\"col medium-4 small-10 large-4\"  >\n\t\t\t\t<div class=\"col-inner\"  >\n\t\t\t\n\t\t\t\n\n<h3>9. H\u00d6HERE GEWALT<br \/>\n<\/h3>\n<p>&nbsp;<\/p>\n\n\t\t<\/div>\n\t\t\t\t\n<style>\n#col-892560949 > .col-inner {\n  padding: 0px 40px 0px 0px;\n}\n<\/style>\n\t<\/div>\n\n\t\n\n\t<div id=\"col-673359846\" class=\"col medium-8 small-10 large-8\"  >\n\t\t\t\t<div class=\"col-inner\"  >\n\t\t\t\n\t\t\t\n\n<p><span style=\"color: #993300;\"><strong>9.1 <\/strong><\/span>Das Unternehmen haftet nicht f\u00fcr die Nichteinhaltung vereinbarter Verpflichtungen aufgrund von Umst\u00e4nden, die au\u00dferhalb unserer Kontrolle liegen.<\/p>\n\n\t\t<\/div>\n\t\t\t\t\t<\/div>\n\n\t\n\n<\/div>\n\n","protected":false},"excerpt":{"rendered":"","protected":false},"author":2,"featured_media":0,"parent":0,"menu_order":0,"comment_status":"closed","ping_status":"closed","template":"page-blank-title-center.php","meta":{"footnotes":""},"class_list":["post-26190","page","type-page","status-publish","hentry"],"yoast_head":"<!-- This site is optimized with the Yoast SEO plugin v27.5 - https:\/\/yoast.com\/product\/yoast-seo-wordpress\/ -->\n<title>Allgemeine Verkaufsbedingungen - Torri Cantine Store COM<\/title>\n<meta name=\"robots\" content=\"index, follow, max-snippet:-1, max-image-preview:large, max-video-preview:-1\" \/>\n<link rel=\"canonical\" href=\"https:\/\/shop.torricantine.com\/de\/allgemeine-verkaufsbedingungen\/\" \/>\n<meta property=\"og:locale\" content=\"de_DE\" \/>\n<meta property=\"og:type\" content=\"article\" \/>\n<meta property=\"og:title\" content=\"Allgemeine Verkaufsbedingungen - Torri Cantine Store COM\" \/>\n<meta property=\"og:url\" content=\"https:\/\/shop.torricantine.com\/de\/allgemeine-verkaufsbedingungen\/\" \/>\n<meta property=\"og:site_name\" content=\"Torri Cantine Store COM\" \/>\n<meta property=\"article:modified_time\" content=\"2021-06-18T10:37:14+00:00\" \/>\n<meta name=\"twitter:card\" content=\"summary_large_image\" \/>\n<meta name=\"twitter:label1\" content=\"Gesch\u00e4tzte Lesezeit\" \/>\n\t<meta name=\"twitter:data1\" content=\"10\u00a0Minuten\" \/>\n<script type=\"application\/ld+json\" class=\"yoast-schema-graph\">{\"@context\":\"https:\\\/\\\/schema.org\",\"@graph\":[{\"@type\":\"WebPage\",\"@id\":\"https:\\\/\\\/shop.torricantine.com\\\/de\\\/allgemeine-verkaufsbedingungen\\\/\",\"url\":\"https:\\\/\\\/shop.torricantine.com\\\/de\\\/allgemeine-verkaufsbedingungen\\\/\",\"name\":\"Allgemeine Verkaufsbedingungen - Torri Cantine Store COM\",\"isPartOf\":{\"@id\":\"https:\\\/\\\/shop.torricantine.com\\\/de\\\/#website\"},\"datePublished\":\"2021-04-13T08:46:21+00:00\",\"dateModified\":\"2021-06-18T10:37:14+00:00\",\"breadcrumb\":{\"@id\":\"https:\\\/\\\/shop.torricantine.com\\\/de\\\/allgemeine-verkaufsbedingungen\\\/#breadcrumb\"},\"inLanguage\":\"de\",\"potentialAction\":[{\"@type\":\"ReadAction\",\"target\":[\"https:\\\/\\\/shop.torricantine.com\\\/de\\\/allgemeine-verkaufsbedingungen\\\/\"]}]},{\"@type\":\"BreadcrumbList\",\"@id\":\"https:\\\/\\\/shop.torricantine.com\\\/de\\\/allgemeine-verkaufsbedingungen\\\/#breadcrumb\",\"itemListElement\":[{\"@type\":\"ListItem\",\"position\":1,\"name\":\"Home\",\"item\":\"https:\\\/\\\/shop.torricantine.com\\\/de\\\/\"},{\"@type\":\"ListItem\",\"position\":2,\"name\":\"Allgemeine Verkaufsbedingungen\"}]},{\"@type\":\"WebSite\",\"@id\":\"https:\\\/\\\/shop.torricantine.com\\\/de\\\/#website\",\"url\":\"https:\\\/\\\/shop.torricantine.com\\\/de\\\/\",\"name\":\"Torri Cantine Store COM\",\"description\":\"Online store of our winery in Italy\",\"publisher\":{\"@id\":\"https:\\\/\\\/shop.torricantine.com\\\/de\\\/#organization\"},\"potentialAction\":[{\"@type\":\"SearchAction\",\"target\":{\"@type\":\"EntryPoint\",\"urlTemplate\":\"https:\\\/\\\/shop.torricantine.com\\\/de\\\/?s={search_term_string}\"},\"query-input\":{\"@type\":\"PropertyValueSpecification\",\"valueRequired\":true,\"valueName\":\"search_term_string\"}}],\"inLanguage\":\"de\"},{\"@type\":\"Organization\",\"@id\":\"https:\\\/\\\/shop.torricantine.com\\\/de\\\/#organization\",\"name\":\"Torri Cantine\",\"url\":\"https:\\\/\\\/shop.torricantine.com\\\/de\\\/\",\"logo\":{\"@type\":\"ImageObject\",\"inLanguage\":\"de\",\"@id\":\"https:\\\/\\\/shop.torricantine.com\\\/de\\\/#\\\/schema\\\/logo\\\/image\\\/\",\"url\":\"https:\\\/\\\/shop.torricantine.com\\\/wp-content\\\/uploads\\\/2020\\\/04\\\/torri-store-logo_text.png\",\"contentUrl\":\"https:\\\/\\\/shop.torricantine.com\\\/wp-content\\\/uploads\\\/2020\\\/04\\\/torri-store-logo_text.png\",\"width\":289,\"height\":361,\"caption\":\"Torri Cantine\"},\"image\":{\"@id\":\"https:\\\/\\\/shop.torricantine.com\\\/de\\\/#\\\/schema\\\/logo\\\/image\\\/\"}}]}<\/script>\n<!-- \/ Yoast SEO plugin. -->","yoast_head_json":{"title":"Allgemeine Verkaufsbedingungen - Torri Cantine Store COM","robots":{"index":"index","follow":"follow","max-snippet":"max-snippet:-1","max-image-preview":"max-image-preview:large","max-video-preview":"max-video-preview:-1"},"canonical":"https:\/\/shop.torricantine.com\/de\/allgemeine-verkaufsbedingungen\/","og_locale":"de_DE","og_type":"article","og_title":"Allgemeine Verkaufsbedingungen - Torri Cantine Store COM","og_url":"https:\/\/shop.torricantine.com\/de\/allgemeine-verkaufsbedingungen\/","og_site_name":"Torri Cantine Store COM","article_modified_time":"2021-06-18T10:37:14+00:00","twitter_card":"summary_large_image","twitter_misc":{"Gesch\u00e4tzte Lesezeit":"10\u00a0Minuten"},"schema":{"@context":"https:\/\/schema.org","@graph":[{"@type":"WebPage","@id":"https:\/\/shop.torricantine.com\/de\/allgemeine-verkaufsbedingungen\/","url":"https:\/\/shop.torricantine.com\/de\/allgemeine-verkaufsbedingungen\/","name":"Allgemeine Verkaufsbedingungen - Torri Cantine Store COM","isPartOf":{"@id":"https:\/\/shop.torricantine.com\/de\/#website"},"datePublished":"2021-04-13T08:46:21+00:00","dateModified":"2021-06-18T10:37:14+00:00","breadcrumb":{"@id":"https:\/\/shop.torricantine.com\/de\/allgemeine-verkaufsbedingungen\/#breadcrumb"},"inLanguage":"de","potentialAction":[{"@type":"ReadAction","target":["https:\/\/shop.torricantine.com\/de\/allgemeine-verkaufsbedingungen\/"]}]},{"@type":"BreadcrumbList","@id":"https:\/\/shop.torricantine.com\/de\/allgemeine-verkaufsbedingungen\/#breadcrumb","itemListElement":[{"@type":"ListItem","position":1,"name":"Home","item":"https:\/\/shop.torricantine.com\/de\/"},{"@type":"ListItem","position":2,"name":"Allgemeine Verkaufsbedingungen"}]},{"@type":"WebSite","@id":"https:\/\/shop.torricantine.com\/de\/#website","url":"https:\/\/shop.torricantine.com\/de\/","name":"Torri Cantine Store COM","description":"Online store of our winery in Italy","publisher":{"@id":"https:\/\/shop.torricantine.com\/de\/#organization"},"potentialAction":[{"@type":"SearchAction","target":{"@type":"EntryPoint","urlTemplate":"https:\/\/shop.torricantine.com\/de\/?s={search_term_string}"},"query-input":{"@type":"PropertyValueSpecification","valueRequired":true,"valueName":"search_term_string"}}],"inLanguage":"de"},{"@type":"Organization","@id":"https:\/\/shop.torricantine.com\/de\/#organization","name":"Torri Cantine","url":"https:\/\/shop.torricantine.com\/de\/","logo":{"@type":"ImageObject","inLanguage":"de","@id":"https:\/\/shop.torricantine.com\/de\/#\/schema\/logo\/image\/","url":"https:\/\/shop.torricantine.com\/wp-content\/uploads\/2020\/04\/torri-store-logo_text.png","contentUrl":"https:\/\/shop.torricantine.com\/wp-content\/uploads\/2020\/04\/torri-store-logo_text.png","width":289,"height":361,"caption":"Torri Cantine"},"image":{"@id":"https:\/\/shop.torricantine.com\/de\/#\/schema\/logo\/image\/"}}]}},"_links":{"self":[{"href":"https:\/\/shop.torricantine.com\/de\/wp-json\/wp\/v2\/pages\/26190","targetHints":{"allow":["GET"]}}],"collection":[{"href":"https:\/\/shop.torricantine.com\/de\/wp-json\/wp\/v2\/pages"}],"about":[{"href":"https:\/\/shop.torricantine.com\/de\/wp-json\/wp\/v2\/types\/page"}],"author":[{"embeddable":true,"href":"https:\/\/shop.torricantine.com\/de\/wp-json\/wp\/v2\/users\/2"}],"replies":[{"embeddable":true,"href":"https:\/\/shop.torricantine.com\/de\/wp-json\/wp\/v2\/comments?post=26190"}],"version-history":[{"count":0,"href":"https:\/\/shop.torricantine.com\/de\/wp-json\/wp\/v2\/pages\/26190\/revisions"}],"wp:attachment":[{"href":"https:\/\/shop.torricantine.com\/de\/wp-json\/wp\/v2\/media?parent=26190"}],"curies":[{"name":"wp","href":"https:\/\/api.w.org\/{rel}","templated":true}]}}